{"id":323069,"date":"2025-06-04T14:29:45","date_gmt":"2025-06-04T14:29:45","guid":{"rendered":"http:\/\/theuncommonshop.ch\/produkt\/323069\/"},"modified":"2026-03-29T18:24:40","modified_gmt":"2026-03-29T16:24:40","slug":"warhammer-40-000-imperial-agents-battleforce-ordo-xenos-2","status":"publish","type":"product","link":"https:\/\/theuncommonshop.ch\/fr\/product\/warhammer-40-000-imperial-agents-battleforce-ordo-xenos-2\/","title":{"rendered":"Warhammer 40.000 &#8211; Imperial Agents Battleforce &#8211; Ordo Xenos"},"content":{"rendered":"<ul>\n<li>Chasseurs de x\u00e9nos et agents de l&#8217;Ordo Xenos, dirig\u00e9s par le Grand Inquisiteur radical Kyria Draxus.<\/li>\n<li>Une force principale de 25 miniatures d&#8217;agents de l&#8217;Empire en plastique.<\/li>\n<\/ul>\n<div style=\"display: inline !important;\">\n<ul>\n<li>\u00c9conomisez de l&#8217;argent par rapport \u00e0 l&#8217;achat individuel du contenu<\/li>\n<\/ul>\n<p><\/p>\n<p>Des agents de l&#8217;Empire et des inquisiteurs de l&#8217;Ordo Xenos se consacrent \u00e0 la menace que repr\u00e9sente le Xenos. La Grande Inquisitrice Kyria Draxus compte parmi les inquisiteurs les plus d\u00e9termin\u00e9s de l&#8217;Ordo Xenos op\u00e9rant sous l&#8217;\u00e8re Indomitus. Elle est extr\u00eamement pragmatique et accepte calmement l&#8217;attribution radicale comme le prix \u00e0 payer pour utiliser toutes les m\u00e9thodes afin d&#8217;assurer la victoire sur ses ennemis x\u00e9nos.  <\/p>\n<p>Cette force de chasse aux x\u00e9nos des agents de l&#8217;Empire comprend la Grande Inquisitrice Kyria Draxus et des v\u00e9t\u00e9rans sp\u00e9cialis\u00e9s Deathwatch des Space Marines, pr\u00eats \u00e0 rejoindre le combat \u00e0 bord de leur transporteur Corvus Blackstar. Ces unit\u00e9s sont accompagn\u00e9es d&#8217;agents ombrageux de l&#8217;Inquisition et d&#8217;un myst\u00e9rieux navigateur, ainsi que d&#8217;un libre-\u00e9changiste avec une suite compl\u00e8te et d&#8217;une garde rapproch\u00e9e d&#8217;\u00e9lite compos\u00e9e de spationautes arm\u00e9s. <\/p>\n<p>Cette bo\u00eete vous permet \u00e9galement d&#8217;\u00e9conomiser de l&#8217;argent par rapport \u00e0 l&#8217;achat individuel des kits, ce qui en fait un excellent moyen de commencer votre arm\u00e9e ou d&#8217;agrandir une collection existante.<\/p>\n<p><strong>Ce kit contient les mod\u00e8les en plastique \u00e0 plusieurs pi\u00e8ces suivants :<\/strong><\/p>\n<p>&#8211; 1x Grande Inquisitrice Kyria Draxus<\/p>\n<p>&#8211; 1x navigateur<\/p>\n<p>&#8211; 1x Corvus Blackstar<\/p>\n<p>&#8211; 5x v\u00e9t\u00e9rans de la Deathwatch<\/p>\n<p>&#8211; 6x agents de l&#8217;Inquisition avec 1x cr\u00e2ne de livre<\/p>\n<p>&#8211; 4x suite de libre-\u00e9changistes<\/p>\n<p>&#8211; 6x Spationautes arm\u00e9s<\/p>\n<p>Ce kit se compose de 308 pi\u00e8ces en plastique et contient 1x base ovale Citadel (120 mm), 1x base ronde \u00e0 fente Citadel (32 mm), 1x tige \u00e0 t\u00eate sph\u00e9rique avec rainure d&#8217;adaptation (115 mm), 7x bases rondes Citadel (32 mm) et 16x bases rondes Citadel (25 mm). Ces miniatures ne sont pas peintes et doivent \u00eatre assembl\u00e9es &#8211; nous vous recommandons d&#8217;utiliser de la colle \u00e0 plastique Citadel et de la peinture Citadel Colour.<\/p>\n<p>Les miniatures de cette bo\u00eete sont \u00e9galement disponibles s\u00e9par\u00e9ment.<\/p>\n<\/div>\n<div style=\"display: inline !important;\"><\/div>\n","protected":false},"excerpt":{"rendered":"<p>Chasseurs de x\u00e9nos et agents de l&#8217;Ordo Xenos, dirig\u00e9s par le Grand Inquisiteur radical Kyria Draxus. Une force principale de<\/p>\n","protected":false},"featured_media":114193,"comment_status":"open","ping_status":"closed","template":"","meta":{"_acf_changed":false},"product_brand":[5078,5154],"product_cat":[9925,9927],"product_tag":[],"class_list":{"0":"post-323069","1":"product","2":"type-product","3":"status-publish","4":"has-post-thumbnail","6":"product_brand-games-workshop","7":"product_brand-warhammer","8":"product_cat-tabletop-fr","9":"product_cat-warhammer-40k-fr","11":"first","12":"outofstock","13":"taxable","14":"shipping-taxable","15":"purchasable","16":"product-type-simple"},"acf":[],"yoast_head":"<!-- This site is optimized with the Yoast SEO plugin v27.4 - https:\/\/yoast.com\/product\/yoast-seo-wordpress\/ -->\n<title>Ach\u00e8te Warhammer 40.000 - Imperial Agents Battleforce - Ordo Xenos<\/title>\n<meta name=\"description\" content=\"Ach\u00e8te Warhammer 40.000 - Imperial Agents Battleforce - Ordo Xenos en ligne maintenant \u00e0 petit prix! Ton #1 shop pour cartes TCG &amp; Pok\u00e9mon en Suisse \u2713 Livraison gratuite d\u00e8s CHF 29\" \/>\n<meta name=\"robots\" content=\"index, follow, max-snippet:-1, max-image-preview:large, max-video-preview:-1\" \/>\n<link rel=\"canonical\" href=\"https:\/\/theuncommonshop.ch\/fr\/product\/warhammer-40-000-imperial-agents-battleforce-ordo-xenos-2\/\" \/>\n<meta property=\"og:locale\" content=\"fr_FR\" \/>\n<meta property=\"og:type\" content=\"article\" \/>\n<meta property=\"og:title\" content=\"Ach\u00e8te Warhammer 40.000 - Imperial Agents Battleforce - Ordo Xenos\" \/>\n<meta property=\"og:description\" content=\"Ach\u00e8te Warhammer 40.000 - Imperial Agents Battleforce - Ordo Xenos en ligne maintenant \u00e0 petit prix! Ton #1 shop pour cartes TCG &amp; Pok\u00e9mon en Suisse \u2713 Livraison gratuite d\u00e8s CHF 29\" \/>\n<meta property=\"og:url\" content=\"https:\/\/theuncommonshop.ch\/fr\/product\/warhammer-40-000-imperial-agents-battleforce-ordo-xenos-2\/\" \/>\n<meta property=\"og:site_name\" content=\"Largest trading card shop in Switzerland\" \/>\n<meta property=\"article:modified_time\" content=\"2026-03-29T16:24:40+00:00\" \/>\n<meta property=\"og:image\" content=\"https:\/\/theuncommonshop.ch\/wp-content\/uploads\/2025\/06\/4490158709.jpg\" \/>\n\t<meta property=\"og:image:width\" content=\"1840\" \/>\n\t<meta property=\"og:image:height\" content=\"1900\" \/>\n\t<meta property=\"og:image:type\" content=\"image\/jpeg\" \/>\n<meta name=\"twitter:card\" content=\"summary_large_image\" \/>\n<meta name=\"twitter:label1\" content=\"Prix\" \/>\n\t<meta name=\"twitter:data1\" content=\"&#067;&#072;&#070;&nbsp;159.95\" \/>\n\t<meta name=\"twitter:label2\" content=\"Disponibilit\u00e9\" \/>\n\t<meta name=\"twitter:data2\" content=\"Rupture de stock\" \/>\n<script type=\"application\/ld+json\" class=\"yoast-schema-graph\">{\"@context\":\"https:\\\/\\\/schema.org\",\"@graph\":[{\"@type\":\"WebPage\",\"@id\":\"https:\\\/\\\/theuncommonshop.ch\\\/fr\\\/product\\\/warhammer-40-000-imperial-agents-battleforce-ordo-xenos-2\\\/\",\"url\":\"https:\\\/\\\/theuncommonshop.ch\\\/fr\\\/product\\\/warhammer-40-000-imperial-agents-battleforce-ordo-xenos-2\\\/\",\"name\":\"Ach\u00e8te Warhammer 40.000 - Imperial Agents Battleforce - Ordo Xenos\",\"isPartOf\":{\"@id\":\"https:\\\/\\\/theuncommonshop.ch\\\/#website\"},\"primaryImageOfPage\":{\"@id\":\"https:\\\/\\\/theuncommonshop.ch\\\/fr\\\/product\\\/warhammer-40-000-imperial-agents-battleforce-ordo-xenos-2\\\/#primaryimage\"},\"image\":{\"@id\":\"https:\\\/\\\/theuncommonshop.ch\\\/fr\\\/product\\\/warhammer-40-000-imperial-agents-battleforce-ordo-xenos-2\\\/#primaryimage\"},\"thumbnailUrl\":\"https:\\\/\\\/theuncommonshop.ch\\\/wp-content\\\/uploads\\\/2025\\\/06\\\/4490158709.jpg\",\"datePublished\":\"2025-06-04T14:29:45+00:00\",\"dateModified\":\"2026-03-29T16:24:40+00:00\",\"description\":\"Ach\u00e8te Warhammer 40.000 - Imperial Agents Battleforce - Ordo Xenos en ligne maintenant \u00e0 petit prix! Ton #1 shop pour cartes TCG & Pok\u00e9mon en Suisse \u2713 Livraison gratuite d\u00e8s CHF 29\",\"breadcrumb\":{\"@id\":\"https:\\\/\\\/theuncommonshop.ch\\\/fr\\\/product\\\/warhammer-40-000-imperial-agents-battleforce-ordo-xenos-2\\\/#breadcrumb\"},\"inLanguage\":\"fr-FR\",\"potentialAction\":[{\"@type\":\"ReadAction\",\"target\":[\"https:\\\/\\\/theuncommonshop.ch\\\/fr\\\/product\\\/warhammer-40-000-imperial-agents-battleforce-ordo-xenos-2\\\/\"]}]},{\"@type\":\"ImageObject\",\"inLanguage\":\"fr-FR\",\"@id\":\"https:\\\/\\\/theuncommonshop.ch\\\/fr\\\/product\\\/warhammer-40-000-imperial-agents-battleforce-ordo-xenos-2\\\/#primaryimage\",\"url\":\"https:\\\/\\\/theuncommonshop.ch\\\/wp-content\\\/uploads\\\/2025\\\/06\\\/4490158709.jpg\",\"contentUrl\":\"https:\\\/\\\/theuncommonshop.ch\\\/wp-content\\\/uploads\\\/2025\\\/06\\\/4490158709.jpg\",\"width\":1840,\"height\":1900},{\"@type\":\"BreadcrumbList\",\"@id\":\"https:\\\/\\\/theuncommonshop.ch\\\/fr\\\/product\\\/warhammer-40-000-imperial-agents-battleforce-ordo-xenos-2\\\/#breadcrumb\",\"itemListElement\":[{\"@type\":\"ListItem\",\"position\":1,\"name\":\"Accueil\",\"item\":\"https:\\\/\\\/theuncommonshop.ch\\\/fr\\\/accueil\\\/\"},{\"@type\":\"ListItem\",\"position\":2,\"name\":\"Boutique\",\"item\":\"https:\\\/\\\/theuncommonshop.ch\\\/fr\\\/boutique\\\/\"},{\"@type\":\"ListItem\",\"position\":3,\"name\":\"Tabletop\",\"item\":\"https:\\\/\\\/theuncommonshop.ch\\\/fr\\\/categorie-produit\\\/tabletop-fr\\\/\"},{\"@type\":\"ListItem\",\"position\":4,\"name\":\"Warhammer 40k\",\"item\":\"https:\\\/\\\/theuncommonshop.ch\\\/fr\\\/categorie-produit\\\/tabletop-fr\\\/warhammer-40k-fr\\\/\"},{\"@type\":\"ListItem\",\"position\":5,\"name\":\"Warhammer 40.000 &#8211; Imperial Agents Battleforce &#8211; Ordo Xenos\"}]},{\"@type\":\"WebSite\",\"@id\":\"https:\\\/\\\/theuncommonshop.ch\\\/#website\",\"url\":\"https:\\\/\\\/theuncommonshop.ch\\\/\",\"name\":\"Largest trading card shop in Switzerland\",\"description\":\"Magic, Pok\u00e9mon and Yu-gi-oh - The Uncommon Shop\",\"potentialAction\":[{\"@type\":\"SearchAction\",\"target\":{\"@type\":\"EntryPoint\",\"urlTemplate\":\"https:\\\/\\\/theuncommonshop.ch\\\/?s={search_term_string}\"},\"query-input\":{\"@type\":\"PropertyValueSpecification\",\"valueRequired\":true,\"valueName\":\"search_term_string\"}}],\"inLanguage\":\"fr-FR\"}]}<\/script>\n<meta property=\"product:price:amount\" content=\"159.95\" \/>\n<meta property=\"product:price:currency\" content=\"CHF\" \/>\n<meta property=\"og:availability\" content=\"out of stock\" \/>\n<meta property=\"product:availability\" content=\"out of stock\" \/>\n<meta property=\"product:retailer_item_id\" content=\"Shop.Regal.1\" \/>\n<meta property=\"product:condition\" content=\"new\" \/>\n<!-- \/ Yoast SEO plugin. -->","yoast_head_json":{"title":"Ach\u00e8te Warhammer 40.000 - Imperial Agents Battleforce - Ordo Xenos","description":"Ach\u00e8te Warhammer 40.000 - Imperial Agents Battleforce - Ordo Xenos en ligne maintenant \u00e0 petit prix! Ton #1 shop pour cartes TCG & Pok\u00e9mon en Suisse \u2713 Livraison gratuite d\u00e8s CHF 29","robots":{"index":"index","follow":"follow","max-snippet":"max-snippet:-1","max-image-preview":"max-image-preview:large","max-video-preview":"max-video-preview:-1"},"canonical":"https:\/\/theuncommonshop.ch\/fr\/product\/warhammer-40-000-imperial-agents-battleforce-ordo-xenos-2\/","og_locale":"fr_FR","og_type":"article","og_title":"Ach\u00e8te Warhammer 40.000 - Imperial Agents Battleforce - Ordo Xenos","og_description":"Ach\u00e8te Warhammer 40.000 - Imperial Agents Battleforce - Ordo Xenos en ligne maintenant \u00e0 petit prix! Ton #1 shop pour cartes TCG & Pok\u00e9mon en Suisse \u2713 Livraison gratuite d\u00e8s CHF 29","og_url":"https:\/\/theuncommonshop.ch\/fr\/product\/warhammer-40-000-imperial-agents-battleforce-ordo-xenos-2\/","og_site_name":"Largest trading card shop in Switzerland","article_modified_time":"2026-03-29T16:24:40+00:00","og_image":[{"width":1840,"height":1900,"url":"https:\/\/theuncommonshop.ch\/wp-content\/uploads\/2025\/06\/4490158709.jpg","type":"image\/jpeg"}],"twitter_card":"summary_large_image","twitter_misc":{"Prix":"&#67;&#72;&#70;&nbsp;159.95","Disponibilit\u00e9":"Rupture de stock"},"schema":{"@context":"https:\/\/schema.org","@graph":[{"@type":"WebPage","@id":"https:\/\/theuncommonshop.ch\/fr\/product\/warhammer-40-000-imperial-agents-battleforce-ordo-xenos-2\/","url":"https:\/\/theuncommonshop.ch\/fr\/product\/warhammer-40-000-imperial-agents-battleforce-ordo-xenos-2\/","name":"Ach\u00e8te Warhammer 40.000 - Imperial Agents Battleforce - Ordo Xenos","isPartOf":{"@id":"https:\/\/theuncommonshop.ch\/#website"},"primaryImageOfPage":{"@id":"https:\/\/theuncommonshop.ch\/fr\/product\/warhammer-40-000-imperial-agents-battleforce-ordo-xenos-2\/#primaryimage"},"image":{"@id":"https:\/\/theuncommonshop.ch\/fr\/product\/warhammer-40-000-imperial-agents-battleforce-ordo-xenos-2\/#primaryimage"},"thumbnailUrl":"https:\/\/theuncommonshop.ch\/wp-content\/uploads\/2025\/06\/4490158709.jpg","datePublished":"2025-06-04T14:29:45+00:00","dateModified":"2026-03-29T16:24:40+00:00","description":"Ach\u00e8te Warhammer 40.000 - Imperial Agents Battleforce - Ordo Xenos en ligne maintenant \u00e0 petit prix! Ton #1 shop pour cartes TCG & Pok\u00e9mon en Suisse \u2713 Livraison gratuite d\u00e8s CHF 29","breadcrumb":{"@id":"https:\/\/theuncommonshop.ch\/fr\/product\/warhammer-40-000-imperial-agents-battleforce-ordo-xenos-2\/#breadcrumb"},"inLanguage":"fr-FR","potentialAction":[{"@type":"ReadAction","target":["https:\/\/theuncommonshop.ch\/fr\/product\/warhammer-40-000-imperial-agents-battleforce-ordo-xenos-2\/"]}]},{"@type":"ImageObject","inLanguage":"fr-FR","@id":"https:\/\/theuncommonshop.ch\/fr\/product\/warhammer-40-000-imperial-agents-battleforce-ordo-xenos-2\/#primaryimage","url":"https:\/\/theuncommonshop.ch\/wp-content\/uploads\/2025\/06\/4490158709.jpg","contentUrl":"https:\/\/theuncommonshop.ch\/wp-content\/uploads\/2025\/06\/4490158709.jpg","width":1840,"height":1900},{"@type":"BreadcrumbList","@id":"https:\/\/theuncommonshop.ch\/fr\/product\/warhammer-40-000-imperial-agents-battleforce-ordo-xenos-2\/#breadcrumb","itemListElement":[{"@type":"ListItem","position":1,"name":"Accueil","item":"https:\/\/theuncommonshop.ch\/fr\/accueil\/"},{"@type":"ListItem","position":2,"name":"Boutique","item":"https:\/\/theuncommonshop.ch\/fr\/boutique\/"},{"@type":"ListItem","position":3,"name":"Tabletop","item":"https:\/\/theuncommonshop.ch\/fr\/categorie-produit\/tabletop-fr\/"},{"@type":"ListItem","position":4,"name":"Warhammer 40k","item":"https:\/\/theuncommonshop.ch\/fr\/categorie-produit\/tabletop-fr\/warhammer-40k-fr\/"},{"@type":"ListItem","position":5,"name":"Warhammer 40.000 &#8211; Imperial Agents Battleforce &#8211; Ordo Xenos"}]},{"@type":"WebSite","@id":"https:\/\/theuncommonshop.ch\/#website","url":"https:\/\/theuncommonshop.ch\/","name":"Largest trading card shop in Switzerland","description":"Magic, Pok\u00e9mon and Yu-gi-oh - The Uncommon Shop","potentialAction":[{"@type":"SearchAction","target":{"@type":"EntryPoint","urlTemplate":"https:\/\/theuncommonshop.ch\/?s={search_term_string}"},"query-input":{"@type":"PropertyValueSpecification","valueRequired":true,"valueName":"search_term_string"}}],"inLanguage":"fr-FR"}]},"product_price_amount":"159.95","product_price_currency":"CHF","og_availability":"out of stock","product_availability":"out of stock","product_retailer_item_id":"Shop.Regal.1","product_condition":"new"},"_links":{"self":[{"href":"https:\/\/theuncommonshop.ch\/fr\/wp-json\/wp\/v2\/product\/323069","targetHints":{"allow":["GET"]}}],"collection":[{"href":"https:\/\/theuncommonshop.ch\/fr\/wp-json\/wp\/v2\/product"}],"about":[{"href":"https:\/\/theuncommonshop.ch\/fr\/wp-json\/wp\/v2\/types\/product"}],"replies":[{"embeddable":true,"href":"https:\/\/theuncommonshop.ch\/fr\/wp-json\/wp\/v2\/comments?post=323069"}],"version-history":[{"count":1,"href":"https:\/\/theuncommonshop.ch\/fr\/wp-json\/wp\/v2\/product\/323069\/revisions"}],"predecessor-version":[{"id":323070,"href":"https:\/\/theuncommonshop.ch\/fr\/wp-json\/wp\/v2\/product\/323069\/revisions\/323070"}],"wp:featuredmedia":[{"embeddable":true,"href":"https:\/\/theuncommonshop.ch\/fr\/wp-json\/wp\/v2\/media\/114193"}],"wp:attachment":[{"href":"https:\/\/theuncommonshop.ch\/fr\/wp-json\/wp\/v2\/media?parent=323069"}],"wp:term":[{"taxonomy":"product_brand","embeddable":true,"href":"https:\/\/theuncommonshop.ch\/fr\/wp-json\/wp\/v2\/product_brand?post=323069"},{"taxonomy":"product_cat","embeddable":true,"href":"https:\/\/theuncommonshop.ch\/fr\/wp-json\/wp\/v2\/product_cat?post=323069"},{"taxonomy":"product_tag","embeddable":true,"href":"https:\/\/theuncommonshop.ch\/fr\/wp-json\/wp\/v2\/product_tag?post=323069"}],"curies":[{"name":"wp","href":"https:\/\/api.w.org\/{rel}","templated":true}]}}