{"id":323053,"date":"2025-06-05T16:25:11","date_gmt":"2025-06-05T16:25:11","guid":{"rendered":"http:\/\/theuncommonshop.ch\/produkt\/323053\/"},"modified":"2026-03-30T11:10:16","modified_gmt":"2026-03-30T09:10:16","slug":"riftbound-league-of-legends-tcg-booster-display-origins-en-3","status":"publish","type":"product","link":"https:\/\/theuncommonshop.ch\/fr\/product\/riftbound-league-of-legends-tcg-booster-display-origins-en-3\/","title":{"rendered":"Riftbound : League of Legends TCG &#8211; Booster Display &#8211; Origins &#8211; EN (1ed.)"},"content":{"rendered":"<p>Origins, le premier set de Riftbound : League of Legends TCG, met des champions sur le champ de bataille comme jamais auparavant. Ce Deck Set renforce votre deck avec 14 Booster Packs de cartes, issus d&#8217;un pool de pr\u00e8s de 300 cartes, et offre un large choix d&#8217;\u0153uvres d&#8217;art cr\u00e9\u00e9es par des artistes l\u00e9gendaires de League of Legends. Allez-vous piocher un changeur de jeu \u00e9pique, une carte d&#8217;art alternative \u00e9poustouflante ou un paquet plein de puissance ?  <\/p>\n<div><\/div>\n<div><strong>Configuration :<\/strong><\/div>\n<ul>\n<li>Chaque Booster Display contient 24 Packs de Boosters.<\/li>\n<li>Chaque Packs Premium contient 7 Commons, 3 Uncommons, 2 foil Rares ou mieux, 1 foil de n&#8217;importe quelle raret\u00e9 et 1 emplacement de jeton.  <\/li>\n<\/ul>\n<div><strong>Caract\u00e9ristiques :<\/strong><\/div>\n<ul>\n<li>Contient des \u0153uvres originales de certains des artistes les plus c\u00e9l\u00e8bres de l&#8217;histoire de League of Legends.<\/li>\n<li>Avec une moyenne de plus de 6 cartes de raret\u00e9 \u00e9piques et plus de 2 cartes sp\u00e9ciales Alt Art dans chaque bo\u00eete, chaque ouverture est un \u00e9v\u00e9nement !<\/li>\n<li>Qu&#8217;il s&#8217;agisse d&#8217;une \u00e9preuve de force en 1v1 ou d&#8217;alliances multijoueurs changeantes, Riftbound est con\u00e7u pour une grande vari\u00e9t\u00e9 de formats de jeu passionnants !<\/li>\n<\/ul>\n<div><\/div>\n","protected":false},"excerpt":{"rendered":"<p>Origins, le premier set de Riftbound : League of Legends TCG, met des champions sur le champ de bataille comme<\/p>\n","protected":false},"featured_media":123832,"comment_status":"open","ping_status":"closed","template":"","meta":{"_acf_changed":false},"product_brand":[5152],"product_cat":[9981],"product_tag":[],"class_list":{"0":"post-323053","1":"product","2":"type-product","3":"status-publish","4":"has-post-thumbnail","6":"product_brand-league-of-legends-riftbound","7":"product_cat-league-of-legends-riftbound","9":"first","10":"instock","11":"taxable","12":"shipping-taxable","13":"purchasable","14":"product-type-variable"},"acf":[],"yoast_head":"<!-- This site is optimized with the Yoast SEO plugin v27.4 - https:\/\/yoast.com\/product\/yoast-seo-wordpress\/ -->\n<title>Ach\u00e8te Riftbound : League of Legends TCG - Booster Display - Origins - EN (1ed.)<\/title>\n<meta name=\"description\" content=\"Ach\u00e8te Riftbound : League of Legends TCG - Booster Display - Origins - EN (1ed.) en ligne maintenant \u00e0 petit prix! Ton #1 shop pour cartes TCG &amp; Pok\u00e9mon en Suisse \u2713 Livraison gratuite d\u00e8s CHF 29\" \/>\n<meta name=\"robots\" content=\"index, follow, max-snippet:-1, max-image-preview:large, max-video-preview:-1\" \/>\n<link rel=\"canonical\" href=\"https:\/\/theuncommonshop.ch\/fr\/product\/riftbound-league-of-legends-tcg-booster-display-origins-en-3\/\" \/>\n<meta property=\"og:locale\" content=\"fr_FR\" \/>\n<meta property=\"og:type\" content=\"article\" \/>\n<meta property=\"og:title\" content=\"Ach\u00e8te Riftbound : League of Legends TCG - Booster Display - Origins - EN (1ed.)\" \/>\n<meta property=\"og:description\" content=\"Ach\u00e8te Riftbound : League of Legends TCG - Booster Display - Origins - EN (1ed.) en ligne maintenant \u00e0 petit prix! Ton #1 shop pour cartes TCG &amp; Pok\u00e9mon en Suisse \u2713 Livraison gratuite d\u00e8s CHF 29\" \/>\n<meta property=\"og:url\" content=\"https:\/\/theuncommonshop.ch\/fr\/product\/riftbound-league-of-legends-tcg-booster-display-origins-en-3\/\" \/>\n<meta property=\"og:site_name\" content=\"Largest trading card shop in Switzerland\" \/>\n<meta property=\"article:modified_time\" content=\"2026-03-30T09:10:16+00:00\" \/>\n<meta property=\"og:image\" content=\"https:\/\/theuncommonshop.ch\/wp-content\/uploads\/2025\/06\/4852292824.jpg\" \/>\n\t<meta property=\"og:image:width\" content=\"1000\" \/>\n\t<meta property=\"og:image:height\" content=\"1000\" \/>\n\t<meta property=\"og:image:type\" content=\"image\/jpeg\" \/>\n<meta name=\"twitter:card\" content=\"summary_large_image\" \/>\n<meta name=\"twitter:label1\" content=\"Disponibilit\u00e9\" \/>\n\t<meta name=\"twitter:data1\" content=\"En stock\" \/>\n<script type=\"application\/ld+json\" class=\"yoast-schema-graph\">{\"@context\":\"https:\\\/\\\/schema.org\",\"@graph\":[{\"@type\":\"WebPage\",\"@id\":\"https:\\\/\\\/theuncommonshop.ch\\\/fr\\\/product\\\/riftbound-league-of-legends-tcg-booster-display-origins-en-3\\\/\",\"url\":\"https:\\\/\\\/theuncommonshop.ch\\\/fr\\\/product\\\/riftbound-league-of-legends-tcg-booster-display-origins-en-3\\\/\",\"name\":\"Ach\u00e8te Riftbound : League of Legends TCG - Booster Display - Origins - EN (1ed.)\",\"isPartOf\":{\"@id\":\"https:\\\/\\\/theuncommonshop.ch\\\/#website\"},\"primaryImageOfPage\":{\"@id\":\"https:\\\/\\\/theuncommonshop.ch\\\/fr\\\/product\\\/riftbound-league-of-legends-tcg-booster-display-origins-en-3\\\/#primaryimage\"},\"image\":{\"@id\":\"https:\\\/\\\/theuncommonshop.ch\\\/fr\\\/product\\\/riftbound-league-of-legends-tcg-booster-display-origins-en-3\\\/#primaryimage\"},\"thumbnailUrl\":\"https:\\\/\\\/theuncommonshop.ch\\\/wp-content\\\/uploads\\\/2025\\\/06\\\/4852292824.jpg\",\"datePublished\":\"2025-06-05T16:25:11+00:00\",\"dateModified\":\"2026-03-30T09:10:16+00:00\",\"description\":\"Ach\u00e8te Riftbound : League of Legends TCG - Booster Display - Origins - EN (1ed.) en ligne maintenant \u00e0 petit prix! Ton #1 shop pour cartes TCG & Pok\u00e9mon en Suisse \u2713 Livraison gratuite d\u00e8s CHF 29\",\"breadcrumb\":{\"@id\":\"https:\\\/\\\/theuncommonshop.ch\\\/fr\\\/product\\\/riftbound-league-of-legends-tcg-booster-display-origins-en-3\\\/#breadcrumb\"},\"inLanguage\":\"fr-FR\",\"potentialAction\":[{\"@type\":\"ReadAction\",\"target\":[\"https:\\\/\\\/theuncommonshop.ch\\\/fr\\\/product\\\/riftbound-league-of-legends-tcg-booster-display-origins-en-3\\\/\"]}]},{\"@type\":\"ImageObject\",\"inLanguage\":\"fr-FR\",\"@id\":\"https:\\\/\\\/theuncommonshop.ch\\\/fr\\\/product\\\/riftbound-league-of-legends-tcg-booster-display-origins-en-3\\\/#primaryimage\",\"url\":\"https:\\\/\\\/theuncommonshop.ch\\\/wp-content\\\/uploads\\\/2025\\\/06\\\/4852292824.jpg\",\"contentUrl\":\"https:\\\/\\\/theuncommonshop.ch\\\/wp-content\\\/uploads\\\/2025\\\/06\\\/4852292824.jpg\",\"width\":1000,\"height\":1000},{\"@type\":\"BreadcrumbList\",\"@id\":\"https:\\\/\\\/theuncommonshop.ch\\\/fr\\\/product\\\/riftbound-league-of-legends-tcg-booster-display-origins-en-3\\\/#breadcrumb\",\"itemListElement\":[{\"@type\":\"ListItem\",\"position\":1,\"name\":\"Accueil\",\"item\":\"https:\\\/\\\/theuncommonshop.ch\\\/fr\\\/accueil\\\/\"},{\"@type\":\"ListItem\",\"position\":2,\"name\":\"Boutique\",\"item\":\"https:\\\/\\\/theuncommonshop.ch\\\/fr\\\/boutique\\\/\"},{\"@type\":\"ListItem\",\"position\":3,\"name\":\"Weitere Sammelkarten\",\"item\":\"https:\\\/\\\/theuncommonshop.ch\\\/produktkategorie\\\/weitere-sammelkarten\\\/\"},{\"@type\":\"ListItem\",\"position\":4,\"name\":\"League of Legends: Riftbound\",\"item\":\"https:\\\/\\\/theuncommonshop.ch\\\/produktkategorie\\\/weitere-sammelkarten\\\/riftbound-karten\\\/\"},{\"@type\":\"ListItem\",\"position\":5,\"name\":\"Riftbound : League of Legends TCG &#8211; Booster Display &#8211; Origins &#8211; EN (1ed.)\"}]},{\"@type\":\"WebSite\",\"@id\":\"https:\\\/\\\/theuncommonshop.ch\\\/#website\",\"url\":\"https:\\\/\\\/theuncommonshop.ch\\\/\",\"name\":\"Largest trading card shop in Switzerland\",\"description\":\"Magic, Pok\u00e9mon and Yu-gi-oh - The Uncommon Shop\",\"potentialAction\":[{\"@type\":\"SearchAction\",\"target\":{\"@type\":\"EntryPoint\",\"urlTemplate\":\"https:\\\/\\\/theuncommonshop.ch\\\/?s={search_term_string}\"},\"query-input\":{\"@type\":\"PropertyValueSpecification\",\"valueRequired\":true,\"valueName\":\"search_term_string\"}}],\"inLanguage\":\"fr-FR\"}]}<\/script>\n<meta property=\"og:availability\" content=\"instock\" \/>\n<meta property=\"product:availability\" content=\"instock\" \/>\n<meta property=\"product:retailer_item_id\" content=\"RB.?.?.Riftbounddisplayorigins.EN\" \/>\n<meta property=\"product:condition\" content=\"new\" \/>\n<!-- \/ Yoast SEO plugin. -->","yoast_head_json":{"title":"Ach\u00e8te Riftbound : League of Legends TCG - Booster Display - Origins - EN (1ed.)","description":"Ach\u00e8te Riftbound : League of Legends TCG - Booster Display - Origins - EN (1ed.) en ligne maintenant \u00e0 petit prix! Ton #1 shop pour cartes TCG & Pok\u00e9mon en Suisse \u2713 Livraison gratuite d\u00e8s CHF 29","robots":{"index":"index","follow":"follow","max-snippet":"max-snippet:-1","max-image-preview":"max-image-preview:large","max-video-preview":"max-video-preview:-1"},"canonical":"https:\/\/theuncommonshop.ch\/fr\/product\/riftbound-league-of-legends-tcg-booster-display-origins-en-3\/","og_locale":"fr_FR","og_type":"article","og_title":"Ach\u00e8te Riftbound : League of Legends TCG - Booster Display - Origins - EN (1ed.)","og_description":"Ach\u00e8te Riftbound : League of Legends TCG - Booster Display - Origins - EN (1ed.) en ligne maintenant \u00e0 petit prix! Ton #1 shop pour cartes TCG & Pok\u00e9mon en Suisse \u2713 Livraison gratuite d\u00e8s CHF 29","og_url":"https:\/\/theuncommonshop.ch\/fr\/product\/riftbound-league-of-legends-tcg-booster-display-origins-en-3\/","og_site_name":"Largest trading card shop in Switzerland","article_modified_time":"2026-03-30T09:10:16+00:00","og_image":[{"width":1000,"height":1000,"url":"https:\/\/theuncommonshop.ch\/wp-content\/uploads\/2025\/06\/4852292824.jpg","type":"image\/jpeg"}],"twitter_card":"summary_large_image","twitter_misc":{"Disponibilit\u00e9":"En stock"},"schema":{"@context":"https:\/\/schema.org","@graph":[{"@type":"WebPage","@id":"https:\/\/theuncommonshop.ch\/fr\/product\/riftbound-league-of-legends-tcg-booster-display-origins-en-3\/","url":"https:\/\/theuncommonshop.ch\/fr\/product\/riftbound-league-of-legends-tcg-booster-display-origins-en-3\/","name":"Ach\u00e8te Riftbound : League of Legends TCG - Booster Display - Origins - EN (1ed.)","isPartOf":{"@id":"https:\/\/theuncommonshop.ch\/#website"},"primaryImageOfPage":{"@id":"https:\/\/theuncommonshop.ch\/fr\/product\/riftbound-league-of-legends-tcg-booster-display-origins-en-3\/#primaryimage"},"image":{"@id":"https:\/\/theuncommonshop.ch\/fr\/product\/riftbound-league-of-legends-tcg-booster-display-origins-en-3\/#primaryimage"},"thumbnailUrl":"https:\/\/theuncommonshop.ch\/wp-content\/uploads\/2025\/06\/4852292824.jpg","datePublished":"2025-06-05T16:25:11+00:00","dateModified":"2026-03-30T09:10:16+00:00","description":"Ach\u00e8te Riftbound : League of Legends TCG - Booster Display - Origins - EN (1ed.) en ligne maintenant \u00e0 petit prix! Ton #1 shop pour cartes TCG & Pok\u00e9mon en Suisse \u2713 Livraison gratuite d\u00e8s CHF 29","breadcrumb":{"@id":"https:\/\/theuncommonshop.ch\/fr\/product\/riftbound-league-of-legends-tcg-booster-display-origins-en-3\/#breadcrumb"},"inLanguage":"fr-FR","potentialAction":[{"@type":"ReadAction","target":["https:\/\/theuncommonshop.ch\/fr\/product\/riftbound-league-of-legends-tcg-booster-display-origins-en-3\/"]}]},{"@type":"ImageObject","inLanguage":"fr-FR","@id":"https:\/\/theuncommonshop.ch\/fr\/product\/riftbound-league-of-legends-tcg-booster-display-origins-en-3\/#primaryimage","url":"https:\/\/theuncommonshop.ch\/wp-content\/uploads\/2025\/06\/4852292824.jpg","contentUrl":"https:\/\/theuncommonshop.ch\/wp-content\/uploads\/2025\/06\/4852292824.jpg","width":1000,"height":1000},{"@type":"BreadcrumbList","@id":"https:\/\/theuncommonshop.ch\/fr\/product\/riftbound-league-of-legends-tcg-booster-display-origins-en-3\/#breadcrumb","itemListElement":[{"@type":"ListItem","position":1,"name":"Accueil","item":"https:\/\/theuncommonshop.ch\/fr\/accueil\/"},{"@type":"ListItem","position":2,"name":"Boutique","item":"https:\/\/theuncommonshop.ch\/fr\/boutique\/"},{"@type":"ListItem","position":3,"name":"Weitere Sammelkarten","item":"https:\/\/theuncommonshop.ch\/produktkategorie\/weitere-sammelkarten\/"},{"@type":"ListItem","position":4,"name":"League of Legends: Riftbound","item":"https:\/\/theuncommonshop.ch\/produktkategorie\/weitere-sammelkarten\/riftbound-karten\/"},{"@type":"ListItem","position":5,"name":"Riftbound : League of Legends TCG &#8211; Booster Display &#8211; Origins &#8211; EN (1ed.)"}]},{"@type":"WebSite","@id":"https:\/\/theuncommonshop.ch\/#website","url":"https:\/\/theuncommonshop.ch\/","name":"Largest trading card shop in Switzerland","description":"Magic, Pok\u00e9mon and Yu-gi-oh - The Uncommon Shop","potentialAction":[{"@type":"SearchAction","target":{"@type":"EntryPoint","urlTemplate":"https:\/\/theuncommonshop.ch\/?s={search_term_string}"},"query-input":{"@type":"PropertyValueSpecification","valueRequired":true,"valueName":"search_term_string"}}],"inLanguage":"fr-FR"}]},"og_availability":"instock","product_availability":"instock","product_retailer_item_id":"RB.?.?.Riftbounddisplayorigins.EN","product_condition":"new"},"_links":{"self":[{"href":"https:\/\/theuncommonshop.ch\/fr\/wp-json\/wp\/v2\/product\/323053","targetHints":{"allow":["GET"]}}],"collection":[{"href":"https:\/\/theuncommonshop.ch\/fr\/wp-json\/wp\/v2\/product"}],"about":[{"href":"https:\/\/theuncommonshop.ch\/fr\/wp-json\/wp\/v2\/types\/product"}],"replies":[{"embeddable":true,"href":"https:\/\/theuncommonshop.ch\/fr\/wp-json\/wp\/v2\/comments?post=323053"}],"version-history":[{"count":3,"href":"https:\/\/theuncommonshop.ch\/fr\/wp-json\/wp\/v2\/product\/323053\/revisions"}],"predecessor-version":[{"id":361770,"href":"https:\/\/theuncommonshop.ch\/fr\/wp-json\/wp\/v2\/product\/323053\/revisions\/361770"}],"wp:featuredmedia":[{"embeddable":true,"href":"https:\/\/theuncommonshop.ch\/fr\/wp-json\/wp\/v2\/media\/123832"}],"wp:attachment":[{"href":"https:\/\/theuncommonshop.ch\/fr\/wp-json\/wp\/v2\/media?parent=323053"}],"wp:term":[{"taxonomy":"product_brand","embeddable":true,"href":"https:\/\/theuncommonshop.ch\/fr\/wp-json\/wp\/v2\/product_brand?post=323053"},{"taxonomy":"product_cat","embeddable":true,"href":"https:\/\/theuncommonshop.ch\/fr\/wp-json\/wp\/v2\/product_cat?post=323053"},{"taxonomy":"product_tag","embeddable":true,"href":"https:\/\/theuncommonshop.ch\/fr\/wp-json\/wp\/v2\/product_tag?post=323053"}],"curies":[{"name":"wp","href":"https:\/\/api.w.org\/{rel}","templated":true}]}}