{"id":322944,"date":"2025-06-04T17:01:13","date_gmt":"2025-06-04T17:01:13","guid":{"rendered":"http:\/\/theuncommonshop.ch\/produkt\/322944\/"},"modified":"2026-04-13T22:53:09","modified_gmt":"2026-04-13T20:53:09","slug":"protecc-acryl-case-pokemon-high-class-vmax-booster-box-jpn-2","status":"publish","type":"product","link":"https:\/\/theuncommonshop.ch\/fr\/product\/protecc-acryl-case-pokemon-high-class-vmax-booster-box-jpn-2\/","title":{"rendered":"Protecc &#8211; Acryl Case &#8211; Booster Box Pok\u00e9mon High Class VMAX &#8211; JPN"},"content":{"rendered":"<div>D\u00e9couvrez la combinaison parfaite de pr\u00e9sentation \u00e9l\u00e9gante et de protection pour vos pr\u00e9cieuses Booster Box japonaises [Set de 10 Boosters] gr\u00e2ce \u00e0 la pochette magn\u00e9tique en acrylique cristal de haute qualit\u00e9 de Protecc. Gr\u00e2ce \u00e0 ses aimants puissants, l&#8217;installation se fait sans effort et en toute s\u00e9curit\u00e9, tandis que votre collection brille de tous ses feux. <\/div>\n<div><\/div>\n<div>Pas de stress li\u00e9 aux vis &#8211; Protecc facilite l&#8217;exposition et la protection de votre collection dans toute sa splendeur.<\/div>\n<div><\/div>\n<div>Syst\u00e8me magn\u00e9tique puissant pour un montage facile et une protection contre la poussi\u00e8re :<\/div>\n<div>Au lieu de vis, nous utilisons des aimants extr\u00eamement puissants pour que vous puissiez fermer la mallette sans outil et sans effort. Cela garantit une protection fiable contre la poussi\u00e8re pour votre collection. <\/div>\n<div><\/div>\n<div>Une transparence cristalline pour une pr\u00e9sentation parfaite :<\/div>\n<div>La mallette est fabriqu\u00e9e en acrylique cristallin de haute qualit\u00e9, offrant une vue impeccable et transparente de vos Booster Box Pok\u00e9mon japonaises. Vos tr\u00e9sors sont ainsi mis en valeur dans toute leur splendeur. <\/div>\n<div><\/div>\n<div>Pr\u00e9servation de la valeur \u00e0 long terme gr\u00e2ce \u00e0 des mat\u00e9riaux de haute qualit\u00e9 :<\/div>\n<div>Fabriqu\u00e9e en acrylique cristallin de haute qualit\u00e9, la pochette Protecc conserve sa qualit\u00e9 m\u00eame apr\u00e8s une longue p\u00e9riode d&#8217;utilisation. Vos objets de collection restent ainsi frais et comme neufs, ce qui pr\u00e9serve et augmente la valeur de votre collection dans le temps. <\/div>\n<div><\/div>\n<div>Forme ajust\u00e9e pour une protection optimale :<\/div>\n<p>L&#8217;\u00e9tui est parfaitement adapt\u00e9 aux Boosterboxes japonaises Pok\u00e9mon et offre une protection sur mesure \u00e0 vos objets de collection. Insertion et retrait faciles des objets <\/p>\n<p>&nbsp;<\/p>\n<div>Protection contre les UV pour une qualit\u00e9 durable :<\/div>\n<div>Notre \u00e9tui int\u00e8gre une protection contre les UV qui emp\u00eache vos objets de collection de se d\u00e9colorer, ce qui permet de conserver la fra\u00eecheur des couleurs et des d\u00e9tails pendant des ann\u00e9es.<\/div>\n<div><\/div>\n<div>Un design \u00e9l\u00e9gant pour une pr\u00e9sentation esth\u00e9tique :<\/div>\n<div>Le design sobre et \u00e9l\u00e9gant de la mallette en acrylique met en valeur la pr\u00e9sentation visuelle de votre belle collection sans nuire \u00e0 son esth\u00e9tique.<\/div>\n","protected":false},"excerpt":{"rendered":"<p>D\u00e9couvrez la combinaison parfaite de pr\u00e9sentation \u00e9l\u00e9gante et de protection pour vos pr\u00e9cieuses Booster Box japonaises [Set de 10 Boosters]<\/p>\n","protected":false},"featured_media":368697,"comment_status":"open","ping_status":"closed","template":"","meta":{"_acf_changed":false},"product_brand":[5120],"product_cat":[9833,9859,9881,10267,9867],"product_tag":[],"class_list":{"0":"post-322944","1":"product","2":"type-product","3":"status-publish","4":"has-post-thumbnail","6":"product_brand-protecc","7":"product_cat-accessoires-pour-cartes-pokemon","8":"product_cat-accessoires-tcg","9":"product_cat-protecc-fr","10":"product_cat-protection-des-cartes","11":"product_cat-rangement","13":"first","14":"instock","15":"taxable","16":"shipping-taxable","17":"purchasable","18":"product-type-simple"},"acf":[],"yoast_head":"<!-- This site is optimized with the Yoast SEO plugin v27.5 - https:\/\/yoast.com\/product\/yoast-seo-wordpress\/ -->\n<title>Ach\u00e8te Protecc - Acryl Case - Booster Box Pok\u00e9mon High Class VMAX - JPN<\/title>\n<meta name=\"description\" content=\"Ach\u00e8te Protecc - Acryl Case - Booster Box Pok\u00e9mon High Class VMAX - JPN en ligne maintenant \u00e0 petit prix! Ton #1 shop pour cartes TCG &amp; Pok\u00e9mon en Suisse \u2713 Livraison gratuite d\u00e8s CHF 29\" \/>\n<meta name=\"robots\" content=\"index, follow, max-snippet:-1, max-image-preview:large, max-video-preview:-1\" \/>\n<link rel=\"canonical\" href=\"https:\/\/theuncommonshop.ch\/fr\/product\/protecc-acryl-case-pokemon-high-class-vmax-booster-box-jpn-2\/\" \/>\n<meta property=\"og:locale\" content=\"fr_FR\" \/>\n<meta property=\"og:type\" content=\"article\" \/>\n<meta property=\"og:title\" content=\"Ach\u00e8te Protecc - Acryl Case - Booster Box Pok\u00e9mon High Class VMAX - JPN\" \/>\n<meta property=\"og:description\" content=\"Ach\u00e8te Protecc - Acryl Case - Booster Box Pok\u00e9mon High Class VMAX - JPN en ligne maintenant \u00e0 petit prix! Ton #1 shop pour cartes TCG &amp; Pok\u00e9mon en Suisse \u2713 Livraison gratuite d\u00e8s CHF 29\" \/>\n<meta property=\"og:url\" content=\"https:\/\/theuncommonshop.ch\/fr\/product\/protecc-acryl-case-pokemon-high-class-vmax-booster-box-jpn-2\/\" \/>\n<meta property=\"og:site_name\" content=\"The Uncommon Shop\" \/>\n<meta property=\"article:modified_time\" content=\"2026-04-13T20:53:09+00:00\" \/>\n<meta property=\"og:image\" content=\"https:\/\/theuncommonshop.ch\/wp-content\/uploads\/2025\/06\/Design-ohne-Titel-9.jpg\" \/>\n\t<meta property=\"og:image:width\" content=\"1500\" \/>\n\t<meta property=\"og:image:height\" content=\"1500\" \/>\n\t<meta property=\"og:image:type\" content=\"image\/jpeg\" \/>\n<meta name=\"twitter:card\" content=\"summary_large_image\" \/>\n<meta name=\"twitter:label1\" content=\"Prix\" \/>\n\t<meta name=\"twitter:data1\" content=\"&#067;&#072;&#070;&nbsp;29.95\" \/>\n\t<meta name=\"twitter:label2\" content=\"Disponibilit\u00e9\" \/>\n\t<meta name=\"twitter:data2\" content=\"En stock\" \/>\n<script type=\"application\/ld+json\" class=\"yoast-schema-graph\">{\"@context\":\"https:\\\/\\\/schema.org\",\"@graph\":[{\"@type\":\"WebPage\",\"@id\":\"https:\\\/\\\/theuncommonshop.ch\\\/fr\\\/product\\\/protecc-acryl-case-pokemon-high-class-vmax-booster-box-jpn-2\\\/\",\"url\":\"https:\\\/\\\/theuncommonshop.ch\\\/fr\\\/product\\\/protecc-acryl-case-pokemon-high-class-vmax-booster-box-jpn-2\\\/\",\"name\":\"Ach\u00e8te Protecc - Acryl Case - Booster Box Pok\u00e9mon High Class VMAX - JPN\",\"isPartOf\":{\"@id\":\"https:\\\/\\\/theuncommonshop.ch\\\/fr\\\/#website\"},\"primaryImageOfPage\":{\"@id\":\"https:\\\/\\\/theuncommonshop.ch\\\/fr\\\/product\\\/protecc-acryl-case-pokemon-high-class-vmax-booster-box-jpn-2\\\/#primaryimage\"},\"image\":{\"@id\":\"https:\\\/\\\/theuncommonshop.ch\\\/fr\\\/product\\\/protecc-acryl-case-pokemon-high-class-vmax-booster-box-jpn-2\\\/#primaryimage\"},\"thumbnailUrl\":\"https:\\\/\\\/theuncommonshop.ch\\\/wp-content\\\/uploads\\\/2025\\\/06\\\/Design-ohne-Titel-9.jpg\",\"datePublished\":\"2025-06-04T17:01:13+00:00\",\"dateModified\":\"2026-04-13T20:53:09+00:00\",\"description\":\"Ach\u00e8te Protecc - Acryl Case - Booster Box Pok\u00e9mon High Class VMAX - JPN en ligne maintenant \u00e0 petit prix! Ton #1 shop pour cartes TCG & Pok\u00e9mon en Suisse \u2713 Livraison gratuite d\u00e8s CHF 29\",\"breadcrumb\":{\"@id\":\"https:\\\/\\\/theuncommonshop.ch\\\/fr\\\/product\\\/protecc-acryl-case-pokemon-high-class-vmax-booster-box-jpn-2\\\/#breadcrumb\"},\"inLanguage\":\"fr-FR\",\"potentialAction\":[{\"@type\":\"ReadAction\",\"target\":[\"https:\\\/\\\/theuncommonshop.ch\\\/fr\\\/product\\\/protecc-acryl-case-pokemon-high-class-vmax-booster-box-jpn-2\\\/\"]}]},{\"@type\":\"ImageObject\",\"inLanguage\":\"fr-FR\",\"@id\":\"https:\\\/\\\/theuncommonshop.ch\\\/fr\\\/product\\\/protecc-acryl-case-pokemon-high-class-vmax-booster-box-jpn-2\\\/#primaryimage\",\"url\":\"https:\\\/\\\/theuncommonshop.ch\\\/wp-content\\\/uploads\\\/2025\\\/06\\\/Design-ohne-Titel-9.jpg\",\"contentUrl\":\"https:\\\/\\\/theuncommonshop.ch\\\/wp-content\\\/uploads\\\/2025\\\/06\\\/Design-ohne-Titel-9.jpg\",\"width\":1500,\"height\":1500,\"caption\":\"Design sans titre (9)\"},{\"@type\":\"BreadcrumbList\",\"@id\":\"https:\\\/\\\/theuncommonshop.ch\\\/fr\\\/product\\\/protecc-acryl-case-pokemon-high-class-vmax-booster-box-jpn-2\\\/#breadcrumb\",\"itemListElement\":[{\"@type\":\"ListItem\",\"position\":1,\"name\":\"Accueil\",\"item\":\"https:\\\/\\\/theuncommonshop.ch\\\/fr\\\/accueil\\\/\"},{\"@type\":\"ListItem\",\"position\":2,\"name\":\"Boutique\",\"item\":\"https:\\\/\\\/theuncommonshop.ch\\\/fr\\\/boutique\\\/\"},{\"@type\":\"ListItem\",\"position\":3,\"name\":\"Accessoires TCG\",\"item\":\"https:\\\/\\\/theuncommonshop.ch\\\/fr\\\/categorie-produit\\\/accessoires-tcg\\\/\"},{\"@type\":\"ListItem\",\"position\":4,\"name\":\"Rangement\",\"item\":\"https:\\\/\\\/theuncommonshop.ch\\\/fr\\\/categorie-produit\\\/accessoires-tcg\\\/rangement\\\/\"},{\"@type\":\"ListItem\",\"position\":5,\"name\":\"Protecc\",\"item\":\"https:\\\/\\\/theuncommonshop.ch\\\/fr\\\/categorie-produit\\\/accessoires-tcg\\\/rangement\\\/protecc-fr\\\/\"},{\"@type\":\"ListItem\",\"position\":6,\"name\":\"Protecc &#8211; Acryl Case &#8211; Booster Box Pok\u00e9mon High Class VMAX &#8211; JPN\"}]},{\"@type\":\"WebSite\",\"@id\":\"https:\\\/\\\/theuncommonshop.ch\\\/fr\\\/#website\",\"url\":\"https:\\\/\\\/theuncommonshop.ch\\\/fr\\\/\",\"name\":\"The Uncommon Shop\",\"description\":\"Magic, Pok\u00e9mon and Yu-gi-oh - The Uncommon Shop\",\"potentialAction\":[{\"@type\":\"SearchAction\",\"target\":{\"@type\":\"EntryPoint\",\"urlTemplate\":\"https:\\\/\\\/theuncommonshop.ch\\\/fr\\\/?s={search_term_string}\"},\"query-input\":{\"@type\":\"PropertyValueSpecification\",\"valueRequired\":true,\"valueName\":\"search_term_string\"}}],\"inLanguage\":\"fr-FR\"}]}<\/script>\n<meta property=\"product:price:amount\" content=\"29.95\" \/>\n<meta property=\"product:price:currency\" content=\"CHF\" \/>\n<meta property=\"og:availability\" content=\"instock\" \/>\n<meta property=\"product:availability\" content=\"instock\" \/>\n<meta property=\"product:retailer_item_id\" content=\"OP.II.A.ProteccAcrylCasePok\u00e9monHigh ClassVMAXBoosterBox.JPN\" \/>\n<meta property=\"product:condition\" content=\"new\" \/>\n<!-- \/ Yoast SEO plugin. -->","yoast_head_json":{"title":"Ach\u00e8te Protecc - Acryl Case - Booster Box Pok\u00e9mon High Class VMAX - JPN","description":"Ach\u00e8te Protecc - Acryl Case - Booster Box Pok\u00e9mon High Class VMAX - JPN en ligne maintenant \u00e0 petit prix! Ton #1 shop pour cartes TCG & Pok\u00e9mon en Suisse \u2713 Livraison gratuite d\u00e8s CHF 29","robots":{"index":"index","follow":"follow","max-snippet":"max-snippet:-1","max-image-preview":"max-image-preview:large","max-video-preview":"max-video-preview:-1"},"canonical":"https:\/\/theuncommonshop.ch\/fr\/product\/protecc-acryl-case-pokemon-high-class-vmax-booster-box-jpn-2\/","og_locale":"fr_FR","og_type":"article","og_title":"Ach\u00e8te Protecc - Acryl Case - Booster Box Pok\u00e9mon High Class VMAX - JPN","og_description":"Ach\u00e8te Protecc - Acryl Case - Booster Box Pok\u00e9mon High Class VMAX - JPN en ligne maintenant \u00e0 petit prix! Ton #1 shop pour cartes TCG & Pok\u00e9mon en Suisse \u2713 Livraison gratuite d\u00e8s CHF 29","og_url":"https:\/\/theuncommonshop.ch\/fr\/product\/protecc-acryl-case-pokemon-high-class-vmax-booster-box-jpn-2\/","og_site_name":"The Uncommon Shop","article_modified_time":"2026-04-13T20:53:09+00:00","og_image":[{"width":1500,"height":1500,"url":"https:\/\/theuncommonshop.ch\/wp-content\/uploads\/2025\/06\/Design-ohne-Titel-9.jpg","type":"image\/jpeg"}],"twitter_card":"summary_large_image","twitter_misc":{"Prix":"&#67;&#72;&#70;&nbsp;29.95","Disponibilit\u00e9":"En stock"},"schema":{"@context":"https:\/\/schema.org","@graph":[{"@type":"WebPage","@id":"https:\/\/theuncommonshop.ch\/fr\/product\/protecc-acryl-case-pokemon-high-class-vmax-booster-box-jpn-2\/","url":"https:\/\/theuncommonshop.ch\/fr\/product\/protecc-acryl-case-pokemon-high-class-vmax-booster-box-jpn-2\/","name":"Ach\u00e8te Protecc - Acryl Case - Booster Box Pok\u00e9mon High Class VMAX - JPN","isPartOf":{"@id":"https:\/\/theuncommonshop.ch\/fr\/#website"},"primaryImageOfPage":{"@id":"https:\/\/theuncommonshop.ch\/fr\/product\/protecc-acryl-case-pokemon-high-class-vmax-booster-box-jpn-2\/#primaryimage"},"image":{"@id":"https:\/\/theuncommonshop.ch\/fr\/product\/protecc-acryl-case-pokemon-high-class-vmax-booster-box-jpn-2\/#primaryimage"},"thumbnailUrl":"https:\/\/theuncommonshop.ch\/wp-content\/uploads\/2025\/06\/Design-ohne-Titel-9.jpg","datePublished":"2025-06-04T17:01:13+00:00","dateModified":"2026-04-13T20:53:09+00:00","description":"Ach\u00e8te Protecc - Acryl Case - Booster Box Pok\u00e9mon High Class VMAX - JPN en ligne maintenant \u00e0 petit prix! Ton #1 shop pour cartes TCG & Pok\u00e9mon en Suisse \u2713 Livraison gratuite d\u00e8s CHF 29","breadcrumb":{"@id":"https:\/\/theuncommonshop.ch\/fr\/product\/protecc-acryl-case-pokemon-high-class-vmax-booster-box-jpn-2\/#breadcrumb"},"inLanguage":"fr-FR","potentialAction":[{"@type":"ReadAction","target":["https:\/\/theuncommonshop.ch\/fr\/product\/protecc-acryl-case-pokemon-high-class-vmax-booster-box-jpn-2\/"]}]},{"@type":"ImageObject","inLanguage":"fr-FR","@id":"https:\/\/theuncommonshop.ch\/fr\/product\/protecc-acryl-case-pokemon-high-class-vmax-booster-box-jpn-2\/#primaryimage","url":"https:\/\/theuncommonshop.ch\/wp-content\/uploads\/2025\/06\/Design-ohne-Titel-9.jpg","contentUrl":"https:\/\/theuncommonshop.ch\/wp-content\/uploads\/2025\/06\/Design-ohne-Titel-9.jpg","width":1500,"height":1500,"caption":"Design sans titre (9)"},{"@type":"BreadcrumbList","@id":"https:\/\/theuncommonshop.ch\/fr\/product\/protecc-acryl-case-pokemon-high-class-vmax-booster-box-jpn-2\/#breadcrumb","itemListElement":[{"@type":"ListItem","position":1,"name":"Accueil","item":"https:\/\/theuncommonshop.ch\/fr\/accueil\/"},{"@type":"ListItem","position":2,"name":"Boutique","item":"https:\/\/theuncommonshop.ch\/fr\/boutique\/"},{"@type":"ListItem","position":3,"name":"Accessoires TCG","item":"https:\/\/theuncommonshop.ch\/fr\/categorie-produit\/accessoires-tcg\/"},{"@type":"ListItem","position":4,"name":"Rangement","item":"https:\/\/theuncommonshop.ch\/fr\/categorie-produit\/accessoires-tcg\/rangement\/"},{"@type":"ListItem","position":5,"name":"Protecc","item":"https:\/\/theuncommonshop.ch\/fr\/categorie-produit\/accessoires-tcg\/rangement\/protecc-fr\/"},{"@type":"ListItem","position":6,"name":"Protecc &#8211; Acryl Case &#8211; Booster Box Pok\u00e9mon High Class VMAX &#8211; JPN"}]},{"@type":"WebSite","@id":"https:\/\/theuncommonshop.ch\/fr\/#website","url":"https:\/\/theuncommonshop.ch\/fr\/","name":"The Uncommon Shop","description":"Magic, Pok\u00e9mon and Yu-gi-oh - The Uncommon Shop","potentialAction":[{"@type":"SearchAction","target":{"@type":"EntryPoint","urlTemplate":"https:\/\/theuncommonshop.ch\/fr\/?s={search_term_string}"},"query-input":{"@type":"PropertyValueSpecification","valueRequired":true,"valueName":"search_term_string"}}],"inLanguage":"fr-FR"}]},"product_price_amount":"29.95","product_price_currency":"CHF","og_availability":"instock","product_availability":"instock","product_retailer_item_id":"OP.II.A.ProteccAcrylCasePok\u00e9monHigh ClassVMAXBoosterBox.JPN","product_condition":"new"},"_links":{"self":[{"href":"https:\/\/theuncommonshop.ch\/fr\/wp-json\/wp\/v2\/product\/322944","targetHints":{"allow":["GET"]}}],"collection":[{"href":"https:\/\/theuncommonshop.ch\/fr\/wp-json\/wp\/v2\/product"}],"about":[{"href":"https:\/\/theuncommonshop.ch\/fr\/wp-json\/wp\/v2\/types\/product"}],"replies":[{"embeddable":true,"href":"https:\/\/theuncommonshop.ch\/fr\/wp-json\/wp\/v2\/comments?post=322944"}],"version-history":[{"count":0,"href":"https:\/\/theuncommonshop.ch\/fr\/wp-json\/wp\/v2\/product\/322944\/revisions"}],"wp:featuredmedia":[{"embeddable":true,"href":"https:\/\/theuncommonshop.ch\/fr\/wp-json\/wp\/v2\/media\/368697"}],"wp:attachment":[{"href":"https:\/\/theuncommonshop.ch\/fr\/wp-json\/wp\/v2\/media?parent=322944"}],"wp:term":[{"taxonomy":"product_brand","embeddable":true,"href":"https:\/\/theuncommonshop.ch\/fr\/wp-json\/wp\/v2\/product_brand?post=322944"},{"taxonomy":"product_cat","embeddable":true,"href":"https:\/\/theuncommonshop.ch\/fr\/wp-json\/wp\/v2\/product_cat?post=322944"},{"taxonomy":"product_tag","embeddable":true,"href":"https:\/\/theuncommonshop.ch\/fr\/wp-json\/wp\/v2\/product_tag?post=322944"}],"curies":[{"name":"wp","href":"https:\/\/api.w.org\/{rel}","templated":true}]}}