{"id":322898,"date":"2025-06-04T16:08:57","date_gmt":"2025-06-04T16:08:57","guid":{"rendered":"http:\/\/theuncommonshop.ch\/produkt\/322898\/"},"modified":"2026-03-31T19:43:09","modified_gmt":"2026-03-31T17:43:09","slug":"marvel-mission-arena-tcg-starter-deck-en-2","status":"publish","type":"product","link":"https:\/\/theuncommonshop.ch\/fr\/product\/marvel-mission-arena-tcg-starter-deck-en-2\/","title":{"rendered":"Marvel Mission Arena TCG &#8211; Starter Deck &#8211; EN"},"content":{"rendered":"<div>La force de la collection est une structure de jeu profonde avec plusieurs niveaux de complexit\u00e9. Les joueurs les plus jeunes et les moins exp\u00e9riment\u00e9s peuvent apprendre avec une structure simplifi\u00e9e, typique de nombreux autres TCG \u00e0 succ\u00e8s. Elle est favoris\u00e9e par deux decks de d\u00e9marrage th\u00e9matiques de 56 cartes (Avengers, Spider-man), \u00e9quilibr\u00e9s pour \u00eatre imm\u00e9diatement captivants et puissants, tandis que les joueurs plus exp\u00e9riment\u00e9s peuvent d\u00e9velopper leur propre tactique individuelle avec les 219 cartes diff\u00e9rentes disponibles dans les foilbags.  <\/div>\n<div>STARTER DECKS<\/div>\n<div>SPIDER-MAN ET AVENGERS<\/div>\n<div>2 JEUX TH\u00c9MATIQUES DIFF\u00c9RENTS DE 55 CARTES<\/div>\n<div>+ UNE CARTE HOLOGRAPHIQUE SECR\u00c8TE<\/div>\n<div>TOUTES LES CARTES DES DECKS TH\u00c9MATIQUES SONT EXCLUSIVES, Y COMPRIS<\/div>\n<div>LES 4 HOLOGRAPHIQUES SECRETES (1 dans chaque deck de d\u00e9marrage) !<\/div>\n<div>Chaque kit de d\u00e9marrage contient :<\/div>\n<div>1 porte-carte dans chaque pack de deck de d\u00e9marrage<\/div>\n<div>1 guide de d\u00e9marrage rapide<\/div>\n<div>1 jeu de 7 cartes guides pour apprendre rapidement les comp\u00e9tences sp\u00e9ciales<\/div>\n<div>1 plan de jeu<\/div>\n<p>24 fiches de marqueurs de dommages<\/p>\n","protected":false},"excerpt":{"rendered":"<p>La force de la collection est une structure de jeu profonde avec plusieurs niveaux de complexit\u00e9. Les joueurs les plus<\/p>\n","protected":false},"featured_media":116548,"comment_status":"open","ping_status":"closed","template":"","meta":{"_acf_changed":false},"product_brand":[],"product_cat":[9947],"product_tag":[],"class_list":{"0":"post-322898","1":"product","2":"type-product","3":"status-publish","4":"has-post-thumbnail","6":"product_cat-marvel","8":"first","9":"outofstock","10":"taxable","11":"shipping-taxable","12":"purchasable","13":"product-type-variable"},"acf":[],"yoast_head":"<!-- This site is optimized with the Yoast SEO plugin v27.4 - https:\/\/yoast.com\/product\/yoast-seo-wordpress\/ -->\n<title>Ach\u00e8te Marvel Mission Arena TCG - Starter Deck - EN<\/title>\n<meta name=\"description\" content=\"Ach\u00e8te Marvel Mission Arena TCG - Starter Deck - EN en ligne maintenant \u00e0 petit prix! Ton #1 shop pour cartes TCG &amp; Pok\u00e9mon en Suisse \u2713 Livraison gratuite d\u00e8s CHF 29\" \/>\n<meta name=\"robots\" content=\"index, follow, max-snippet:-1, max-image-preview:large, max-video-preview:-1\" \/>\n<link rel=\"canonical\" href=\"https:\/\/theuncommonshop.ch\/fr\/product\/marvel-mission-arena-tcg-starter-deck-en-2\/\" \/>\n<meta property=\"og:locale\" content=\"fr_FR\" \/>\n<meta property=\"og:type\" content=\"article\" \/>\n<meta property=\"og:title\" content=\"Ach\u00e8te Marvel Mission Arena TCG - Starter Deck - EN\" \/>\n<meta property=\"og:description\" content=\"Ach\u00e8te Marvel Mission Arena TCG - Starter Deck - EN en ligne maintenant \u00e0 petit prix! Ton #1 shop pour cartes TCG &amp; Pok\u00e9mon en Suisse \u2713 Livraison gratuite d\u00e8s CHF 29\" \/>\n<meta property=\"og:url\" content=\"https:\/\/theuncommonshop.ch\/fr\/product\/marvel-mission-arena-tcg-starter-deck-en-2\/\" \/>\n<meta property=\"og:site_name\" content=\"The Uncommon Shop\" \/>\n<meta property=\"article:modified_time\" content=\"2026-03-31T17:43:09+00:00\" \/>\n<meta property=\"og:image\" content=\"https:\/\/theuncommonshop.ch\/wp-content\/uploads\/2025\/06\/4595852214.jpg\" \/>\n\t<meta property=\"og:image:width\" content=\"800\" \/>\n\t<meta property=\"og:image:height\" content=\"800\" \/>\n\t<meta property=\"og:image:type\" content=\"image\/jpeg\" \/>\n<meta name=\"twitter:card\" content=\"summary_large_image\" \/>\n<meta name=\"twitter:label1\" content=\"Disponibilit\u00e9\" \/>\n\t<meta name=\"twitter:data1\" content=\"Rupture de stock\" \/>\n<script type=\"application\/ld+json\" class=\"yoast-schema-graph\">{\"@context\":\"https:\\\/\\\/schema.org\",\"@graph\":[{\"@type\":\"WebPage\",\"@id\":\"https:\\\/\\\/theuncommonshop.ch\\\/fr\\\/product\\\/marvel-mission-arena-tcg-starter-deck-en-2\\\/\",\"url\":\"https:\\\/\\\/theuncommonshop.ch\\\/fr\\\/product\\\/marvel-mission-arena-tcg-starter-deck-en-2\\\/\",\"name\":\"Ach\u00e8te Marvel Mission Arena TCG - Starter Deck - EN\",\"isPartOf\":{\"@id\":\"https:\\\/\\\/theuncommonshop.ch\\\/fr\\\/#website\"},\"primaryImageOfPage\":{\"@id\":\"https:\\\/\\\/theuncommonshop.ch\\\/fr\\\/product\\\/marvel-mission-arena-tcg-starter-deck-en-2\\\/#primaryimage\"},\"image\":{\"@id\":\"https:\\\/\\\/theuncommonshop.ch\\\/fr\\\/product\\\/marvel-mission-arena-tcg-starter-deck-en-2\\\/#primaryimage\"},\"thumbnailUrl\":\"https:\\\/\\\/theuncommonshop.ch\\\/wp-content\\\/uploads\\\/2025\\\/06\\\/4595852214.jpg\",\"datePublished\":\"2025-06-04T16:08:57+00:00\",\"dateModified\":\"2026-03-31T17:43:09+00:00\",\"description\":\"Ach\u00e8te Marvel Mission Arena TCG - Starter Deck - EN en ligne maintenant \u00e0 petit prix! Ton #1 shop pour cartes TCG & Pok\u00e9mon en Suisse \u2713 Livraison gratuite d\u00e8s CHF 29\",\"breadcrumb\":{\"@id\":\"https:\\\/\\\/theuncommonshop.ch\\\/fr\\\/product\\\/marvel-mission-arena-tcg-starter-deck-en-2\\\/#breadcrumb\"},\"inLanguage\":\"fr-FR\",\"potentialAction\":[{\"@type\":\"ReadAction\",\"target\":[\"https:\\\/\\\/theuncommonshop.ch\\\/fr\\\/product\\\/marvel-mission-arena-tcg-starter-deck-en-2\\\/\"]}]},{\"@type\":\"ImageObject\",\"inLanguage\":\"fr-FR\",\"@id\":\"https:\\\/\\\/theuncommonshop.ch\\\/fr\\\/product\\\/marvel-mission-arena-tcg-starter-deck-en-2\\\/#primaryimage\",\"url\":\"https:\\\/\\\/theuncommonshop.ch\\\/wp-content\\\/uploads\\\/2025\\\/06\\\/4595852214.jpg\",\"contentUrl\":\"https:\\\/\\\/theuncommonshop.ch\\\/wp-content\\\/uploads\\\/2025\\\/06\\\/4595852214.jpg\",\"width\":800,\"height\":800},{\"@type\":\"BreadcrumbList\",\"@id\":\"https:\\\/\\\/theuncommonshop.ch\\\/fr\\\/product\\\/marvel-mission-arena-tcg-starter-deck-en-2\\\/#breadcrumb\",\"itemListElement\":[{\"@type\":\"ListItem\",\"position\":1,\"name\":\"Accueil\",\"item\":\"https:\\\/\\\/theuncommonshop.ch\\\/fr\\\/accueil\\\/\"},{\"@type\":\"ListItem\",\"position\":2,\"name\":\"Boutique\",\"item\":\"https:\\\/\\\/theuncommonshop.ch\\\/fr\\\/boutique\\\/\"},{\"@type\":\"ListItem\",\"position\":3,\"name\":\"Autres cartes \u00e0 collectionner\",\"item\":\"https:\\\/\\\/theuncommonshop.ch\\\/fr\\\/categorie-produit\\\/autres-cartes-a-collectionner\\\/\"},{\"@type\":\"ListItem\",\"position\":4,\"name\":\"Marvel\",\"item\":\"https:\\\/\\\/theuncommonshop.ch\\\/fr\\\/categorie-produit\\\/autres-cartes-a-collectionner\\\/marvel\\\/\"},{\"@type\":\"ListItem\",\"position\":5,\"name\":\"Marvel Mission Arena TCG &#8211; Starter Deck &#8211; EN\"}]},{\"@type\":\"WebSite\",\"@id\":\"https:\\\/\\\/theuncommonshop.ch\\\/fr\\\/#website\",\"url\":\"https:\\\/\\\/theuncommonshop.ch\\\/fr\\\/\",\"name\":\"The Uncommon Shop\",\"description\":\"Magic, Pok\u00e9mon and Yu-gi-oh - The Uncommon Shop\",\"potentialAction\":[{\"@type\":\"SearchAction\",\"target\":{\"@type\":\"EntryPoint\",\"urlTemplate\":\"https:\\\/\\\/theuncommonshop.ch\\\/fr\\\/?s={search_term_string}\"},\"query-input\":{\"@type\":\"PropertyValueSpecification\",\"valueRequired\":true,\"valueName\":\"search_term_string\"}}],\"inLanguage\":\"fr-FR\"}]}<\/script>\n<meta property=\"og:availability\" content=\"out of stock\" \/>\n<meta property=\"product:availability\" content=\"out of stock\" \/>\n<meta property=\"product:retailer_item_id\" content=\"AL.I.E.MarvelMissionArenaDecks.EN\" \/>\n<meta property=\"product:condition\" content=\"new\" \/>\n<!-- \/ Yoast SEO plugin. -->","yoast_head_json":{"title":"Ach\u00e8te Marvel Mission Arena TCG - Starter Deck - EN","description":"Ach\u00e8te Marvel Mission Arena TCG - Starter Deck - EN en ligne maintenant \u00e0 petit prix! Ton #1 shop pour cartes TCG & Pok\u00e9mon en Suisse \u2713 Livraison gratuite d\u00e8s CHF 29","robots":{"index":"index","follow":"follow","max-snippet":"max-snippet:-1","max-image-preview":"max-image-preview:large","max-video-preview":"max-video-preview:-1"},"canonical":"https:\/\/theuncommonshop.ch\/fr\/product\/marvel-mission-arena-tcg-starter-deck-en-2\/","og_locale":"fr_FR","og_type":"article","og_title":"Ach\u00e8te Marvel Mission Arena TCG - Starter Deck - EN","og_description":"Ach\u00e8te Marvel Mission Arena TCG - Starter Deck - EN en ligne maintenant \u00e0 petit prix! Ton #1 shop pour cartes TCG & Pok\u00e9mon en Suisse \u2713 Livraison gratuite d\u00e8s CHF 29","og_url":"https:\/\/theuncommonshop.ch\/fr\/product\/marvel-mission-arena-tcg-starter-deck-en-2\/","og_site_name":"The Uncommon Shop","article_modified_time":"2026-03-31T17:43:09+00:00","og_image":[{"width":800,"height":800,"url":"https:\/\/theuncommonshop.ch\/wp-content\/uploads\/2025\/06\/4595852214.jpg","type":"image\/jpeg"}],"twitter_card":"summary_large_image","twitter_misc":{"Disponibilit\u00e9":"Rupture de stock"},"schema":{"@context":"https:\/\/schema.org","@graph":[{"@type":"WebPage","@id":"https:\/\/theuncommonshop.ch\/fr\/product\/marvel-mission-arena-tcg-starter-deck-en-2\/","url":"https:\/\/theuncommonshop.ch\/fr\/product\/marvel-mission-arena-tcg-starter-deck-en-2\/","name":"Ach\u00e8te Marvel Mission Arena TCG - Starter Deck - EN","isPartOf":{"@id":"https:\/\/theuncommonshop.ch\/fr\/#website"},"primaryImageOfPage":{"@id":"https:\/\/theuncommonshop.ch\/fr\/product\/marvel-mission-arena-tcg-starter-deck-en-2\/#primaryimage"},"image":{"@id":"https:\/\/theuncommonshop.ch\/fr\/product\/marvel-mission-arena-tcg-starter-deck-en-2\/#primaryimage"},"thumbnailUrl":"https:\/\/theuncommonshop.ch\/wp-content\/uploads\/2025\/06\/4595852214.jpg","datePublished":"2025-06-04T16:08:57+00:00","dateModified":"2026-03-31T17:43:09+00:00","description":"Ach\u00e8te Marvel Mission Arena TCG - Starter Deck - EN en ligne maintenant \u00e0 petit prix! Ton #1 shop pour cartes TCG & Pok\u00e9mon en Suisse \u2713 Livraison gratuite d\u00e8s CHF 29","breadcrumb":{"@id":"https:\/\/theuncommonshop.ch\/fr\/product\/marvel-mission-arena-tcg-starter-deck-en-2\/#breadcrumb"},"inLanguage":"fr-FR","potentialAction":[{"@type":"ReadAction","target":["https:\/\/theuncommonshop.ch\/fr\/product\/marvel-mission-arena-tcg-starter-deck-en-2\/"]}]},{"@type":"ImageObject","inLanguage":"fr-FR","@id":"https:\/\/theuncommonshop.ch\/fr\/product\/marvel-mission-arena-tcg-starter-deck-en-2\/#primaryimage","url":"https:\/\/theuncommonshop.ch\/wp-content\/uploads\/2025\/06\/4595852214.jpg","contentUrl":"https:\/\/theuncommonshop.ch\/wp-content\/uploads\/2025\/06\/4595852214.jpg","width":800,"height":800},{"@type":"BreadcrumbList","@id":"https:\/\/theuncommonshop.ch\/fr\/product\/marvel-mission-arena-tcg-starter-deck-en-2\/#breadcrumb","itemListElement":[{"@type":"ListItem","position":1,"name":"Accueil","item":"https:\/\/theuncommonshop.ch\/fr\/accueil\/"},{"@type":"ListItem","position":2,"name":"Boutique","item":"https:\/\/theuncommonshop.ch\/fr\/boutique\/"},{"@type":"ListItem","position":3,"name":"Autres cartes \u00e0 collectionner","item":"https:\/\/theuncommonshop.ch\/fr\/categorie-produit\/autres-cartes-a-collectionner\/"},{"@type":"ListItem","position":4,"name":"Marvel","item":"https:\/\/theuncommonshop.ch\/fr\/categorie-produit\/autres-cartes-a-collectionner\/marvel\/"},{"@type":"ListItem","position":5,"name":"Marvel Mission Arena TCG &#8211; Starter Deck &#8211; EN"}]},{"@type":"WebSite","@id":"https:\/\/theuncommonshop.ch\/fr\/#website","url":"https:\/\/theuncommonshop.ch\/fr\/","name":"The Uncommon Shop","description":"Magic, Pok\u00e9mon and Yu-gi-oh - The Uncommon Shop","potentialAction":[{"@type":"SearchAction","target":{"@type":"EntryPoint","urlTemplate":"https:\/\/theuncommonshop.ch\/fr\/?s={search_term_string}"},"query-input":{"@type":"PropertyValueSpecification","valueRequired":true,"valueName":"search_term_string"}}],"inLanguage":"fr-FR"}]},"og_availability":"out of stock","product_availability":"out of stock","product_retailer_item_id":"AL.I.E.MarvelMissionArenaDecks.EN","product_condition":"new"},"_links":{"self":[{"href":"https:\/\/theuncommonshop.ch\/fr\/wp-json\/wp\/v2\/product\/322898","targetHints":{"allow":["GET"]}}],"collection":[{"href":"https:\/\/theuncommonshop.ch\/fr\/wp-json\/wp\/v2\/product"}],"about":[{"href":"https:\/\/theuncommonshop.ch\/fr\/wp-json\/wp\/v2\/types\/product"}],"replies":[{"embeddable":true,"href":"https:\/\/theuncommonshop.ch\/fr\/wp-json\/wp\/v2\/comments?post=322898"}],"version-history":[{"count":0,"href":"https:\/\/theuncommonshop.ch\/fr\/wp-json\/wp\/v2\/product\/322898\/revisions"}],"wp:featuredmedia":[{"embeddable":true,"href":"https:\/\/theuncommonshop.ch\/fr\/wp-json\/wp\/v2\/media\/116548"}],"wp:attachment":[{"href":"https:\/\/theuncommonshop.ch\/fr\/wp-json\/wp\/v2\/media?parent=322898"}],"wp:term":[{"taxonomy":"product_brand","embeddable":true,"href":"https:\/\/theuncommonshop.ch\/fr\/wp-json\/wp\/v2\/product_brand?post=322898"},{"taxonomy":"product_cat","embeddable":true,"href":"https:\/\/theuncommonshop.ch\/fr\/wp-json\/wp\/v2\/product_cat?post=322898"},{"taxonomy":"product_tag","embeddable":true,"href":"https:\/\/theuncommonshop.ch\/fr\/wp-json\/wp\/v2\/product_tag?post=322898"}],"curies":[{"name":"wp","href":"https:\/\/api.w.org\/{rel}","templated":true}]}}