{"id":322691,"date":"2025-06-04T18:25:59","date_gmt":"2025-06-04T18:25:59","guid":{"rendered":"http:\/\/theuncommonshop.ch\/produkt\/322691\/"},"modified":"2026-04-02T16:59:07","modified_gmt":"2026-04-02T14:59:07","slug":"magic-kaladesh-kld-booster-display-2","status":"publish","type":"product","link":"https:\/\/theuncommonshop.ch\/fr\/product\/magic-kaladesh-kld-booster-display-2\/","title":{"rendered":"Magic &#8211; Kaladesh (KLD) &#8211; Booster Display"},"content":{"rendered":"<p data-start=\"75\" data-end=\"314\">Entrez dans le monde fascinant de Kaladesh avec le <strong data-start=\"127\" data-end=\"152\">Draft Booster Display<\/strong> de <strong data-start=\"157\" data-end=\"198\"><span class=\"hover:entity-accent entity-underline inline cursor-pointer align-baseline\"><span class=\"whitespace-normal\">Kaladesh<\/span><\/span><\/strong>. Ce set transporte les joueurs dans un monde rayonnant d&#8217;inventeurs, d&#8217;artefacts et de technologies extraordinaires. <\/p>\n<p data-start=\"316\" data-end=\"627\"><strong data-start=\"316\" data-end=\"334\">Kaladesh (KLD)<\/strong> est connue pour son esth\u00e9tique unique et sa forte concentration sur <strong data-start=\"408\" data-end=\"437\">les artefacts et les inventions<\/strong>. Dans la ville de Ghirapur, les plus grands inventeurs du monde s&#8217;affrontent lors du c\u00e9l\u00e8bre <strong data-start=\"513\" data-end=\"548\">march\u00e9 des inventeurs (Inventors&#8217; Fair)<\/strong> pour pr\u00e9senter leurs derni\u00e8res et plus puissantes cr\u00e9ations. <\/p>\n<p data-start=\"629\" data-end=\"907\">Le set apporte des m\u00e9caniques telles que <strong data-start=\"659\" data-end=\"678\">les compteurs d&#8217;\u00e9nergie<\/strong> et <strong data-start=\"683\" data-end=\"695\">les v\u00e9hicules<\/strong>, qui ouvrent de nouvelles possibilit\u00e9s strat\u00e9giques. Les l\u00e9gendaires <strong data-start=\"781\" data-end=\"804\">Kaladesh Inventions<\/strong>, des cartes Masterpiece rares au design unique, sont particuli\u00e8rement recherch\u00e9es et font partie des cartes les plus pr\u00e9cieuses du set. <\/p>\n<p data-start=\"909\" data-end=\"1053\">Le <strong data-start=\"913\" data-end=\"938\">Draft Booster Display<\/strong> est parfait pour les <strong data-start=\"963\" data-end=\"1009\">\u00e9v\u00e9nements de draft, les tournois scell\u00e9s ou les collectionneurs<\/strong> qui souhaitent enrichir leur collection de Magic.<\/p>\n<h3 data-start=\"1055\" data-end=\"1073\">D\u00e9tails du produit<\/h3>\n<p data-start=\"1075\" data-end=\"1500\">&#8211; <strong data-start=\"1077\" data-end=\"1085\">Set :<\/strong> Kaladesh <br data-start=\"1094\" data-end=\"1097\">&#8211; <strong data-start=\"1099\" data-end=\"1118\">Nom fran\u00e7ais :<\/strong> Kaladesh <br data-start=\"1127\" data-end=\"1130\">&#8211; <strong data-start=\"1132\" data-end=\"1145\">Code de l&#8217;ensemble :<\/strong> <strong data-start=\"1146\" data-end=\"1153\">KLD<\/strong><br data-start=\"1153\" data-end=\"1156\">&#8211; <strong data-start=\"1158\" data-end=\"1170\">Langue :<\/strong> <strong data-start=\"1171\" data-end=\"1188\">Anglais (EN)<\/strong><br data-start=\"1188\" data-end=\"1191\" data-is-only-node=\"\">&#8211; <strong data-start=\"1193\" data-end=\"1225\">1 pr\u00e9sentoir contient 36 Boosters<\/strong><br data-start=\"1225\" data-end=\"1228\">&#8211; <strong data-start=\"1230\" data-end=\"1276\">15 cartes Magic : The Gathering par Booster<\/strong><br data-start=\"1276\" data-end=\"1279\">&#8211; Contient des m\u00e9caniques comme <strong data-start=\"1304\" data-end=\"1336\">les compteurs d&#8217;\u00e9nergie et les v\u00e9hicules<\/strong><br data-start=\"1336\" data-end=\"1339\">&#8211; Chance de recevoir <strong data-start=\"1352\" data-end=\"1389\">des cartes Rare, Mythic Rare et Foil<\/strong><br data-start=\"1389\" data-end=\"1392\">&#8211; Chance de recevoir des <strong data-start=\"1413\" data-end=\"1456\">inventions Kaladesh<\/strong> rares <strong data-start=\"1413\" data-end=\"1456\">(s\u00e9rie Masterpiece)<\/strong><br data-start=\"1456\" data-end=\"1459\">&#8211; Id\u00e9al pour les         <strong data-start=\"1471\" data-end=\"1500\">Draft, Sealed et Collectionneur<\/strong><\/p>\n<p data-start=\"1502\" data-end=\"1679\">Avec le <strong data-start=\"1510\" data-end=\"1571\">Draft Booster Display de Magic : The Gathering Kaladesh (KLD)<\/strong>, vous pouvez vivre des parties de draft passionnantes et d\u00e9couvrir des artefacts impressionnants du monde de Kaladesh.<\/p>\n","protected":false},"excerpt":{"rendered":"<p>Entrez dans le monde fascinant de Kaladesh avec le Draft Booster Display de Kaladesh. Ce set transporte les joueurs dans<\/p>\n","protected":false},"featured_media":119836,"comment_status":"open","ping_status":"closed","template":"","meta":{"_acf_changed":false},"product_brand":[5158,5070],"product_cat":[9969,9967],"product_tag":[],"class_list":{"0":"post-322691","1":"product","2":"type-product","3":"status-publish","4":"has-post-thumbnail","6":"product_brand-magic-the-gathering","7":"product_brand-wizards-of-the-coast","8":"product_cat-booster-displays-fr","9":"product_cat-magic-the-gathering-fr","11":"first","12":"instock","13":"taxable","14":"shipping-taxable","15":"purchasable","16":"product-type-variable"},"acf":[],"yoast_head":"<!-- This site is optimized with the Yoast SEO plugin v27.4 - https:\/\/yoast.com\/product\/yoast-seo-wordpress\/ -->\n<title>Ach\u00e8te Magic - Kaladesh (KLD) - Booster Display<\/title>\n<meta name=\"description\" content=\"Ach\u00e8te Magic - Kaladesh (KLD) - Booster Display en ligne maintenant \u00e0 petit prix! Ton #1 shop pour cartes TCG &amp; Pok\u00e9mon en Suisse \u2713 Livraison gratuite d\u00e8s CHF 29\" \/>\n<meta name=\"robots\" content=\"index, follow, max-snippet:-1, max-image-preview:large, max-video-preview:-1\" \/>\n<link rel=\"canonical\" href=\"https:\/\/theuncommonshop.ch\/fr\/product\/magic-kaladesh-kld-booster-display-2\/\" \/>\n<meta property=\"og:locale\" content=\"fr_FR\" \/>\n<meta property=\"og:type\" content=\"article\" \/>\n<meta property=\"og:title\" content=\"Ach\u00e8te Magic - Kaladesh (KLD) - Booster Display\" \/>\n<meta property=\"og:description\" content=\"Ach\u00e8te Magic - Kaladesh (KLD) - Booster Display en ligne maintenant \u00e0 petit prix! Ton #1 shop pour cartes TCG &amp; Pok\u00e9mon en Suisse \u2713 Livraison gratuite d\u00e8s CHF 29\" \/>\n<meta property=\"og:url\" content=\"https:\/\/theuncommonshop.ch\/fr\/product\/magic-kaladesh-kld-booster-display-2\/\" \/>\n<meta property=\"og:site_name\" content=\"The Uncommon Shop\" \/>\n<meta property=\"article:modified_time\" content=\"2026-04-02T14:59:07+00:00\" \/>\n<meta property=\"og:image\" content=\"https:\/\/theuncommonshop.ch\/wp-content\/uploads\/2025\/06\/4681957433.jpg\" \/>\n\t<meta property=\"og:image:width\" content=\"300\" \/>\n\t<meta property=\"og:image:height\" content=\"250\" \/>\n\t<meta property=\"og:image:type\" content=\"image\/jpeg\" \/>\n<meta name=\"twitter:card\" content=\"summary_large_image\" \/>\n<meta name=\"twitter:label1\" content=\"Disponibilit\u00e9\" \/>\n\t<meta name=\"twitter:data1\" content=\"En stock\" \/>\n<script type=\"application\/ld+json\" class=\"yoast-schema-graph\">{\"@context\":\"https:\\\/\\\/schema.org\",\"@graph\":[{\"@type\":\"WebPage\",\"@id\":\"https:\\\/\\\/theuncommonshop.ch\\\/fr\\\/product\\\/magic-kaladesh-kld-booster-display-2\\\/\",\"url\":\"https:\\\/\\\/theuncommonshop.ch\\\/fr\\\/product\\\/magic-kaladesh-kld-booster-display-2\\\/\",\"name\":\"Ach\u00e8te Magic - Kaladesh (KLD) - Booster Display\",\"isPartOf\":{\"@id\":\"https:\\\/\\\/theuncommonshop.ch\\\/fr\\\/#website\"},\"primaryImageOfPage\":{\"@id\":\"https:\\\/\\\/theuncommonshop.ch\\\/fr\\\/product\\\/magic-kaladesh-kld-booster-display-2\\\/#primaryimage\"},\"image\":{\"@id\":\"https:\\\/\\\/theuncommonshop.ch\\\/fr\\\/product\\\/magic-kaladesh-kld-booster-display-2\\\/#primaryimage\"},\"thumbnailUrl\":\"https:\\\/\\\/theuncommonshop.ch\\\/wp-content\\\/uploads\\\/2025\\\/06\\\/4681957433.jpg\",\"datePublished\":\"2025-06-04T18:25:59+00:00\",\"dateModified\":\"2026-04-02T14:59:07+00:00\",\"description\":\"Ach\u00e8te Magic - Kaladesh (KLD) - Booster Display en ligne maintenant \u00e0 petit prix! Ton #1 shop pour cartes TCG & Pok\u00e9mon en Suisse \u2713 Livraison gratuite d\u00e8s CHF 29\",\"breadcrumb\":{\"@id\":\"https:\\\/\\\/theuncommonshop.ch\\\/fr\\\/product\\\/magic-kaladesh-kld-booster-display-2\\\/#breadcrumb\"},\"inLanguage\":\"fr-FR\",\"potentialAction\":[{\"@type\":\"ReadAction\",\"target\":[\"https:\\\/\\\/theuncommonshop.ch\\\/fr\\\/product\\\/magic-kaladesh-kld-booster-display-2\\\/\"]}]},{\"@type\":\"ImageObject\",\"inLanguage\":\"fr-FR\",\"@id\":\"https:\\\/\\\/theuncommonshop.ch\\\/fr\\\/product\\\/magic-kaladesh-kld-booster-display-2\\\/#primaryimage\",\"url\":\"https:\\\/\\\/theuncommonshop.ch\\\/wp-content\\\/uploads\\\/2025\\\/06\\\/4681957433.jpg\",\"contentUrl\":\"https:\\\/\\\/theuncommonshop.ch\\\/wp-content\\\/uploads\\\/2025\\\/06\\\/4681957433.jpg\",\"width\":300,\"height\":250},{\"@type\":\"BreadcrumbList\",\"@id\":\"https:\\\/\\\/theuncommonshop.ch\\\/fr\\\/product\\\/magic-kaladesh-kld-booster-display-2\\\/#breadcrumb\",\"itemListElement\":[{\"@type\":\"ListItem\",\"position\":1,\"name\":\"Accueil\",\"item\":\"https:\\\/\\\/theuncommonshop.ch\\\/fr\\\/accueil\\\/\"},{\"@type\":\"ListItem\",\"position\":2,\"name\":\"Boutique\",\"item\":\"https:\\\/\\\/theuncommonshop.ch\\\/fr\\\/boutique\\\/\"},{\"@type\":\"ListItem\",\"position\":3,\"name\":\"Magic the Gathering\",\"item\":\"https:\\\/\\\/theuncommonshop.ch\\\/fr\\\/categorie-produit\\\/magic-the-gathering-fr\\\/\"},{\"@type\":\"ListItem\",\"position\":4,\"name\":\"Booster Displays\",\"item\":\"https:\\\/\\\/theuncommonshop.ch\\\/fr\\\/categorie-produit\\\/magic-the-gathering-fr\\\/booster-displays-fr\\\/\"},{\"@type\":\"ListItem\",\"position\":5,\"name\":\"Magic &#8211; Kaladesh (KLD) &#8211; Booster Display\"}]},{\"@type\":\"WebSite\",\"@id\":\"https:\\\/\\\/theuncommonshop.ch\\\/fr\\\/#website\",\"url\":\"https:\\\/\\\/theuncommonshop.ch\\\/fr\\\/\",\"name\":\"The Uncommon Shop\",\"description\":\"Magic, Pok\u00e9mon and Yu-gi-oh - The Uncommon Shop\",\"potentialAction\":[{\"@type\":\"SearchAction\",\"target\":{\"@type\":\"EntryPoint\",\"urlTemplate\":\"https:\\\/\\\/theuncommonshop.ch\\\/fr\\\/?s={search_term_string}\"},\"query-input\":{\"@type\":\"PropertyValueSpecification\",\"valueRequired\":true,\"valueName\":\"search_term_string\"}}],\"inLanguage\":\"fr-FR\"}]}<\/script>\n<meta property=\"og:availability\" content=\"instock\" \/>\n<meta property=\"product:availability\" content=\"instock\" \/>\n<meta property=\"product:condition\" content=\"new\" \/>\n<!-- \/ Yoast SEO plugin. -->","yoast_head_json":{"title":"Ach\u00e8te Magic - Kaladesh (KLD) - Booster Display","description":"Ach\u00e8te Magic - Kaladesh (KLD) - Booster Display en ligne maintenant \u00e0 petit prix! Ton #1 shop pour cartes TCG & Pok\u00e9mon en Suisse \u2713 Livraison gratuite d\u00e8s CHF 29","robots":{"index":"index","follow":"follow","max-snippet":"max-snippet:-1","max-image-preview":"max-image-preview:large","max-video-preview":"max-video-preview:-1"},"canonical":"https:\/\/theuncommonshop.ch\/fr\/product\/magic-kaladesh-kld-booster-display-2\/","og_locale":"fr_FR","og_type":"article","og_title":"Ach\u00e8te Magic - Kaladesh (KLD) - Booster Display","og_description":"Ach\u00e8te Magic - Kaladesh (KLD) - Booster Display en ligne maintenant \u00e0 petit prix! Ton #1 shop pour cartes TCG & Pok\u00e9mon en Suisse \u2713 Livraison gratuite d\u00e8s CHF 29","og_url":"https:\/\/theuncommonshop.ch\/fr\/product\/magic-kaladesh-kld-booster-display-2\/","og_site_name":"The Uncommon Shop","article_modified_time":"2026-04-02T14:59:07+00:00","og_image":[{"width":300,"height":250,"url":"https:\/\/theuncommonshop.ch\/wp-content\/uploads\/2025\/06\/4681957433.jpg","type":"image\/jpeg"}],"twitter_card":"summary_large_image","twitter_misc":{"Disponibilit\u00e9":"En stock"},"schema":{"@context":"https:\/\/schema.org","@graph":[{"@type":"WebPage","@id":"https:\/\/theuncommonshop.ch\/fr\/product\/magic-kaladesh-kld-booster-display-2\/","url":"https:\/\/theuncommonshop.ch\/fr\/product\/magic-kaladesh-kld-booster-display-2\/","name":"Ach\u00e8te Magic - Kaladesh (KLD) - Booster Display","isPartOf":{"@id":"https:\/\/theuncommonshop.ch\/fr\/#website"},"primaryImageOfPage":{"@id":"https:\/\/theuncommonshop.ch\/fr\/product\/magic-kaladesh-kld-booster-display-2\/#primaryimage"},"image":{"@id":"https:\/\/theuncommonshop.ch\/fr\/product\/magic-kaladesh-kld-booster-display-2\/#primaryimage"},"thumbnailUrl":"https:\/\/theuncommonshop.ch\/wp-content\/uploads\/2025\/06\/4681957433.jpg","datePublished":"2025-06-04T18:25:59+00:00","dateModified":"2026-04-02T14:59:07+00:00","description":"Ach\u00e8te Magic - Kaladesh (KLD) - Booster Display en ligne maintenant \u00e0 petit prix! Ton #1 shop pour cartes TCG & Pok\u00e9mon en Suisse \u2713 Livraison gratuite d\u00e8s CHF 29","breadcrumb":{"@id":"https:\/\/theuncommonshop.ch\/fr\/product\/magic-kaladesh-kld-booster-display-2\/#breadcrumb"},"inLanguage":"fr-FR","potentialAction":[{"@type":"ReadAction","target":["https:\/\/theuncommonshop.ch\/fr\/product\/magic-kaladesh-kld-booster-display-2\/"]}]},{"@type":"ImageObject","inLanguage":"fr-FR","@id":"https:\/\/theuncommonshop.ch\/fr\/product\/magic-kaladesh-kld-booster-display-2\/#primaryimage","url":"https:\/\/theuncommonshop.ch\/wp-content\/uploads\/2025\/06\/4681957433.jpg","contentUrl":"https:\/\/theuncommonshop.ch\/wp-content\/uploads\/2025\/06\/4681957433.jpg","width":300,"height":250},{"@type":"BreadcrumbList","@id":"https:\/\/theuncommonshop.ch\/fr\/product\/magic-kaladesh-kld-booster-display-2\/#breadcrumb","itemListElement":[{"@type":"ListItem","position":1,"name":"Accueil","item":"https:\/\/theuncommonshop.ch\/fr\/accueil\/"},{"@type":"ListItem","position":2,"name":"Boutique","item":"https:\/\/theuncommonshop.ch\/fr\/boutique\/"},{"@type":"ListItem","position":3,"name":"Magic the Gathering","item":"https:\/\/theuncommonshop.ch\/fr\/categorie-produit\/magic-the-gathering-fr\/"},{"@type":"ListItem","position":4,"name":"Booster Displays","item":"https:\/\/theuncommonshop.ch\/fr\/categorie-produit\/magic-the-gathering-fr\/booster-displays-fr\/"},{"@type":"ListItem","position":5,"name":"Magic &#8211; Kaladesh (KLD) &#8211; Booster Display"}]},{"@type":"WebSite","@id":"https:\/\/theuncommonshop.ch\/fr\/#website","url":"https:\/\/theuncommonshop.ch\/fr\/","name":"The Uncommon Shop","description":"Magic, Pok\u00e9mon and Yu-gi-oh - The Uncommon Shop","potentialAction":[{"@type":"SearchAction","target":{"@type":"EntryPoint","urlTemplate":"https:\/\/theuncommonshop.ch\/fr\/?s={search_term_string}"},"query-input":{"@type":"PropertyValueSpecification","valueRequired":true,"valueName":"search_term_string"}}],"inLanguage":"fr-FR"}]},"og_availability":"instock","product_availability":"instock","product_condition":"new"},"_links":{"self":[{"href":"https:\/\/theuncommonshop.ch\/fr\/wp-json\/wp\/v2\/product\/322691","targetHints":{"allow":["GET"]}}],"collection":[{"href":"https:\/\/theuncommonshop.ch\/fr\/wp-json\/wp\/v2\/product"}],"about":[{"href":"https:\/\/theuncommonshop.ch\/fr\/wp-json\/wp\/v2\/types\/product"}],"replies":[{"embeddable":true,"href":"https:\/\/theuncommonshop.ch\/fr\/wp-json\/wp\/v2\/comments?post=322691"}],"version-history":[{"count":0,"href":"https:\/\/theuncommonshop.ch\/fr\/wp-json\/wp\/v2\/product\/322691\/revisions"}],"wp:featuredmedia":[{"embeddable":true,"href":"https:\/\/theuncommonshop.ch\/fr\/wp-json\/wp\/v2\/media\/119836"}],"wp:attachment":[{"href":"https:\/\/theuncommonshop.ch\/fr\/wp-json\/wp\/v2\/media?parent=322691"}],"wp:term":[{"taxonomy":"product_brand","embeddable":true,"href":"https:\/\/theuncommonshop.ch\/fr\/wp-json\/wp\/v2\/product_brand?post=322691"},{"taxonomy":"product_cat","embeddable":true,"href":"https:\/\/theuncommonshop.ch\/fr\/wp-json\/wp\/v2\/product_cat?post=322691"},{"taxonomy":"product_tag","embeddable":true,"href":"https:\/\/theuncommonshop.ch\/fr\/wp-json\/wp\/v2\/product_tag?post=322691"}],"curies":[{"name":"wp","href":"https:\/\/api.w.org\/{rel}","templated":true}]}}