{"id":322647,"date":"2025-06-04T18:28:11","date_gmt":"2025-06-04T18:28:11","guid":{"rendered":"http:\/\/theuncommonshop.ch\/produkt\/322647\/"},"modified":"2026-03-29T11:04:11","modified_gmt":"2026-03-29T09:04:11","slug":"pokemon-karmesin-und-purpur-zenit-der-koenige-sea-sky-premium-kollektion-2","status":"publish","type":"product","link":"https:\/\/theuncommonshop.ch\/fr\/product\/pokemon-karmesin-und-purpur-zenit-der-koenige-sea-sky-premium-kollektion-2\/","title":{"rendered":"Pok\u00e9mon &#8211; Karmesin &amp; Purpur : Le Z\u00e9nith des Rois &#8211; Sea &amp; Sky Premium Kollektion"},"content":{"rendered":"<p>Pok\u00e9mon TCG : Crown Zenith Premium Collection Mer &amp; Ciel<\/p>\n<div>Lancement : September 01, 2024<\/div>\n<div>Deux l\u00e9gendes de la r\u00e9gion de Hoenn s&#8217;associent \u00e0 de nombreuses All-Stars de Galar, Hisui et d&#8217;ailleurs ! Canalisez les forces de la mer et du ciel et enrichissez votre collection de Pok\u00e9mon TCG avec des dizaines de cartes. Dans cette bo\u00eete, vous trouverez des cartes Foil pr\u00eates \u00e0 jouer avec Rayquaza V, Kyogre V, Rayquaza et Kyogre, ainsi qu&#8217;une version Foil surdimensionn\u00e9e de Rayquaza V \u00e0 exposer. Pour compl\u00e9ter le tout, une pile de 14 Booster Packs de l&#8217;extension Pok\u00e9mon TCG : Crown Zenith vous donne de nombreuses possibilit\u00e9s de cr\u00e9er votre prochain deck fantastique.   <\/div>\n<div><\/div>\n<div>Le Pok\u00e9mon TCG : Crown Zenith Premium Collection-Sea &amp; Sky comprend :<\/div>\n<div><\/div>\n<ul>\n<li>4 cartes Foil avec Rayquaza V, Kyogre V, Rayquaza et Kyogre<\/li>\n<li>1 carte Foil surdimensionn\u00e9e avec Rayquaza V<\/li>\n<li>14 Booster Packs Pok\u00e9mon TCG : Le Zenit des Rois<\/li>\n<li>Une carte de code<\/li>\n<\/ul>\n","protected":false},"excerpt":{"rendered":"<p>Pok\u00e9mon TCG : Crown Zenith Premium Collection Mer &amp; Ciel Lancement : September 01, 2024 Deux l\u00e9gendes de la r\u00e9gion<\/p>\n","protected":false},"featured_media":119890,"comment_status":"open","ping_status":"closed","template":"","meta":{"_acf_changed":false},"product_brand":[5114,5072],"product_cat":[9811,9777,10143],"product_tag":[],"class_list":{"0":"post-322647","1":"product","2":"type-product","3":"status-publish","4":"has-post-thumbnail","6":"product_brand-pokemon","7":"product_brand-the-pokemon-company","8":"product_cat-coffrets-et-collections-pokemon","9":"product_cat-pokemon-fr","10":"product_cat-swsh125-zenith-supreme","12":"first","13":"instock","14":"taxable","15":"shipping-taxable","16":"purchasable","17":"product-type-variable"},"acf":[],"yoast_head":"<!-- This site is optimized with the Yoast SEO plugin v27.4 - https:\/\/yoast.com\/product\/yoast-seo-wordpress\/ -->\n<title>Ach\u00e8te Pok\u00e9mon - Karmesin &amp; Purpur : Le Z\u00e9nith des Rois - Sea &amp; Sky Premium Kollektion<\/title>\n<meta name=\"description\" content=\"Ach\u00e8te Pok\u00e9mon - Karmesin &amp; Purpur : Le Z\u00e9nith des Rois - Sea &amp; Sky Premium Kollektion en ligne maintenant \u00e0 petit prix! Ton #1 shop pour cartes TCG &amp; Pok\u00e9mon en Suisse \u2713 Livraison gratuite d\u00e8s CHF 29\" \/>\n<meta name=\"robots\" content=\"index, follow, max-snippet:-1, max-image-preview:large, max-video-preview:-1\" \/>\n<link rel=\"canonical\" href=\"https:\/\/theuncommonshop.ch\/fr\/product\/pokemon-karmesin-und-purpur-zenit-der-koenige-sea-sky-premium-kollektion-2\/\" \/>\n<meta property=\"og:locale\" content=\"fr_FR\" \/>\n<meta property=\"og:type\" content=\"article\" \/>\n<meta property=\"og:title\" content=\"Ach\u00e8te Pok\u00e9mon - Karmesin &amp; Purpur : Le Z\u00e9nith des Rois - Sea &amp; Sky Premium Kollektion\" \/>\n<meta property=\"og:description\" content=\"Ach\u00e8te Pok\u00e9mon - Karmesin &amp; Purpur : Le Z\u00e9nith des Rois - Sea &amp; Sky Premium Kollektion en ligne maintenant \u00e0 petit prix! Ton #1 shop pour cartes TCG &amp; Pok\u00e9mon en Suisse \u2713 Livraison gratuite d\u00e8s CHF 29\" \/>\n<meta property=\"og:url\" content=\"https:\/\/theuncommonshop.ch\/fr\/product\/pokemon-karmesin-und-purpur-zenit-der-koenige-sea-sky-premium-kollektion-2\/\" \/>\n<meta property=\"og:site_name\" content=\"Largest trading card shop in Switzerland\" \/>\n<meta property=\"article:modified_time\" content=\"2026-03-29T09:04:11+00:00\" \/>\n<meta property=\"og:image\" content=\"https:\/\/theuncommonshop.ch\/wp-content\/uploads\/2025\/06\/4688069623.jpg\" \/>\n\t<meta property=\"og:image:width\" content=\"1500\" \/>\n\t<meta property=\"og:image:height\" content=\"790\" \/>\n\t<meta property=\"og:image:type\" content=\"image\/jpeg\" \/>\n<meta name=\"twitter:card\" content=\"summary_large_image\" \/>\n<meta name=\"twitter:label1\" content=\"Disponibilit\u00e9\" \/>\n\t<meta name=\"twitter:data1\" content=\"En stock\" \/>\n<script type=\"application\/ld+json\" class=\"yoast-schema-graph\">{\"@context\":\"https:\\\/\\\/schema.org\",\"@graph\":[{\"@type\":\"WebPage\",\"@id\":\"https:\\\/\\\/theuncommonshop.ch\\\/fr\\\/product\\\/pokemon-karmesin-und-purpur-zenit-der-koenige-sea-sky-premium-kollektion-2\\\/\",\"url\":\"https:\\\/\\\/theuncommonshop.ch\\\/fr\\\/product\\\/pokemon-karmesin-und-purpur-zenit-der-koenige-sea-sky-premium-kollektion-2\\\/\",\"name\":\"Ach\u00e8te Pok\u00e9mon - Karmesin &amp; Purpur : Le Z\u00e9nith des Rois - Sea &amp; Sky Premium Kollektion\",\"isPartOf\":{\"@id\":\"https:\\\/\\\/theuncommonshop.ch\\\/#website\"},\"primaryImageOfPage\":{\"@id\":\"https:\\\/\\\/theuncommonshop.ch\\\/fr\\\/product\\\/pokemon-karmesin-und-purpur-zenit-der-koenige-sea-sky-premium-kollektion-2\\\/#primaryimage\"},\"image\":{\"@id\":\"https:\\\/\\\/theuncommonshop.ch\\\/fr\\\/product\\\/pokemon-karmesin-und-purpur-zenit-der-koenige-sea-sky-premium-kollektion-2\\\/#primaryimage\"},\"thumbnailUrl\":\"https:\\\/\\\/theuncommonshop.ch\\\/wp-content\\\/uploads\\\/2025\\\/06\\\/4688069623.jpg\",\"datePublished\":\"2025-06-04T18:28:11+00:00\",\"dateModified\":\"2026-03-29T09:04:11+00:00\",\"description\":\"Ach\u00e8te Pok\u00e9mon - Karmesin &amp; Purpur : Le Z\u00e9nith des Rois - Sea &amp; Sky Premium Kollektion en ligne maintenant \u00e0 petit prix! Ton #1 shop pour cartes TCG & Pok\u00e9mon en Suisse \u2713 Livraison gratuite d\u00e8s CHF 29\",\"breadcrumb\":{\"@id\":\"https:\\\/\\\/theuncommonshop.ch\\\/fr\\\/product\\\/pokemon-karmesin-und-purpur-zenit-der-koenige-sea-sky-premium-kollektion-2\\\/#breadcrumb\"},\"inLanguage\":\"fr-FR\",\"potentialAction\":[{\"@type\":\"ReadAction\",\"target\":[\"https:\\\/\\\/theuncommonshop.ch\\\/fr\\\/product\\\/pokemon-karmesin-und-purpur-zenit-der-koenige-sea-sky-premium-kollektion-2\\\/\"]}]},{\"@type\":\"ImageObject\",\"inLanguage\":\"fr-FR\",\"@id\":\"https:\\\/\\\/theuncommonshop.ch\\\/fr\\\/product\\\/pokemon-karmesin-und-purpur-zenit-der-koenige-sea-sky-premium-kollektion-2\\\/#primaryimage\",\"url\":\"https:\\\/\\\/theuncommonshop.ch\\\/wp-content\\\/uploads\\\/2025\\\/06\\\/4688069623.jpg\",\"contentUrl\":\"https:\\\/\\\/theuncommonshop.ch\\\/wp-content\\\/uploads\\\/2025\\\/06\\\/4688069623.jpg\",\"width\":1500,\"height\":790},{\"@type\":\"BreadcrumbList\",\"@id\":\"https:\\\/\\\/theuncommonshop.ch\\\/fr\\\/product\\\/pokemon-karmesin-und-purpur-zenit-der-koenige-sea-sky-premium-kollektion-2\\\/#breadcrumb\",\"itemListElement\":[{\"@type\":\"ListItem\",\"position\":1,\"name\":\"Accueil\",\"item\":\"https:\\\/\\\/theuncommonshop.ch\\\/fr\\\/accueil\\\/\"},{\"@type\":\"ListItem\",\"position\":2,\"name\":\"Boutique\",\"item\":\"https:\\\/\\\/theuncommonshop.ch\\\/fr\\\/boutique\\\/\"},{\"@type\":\"ListItem\",\"position\":3,\"name\":\"Pok\u00e9mon\",\"item\":\"https:\\\/\\\/theuncommonshop.ch\\\/fr\\\/categorie-produit\\\/pokemon-fr\\\/\"},{\"@type\":\"ListItem\",\"position\":4,\"name\":\"Produits par lots\",\"item\":\"https:\\\/\\\/theuncommonshop.ch\\\/fr\\\/categorie-produit\\\/pokemon-fr\\\/produits-par-lots\\\/\"},{\"@type\":\"ListItem\",\"position\":5,\"name\":\"\u00c9p\u00e9e & Bouclier\",\"item\":\"https:\\\/\\\/theuncommonshop.ch\\\/fr\\\/categorie-produit\\\/pokemon-fr\\\/produits-par-lots\\\/epee-et-bouclier\\\/\"},{\"@type\":\"ListItem\",\"position\":6,\"name\":\"SWSH12.5 Z\u00e9nith Supr\u00eame\",\"item\":\"https:\\\/\\\/theuncommonshop.ch\\\/fr\\\/categorie-produit\\\/pokemon-fr\\\/produits-par-lots\\\/epee-et-bouclier\\\/swsh125-zenith-supreme\\\/\"},{\"@type\":\"ListItem\",\"position\":7,\"name\":\"Pok\u00e9mon &#8211; Karmesin &amp; Purpur : Le Z\u00e9nith des Rois &#8211; Sea &amp; Sky Premium Kollektion\"}]},{\"@type\":\"WebSite\",\"@id\":\"https:\\\/\\\/theuncommonshop.ch\\\/#website\",\"url\":\"https:\\\/\\\/theuncommonshop.ch\\\/\",\"name\":\"Largest trading card shop in Switzerland\",\"description\":\"Magic, Pok\u00e9mon and Yu-gi-oh - The Uncommon Shop\",\"potentialAction\":[{\"@type\":\"SearchAction\",\"target\":{\"@type\":\"EntryPoint\",\"urlTemplate\":\"https:\\\/\\\/theuncommonshop.ch\\\/?s={search_term_string}\"},\"query-input\":{\"@type\":\"PropertyValueSpecification\",\"valueRequired\":true,\"valueName\":\"search_term_string\"}}],\"inLanguage\":\"fr-FR\"}]}<\/script>\n<meta property=\"og:availability\" content=\"instock\" \/>\n<meta property=\"product:availability\" content=\"instock\" \/>\n<meta property=\"product:retailer_item_id\" content=\"PO.III.D.Sea&amp;skykoll.EN\" \/>\n<meta property=\"product:condition\" content=\"new\" \/>\n<!-- \/ Yoast SEO plugin. -->","yoast_head_json":{"title":"Ach\u00e8te Pok\u00e9mon - Karmesin &amp; Purpur : Le Z\u00e9nith des Rois - Sea &amp; Sky Premium Kollektion","description":"Ach\u00e8te Pok\u00e9mon - Karmesin &amp; Purpur : Le Z\u00e9nith des Rois - Sea &amp; Sky Premium Kollektion en ligne maintenant \u00e0 petit prix! Ton #1 shop pour cartes TCG & Pok\u00e9mon en Suisse \u2713 Livraison gratuite d\u00e8s CHF 29","robots":{"index":"index","follow":"follow","max-snippet":"max-snippet:-1","max-image-preview":"max-image-preview:large","max-video-preview":"max-video-preview:-1"},"canonical":"https:\/\/theuncommonshop.ch\/fr\/product\/pokemon-karmesin-und-purpur-zenit-der-koenige-sea-sky-premium-kollektion-2\/","og_locale":"fr_FR","og_type":"article","og_title":"Ach\u00e8te Pok\u00e9mon - Karmesin &amp; Purpur : Le Z\u00e9nith des Rois - Sea &amp; Sky Premium Kollektion","og_description":"Ach\u00e8te Pok\u00e9mon - Karmesin &amp; Purpur : Le Z\u00e9nith des Rois - Sea &amp; Sky Premium Kollektion en ligne maintenant \u00e0 petit prix! Ton #1 shop pour cartes TCG & Pok\u00e9mon en Suisse \u2713 Livraison gratuite d\u00e8s CHF 29","og_url":"https:\/\/theuncommonshop.ch\/fr\/product\/pokemon-karmesin-und-purpur-zenit-der-koenige-sea-sky-premium-kollektion-2\/","og_site_name":"Largest trading card shop in Switzerland","article_modified_time":"2026-03-29T09:04:11+00:00","og_image":[{"width":1500,"height":790,"url":"https:\/\/theuncommonshop.ch\/wp-content\/uploads\/2025\/06\/4688069623.jpg","type":"image\/jpeg"}],"twitter_card":"summary_large_image","twitter_misc":{"Disponibilit\u00e9":"En stock"},"schema":{"@context":"https:\/\/schema.org","@graph":[{"@type":"WebPage","@id":"https:\/\/theuncommonshop.ch\/fr\/product\/pokemon-karmesin-und-purpur-zenit-der-koenige-sea-sky-premium-kollektion-2\/","url":"https:\/\/theuncommonshop.ch\/fr\/product\/pokemon-karmesin-und-purpur-zenit-der-koenige-sea-sky-premium-kollektion-2\/","name":"Ach\u00e8te Pok\u00e9mon - Karmesin &amp; Purpur : Le Z\u00e9nith des Rois - Sea &amp; Sky Premium Kollektion","isPartOf":{"@id":"https:\/\/theuncommonshop.ch\/#website"},"primaryImageOfPage":{"@id":"https:\/\/theuncommonshop.ch\/fr\/product\/pokemon-karmesin-und-purpur-zenit-der-koenige-sea-sky-premium-kollektion-2\/#primaryimage"},"image":{"@id":"https:\/\/theuncommonshop.ch\/fr\/product\/pokemon-karmesin-und-purpur-zenit-der-koenige-sea-sky-premium-kollektion-2\/#primaryimage"},"thumbnailUrl":"https:\/\/theuncommonshop.ch\/wp-content\/uploads\/2025\/06\/4688069623.jpg","datePublished":"2025-06-04T18:28:11+00:00","dateModified":"2026-03-29T09:04:11+00:00","description":"Ach\u00e8te Pok\u00e9mon - Karmesin &amp; Purpur : Le Z\u00e9nith des Rois - Sea &amp; Sky Premium Kollektion en ligne maintenant \u00e0 petit prix! Ton #1 shop pour cartes TCG & Pok\u00e9mon en Suisse \u2713 Livraison gratuite d\u00e8s CHF 29","breadcrumb":{"@id":"https:\/\/theuncommonshop.ch\/fr\/product\/pokemon-karmesin-und-purpur-zenit-der-koenige-sea-sky-premium-kollektion-2\/#breadcrumb"},"inLanguage":"fr-FR","potentialAction":[{"@type":"ReadAction","target":["https:\/\/theuncommonshop.ch\/fr\/product\/pokemon-karmesin-und-purpur-zenit-der-koenige-sea-sky-premium-kollektion-2\/"]}]},{"@type":"ImageObject","inLanguage":"fr-FR","@id":"https:\/\/theuncommonshop.ch\/fr\/product\/pokemon-karmesin-und-purpur-zenit-der-koenige-sea-sky-premium-kollektion-2\/#primaryimage","url":"https:\/\/theuncommonshop.ch\/wp-content\/uploads\/2025\/06\/4688069623.jpg","contentUrl":"https:\/\/theuncommonshop.ch\/wp-content\/uploads\/2025\/06\/4688069623.jpg","width":1500,"height":790},{"@type":"BreadcrumbList","@id":"https:\/\/theuncommonshop.ch\/fr\/product\/pokemon-karmesin-und-purpur-zenit-der-koenige-sea-sky-premium-kollektion-2\/#breadcrumb","itemListElement":[{"@type":"ListItem","position":1,"name":"Accueil","item":"https:\/\/theuncommonshop.ch\/fr\/accueil\/"},{"@type":"ListItem","position":2,"name":"Boutique","item":"https:\/\/theuncommonshop.ch\/fr\/boutique\/"},{"@type":"ListItem","position":3,"name":"Pok\u00e9mon","item":"https:\/\/theuncommonshop.ch\/fr\/categorie-produit\/pokemon-fr\/"},{"@type":"ListItem","position":4,"name":"Produits par lots","item":"https:\/\/theuncommonshop.ch\/fr\/categorie-produit\/pokemon-fr\/produits-par-lots\/"},{"@type":"ListItem","position":5,"name":"\u00c9p\u00e9e & Bouclier","item":"https:\/\/theuncommonshop.ch\/fr\/categorie-produit\/pokemon-fr\/produits-par-lots\/epee-et-bouclier\/"},{"@type":"ListItem","position":6,"name":"SWSH12.5 Z\u00e9nith Supr\u00eame","item":"https:\/\/theuncommonshop.ch\/fr\/categorie-produit\/pokemon-fr\/produits-par-lots\/epee-et-bouclier\/swsh125-zenith-supreme\/"},{"@type":"ListItem","position":7,"name":"Pok\u00e9mon &#8211; Karmesin &amp; Purpur : Le Z\u00e9nith des Rois &#8211; Sea &amp; Sky Premium Kollektion"}]},{"@type":"WebSite","@id":"https:\/\/theuncommonshop.ch\/#website","url":"https:\/\/theuncommonshop.ch\/","name":"Largest trading card shop in Switzerland","description":"Magic, Pok\u00e9mon and Yu-gi-oh - The Uncommon Shop","potentialAction":[{"@type":"SearchAction","target":{"@type":"EntryPoint","urlTemplate":"https:\/\/theuncommonshop.ch\/?s={search_term_string}"},"query-input":{"@type":"PropertyValueSpecification","valueRequired":true,"valueName":"search_term_string"}}],"inLanguage":"fr-FR"}]},"og_availability":"instock","product_availability":"instock","product_retailer_item_id":"PO.III.D.Sea&skykoll.EN","product_condition":"new"},"_links":{"self":[{"href":"https:\/\/theuncommonshop.ch\/fr\/wp-json\/wp\/v2\/product\/322647","targetHints":{"allow":["GET"]}}],"collection":[{"href":"https:\/\/theuncommonshop.ch\/fr\/wp-json\/wp\/v2\/product"}],"about":[{"href":"https:\/\/theuncommonshop.ch\/fr\/wp-json\/wp\/v2\/types\/product"}],"replies":[{"embeddable":true,"href":"https:\/\/theuncommonshop.ch\/fr\/wp-json\/wp\/v2\/comments?post=322647"}],"version-history":[{"count":2,"href":"https:\/\/theuncommonshop.ch\/fr\/wp-json\/wp\/v2\/product\/322647\/revisions"}],"predecessor-version":[{"id":358480,"href":"https:\/\/theuncommonshop.ch\/fr\/wp-json\/wp\/v2\/product\/322647\/revisions\/358480"}],"wp:featuredmedia":[{"embeddable":true,"href":"https:\/\/theuncommonshop.ch\/fr\/wp-json\/wp\/v2\/media\/119890"}],"wp:attachment":[{"href":"https:\/\/theuncommonshop.ch\/fr\/wp-json\/wp\/v2\/media?parent=322647"}],"wp:term":[{"taxonomy":"product_brand","embeddable":true,"href":"https:\/\/theuncommonshop.ch\/fr\/wp-json\/wp\/v2\/product_brand?post=322647"},{"taxonomy":"product_cat","embeddable":true,"href":"https:\/\/theuncommonshop.ch\/fr\/wp-json\/wp\/v2\/product_cat?post=322647"},{"taxonomy":"product_tag","embeddable":true,"href":"https:\/\/theuncommonshop.ch\/fr\/wp-json\/wp\/v2\/product_tag?post=322647"}],"curies":[{"name":"wp","href":"https:\/\/api.w.org\/{rel}","templated":true}]}}