{"id":322192,"date":"2025-06-12T10:07:29","date_gmt":"2025-06-12T10:07:29","guid":{"rendered":"http:\/\/theuncommonshop.ch\/produkt\/322192\/"},"modified":"2026-03-29T17:41:47","modified_gmt":"2026-03-29T15:41:47","slug":"magic-zendikar-rising-znr-collector-booster-display-3","status":"publish","type":"product","link":"https:\/\/theuncommonshop.ch\/fr\/product\/magic-zendikar-rising-znr-collector-booster-display-3\/","title":{"rendered":"Magic &#8211; Zendikar Rising (ZNR) &#8211; Collector Booster Display"},"content":{"rendered":"<p data-start=\"88\" data-end=\"409\">Replongez dans l&#8217;aventure dangereuse de Zendikar avec le <strong data-start=\"162\" data-end=\"191\">Collector Booster Display<\/strong> de <strong data-start=\"196\" data-end=\"237\"><span class=\"hover:entity-accent entity-underline inline cursor-pointer align-baseline\"><span class=\"whitespace-normal\">Zendikar Rising<\/span><\/span><\/strong>. Ce coffret emm\u00e8ne \u00e0 nouveau les joueurs dans l&#8217;un des mondes les plus populaires du multivers Magic, connu pour ses paysages sauvages, ses ruines anciennes et ses puissants pouvoirs \u00e9l\u00e9mentaires. <\/p>\n<p data-start=\"411\" data-end=\"688\"><strong data-start=\"411\" data-end=\"436\">Zendikar Rising (ZNR)<\/strong> met l&#8217;accent sur l&#8217;aventure et l&#8217;exploration. Les joueurs peuvent rejoindre diff\u00e9rents groupes d&#8217;aventuriers et d\u00e9velopper des strat\u00e9gies autour de la <strong data-start=\"587\" data-end=\"605\">m\u00e9canique des parties<\/strong>, o\u00f9 <strong data-start=\"626\" data-end=\"670\">guerriers, clercs, sorciers et voleurs<\/strong> travaillent ensemble. <\/p>\n<p data-start=\"690\" data-end=\"988\">Les <strong data-start=\"694\" data-end=\"715\">Collector Boosters<\/strong> sont sp\u00e9cialement con\u00e7us pour les collectionneurs et contiennent un nombre particuli\u00e8rement \u00e9lev\u00e9 de <strong data-start=\"783\" data-end=\"861\">cartes Foil, de cartes Showcase, de variantes Extended-Art et de cartes Borderless<\/strong>. Les <strong data-start=\"904\" data-end=\"934\">pays<\/strong> spectaculaires <strong data-start=\"904\" data-end=\"934\">de l&#8217;exp\u00e9dition Zendikar<\/strong>, qui peuvent appara\u00eetre sous forme de variantes de cartes sp\u00e9ciales, sont particuli\u00e8rement recherch\u00e9s. <\/p>\n<h3 data-start=\"990\" data-end=\"1008\">D\u00e9tails du produit<\/h3>\n<p data-start=\"1010\" data-end=\"1460\">&#8211;  <strong data-start=\"1012\" data-end=\"1020\">Set :<\/strong> Zendikar Rising<br data-start=\"1036\" data-end=\"1039\">&#8211;  <strong data-start=\"1041\" data-end=\"1060\">Nom fran\u00e7ais :<\/strong> Zendikars Erneuerung<br data-start=\"1081\" data-end=\"1084\">&#8211; <strong data-start=\"1086\" data-end=\"1099\">Code de l&#8217;ensemble :<\/strong> <strong data-start=\"1100\" data-end=\"1107\">ZNR<\/strong><br data-start=\"1107\" data-end=\"1110\">&#8211; <strong data-start=\"1112\" data-end=\"1154\">1 pr\u00e9sentoir contient 12 Collector Booster<\/strong><br data-start=\"1154\" data-end=\"1157\" data-is-only-node=\"\">&#8211; <strong data-start=\"1159\" data-end=\"1205\">15 cartes Magic : The Gathering par Booster<\/strong><br data-start=\"1205\" data-end=\"1208\">&#8211; Contient de nombreuses <strong data-start=\"1229\" data-end=\"1274\">cartes Foil et des variantes sp\u00e9ciales de cartes<\/strong><br data-start=\"1274\" data-end=\"1277\">&#8211; Chance d&#8217;obtenir des <strong data-start=\"1290\" data-end=\"1340\">cartes Showcase, Extended Art et Borderless<\/strong><br data-start=\"1340\" data-end=\"1343\">&#8211; Chance d&#8217;obtenir des <strong data-start=\"1364\" data-end=\"1394\">pays<\/strong> rares <strong data-start=\"1364\" data-end=\"1394\">Zendikar Expedition<\/strong><br data-start=\"1394\" data-end=\"1397\">&#8211; Parfaitement adapt\u00e9 aux joueurs de Magic <strong data-start=\"1159\" data-end=\"1205\">the Gathering<\/strong>       <strong data-start=\"1420\" data-end=\"1460\">Collectionneurs et pulls de cartes de qualit\u00e9<\/strong><\/p>\n<p data-start=\"1462\" data-end=\"1646\">Avec le <strong data-start=\"1470\" data-end=\"1542\">Collector Booster Display Zendikar Rising (ZNR) de Magic : The Gathering<\/strong>, vous vous assurez d&#8217;obtenir des cartes particuli\u00e8rement rares et des variantes spectaculaires du monde d&#8217;aventure de Zendikar.<\/p>\n","protected":false},"excerpt":{"rendered":"<p>Replongez dans l&#8217;aventure dangereuse de Zendikar avec le Collector Booster Display de Zendikar Rising. Ce coffret emm\u00e8ne \u00e0 nouveau les<\/p>\n","protected":false},"featured_media":18874,"comment_status":"open","ping_status":"closed","template":"","meta":{"_acf_changed":false},"product_brand":[5158,5070],"product_cat":[9969,9967],"product_tag":[],"class_list":{"0":"post-322192","1":"product","2":"type-product","3":"status-publish","4":"has-post-thumbnail","6":"product_brand-magic-the-gathering","7":"product_brand-wizards-of-the-coast","8":"product_cat-booster-displays-fr","9":"product_cat-magic-the-gathering-fr","11":"first","12":"instock","13":"taxable","14":"shipping-taxable","15":"purchasable","16":"product-type-variable"},"acf":[],"yoast_head":"<!-- This site is optimized with the Yoast SEO plugin v27.4 - https:\/\/yoast.com\/product\/yoast-seo-wordpress\/ -->\n<title>Ach\u00e8te Magic - Zendikar Rising (ZNR) - Collector Booster Display<\/title>\n<meta name=\"description\" content=\"Ach\u00e8te Magic - Zendikar Rising (ZNR) - Collector Booster Display en ligne maintenant \u00e0 petit prix! Ton #1 shop pour cartes TCG &amp; Pok\u00e9mon en Suisse \u2713 Livraison gratuite d\u00e8s CHF 29\" \/>\n<meta name=\"robots\" content=\"index, follow, max-snippet:-1, max-image-preview:large, max-video-preview:-1\" \/>\n<link rel=\"canonical\" href=\"https:\/\/theuncommonshop.ch\/fr\/product\/magic-zendikar-rising-znr-collector-booster-display-3\/\" \/>\n<meta property=\"og:locale\" content=\"fr_FR\" \/>\n<meta property=\"og:type\" content=\"article\" \/>\n<meta property=\"og:title\" content=\"Ach\u00e8te Magic - Zendikar Rising (ZNR) - Collector Booster Display\" \/>\n<meta property=\"og:description\" content=\"Ach\u00e8te Magic - Zendikar Rising (ZNR) - Collector Booster Display en ligne maintenant \u00e0 petit prix! Ton #1 shop pour cartes TCG &amp; Pok\u00e9mon en Suisse \u2713 Livraison gratuite d\u00e8s CHF 29\" \/>\n<meta property=\"og:url\" content=\"https:\/\/theuncommonshop.ch\/fr\/product\/magic-zendikar-rising-znr-collector-booster-display-3\/\" \/>\n<meta property=\"og:site_name\" content=\"Largest trading card shop in Switzerland\" \/>\n<meta property=\"article:modified_time\" content=\"2026-03-29T15:41:47+00:00\" \/>\n<meta property=\"og:image\" content=\"https:\/\/theuncommonshop.ch\/wp-content\/uploads\/2025\/05\/1553919047.jpg\" \/>\n\t<meta property=\"og:image:width\" content=\"900\" \/>\n\t<meta property=\"og:image:height\" content=\"989\" \/>\n\t<meta property=\"og:image:type\" content=\"image\/jpeg\" \/>\n<meta name=\"twitter:card\" content=\"summary_large_image\" \/>\n<meta name=\"twitter:label1\" content=\"Disponibilit\u00e9\" \/>\n\t<meta name=\"twitter:data1\" content=\"En stock\" \/>\n<script type=\"application\/ld+json\" class=\"yoast-schema-graph\">{\"@context\":\"https:\\\/\\\/schema.org\",\"@graph\":[{\"@type\":\"WebPage\",\"@id\":\"https:\\\/\\\/theuncommonshop.ch\\\/fr\\\/product\\\/magic-zendikar-rising-znr-collector-booster-display-3\\\/\",\"url\":\"https:\\\/\\\/theuncommonshop.ch\\\/fr\\\/product\\\/magic-zendikar-rising-znr-collector-booster-display-3\\\/\",\"name\":\"Ach\u00e8te Magic - Zendikar Rising (ZNR) - Collector Booster Display\",\"isPartOf\":{\"@id\":\"https:\\\/\\\/theuncommonshop.ch\\\/#website\"},\"primaryImageOfPage\":{\"@id\":\"https:\\\/\\\/theuncommonshop.ch\\\/fr\\\/product\\\/magic-zendikar-rising-znr-collector-booster-display-3\\\/#primaryimage\"},\"image\":{\"@id\":\"https:\\\/\\\/theuncommonshop.ch\\\/fr\\\/product\\\/magic-zendikar-rising-znr-collector-booster-display-3\\\/#primaryimage\"},\"thumbnailUrl\":\"https:\\\/\\\/theuncommonshop.ch\\\/wp-content\\\/uploads\\\/2025\\\/05\\\/1553919047.jpg\",\"datePublished\":\"2025-06-12T10:07:29+00:00\",\"dateModified\":\"2026-03-29T15:41:47+00:00\",\"description\":\"Ach\u00e8te Magic - Zendikar Rising (ZNR) - Collector Booster Display en ligne maintenant \u00e0 petit prix! Ton #1 shop pour cartes TCG & Pok\u00e9mon en Suisse \u2713 Livraison gratuite d\u00e8s CHF 29\",\"breadcrumb\":{\"@id\":\"https:\\\/\\\/theuncommonshop.ch\\\/fr\\\/product\\\/magic-zendikar-rising-znr-collector-booster-display-3\\\/#breadcrumb\"},\"inLanguage\":\"fr-FR\",\"potentialAction\":[{\"@type\":\"ReadAction\",\"target\":[\"https:\\\/\\\/theuncommonshop.ch\\\/fr\\\/product\\\/magic-zendikar-rising-znr-collector-booster-display-3\\\/\"]}]},{\"@type\":\"ImageObject\",\"inLanguage\":\"fr-FR\",\"@id\":\"https:\\\/\\\/theuncommonshop.ch\\\/fr\\\/product\\\/magic-zendikar-rising-znr-collector-booster-display-3\\\/#primaryimage\",\"url\":\"https:\\\/\\\/theuncommonshop.ch\\\/wp-content\\\/uploads\\\/2025\\\/05\\\/1553919047.jpg\",\"contentUrl\":\"https:\\\/\\\/theuncommonshop.ch\\\/wp-content\\\/uploads\\\/2025\\\/05\\\/1553919047.jpg\",\"width\":900,\"height\":989},{\"@type\":\"BreadcrumbList\",\"@id\":\"https:\\\/\\\/theuncommonshop.ch\\\/fr\\\/product\\\/magic-zendikar-rising-znr-collector-booster-display-3\\\/#breadcrumb\",\"itemListElement\":[{\"@type\":\"ListItem\",\"position\":1,\"name\":\"Accueil\",\"item\":\"https:\\\/\\\/theuncommonshop.ch\\\/fr\\\/accueil\\\/\"},{\"@type\":\"ListItem\",\"position\":2,\"name\":\"Boutique\",\"item\":\"https:\\\/\\\/theuncommonshop.ch\\\/fr\\\/boutique\\\/\"},{\"@type\":\"ListItem\",\"position\":3,\"name\":\"Magic the Gathering\",\"item\":\"https:\\\/\\\/theuncommonshop.ch\\\/fr\\\/categorie-produit\\\/magic-the-gathering-fr\\\/\"},{\"@type\":\"ListItem\",\"position\":4,\"name\":\"Booster Displays\",\"item\":\"https:\\\/\\\/theuncommonshop.ch\\\/fr\\\/categorie-produit\\\/magic-the-gathering-fr\\\/booster-displays-fr\\\/\"},{\"@type\":\"ListItem\",\"position\":5,\"name\":\"Magic &#8211; Zendikar Rising (ZNR) &#8211; Collector Booster Display\"}]},{\"@type\":\"WebSite\",\"@id\":\"https:\\\/\\\/theuncommonshop.ch\\\/#website\",\"url\":\"https:\\\/\\\/theuncommonshop.ch\\\/\",\"name\":\"Largest trading card shop in Switzerland\",\"description\":\"Magic, Pok\u00e9mon and Yu-gi-oh - The Uncommon Shop\",\"potentialAction\":[{\"@type\":\"SearchAction\",\"target\":{\"@type\":\"EntryPoint\",\"urlTemplate\":\"https:\\\/\\\/theuncommonshop.ch\\\/?s={search_term_string}\"},\"query-input\":{\"@type\":\"PropertyValueSpecification\",\"valueRequired\":true,\"valueName\":\"search_term_string\"}}],\"inLanguage\":\"fr-FR\"}]}<\/script>\n<meta property=\"og:availability\" content=\"instock\" \/>\n<meta property=\"product:availability\" content=\"instock\" \/>\n<meta property=\"product:condition\" content=\"new\" \/>\n<!-- \/ Yoast SEO plugin. -->","yoast_head_json":{"title":"Ach\u00e8te Magic - Zendikar Rising (ZNR) - Collector Booster Display","description":"Ach\u00e8te Magic - Zendikar Rising (ZNR) - Collector Booster Display en ligne maintenant \u00e0 petit prix! Ton #1 shop pour cartes TCG & Pok\u00e9mon en Suisse \u2713 Livraison gratuite d\u00e8s CHF 29","robots":{"index":"index","follow":"follow","max-snippet":"max-snippet:-1","max-image-preview":"max-image-preview:large","max-video-preview":"max-video-preview:-1"},"canonical":"https:\/\/theuncommonshop.ch\/fr\/product\/magic-zendikar-rising-znr-collector-booster-display-3\/","og_locale":"fr_FR","og_type":"article","og_title":"Ach\u00e8te Magic - Zendikar Rising (ZNR) - Collector Booster Display","og_description":"Ach\u00e8te Magic - Zendikar Rising (ZNR) - Collector Booster Display en ligne maintenant \u00e0 petit prix! Ton #1 shop pour cartes TCG & Pok\u00e9mon en Suisse \u2713 Livraison gratuite d\u00e8s CHF 29","og_url":"https:\/\/theuncommonshop.ch\/fr\/product\/magic-zendikar-rising-znr-collector-booster-display-3\/","og_site_name":"Largest trading card shop in Switzerland","article_modified_time":"2026-03-29T15:41:47+00:00","og_image":[{"width":900,"height":989,"url":"https:\/\/theuncommonshop.ch\/wp-content\/uploads\/2025\/05\/1553919047.jpg","type":"image\/jpeg"}],"twitter_card":"summary_large_image","twitter_misc":{"Disponibilit\u00e9":"En stock"},"schema":{"@context":"https:\/\/schema.org","@graph":[{"@type":"WebPage","@id":"https:\/\/theuncommonshop.ch\/fr\/product\/magic-zendikar-rising-znr-collector-booster-display-3\/","url":"https:\/\/theuncommonshop.ch\/fr\/product\/magic-zendikar-rising-znr-collector-booster-display-3\/","name":"Ach\u00e8te Magic - Zendikar Rising (ZNR) - Collector Booster Display","isPartOf":{"@id":"https:\/\/theuncommonshop.ch\/#website"},"primaryImageOfPage":{"@id":"https:\/\/theuncommonshop.ch\/fr\/product\/magic-zendikar-rising-znr-collector-booster-display-3\/#primaryimage"},"image":{"@id":"https:\/\/theuncommonshop.ch\/fr\/product\/magic-zendikar-rising-znr-collector-booster-display-3\/#primaryimage"},"thumbnailUrl":"https:\/\/theuncommonshop.ch\/wp-content\/uploads\/2025\/05\/1553919047.jpg","datePublished":"2025-06-12T10:07:29+00:00","dateModified":"2026-03-29T15:41:47+00:00","description":"Ach\u00e8te Magic - Zendikar Rising (ZNR) - Collector Booster Display en ligne maintenant \u00e0 petit prix! Ton #1 shop pour cartes TCG & Pok\u00e9mon en Suisse \u2713 Livraison gratuite d\u00e8s CHF 29","breadcrumb":{"@id":"https:\/\/theuncommonshop.ch\/fr\/product\/magic-zendikar-rising-znr-collector-booster-display-3\/#breadcrumb"},"inLanguage":"fr-FR","potentialAction":[{"@type":"ReadAction","target":["https:\/\/theuncommonshop.ch\/fr\/product\/magic-zendikar-rising-znr-collector-booster-display-3\/"]}]},{"@type":"ImageObject","inLanguage":"fr-FR","@id":"https:\/\/theuncommonshop.ch\/fr\/product\/magic-zendikar-rising-znr-collector-booster-display-3\/#primaryimage","url":"https:\/\/theuncommonshop.ch\/wp-content\/uploads\/2025\/05\/1553919047.jpg","contentUrl":"https:\/\/theuncommonshop.ch\/wp-content\/uploads\/2025\/05\/1553919047.jpg","width":900,"height":989},{"@type":"BreadcrumbList","@id":"https:\/\/theuncommonshop.ch\/fr\/product\/magic-zendikar-rising-znr-collector-booster-display-3\/#breadcrumb","itemListElement":[{"@type":"ListItem","position":1,"name":"Accueil","item":"https:\/\/theuncommonshop.ch\/fr\/accueil\/"},{"@type":"ListItem","position":2,"name":"Boutique","item":"https:\/\/theuncommonshop.ch\/fr\/boutique\/"},{"@type":"ListItem","position":3,"name":"Magic the Gathering","item":"https:\/\/theuncommonshop.ch\/fr\/categorie-produit\/magic-the-gathering-fr\/"},{"@type":"ListItem","position":4,"name":"Booster Displays","item":"https:\/\/theuncommonshop.ch\/fr\/categorie-produit\/magic-the-gathering-fr\/booster-displays-fr\/"},{"@type":"ListItem","position":5,"name":"Magic &#8211; Zendikar Rising (ZNR) &#8211; Collector Booster Display"}]},{"@type":"WebSite","@id":"https:\/\/theuncommonshop.ch\/#website","url":"https:\/\/theuncommonshop.ch\/","name":"Largest trading card shop in Switzerland","description":"Magic, Pok\u00e9mon and Yu-gi-oh - The Uncommon Shop","potentialAction":[{"@type":"SearchAction","target":{"@type":"EntryPoint","urlTemplate":"https:\/\/theuncommonshop.ch\/?s={search_term_string}"},"query-input":{"@type":"PropertyValueSpecification","valueRequired":true,"valueName":"search_term_string"}}],"inLanguage":"fr-FR"}]},"og_availability":"instock","product_availability":"instock","product_condition":"new"},"_links":{"self":[{"href":"https:\/\/theuncommonshop.ch\/fr\/wp-json\/wp\/v2\/product\/322192","targetHints":{"allow":["GET"]}}],"collection":[{"href":"https:\/\/theuncommonshop.ch\/fr\/wp-json\/wp\/v2\/product"}],"about":[{"href":"https:\/\/theuncommonshop.ch\/fr\/wp-json\/wp\/v2\/types\/product"}],"replies":[{"embeddable":true,"href":"https:\/\/theuncommonshop.ch\/fr\/wp-json\/wp\/v2\/comments?post=322192"}],"version-history":[{"count":2,"href":"https:\/\/theuncommonshop.ch\/fr\/wp-json\/wp\/v2\/product\/322192\/revisions"}],"predecessor-version":[{"id":360622,"href":"https:\/\/theuncommonshop.ch\/fr\/wp-json\/wp\/v2\/product\/322192\/revisions\/360622"}],"wp:featuredmedia":[{"embeddable":true,"href":"https:\/\/theuncommonshop.ch\/fr\/wp-json\/wp\/v2\/media\/18874"}],"wp:attachment":[{"href":"https:\/\/theuncommonshop.ch\/fr\/wp-json\/wp\/v2\/media?parent=322192"}],"wp:term":[{"taxonomy":"product_brand","embeddable":true,"href":"https:\/\/theuncommonshop.ch\/fr\/wp-json\/wp\/v2\/product_brand?post=322192"},{"taxonomy":"product_cat","embeddable":true,"href":"https:\/\/theuncommonshop.ch\/fr\/wp-json\/wp\/v2\/product_cat?post=322192"},{"taxonomy":"product_tag","embeddable":true,"href":"https:\/\/theuncommonshop.ch\/fr\/wp-json\/wp\/v2\/product_tag?post=322192"}],"curies":[{"name":"wp","href":"https:\/\/api.w.org\/{rel}","templated":true}]}}