{"id":322180,"date":"2025-06-12T10:07:10","date_gmt":"2025-06-12T10:07:10","guid":{"rendered":"http:\/\/theuncommonshop.ch\/produkt\/322180\/"},"modified":"2026-03-29T14:09:38","modified_gmt":"2026-03-29T12:09:38","slug":"yu-gi-oh-speed-duel-battle-city-box-2","status":"publish","type":"product","link":"https:\/\/theuncommonshop.ch\/fr\/product\/yu-gi-oh-speed-duel-battle-city-box-2\/","title":{"rendered":"Yu-Gi-Oh ! &#8211; Speed Duel Battle City &#8211; Bo\u00eete"},"content":{"rendered":"<p>Le Yu-Gi-Oh ! TRADING CARD GAME Speed Duel : Battle City Box permet \u00e0 8 joueurs maximum de participer \u00e0 un tournoi dynamique. Il contient un pool statique de 200 cartes, dont 193 sont toutes nouvelles, \u00e0 partir desquelles vous pouvez cr\u00e9er diff\u00e9rentes strat\u00e9gies populaires ! Vous pr\u00e9f\u00e9rez laisser les strat\u00e9gies ensemble ou partager le pool de cartes entre vos amis ? C&#8217;est vous qui d\u00e9cidez de la fa\u00e7on dont vous voulez jouer !  <\/p>\n<p>Les cartes de dieux \u00e9gyptiens tant convoit\u00e9es font enfin leur apparition dans Speed Duel ! D\u00e9vastez avec Obelisk, le Peineur, \u00e9crasez avec Slifer, le Dragon c\u00e9leste, ou r\u00e9gnez avec Le Dragon ail\u00e9 de R\u00e2 ! D&#8217;autres cartes embl\u00e9matiques sont \u00e9galement introduites, dont des paquets de puissance comme Jinzo, le Paladin noir et le Dragon canon XYZ.  <\/p>\n<p>Avec des cartes d&#8217;aptitude pour de nombreux duellistes l\u00e9gendaires de l&#8217;Anime, vous pouvez vous battre en duel en incarnant certains de vos personnages pr\u00e9f\u00e9r\u00e9s. Utilisez les tactiques audacieuses de Yami Yugi, la force calcul\u00e9e de Kaiba ou d\u00e9couvrez le c\u00f4t\u00e9 plus sombre avec le vicieux Espa Roba, Odion, Arkana et bien d&#8217;autres ! <\/p>\n<p>Chaque bo\u00eete de Yu-Gi-Oh ! TRADING CARD GAME Speed Duel : Battle City contient 20 cartes d&#8217;aptitude, dont 16 sont toutes nouvelles. Personnalisez votre strat\u00e9gie avec des effets sp\u00e9ciaux uniquement pour Speed Duel ; la bo\u00eete offre des heures de plaisir sans fin avec la construction de vos decks !  <\/p>\n<p>Kaiba a accueilli le tournoi Battle City pour s&#8217;approprier les l\u00e9gendaires cartes des dieux \u00e9gyptiens. Il serait donc normal que vous ne vous battiez que pour des prix exclusifs. En plus de la bo\u00eete de Yu-Gi-Oh ! TRADING CARD GAME Speed Duel : Battle City, il y a un paquet sp\u00e9cial de 8 cartes Secret Rare parmi un pool de 24 cartes. Alors \u00e9coutez votre instinct de chasseur et am\u00e9liorez certaines des cartes les plus c\u00e9l\u00e8bres de l&#8217;histoire du duel avec d&#8217;autres favorites des fans pour atteindre le plus haut niveau de raret\u00e9 Speed Duel jamais publi\u00e9 ! Vous pouvez les offrir comme prix dans votre propre tournoi, en donner une \u00e0 chaque participant ou simplement les garder toutes pour vous !     <\/p>\n<p>Pour pouvoir utiliser une carte en speed duel, le symbole speed duel doit \u00eatre pr\u00e9sent sur la carte. Les cartes sans ce symbole ne sont pas autoris\u00e9es. Les cartes de capacit\u00e9 ne peuvent \u00eatre utilis\u00e9es qu&#8217;en speed dueling.  <\/p>\n<p><strong>Le Yu-Gi-Oh ! TRADING CARD GAME Speed Duel : Battle City Box Set contient : <\/strong><\/p>\n<ul>\n<li>200 cartes communes<\/li>\n<li>20 cartes d&#8217;aptitude<\/li>\n<li>8 (de 24) cartes Secret Rare<\/li>\n<li>4 Tapis de jeu Yugi Deluxe<\/li>\n<li>4 Tapis de jeu Kaiba Deluxe<\/li>\n<\/ul>\n","protected":false},"excerpt":{"rendered":"<p>Le Yu-Gi-Oh ! TRADING CARD GAME Speed Duel : Battle City Box permet \u00e0 8 joueurs maximum de participer \u00e0<\/p>\n","protected":false},"featured_media":18867,"comment_status":"open","ping_status":"closed","template":"","meta":{"_acf_changed":false},"product_brand":[5074,5112],"product_cat":[9839,9779],"product_tag":[],"class_list":{"0":"post-322180","1":"product","2":"type-product","3":"status-publish","4":"has-post-thumbnail","6":"product_brand-konami","7":"product_brand-yu-gi-oh","8":"product_cat-coffrets-et-collections-yugioh","9":"product_cat-yu-gi-oh-fr","11":"first","12":"outofstock","13":"taxable","14":"shipping-taxable","15":"purchasable","16":"product-type-variable"},"acf":[],"yoast_head":"<!-- This site is optimized with the Yoast SEO plugin v27.4 - https:\/\/yoast.com\/product\/yoast-seo-wordpress\/ -->\n<title>Ach\u00e8te Yu-Gi-Oh ! - Speed Duel Battle City - Bo\u00eete<\/title>\n<meta name=\"description\" content=\"Ach\u00e8te Yu-Gi-Oh ! - Speed Duel Battle City - Bo\u00eete en ligne maintenant \u00e0 petit prix! Ton #1 shop pour cartes TCG &amp; Pok\u00e9mon en Suisse \u2713 Livraison gratuite d\u00e8s CHF 29\" \/>\n<meta name=\"robots\" content=\"index, follow, max-snippet:-1, max-image-preview:large, max-video-preview:-1\" \/>\n<link rel=\"canonical\" href=\"https:\/\/theuncommonshop.ch\/fr\/product\/yu-gi-oh-speed-duel-battle-city-box-2\/\" \/>\n<meta property=\"og:locale\" content=\"fr_FR\" \/>\n<meta property=\"og:type\" content=\"article\" \/>\n<meta property=\"og:title\" content=\"Ach\u00e8te Yu-Gi-Oh ! - Speed Duel Battle City - Bo\u00eete\" \/>\n<meta property=\"og:description\" content=\"Ach\u00e8te Yu-Gi-Oh ! - Speed Duel Battle City - Bo\u00eete en ligne maintenant \u00e0 petit prix! Ton #1 shop pour cartes TCG &amp; Pok\u00e9mon en Suisse \u2713 Livraison gratuite d\u00e8s CHF 29\" \/>\n<meta property=\"og:url\" content=\"https:\/\/theuncommonshop.ch\/fr\/product\/yu-gi-oh-speed-duel-battle-city-box-2\/\" \/>\n<meta property=\"og:site_name\" content=\"Largest trading card shop in Switzerland\" \/>\n<meta property=\"article:modified_time\" content=\"2026-03-29T12:09:38+00:00\" \/>\n<meta property=\"og:image\" content=\"https:\/\/theuncommonshop.ch\/wp-content\/uploads\/2025\/05\/1561359543.jpg\" \/>\n\t<meta property=\"og:image:width\" content=\"1426\" \/>\n\t<meta property=\"og:image:height\" content=\"905\" \/>\n\t<meta property=\"og:image:type\" content=\"image\/jpeg\" \/>\n<meta name=\"twitter:card\" content=\"summary_large_image\" \/>\n<meta name=\"twitter:label1\" content=\"Disponibilit\u00e9\" \/>\n\t<meta name=\"twitter:data1\" content=\"Rupture de stock\" \/>\n<script type=\"application\/ld+json\" class=\"yoast-schema-graph\">{\"@context\":\"https:\\\/\\\/schema.org\",\"@graph\":[{\"@type\":\"WebPage\",\"@id\":\"https:\\\/\\\/theuncommonshop.ch\\\/fr\\\/product\\\/yu-gi-oh-speed-duel-battle-city-box-2\\\/\",\"url\":\"https:\\\/\\\/theuncommonshop.ch\\\/fr\\\/product\\\/yu-gi-oh-speed-duel-battle-city-box-2\\\/\",\"name\":\"Ach\u00e8te Yu-Gi-Oh ! - Speed Duel Battle City - Bo\u00eete\",\"isPartOf\":{\"@id\":\"https:\\\/\\\/theuncommonshop.ch\\\/#website\"},\"primaryImageOfPage\":{\"@id\":\"https:\\\/\\\/theuncommonshop.ch\\\/fr\\\/product\\\/yu-gi-oh-speed-duel-battle-city-box-2\\\/#primaryimage\"},\"image\":{\"@id\":\"https:\\\/\\\/theuncommonshop.ch\\\/fr\\\/product\\\/yu-gi-oh-speed-duel-battle-city-box-2\\\/#primaryimage\"},\"thumbnailUrl\":\"https:\\\/\\\/theuncommonshop.ch\\\/wp-content\\\/uploads\\\/2025\\\/05\\\/1561359543.jpg\",\"datePublished\":\"2025-06-12T10:07:10+00:00\",\"dateModified\":\"2026-03-29T12:09:38+00:00\",\"description\":\"Ach\u00e8te Yu-Gi-Oh ! - Speed Duel Battle City - Bo\u00eete en ligne maintenant \u00e0 petit prix! Ton #1 shop pour cartes TCG & Pok\u00e9mon en Suisse \u2713 Livraison gratuite d\u00e8s CHF 29\",\"breadcrumb\":{\"@id\":\"https:\\\/\\\/theuncommonshop.ch\\\/fr\\\/product\\\/yu-gi-oh-speed-duel-battle-city-box-2\\\/#breadcrumb\"},\"inLanguage\":\"fr-FR\",\"potentialAction\":[{\"@type\":\"ReadAction\",\"target\":[\"https:\\\/\\\/theuncommonshop.ch\\\/fr\\\/product\\\/yu-gi-oh-speed-duel-battle-city-box-2\\\/\"]}]},{\"@type\":\"ImageObject\",\"inLanguage\":\"fr-FR\",\"@id\":\"https:\\\/\\\/theuncommonshop.ch\\\/fr\\\/product\\\/yu-gi-oh-speed-duel-battle-city-box-2\\\/#primaryimage\",\"url\":\"https:\\\/\\\/theuncommonshop.ch\\\/wp-content\\\/uploads\\\/2025\\\/05\\\/1561359543.jpg\",\"contentUrl\":\"https:\\\/\\\/theuncommonshop.ch\\\/wp-content\\\/uploads\\\/2025\\\/05\\\/1561359543.jpg\",\"width\":1426,\"height\":905},{\"@type\":\"BreadcrumbList\",\"@id\":\"https:\\\/\\\/theuncommonshop.ch\\\/fr\\\/product\\\/yu-gi-oh-speed-duel-battle-city-box-2\\\/#breadcrumb\",\"itemListElement\":[{\"@type\":\"ListItem\",\"position\":1,\"name\":\"Accueil\",\"item\":\"https:\\\/\\\/theuncommonshop.ch\\\/fr\\\/accueil\\\/\"},{\"@type\":\"ListItem\",\"position\":2,\"name\":\"Boutique\",\"item\":\"https:\\\/\\\/theuncommonshop.ch\\\/fr\\\/boutique\\\/\"},{\"@type\":\"ListItem\",\"position\":3,\"name\":\"Yu-Gi-Oh!\",\"item\":\"https:\\\/\\\/theuncommonshop.ch\\\/fr\\\/categorie-produit\\\/yu-gi-oh-fr\\\/\"},{\"@type\":\"ListItem\",\"position\":4,\"name\":\"Coffrets & collections\",\"item\":\"https:\\\/\\\/theuncommonshop.ch\\\/fr\\\/categorie-produit\\\/yu-gi-oh-fr\\\/coffrets-et-collections-yugioh\\\/\"},{\"@type\":\"ListItem\",\"position\":5,\"name\":\"Yu-Gi-Oh ! &#8211; Speed Duel Battle City &#8211; Bo\u00eete\"}]},{\"@type\":\"WebSite\",\"@id\":\"https:\\\/\\\/theuncommonshop.ch\\\/#website\",\"url\":\"https:\\\/\\\/theuncommonshop.ch\\\/\",\"name\":\"Largest trading card shop in Switzerland\",\"description\":\"Magic, Pok\u00e9mon and Yu-gi-oh - The Uncommon Shop\",\"potentialAction\":[{\"@type\":\"SearchAction\",\"target\":{\"@type\":\"EntryPoint\",\"urlTemplate\":\"https:\\\/\\\/theuncommonshop.ch\\\/?s={search_term_string}\"},\"query-input\":{\"@type\":\"PropertyValueSpecification\",\"valueRequired\":true,\"valueName\":\"search_term_string\"}}],\"inLanguage\":\"fr-FR\"}]}<\/script>\n<meta property=\"og:availability\" content=\"out of stock\" \/>\n<meta property=\"product:availability\" content=\"out of stock\" \/>\n<meta property=\"product:retailer_item_id\" content=\"YGO.VII.F.BattleBox.DE\" \/>\n<meta property=\"product:condition\" content=\"new\" \/>\n<!-- \/ Yoast SEO plugin. -->","yoast_head_json":{"title":"Ach\u00e8te Yu-Gi-Oh ! - Speed Duel Battle City - Bo\u00eete","description":"Ach\u00e8te Yu-Gi-Oh ! - Speed Duel Battle City - Bo\u00eete en ligne maintenant \u00e0 petit prix! Ton #1 shop pour cartes TCG & Pok\u00e9mon en Suisse \u2713 Livraison gratuite d\u00e8s CHF 29","robots":{"index":"index","follow":"follow","max-snippet":"max-snippet:-1","max-image-preview":"max-image-preview:large","max-video-preview":"max-video-preview:-1"},"canonical":"https:\/\/theuncommonshop.ch\/fr\/product\/yu-gi-oh-speed-duel-battle-city-box-2\/","og_locale":"fr_FR","og_type":"article","og_title":"Ach\u00e8te Yu-Gi-Oh ! - Speed Duel Battle City - Bo\u00eete","og_description":"Ach\u00e8te Yu-Gi-Oh ! - Speed Duel Battle City - Bo\u00eete en ligne maintenant \u00e0 petit prix! Ton #1 shop pour cartes TCG & Pok\u00e9mon en Suisse \u2713 Livraison gratuite d\u00e8s CHF 29","og_url":"https:\/\/theuncommonshop.ch\/fr\/product\/yu-gi-oh-speed-duel-battle-city-box-2\/","og_site_name":"Largest trading card shop in Switzerland","article_modified_time":"2026-03-29T12:09:38+00:00","og_image":[{"width":1426,"height":905,"url":"https:\/\/theuncommonshop.ch\/wp-content\/uploads\/2025\/05\/1561359543.jpg","type":"image\/jpeg"}],"twitter_card":"summary_large_image","twitter_misc":{"Disponibilit\u00e9":"Rupture de stock"},"schema":{"@context":"https:\/\/schema.org","@graph":[{"@type":"WebPage","@id":"https:\/\/theuncommonshop.ch\/fr\/product\/yu-gi-oh-speed-duel-battle-city-box-2\/","url":"https:\/\/theuncommonshop.ch\/fr\/product\/yu-gi-oh-speed-duel-battle-city-box-2\/","name":"Ach\u00e8te Yu-Gi-Oh ! - Speed Duel Battle City - Bo\u00eete","isPartOf":{"@id":"https:\/\/theuncommonshop.ch\/#website"},"primaryImageOfPage":{"@id":"https:\/\/theuncommonshop.ch\/fr\/product\/yu-gi-oh-speed-duel-battle-city-box-2\/#primaryimage"},"image":{"@id":"https:\/\/theuncommonshop.ch\/fr\/product\/yu-gi-oh-speed-duel-battle-city-box-2\/#primaryimage"},"thumbnailUrl":"https:\/\/theuncommonshop.ch\/wp-content\/uploads\/2025\/05\/1561359543.jpg","datePublished":"2025-06-12T10:07:10+00:00","dateModified":"2026-03-29T12:09:38+00:00","description":"Ach\u00e8te Yu-Gi-Oh ! - Speed Duel Battle City - Bo\u00eete en ligne maintenant \u00e0 petit prix! Ton #1 shop pour cartes TCG & Pok\u00e9mon en Suisse \u2713 Livraison gratuite d\u00e8s CHF 29","breadcrumb":{"@id":"https:\/\/theuncommonshop.ch\/fr\/product\/yu-gi-oh-speed-duel-battle-city-box-2\/#breadcrumb"},"inLanguage":"fr-FR","potentialAction":[{"@type":"ReadAction","target":["https:\/\/theuncommonshop.ch\/fr\/product\/yu-gi-oh-speed-duel-battle-city-box-2\/"]}]},{"@type":"ImageObject","inLanguage":"fr-FR","@id":"https:\/\/theuncommonshop.ch\/fr\/product\/yu-gi-oh-speed-duel-battle-city-box-2\/#primaryimage","url":"https:\/\/theuncommonshop.ch\/wp-content\/uploads\/2025\/05\/1561359543.jpg","contentUrl":"https:\/\/theuncommonshop.ch\/wp-content\/uploads\/2025\/05\/1561359543.jpg","width":1426,"height":905},{"@type":"BreadcrumbList","@id":"https:\/\/theuncommonshop.ch\/fr\/product\/yu-gi-oh-speed-duel-battle-city-box-2\/#breadcrumb","itemListElement":[{"@type":"ListItem","position":1,"name":"Accueil","item":"https:\/\/theuncommonshop.ch\/fr\/accueil\/"},{"@type":"ListItem","position":2,"name":"Boutique","item":"https:\/\/theuncommonshop.ch\/fr\/boutique\/"},{"@type":"ListItem","position":3,"name":"Yu-Gi-Oh!","item":"https:\/\/theuncommonshop.ch\/fr\/categorie-produit\/yu-gi-oh-fr\/"},{"@type":"ListItem","position":4,"name":"Coffrets & collections","item":"https:\/\/theuncommonshop.ch\/fr\/categorie-produit\/yu-gi-oh-fr\/coffrets-et-collections-yugioh\/"},{"@type":"ListItem","position":5,"name":"Yu-Gi-Oh ! &#8211; Speed Duel Battle City &#8211; Bo\u00eete"}]},{"@type":"WebSite","@id":"https:\/\/theuncommonshop.ch\/#website","url":"https:\/\/theuncommonshop.ch\/","name":"Largest trading card shop in Switzerland","description":"Magic, Pok\u00e9mon and Yu-gi-oh - The Uncommon Shop","potentialAction":[{"@type":"SearchAction","target":{"@type":"EntryPoint","urlTemplate":"https:\/\/theuncommonshop.ch\/?s={search_term_string}"},"query-input":{"@type":"PropertyValueSpecification","valueRequired":true,"valueName":"search_term_string"}}],"inLanguage":"fr-FR"}]},"og_availability":"out of stock","product_availability":"out of stock","product_retailer_item_id":"YGO.VII.F.BattleBox.DE","product_condition":"new"},"_links":{"self":[{"href":"https:\/\/theuncommonshop.ch\/fr\/wp-json\/wp\/v2\/product\/322180","targetHints":{"allow":["GET"]}}],"collection":[{"href":"https:\/\/theuncommonshop.ch\/fr\/wp-json\/wp\/v2\/product"}],"about":[{"href":"https:\/\/theuncommonshop.ch\/fr\/wp-json\/wp\/v2\/types\/product"}],"replies":[{"embeddable":true,"href":"https:\/\/theuncommonshop.ch\/fr\/wp-json\/wp\/v2\/comments?post=322180"}],"version-history":[{"count":2,"href":"https:\/\/theuncommonshop.ch\/fr\/wp-json\/wp\/v2\/product\/322180\/revisions"}],"predecessor-version":[{"id":358284,"href":"https:\/\/theuncommonshop.ch\/fr\/wp-json\/wp\/v2\/product\/322180\/revisions\/358284"}],"wp:featuredmedia":[{"embeddable":true,"href":"https:\/\/theuncommonshop.ch\/fr\/wp-json\/wp\/v2\/media\/18867"}],"wp:attachment":[{"href":"https:\/\/theuncommonshop.ch\/fr\/wp-json\/wp\/v2\/media?parent=322180"}],"wp:term":[{"taxonomy":"product_brand","embeddable":true,"href":"https:\/\/theuncommonshop.ch\/fr\/wp-json\/wp\/v2\/product_brand?post=322180"},{"taxonomy":"product_cat","embeddable":true,"href":"https:\/\/theuncommonshop.ch\/fr\/wp-json\/wp\/v2\/product_cat?post=322180"},{"taxonomy":"product_tag","embeddable":true,"href":"https:\/\/theuncommonshop.ch\/fr\/wp-json\/wp\/v2\/product_tag?post=322180"}],"curies":[{"name":"wp","href":"https:\/\/api.w.org\/{rel}","templated":true}]}}