{"id":322104,"date":"2025-06-05T17:09:05","date_gmt":"2025-06-05T17:09:05","guid":{"rendered":"http:\/\/theuncommonshop.ch\/produkt\/322104\/"},"modified":"2026-03-29T10:53:34","modified_gmt":"2026-03-29T08:53:34","slug":"citadel-colour-stc-glaze-brush-m-2","status":"publish","type":"product","link":"https:\/\/theuncommonshop.ch\/fr\/product\/citadel-colour-stc-glaze-brush-m-2\/","title":{"rendered":"Citadel &#8211; Citadel Colour STC Glaze Brush M"},"content":{"rendered":"<p>Le gla\u00e7age de vos mod\u00e8les est un excellent moyen d&#8217;ajouter de la profondeur de couleur et de la d\u00e9finition \u00e0 une peinture finie. Pour \u00e9viter les corrections ind\u00e9sirables, le pinceau Citadel Colour STC Glaze a \u00e9t\u00e9 con\u00e7u avec une attention particuli\u00e8re pour la stabilit\u00e9 de la forme. Ainsi, votre glacis ne va que l\u00e0 o\u00f9 vous le souhaitez et les poils de taille moyenne absorbent juste la bonne quantit\u00e9 de peinture pour \u00e9viter qu&#8217;elle ne s&#8217;accumule dans les creux.  <\/p>\n<p>En tant que pinceaux Citadel STC, les poils sont compos\u00e9s de fibres 100% synth\u00e9tiques de la plus haute qualit\u00e9 jamais produites par Games Workshop. Elles permettent d&#8217;obtenir la pointe id\u00e9ale du pinceau et d&#8217;\u00e9viter qu&#8217;elle ne s&#8217;enroule. Ce pinceau a \u00e9t\u00e9 soigneusement con\u00e7u pour appliquer des glacis de mani\u00e8re pr\u00e9cise et cibl\u00e9e, exactement l\u00e0 o\u00f9 vous en avez besoin. Il constitue un excellent compl\u00e9ment aux pinceaux Citadel habituels et est parfaitement adapt\u00e9 \u00e0 l&#8217;utilisation de la gamme de couleurs Citadel Colour.   <\/p>\n","protected":false},"excerpt":{"rendered":"<p>Le gla\u00e7age de vos mod\u00e8les est un excellent moyen d&#8217;ajouter de la profondeur de couleur et de la d\u00e9finition \u00e0<\/p>\n","protected":false},"featured_media":125203,"comment_status":"open","ping_status":"closed","template":"","meta":{"_acf_changed":false},"product_brand":[5126,5078,5154],"product_cat":[9935,9925],"product_tag":[],"class_list":{"0":"post-322104","1":"product","2":"type-product","3":"status-publish","4":"has-post-thumbnail","6":"product_brand-citadel","7":"product_brand-games-workshop","8":"product_brand-warhammer","9":"product_cat-accessoires-de-tabletop","10":"product_cat-tabletop-fr","12":"first","13":"instock","14":"taxable","15":"shipping-taxable","16":"purchasable","17":"product-type-simple"},"acf":[],"yoast_head":"<!-- This site is optimized with the Yoast SEO plugin v27.5 - https:\/\/yoast.com\/product\/yoast-seo-wordpress\/ -->\n<title>Ach\u00e8te Citadel - Citadel Colour STC Glaze Brush M<\/title>\n<meta name=\"description\" content=\"Ach\u00e8te Citadel - Citadel Colour STC Glaze Brush M en ligne maintenant \u00e0 petit prix! Ton #1 shop pour cartes TCG &amp; Pok\u00e9mon en Suisse \u2713 Livraison gratuite d\u00e8s CHF 29\" \/>\n<meta name=\"robots\" content=\"index, follow, max-snippet:-1, max-image-preview:large, max-video-preview:-1\" \/>\n<link rel=\"canonical\" href=\"https:\/\/theuncommonshop.ch\/fr\/product\/citadel-colour-stc-glaze-brush-m-2\/\" \/>\n<meta property=\"og:locale\" content=\"fr_FR\" \/>\n<meta property=\"og:type\" content=\"article\" \/>\n<meta property=\"og:title\" content=\"Ach\u00e8te Citadel - Citadel Colour STC Glaze Brush M\" \/>\n<meta property=\"og:description\" content=\"Ach\u00e8te Citadel - Citadel Colour STC Glaze Brush M en ligne maintenant \u00e0 petit prix! Ton #1 shop pour cartes TCG &amp; Pok\u00e9mon en Suisse \u2713 Livraison gratuite d\u00e8s CHF 29\" \/>\n<meta property=\"og:url\" content=\"https:\/\/theuncommonshop.ch\/fr\/product\/citadel-colour-stc-glaze-brush-m-2\/\" \/>\n<meta property=\"og:site_name\" content=\"The Uncommon Shop\" \/>\n<meta property=\"article:modified_time\" content=\"2026-03-29T08:53:34+00:00\" \/>\n<meta property=\"og:image\" content=\"https:\/\/theuncommonshop.ch\/wp-content\/uploads\/2025\/06\/4892703129.jpg\" \/>\n\t<meta property=\"og:image:width\" content=\"814\" \/>\n\t<meta property=\"og:image:height\" content=\"756\" \/>\n\t<meta property=\"og:image:type\" content=\"image\/jpeg\" \/>\n<meta name=\"twitter:card\" content=\"summary_large_image\" \/>\n<meta name=\"twitter:label1\" content=\"Prix\" \/>\n\t<meta name=\"twitter:data1\" content=\"&#067;&#072;&#070;&nbsp;6.95\" \/>\n\t<meta name=\"twitter:label2\" content=\"Disponibilit\u00e9\" \/>\n\t<meta name=\"twitter:data2\" content=\"En stock\" \/>\n<script type=\"application\/ld+json\" class=\"yoast-schema-graph\">{\"@context\":\"https:\\\/\\\/schema.org\",\"@graph\":[{\"@type\":\"WebPage\",\"@id\":\"https:\\\/\\\/theuncommonshop.ch\\\/fr\\\/product\\\/citadel-colour-stc-glaze-brush-m-2\\\/\",\"url\":\"https:\\\/\\\/theuncommonshop.ch\\\/fr\\\/product\\\/citadel-colour-stc-glaze-brush-m-2\\\/\",\"name\":\"Ach\u00e8te Citadel - Citadel Colour STC Glaze Brush M\",\"isPartOf\":{\"@id\":\"https:\\\/\\\/theuncommonshop.ch\\\/fr\\\/#website\"},\"primaryImageOfPage\":{\"@id\":\"https:\\\/\\\/theuncommonshop.ch\\\/fr\\\/product\\\/citadel-colour-stc-glaze-brush-m-2\\\/#primaryimage\"},\"image\":{\"@id\":\"https:\\\/\\\/theuncommonshop.ch\\\/fr\\\/product\\\/citadel-colour-stc-glaze-brush-m-2\\\/#primaryimage\"},\"thumbnailUrl\":\"https:\\\/\\\/theuncommonshop.ch\\\/wp-content\\\/uploads\\\/2025\\\/06\\\/4892703129.jpg\",\"datePublished\":\"2025-06-05T17:09:05+00:00\",\"dateModified\":\"2026-03-29T08:53:34+00:00\",\"description\":\"Ach\u00e8te Citadel - Citadel Colour STC Glaze Brush M en ligne maintenant \u00e0 petit prix! Ton #1 shop pour cartes TCG & Pok\u00e9mon en Suisse \u2713 Livraison gratuite d\u00e8s CHF 29\",\"breadcrumb\":{\"@id\":\"https:\\\/\\\/theuncommonshop.ch\\\/fr\\\/product\\\/citadel-colour-stc-glaze-brush-m-2\\\/#breadcrumb\"},\"inLanguage\":\"fr-FR\",\"potentialAction\":[{\"@type\":\"ReadAction\",\"target\":[\"https:\\\/\\\/theuncommonshop.ch\\\/fr\\\/product\\\/citadel-colour-stc-glaze-brush-m-2\\\/\"]}]},{\"@type\":\"ImageObject\",\"inLanguage\":\"fr-FR\",\"@id\":\"https:\\\/\\\/theuncommonshop.ch\\\/fr\\\/product\\\/citadel-colour-stc-glaze-brush-m-2\\\/#primaryimage\",\"url\":\"https:\\\/\\\/theuncommonshop.ch\\\/wp-content\\\/uploads\\\/2025\\\/06\\\/4892703129.jpg\",\"contentUrl\":\"https:\\\/\\\/theuncommonshop.ch\\\/wp-content\\\/uploads\\\/2025\\\/06\\\/4892703129.jpg\",\"width\":814,\"height\":756},{\"@type\":\"BreadcrumbList\",\"@id\":\"https:\\\/\\\/theuncommonshop.ch\\\/fr\\\/product\\\/citadel-colour-stc-glaze-brush-m-2\\\/#breadcrumb\",\"itemListElement\":[{\"@type\":\"ListItem\",\"position\":1,\"name\":\"Accueil\",\"item\":\"https:\\\/\\\/theuncommonshop.ch\\\/fr\\\/accueil\\\/\"},{\"@type\":\"ListItem\",\"position\":2,\"name\":\"Boutique\",\"item\":\"https:\\\/\\\/theuncommonshop.ch\\\/fr\\\/boutique\\\/\"},{\"@type\":\"ListItem\",\"position\":3,\"name\":\"Tabletop\",\"item\":\"https:\\\/\\\/theuncommonshop.ch\\\/fr\\\/categorie-produit\\\/tabletop-fr\\\/\"},{\"@type\":\"ListItem\",\"position\":4,\"name\":\"Accessoires de Tabletop\",\"item\":\"https:\\\/\\\/theuncommonshop.ch\\\/fr\\\/categorie-produit\\\/tabletop-fr\\\/accessoires-de-tabletop\\\/\"},{\"@type\":\"ListItem\",\"position\":5,\"name\":\"Citadel &#8211; Citadel Colour STC Glaze Brush M\"}]},{\"@type\":\"WebSite\",\"@id\":\"https:\\\/\\\/theuncommonshop.ch\\\/fr\\\/#website\",\"url\":\"https:\\\/\\\/theuncommonshop.ch\\\/fr\\\/\",\"name\":\"The Uncommon Shop\",\"description\":\"Magic, Pok\u00e9mon and Yu-gi-oh - The Uncommon Shop\",\"potentialAction\":[{\"@type\":\"SearchAction\",\"target\":{\"@type\":\"EntryPoint\",\"urlTemplate\":\"https:\\\/\\\/theuncommonshop.ch\\\/fr\\\/?s={search_term_string}\"},\"query-input\":{\"@type\":\"PropertyValueSpecification\",\"valueRequired\":true,\"valueName\":\"search_term_string\"}}],\"inLanguage\":\"fr-FR\"}]}<\/script>\n<meta property=\"product:price:amount\" content=\"6.95\" \/>\n<meta property=\"product:price:currency\" content=\"CHF\" \/>\n<meta property=\"og:availability\" content=\"instock\" \/>\n<meta property=\"product:availability\" content=\"instock\" \/>\n<meta property=\"product:retailer_item_id\" content=\"CitColourSTCGlazeBrushM\" \/>\n<meta property=\"product:condition\" content=\"new\" \/>\n<!-- \/ Yoast SEO plugin. -->","yoast_head_json":{"title":"Ach\u00e8te Citadel - Citadel Colour STC Glaze Brush M","description":"Ach\u00e8te Citadel - Citadel Colour STC Glaze Brush M en ligne maintenant \u00e0 petit prix! Ton #1 shop pour cartes TCG & Pok\u00e9mon en Suisse \u2713 Livraison gratuite d\u00e8s CHF 29","robots":{"index":"index","follow":"follow","max-snippet":"max-snippet:-1","max-image-preview":"max-image-preview:large","max-video-preview":"max-video-preview:-1"},"canonical":"https:\/\/theuncommonshop.ch\/fr\/product\/citadel-colour-stc-glaze-brush-m-2\/","og_locale":"fr_FR","og_type":"article","og_title":"Ach\u00e8te Citadel - Citadel Colour STC Glaze Brush M","og_description":"Ach\u00e8te Citadel - Citadel Colour STC Glaze Brush M en ligne maintenant \u00e0 petit prix! Ton #1 shop pour cartes TCG & Pok\u00e9mon en Suisse \u2713 Livraison gratuite d\u00e8s CHF 29","og_url":"https:\/\/theuncommonshop.ch\/fr\/product\/citadel-colour-stc-glaze-brush-m-2\/","og_site_name":"The Uncommon Shop","article_modified_time":"2026-03-29T08:53:34+00:00","og_image":[{"width":814,"height":756,"url":"https:\/\/theuncommonshop.ch\/wp-content\/uploads\/2025\/06\/4892703129.jpg","type":"image\/jpeg"}],"twitter_card":"summary_large_image","twitter_misc":{"Prix":"&#67;&#72;&#70;&nbsp;6.95","Disponibilit\u00e9":"En stock"},"schema":{"@context":"https:\/\/schema.org","@graph":[{"@type":"WebPage","@id":"https:\/\/theuncommonshop.ch\/fr\/product\/citadel-colour-stc-glaze-brush-m-2\/","url":"https:\/\/theuncommonshop.ch\/fr\/product\/citadel-colour-stc-glaze-brush-m-2\/","name":"Ach\u00e8te Citadel - Citadel Colour STC Glaze Brush M","isPartOf":{"@id":"https:\/\/theuncommonshop.ch\/fr\/#website"},"primaryImageOfPage":{"@id":"https:\/\/theuncommonshop.ch\/fr\/product\/citadel-colour-stc-glaze-brush-m-2\/#primaryimage"},"image":{"@id":"https:\/\/theuncommonshop.ch\/fr\/product\/citadel-colour-stc-glaze-brush-m-2\/#primaryimage"},"thumbnailUrl":"https:\/\/theuncommonshop.ch\/wp-content\/uploads\/2025\/06\/4892703129.jpg","datePublished":"2025-06-05T17:09:05+00:00","dateModified":"2026-03-29T08:53:34+00:00","description":"Ach\u00e8te Citadel - Citadel Colour STC Glaze Brush M en ligne maintenant \u00e0 petit prix! Ton #1 shop pour cartes TCG & Pok\u00e9mon en Suisse \u2713 Livraison gratuite d\u00e8s CHF 29","breadcrumb":{"@id":"https:\/\/theuncommonshop.ch\/fr\/product\/citadel-colour-stc-glaze-brush-m-2\/#breadcrumb"},"inLanguage":"fr-FR","potentialAction":[{"@type":"ReadAction","target":["https:\/\/theuncommonshop.ch\/fr\/product\/citadel-colour-stc-glaze-brush-m-2\/"]}]},{"@type":"ImageObject","inLanguage":"fr-FR","@id":"https:\/\/theuncommonshop.ch\/fr\/product\/citadel-colour-stc-glaze-brush-m-2\/#primaryimage","url":"https:\/\/theuncommonshop.ch\/wp-content\/uploads\/2025\/06\/4892703129.jpg","contentUrl":"https:\/\/theuncommonshop.ch\/wp-content\/uploads\/2025\/06\/4892703129.jpg","width":814,"height":756},{"@type":"BreadcrumbList","@id":"https:\/\/theuncommonshop.ch\/fr\/product\/citadel-colour-stc-glaze-brush-m-2\/#breadcrumb","itemListElement":[{"@type":"ListItem","position":1,"name":"Accueil","item":"https:\/\/theuncommonshop.ch\/fr\/accueil\/"},{"@type":"ListItem","position":2,"name":"Boutique","item":"https:\/\/theuncommonshop.ch\/fr\/boutique\/"},{"@type":"ListItem","position":3,"name":"Tabletop","item":"https:\/\/theuncommonshop.ch\/fr\/categorie-produit\/tabletop-fr\/"},{"@type":"ListItem","position":4,"name":"Accessoires de Tabletop","item":"https:\/\/theuncommonshop.ch\/fr\/categorie-produit\/tabletop-fr\/accessoires-de-tabletop\/"},{"@type":"ListItem","position":5,"name":"Citadel &#8211; Citadel Colour STC Glaze Brush M"}]},{"@type":"WebSite","@id":"https:\/\/theuncommonshop.ch\/fr\/#website","url":"https:\/\/theuncommonshop.ch\/fr\/","name":"The Uncommon Shop","description":"Magic, Pok\u00e9mon and Yu-gi-oh - The Uncommon Shop","potentialAction":[{"@type":"SearchAction","target":{"@type":"EntryPoint","urlTemplate":"https:\/\/theuncommonshop.ch\/fr\/?s={search_term_string}"},"query-input":{"@type":"PropertyValueSpecification","valueRequired":true,"valueName":"search_term_string"}}],"inLanguage":"fr-FR"}]},"product_price_amount":"6.95","product_price_currency":"CHF","og_availability":"instock","product_availability":"instock","product_retailer_item_id":"CitColourSTCGlazeBrushM","product_condition":"new"},"_links":{"self":[{"href":"https:\/\/theuncommonshop.ch\/fr\/wp-json\/wp\/v2\/product\/322104","targetHints":{"allow":["GET"]}}],"collection":[{"href":"https:\/\/theuncommonshop.ch\/fr\/wp-json\/wp\/v2\/product"}],"about":[{"href":"https:\/\/theuncommonshop.ch\/fr\/wp-json\/wp\/v2\/types\/product"}],"replies":[{"embeddable":true,"href":"https:\/\/theuncommonshop.ch\/fr\/wp-json\/wp\/v2\/comments?post=322104"}],"version-history":[{"count":0,"href":"https:\/\/theuncommonshop.ch\/fr\/wp-json\/wp\/v2\/product\/322104\/revisions"}],"wp:featuredmedia":[{"embeddable":true,"href":"https:\/\/theuncommonshop.ch\/fr\/wp-json\/wp\/v2\/media\/125203"}],"wp:attachment":[{"href":"https:\/\/theuncommonshop.ch\/fr\/wp-json\/wp\/v2\/media?parent=322104"}],"wp:term":[{"taxonomy":"product_brand","embeddable":true,"href":"https:\/\/theuncommonshop.ch\/fr\/wp-json\/wp\/v2\/product_brand?post=322104"},{"taxonomy":"product_cat","embeddable":true,"href":"https:\/\/theuncommonshop.ch\/fr\/wp-json\/wp\/v2\/product_cat?post=322104"},{"taxonomy":"product_tag","embeddable":true,"href":"https:\/\/theuncommonshop.ch\/fr\/wp-json\/wp\/v2\/product_tag?post=322104"}],"curies":[{"name":"wp","href":"https:\/\/api.w.org\/{rel}","templated":true}]}}