{"id":322096,"date":"2025-06-05T17:08:54","date_gmt":"2025-06-05T17:08:54","guid":{"rendered":"http:\/\/theuncommonshop.ch\/produkt\/322096\/"},"modified":"2026-03-29T10:53:48","modified_gmt":"2026-03-29T08:53:48","slug":"citadel-colour-stc-base-brush-m-2","status":"publish","type":"product","link":"https:\/\/theuncommonshop.ch\/fr\/product\/citadel-colour-stc-base-brush-m-2\/","title":{"rendered":"Citadel &#8211; Colour STC Base Brush M"},"content":{"rendered":"<p>Le pinceau Citadel Colour STC M Base est le pinceau polyvalent id\u00e9al pour les amateurs de peinture, qu&#8217;ils soient novices ou exp\u00e9riment\u00e9s. Avec sa t\u00eate plate et l\u00e9g\u00e8rement bomb\u00e9e, il permet d&#8217;obtenir une couche uniforme et lisse, parfaite pour les couleurs Citadel Base. Tournez le pinceau sur le c\u00f4t\u00e9 et le bord \u00e9troit est id\u00e9al pour peindre des lignes et des d\u00e9tails nets sur vos miniatures, ce qui rend plus facile que jamais de corriger les zones irr\u00e9guli\u00e8res et de donner \u00e0 votre travail de peinture un aspect impeccable.  <\/p>\n<p>En tant que pinceau Citadel STC, ses poils sont fabriqu\u00e9s \u00e0 partir des meilleures fibres 100% synth\u00e9tiques jamais produites par Games Workshop, ce qui permet de conserver une pointe de pinceau id\u00e9ale et d&#8217;\u00e9viter qu&#8217;elle ne se plie. Ce pinceau a \u00e9t\u00e9 soigneusement con\u00e7u pour travailler avec des miniatures de taille normale. Il constitue un excellent compl\u00e9ment aux pinceaux Citadel habituels et est parfaitement adapt\u00e9 aux couleurs Citadel Colour.  <\/p>\n","protected":false},"excerpt":{"rendered":"<p>Le pinceau Citadel Colour STC M Base est le pinceau polyvalent id\u00e9al pour les amateurs de peinture, qu&#8217;ils soient novices<\/p>\n","protected":false},"featured_media":125197,"comment_status":"open","ping_status":"closed","template":"","meta":{"_acf_changed":false},"product_brand":[5126,5078,5154],"product_cat":[9935,9925],"product_tag":[],"class_list":{"0":"post-322096","1":"product","2":"type-product","3":"status-publish","4":"has-post-thumbnail","6":"product_brand-citadel","7":"product_brand-games-workshop","8":"product_brand-warhammer","9":"product_cat-accessoires-de-tabletop","10":"product_cat-tabletop-fr","12":"first","13":"instock","14":"taxable","15":"shipping-taxable","16":"purchasable","17":"product-type-simple"},"acf":[],"yoast_head":"<!-- This site is optimized with the Yoast SEO plugin v27.4 - https:\/\/yoast.com\/product\/yoast-seo-wordpress\/ -->\n<title>Ach\u00e8te Citadel - Colour STC Base Brush M<\/title>\n<meta name=\"description\" content=\"Ach\u00e8te Citadel - Colour STC Base Brush M en ligne maintenant \u00e0 petit prix! Ton #1 shop pour cartes TCG &amp; Pok\u00e9mon en Suisse \u2713 Livraison gratuite d\u00e8s CHF 29\" \/>\n<meta name=\"robots\" content=\"index, follow, max-snippet:-1, max-image-preview:large, max-video-preview:-1\" \/>\n<link rel=\"canonical\" href=\"https:\/\/theuncommonshop.ch\/fr\/product\/citadel-colour-stc-base-brush-m-2\/\" \/>\n<meta property=\"og:locale\" content=\"fr_FR\" \/>\n<meta property=\"og:type\" content=\"article\" \/>\n<meta property=\"og:title\" content=\"Ach\u00e8te Citadel - Colour STC Base Brush M\" \/>\n<meta property=\"og:description\" content=\"Ach\u00e8te Citadel - Colour STC Base Brush M en ligne maintenant \u00e0 petit prix! Ton #1 shop pour cartes TCG &amp; Pok\u00e9mon en Suisse \u2713 Livraison gratuite d\u00e8s CHF 29\" \/>\n<meta property=\"og:url\" content=\"https:\/\/theuncommonshop.ch\/fr\/product\/citadel-colour-stc-base-brush-m-2\/\" \/>\n<meta property=\"og:site_name\" content=\"Largest trading card shop in Switzerland\" \/>\n<meta property=\"article:modified_time\" content=\"2026-03-29T08:53:48+00:00\" \/>\n<meta property=\"og:image\" content=\"https:\/\/theuncommonshop.ch\/wp-content\/uploads\/2025\/06\/4892556716.jpg\" \/>\n\t<meta property=\"og:image:width\" content=\"829\" \/>\n\t<meta property=\"og:image:height\" content=\"699\" \/>\n\t<meta property=\"og:image:type\" content=\"image\/jpeg\" \/>\n<meta name=\"twitter:card\" content=\"summary_large_image\" \/>\n<meta name=\"twitter:label1\" content=\"Prix\" \/>\n\t<meta name=\"twitter:data1\" content=\"&#067;&#072;&#070;&nbsp;7.95\" \/>\n\t<meta name=\"twitter:label2\" content=\"Disponibilit\u00e9\" \/>\n\t<meta name=\"twitter:data2\" content=\"En stock\" \/>\n<script type=\"application\/ld+json\" class=\"yoast-schema-graph\">{\"@context\":\"https:\\\/\\\/schema.org\",\"@graph\":[{\"@type\":\"WebPage\",\"@id\":\"https:\\\/\\\/theuncommonshop.ch\\\/fr\\\/product\\\/citadel-colour-stc-base-brush-m-2\\\/\",\"url\":\"https:\\\/\\\/theuncommonshop.ch\\\/fr\\\/product\\\/citadel-colour-stc-base-brush-m-2\\\/\",\"name\":\"Ach\u00e8te Citadel - Colour STC Base Brush M\",\"isPartOf\":{\"@id\":\"https:\\\/\\\/theuncommonshop.ch\\\/fr\\\/#website\"},\"primaryImageOfPage\":{\"@id\":\"https:\\\/\\\/theuncommonshop.ch\\\/fr\\\/product\\\/citadel-colour-stc-base-brush-m-2\\\/#primaryimage\"},\"image\":{\"@id\":\"https:\\\/\\\/theuncommonshop.ch\\\/fr\\\/product\\\/citadel-colour-stc-base-brush-m-2\\\/#primaryimage\"},\"thumbnailUrl\":\"https:\\\/\\\/theuncommonshop.ch\\\/wp-content\\\/uploads\\\/2025\\\/06\\\/4892556716.jpg\",\"datePublished\":\"2025-06-05T17:08:54+00:00\",\"dateModified\":\"2026-03-29T08:53:48+00:00\",\"description\":\"Ach\u00e8te Citadel - Colour STC Base Brush M en ligne maintenant \u00e0 petit prix! Ton #1 shop pour cartes TCG & Pok\u00e9mon en Suisse \u2713 Livraison gratuite d\u00e8s CHF 29\",\"breadcrumb\":{\"@id\":\"https:\\\/\\\/theuncommonshop.ch\\\/fr\\\/product\\\/citadel-colour-stc-base-brush-m-2\\\/#breadcrumb\"},\"inLanguage\":\"fr-FR\",\"potentialAction\":[{\"@type\":\"ReadAction\",\"target\":[\"https:\\\/\\\/theuncommonshop.ch\\\/fr\\\/product\\\/citadel-colour-stc-base-brush-m-2\\\/\"]}]},{\"@type\":\"ImageObject\",\"inLanguage\":\"fr-FR\",\"@id\":\"https:\\\/\\\/theuncommonshop.ch\\\/fr\\\/product\\\/citadel-colour-stc-base-brush-m-2\\\/#primaryimage\",\"url\":\"https:\\\/\\\/theuncommonshop.ch\\\/wp-content\\\/uploads\\\/2025\\\/06\\\/4892556716.jpg\",\"contentUrl\":\"https:\\\/\\\/theuncommonshop.ch\\\/wp-content\\\/uploads\\\/2025\\\/06\\\/4892556716.jpg\",\"width\":829,\"height\":699},{\"@type\":\"BreadcrumbList\",\"@id\":\"https:\\\/\\\/theuncommonshop.ch\\\/fr\\\/product\\\/citadel-colour-stc-base-brush-m-2\\\/#breadcrumb\",\"itemListElement\":[{\"@type\":\"ListItem\",\"position\":1,\"name\":\"Accueil\",\"item\":\"https:\\\/\\\/theuncommonshop.ch\\\/fr\\\/accueil\\\/\"},{\"@type\":\"ListItem\",\"position\":2,\"name\":\"Boutique\",\"item\":\"https:\\\/\\\/theuncommonshop.ch\\\/fr\\\/boutique\\\/\"},{\"@type\":\"ListItem\",\"position\":3,\"name\":\"Tabletop\",\"item\":\"https:\\\/\\\/theuncommonshop.ch\\\/fr\\\/categorie-produit\\\/tabletop-fr\\\/\"},{\"@type\":\"ListItem\",\"position\":4,\"name\":\"Accessoires de Tabletop\",\"item\":\"https:\\\/\\\/theuncommonshop.ch\\\/fr\\\/categorie-produit\\\/tabletop-fr\\\/accessoires-de-tabletop\\\/\"},{\"@type\":\"ListItem\",\"position\":5,\"name\":\"Citadel &#8211; Colour STC Base Brush M\"}]},{\"@type\":\"WebSite\",\"@id\":\"https:\\\/\\\/theuncommonshop.ch\\\/fr\\\/#website\",\"url\":\"https:\\\/\\\/theuncommonshop.ch\\\/fr\\\/\",\"name\":\"Largest trading card shop in Switzerland\",\"description\":\"Magic, Pok\u00e9mon and Yu-gi-oh - The Uncommon Shop\",\"potentialAction\":[{\"@type\":\"SearchAction\",\"target\":{\"@type\":\"EntryPoint\",\"urlTemplate\":\"https:\\\/\\\/theuncommonshop.ch\\\/fr\\\/?s={search_term_string}\"},\"query-input\":{\"@type\":\"PropertyValueSpecification\",\"valueRequired\":true,\"valueName\":\"search_term_string\"}}],\"inLanguage\":\"fr-FR\"}]}<\/script>\n<meta property=\"product:price:amount\" content=\"7.95\" \/>\n<meta property=\"product:price:currency\" content=\"CHF\" \/>\n<meta property=\"og:availability\" content=\"instock\" \/>\n<meta property=\"product:availability\" content=\"instock\" \/>\n<meta property=\"product:retailer_item_id\" content=\"CitColourSTCBaseBrushM\" \/>\n<meta property=\"product:condition\" content=\"new\" \/>\n<!-- \/ Yoast SEO plugin. -->","yoast_head_json":{"title":"Ach\u00e8te Citadel - Colour STC Base Brush M","description":"Ach\u00e8te Citadel - Colour STC Base Brush M en ligne maintenant \u00e0 petit prix! Ton #1 shop pour cartes TCG & Pok\u00e9mon en Suisse \u2713 Livraison gratuite d\u00e8s CHF 29","robots":{"index":"index","follow":"follow","max-snippet":"max-snippet:-1","max-image-preview":"max-image-preview:large","max-video-preview":"max-video-preview:-1"},"canonical":"https:\/\/theuncommonshop.ch\/fr\/product\/citadel-colour-stc-base-brush-m-2\/","og_locale":"fr_FR","og_type":"article","og_title":"Ach\u00e8te Citadel - Colour STC Base Brush M","og_description":"Ach\u00e8te Citadel - Colour STC Base Brush M en ligne maintenant \u00e0 petit prix! Ton #1 shop pour cartes TCG & Pok\u00e9mon en Suisse \u2713 Livraison gratuite d\u00e8s CHF 29","og_url":"https:\/\/theuncommonshop.ch\/fr\/product\/citadel-colour-stc-base-brush-m-2\/","og_site_name":"Largest trading card shop in Switzerland","article_modified_time":"2026-03-29T08:53:48+00:00","og_image":[{"width":829,"height":699,"url":"https:\/\/theuncommonshop.ch\/wp-content\/uploads\/2025\/06\/4892556716.jpg","type":"image\/jpeg"}],"twitter_card":"summary_large_image","twitter_misc":{"Prix":"&#67;&#72;&#70;&nbsp;7.95","Disponibilit\u00e9":"En stock"},"schema":{"@context":"https:\/\/schema.org","@graph":[{"@type":"WebPage","@id":"https:\/\/theuncommonshop.ch\/fr\/product\/citadel-colour-stc-base-brush-m-2\/","url":"https:\/\/theuncommonshop.ch\/fr\/product\/citadel-colour-stc-base-brush-m-2\/","name":"Ach\u00e8te Citadel - Colour STC Base Brush M","isPartOf":{"@id":"https:\/\/theuncommonshop.ch\/fr\/#website"},"primaryImageOfPage":{"@id":"https:\/\/theuncommonshop.ch\/fr\/product\/citadel-colour-stc-base-brush-m-2\/#primaryimage"},"image":{"@id":"https:\/\/theuncommonshop.ch\/fr\/product\/citadel-colour-stc-base-brush-m-2\/#primaryimage"},"thumbnailUrl":"https:\/\/theuncommonshop.ch\/wp-content\/uploads\/2025\/06\/4892556716.jpg","datePublished":"2025-06-05T17:08:54+00:00","dateModified":"2026-03-29T08:53:48+00:00","description":"Ach\u00e8te Citadel - Colour STC Base Brush M en ligne maintenant \u00e0 petit prix! Ton #1 shop pour cartes TCG & Pok\u00e9mon en Suisse \u2713 Livraison gratuite d\u00e8s CHF 29","breadcrumb":{"@id":"https:\/\/theuncommonshop.ch\/fr\/product\/citadel-colour-stc-base-brush-m-2\/#breadcrumb"},"inLanguage":"fr-FR","potentialAction":[{"@type":"ReadAction","target":["https:\/\/theuncommonshop.ch\/fr\/product\/citadel-colour-stc-base-brush-m-2\/"]}]},{"@type":"ImageObject","inLanguage":"fr-FR","@id":"https:\/\/theuncommonshop.ch\/fr\/product\/citadel-colour-stc-base-brush-m-2\/#primaryimage","url":"https:\/\/theuncommonshop.ch\/wp-content\/uploads\/2025\/06\/4892556716.jpg","contentUrl":"https:\/\/theuncommonshop.ch\/wp-content\/uploads\/2025\/06\/4892556716.jpg","width":829,"height":699},{"@type":"BreadcrumbList","@id":"https:\/\/theuncommonshop.ch\/fr\/product\/citadel-colour-stc-base-brush-m-2\/#breadcrumb","itemListElement":[{"@type":"ListItem","position":1,"name":"Accueil","item":"https:\/\/theuncommonshop.ch\/fr\/accueil\/"},{"@type":"ListItem","position":2,"name":"Boutique","item":"https:\/\/theuncommonshop.ch\/fr\/boutique\/"},{"@type":"ListItem","position":3,"name":"Tabletop","item":"https:\/\/theuncommonshop.ch\/fr\/categorie-produit\/tabletop-fr\/"},{"@type":"ListItem","position":4,"name":"Accessoires de Tabletop","item":"https:\/\/theuncommonshop.ch\/fr\/categorie-produit\/tabletop-fr\/accessoires-de-tabletop\/"},{"@type":"ListItem","position":5,"name":"Citadel &#8211; Colour STC Base Brush M"}]},{"@type":"WebSite","@id":"https:\/\/theuncommonshop.ch\/fr\/#website","url":"https:\/\/theuncommonshop.ch\/fr\/","name":"Largest trading card shop in Switzerland","description":"Magic, Pok\u00e9mon and Yu-gi-oh - The Uncommon Shop","potentialAction":[{"@type":"SearchAction","target":{"@type":"EntryPoint","urlTemplate":"https:\/\/theuncommonshop.ch\/fr\/?s={search_term_string}"},"query-input":{"@type":"PropertyValueSpecification","valueRequired":true,"valueName":"search_term_string"}}],"inLanguage":"fr-FR"}]},"product_price_amount":"7.95","product_price_currency":"CHF","og_availability":"instock","product_availability":"instock","product_retailer_item_id":"CitColourSTCBaseBrushM","product_condition":"new"},"_links":{"self":[{"href":"https:\/\/theuncommonshop.ch\/fr\/wp-json\/wp\/v2\/product\/322096","targetHints":{"allow":["GET"]}}],"collection":[{"href":"https:\/\/theuncommonshop.ch\/fr\/wp-json\/wp\/v2\/product"}],"about":[{"href":"https:\/\/theuncommonshop.ch\/fr\/wp-json\/wp\/v2\/types\/product"}],"replies":[{"embeddable":true,"href":"https:\/\/theuncommonshop.ch\/fr\/wp-json\/wp\/v2\/comments?post=322096"}],"version-history":[{"count":1,"href":"https:\/\/theuncommonshop.ch\/fr\/wp-json\/wp\/v2\/product\/322096\/revisions"}],"predecessor-version":[{"id":322098,"href":"https:\/\/theuncommonshop.ch\/fr\/wp-json\/wp\/v2\/product\/322096\/revisions\/322098"}],"wp:featuredmedia":[{"embeddable":true,"href":"https:\/\/theuncommonshop.ch\/fr\/wp-json\/wp\/v2\/media\/125197"}],"wp:attachment":[{"href":"https:\/\/theuncommonshop.ch\/fr\/wp-json\/wp\/v2\/media?parent=322096"}],"wp:term":[{"taxonomy":"product_brand","embeddable":true,"href":"https:\/\/theuncommonshop.ch\/fr\/wp-json\/wp\/v2\/product_brand?post=322096"},{"taxonomy":"product_cat","embeddable":true,"href":"https:\/\/theuncommonshop.ch\/fr\/wp-json\/wp\/v2\/product_cat?post=322096"},{"taxonomy":"product_tag","embeddable":true,"href":"https:\/\/theuncommonshop.ch\/fr\/wp-json\/wp\/v2\/product_tag?post=322096"}],"curies":[{"name":"wp","href":"https:\/\/api.w.org\/{rel}","templated":true}]}}