{"id":322055,"date":"2025-06-05T17:04:54","date_gmt":"2025-06-05T17:04:54","guid":{"rendered":"http:\/\/theuncommonshop.ch\/produkt\/322055\/"},"modified":"2026-03-29T10:55:55","modified_gmt":"2026-03-29T08:55:55","slug":"gamegenic-altered-cards-lair-pro-altered-edition-2","status":"publish","type":"product","link":"https:\/\/theuncommonshop.ch\/fr\/product\/gamegenic-altered-cards-lair-pro-altered-edition-2\/","title":{"rendered":"Gamegenic &#8211; Altered Cards&#8217; Lair &#8211; PRO Altered Edition"},"content":{"rendered":"<p>La Cards&#8217; Lair PRO 1000+ Altered\u00ae Edition est la solution parfaite pour votre exp\u00e9rience de jeu Altered\u00ae &#8211; que vous soyez \u00e0 la recherche d&#8217;une solution de rangement de premier ordre pour vos cartes, bo\u00eetes de deck, tapis de jeu, pions, supports de h\u00e9ros, pistes d&#8217;aventure, Slide Card Cases ou tout autre \u00e9l\u00e9ment interm\u00e9diaire, nous avons tout ce qu&#8217;il vous faut.<\/p>\n<h2>FEATURES<\/h2>\n<ul>\n<li>Solution de rangement multifonctionnelle de haute qualit\u00e9 pour les cartes, les bo\u00eetes de jeu et les accessoires<\/li>\n<li>Compartiment suppl\u00e9mentaire pouvant accueillir jusqu&#8217;\u00e0 2 tapis de jeu, qui peuvent \u00eatre utilis\u00e9s comme espace de rangement suppl\u00e9mentaire pour les cartes<\/li>\n<li>Le compartiment suppl\u00e9mentaire peut m\u00eame contenir un Playmat Tube.<\/li>\n<li>Sans tapis de jeu ins\u00e9r\u00e9 : Pour 1000+ cartes \u00e0 double face dans des pochettes int\u00e9rieures verrouillables ou 1300+ cartes de jeu de soci\u00e9t\u00e9 \u00e0 double face*.<\/li>\n<li>Avec tapis de jeu ins\u00e9r\u00e9 : Pour 440+ cartes \u00e0 double rang\u00e9e dans des pochettes int\u00e9rieures verrouillables ou 550+ cartes dans des pochettes pour jeux de soci\u00e9t\u00e9*.<\/li>\n<li>Peut contenir jusqu&#8217;\u00e0 20+ decks Altered\u00ae avec des cartes \u00e0 double rang\u00e9e dans des pochettes int\u00e9rieures verrouillables* (sans tapis de jeu ins\u00e9r\u00e9)S\u00e9parateur amovible en acrylique pour un rangement parfait des cartes ou des bo\u00eetes de deck<\/li>\n<li>Espace d\u00e9di\u00e9 au rangement de la piste Altered\u00ae Premium Adventure Track<\/li>\n<li>Fente suppl\u00e9mentaire pour ranger le s\u00e9parateur acrylique lorsqu&#8217;il n&#8217;est pas utilis\u00e9<\/li>\n<li>Parfait pour tous les joueurs de tournoi Altered\u00ae.<\/li>\n<li>Encoches innovantes sur le c\u00f4t\u00e9 pour faciliter le retrait des cartes<\/li>\n<li>2 tiroirs amovibles avec des volets magn\u00e9tiques r\u00e9volutionnaires qui garantissent une extraction sans effort<\/li>\n<li>Les tiroirs peuvent contenir chacun 40 cartes suppl\u00e9mentaires avec des pochettes doubles (ou 50 avec des pochettes pour jeux de soci\u00e9t\u00e9)*.<\/li>\n<li>Compartiments de tiroir crant\u00e9s pour un acc\u00e8s facile jusqu&#8217;\u00e0 la derni\u00e8re carte<\/li>\n<li>Compartiment sup\u00e9rieur pour des accessoires suppl\u00e9mentaires, des cartes, des mini Snap\/Slide Card Cases ou comme mini plateau de cubes<\/li>\n<li>Ouvert ou ferm\u00e9 &#8211; m\u00eame taille : le couvercle amovible se clipse sur la partie inf\u00e9rieure et permet de gagner un espace pr\u00e9cieux sur votre table de jeu lorsqu&#8217;il est ouvert.<\/li>\n<li>Des aimants puissants associ\u00e9s \u00e0 notre m\u00e9canisme de fermeture innovant assurent une fermeture s\u00fbre, m\u00eame lorsque la bo\u00eete est retourn\u00e9e.<\/li>\n<li>Logos \u00e9l\u00e9gants estamp\u00e9s \u00e0 chaud \u00e0 l&#8217;ext\u00e9rieur et logos estamp\u00e9s \u00e0 l&#8217;int\u00e9rieur<\/li>\n<\/ul>\n","protected":false},"excerpt":{"rendered":"<p>La Cards&#8217; Lair PRO 1000+ Altered\u00ae Edition est la solution parfaite pour votre exp\u00e9rience de jeu Altered\u00ae &#8211; que vous<\/p>\n","protected":false},"featured_media":125081,"comment_status":"open","ping_status":"closed","template":"","meta":{"_acf_changed":false},"product_brand":[5084,5090],"product_cat":[9859,9879,9867],"product_tag":[],"class_list":{"0":"post-322055","1":"product","2":"type-product","3":"status-publish","4":"has-post-thumbnail","6":"product_brand-altered","7":"product_brand-gamegenic","8":"product_cat-accessoires-tcg","9":"product_cat-gamegenic-fr","10":"product_cat-rangement","12":"first","13":"instock","14":"taxable","15":"shipping-taxable","16":"purchasable","17":"product-type-simple"},"acf":[],"yoast_head":"<!-- This site is optimized with the Yoast SEO plugin v27.4 - https:\/\/yoast.com\/product\/yoast-seo-wordpress\/ -->\n<title>Ach\u00e8te Gamegenic - Altered Cards&#039; Lair - PRO Altered Edition<\/title>\n<meta name=\"description\" content=\"Ach\u00e8te Gamegenic - Altered Cards&#039; Lair - PRO Altered Edition en ligne maintenant \u00e0 petit prix! Ton #1 shop pour cartes TCG &amp; Pok\u00e9mon en Suisse \u2713 Livraison gratuite d\u00e8s CHF 29\" \/>\n<meta name=\"robots\" content=\"index, follow, max-snippet:-1, max-image-preview:large, max-video-preview:-1\" \/>\n<link rel=\"canonical\" href=\"https:\/\/theuncommonshop.ch\/fr\/product\/gamegenic-altered-cards-lair-pro-altered-edition-2\/\" \/>\n<meta property=\"og:locale\" content=\"fr_FR\" \/>\n<meta property=\"og:type\" content=\"article\" \/>\n<meta property=\"og:title\" content=\"Ach\u00e8te Gamegenic - Altered Cards&#039; Lair - PRO Altered Edition\" \/>\n<meta property=\"og:description\" content=\"Ach\u00e8te Gamegenic - Altered Cards&#039; Lair - PRO Altered Edition en ligne maintenant \u00e0 petit prix! Ton #1 shop pour cartes TCG &amp; Pok\u00e9mon en Suisse \u2713 Livraison gratuite d\u00e8s CHF 29\" \/>\n<meta property=\"og:url\" content=\"https:\/\/theuncommonshop.ch\/fr\/product\/gamegenic-altered-cards-lair-pro-altered-edition-2\/\" \/>\n<meta property=\"og:site_name\" content=\"Largest trading card shop in Switzerland\" \/>\n<meta property=\"article:modified_time\" content=\"2026-03-29T08:55:55+00:00\" \/>\n<meta property=\"og:image\" content=\"https:\/\/theuncommonshop.ch\/wp-content\/uploads\/2025\/06\/4890216521.jpg\" \/>\n\t<meta property=\"og:image:width\" content=\"379\" \/>\n\t<meta property=\"og:image:height\" content=\"330\" \/>\n\t<meta property=\"og:image:type\" content=\"image\/jpeg\" \/>\n<meta name=\"twitter:card\" content=\"summary_large_image\" \/>\n<meta name=\"twitter:label1\" content=\"Prix\" \/>\n\t<meta name=\"twitter:data1\" content=\"&#067;&#072;&#070;&nbsp;89.95\" \/>\n\t<meta name=\"twitter:label2\" content=\"Disponibilit\u00e9\" \/>\n\t<meta name=\"twitter:data2\" content=\"En stock\" \/>\n<script type=\"application\/ld+json\" class=\"yoast-schema-graph\">{\"@context\":\"https:\\\/\\\/schema.org\",\"@graph\":[{\"@type\":\"WebPage\",\"@id\":\"https:\\\/\\\/theuncommonshop.ch\\\/fr\\\/product\\\/gamegenic-altered-cards-lair-pro-altered-edition-2\\\/\",\"url\":\"https:\\\/\\\/theuncommonshop.ch\\\/fr\\\/product\\\/gamegenic-altered-cards-lair-pro-altered-edition-2\\\/\",\"name\":\"Ach\u00e8te Gamegenic - Altered Cards' Lair - PRO Altered Edition\",\"isPartOf\":{\"@id\":\"https:\\\/\\\/theuncommonshop.ch\\\/#website\"},\"primaryImageOfPage\":{\"@id\":\"https:\\\/\\\/theuncommonshop.ch\\\/fr\\\/product\\\/gamegenic-altered-cards-lair-pro-altered-edition-2\\\/#primaryimage\"},\"image\":{\"@id\":\"https:\\\/\\\/theuncommonshop.ch\\\/fr\\\/product\\\/gamegenic-altered-cards-lair-pro-altered-edition-2\\\/#primaryimage\"},\"thumbnailUrl\":\"https:\\\/\\\/theuncommonshop.ch\\\/wp-content\\\/uploads\\\/2025\\\/06\\\/4890216521.jpg\",\"datePublished\":\"2025-06-05T17:04:54+00:00\",\"dateModified\":\"2026-03-29T08:55:55+00:00\",\"description\":\"Ach\u00e8te Gamegenic - Altered Cards' Lair - PRO Altered Edition en ligne maintenant \u00e0 petit prix! Ton #1 shop pour cartes TCG & Pok\u00e9mon en Suisse \u2713 Livraison gratuite d\u00e8s CHF 29\",\"breadcrumb\":{\"@id\":\"https:\\\/\\\/theuncommonshop.ch\\\/fr\\\/product\\\/gamegenic-altered-cards-lair-pro-altered-edition-2\\\/#breadcrumb\"},\"inLanguage\":\"fr-FR\",\"potentialAction\":[{\"@type\":\"ReadAction\",\"target\":[\"https:\\\/\\\/theuncommonshop.ch\\\/fr\\\/product\\\/gamegenic-altered-cards-lair-pro-altered-edition-2\\\/\"]}]},{\"@type\":\"ImageObject\",\"inLanguage\":\"fr-FR\",\"@id\":\"https:\\\/\\\/theuncommonshop.ch\\\/fr\\\/product\\\/gamegenic-altered-cards-lair-pro-altered-edition-2\\\/#primaryimage\",\"url\":\"https:\\\/\\\/theuncommonshop.ch\\\/wp-content\\\/uploads\\\/2025\\\/06\\\/4890216521.jpg\",\"contentUrl\":\"https:\\\/\\\/theuncommonshop.ch\\\/wp-content\\\/uploads\\\/2025\\\/06\\\/4890216521.jpg\",\"width\":379,\"height\":330},{\"@type\":\"BreadcrumbList\",\"@id\":\"https:\\\/\\\/theuncommonshop.ch\\\/fr\\\/product\\\/gamegenic-altered-cards-lair-pro-altered-edition-2\\\/#breadcrumb\",\"itemListElement\":[{\"@type\":\"ListItem\",\"position\":1,\"name\":\"Accueil\",\"item\":\"https:\\\/\\\/theuncommonshop.ch\\\/fr\\\/accueil\\\/\"},{\"@type\":\"ListItem\",\"position\":2,\"name\":\"Boutique\",\"item\":\"https:\\\/\\\/theuncommonshop.ch\\\/fr\\\/boutique\\\/\"},{\"@type\":\"ListItem\",\"position\":3,\"name\":\"Accessoires TCG\",\"item\":\"https:\\\/\\\/theuncommonshop.ch\\\/fr\\\/categorie-produit\\\/accessoires-tcg\\\/\"},{\"@type\":\"ListItem\",\"position\":4,\"name\":\"Rangement\",\"item\":\"https:\\\/\\\/theuncommonshop.ch\\\/fr\\\/categorie-produit\\\/accessoires-tcg\\\/rangement\\\/\"},{\"@type\":\"ListItem\",\"position\":5,\"name\":\"Gamegenic\",\"item\":\"https:\\\/\\\/theuncommonshop.ch\\\/fr\\\/categorie-produit\\\/accessoires-tcg\\\/rangement\\\/gamegenic-fr\\\/\"},{\"@type\":\"ListItem\",\"position\":6,\"name\":\"Gamegenic &#8211; Altered Cards&#8217; Lair &#8211; PRO Altered Edition\"}]},{\"@type\":\"WebSite\",\"@id\":\"https:\\\/\\\/theuncommonshop.ch\\\/#website\",\"url\":\"https:\\\/\\\/theuncommonshop.ch\\\/\",\"name\":\"Largest trading card shop in Switzerland\",\"description\":\"Magic, Pok\u00e9mon and Yu-gi-oh - The Uncommon Shop\",\"potentialAction\":[{\"@type\":\"SearchAction\",\"target\":{\"@type\":\"EntryPoint\",\"urlTemplate\":\"https:\\\/\\\/theuncommonshop.ch\\\/?s={search_term_string}\"},\"query-input\":{\"@type\":\"PropertyValueSpecification\",\"valueRequired\":true,\"valueName\":\"search_term_string\"}}],\"inLanguage\":\"fr-FR\"}]}<\/script>\n<meta property=\"product:price:amount\" content=\"89.95\" \/>\n<meta property=\"product:price:currency\" content=\"CHF\" \/>\n<meta property=\"og:availability\" content=\"instock\" \/>\n<meta property=\"product:availability\" content=\"instock\" \/>\n<meta property=\"product:retailer_item_id\" content=\"ZU.XII.E.AltCardLairProAltEdition\" \/>\n<meta property=\"product:condition\" content=\"new\" \/>\n<!-- \/ Yoast SEO plugin. -->","yoast_head_json":{"title":"Ach\u00e8te Gamegenic - Altered Cards' Lair - PRO Altered Edition","description":"Ach\u00e8te Gamegenic - Altered Cards' Lair - PRO Altered Edition en ligne maintenant \u00e0 petit prix! Ton #1 shop pour cartes TCG & Pok\u00e9mon en Suisse \u2713 Livraison gratuite d\u00e8s CHF 29","robots":{"index":"index","follow":"follow","max-snippet":"max-snippet:-1","max-image-preview":"max-image-preview:large","max-video-preview":"max-video-preview:-1"},"canonical":"https:\/\/theuncommonshop.ch\/fr\/product\/gamegenic-altered-cards-lair-pro-altered-edition-2\/","og_locale":"fr_FR","og_type":"article","og_title":"Ach\u00e8te Gamegenic - Altered Cards' Lair - PRO Altered Edition","og_description":"Ach\u00e8te Gamegenic - Altered Cards' Lair - PRO Altered Edition en ligne maintenant \u00e0 petit prix! Ton #1 shop pour cartes TCG & Pok\u00e9mon en Suisse \u2713 Livraison gratuite d\u00e8s CHF 29","og_url":"https:\/\/theuncommonshop.ch\/fr\/product\/gamegenic-altered-cards-lair-pro-altered-edition-2\/","og_site_name":"Largest trading card shop in Switzerland","article_modified_time":"2026-03-29T08:55:55+00:00","og_image":[{"width":379,"height":330,"url":"https:\/\/theuncommonshop.ch\/wp-content\/uploads\/2025\/06\/4890216521.jpg","type":"image\/jpeg"}],"twitter_card":"summary_large_image","twitter_misc":{"Prix":"&#67;&#72;&#70;&nbsp;89.95","Disponibilit\u00e9":"En stock"},"schema":{"@context":"https:\/\/schema.org","@graph":[{"@type":"WebPage","@id":"https:\/\/theuncommonshop.ch\/fr\/product\/gamegenic-altered-cards-lair-pro-altered-edition-2\/","url":"https:\/\/theuncommonshop.ch\/fr\/product\/gamegenic-altered-cards-lair-pro-altered-edition-2\/","name":"Ach\u00e8te Gamegenic - Altered Cards' Lair - PRO Altered Edition","isPartOf":{"@id":"https:\/\/theuncommonshop.ch\/#website"},"primaryImageOfPage":{"@id":"https:\/\/theuncommonshop.ch\/fr\/product\/gamegenic-altered-cards-lair-pro-altered-edition-2\/#primaryimage"},"image":{"@id":"https:\/\/theuncommonshop.ch\/fr\/product\/gamegenic-altered-cards-lair-pro-altered-edition-2\/#primaryimage"},"thumbnailUrl":"https:\/\/theuncommonshop.ch\/wp-content\/uploads\/2025\/06\/4890216521.jpg","datePublished":"2025-06-05T17:04:54+00:00","dateModified":"2026-03-29T08:55:55+00:00","description":"Ach\u00e8te Gamegenic - Altered Cards' Lair - PRO Altered Edition en ligne maintenant \u00e0 petit prix! Ton #1 shop pour cartes TCG & Pok\u00e9mon en Suisse \u2713 Livraison gratuite d\u00e8s CHF 29","breadcrumb":{"@id":"https:\/\/theuncommonshop.ch\/fr\/product\/gamegenic-altered-cards-lair-pro-altered-edition-2\/#breadcrumb"},"inLanguage":"fr-FR","potentialAction":[{"@type":"ReadAction","target":["https:\/\/theuncommonshop.ch\/fr\/product\/gamegenic-altered-cards-lair-pro-altered-edition-2\/"]}]},{"@type":"ImageObject","inLanguage":"fr-FR","@id":"https:\/\/theuncommonshop.ch\/fr\/product\/gamegenic-altered-cards-lair-pro-altered-edition-2\/#primaryimage","url":"https:\/\/theuncommonshop.ch\/wp-content\/uploads\/2025\/06\/4890216521.jpg","contentUrl":"https:\/\/theuncommonshop.ch\/wp-content\/uploads\/2025\/06\/4890216521.jpg","width":379,"height":330},{"@type":"BreadcrumbList","@id":"https:\/\/theuncommonshop.ch\/fr\/product\/gamegenic-altered-cards-lair-pro-altered-edition-2\/#breadcrumb","itemListElement":[{"@type":"ListItem","position":1,"name":"Accueil","item":"https:\/\/theuncommonshop.ch\/fr\/accueil\/"},{"@type":"ListItem","position":2,"name":"Boutique","item":"https:\/\/theuncommonshop.ch\/fr\/boutique\/"},{"@type":"ListItem","position":3,"name":"Accessoires TCG","item":"https:\/\/theuncommonshop.ch\/fr\/categorie-produit\/accessoires-tcg\/"},{"@type":"ListItem","position":4,"name":"Rangement","item":"https:\/\/theuncommonshop.ch\/fr\/categorie-produit\/accessoires-tcg\/rangement\/"},{"@type":"ListItem","position":5,"name":"Gamegenic","item":"https:\/\/theuncommonshop.ch\/fr\/categorie-produit\/accessoires-tcg\/rangement\/gamegenic-fr\/"},{"@type":"ListItem","position":6,"name":"Gamegenic &#8211; Altered Cards&#8217; Lair &#8211; PRO Altered Edition"}]},{"@type":"WebSite","@id":"https:\/\/theuncommonshop.ch\/#website","url":"https:\/\/theuncommonshop.ch\/","name":"Largest trading card shop in Switzerland","description":"Magic, Pok\u00e9mon and Yu-gi-oh - The Uncommon Shop","potentialAction":[{"@type":"SearchAction","target":{"@type":"EntryPoint","urlTemplate":"https:\/\/theuncommonshop.ch\/?s={search_term_string}"},"query-input":{"@type":"PropertyValueSpecification","valueRequired":true,"valueName":"search_term_string"}}],"inLanguage":"fr-FR"}]},"product_price_amount":"89.95","product_price_currency":"CHF","og_availability":"instock","product_availability":"instock","product_retailer_item_id":"ZU.XII.E.AltCardLairProAltEdition","product_condition":"new"},"_links":{"self":[{"href":"https:\/\/theuncommonshop.ch\/fr\/wp-json\/wp\/v2\/product\/322055","targetHints":{"allow":["GET"]}}],"collection":[{"href":"https:\/\/theuncommonshop.ch\/fr\/wp-json\/wp\/v2\/product"}],"about":[{"href":"https:\/\/theuncommonshop.ch\/fr\/wp-json\/wp\/v2\/types\/product"}],"replies":[{"embeddable":true,"href":"https:\/\/theuncommonshop.ch\/fr\/wp-json\/wp\/v2\/comments?post=322055"}],"version-history":[{"count":2,"href":"https:\/\/theuncommonshop.ch\/fr\/wp-json\/wp\/v2\/product\/322055\/revisions"}],"predecessor-version":[{"id":358442,"href":"https:\/\/theuncommonshop.ch\/fr\/wp-json\/wp\/v2\/product\/322055\/revisions\/358442"}],"wp:featuredmedia":[{"embeddable":true,"href":"https:\/\/theuncommonshop.ch\/fr\/wp-json\/wp\/v2\/media\/125081"}],"wp:attachment":[{"href":"https:\/\/theuncommonshop.ch\/fr\/wp-json\/wp\/v2\/media?parent=322055"}],"wp:term":[{"taxonomy":"product_brand","embeddable":true,"href":"https:\/\/theuncommonshop.ch\/fr\/wp-json\/wp\/v2\/product_brand?post=322055"},{"taxonomy":"product_cat","embeddable":true,"href":"https:\/\/theuncommonshop.ch\/fr\/wp-json\/wp\/v2\/product_cat?post=322055"},{"taxonomy":"product_tag","embeddable":true,"href":"https:\/\/theuncommonshop.ch\/fr\/wp-json\/wp\/v2\/product_tag?post=322055"}],"curies":[{"name":"wp","href":"https:\/\/api.w.org\/{rel}","templated":true}]}}