{"id":322002,"date":"2025-06-05T17:00:04","date_gmt":"2025-06-05T17:00:04","guid":{"rendered":"http:\/\/theuncommonshop.ch\/produkt\/322002\/"},"modified":"2026-03-29T10:59:11","modified_gmt":"2026-03-29T08:59:11","slug":"warhammer-40-000-emperors-children-fulgrim-2","status":"publish","type":"product","link":"https:\/\/theuncommonshop.ch\/fr\/product\/warhammer-40-000-emperors-children-fulgrim-2\/","title":{"rendered":"Warhammer 40.000 &#8211; Emperor&#8217;s Children &#8211; Fulgrim"},"content":{"rendered":"<div>Fulgrim incarne la d\u00e9pravation et la corruption de sa l\u00e9gion autrefois noble. Sa silhouette de serpent tortueux domine le champ de bataille et se d\u00e9place \u00e0 une vitesse fulgurante. Son fouet et sa queue fouettante dispersent tous ceux qui se laissent envo\u00fbter par la splendeur grotesque de sa forme d\u00e9moniaque. Tous ceux qui r\u00e9sistent \u00e0 l&#8217;aura \u00e9tourdissante du Primarque d\u00e9moniaque sont facilement terrass\u00e9s.   <\/div>\n<div>Ce kit plastique en plusieurs parties construit Fulgrim, le Primarque d\u00e9moniaque de Slaanesh, pour vos arm\u00e9es d&#8217;Emperor&#8217;s Children dans les jeux Warhammer 40.000. Son sombre m\u00e9c\u00e8ne lui a donn\u00e9 une forme qui lui permet de manier diff\u00e9rents types d&#8217;armes d\u00e9vastatrices. Sur le champ de bataille, c&#8217;est une force avec laquelle il faut compter &#8211; agressive, exceptionnellement difficile \u00e0 tuer et capable de tout affronter, des hordes ennemies aux puissantes machines de guerre. Gr\u00e2ce \u00e0 ses ailes, il n&#8217;est nulle part \u00e0 l&#8217;abri de sa redoutable forme de serpent &#8211; vos ennemis peuvent certes fuir, mais ils ne peuvent pas se cacher.   <\/div>\n<div>Fulgrim est livr\u00e9 avec un choix de cinq visages diff\u00e9rents, ce qui vous permet de personnaliser facilement votre d\u00e9mon-primarque cauchemardesque. Avec une hauteur de 160 mm et une envergure de 190 mm, ce mod\u00e8le d\u00e9passe le plateau de la table et constitue la pi\u00e8ce ma\u00eetresse id\u00e9ale pour votre collection Emperor&#8217;s Children. Les peintres adoreront les d\u00e9tails d&#8217;une grande nettet\u00e9 et la vari\u00e9t\u00e9 des textures &#8211; de l&#8217;exquise armure au corps lisse et serpentin &#8211; tandis que les joueurs appr\u00e9cieront les nouvelles possibilit\u00e9s tactiques qu&#8217;ouvre un guerrier aussi puissant.  <\/div>\n<p>Ce kit contient 52 pi\u00e8ces en plastique et 1x Citadel 130mm Round Base. Cette miniature doit \u00eatre assembl\u00e9e et est livr\u00e9e non peinte. <\/p>\n<div><\/div>\n","protected":false},"excerpt":{"rendered":"<p>Fulgrim incarne la d\u00e9pravation et la corruption de sa l\u00e9gion autrefois noble. Sa silhouette de serpent tortueux domine le champ<\/p>\n","protected":false},"featured_media":124926,"comment_status":"open","ping_status":"closed","template":"","meta":{"_acf_changed":false},"product_brand":[5078,5154],"product_cat":[9925,9927],"product_tag":[],"class_list":{"0":"post-322002","1":"product","2":"type-product","3":"status-publish","4":"has-post-thumbnail","6":"product_brand-games-workshop","7":"product_brand-warhammer","8":"product_cat-tabletop-fr","9":"product_cat-warhammer-40k-fr","11":"first","12":"outofstock","13":"taxable","14":"shipping-taxable","15":"purchasable","16":"product-type-simple"},"acf":[],"yoast_head":"<!-- This site is optimized with the Yoast SEO plugin v27.5 - https:\/\/yoast.com\/product\/yoast-seo-wordpress\/ -->\n<title>Ach\u00e8te Warhammer 40.000 - Emperor&#039;s Children - Fulgrim<\/title>\n<meta name=\"description\" content=\"Ach\u00e8te Warhammer 40.000 - Emperor&#039;s Children - Fulgrim en ligne maintenant \u00e0 petit prix! Ton #1 shop pour cartes TCG &amp; Pok\u00e9mon en Suisse \u2713 Livraison gratuite d\u00e8s CHF 29\" \/>\n<meta name=\"robots\" content=\"index, follow, max-snippet:-1, max-image-preview:large, max-video-preview:-1\" \/>\n<link rel=\"canonical\" href=\"https:\/\/theuncommonshop.ch\/fr\/product\/warhammer-40-000-emperors-children-fulgrim-2\/\" \/>\n<meta property=\"og:locale\" content=\"fr_FR\" \/>\n<meta property=\"og:type\" content=\"article\" \/>\n<meta property=\"og:title\" content=\"Ach\u00e8te Warhammer 40.000 - Emperor&#039;s Children - Fulgrim\" \/>\n<meta property=\"og:description\" content=\"Ach\u00e8te Warhammer 40.000 - Emperor&#039;s Children - Fulgrim en ligne maintenant \u00e0 petit prix! Ton #1 shop pour cartes TCG &amp; Pok\u00e9mon en Suisse \u2713 Livraison gratuite d\u00e8s CHF 29\" \/>\n<meta property=\"og:url\" content=\"https:\/\/theuncommonshop.ch\/fr\/product\/warhammer-40-000-emperors-children-fulgrim-2\/\" \/>\n<meta property=\"og:site_name\" content=\"The Uncommon Shop\" \/>\n<meta property=\"article:modified_time\" content=\"2026-03-29T08:59:11+00:00\" \/>\n<meta property=\"og:image\" content=\"https:\/\/theuncommonshop.ch\/wp-content\/uploads\/2025\/06\/4878905291.jpg\" \/>\n\t<meta property=\"og:image:width\" content=\"636\" \/>\n\t<meta property=\"og:image:height\" content=\"785\" \/>\n\t<meta property=\"og:image:type\" content=\"image\/jpeg\" \/>\n<meta name=\"twitter:card\" content=\"summary_large_image\" \/>\n<meta name=\"twitter:label1\" content=\"Prix\" \/>\n\t<meta name=\"twitter:data1\" content=\"&#067;&#072;&#070;&nbsp;116.95\" \/>\n\t<meta name=\"twitter:label2\" content=\"Disponibilit\u00e9\" \/>\n\t<meta name=\"twitter:data2\" content=\"Rupture de stock\" \/>\n<script type=\"application\/ld+json\" class=\"yoast-schema-graph\">{\"@context\":\"https:\\\/\\\/schema.org\",\"@graph\":[{\"@type\":\"WebPage\",\"@id\":\"https:\\\/\\\/theuncommonshop.ch\\\/fr\\\/product\\\/warhammer-40-000-emperors-children-fulgrim-2\\\/\",\"url\":\"https:\\\/\\\/theuncommonshop.ch\\\/fr\\\/product\\\/warhammer-40-000-emperors-children-fulgrim-2\\\/\",\"name\":\"Ach\u00e8te Warhammer 40.000 - Emperor's Children - Fulgrim\",\"isPartOf\":{\"@id\":\"https:\\\/\\\/theuncommonshop.ch\\\/fr\\\/#website\"},\"primaryImageOfPage\":{\"@id\":\"https:\\\/\\\/theuncommonshop.ch\\\/fr\\\/product\\\/warhammer-40-000-emperors-children-fulgrim-2\\\/#primaryimage\"},\"image\":{\"@id\":\"https:\\\/\\\/theuncommonshop.ch\\\/fr\\\/product\\\/warhammer-40-000-emperors-children-fulgrim-2\\\/#primaryimage\"},\"thumbnailUrl\":\"https:\\\/\\\/theuncommonshop.ch\\\/wp-content\\\/uploads\\\/2025\\\/06\\\/4878905291.jpg\",\"datePublished\":\"2025-06-05T17:00:04+00:00\",\"dateModified\":\"2026-03-29T08:59:11+00:00\",\"description\":\"Ach\u00e8te Warhammer 40.000 - Emperor's Children - Fulgrim en ligne maintenant \u00e0 petit prix! Ton #1 shop pour cartes TCG & Pok\u00e9mon en Suisse \u2713 Livraison gratuite d\u00e8s CHF 29\",\"breadcrumb\":{\"@id\":\"https:\\\/\\\/theuncommonshop.ch\\\/fr\\\/product\\\/warhammer-40-000-emperors-children-fulgrim-2\\\/#breadcrumb\"},\"inLanguage\":\"fr-FR\",\"potentialAction\":[{\"@type\":\"ReadAction\",\"target\":[\"https:\\\/\\\/theuncommonshop.ch\\\/fr\\\/product\\\/warhammer-40-000-emperors-children-fulgrim-2\\\/\"]}]},{\"@type\":\"ImageObject\",\"inLanguage\":\"fr-FR\",\"@id\":\"https:\\\/\\\/theuncommonshop.ch\\\/fr\\\/product\\\/warhammer-40-000-emperors-children-fulgrim-2\\\/#primaryimage\",\"url\":\"https:\\\/\\\/theuncommonshop.ch\\\/wp-content\\\/uploads\\\/2025\\\/06\\\/4878905291.jpg\",\"contentUrl\":\"https:\\\/\\\/theuncommonshop.ch\\\/wp-content\\\/uploads\\\/2025\\\/06\\\/4878905291.jpg\",\"width\":636,\"height\":785},{\"@type\":\"BreadcrumbList\",\"@id\":\"https:\\\/\\\/theuncommonshop.ch\\\/fr\\\/product\\\/warhammer-40-000-emperors-children-fulgrim-2\\\/#breadcrumb\",\"itemListElement\":[{\"@type\":\"ListItem\",\"position\":1,\"name\":\"Accueil\",\"item\":\"https:\\\/\\\/theuncommonshop.ch\\\/fr\\\/accueil\\\/\"},{\"@type\":\"ListItem\",\"position\":2,\"name\":\"Boutique\",\"item\":\"https:\\\/\\\/theuncommonshop.ch\\\/fr\\\/boutique\\\/\"},{\"@type\":\"ListItem\",\"position\":3,\"name\":\"Tabletop\",\"item\":\"https:\\\/\\\/theuncommonshop.ch\\\/fr\\\/categorie-produit\\\/tabletop-fr\\\/\"},{\"@type\":\"ListItem\",\"position\":4,\"name\":\"Warhammer 40k\",\"item\":\"https:\\\/\\\/theuncommonshop.ch\\\/fr\\\/categorie-produit\\\/tabletop-fr\\\/warhammer-40k-fr\\\/\"},{\"@type\":\"ListItem\",\"position\":5,\"name\":\"Warhammer 40.000 &#8211; Emperor&#8217;s Children &#8211; Fulgrim\"}]},{\"@type\":\"WebSite\",\"@id\":\"https:\\\/\\\/theuncommonshop.ch\\\/fr\\\/#website\",\"url\":\"https:\\\/\\\/theuncommonshop.ch\\\/fr\\\/\",\"name\":\"The Uncommon Shop\",\"description\":\"Magic, Pok\u00e9mon and Yu-gi-oh - The Uncommon Shop\",\"potentialAction\":[{\"@type\":\"SearchAction\",\"target\":{\"@type\":\"EntryPoint\",\"urlTemplate\":\"https:\\\/\\\/theuncommonshop.ch\\\/fr\\\/?s={search_term_string}\"},\"query-input\":{\"@type\":\"PropertyValueSpecification\",\"valueRequired\":true,\"valueName\":\"search_term_string\"}}],\"inLanguage\":\"fr-FR\"}]}<\/script>\n<meta property=\"product:price:amount\" content=\"116.95\" \/>\n<meta property=\"product:price:currency\" content=\"CHF\" \/>\n<meta property=\"og:availability\" content=\"out of stock\" \/>\n<meta property=\"product:availability\" content=\"out of stock\" \/>\n<meta property=\"product:retailer_item_id\" content=\"WHEmChFulgrim\" \/>\n<meta property=\"product:condition\" content=\"new\" \/>\n<!-- \/ Yoast SEO plugin. -->","yoast_head_json":{"title":"Ach\u00e8te Warhammer 40.000 - Emperor's Children - Fulgrim","description":"Ach\u00e8te Warhammer 40.000 - Emperor's Children - Fulgrim en ligne maintenant \u00e0 petit prix! Ton #1 shop pour cartes TCG & Pok\u00e9mon en Suisse \u2713 Livraison gratuite d\u00e8s CHF 29","robots":{"index":"index","follow":"follow","max-snippet":"max-snippet:-1","max-image-preview":"max-image-preview:large","max-video-preview":"max-video-preview:-1"},"canonical":"https:\/\/theuncommonshop.ch\/fr\/product\/warhammer-40-000-emperors-children-fulgrim-2\/","og_locale":"fr_FR","og_type":"article","og_title":"Ach\u00e8te Warhammer 40.000 - Emperor's Children - Fulgrim","og_description":"Ach\u00e8te Warhammer 40.000 - Emperor's Children - Fulgrim en ligne maintenant \u00e0 petit prix! Ton #1 shop pour cartes TCG & Pok\u00e9mon en Suisse \u2713 Livraison gratuite d\u00e8s CHF 29","og_url":"https:\/\/theuncommonshop.ch\/fr\/product\/warhammer-40-000-emperors-children-fulgrim-2\/","og_site_name":"The Uncommon Shop","article_modified_time":"2026-03-29T08:59:11+00:00","og_image":[{"width":636,"height":785,"url":"https:\/\/theuncommonshop.ch\/wp-content\/uploads\/2025\/06\/4878905291.jpg","type":"image\/jpeg"}],"twitter_card":"summary_large_image","twitter_misc":{"Prix":"&#67;&#72;&#70;&nbsp;116.95","Disponibilit\u00e9":"Rupture de stock"},"schema":{"@context":"https:\/\/schema.org","@graph":[{"@type":"WebPage","@id":"https:\/\/theuncommonshop.ch\/fr\/product\/warhammer-40-000-emperors-children-fulgrim-2\/","url":"https:\/\/theuncommonshop.ch\/fr\/product\/warhammer-40-000-emperors-children-fulgrim-2\/","name":"Ach\u00e8te Warhammer 40.000 - Emperor's Children - Fulgrim","isPartOf":{"@id":"https:\/\/theuncommonshop.ch\/fr\/#website"},"primaryImageOfPage":{"@id":"https:\/\/theuncommonshop.ch\/fr\/product\/warhammer-40-000-emperors-children-fulgrim-2\/#primaryimage"},"image":{"@id":"https:\/\/theuncommonshop.ch\/fr\/product\/warhammer-40-000-emperors-children-fulgrim-2\/#primaryimage"},"thumbnailUrl":"https:\/\/theuncommonshop.ch\/wp-content\/uploads\/2025\/06\/4878905291.jpg","datePublished":"2025-06-05T17:00:04+00:00","dateModified":"2026-03-29T08:59:11+00:00","description":"Ach\u00e8te Warhammer 40.000 - Emperor's Children - Fulgrim en ligne maintenant \u00e0 petit prix! Ton #1 shop pour cartes TCG & Pok\u00e9mon en Suisse \u2713 Livraison gratuite d\u00e8s CHF 29","breadcrumb":{"@id":"https:\/\/theuncommonshop.ch\/fr\/product\/warhammer-40-000-emperors-children-fulgrim-2\/#breadcrumb"},"inLanguage":"fr-FR","potentialAction":[{"@type":"ReadAction","target":["https:\/\/theuncommonshop.ch\/fr\/product\/warhammer-40-000-emperors-children-fulgrim-2\/"]}]},{"@type":"ImageObject","inLanguage":"fr-FR","@id":"https:\/\/theuncommonshop.ch\/fr\/product\/warhammer-40-000-emperors-children-fulgrim-2\/#primaryimage","url":"https:\/\/theuncommonshop.ch\/wp-content\/uploads\/2025\/06\/4878905291.jpg","contentUrl":"https:\/\/theuncommonshop.ch\/wp-content\/uploads\/2025\/06\/4878905291.jpg","width":636,"height":785},{"@type":"BreadcrumbList","@id":"https:\/\/theuncommonshop.ch\/fr\/product\/warhammer-40-000-emperors-children-fulgrim-2\/#breadcrumb","itemListElement":[{"@type":"ListItem","position":1,"name":"Accueil","item":"https:\/\/theuncommonshop.ch\/fr\/accueil\/"},{"@type":"ListItem","position":2,"name":"Boutique","item":"https:\/\/theuncommonshop.ch\/fr\/boutique\/"},{"@type":"ListItem","position":3,"name":"Tabletop","item":"https:\/\/theuncommonshop.ch\/fr\/categorie-produit\/tabletop-fr\/"},{"@type":"ListItem","position":4,"name":"Warhammer 40k","item":"https:\/\/theuncommonshop.ch\/fr\/categorie-produit\/tabletop-fr\/warhammer-40k-fr\/"},{"@type":"ListItem","position":5,"name":"Warhammer 40.000 &#8211; Emperor&#8217;s Children &#8211; Fulgrim"}]},{"@type":"WebSite","@id":"https:\/\/theuncommonshop.ch\/fr\/#website","url":"https:\/\/theuncommonshop.ch\/fr\/","name":"The Uncommon Shop","description":"Magic, Pok\u00e9mon and Yu-gi-oh - The Uncommon Shop","potentialAction":[{"@type":"SearchAction","target":{"@type":"EntryPoint","urlTemplate":"https:\/\/theuncommonshop.ch\/fr\/?s={search_term_string}"},"query-input":{"@type":"PropertyValueSpecification","valueRequired":true,"valueName":"search_term_string"}}],"inLanguage":"fr-FR"}]},"product_price_amount":"116.95","product_price_currency":"CHF","og_availability":"out of stock","product_availability":"out of stock","product_retailer_item_id":"WHEmChFulgrim","product_condition":"new"},"_links":{"self":[{"href":"https:\/\/theuncommonshop.ch\/fr\/wp-json\/wp\/v2\/product\/322002","targetHints":{"allow":["GET"]}}],"collection":[{"href":"https:\/\/theuncommonshop.ch\/fr\/wp-json\/wp\/v2\/product"}],"about":[{"href":"https:\/\/theuncommonshop.ch\/fr\/wp-json\/wp\/v2\/types\/product"}],"replies":[{"embeddable":true,"href":"https:\/\/theuncommonshop.ch\/fr\/wp-json\/wp\/v2\/comments?post=322002"}],"version-history":[{"count":0,"href":"https:\/\/theuncommonshop.ch\/fr\/wp-json\/wp\/v2\/product\/322002\/revisions"}],"wp:featuredmedia":[{"embeddable":true,"href":"https:\/\/theuncommonshop.ch\/fr\/wp-json\/wp\/v2\/media\/124926"}],"wp:attachment":[{"href":"https:\/\/theuncommonshop.ch\/fr\/wp-json\/wp\/v2\/media?parent=322002"}],"wp:term":[{"taxonomy":"product_brand","embeddable":true,"href":"https:\/\/theuncommonshop.ch\/fr\/wp-json\/wp\/v2\/product_brand?post=322002"},{"taxonomy":"product_cat","embeddable":true,"href":"https:\/\/theuncommonshop.ch\/fr\/wp-json\/wp\/v2\/product_cat?post=322002"},{"taxonomy":"product_tag","embeddable":true,"href":"https:\/\/theuncommonshop.ch\/fr\/wp-json\/wp\/v2\/product_tag?post=322002"}],"curies":[{"name":"wp","href":"https:\/\/api.w.org\/{rel}","templated":true}]}}