{"id":321851,"date":"2025-06-12T14:19:23","date_gmt":"2025-06-12T14:19:23","guid":{"rendered":"http:\/\/theuncommonshop.ch\/produkt\/321851\/"},"modified":"2026-03-29T09:48:34","modified_gmt":"2026-03-29T07:48:34","slug":"yu-gi-oh-25th-anniversary-rarity-collection-ii-booster-pack-3","status":"publish","type":"product","link":"https:\/\/theuncommonshop.ch\/fr\/product\/yu-gi-oh-25th-anniversary-rarity-collection-ii-booster-pack-3\/","title":{"rendered":"Yu-Gi-Oh ! &#8211; 25th Anniversary Rarity Collection II &#8211; Booster Packs"},"content":{"rendered":"<p>Chaque carte du coffret est disponible dans chaque raret\u00e9, avec 3 raret\u00e9s &#8220;standard&#8221; (Super Rare, Ultra Rare, Secret Rare) et quatre raret\u00e9s sp\u00e9ciales &#8220;luxe&#8221; : Quarter-Century Secret Rares (avec beaucoup d&#8217;\u00e9clat et un logo en filigrane pour c\u00e9l\u00e9brer le 25e anniversaire !), Platinum Secret Rares, Collector&#8217;s Rares de style &#8220;Prismatic&#8221; (autrefois uniquement disponible \u00e0 l&#8217;\u00e9tranger) et Ultimate Rares de style &#8220;Prismatic&#8221; (avec un vernis 3D sp\u00e9cial, \u00e9galement uniquement disponible \u00e0 l&#8217;\u00e9tranger jusqu&#8217;\u00e0 r\u00e9cemment).<\/p>\n<div>L&#8217;ouverture de la Rarity Collection est une cascade rapide de cartes de haut niveau dans sept des raret\u00e9s de folio les plus populaires du jeu. Si vous n&#8217;avez pas encore fait l&#8217;exp\u00e9rience de cette extravagance en folio, vous allez vous r\u00e9galer ! <\/div>\n<div><\/div>\n<div><strong>Chaque paquet contient :<\/strong><\/div>\n<div>2 Secret Rares (chacune avec une chance sur 4 d&#8217;\u00eatre promue en Platinum Secret Rare ou Quarter-Century Secret Rare)<\/div>\n<div>4 Ultra Rares (chacune avec une chance sur 6 d&#8217;\u00eatre am\u00e9lior\u00e9e en une nouvelle Collector&#8217;s Rare de style &#8220;Prismatic&#8221; ou en une nouvelle Ultimate Rare de style &#8220;Prismatic&#8221;)<\/div>\n<div>3 Super Rares<\/div>\n","protected":false},"excerpt":{"rendered":"<p>Chaque carte du coffret est disponible dans chaque raret\u00e9, avec 3 raret\u00e9s &#8220;standard&#8221; (Super Rare, Ultra Rare, Secret Rare) et<\/p>\n","protected":false},"featured_media":297655,"comment_status":"open","ping_status":"closed","template":"","meta":{"_acf_changed":false},"product_brand":[5074,5112],"product_cat":[9983,9779],"product_tag":[],"class_list":{"0":"post-321851","1":"product","2":"type-product","3":"status-publish","4":"has-post-thumbnail","6":"product_brand-konami","7":"product_brand-yu-gi-oh","8":"product_cat-booster-packs-fr-2","9":"product_cat-yu-gi-oh-fr","11":"first","12":"instock","13":"taxable","14":"shipping-taxable","15":"purchasable","16":"product-type-variable"},"acf":[],"yoast_head":"<!-- This site is optimized with the Yoast SEO plugin v27.4 - https:\/\/yoast.com\/product\/yoast-seo-wordpress\/ -->\n<title>Ach\u00e8te Yu-Gi-Oh ! - 25th Anniversary Rarity Collection II - Booster Packs<\/title>\n<meta name=\"description\" content=\"Ach\u00e8te Yu-Gi-Oh ! - 25th Anniversary Rarity Collection II - Booster Packs en ligne maintenant \u00e0 petit prix! Ton #1 shop pour cartes TCG &amp; Pok\u00e9mon en Suisse \u2713 Livraison gratuite d\u00e8s CHF 29\" \/>\n<meta name=\"robots\" content=\"index, follow, max-snippet:-1, max-image-preview:large, max-video-preview:-1\" \/>\n<link rel=\"canonical\" href=\"https:\/\/theuncommonshop.ch\/fr\/product\/yu-gi-oh-25th-anniversary-rarity-collection-ii-booster-pack-3\/\" \/>\n<meta property=\"og:locale\" content=\"fr_FR\" \/>\n<meta property=\"og:type\" content=\"article\" \/>\n<meta property=\"og:title\" content=\"Ach\u00e8te Yu-Gi-Oh ! - 25th Anniversary Rarity Collection II - Booster Packs\" \/>\n<meta property=\"og:description\" content=\"Ach\u00e8te Yu-Gi-Oh ! - 25th Anniversary Rarity Collection II - Booster Packs en ligne maintenant \u00e0 petit prix! Ton #1 shop pour cartes TCG &amp; Pok\u00e9mon en Suisse \u2713 Livraison gratuite d\u00e8s CHF 29\" \/>\n<meta property=\"og:url\" content=\"https:\/\/theuncommonshop.ch\/fr\/product\/yu-gi-oh-25th-anniversary-rarity-collection-ii-booster-pack-3\/\" \/>\n<meta property=\"og:site_name\" content=\"Largest trading card shop in Switzerland\" \/>\n<meta property=\"article:modified_time\" content=\"2026-03-29T07:48:34+00:00\" \/>\n<meta property=\"og:image\" content=\"https:\/\/theuncommonshop.ch\/wp-content\/uploads\/2025\/06\/RA02-Foil-550x550-v2.jpg\" \/>\n\t<meta property=\"og:image:width\" content=\"550\" \/>\n\t<meta property=\"og:image:height\" content=\"550\" \/>\n\t<meta property=\"og:image:type\" content=\"image\/jpeg\" \/>\n<meta name=\"twitter:card\" content=\"summary_large_image\" \/>\n<meta name=\"twitter:label1\" content=\"Disponibilit\u00e9\" \/>\n\t<meta name=\"twitter:data1\" content=\"En stock\" \/>\n<script type=\"application\/ld+json\" class=\"yoast-schema-graph\">{\"@context\":\"https:\\\/\\\/schema.org\",\"@graph\":[{\"@type\":\"WebPage\",\"@id\":\"https:\\\/\\\/theuncommonshop.ch\\\/fr\\\/product\\\/yu-gi-oh-25th-anniversary-rarity-collection-ii-booster-pack-3\\\/\",\"url\":\"https:\\\/\\\/theuncommonshop.ch\\\/fr\\\/product\\\/yu-gi-oh-25th-anniversary-rarity-collection-ii-booster-pack-3\\\/\",\"name\":\"Ach\u00e8te Yu-Gi-Oh ! - 25th Anniversary Rarity Collection II - Booster Packs\",\"isPartOf\":{\"@id\":\"https:\\\/\\\/theuncommonshop.ch\\\/#website\"},\"primaryImageOfPage\":{\"@id\":\"https:\\\/\\\/theuncommonshop.ch\\\/fr\\\/product\\\/yu-gi-oh-25th-anniversary-rarity-collection-ii-booster-pack-3\\\/#primaryimage\"},\"image\":{\"@id\":\"https:\\\/\\\/theuncommonshop.ch\\\/fr\\\/product\\\/yu-gi-oh-25th-anniversary-rarity-collection-ii-booster-pack-3\\\/#primaryimage\"},\"thumbnailUrl\":\"https:\\\/\\\/theuncommonshop.ch\\\/wp-content\\\/uploads\\\/2025\\\/06\\\/RA02-Foil-550x550-v2.jpg\",\"datePublished\":\"2025-06-12T14:19:23+00:00\",\"dateModified\":\"2026-03-29T07:48:34+00:00\",\"description\":\"Ach\u00e8te Yu-Gi-Oh ! - 25th Anniversary Rarity Collection II - Booster Packs en ligne maintenant \u00e0 petit prix! Ton #1 shop pour cartes TCG & Pok\u00e9mon en Suisse \u2713 Livraison gratuite d\u00e8s CHF 29\",\"breadcrumb\":{\"@id\":\"https:\\\/\\\/theuncommonshop.ch\\\/fr\\\/product\\\/yu-gi-oh-25th-anniversary-rarity-collection-ii-booster-pack-3\\\/#breadcrumb\"},\"inLanguage\":\"fr-FR\",\"potentialAction\":[{\"@type\":\"ReadAction\",\"target\":[\"https:\\\/\\\/theuncommonshop.ch\\\/fr\\\/product\\\/yu-gi-oh-25th-anniversary-rarity-collection-ii-booster-pack-3\\\/\"]}]},{\"@type\":\"ImageObject\",\"inLanguage\":\"fr-FR\",\"@id\":\"https:\\\/\\\/theuncommonshop.ch\\\/fr\\\/product\\\/yu-gi-oh-25th-anniversary-rarity-collection-ii-booster-pack-3\\\/#primaryimage\",\"url\":\"https:\\\/\\\/theuncommonshop.ch\\\/wp-content\\\/uploads\\\/2025\\\/06\\\/RA02-Foil-550x550-v2.jpg\",\"contentUrl\":\"https:\\\/\\\/theuncommonshop.ch\\\/wp-content\\\/uploads\\\/2025\\\/06\\\/RA02-Foil-550x550-v2.jpg\",\"width\":550,\"height\":550},{\"@type\":\"BreadcrumbList\",\"@id\":\"https:\\\/\\\/theuncommonshop.ch\\\/fr\\\/product\\\/yu-gi-oh-25th-anniversary-rarity-collection-ii-booster-pack-3\\\/#breadcrumb\",\"itemListElement\":[{\"@type\":\"ListItem\",\"position\":1,\"name\":\"Accueil\",\"item\":\"https:\\\/\\\/theuncommonshop.ch\\\/fr\\\/accueil\\\/\"},{\"@type\":\"ListItem\",\"position\":2,\"name\":\"Boutique\",\"item\":\"https:\\\/\\\/theuncommonshop.ch\\\/fr\\\/boutique\\\/\"},{\"@type\":\"ListItem\",\"position\":3,\"name\":\"Yu-Gi-Oh!\",\"item\":\"https:\\\/\\\/theuncommonshop.ch\\\/fr\\\/categorie-produit\\\/yu-gi-oh-fr\\\/\"},{\"@type\":\"ListItem\",\"position\":4,\"name\":\"Booster Packs\",\"item\":\"https:\\\/\\\/theuncommonshop.ch\\\/fr\\\/categorie-produit\\\/yu-gi-oh-fr\\\/booster-packs-fr-2\\\/\"},{\"@type\":\"ListItem\",\"position\":5,\"name\":\"Yu-Gi-Oh ! &#8211; 25th Anniversary Rarity Collection II &#8211; Booster Packs\"}]},{\"@type\":\"WebSite\",\"@id\":\"https:\\\/\\\/theuncommonshop.ch\\\/#website\",\"url\":\"https:\\\/\\\/theuncommonshop.ch\\\/\",\"name\":\"Largest trading card shop in Switzerland\",\"description\":\"Magic, Pok\u00e9mon and Yu-gi-oh - The Uncommon Shop\",\"potentialAction\":[{\"@type\":\"SearchAction\",\"target\":{\"@type\":\"EntryPoint\",\"urlTemplate\":\"https:\\\/\\\/theuncommonshop.ch\\\/?s={search_term_string}\"},\"query-input\":{\"@type\":\"PropertyValueSpecification\",\"valueRequired\":true,\"valueName\":\"search_term_string\"}}],\"inLanguage\":\"fr-FR\"}]}<\/script>\n<meta property=\"og:availability\" content=\"instock\" \/>\n<meta property=\"product:availability\" content=\"instock\" \/>\n<meta property=\"product:retailer_item_id\" content=\"YGO.V.E.RaIIBo.DE\" \/>\n<meta property=\"product:condition\" content=\"new\" \/>\n<!-- \/ Yoast SEO plugin. -->","yoast_head_json":{"title":"Ach\u00e8te Yu-Gi-Oh ! - 25th Anniversary Rarity Collection II - Booster Packs","description":"Ach\u00e8te Yu-Gi-Oh ! - 25th Anniversary Rarity Collection II - Booster Packs en ligne maintenant \u00e0 petit prix! Ton #1 shop pour cartes TCG & Pok\u00e9mon en Suisse \u2713 Livraison gratuite d\u00e8s CHF 29","robots":{"index":"index","follow":"follow","max-snippet":"max-snippet:-1","max-image-preview":"max-image-preview:large","max-video-preview":"max-video-preview:-1"},"canonical":"https:\/\/theuncommonshop.ch\/fr\/product\/yu-gi-oh-25th-anniversary-rarity-collection-ii-booster-pack-3\/","og_locale":"fr_FR","og_type":"article","og_title":"Ach\u00e8te Yu-Gi-Oh ! - 25th Anniversary Rarity Collection II - Booster Packs","og_description":"Ach\u00e8te Yu-Gi-Oh ! - 25th Anniversary Rarity Collection II - Booster Packs en ligne maintenant \u00e0 petit prix! Ton #1 shop pour cartes TCG & Pok\u00e9mon en Suisse \u2713 Livraison gratuite d\u00e8s CHF 29","og_url":"https:\/\/theuncommonshop.ch\/fr\/product\/yu-gi-oh-25th-anniversary-rarity-collection-ii-booster-pack-3\/","og_site_name":"Largest trading card shop in Switzerland","article_modified_time":"2026-03-29T07:48:34+00:00","og_image":[{"width":550,"height":550,"url":"https:\/\/theuncommonshop.ch\/wp-content\/uploads\/2025\/06\/RA02-Foil-550x550-v2.jpg","type":"image\/jpeg"}],"twitter_card":"summary_large_image","twitter_misc":{"Disponibilit\u00e9":"En stock"},"schema":{"@context":"https:\/\/schema.org","@graph":[{"@type":"WebPage","@id":"https:\/\/theuncommonshop.ch\/fr\/product\/yu-gi-oh-25th-anniversary-rarity-collection-ii-booster-pack-3\/","url":"https:\/\/theuncommonshop.ch\/fr\/product\/yu-gi-oh-25th-anniversary-rarity-collection-ii-booster-pack-3\/","name":"Ach\u00e8te Yu-Gi-Oh ! - 25th Anniversary Rarity Collection II - Booster Packs","isPartOf":{"@id":"https:\/\/theuncommonshop.ch\/#website"},"primaryImageOfPage":{"@id":"https:\/\/theuncommonshop.ch\/fr\/product\/yu-gi-oh-25th-anniversary-rarity-collection-ii-booster-pack-3\/#primaryimage"},"image":{"@id":"https:\/\/theuncommonshop.ch\/fr\/product\/yu-gi-oh-25th-anniversary-rarity-collection-ii-booster-pack-3\/#primaryimage"},"thumbnailUrl":"https:\/\/theuncommonshop.ch\/wp-content\/uploads\/2025\/06\/RA02-Foil-550x550-v2.jpg","datePublished":"2025-06-12T14:19:23+00:00","dateModified":"2026-03-29T07:48:34+00:00","description":"Ach\u00e8te Yu-Gi-Oh ! - 25th Anniversary Rarity Collection II - Booster Packs en ligne maintenant \u00e0 petit prix! Ton #1 shop pour cartes TCG & Pok\u00e9mon en Suisse \u2713 Livraison gratuite d\u00e8s CHF 29","breadcrumb":{"@id":"https:\/\/theuncommonshop.ch\/fr\/product\/yu-gi-oh-25th-anniversary-rarity-collection-ii-booster-pack-3\/#breadcrumb"},"inLanguage":"fr-FR","potentialAction":[{"@type":"ReadAction","target":["https:\/\/theuncommonshop.ch\/fr\/product\/yu-gi-oh-25th-anniversary-rarity-collection-ii-booster-pack-3\/"]}]},{"@type":"ImageObject","inLanguage":"fr-FR","@id":"https:\/\/theuncommonshop.ch\/fr\/product\/yu-gi-oh-25th-anniversary-rarity-collection-ii-booster-pack-3\/#primaryimage","url":"https:\/\/theuncommonshop.ch\/wp-content\/uploads\/2025\/06\/RA02-Foil-550x550-v2.jpg","contentUrl":"https:\/\/theuncommonshop.ch\/wp-content\/uploads\/2025\/06\/RA02-Foil-550x550-v2.jpg","width":550,"height":550},{"@type":"BreadcrumbList","@id":"https:\/\/theuncommonshop.ch\/fr\/product\/yu-gi-oh-25th-anniversary-rarity-collection-ii-booster-pack-3\/#breadcrumb","itemListElement":[{"@type":"ListItem","position":1,"name":"Accueil","item":"https:\/\/theuncommonshop.ch\/fr\/accueil\/"},{"@type":"ListItem","position":2,"name":"Boutique","item":"https:\/\/theuncommonshop.ch\/fr\/boutique\/"},{"@type":"ListItem","position":3,"name":"Yu-Gi-Oh!","item":"https:\/\/theuncommonshop.ch\/fr\/categorie-produit\/yu-gi-oh-fr\/"},{"@type":"ListItem","position":4,"name":"Booster Packs","item":"https:\/\/theuncommonshop.ch\/fr\/categorie-produit\/yu-gi-oh-fr\/booster-packs-fr-2\/"},{"@type":"ListItem","position":5,"name":"Yu-Gi-Oh ! &#8211; 25th Anniversary Rarity Collection II &#8211; Booster Packs"}]},{"@type":"WebSite","@id":"https:\/\/theuncommonshop.ch\/#website","url":"https:\/\/theuncommonshop.ch\/","name":"Largest trading card shop in Switzerland","description":"Magic, Pok\u00e9mon and Yu-gi-oh - The Uncommon Shop","potentialAction":[{"@type":"SearchAction","target":{"@type":"EntryPoint","urlTemplate":"https:\/\/theuncommonshop.ch\/?s={search_term_string}"},"query-input":{"@type":"PropertyValueSpecification","valueRequired":true,"valueName":"search_term_string"}}],"inLanguage":"fr-FR"}]},"og_availability":"instock","product_availability":"instock","product_retailer_item_id":"YGO.V.E.RaIIBo.DE","product_condition":"new"},"_links":{"self":[{"href":"https:\/\/theuncommonshop.ch\/fr\/wp-json\/wp\/v2\/product\/321851","targetHints":{"allow":["GET"]}}],"collection":[{"href":"https:\/\/theuncommonshop.ch\/fr\/wp-json\/wp\/v2\/product"}],"about":[{"href":"https:\/\/theuncommonshop.ch\/fr\/wp-json\/wp\/v2\/types\/product"}],"replies":[{"embeddable":true,"href":"https:\/\/theuncommonshop.ch\/fr\/wp-json\/wp\/v2\/comments?post=321851"}],"version-history":[{"count":2,"href":"https:\/\/theuncommonshop.ch\/fr\/wp-json\/wp\/v2\/product\/321851\/revisions"}],"predecessor-version":[{"id":357615,"href":"https:\/\/theuncommonshop.ch\/fr\/wp-json\/wp\/v2\/product\/321851\/revisions\/357615"}],"wp:featuredmedia":[{"embeddable":true,"href":"https:\/\/theuncommonshop.ch\/fr\/wp-json\/wp\/v2\/media\/297655"}],"wp:attachment":[{"href":"https:\/\/theuncommonshop.ch\/fr\/wp-json\/wp\/v2\/media?parent=321851"}],"wp:term":[{"taxonomy":"product_brand","embeddable":true,"href":"https:\/\/theuncommonshop.ch\/fr\/wp-json\/wp\/v2\/product_brand?post=321851"},{"taxonomy":"product_cat","embeddable":true,"href":"https:\/\/theuncommonshop.ch\/fr\/wp-json\/wp\/v2\/product_cat?post=321851"},{"taxonomy":"product_tag","embeddable":true,"href":"https:\/\/theuncommonshop.ch\/fr\/wp-json\/wp\/v2\/product_tag?post=321851"}],"curies":[{"name":"wp","href":"https:\/\/api.w.org\/{rel}","templated":true}]}}