{"id":321805,"date":"2025-06-12T14:16:33","date_gmt":"2025-06-12T14:16:33","guid":{"rendered":"http:\/\/theuncommonshop.ch\/produkt\/321805\/"},"modified":"2026-03-31T16:41:51","modified_gmt":"2026-03-31T14:41:51","slug":"yu-gi-oh-legendary-dragon-decks-unlimited-2","status":"publish","type":"product","link":"https:\/\/theuncommonshop.ch\/fr\/product\/yu-gi-oh-legendary-dragon-decks-unlimited-2\/","title":{"rendered":"Yu-Gi-Oh ! &#8211; Legendary Dragon &#8211; Decks (Unlimited)"},"content":{"rendered":"<p>Peu de monstres sont aussi reconnaissables que les dragons du Yu-Gi-Oh ! Trading Card Game. Qu&#8217;ils soient magiques, m\u00e9caniques ou multidimensionnels, les dragons conqui\u00e8rent le c\u0153ur de tous les duellistes tout en d\u00e9truisant ceux de leurs adversaires sur le terrain. Cet automne, avec Yu-Gi-Oh ! TCG Legendary Dragon Decks, les duellistes pourront mettre la main sur 3 decks uniques contenant les dragons les plus terrifiants du jeu et de toutes nouvelles cartes.    <\/p>\n<p>Chaque Deck Set Yu-Gi-Oh ! TCG Legendary Dragon contient 153 cartes : <\/p>\n<ul>\n<li>Deux decks de 40 cartes avec un deck suppl\u00e9mentaire de 11 cartes<\/li>\n<li>Un deck de 41 cartes avec 10 cartes suppl\u00e9mentaires. Ce deck contient \u00e9galement des illustrations alternatives du Dragon pendulaire aux yeux multicolores, du Dragon Xyz de la R\u00e9bellion, du Dragon synchro aux ailes de verre et du Dragon de fusion au poison de famine. <\/li>\n<li>Chaque deck contient 5 cartes Foil<\/li>\n<\/ul>\n","protected":false},"excerpt":{"rendered":"<p>Peu de monstres sont aussi reconnaissables que les dragons du Yu-Gi-Oh ! Trading Card Game. Qu&#8217;ils soient magiques, m\u00e9caniques ou<\/p>\n","protected":false},"featured_media":28572,"comment_status":"open","ping_status":"closed","template":"","meta":{"_acf_changed":false},"product_brand":[5074,5112],"product_cat":[9839,9837,9841,9779],"product_tag":[],"class_list":{"0":"post-321805","1":"product","2":"type-product","3":"status-publish","4":"has-post-thumbnail","6":"product_brand-konami","7":"product_brand-yu-gi-oh","8":"product_cat-coffrets-et-collections-yugioh","9":"product_cat-decks-yugioh","10":"product_cat-super-sale-yugioh","11":"product_cat-yu-gi-oh-fr","13":"first","14":"instock","15":"sale","16":"taxable","17":"shipping-taxable","18":"purchasable","19":"product-type-variable"},"acf":[],"yoast_head":"<!-- This site is optimized with the Yoast SEO plugin v27.4 - https:\/\/yoast.com\/product\/yoast-seo-wordpress\/ -->\n<title>Ach\u00e8te Yu-Gi-Oh ! - Legendary Dragon - Decks (Unlimited)<\/title>\n<meta name=\"description\" content=\"Ach\u00e8te Yu-Gi-Oh ! - Legendary Dragon - Decks (Unlimited) en ligne maintenant \u00e0 petit prix! Ton #1 shop pour cartes TCG &amp; Pok\u00e9mon en Suisse \u2713 Livraison gratuite d\u00e8s CHF 29\" \/>\n<meta name=\"robots\" content=\"index, follow, max-snippet:-1, max-image-preview:large, max-video-preview:-1\" \/>\n<link rel=\"canonical\" href=\"https:\/\/theuncommonshop.ch\/fr\/product\/yu-gi-oh-legendary-dragon-decks-unlimited-2\/\" \/>\n<meta property=\"og:locale\" content=\"fr_FR\" \/>\n<meta property=\"og:type\" content=\"article\" \/>\n<meta property=\"og:title\" content=\"Ach\u00e8te Yu-Gi-Oh ! - Legendary Dragon - Decks (Unlimited)\" \/>\n<meta property=\"og:description\" content=\"Ach\u00e8te Yu-Gi-Oh ! - Legendary Dragon - Decks (Unlimited) en ligne maintenant \u00e0 petit prix! Ton #1 shop pour cartes TCG &amp; Pok\u00e9mon en Suisse \u2713 Livraison gratuite d\u00e8s CHF 29\" \/>\n<meta property=\"og:url\" content=\"https:\/\/theuncommonshop.ch\/fr\/product\/yu-gi-oh-legendary-dragon-decks-unlimited-2\/\" \/>\n<meta property=\"og:site_name\" content=\"Largest trading card shop in Switzerland\" \/>\n<meta property=\"article:modified_time\" content=\"2026-03-31T14:41:51+00:00\" \/>\n<meta property=\"og:image\" content=\"https:\/\/theuncommonshop.ch\/wp-content\/uploads\/2025\/05\/4315671703.jpg\" \/>\n\t<meta property=\"og:image:width\" content=\"545\" \/>\n\t<meta property=\"og:image:height\" content=\"425\" \/>\n\t<meta property=\"og:image:type\" content=\"image\/jpeg\" \/>\n<meta name=\"twitter:card\" content=\"summary_large_image\" \/>\n<meta name=\"twitter:label1\" content=\"Disponibilit\u00e9\" \/>\n\t<meta name=\"twitter:data1\" content=\"En stock\" \/>\n<script type=\"application\/ld+json\" class=\"yoast-schema-graph\">{\"@context\":\"https:\\\/\\\/schema.org\",\"@graph\":[{\"@type\":\"WebPage\",\"@id\":\"https:\\\/\\\/theuncommonshop.ch\\\/fr\\\/product\\\/yu-gi-oh-legendary-dragon-decks-unlimited-2\\\/\",\"url\":\"https:\\\/\\\/theuncommonshop.ch\\\/fr\\\/product\\\/yu-gi-oh-legendary-dragon-decks-unlimited-2\\\/\",\"name\":\"Ach\u00e8te Yu-Gi-Oh ! - Legendary Dragon - Decks (Unlimited)\",\"isPartOf\":{\"@id\":\"https:\\\/\\\/theuncommonshop.ch\\\/#website\"},\"primaryImageOfPage\":{\"@id\":\"https:\\\/\\\/theuncommonshop.ch\\\/fr\\\/product\\\/yu-gi-oh-legendary-dragon-decks-unlimited-2\\\/#primaryimage\"},\"image\":{\"@id\":\"https:\\\/\\\/theuncommonshop.ch\\\/fr\\\/product\\\/yu-gi-oh-legendary-dragon-decks-unlimited-2\\\/#primaryimage\"},\"thumbnailUrl\":\"https:\\\/\\\/theuncommonshop.ch\\\/wp-content\\\/uploads\\\/2025\\\/05\\\/4315671703.jpg\",\"datePublished\":\"2025-06-12T14:16:33+00:00\",\"dateModified\":\"2026-03-31T14:41:51+00:00\",\"description\":\"Ach\u00e8te Yu-Gi-Oh ! - Legendary Dragon - Decks (Unlimited) en ligne maintenant \u00e0 petit prix! Ton #1 shop pour cartes TCG & Pok\u00e9mon en Suisse \u2713 Livraison gratuite d\u00e8s CHF 29\",\"breadcrumb\":{\"@id\":\"https:\\\/\\\/theuncommonshop.ch\\\/fr\\\/product\\\/yu-gi-oh-legendary-dragon-decks-unlimited-2\\\/#breadcrumb\"},\"inLanguage\":\"fr-FR\",\"potentialAction\":[{\"@type\":\"ReadAction\",\"target\":[\"https:\\\/\\\/theuncommonshop.ch\\\/fr\\\/product\\\/yu-gi-oh-legendary-dragon-decks-unlimited-2\\\/\"]}]},{\"@type\":\"ImageObject\",\"inLanguage\":\"fr-FR\",\"@id\":\"https:\\\/\\\/theuncommonshop.ch\\\/fr\\\/product\\\/yu-gi-oh-legendary-dragon-decks-unlimited-2\\\/#primaryimage\",\"url\":\"https:\\\/\\\/theuncommonshop.ch\\\/wp-content\\\/uploads\\\/2025\\\/05\\\/4315671703.jpg\",\"contentUrl\":\"https:\\\/\\\/theuncommonshop.ch\\\/wp-content\\\/uploads\\\/2025\\\/05\\\/4315671703.jpg\",\"width\":545,\"height\":425,\"caption\":\"MIGRATION_FIX_2026 [ECWID_RESTORED : 2026-03-29 12:47:03]\"},{\"@type\":\"BreadcrumbList\",\"@id\":\"https:\\\/\\\/theuncommonshop.ch\\\/fr\\\/product\\\/yu-gi-oh-legendary-dragon-decks-unlimited-2\\\/#breadcrumb\",\"itemListElement\":[{\"@type\":\"ListItem\",\"position\":1,\"name\":\"Accueil\",\"item\":\"https:\\\/\\\/theuncommonshop.ch\\\/fr\\\/accueil\\\/\"},{\"@type\":\"ListItem\",\"position\":2,\"name\":\"Boutique\",\"item\":\"https:\\\/\\\/theuncommonshop.ch\\\/fr\\\/boutique\\\/\"},{\"@type\":\"ListItem\",\"position\":3,\"name\":\"Yu-Gi-Oh!\",\"item\":\"https:\\\/\\\/theuncommonshop.ch\\\/produktkategorie\\\/yu-gi-oh\\\/\"},{\"@type\":\"ListItem\",\"position\":4,\"name\":\"Super Sale\",\"item\":\"https:\\\/\\\/theuncommonshop.ch\\\/produktkategorie\\\/yu-gi-oh\\\/super-sale-yu-gi-oh\\\/\"},{\"@type\":\"ListItem\",\"position\":5,\"name\":\"Yu-Gi-Oh ! &#8211; Legendary Dragon &#8211; Decks (Unlimited)\"}]},{\"@type\":\"WebSite\",\"@id\":\"https:\\\/\\\/theuncommonshop.ch\\\/#website\",\"url\":\"https:\\\/\\\/theuncommonshop.ch\\\/\",\"name\":\"Largest trading card shop in Switzerland\",\"description\":\"Magic, Pok\u00e9mon and Yu-gi-oh - The Uncommon Shop\",\"potentialAction\":[{\"@type\":\"SearchAction\",\"target\":{\"@type\":\"EntryPoint\",\"urlTemplate\":\"https:\\\/\\\/theuncommonshop.ch\\\/?s={search_term_string}\"},\"query-input\":{\"@type\":\"PropertyValueSpecification\",\"valueRequired\":true,\"valueName\":\"search_term_string\"}}],\"inLanguage\":\"fr-FR\"}]}<\/script>\n<meta property=\"og:availability\" content=\"instock\" \/>\n<meta property=\"product:availability\" content=\"instock\" \/>\n<meta property=\"product:retailer_item_id\" content=\"YGO.VIII.C.LegDragDecksUnl.DE\" \/>\n<meta property=\"product:condition\" content=\"new\" \/>\n<!-- \/ Yoast SEO plugin. -->","yoast_head_json":{"title":"Ach\u00e8te Yu-Gi-Oh ! - Legendary Dragon - Decks (Unlimited)","description":"Ach\u00e8te Yu-Gi-Oh ! - Legendary Dragon - Decks (Unlimited) en ligne maintenant \u00e0 petit prix! Ton #1 shop pour cartes TCG & Pok\u00e9mon en Suisse \u2713 Livraison gratuite d\u00e8s CHF 29","robots":{"index":"index","follow":"follow","max-snippet":"max-snippet:-1","max-image-preview":"max-image-preview:large","max-video-preview":"max-video-preview:-1"},"canonical":"https:\/\/theuncommonshop.ch\/fr\/product\/yu-gi-oh-legendary-dragon-decks-unlimited-2\/","og_locale":"fr_FR","og_type":"article","og_title":"Ach\u00e8te Yu-Gi-Oh ! - Legendary Dragon - Decks (Unlimited)","og_description":"Ach\u00e8te Yu-Gi-Oh ! - Legendary Dragon - Decks (Unlimited) en ligne maintenant \u00e0 petit prix! Ton #1 shop pour cartes TCG & Pok\u00e9mon en Suisse \u2713 Livraison gratuite d\u00e8s CHF 29","og_url":"https:\/\/theuncommonshop.ch\/fr\/product\/yu-gi-oh-legendary-dragon-decks-unlimited-2\/","og_site_name":"Largest trading card shop in Switzerland","article_modified_time":"2026-03-31T14:41:51+00:00","og_image":[{"width":545,"height":425,"url":"https:\/\/theuncommonshop.ch\/wp-content\/uploads\/2025\/05\/4315671703.jpg","type":"image\/jpeg"}],"twitter_card":"summary_large_image","twitter_misc":{"Disponibilit\u00e9":"En stock"},"schema":{"@context":"https:\/\/schema.org","@graph":[{"@type":"WebPage","@id":"https:\/\/theuncommonshop.ch\/fr\/product\/yu-gi-oh-legendary-dragon-decks-unlimited-2\/","url":"https:\/\/theuncommonshop.ch\/fr\/product\/yu-gi-oh-legendary-dragon-decks-unlimited-2\/","name":"Ach\u00e8te Yu-Gi-Oh ! - Legendary Dragon - Decks (Unlimited)","isPartOf":{"@id":"https:\/\/theuncommonshop.ch\/#website"},"primaryImageOfPage":{"@id":"https:\/\/theuncommonshop.ch\/fr\/product\/yu-gi-oh-legendary-dragon-decks-unlimited-2\/#primaryimage"},"image":{"@id":"https:\/\/theuncommonshop.ch\/fr\/product\/yu-gi-oh-legendary-dragon-decks-unlimited-2\/#primaryimage"},"thumbnailUrl":"https:\/\/theuncommonshop.ch\/wp-content\/uploads\/2025\/05\/4315671703.jpg","datePublished":"2025-06-12T14:16:33+00:00","dateModified":"2026-03-31T14:41:51+00:00","description":"Ach\u00e8te Yu-Gi-Oh ! - Legendary Dragon - Decks (Unlimited) en ligne maintenant \u00e0 petit prix! Ton #1 shop pour cartes TCG & Pok\u00e9mon en Suisse \u2713 Livraison gratuite d\u00e8s CHF 29","breadcrumb":{"@id":"https:\/\/theuncommonshop.ch\/fr\/product\/yu-gi-oh-legendary-dragon-decks-unlimited-2\/#breadcrumb"},"inLanguage":"fr-FR","potentialAction":[{"@type":"ReadAction","target":["https:\/\/theuncommonshop.ch\/fr\/product\/yu-gi-oh-legendary-dragon-decks-unlimited-2\/"]}]},{"@type":"ImageObject","inLanguage":"fr-FR","@id":"https:\/\/theuncommonshop.ch\/fr\/product\/yu-gi-oh-legendary-dragon-decks-unlimited-2\/#primaryimage","url":"https:\/\/theuncommonshop.ch\/wp-content\/uploads\/2025\/05\/4315671703.jpg","contentUrl":"https:\/\/theuncommonshop.ch\/wp-content\/uploads\/2025\/05\/4315671703.jpg","width":545,"height":425,"caption":"MIGRATION_FIX_2026 [ECWID_RESTORED : 2026-03-29 12:47:03]"},{"@type":"BreadcrumbList","@id":"https:\/\/theuncommonshop.ch\/fr\/product\/yu-gi-oh-legendary-dragon-decks-unlimited-2\/#breadcrumb","itemListElement":[{"@type":"ListItem","position":1,"name":"Accueil","item":"https:\/\/theuncommonshop.ch\/fr\/accueil\/"},{"@type":"ListItem","position":2,"name":"Boutique","item":"https:\/\/theuncommonshop.ch\/fr\/boutique\/"},{"@type":"ListItem","position":3,"name":"Yu-Gi-Oh!","item":"https:\/\/theuncommonshop.ch\/produktkategorie\/yu-gi-oh\/"},{"@type":"ListItem","position":4,"name":"Super Sale","item":"https:\/\/theuncommonshop.ch\/produktkategorie\/yu-gi-oh\/super-sale-yu-gi-oh\/"},{"@type":"ListItem","position":5,"name":"Yu-Gi-Oh ! &#8211; Legendary Dragon &#8211; Decks (Unlimited)"}]},{"@type":"WebSite","@id":"https:\/\/theuncommonshop.ch\/#website","url":"https:\/\/theuncommonshop.ch\/","name":"Largest trading card shop in Switzerland","description":"Magic, Pok\u00e9mon and Yu-gi-oh - The Uncommon Shop","potentialAction":[{"@type":"SearchAction","target":{"@type":"EntryPoint","urlTemplate":"https:\/\/theuncommonshop.ch\/?s={search_term_string}"},"query-input":{"@type":"PropertyValueSpecification","valueRequired":true,"valueName":"search_term_string"}}],"inLanguage":"fr-FR"}]},"og_availability":"instock","product_availability":"instock","product_retailer_item_id":"YGO.VIII.C.LegDragDecksUnl.DE","product_condition":"new"},"_links":{"self":[{"href":"https:\/\/theuncommonshop.ch\/fr\/wp-json\/wp\/v2\/product\/321805","targetHints":{"allow":["GET"]}}],"collection":[{"href":"https:\/\/theuncommonshop.ch\/fr\/wp-json\/wp\/v2\/product"}],"about":[{"href":"https:\/\/theuncommonshop.ch\/fr\/wp-json\/wp\/v2\/types\/product"}],"replies":[{"embeddable":true,"href":"https:\/\/theuncommonshop.ch\/fr\/wp-json\/wp\/v2\/comments?post=321805"}],"version-history":[{"count":2,"href":"https:\/\/theuncommonshop.ch\/fr\/wp-json\/wp\/v2\/product\/321805\/revisions"}],"predecessor-version":[{"id":357620,"href":"https:\/\/theuncommonshop.ch\/fr\/wp-json\/wp\/v2\/product\/321805\/revisions\/357620"}],"wp:featuredmedia":[{"embeddable":true,"href":"https:\/\/theuncommonshop.ch\/fr\/wp-json\/wp\/v2\/media\/28572"}],"wp:attachment":[{"href":"https:\/\/theuncommonshop.ch\/fr\/wp-json\/wp\/v2\/media?parent=321805"}],"wp:term":[{"taxonomy":"product_brand","embeddable":true,"href":"https:\/\/theuncommonshop.ch\/fr\/wp-json\/wp\/v2\/product_brand?post=321805"},{"taxonomy":"product_cat","embeddable":true,"href":"https:\/\/theuncommonshop.ch\/fr\/wp-json\/wp\/v2\/product_cat?post=321805"},{"taxonomy":"product_tag","embeddable":true,"href":"https:\/\/theuncommonshop.ch\/fr\/wp-json\/wp\/v2\/product_tag?post=321805"}],"curies":[{"name":"wp","href":"https:\/\/api.w.org\/{rel}","templated":true}]}}