{"id":321799,"date":"2025-06-12T14:15:07","date_gmt":"2025-06-12T14:15:07","guid":{"rendered":"http:\/\/theuncommonshop.ch\/produkt\/321799\/"},"modified":"2026-03-28T21:51:07","modified_gmt":"2026-03-28T20:51:07","slug":"warhammer-40-000-codex-orks-de-2","status":"publish","type":"product","link":"https:\/\/theuncommonshop.ch\/fr\/product\/warhammer-40-000-codex-orks-de-2\/","title":{"rendered":"Warhammer 40.000 &#8211; Codex : Orks &#8211; FR"},"content":{"rendered":"<ul>\n<li>Un manuel indispensable pour tout chef de guerre en herbe d&#8217;une arm\u00e9e orque<\/li>\n<li>Contient un historique d\u00e9taill\u00e9 et les r\u00e8gles n\u00e9cessaires pour jouer.<\/li>\n<\/ul>\n<div style=\"display: inline !important;\">\n<ul>\n<li>Contient des fiches techniques pour chaque unit\u00e9 d&#8217;Orks l\u00e9gale dans le jeu.<\/li>\n<\/ul>\n<p><\/p>\n<p>Les Orks sont des x\u00e9nos brutaux et violents qui n&#8217;aiment rien d&#8217;autre que le combat. Ils sont coriaces, ont une carrure de b\u0153uf, des cr\u00e2nes \u00e9pais et des gueules pleines de dents. Lorsqu&#8217;ils se rassemblent dans une m\u00eal\u00e9e excit\u00e9e de bruit et de mort, les Orks sont remplis d&#8217;une \u00e9nergie \u00e9trange qui les pousse \u00e0 commettre des actes de sauvagerie encore plus grands et d\u00e9complex\u00e9s. Ils se jettent avec joie dans la bataille et poussent leur cri de guerre assourdissant &#8211; &#8220;Waaagh !&#8221;   <\/p>\n<p>Ce livre de 152 pages contient un v\u00e9ritable tr\u00e9sor d&#8217;informations contextuelles mettant en lumi\u00e8re les guerres importantes des Orks d&#8217;hier et d&#8217;aujourd&#8217;hui, accompagn\u00e9es d&#8217;images spectaculaires et de galeries de miniatures peintes. Le <i>Codex : Orks<\/i> vous permet de jeter un regard d\u00e9taill\u00e9 sur l&#8217;organisation des arm\u00e9es orques, qu&#8217;il s&#8217;agisse de petites forces d&#8217;assaut plan\u00e9taires ou de monstrueux Waaaghs, ainsi que sur les troupes, les chefs et les machines de guerre qui combattent \u00e0 leurs c\u00f4t\u00e9s. Le livre contient \u00e9galement les r\u00e8gles d&#8217;une arm\u00e9e d&#8217;Orks brutalement efficace pour les parties de patrouille de combat et de croisade, ainsi que les parties \u00e9quilibr\u00e9es \u00e0 Warhammer 40.000.  <\/p>\n<p><strong>Dans ce Codex cartonn\u00e9, vous trouverez :<\/strong><\/p>\n<p>&#8211; Des histoires passionnantes d&#8217;escapades l\u00e9gendaires des Orks, de la guerre \u00e0 l&#8217;\u00e9chelle galactique aux op\u00e9rations plus modestes et plus &#8220;secr\u00e8tes&#8221;.<\/p>\n<p>&#8211; Toutes les r\u00e8gles de l&#8217;arm\u00e9e dont vous avez besoin pour jouer \u00e0 Warhammer 40.000 avec vos miniatures d&#8217;Ork.<\/p>\n<p>&#8211; Contexte des cultures orques et de la fa\u00e7on dont elles structurent leurs arm\u00e9es<\/p>\n<p>&#8211; R\u00e8gles d\u00e9taill\u00e9es pour un jeu \u00e9quilibr\u00e9, y compris des objectifs de mission secondaires sp\u00e9cifiques<\/p>\n<p>&#8211; Un ensemble complet de r\u00e8gles pour mener des campagnes de croisade narratives et des parties intenses de patrouille de combat.<\/p>\n<p>Ce livre contient un code \u00e0 usage unique pour d\u00e9bloquer le contenu du <i>Codex : Orks<\/i> dans Warhammer 40.000 : The App.<\/p>\n<\/div>\n<div style=\"display: inline !important;\"><\/div>\n","protected":false},"excerpt":{"rendered":"<p>Un manuel indispensable pour tout chef de guerre en herbe d&#8217;une arm\u00e9e orque Contient un historique d\u00e9taill\u00e9 et les r\u00e8gles<\/p>\n","protected":false},"featured_media":28523,"comment_status":"open","ping_status":"closed","template":"","meta":{"_acf_changed":false},"product_brand":[5154],"product_cat":[9925,9927],"product_tag":[],"class_list":{"0":"post-321799","1":"product","2":"type-product","3":"status-publish","4":"has-post-thumbnail","6":"product_brand-warhammer","7":"product_cat-tabletop-fr","8":"product_cat-warhammer-40k-fr","10":"first","11":"outofstock","12":"taxable","13":"shipping-taxable","14":"purchasable","15":"product-type-simple"},"acf":[],"yoast_head":"<!-- This site is optimized with the Yoast SEO plugin v27.5 - https:\/\/yoast.com\/product\/yoast-seo-wordpress\/ -->\n<title>Ach\u00e8te Warhammer 40.000 - Codex : Orks - FR<\/title>\n<meta name=\"description\" content=\"Ach\u00e8te Warhammer 40.000 - Codex : Orks - FR en ligne maintenant \u00e0 petit prix! Ton #1 shop pour cartes TCG &amp; Pok\u00e9mon en Suisse \u2713 Livraison gratuite d\u00e8s CHF 29\" \/>\n<meta name=\"robots\" content=\"index, follow, max-snippet:-1, max-image-preview:large, max-video-preview:-1\" \/>\n<link rel=\"canonical\" href=\"https:\/\/theuncommonshop.ch\/fr\/product\/warhammer-40-000-codex-orks-de-2\/\" \/>\n<meta property=\"og:locale\" content=\"fr_FR\" \/>\n<meta property=\"og:type\" content=\"article\" \/>\n<meta property=\"og:title\" content=\"Ach\u00e8te Warhammer 40.000 - Codex : Orks - FR\" \/>\n<meta property=\"og:description\" content=\"Ach\u00e8te Warhammer 40.000 - Codex : Orks - FR en ligne maintenant \u00e0 petit prix! Ton #1 shop pour cartes TCG &amp; Pok\u00e9mon en Suisse \u2713 Livraison gratuite d\u00e8s CHF 29\" \/>\n<meta property=\"og:url\" content=\"https:\/\/theuncommonshop.ch\/fr\/product\/warhammer-40-000-codex-orks-de-2\/\" \/>\n<meta property=\"og:site_name\" content=\"The Uncommon Shop\" \/>\n<meta property=\"article:modified_time\" content=\"2026-03-28T20:51:07+00:00\" \/>\n<meta property=\"og:image\" content=\"https:\/\/theuncommonshop.ch\/wp-content\/uploads\/2025\/05\/4287518072.jpg\" \/>\n\t<meta property=\"og:image:width\" content=\"1840\" \/>\n\t<meta property=\"og:image:height\" content=\"1900\" \/>\n\t<meta property=\"og:image:type\" content=\"image\/jpeg\" \/>\n<meta name=\"twitter:card\" content=\"summary_large_image\" \/>\n<meta name=\"twitter:label1\" content=\"Prix\" \/>\n\t<meta name=\"twitter:data1\" content=\"&#067;&#072;&#070;&nbsp;42.95\" \/>\n\t<meta name=\"twitter:label2\" content=\"Disponibilit\u00e9\" \/>\n\t<meta name=\"twitter:data2\" content=\"Rupture de stock\" \/>\n<script type=\"application\/ld+json\" class=\"yoast-schema-graph\">{\"@context\":\"https:\\\/\\\/schema.org\",\"@graph\":[{\"@type\":\"WebPage\",\"@id\":\"https:\\\/\\\/theuncommonshop.ch\\\/fr\\\/product\\\/warhammer-40-000-codex-orks-de-2\\\/\",\"url\":\"https:\\\/\\\/theuncommonshop.ch\\\/fr\\\/product\\\/warhammer-40-000-codex-orks-de-2\\\/\",\"name\":\"Ach\u00e8te Warhammer 40.000 - Codex : Orks - FR\",\"isPartOf\":{\"@id\":\"https:\\\/\\\/theuncommonshop.ch\\\/fr\\\/#website\"},\"primaryImageOfPage\":{\"@id\":\"https:\\\/\\\/theuncommonshop.ch\\\/fr\\\/product\\\/warhammer-40-000-codex-orks-de-2\\\/#primaryimage\"},\"image\":{\"@id\":\"https:\\\/\\\/theuncommonshop.ch\\\/fr\\\/product\\\/warhammer-40-000-codex-orks-de-2\\\/#primaryimage\"},\"thumbnailUrl\":\"https:\\\/\\\/theuncommonshop.ch\\\/wp-content\\\/uploads\\\/2025\\\/05\\\/4287518072.jpg\",\"datePublished\":\"2025-06-12T14:15:07+00:00\",\"dateModified\":\"2026-03-28T20:51:07+00:00\",\"description\":\"Ach\u00e8te Warhammer 40.000 - Codex : Orks - FR en ligne maintenant \u00e0 petit prix! Ton #1 shop pour cartes TCG & Pok\u00e9mon en Suisse \u2713 Livraison gratuite d\u00e8s CHF 29\",\"breadcrumb\":{\"@id\":\"https:\\\/\\\/theuncommonshop.ch\\\/fr\\\/product\\\/warhammer-40-000-codex-orks-de-2\\\/#breadcrumb\"},\"inLanguage\":\"fr-FR\",\"potentialAction\":[{\"@type\":\"ReadAction\",\"target\":[\"https:\\\/\\\/theuncommonshop.ch\\\/fr\\\/product\\\/warhammer-40-000-codex-orks-de-2\\\/\"]}]},{\"@type\":\"ImageObject\",\"inLanguage\":\"fr-FR\",\"@id\":\"https:\\\/\\\/theuncommonshop.ch\\\/fr\\\/product\\\/warhammer-40-000-codex-orks-de-2\\\/#primaryimage\",\"url\":\"https:\\\/\\\/theuncommonshop.ch\\\/wp-content\\\/uploads\\\/2025\\\/05\\\/4287518072.jpg\",\"contentUrl\":\"https:\\\/\\\/theuncommonshop.ch\\\/wp-content\\\/uploads\\\/2025\\\/05\\\/4287518072.jpg\",\"width\":1840,\"height\":1900,\"caption\":\"[MISSING_ORIG: 4287518072] [ECWID_RESTORED: 2026-03-29 12:24:24]\"},{\"@type\":\"BreadcrumbList\",\"@id\":\"https:\\\/\\\/theuncommonshop.ch\\\/fr\\\/product\\\/warhammer-40-000-codex-orks-de-2\\\/#breadcrumb\",\"itemListElement\":[{\"@type\":\"ListItem\",\"position\":1,\"name\":\"Accueil\",\"item\":\"https:\\\/\\\/theuncommonshop.ch\\\/fr\\\/accueil\\\/\"},{\"@type\":\"ListItem\",\"position\":2,\"name\":\"Boutique\",\"item\":\"https:\\\/\\\/theuncommonshop.ch\\\/fr\\\/boutique\\\/\"},{\"@type\":\"ListItem\",\"position\":3,\"name\":\"Tabletop\",\"item\":\"https:\\\/\\\/theuncommonshop.ch\\\/fr\\\/categorie-produit\\\/tabletop-fr\\\/\"},{\"@type\":\"ListItem\",\"position\":4,\"name\":\"Warhammer 40k\",\"item\":\"https:\\\/\\\/theuncommonshop.ch\\\/fr\\\/categorie-produit\\\/tabletop-fr\\\/warhammer-40k-fr\\\/\"},{\"@type\":\"ListItem\",\"position\":5,\"name\":\"Warhammer 40.000 &#8211; Codex : Orks &#8211; FR\"}]},{\"@type\":\"WebSite\",\"@id\":\"https:\\\/\\\/theuncommonshop.ch\\\/fr\\\/#website\",\"url\":\"https:\\\/\\\/theuncommonshop.ch\\\/fr\\\/\",\"name\":\"The Uncommon Shop\",\"description\":\"Magic, Pok\u00e9mon and Yu-gi-oh - The Uncommon Shop\",\"potentialAction\":[{\"@type\":\"SearchAction\",\"target\":{\"@type\":\"EntryPoint\",\"urlTemplate\":\"https:\\\/\\\/theuncommonshop.ch\\\/fr\\\/?s={search_term_string}\"},\"query-input\":{\"@type\":\"PropertyValueSpecification\",\"valueRequired\":true,\"valueName\":\"search_term_string\"}}],\"inLanguage\":\"fr-FR\"}]}<\/script>\n<meta property=\"product:price:amount\" content=\"42.95\" \/>\n<meta property=\"product:price:currency\" content=\"CHF\" \/>\n<meta property=\"og:availability\" content=\"out of stock\" \/>\n<meta property=\"product:availability\" content=\"out of stock\" \/>\n<meta property=\"product:retailer_item_id\" content=\"31976\" \/>\n<meta property=\"product:condition\" content=\"new\" \/>\n<!-- \/ Yoast SEO plugin. -->","yoast_head_json":{"title":"Ach\u00e8te Warhammer 40.000 - Codex : Orks - FR","description":"Ach\u00e8te Warhammer 40.000 - Codex : Orks - FR en ligne maintenant \u00e0 petit prix! Ton #1 shop pour cartes TCG & Pok\u00e9mon en Suisse \u2713 Livraison gratuite d\u00e8s CHF 29","robots":{"index":"index","follow":"follow","max-snippet":"max-snippet:-1","max-image-preview":"max-image-preview:large","max-video-preview":"max-video-preview:-1"},"canonical":"https:\/\/theuncommonshop.ch\/fr\/product\/warhammer-40-000-codex-orks-de-2\/","og_locale":"fr_FR","og_type":"article","og_title":"Ach\u00e8te Warhammer 40.000 - Codex : Orks - FR","og_description":"Ach\u00e8te Warhammer 40.000 - Codex : Orks - FR en ligne maintenant \u00e0 petit prix! Ton #1 shop pour cartes TCG & Pok\u00e9mon en Suisse \u2713 Livraison gratuite d\u00e8s CHF 29","og_url":"https:\/\/theuncommonshop.ch\/fr\/product\/warhammer-40-000-codex-orks-de-2\/","og_site_name":"The Uncommon Shop","article_modified_time":"2026-03-28T20:51:07+00:00","og_image":[{"width":1840,"height":1900,"url":"https:\/\/theuncommonshop.ch\/wp-content\/uploads\/2025\/05\/4287518072.jpg","type":"image\/jpeg"}],"twitter_card":"summary_large_image","twitter_misc":{"Prix":"&#67;&#72;&#70;&nbsp;42.95","Disponibilit\u00e9":"Rupture de stock"},"schema":{"@context":"https:\/\/schema.org","@graph":[{"@type":"WebPage","@id":"https:\/\/theuncommonshop.ch\/fr\/product\/warhammer-40-000-codex-orks-de-2\/","url":"https:\/\/theuncommonshop.ch\/fr\/product\/warhammer-40-000-codex-orks-de-2\/","name":"Ach\u00e8te Warhammer 40.000 - Codex : Orks - FR","isPartOf":{"@id":"https:\/\/theuncommonshop.ch\/fr\/#website"},"primaryImageOfPage":{"@id":"https:\/\/theuncommonshop.ch\/fr\/product\/warhammer-40-000-codex-orks-de-2\/#primaryimage"},"image":{"@id":"https:\/\/theuncommonshop.ch\/fr\/product\/warhammer-40-000-codex-orks-de-2\/#primaryimage"},"thumbnailUrl":"https:\/\/theuncommonshop.ch\/wp-content\/uploads\/2025\/05\/4287518072.jpg","datePublished":"2025-06-12T14:15:07+00:00","dateModified":"2026-03-28T20:51:07+00:00","description":"Ach\u00e8te Warhammer 40.000 - Codex : Orks - FR en ligne maintenant \u00e0 petit prix! Ton #1 shop pour cartes TCG & Pok\u00e9mon en Suisse \u2713 Livraison gratuite d\u00e8s CHF 29","breadcrumb":{"@id":"https:\/\/theuncommonshop.ch\/fr\/product\/warhammer-40-000-codex-orks-de-2\/#breadcrumb"},"inLanguage":"fr-FR","potentialAction":[{"@type":"ReadAction","target":["https:\/\/theuncommonshop.ch\/fr\/product\/warhammer-40-000-codex-orks-de-2\/"]}]},{"@type":"ImageObject","inLanguage":"fr-FR","@id":"https:\/\/theuncommonshop.ch\/fr\/product\/warhammer-40-000-codex-orks-de-2\/#primaryimage","url":"https:\/\/theuncommonshop.ch\/wp-content\/uploads\/2025\/05\/4287518072.jpg","contentUrl":"https:\/\/theuncommonshop.ch\/wp-content\/uploads\/2025\/05\/4287518072.jpg","width":1840,"height":1900,"caption":"[MISSING_ORIG: 4287518072] [ECWID_RESTORED: 2026-03-29 12:24:24]"},{"@type":"BreadcrumbList","@id":"https:\/\/theuncommonshop.ch\/fr\/product\/warhammer-40-000-codex-orks-de-2\/#breadcrumb","itemListElement":[{"@type":"ListItem","position":1,"name":"Accueil","item":"https:\/\/theuncommonshop.ch\/fr\/accueil\/"},{"@type":"ListItem","position":2,"name":"Boutique","item":"https:\/\/theuncommonshop.ch\/fr\/boutique\/"},{"@type":"ListItem","position":3,"name":"Tabletop","item":"https:\/\/theuncommonshop.ch\/fr\/categorie-produit\/tabletop-fr\/"},{"@type":"ListItem","position":4,"name":"Warhammer 40k","item":"https:\/\/theuncommonshop.ch\/fr\/categorie-produit\/tabletop-fr\/warhammer-40k-fr\/"},{"@type":"ListItem","position":5,"name":"Warhammer 40.000 &#8211; Codex : Orks &#8211; FR"}]},{"@type":"WebSite","@id":"https:\/\/theuncommonshop.ch\/fr\/#website","url":"https:\/\/theuncommonshop.ch\/fr\/","name":"The Uncommon Shop","description":"Magic, Pok\u00e9mon and Yu-gi-oh - The Uncommon Shop","potentialAction":[{"@type":"SearchAction","target":{"@type":"EntryPoint","urlTemplate":"https:\/\/theuncommonshop.ch\/fr\/?s={search_term_string}"},"query-input":{"@type":"PropertyValueSpecification","valueRequired":true,"valueName":"search_term_string"}}],"inLanguage":"fr-FR"}]},"product_price_amount":"42.95","product_price_currency":"CHF","og_availability":"out of stock","product_availability":"out of stock","product_retailer_item_id":"31976","product_condition":"new"},"_links":{"self":[{"href":"https:\/\/theuncommonshop.ch\/fr\/wp-json\/wp\/v2\/product\/321799","targetHints":{"allow":["GET"]}}],"collection":[{"href":"https:\/\/theuncommonshop.ch\/fr\/wp-json\/wp\/v2\/product"}],"about":[{"href":"https:\/\/theuncommonshop.ch\/fr\/wp-json\/wp\/v2\/types\/product"}],"replies":[{"embeddable":true,"href":"https:\/\/theuncommonshop.ch\/fr\/wp-json\/wp\/v2\/comments?post=321799"}],"version-history":[{"count":0,"href":"https:\/\/theuncommonshop.ch\/fr\/wp-json\/wp\/v2\/product\/321799\/revisions"}],"wp:featuredmedia":[{"embeddable":true,"href":"https:\/\/theuncommonshop.ch\/fr\/wp-json\/wp\/v2\/media\/28523"}],"wp:attachment":[{"href":"https:\/\/theuncommonshop.ch\/fr\/wp-json\/wp\/v2\/media?parent=321799"}],"wp:term":[{"taxonomy":"product_brand","embeddable":true,"href":"https:\/\/theuncommonshop.ch\/fr\/wp-json\/wp\/v2\/product_brand?post=321799"},{"taxonomy":"product_cat","embeddable":true,"href":"https:\/\/theuncommonshop.ch\/fr\/wp-json\/wp\/v2\/product_cat?post=321799"},{"taxonomy":"product_tag","embeddable":true,"href":"https:\/\/theuncommonshop.ch\/fr\/wp-json\/wp\/v2\/product_tag?post=321799"}],"curies":[{"name":"wp","href":"https:\/\/api.w.org\/{rel}","templated":true}]}}