{"id":321784,"date":"2025-06-12T14:14:27","date_gmt":"2025-06-12T14:14:27","guid":{"rendered":"http:\/\/theuncommonshop.ch\/produkt\/321784\/"},"modified":"2026-03-29T12:12:35","modified_gmt":"2026-03-29T10:12:35","slug":"pokemon-trainer-toolkit-2021-2__trashed","status":"publish","type":"product","link":"https:\/\/theuncommonshop.ch\/fr\/product\/pokemon-trainer-toolkit-2021-2__trashed\/","title":{"rendered":"Pok\u00e9mon &#8211; Trainer Toolkit 2021"},"content":{"rendered":"<div>\n<p>Transformez votre collection de cartes en decks jouables, amusants et comp\u00e9titifs du jeu de cartes \u00e0 collectionner Pok\u00e9mon !<\/p>\n<p>Cette collection contient une multitude de cartes Dresseur et de cartes \u00c9nergie, ainsi qu&#8217;un guide de d\u00e9veloppement de Deck qui vous permet de combiner toutes les cartes pour cr\u00e9er un deck qui met en valeur vos meilleurs Pok\u00e9mon !<\/p>\n<p>Vous trouverez tout ce dont vous avez besoin pour prendre les d\u00e9cisions auxquelles tout d\u00e9veloppeur de plafond doit faire face : Plus de Pok\u00e9mon puissants ? Des cartes Dresseur plus strat\u00e9giques ? Quelle quantit\u00e9 d&#8217;\u00e9nergie est trop importante ?  <\/p>\n<p>Avec le Trainer Toolkit du jeu de cartes \u00e0 collectionner Pok\u00e9mon, prenez un cours qui promet des decks totalement nouveaux, des combos originaux et beaucoup de plaisir dans les parties en t\u00eate-\u00e0-t\u00eate !<\/p>\n<p><strong>La Trainer Toolkit du jeu de cartes \u00e0 collectionner Pok\u00e9mon contient :<\/strong><\/p>\n<ul>\n<li>Plus de 50 cartes utiles pour renforcer vos decks, dont des dizaines de cartes d&#8217;entra\u00eeneur, 6 cartes d&#8217;\u00e9nergie sp\u00e9ciale et 2 exemplaires de Lumineon V.<\/li>\n<li>Plus de 100 cartes d&#8217;\u00e9nergie de base<\/li>\n<li>4 boosters du jeu de cartes \u00e0 collectionner Pok\u00e9mon pour \u00e9largir votre collection<\/li>\n<\/ul>\n<\/div>\n","protected":false},"excerpt":{"rendered":"<p>Transformez votre collection de cartes en decks jouables, amusants et comp\u00e9titifs du jeu de cartes \u00e0 collectionner Pok\u00e9mon ! Cette<\/p>\n","protected":false},"featured_media":28492,"comment_status":"open","ping_status":"closed","template":"","meta":{"_acf_changed":false},"product_brand":[5114,5072],"product_cat":[9811,9827,9777],"product_tag":[],"class_list":{"0":"post-321784","1":"product","2":"type-product","3":"status-publish","4":"has-post-thumbnail","6":"product_brand-pokemon","7":"product_brand-the-pokemon-company","8":"product_cat-coffrets-et-collections-pokemon","9":"product_cat-debutant","10":"product_cat-pokemon-fr","12":"first","13":"instock","14":"taxable","15":"shipping-taxable","16":"purchasable","17":"product-type-variable"},"acf":[],"yoast_head":"<!-- This site is optimized with the Yoast SEO plugin v27.4 - https:\/\/yoast.com\/product\/yoast-seo-wordpress\/ -->\n<title>Ach\u00e8te Pok\u00e9mon - Trainer Toolkit 2021<\/title>\n<meta name=\"description\" content=\"Ach\u00e8te Pok\u00e9mon - Trainer Toolkit 2021 en ligne maintenant \u00e0 petit prix! Ton #1 shop pour cartes TCG &amp; Pok\u00e9mon en Suisse \u2713 Livraison gratuite d\u00e8s CHF 29\" \/>\n<meta name=\"robots\" content=\"index, follow, max-snippet:-1, max-image-preview:large, max-video-preview:-1\" \/>\n<link rel=\"canonical\" href=\"https:\/\/theuncommonshop.ch\/fr\/product\/pokemon-trainer-toolkit-2021-2__trashed\/\" \/>\n<meta property=\"og:locale\" content=\"fr_FR\" \/>\n<meta property=\"og:type\" content=\"article\" \/>\n<meta property=\"og:title\" content=\"Ach\u00e8te Pok\u00e9mon - Trainer Toolkit 2021\" \/>\n<meta property=\"og:description\" content=\"Ach\u00e8te Pok\u00e9mon - Trainer Toolkit 2021 en ligne maintenant \u00e0 petit prix! Ton #1 shop pour cartes TCG &amp; Pok\u00e9mon en Suisse \u2713 Livraison gratuite d\u00e8s CHF 29\" \/>\n<meta property=\"og:url\" content=\"https:\/\/theuncommonshop.ch\/fr\/product\/pokemon-trainer-toolkit-2021-2__trashed\/\" \/>\n<meta property=\"og:site_name\" content=\"Largest trading card shop in Switzerland\" \/>\n<meta property=\"article:modified_time\" content=\"2026-03-29T10:12:35+00:00\" \/>\n<meta property=\"og:image\" content=\"https:\/\/theuncommonshop.ch\/wp-content\/uploads\/2025\/05\/4278634251.jpg\" \/>\n\t<meta property=\"og:image:width\" content=\"1000\" \/>\n\t<meta property=\"og:image:height\" content=\"637\" \/>\n\t<meta property=\"og:image:type\" content=\"image\/jpeg\" \/>\n<meta name=\"twitter:card\" content=\"summary_large_image\" \/>\n<meta name=\"twitter:label1\" content=\"Disponibilit\u00e9\" \/>\n\t<meta name=\"twitter:data1\" content=\"En stock\" \/>\n<script type=\"application\/ld+json\" class=\"yoast-schema-graph\">{\"@context\":\"https:\\\/\\\/schema.org\",\"@graph\":[{\"@type\":\"WebPage\",\"@id\":\"https:\\\/\\\/theuncommonshop.ch\\\/fr\\\/product\\\/pokemon-trainer-toolkit-2021-2__trashed\\\/\",\"url\":\"https:\\\/\\\/theuncommonshop.ch\\\/fr\\\/product\\\/pokemon-trainer-toolkit-2021-2__trashed\\\/\",\"name\":\"Ach\u00e8te Pok\u00e9mon - Trainer Toolkit 2021\",\"isPartOf\":{\"@id\":\"https:\\\/\\\/theuncommonshop.ch\\\/#website\"},\"primaryImageOfPage\":{\"@id\":\"https:\\\/\\\/theuncommonshop.ch\\\/fr\\\/product\\\/pokemon-trainer-toolkit-2021-2__trashed\\\/#primaryimage\"},\"image\":{\"@id\":\"https:\\\/\\\/theuncommonshop.ch\\\/fr\\\/product\\\/pokemon-trainer-toolkit-2021-2__trashed\\\/#primaryimage\"},\"thumbnailUrl\":\"https:\\\/\\\/theuncommonshop.ch\\\/wp-content\\\/uploads\\\/2025\\\/05\\\/4278634251.jpg\",\"datePublished\":\"2025-06-12T14:14:27+00:00\",\"dateModified\":\"2026-03-29T10:12:35+00:00\",\"description\":\"Ach\u00e8te Pok\u00e9mon - Trainer Toolkit 2021 en ligne maintenant \u00e0 petit prix! Ton #1 shop pour cartes TCG & Pok\u00e9mon en Suisse \u2713 Livraison gratuite d\u00e8s CHF 29\",\"breadcrumb\":{\"@id\":\"https:\\\/\\\/theuncommonshop.ch\\\/fr\\\/product\\\/pokemon-trainer-toolkit-2021-2__trashed\\\/#breadcrumb\"},\"inLanguage\":\"fr-FR\",\"potentialAction\":[{\"@type\":\"ReadAction\",\"target\":[\"https:\\\/\\\/theuncommonshop.ch\\\/fr\\\/product\\\/pokemon-trainer-toolkit-2021-2__trashed\\\/\"]}]},{\"@type\":\"ImageObject\",\"inLanguage\":\"fr-FR\",\"@id\":\"https:\\\/\\\/theuncommonshop.ch\\\/fr\\\/product\\\/pokemon-trainer-toolkit-2021-2__trashed\\\/#primaryimage\",\"url\":\"https:\\\/\\\/theuncommonshop.ch\\\/wp-content\\\/uploads\\\/2025\\\/05\\\/4278634251.jpg\",\"contentUrl\":\"https:\\\/\\\/theuncommonshop.ch\\\/wp-content\\\/uploads\\\/2025\\\/05\\\/4278634251.jpg\",\"width\":1000,\"height\":637},{\"@type\":\"BreadcrumbList\",\"@id\":\"https:\\\/\\\/theuncommonshop.ch\\\/fr\\\/product\\\/pokemon-trainer-toolkit-2021-2__trashed\\\/#breadcrumb\",\"itemListElement\":[{\"@type\":\"ListItem\",\"position\":1,\"name\":\"Accueil\",\"item\":\"https:\\\/\\\/theuncommonshop.ch\\\/fr\\\/accueil\\\/\"},{\"@type\":\"ListItem\",\"position\":2,\"name\":\"Boutique\",\"item\":\"https:\\\/\\\/theuncommonshop.ch\\\/fr\\\/boutique\\\/\"},{\"@type\":\"ListItem\",\"position\":3,\"name\":\"Pok\u00e9mon\",\"item\":\"https:\\\/\\\/theuncommonshop.ch\\\/produktkategorie\\\/pokemon\\\/\"},{\"@type\":\"ListItem\",\"position\":4,\"name\":\"Boxen &amp; Kollektionen\",\"item\":\"https:\\\/\\\/theuncommonshop.ch\\\/produktkategorie\\\/pokemon\\\/boxen-kollektionen-pokemon\\\/\"},{\"@type\":\"ListItem\",\"position\":5,\"name\":\"Pok\u00e9mon &#8211; Trainer Toolkit 2021\"}]},{\"@type\":\"WebSite\",\"@id\":\"https:\\\/\\\/theuncommonshop.ch\\\/#website\",\"url\":\"https:\\\/\\\/theuncommonshop.ch\\\/\",\"name\":\"Largest trading card shop in Switzerland\",\"description\":\"Magic, Pok\u00e9mon and Yu-gi-oh - The Uncommon Shop\",\"potentialAction\":[{\"@type\":\"SearchAction\",\"target\":{\"@type\":\"EntryPoint\",\"urlTemplate\":\"https:\\\/\\\/theuncommonshop.ch\\\/?s={search_term_string}\"},\"query-input\":{\"@type\":\"PropertyValueSpecification\",\"valueRequired\":true,\"valueName\":\"search_term_string\"}}],\"inLanguage\":\"fr-FR\"}]}<\/script>\n<meta property=\"og:availability\" content=\"instock\" \/>\n<meta property=\"product:availability\" content=\"instock\" \/>\n<meta property=\"product:retailer_item_id\" content=\"PO.XXII.G.ToolKitBlau.DE\" \/>\n<meta property=\"product:condition\" content=\"new\" \/>\n<!-- \/ Yoast SEO plugin. -->","yoast_head_json":{"title":"Ach\u00e8te Pok\u00e9mon - Trainer Toolkit 2021","description":"Ach\u00e8te Pok\u00e9mon - Trainer Toolkit 2021 en ligne maintenant \u00e0 petit prix! Ton #1 shop pour cartes TCG & Pok\u00e9mon en Suisse \u2713 Livraison gratuite d\u00e8s CHF 29","robots":{"index":"index","follow":"follow","max-snippet":"max-snippet:-1","max-image-preview":"max-image-preview:large","max-video-preview":"max-video-preview:-1"},"canonical":"https:\/\/theuncommonshop.ch\/fr\/product\/pokemon-trainer-toolkit-2021-2__trashed\/","og_locale":"fr_FR","og_type":"article","og_title":"Ach\u00e8te Pok\u00e9mon - Trainer Toolkit 2021","og_description":"Ach\u00e8te Pok\u00e9mon - Trainer Toolkit 2021 en ligne maintenant \u00e0 petit prix! Ton #1 shop pour cartes TCG & Pok\u00e9mon en Suisse \u2713 Livraison gratuite d\u00e8s CHF 29","og_url":"https:\/\/theuncommonshop.ch\/fr\/product\/pokemon-trainer-toolkit-2021-2__trashed\/","og_site_name":"Largest trading card shop in Switzerland","article_modified_time":"2026-03-29T10:12:35+00:00","og_image":[{"width":1000,"height":637,"url":"https:\/\/theuncommonshop.ch\/wp-content\/uploads\/2025\/05\/4278634251.jpg","type":"image\/jpeg"}],"twitter_card":"summary_large_image","twitter_misc":{"Disponibilit\u00e9":"En stock"},"schema":{"@context":"https:\/\/schema.org","@graph":[{"@type":"WebPage","@id":"https:\/\/theuncommonshop.ch\/fr\/product\/pokemon-trainer-toolkit-2021-2__trashed\/","url":"https:\/\/theuncommonshop.ch\/fr\/product\/pokemon-trainer-toolkit-2021-2__trashed\/","name":"Ach\u00e8te Pok\u00e9mon - Trainer Toolkit 2021","isPartOf":{"@id":"https:\/\/theuncommonshop.ch\/#website"},"primaryImageOfPage":{"@id":"https:\/\/theuncommonshop.ch\/fr\/product\/pokemon-trainer-toolkit-2021-2__trashed\/#primaryimage"},"image":{"@id":"https:\/\/theuncommonshop.ch\/fr\/product\/pokemon-trainer-toolkit-2021-2__trashed\/#primaryimage"},"thumbnailUrl":"https:\/\/theuncommonshop.ch\/wp-content\/uploads\/2025\/05\/4278634251.jpg","datePublished":"2025-06-12T14:14:27+00:00","dateModified":"2026-03-29T10:12:35+00:00","description":"Ach\u00e8te Pok\u00e9mon - Trainer Toolkit 2021 en ligne maintenant \u00e0 petit prix! Ton #1 shop pour cartes TCG & Pok\u00e9mon en Suisse \u2713 Livraison gratuite d\u00e8s CHF 29","breadcrumb":{"@id":"https:\/\/theuncommonshop.ch\/fr\/product\/pokemon-trainer-toolkit-2021-2__trashed\/#breadcrumb"},"inLanguage":"fr-FR","potentialAction":[{"@type":"ReadAction","target":["https:\/\/theuncommonshop.ch\/fr\/product\/pokemon-trainer-toolkit-2021-2__trashed\/"]}]},{"@type":"ImageObject","inLanguage":"fr-FR","@id":"https:\/\/theuncommonshop.ch\/fr\/product\/pokemon-trainer-toolkit-2021-2__trashed\/#primaryimage","url":"https:\/\/theuncommonshop.ch\/wp-content\/uploads\/2025\/05\/4278634251.jpg","contentUrl":"https:\/\/theuncommonshop.ch\/wp-content\/uploads\/2025\/05\/4278634251.jpg","width":1000,"height":637},{"@type":"BreadcrumbList","@id":"https:\/\/theuncommonshop.ch\/fr\/product\/pokemon-trainer-toolkit-2021-2__trashed\/#breadcrumb","itemListElement":[{"@type":"ListItem","position":1,"name":"Accueil","item":"https:\/\/theuncommonshop.ch\/fr\/accueil\/"},{"@type":"ListItem","position":2,"name":"Boutique","item":"https:\/\/theuncommonshop.ch\/fr\/boutique\/"},{"@type":"ListItem","position":3,"name":"Pok\u00e9mon","item":"https:\/\/theuncommonshop.ch\/produktkategorie\/pokemon\/"},{"@type":"ListItem","position":4,"name":"Boxen &amp; Kollektionen","item":"https:\/\/theuncommonshop.ch\/produktkategorie\/pokemon\/boxen-kollektionen-pokemon\/"},{"@type":"ListItem","position":5,"name":"Pok\u00e9mon &#8211; Trainer Toolkit 2021"}]},{"@type":"WebSite","@id":"https:\/\/theuncommonshop.ch\/#website","url":"https:\/\/theuncommonshop.ch\/","name":"Largest trading card shop in Switzerland","description":"Magic, Pok\u00e9mon and Yu-gi-oh - The Uncommon Shop","potentialAction":[{"@type":"SearchAction","target":{"@type":"EntryPoint","urlTemplate":"https:\/\/theuncommonshop.ch\/?s={search_term_string}"},"query-input":{"@type":"PropertyValueSpecification","valueRequired":true,"valueName":"search_term_string"}}],"inLanguage":"fr-FR"}]},"og_availability":"instock","product_availability":"instock","product_retailer_item_id":"PO.XXII.G.ToolKitBlau.DE","product_condition":"new"},"_links":{"self":[{"href":"https:\/\/theuncommonshop.ch\/fr\/wp-json\/wp\/v2\/product\/321784","targetHints":{"allow":["GET"]}}],"collection":[{"href":"https:\/\/theuncommonshop.ch\/fr\/wp-json\/wp\/v2\/product"}],"about":[{"href":"https:\/\/theuncommonshop.ch\/fr\/wp-json\/wp\/v2\/types\/product"}],"replies":[{"embeddable":true,"href":"https:\/\/theuncommonshop.ch\/fr\/wp-json\/wp\/v2\/comments?post=321784"}],"version-history":[{"count":1,"href":"https:\/\/theuncommonshop.ch\/fr\/wp-json\/wp\/v2\/product\/321784\/revisions"}],"predecessor-version":[{"id":321790,"href":"https:\/\/theuncommonshop.ch\/fr\/wp-json\/wp\/v2\/product\/321784\/revisions\/321790"}],"wp:featuredmedia":[{"embeddable":true,"href":"https:\/\/theuncommonshop.ch\/fr\/wp-json\/wp\/v2\/media\/28492"}],"wp:attachment":[{"href":"https:\/\/theuncommonshop.ch\/fr\/wp-json\/wp\/v2\/media?parent=321784"}],"wp:term":[{"taxonomy":"product_brand","embeddable":true,"href":"https:\/\/theuncommonshop.ch\/fr\/wp-json\/wp\/v2\/product_brand?post=321784"},{"taxonomy":"product_cat","embeddable":true,"href":"https:\/\/theuncommonshop.ch\/fr\/wp-json\/wp\/v2\/product_cat?post=321784"},{"taxonomy":"product_tag","embeddable":true,"href":"https:\/\/theuncommonshop.ch\/fr\/wp-json\/wp\/v2\/product_tag?post=321784"}],"curies":[{"name":"wp","href":"https:\/\/api.w.org\/{rel}","templated":true}]}}