{"id":321584,"date":"2025-06-12T13:19:51","date_gmt":"2025-06-12T13:19:51","guid":{"rendered":"http:\/\/theuncommonshop.ch\/produkt\/321584\/"},"modified":"2026-03-28T20:17:02","modified_gmt":"2026-03-28T19:17:02","slug":"magic-murders-at-karlov-manor-mkm-play-booster-pack-2","status":"publish","type":"product","link":"https:\/\/theuncommonshop.ch\/fr\/product\/magic-murders-at-karlov-manor-mkm-play-booster-pack-2\/","title":{"rendered":"Magic &#8211; Murders at Karlov Manor (MKM) &#8211; Play Booster Pack"},"content":{"rendered":"<ul>\n<li>NOUS PR\u00c9SENTONS DES BOOSTERS DE JEU &#8211; Obtenez le meilleur des boosters de draft et de set, combin\u00e9s en un seul type de booster ! Les boosters de jeu sont parfaits pour le format limit\u00e9 et sont tr\u00e8s amusants \u00e0 ouvrir. Chaque Booster peut contenir plusieurs cartes rares et au moins 1 carte Foil brillante.  <\/li>\n<li><a name=\"OLE_LINK8\"><\/a>SUIVEZ LES INDICES. R\u00c9SOLU L&#8217;APPEL &#8211; Jouez au d\u00e9tective et rassemblez des preuves, rev\u00eatez des d\u00e9guisements et identifiez des suspects pour r\u00e9soudre l&#8217;affaire du meurtre au c\u0153ur de Ravnica. <\/li>\n<li>LES BOOSTERS PEUVENT CONTENIR PLUSIEURS CARTES RARES &#8211; Chaque Booster MKM Play contient 1 \u00e0 4 cartes de raret\u00e9 rare ou sup\u00e9rieure, et il est possible de recevoir une carte fabuleusement rare de l&#8217;histoire de Magic.<\/li>\n<li>CARTE FOIL BRILLANTE DANS CHAQUE BOOSTER &#8211; Chaque Booster Play contient 1 carte Foil traditionnelle brillante de n&#8217;importe quelle raret\u00e9 ; dans 20 % des Boosters, vous trouverez \u00e9galement une carte de pays Foil traditionnelle (qui peut m\u00eame avoir une illustration en grand !).<\/li>\n<li>PEUT CONTENIR DES CARTES ARTWORK, EXCLUSIVITE POUR LES BOOSTERS DE JEU &#8211; Certains Boosters de JEU contiennent \u00e9galement une carte Artwork avec une illustration du set Mord in Karlov Manor, parfois m\u00eame avec une signature Foil de l&#8217;artiste.<\/li>\n<li>CONTENU : Booster de jeu Mord in Karlov Manor contenant chacun 14 cartes MTG.<\/li>\n<\/ul>\n","protected":false},"excerpt":{"rendered":"<p>NOUS PR\u00c9SENTONS DES BOOSTERS DE JEU &#8211; Obtenez le meilleur des boosters de draft et de set, combin\u00e9s en un<\/p>\n","protected":false},"featured_media":25251,"comment_status":"open","ping_status":"closed","template":"","meta":{"_acf_changed":false},"product_brand":[5158,5070],"product_cat":[9985,9967,10191,9991],"product_tag":[],"class_list":{"0":"post-321584","1":"product","2":"type-product","3":"status-publish","4":"has-post-thumbnail","6":"product_brand-magic-the-gathering","7":"product_brand-wizards-of-the-coast","8":"product_cat-booster-packs-fr","9":"product_cat-magic-the-gathering-fr","10":"product_cat-meurtres-au-manoir-karlov","11":"product_cat-produits-par-lots-mtg","13":"first","14":"instock","15":"taxable","16":"shipping-taxable","17":"purchasable","18":"product-type-variable"},"acf":[],"yoast_head":"<!-- This site is optimized with the Yoast SEO plugin v27.5 - https:\/\/yoast.com\/product\/yoast-seo-wordpress\/ -->\n<title>Ach\u00e8te Magic - Murders at Karlov Manor (MKM) - Play Booster Pack<\/title>\n<meta name=\"description\" content=\"Ach\u00e8te Magic - Murders at Karlov Manor (MKM) - Play Booster Pack en ligne maintenant \u00e0 petit prix! Ton #1 shop pour cartes TCG &amp; Pok\u00e9mon en Suisse \u2713 Livraison gratuite d\u00e8s CHF 29\" \/>\n<meta name=\"robots\" content=\"index, follow, max-snippet:-1, max-image-preview:large, max-video-preview:-1\" \/>\n<link rel=\"canonical\" href=\"https:\/\/theuncommonshop.ch\/fr\/product\/magic-murders-at-karlov-manor-mkm-play-booster-pack-2\/\" \/>\n<meta property=\"og:locale\" content=\"fr_FR\" \/>\n<meta property=\"og:type\" content=\"article\" \/>\n<meta property=\"og:title\" content=\"Ach\u00e8te Magic - Murders at Karlov Manor (MKM) - Play Booster Pack\" \/>\n<meta property=\"og:description\" content=\"Ach\u00e8te Magic - Murders at Karlov Manor (MKM) - Play Booster Pack en ligne maintenant \u00e0 petit prix! Ton #1 shop pour cartes TCG &amp; Pok\u00e9mon en Suisse \u2713 Livraison gratuite d\u00e8s CHF 29\" \/>\n<meta property=\"og:url\" content=\"https:\/\/theuncommonshop.ch\/fr\/product\/magic-murders-at-karlov-manor-mkm-play-booster-pack-2\/\" \/>\n<meta property=\"og:site_name\" content=\"The Uncommon Shop\" \/>\n<meta property=\"article:modified_time\" content=\"2026-03-28T19:17:02+00:00\" \/>\n<meta property=\"og:image\" content=\"https:\/\/theuncommonshop.ch\/wp-content\/uploads\/2025\/05\/4009500631.jpg\" \/>\n\t<meta property=\"og:image:width\" content=\"370\" \/>\n\t<meta property=\"og:image:height\" content=\"674\" \/>\n\t<meta property=\"og:image:type\" content=\"image\/jpeg\" \/>\n<meta name=\"twitter:card\" content=\"summary_large_image\" \/>\n<meta name=\"twitter:label1\" content=\"Disponibilit\u00e9\" \/>\n\t<meta name=\"twitter:data1\" content=\"En stock\" \/>\n<script type=\"application\/ld+json\" class=\"yoast-schema-graph\">{\"@context\":\"https:\\\/\\\/schema.org\",\"@graph\":[{\"@type\":\"WebPage\",\"@id\":\"https:\\\/\\\/theuncommonshop.ch\\\/fr\\\/product\\\/magic-murders-at-karlov-manor-mkm-play-booster-pack-2\\\/\",\"url\":\"https:\\\/\\\/theuncommonshop.ch\\\/fr\\\/product\\\/magic-murders-at-karlov-manor-mkm-play-booster-pack-2\\\/\",\"name\":\"Ach\u00e8te Magic - Murders at Karlov Manor (MKM) - Play Booster Pack\",\"isPartOf\":{\"@id\":\"https:\\\/\\\/theuncommonshop.ch\\\/fr\\\/#website\"},\"primaryImageOfPage\":{\"@id\":\"https:\\\/\\\/theuncommonshop.ch\\\/fr\\\/product\\\/magic-murders-at-karlov-manor-mkm-play-booster-pack-2\\\/#primaryimage\"},\"image\":{\"@id\":\"https:\\\/\\\/theuncommonshop.ch\\\/fr\\\/product\\\/magic-murders-at-karlov-manor-mkm-play-booster-pack-2\\\/#primaryimage\"},\"thumbnailUrl\":\"https:\\\/\\\/theuncommonshop.ch\\\/wp-content\\\/uploads\\\/2025\\\/05\\\/4009500631.jpg\",\"datePublished\":\"2025-06-12T13:19:51+00:00\",\"dateModified\":\"2026-03-28T19:17:02+00:00\",\"description\":\"Ach\u00e8te Magic - Murders at Karlov Manor (MKM) - Play Booster Pack en ligne maintenant \u00e0 petit prix! Ton #1 shop pour cartes TCG & Pok\u00e9mon en Suisse \u2713 Livraison gratuite d\u00e8s CHF 29\",\"breadcrumb\":{\"@id\":\"https:\\\/\\\/theuncommonshop.ch\\\/fr\\\/product\\\/magic-murders-at-karlov-manor-mkm-play-booster-pack-2\\\/#breadcrumb\"},\"inLanguage\":\"fr-FR\",\"potentialAction\":[{\"@type\":\"ReadAction\",\"target\":[\"https:\\\/\\\/theuncommonshop.ch\\\/fr\\\/product\\\/magic-murders-at-karlov-manor-mkm-play-booster-pack-2\\\/\"]}]},{\"@type\":\"ImageObject\",\"inLanguage\":\"fr-FR\",\"@id\":\"https:\\\/\\\/theuncommonshop.ch\\\/fr\\\/product\\\/magic-murders-at-karlov-manor-mkm-play-booster-pack-2\\\/#primaryimage\",\"url\":\"https:\\\/\\\/theuncommonshop.ch\\\/wp-content\\\/uploads\\\/2025\\\/05\\\/4009500631.jpg\",\"contentUrl\":\"https:\\\/\\\/theuncommonshop.ch\\\/wp-content\\\/uploads\\\/2025\\\/05\\\/4009500631.jpg\",\"width\":370,\"height\":674},{\"@type\":\"BreadcrumbList\",\"@id\":\"https:\\\/\\\/theuncommonshop.ch\\\/fr\\\/product\\\/magic-murders-at-karlov-manor-mkm-play-booster-pack-2\\\/#breadcrumb\",\"itemListElement\":[{\"@type\":\"ListItem\",\"position\":1,\"name\":\"Accueil\",\"item\":\"https:\\\/\\\/theuncommonshop.ch\\\/fr\\\/accueil\\\/\"},{\"@type\":\"ListItem\",\"position\":2,\"name\":\"Boutique\",\"item\":\"https:\\\/\\\/theuncommonshop.ch\\\/fr\\\/boutique\\\/\"},{\"@type\":\"ListItem\",\"position\":3,\"name\":\"Magic the Gathering\",\"item\":\"https:\\\/\\\/theuncommonshop.ch\\\/fr\\\/categorie-produit\\\/magic-the-gathering-fr\\\/\"},{\"@type\":\"ListItem\",\"position\":4,\"name\":\"Produits par lots\",\"item\":\"https:\\\/\\\/theuncommonshop.ch\\\/fr\\\/categorie-produit\\\/magic-the-gathering-fr\\\/produits-par-lots-mtg\\\/\"},{\"@type\":\"ListItem\",\"position\":5,\"name\":\"Meurtres au manoir Karlov\",\"item\":\"https:\\\/\\\/theuncommonshop.ch\\\/fr\\\/categorie-produit\\\/magic-the-gathering-fr\\\/produits-par-lots-mtg\\\/meurtres-au-manoir-karlov\\\/\"},{\"@type\":\"ListItem\",\"position\":6,\"name\":\"Magic &#8211; Murders at Karlov Manor (MKM) &#8211; Play Booster Pack\"}]},{\"@type\":\"WebSite\",\"@id\":\"https:\\\/\\\/theuncommonshop.ch\\\/fr\\\/#website\",\"url\":\"https:\\\/\\\/theuncommonshop.ch\\\/fr\\\/\",\"name\":\"The Uncommon Shop\",\"description\":\"Magic, Pok\u00e9mon and Yu-gi-oh - The Uncommon Shop\",\"potentialAction\":[{\"@type\":\"SearchAction\",\"target\":{\"@type\":\"EntryPoint\",\"urlTemplate\":\"https:\\\/\\\/theuncommonshop.ch\\\/fr\\\/?s={search_term_string}\"},\"query-input\":{\"@type\":\"PropertyValueSpecification\",\"valueRequired\":true,\"valueName\":\"search_term_string\"}}],\"inLanguage\":\"fr-FR\"}]}<\/script>\n<meta property=\"og:availability\" content=\"instock\" \/>\n<meta property=\"product:availability\" content=\"instock\" \/>\n<meta property=\"product:condition\" content=\"new\" \/>\n<!-- \/ Yoast SEO plugin. -->","yoast_head_json":{"title":"Ach\u00e8te Magic - Murders at Karlov Manor (MKM) - Play Booster Pack","description":"Ach\u00e8te Magic - Murders at Karlov Manor (MKM) - Play Booster Pack en ligne maintenant \u00e0 petit prix! Ton #1 shop pour cartes TCG & Pok\u00e9mon en Suisse \u2713 Livraison gratuite d\u00e8s CHF 29","robots":{"index":"index","follow":"follow","max-snippet":"max-snippet:-1","max-image-preview":"max-image-preview:large","max-video-preview":"max-video-preview:-1"},"canonical":"https:\/\/theuncommonshop.ch\/fr\/product\/magic-murders-at-karlov-manor-mkm-play-booster-pack-2\/","og_locale":"fr_FR","og_type":"article","og_title":"Ach\u00e8te Magic - Murders at Karlov Manor (MKM) - Play Booster Pack","og_description":"Ach\u00e8te Magic - Murders at Karlov Manor (MKM) - Play Booster Pack en ligne maintenant \u00e0 petit prix! Ton #1 shop pour cartes TCG & Pok\u00e9mon en Suisse \u2713 Livraison gratuite d\u00e8s CHF 29","og_url":"https:\/\/theuncommonshop.ch\/fr\/product\/magic-murders-at-karlov-manor-mkm-play-booster-pack-2\/","og_site_name":"The Uncommon Shop","article_modified_time":"2026-03-28T19:17:02+00:00","og_image":[{"width":370,"height":674,"url":"https:\/\/theuncommonshop.ch\/wp-content\/uploads\/2025\/05\/4009500631.jpg","type":"image\/jpeg"}],"twitter_card":"summary_large_image","twitter_misc":{"Disponibilit\u00e9":"En stock"},"schema":{"@context":"https:\/\/schema.org","@graph":[{"@type":"WebPage","@id":"https:\/\/theuncommonshop.ch\/fr\/product\/magic-murders-at-karlov-manor-mkm-play-booster-pack-2\/","url":"https:\/\/theuncommonshop.ch\/fr\/product\/magic-murders-at-karlov-manor-mkm-play-booster-pack-2\/","name":"Ach\u00e8te Magic - Murders at Karlov Manor (MKM) - Play Booster Pack","isPartOf":{"@id":"https:\/\/theuncommonshop.ch\/fr\/#website"},"primaryImageOfPage":{"@id":"https:\/\/theuncommonshop.ch\/fr\/product\/magic-murders-at-karlov-manor-mkm-play-booster-pack-2\/#primaryimage"},"image":{"@id":"https:\/\/theuncommonshop.ch\/fr\/product\/magic-murders-at-karlov-manor-mkm-play-booster-pack-2\/#primaryimage"},"thumbnailUrl":"https:\/\/theuncommonshop.ch\/wp-content\/uploads\/2025\/05\/4009500631.jpg","datePublished":"2025-06-12T13:19:51+00:00","dateModified":"2026-03-28T19:17:02+00:00","description":"Ach\u00e8te Magic - Murders at Karlov Manor (MKM) - Play Booster Pack en ligne maintenant \u00e0 petit prix! Ton #1 shop pour cartes TCG & Pok\u00e9mon en Suisse \u2713 Livraison gratuite d\u00e8s CHF 29","breadcrumb":{"@id":"https:\/\/theuncommonshop.ch\/fr\/product\/magic-murders-at-karlov-manor-mkm-play-booster-pack-2\/#breadcrumb"},"inLanguage":"fr-FR","potentialAction":[{"@type":"ReadAction","target":["https:\/\/theuncommonshop.ch\/fr\/product\/magic-murders-at-karlov-manor-mkm-play-booster-pack-2\/"]}]},{"@type":"ImageObject","inLanguage":"fr-FR","@id":"https:\/\/theuncommonshop.ch\/fr\/product\/magic-murders-at-karlov-manor-mkm-play-booster-pack-2\/#primaryimage","url":"https:\/\/theuncommonshop.ch\/wp-content\/uploads\/2025\/05\/4009500631.jpg","contentUrl":"https:\/\/theuncommonshop.ch\/wp-content\/uploads\/2025\/05\/4009500631.jpg","width":370,"height":674},{"@type":"BreadcrumbList","@id":"https:\/\/theuncommonshop.ch\/fr\/product\/magic-murders-at-karlov-manor-mkm-play-booster-pack-2\/#breadcrumb","itemListElement":[{"@type":"ListItem","position":1,"name":"Accueil","item":"https:\/\/theuncommonshop.ch\/fr\/accueil\/"},{"@type":"ListItem","position":2,"name":"Boutique","item":"https:\/\/theuncommonshop.ch\/fr\/boutique\/"},{"@type":"ListItem","position":3,"name":"Magic the Gathering","item":"https:\/\/theuncommonshop.ch\/fr\/categorie-produit\/magic-the-gathering-fr\/"},{"@type":"ListItem","position":4,"name":"Produits par lots","item":"https:\/\/theuncommonshop.ch\/fr\/categorie-produit\/magic-the-gathering-fr\/produits-par-lots-mtg\/"},{"@type":"ListItem","position":5,"name":"Meurtres au manoir Karlov","item":"https:\/\/theuncommonshop.ch\/fr\/categorie-produit\/magic-the-gathering-fr\/produits-par-lots-mtg\/meurtres-au-manoir-karlov\/"},{"@type":"ListItem","position":6,"name":"Magic &#8211; Murders at Karlov Manor (MKM) &#8211; Play Booster Pack"}]},{"@type":"WebSite","@id":"https:\/\/theuncommonshop.ch\/fr\/#website","url":"https:\/\/theuncommonshop.ch\/fr\/","name":"The Uncommon Shop","description":"Magic, Pok\u00e9mon and Yu-gi-oh - The Uncommon Shop","potentialAction":[{"@type":"SearchAction","target":{"@type":"EntryPoint","urlTemplate":"https:\/\/theuncommonshop.ch\/fr\/?s={search_term_string}"},"query-input":{"@type":"PropertyValueSpecification","valueRequired":true,"valueName":"search_term_string"}}],"inLanguage":"fr-FR"}]},"og_availability":"instock","product_availability":"instock","product_condition":"new"},"_links":{"self":[{"href":"https:\/\/theuncommonshop.ch\/fr\/wp-json\/wp\/v2\/product\/321584","targetHints":{"allow":["GET"]}}],"collection":[{"href":"https:\/\/theuncommonshop.ch\/fr\/wp-json\/wp\/v2\/product"}],"about":[{"href":"https:\/\/theuncommonshop.ch\/fr\/wp-json\/wp\/v2\/types\/product"}],"replies":[{"embeddable":true,"href":"https:\/\/theuncommonshop.ch\/fr\/wp-json\/wp\/v2\/comments?post=321584"}],"version-history":[{"count":0,"href":"https:\/\/theuncommonshop.ch\/fr\/wp-json\/wp\/v2\/product\/321584\/revisions"}],"wp:featuredmedia":[{"embeddable":true,"href":"https:\/\/theuncommonshop.ch\/fr\/wp-json\/wp\/v2\/media\/25251"}],"wp:attachment":[{"href":"https:\/\/theuncommonshop.ch\/fr\/wp-json\/wp\/v2\/media?parent=321584"}],"wp:term":[{"taxonomy":"product_brand","embeddable":true,"href":"https:\/\/theuncommonshop.ch\/fr\/wp-json\/wp\/v2\/product_brand?post=321584"},{"taxonomy":"product_cat","embeddable":true,"href":"https:\/\/theuncommonshop.ch\/fr\/wp-json\/wp\/v2\/product_cat?post=321584"},{"taxonomy":"product_tag","embeddable":true,"href":"https:\/\/theuncommonshop.ch\/fr\/wp-json\/wp\/v2\/product_tag?post=321584"}],"curies":[{"name":"wp","href":"https:\/\/api.w.org\/{rel}","templated":true}]}}