{"id":321491,"date":"2025-06-12T13:01:23","date_gmt":"2025-06-12T13:01:23","guid":{"rendered":"http:\/\/theuncommonshop.ch\/produkt\/321491\/"},"modified":"2026-03-29T17:23:59","modified_gmt":"2026-03-29T15:23:59","slug":"magic-modern-horizons-2-mh2-draft-booster-display-3","status":"publish","type":"product","link":"https:\/\/theuncommonshop.ch\/fr\/product\/magic-modern-horizons-2-mh2-draft-booster-display-3\/","title":{"rendered":"Magic : Modern Horizons 2 (MH2) &#8211; Draft Booster Display"},"content":{"rendered":"<ul>\n<li>\n<p data-start=\"86\" data-end=\"385\">D\u00e9couvrez des cartes puissantes et des <strong data-start=\"142\" data-end=\"167\">Booster Display<\/strong> l\u00e9gendaires avec le <strong data-start=\"142\" data-end=\"167\">Draft Booster Display<\/strong> de <strong data-start=\"172\" data-end=\"213\"><span class=\"hover:entity-accent entity-underline inline cursor-pointer align-baseline\"><span class=\"whitespace-normal\">Modern Horizons : 2<\/span><\/span><\/strong>. Ce set sp\u00e9cial a \u00e9t\u00e9 sp\u00e9cialement con\u00e7u pour le <strong data-start=\"259\" data-end=\"276\">format Modern<\/strong> et remet en jeu de nombreuses nouvelles cartes ainsi que des cartes populaires des sets Magic pr\u00e9c\u00e9dents. <\/p>\n<p data-start=\"387\" data-end=\"671\"><strong data-start=\"387\" data-end=\"414\">Modern Horizons 2 (MH2)<\/strong> fait partie des sets Magic les plus populaires et contient de nombreuses cartes puissantes pour diff\u00e9rents formats tels que <strong data-start=\"514\" data-end=\"546\">Modern, Commander et Legacy<\/strong>. Le set offre un m\u00e9lange passionnant de nouvelles m\u00e9caniques, de strat\u00e9gies connues et d&#8217;illustrations de cartes impressionnantes. <\/p>\n<p data-start=\"673\" data-end=\"954\">Parfaitement adapt\u00e9 aux <strong data-start=\"727\" data-end=\"777\">\u00e9v\u00e9nements de draft, aux tournois scell\u00e9s ou \u00e0 la collection<\/strong>, le Draft <strong data-start=\"677\" data-end=\"702\">Booster Display<\/strong> permet aux joueurs de d\u00e9couvrir des cartes puissantes pour leurs decks. Les <strong data-start=\"887\" data-end=\"909\">cartes Retro Frame<\/strong>, au design classique de Magic, sont particuli\u00e8rement recherch\u00e9es. <\/p>\n<h3 data-start=\"956\" data-end=\"974\">D\u00e9tails du produit<\/h3>\n<p data-start=\"976\" data-end=\"1331\">&#8211;  <strong data-start=\"978\" data-end=\"986\">Set :<\/strong> Modern Horizons 2<br data-start=\"1004\" data-end=\"1007\">&#8211; <strong data-start=\"1009\" data-end=\"1022\">Code de l&#8217;ensemble :<\/strong> <strong data-start=\"1023\" data-end=\"1030\">MH2<\/strong><br data-start=\"1030\" data-end=\"1033\">&#8211; <strong data-start=\"1035\" data-end=\"1073\">1 pr\u00e9sentoir contient 36 Boosters Draft<\/strong><br data-start=\"1073\" data-end=\"1076\">&#8211; <strong data-start=\"1078\" data-end=\"1124\">15 cartes Magic : The Gathering par Booster<\/strong><br data-start=\"1124\" data-end=\"1127\">&#8211; Chance de trouver des <strong data-start=\"1140\" data-end=\"1177\">cartes Rare, Mythic Rare et Foil<\/strong><br data-start=\"1177\" data-end=\"1180\">&#8211; Contient des <strong data-start=\"1199\" data-end=\"1249\">Reprintes<\/strong> populaires <strong data-start=\"1199\" data-end=\"1249\">et de nouvelles cartes pour le format Modern<\/strong><br data-start=\"1249\" data-end=\"1252\">&#8211; Chance de trouver <strong data-start=\"1265\" data-end=\"1287\">des cartes Retro Frame<\/strong><br data-start=\"1287\" data-end=\"1290\">&#8211; Id\u00e9al pour les joueurs qui veulent se faire plaisir.        <strong data-start=\"1302\" data-end=\"1331\">Draft, Sealed et Collectionneur<\/strong><\/p>\n<p data-start=\"1333\" data-end=\"1541\">Le <strong data-start=\"1341\" data-end=\"1411\">Draft Booster Display de Magic : The Gathering Modern Horizons 2 (MH2)<\/strong> vous permet de vivre des parties de draft passionnantes et d&#8217;enrichir votre collection avec des cartes puissantes issues de l&#8217;un des sets Modern les plus populaires.<\/p>\n<\/li>\n<\/ul>\n","protected":false},"excerpt":{"rendered":"<p>D\u00e9couvrez des cartes puissantes et des Booster Display l\u00e9gendaires avec le Draft Booster Display de Modern Horizons : 2. Ce<\/p>\n","protected":false},"featured_media":25359,"comment_status":"open","ping_status":"closed","template":"","meta":{"_acf_changed":false},"product_brand":[5158,5070],"product_cat":[9969,10239,9967,9991],"product_tag":[],"class_list":{"0":"post-321491","1":"product","2":"type-product","3":"status-publish","4":"has-post-thumbnail","6":"product_brand-magic-the-gathering","7":"product_brand-wizards-of-the-coast","8":"product_cat-booster-displays-fr","9":"product_cat-horizons-du-modern-2","10":"product_cat-magic-the-gathering-fr","11":"product_cat-produits-par-lots-mtg","13":"first","14":"instock","15":"taxable","16":"shipping-taxable","17":"purchasable","18":"product-type-variable"},"acf":[],"yoast_head":"<!-- This site is optimized with the Yoast SEO plugin v27.5 - https:\/\/yoast.com\/product\/yoast-seo-wordpress\/ -->\n<title>Ach\u00e8te Magic : Modern Horizons 2 (MH2) - Draft Booster Display<\/title>\n<meta name=\"description\" content=\"Ach\u00e8te Magic : Modern Horizons 2 (MH2) - Draft Booster Display en ligne maintenant \u00e0 petit prix! Ton #1 shop pour cartes TCG &amp; Pok\u00e9mon en Suisse \u2713 Livraison gratuite d\u00e8s CHF 29\" \/>\n<meta name=\"robots\" content=\"index, follow, max-snippet:-1, max-image-preview:large, max-video-preview:-1\" \/>\n<link rel=\"canonical\" href=\"https:\/\/theuncommonshop.ch\/fr\/product\/magic-modern-horizons-2-mh2-draft-booster-display-3\/\" \/>\n<meta property=\"og:locale\" content=\"fr_FR\" \/>\n<meta property=\"og:type\" content=\"article\" \/>\n<meta property=\"og:title\" content=\"Ach\u00e8te Magic : Modern Horizons 2 (MH2) - Draft Booster Display\" \/>\n<meta property=\"og:description\" content=\"Ach\u00e8te Magic : Modern Horizons 2 (MH2) - Draft Booster Display en ligne maintenant \u00e0 petit prix! Ton #1 shop pour cartes TCG &amp; Pok\u00e9mon en Suisse \u2713 Livraison gratuite d\u00e8s CHF 29\" \/>\n<meta property=\"og:url\" content=\"https:\/\/theuncommonshop.ch\/fr\/product\/magic-modern-horizons-2-mh2-draft-booster-display-3\/\" \/>\n<meta property=\"og:site_name\" content=\"The Uncommon Shop\" \/>\n<meta property=\"article:modified_time\" content=\"2026-03-29T15:23:59+00:00\" \/>\n<meta property=\"og:image\" content=\"https:\/\/theuncommonshop.ch\/wp-content\/uploads\/2025\/05\/2272299319.jpg\" \/>\n\t<meta property=\"og:image:width\" content=\"900\" \/>\n\t<meta property=\"og:image:height\" content=\"799\" \/>\n\t<meta property=\"og:image:type\" content=\"image\/jpeg\" \/>\n<meta name=\"twitter:card\" content=\"summary_large_image\" \/>\n<meta name=\"twitter:label1\" content=\"Disponibilit\u00e9\" \/>\n\t<meta name=\"twitter:data1\" content=\"En stock\" \/>\n<script type=\"application\/ld+json\" class=\"yoast-schema-graph\">{\"@context\":\"https:\\\/\\\/schema.org\",\"@graph\":[{\"@type\":\"WebPage\",\"@id\":\"https:\\\/\\\/theuncommonshop.ch\\\/fr\\\/product\\\/magic-modern-horizons-2-mh2-draft-booster-display-3\\\/\",\"url\":\"https:\\\/\\\/theuncommonshop.ch\\\/fr\\\/product\\\/magic-modern-horizons-2-mh2-draft-booster-display-3\\\/\",\"name\":\"Ach\u00e8te Magic : Modern Horizons 2 (MH2) - Draft Booster Display\",\"isPartOf\":{\"@id\":\"https:\\\/\\\/theuncommonshop.ch\\\/fr\\\/#website\"},\"primaryImageOfPage\":{\"@id\":\"https:\\\/\\\/theuncommonshop.ch\\\/fr\\\/product\\\/magic-modern-horizons-2-mh2-draft-booster-display-3\\\/#primaryimage\"},\"image\":{\"@id\":\"https:\\\/\\\/theuncommonshop.ch\\\/fr\\\/product\\\/magic-modern-horizons-2-mh2-draft-booster-display-3\\\/#primaryimage\"},\"thumbnailUrl\":\"https:\\\/\\\/theuncommonshop.ch\\\/wp-content\\\/uploads\\\/2025\\\/05\\\/2272299319.jpg\",\"datePublished\":\"2025-06-12T13:01:23+00:00\",\"dateModified\":\"2026-03-29T15:23:59+00:00\",\"description\":\"Ach\u00e8te Magic : Modern Horizons 2 (MH2) - Draft Booster Display en ligne maintenant \u00e0 petit prix! Ton #1 shop pour cartes TCG & Pok\u00e9mon en Suisse \u2713 Livraison gratuite d\u00e8s CHF 29\",\"breadcrumb\":{\"@id\":\"https:\\\/\\\/theuncommonshop.ch\\\/fr\\\/product\\\/magic-modern-horizons-2-mh2-draft-booster-display-3\\\/#breadcrumb\"},\"inLanguage\":\"fr-FR\",\"potentialAction\":[{\"@type\":\"ReadAction\",\"target\":[\"https:\\\/\\\/theuncommonshop.ch\\\/fr\\\/product\\\/magic-modern-horizons-2-mh2-draft-booster-display-3\\\/\"]}]},{\"@type\":\"ImageObject\",\"inLanguage\":\"fr-FR\",\"@id\":\"https:\\\/\\\/theuncommonshop.ch\\\/fr\\\/product\\\/magic-modern-horizons-2-mh2-draft-booster-display-3\\\/#primaryimage\",\"url\":\"https:\\\/\\\/theuncommonshop.ch\\\/wp-content\\\/uploads\\\/2025\\\/05\\\/2272299319.jpg\",\"contentUrl\":\"https:\\\/\\\/theuncommonshop.ch\\\/wp-content\\\/uploads\\\/2025\\\/05\\\/2272299319.jpg\",\"width\":900,\"height\":799},{\"@type\":\"BreadcrumbList\",\"@id\":\"https:\\\/\\\/theuncommonshop.ch\\\/fr\\\/product\\\/magic-modern-horizons-2-mh2-draft-booster-display-3\\\/#breadcrumb\",\"itemListElement\":[{\"@type\":\"ListItem\",\"position\":1,\"name\":\"Accueil\",\"item\":\"https:\\\/\\\/theuncommonshop.ch\\\/fr\\\/accueil\\\/\"},{\"@type\":\"ListItem\",\"position\":2,\"name\":\"Boutique\",\"item\":\"https:\\\/\\\/theuncommonshop.ch\\\/fr\\\/boutique\\\/\"},{\"@type\":\"ListItem\",\"position\":3,\"name\":\"Magic the Gathering\",\"item\":\"https:\\\/\\\/theuncommonshop.ch\\\/fr\\\/categorie-produit\\\/magic-the-gathering-fr\\\/\"},{\"@type\":\"ListItem\",\"position\":4,\"name\":\"Produits par lots\",\"item\":\"https:\\\/\\\/theuncommonshop.ch\\\/fr\\\/categorie-produit\\\/magic-the-gathering-fr\\\/produits-par-lots-mtg\\\/\"},{\"@type\":\"ListItem\",\"position\":5,\"name\":\"Horizons du Modern 2\",\"item\":\"https:\\\/\\\/theuncommonshop.ch\\\/fr\\\/categorie-produit\\\/magic-the-gathering-fr\\\/produits-par-lots-mtg\\\/horizons-du-modern-2\\\/\"},{\"@type\":\"ListItem\",\"position\":6,\"name\":\"Magic : Modern Horizons 2 (MH2) &#8211; Draft Booster Display\"}]},{\"@type\":\"WebSite\",\"@id\":\"https:\\\/\\\/theuncommonshop.ch\\\/fr\\\/#website\",\"url\":\"https:\\\/\\\/theuncommonshop.ch\\\/fr\\\/\",\"name\":\"The Uncommon Shop\",\"description\":\"Magic, Pok\u00e9mon and Yu-gi-oh - The Uncommon Shop\",\"potentialAction\":[{\"@type\":\"SearchAction\",\"target\":{\"@type\":\"EntryPoint\",\"urlTemplate\":\"https:\\\/\\\/theuncommonshop.ch\\\/fr\\\/?s={search_term_string}\"},\"query-input\":{\"@type\":\"PropertyValueSpecification\",\"valueRequired\":true,\"valueName\":\"search_term_string\"}}],\"inLanguage\":\"fr-FR\"}]}<\/script>\n<meta property=\"og:availability\" content=\"instock\" \/>\n<meta property=\"product:availability\" content=\"instock\" \/>\n<meta property=\"product:condition\" content=\"new\" \/>\n<!-- \/ Yoast SEO plugin. -->","yoast_head_json":{"title":"Ach\u00e8te Magic : Modern Horizons 2 (MH2) - Draft Booster Display","description":"Ach\u00e8te Magic : Modern Horizons 2 (MH2) - Draft Booster Display en ligne maintenant \u00e0 petit prix! Ton #1 shop pour cartes TCG & Pok\u00e9mon en Suisse \u2713 Livraison gratuite d\u00e8s CHF 29","robots":{"index":"index","follow":"follow","max-snippet":"max-snippet:-1","max-image-preview":"max-image-preview:large","max-video-preview":"max-video-preview:-1"},"canonical":"https:\/\/theuncommonshop.ch\/fr\/product\/magic-modern-horizons-2-mh2-draft-booster-display-3\/","og_locale":"fr_FR","og_type":"article","og_title":"Ach\u00e8te Magic : Modern Horizons 2 (MH2) - Draft Booster Display","og_description":"Ach\u00e8te Magic : Modern Horizons 2 (MH2) - Draft Booster Display en ligne maintenant \u00e0 petit prix! Ton #1 shop pour cartes TCG & Pok\u00e9mon en Suisse \u2713 Livraison gratuite d\u00e8s CHF 29","og_url":"https:\/\/theuncommonshop.ch\/fr\/product\/magic-modern-horizons-2-mh2-draft-booster-display-3\/","og_site_name":"The Uncommon Shop","article_modified_time":"2026-03-29T15:23:59+00:00","og_image":[{"width":900,"height":799,"url":"https:\/\/theuncommonshop.ch\/wp-content\/uploads\/2025\/05\/2272299319.jpg","type":"image\/jpeg"}],"twitter_card":"summary_large_image","twitter_misc":{"Disponibilit\u00e9":"En stock"},"schema":{"@context":"https:\/\/schema.org","@graph":[{"@type":"WebPage","@id":"https:\/\/theuncommonshop.ch\/fr\/product\/magic-modern-horizons-2-mh2-draft-booster-display-3\/","url":"https:\/\/theuncommonshop.ch\/fr\/product\/magic-modern-horizons-2-mh2-draft-booster-display-3\/","name":"Ach\u00e8te Magic : Modern Horizons 2 (MH2) - Draft Booster Display","isPartOf":{"@id":"https:\/\/theuncommonshop.ch\/fr\/#website"},"primaryImageOfPage":{"@id":"https:\/\/theuncommonshop.ch\/fr\/product\/magic-modern-horizons-2-mh2-draft-booster-display-3\/#primaryimage"},"image":{"@id":"https:\/\/theuncommonshop.ch\/fr\/product\/magic-modern-horizons-2-mh2-draft-booster-display-3\/#primaryimage"},"thumbnailUrl":"https:\/\/theuncommonshop.ch\/wp-content\/uploads\/2025\/05\/2272299319.jpg","datePublished":"2025-06-12T13:01:23+00:00","dateModified":"2026-03-29T15:23:59+00:00","description":"Ach\u00e8te Magic : Modern Horizons 2 (MH2) - Draft Booster Display en ligne maintenant \u00e0 petit prix! Ton #1 shop pour cartes TCG & Pok\u00e9mon en Suisse \u2713 Livraison gratuite d\u00e8s CHF 29","breadcrumb":{"@id":"https:\/\/theuncommonshop.ch\/fr\/product\/magic-modern-horizons-2-mh2-draft-booster-display-3\/#breadcrumb"},"inLanguage":"fr-FR","potentialAction":[{"@type":"ReadAction","target":["https:\/\/theuncommonshop.ch\/fr\/product\/magic-modern-horizons-2-mh2-draft-booster-display-3\/"]}]},{"@type":"ImageObject","inLanguage":"fr-FR","@id":"https:\/\/theuncommonshop.ch\/fr\/product\/magic-modern-horizons-2-mh2-draft-booster-display-3\/#primaryimage","url":"https:\/\/theuncommonshop.ch\/wp-content\/uploads\/2025\/05\/2272299319.jpg","contentUrl":"https:\/\/theuncommonshop.ch\/wp-content\/uploads\/2025\/05\/2272299319.jpg","width":900,"height":799},{"@type":"BreadcrumbList","@id":"https:\/\/theuncommonshop.ch\/fr\/product\/magic-modern-horizons-2-mh2-draft-booster-display-3\/#breadcrumb","itemListElement":[{"@type":"ListItem","position":1,"name":"Accueil","item":"https:\/\/theuncommonshop.ch\/fr\/accueil\/"},{"@type":"ListItem","position":2,"name":"Boutique","item":"https:\/\/theuncommonshop.ch\/fr\/boutique\/"},{"@type":"ListItem","position":3,"name":"Magic the Gathering","item":"https:\/\/theuncommonshop.ch\/fr\/categorie-produit\/magic-the-gathering-fr\/"},{"@type":"ListItem","position":4,"name":"Produits par lots","item":"https:\/\/theuncommonshop.ch\/fr\/categorie-produit\/magic-the-gathering-fr\/produits-par-lots-mtg\/"},{"@type":"ListItem","position":5,"name":"Horizons du Modern 2","item":"https:\/\/theuncommonshop.ch\/fr\/categorie-produit\/magic-the-gathering-fr\/produits-par-lots-mtg\/horizons-du-modern-2\/"},{"@type":"ListItem","position":6,"name":"Magic : Modern Horizons 2 (MH2) &#8211; Draft Booster Display"}]},{"@type":"WebSite","@id":"https:\/\/theuncommonshop.ch\/fr\/#website","url":"https:\/\/theuncommonshop.ch\/fr\/","name":"The Uncommon Shop","description":"Magic, Pok\u00e9mon and Yu-gi-oh - The Uncommon Shop","potentialAction":[{"@type":"SearchAction","target":{"@type":"EntryPoint","urlTemplate":"https:\/\/theuncommonshop.ch\/fr\/?s={search_term_string}"},"query-input":{"@type":"PropertyValueSpecification","valueRequired":true,"valueName":"search_term_string"}}],"inLanguage":"fr-FR"}]},"og_availability":"instock","product_availability":"instock","product_condition":"new"},"_links":{"self":[{"href":"https:\/\/theuncommonshop.ch\/fr\/wp-json\/wp\/v2\/product\/321491","targetHints":{"allow":["GET"]}}],"collection":[{"href":"https:\/\/theuncommonshop.ch\/fr\/wp-json\/wp\/v2\/product"}],"about":[{"href":"https:\/\/theuncommonshop.ch\/fr\/wp-json\/wp\/v2\/types\/product"}],"replies":[{"embeddable":true,"href":"https:\/\/theuncommonshop.ch\/fr\/wp-json\/wp\/v2\/comments?post=321491"}],"version-history":[{"count":0,"href":"https:\/\/theuncommonshop.ch\/fr\/wp-json\/wp\/v2\/product\/321491\/revisions"}],"wp:featuredmedia":[{"embeddable":true,"href":"https:\/\/theuncommonshop.ch\/fr\/wp-json\/wp\/v2\/media\/25359"}],"wp:attachment":[{"href":"https:\/\/theuncommonshop.ch\/fr\/wp-json\/wp\/v2\/media?parent=321491"}],"wp:term":[{"taxonomy":"product_brand","embeddable":true,"href":"https:\/\/theuncommonshop.ch\/fr\/wp-json\/wp\/v2\/product_brand?post=321491"},{"taxonomy":"product_cat","embeddable":true,"href":"https:\/\/theuncommonshop.ch\/fr\/wp-json\/wp\/v2\/product_cat?post=321491"},{"taxonomy":"product_tag","embeddable":true,"href":"https:\/\/theuncommonshop.ch\/fr\/wp-json\/wp\/v2\/product_tag?post=321491"}],"curies":[{"name":"wp","href":"https:\/\/api.w.org\/{rel}","templated":true}]}}