{"id":321487,"date":"2025-06-12T13:02:17","date_gmt":"2025-06-12T13:02:17","guid":{"rendered":"http:\/\/theuncommonshop.ch\/produkt\/321487\/"},"modified":"2026-03-29T17:43:29","modified_gmt":"2026-03-29T15:43:29","slug":"magic-zendikar-rising-znr-draft-booster-display-2","status":"publish","type":"product","link":"https:\/\/theuncommonshop.ch\/fr\/product\/magic-zendikar-rising-znr-draft-booster-display-2\/","title":{"rendered":"Magic &#8211; Zendikar Rising (ZNR) &#8211; Draft Booster Display"},"content":{"rendered":"<p data-start=\"84\" data-end=\"389\">Explorez le monde \u00e0 la fois dangereux et fascinant de Zendikar avec le <strong data-start=\"161\" data-end=\"186\">Draft Booster Display<\/strong> de <strong data-start=\"191\" data-end=\"232\"><span class=\"hover:entity-accent entity-underline inline cursor-pointer align-baseline\"><span class=\"whitespace-normal\">Zendikar Rising<\/span><\/span><\/strong>. Ce set ram\u00e8ne les joueurs dans le monde d&#8217;aventure de Zendikar, connu pour ses paysages sauvages, ses ruines anciennes et ses puissants pouvoirs \u00e9l\u00e9mentaires. <\/p>\n<p data-start=\"391\" data-end=\"753\"><strong data-start=\"391\" data-end=\"416\">Zendikar Rising (ZNR)<\/strong> met l&#8217;accent sur l&#8217;aventure et l&#8217;exploration. Les joueurs peuvent rejoindre diff\u00e9rents groupes d&#8217;aventuriers et d\u00e9couvrir de puissantes cr\u00e9atures, des sorts et des artefacts. Il convient de souligner la m\u00e9canique <strong data-start=\"637\" data-end=\"646\">Party<\/strong>, qui permet \u00e0 diff\u00e9rentes classes d&#8217;aventuriers comme <strong data-start=\"691\" data-end=\"735\">les guerriers, les clercs, les sorciers et les voleurs<\/strong> de travailler ensemble.  <\/p>\n<p data-start=\"755\" data-end=\"920\">Autre point fort du kit, les <strong data-start=\"806\" data-end=\"827\">pays Exp\u00e9dition<\/strong> tr\u00e8s appr\u00e9ci\u00e9s, des variantes de cartes sp\u00e9ciales avec des illustrations impressionnantes et des cadres de cartes alternatifs.<\/p>\n<p data-start=\"922\" data-end=\"1066\">Le <strong data-start=\"926\" data-end=\"951\">Draft Booster Display<\/strong> est parfait pour les <strong data-start=\"976\" data-end=\"1022\">\u00e9v\u00e9nements de draft, les tournois scell\u00e9s ou les collectionneurs<\/strong> qui souhaitent enrichir leur collection de Magic.<\/p>\n<h3 data-start=\"1068\" data-end=\"1086\">D\u00e9tails du produit<\/h3>\n<p data-start=\"1088\" data-end=\"1476\">&#8211; <strong data-start=\"1090\" data-end=\"1098\">Set :<\/strong> Zendikar Rising <br data-start=\"1114\" data-end=\"1117\">&#8211; <strong data-start=\"1119\" data-end=\"1138\">Nom fran\u00e7ais :<\/strong> Zendikars Erneuerung <br data-start=\"1159\" data-end=\"1162\">&#8211; <strong data-start=\"1164\" data-end=\"1177\">Code de l&#8217;ensemble :<\/strong> <strong data-start=\"1178\" data-end=\"1185\">ZNR<\/strong><br data-start=\"1185\" data-end=\"1188\">&#8211; <strong data-start=\"1190\" data-end=\"1228\">1 display contient 36 Draft Booster<\/strong><br data-start=\"1228\" data-end=\"1231\">&#8211; <strong data-start=\"1233\" data-end=\"1279\">15 cartes Magic : The Gathering par Booster<\/strong><br data-start=\"1279\" data-end=\"1282\">&#8211; Contient la m\u00e9canique <strong data-start=\"1305\" data-end=\"1314\">Party<\/strong><br data-start=\"1314\" data-end=\"1317\">&#8211; Chance d&#8217;obtenir des <strong data-start=\"1330\" data-end=\"1367\">cartes Rare, Mythic Rare et Foil<\/strong><br data-start=\"1367\" data-end=\"1370\">&#8211; Chance d&#8217;obtenir des <strong data-start=\"1393\" data-end=\"1432\">variantes<\/strong> sp\u00e9ciales <strong data-start=\"1393\" data-end=\"1432\">de cartes Zendikar Expedition<\/strong><br data-start=\"1432\" data-end=\"1435\">&#8211; Id\u00e9al pour les joueurs de Magic <strong data-start=\"1233\" data-end=\"1279\">the Gathering.<\/strong>       <strong data-start=\"1447\" data-end=\"1476\">Draft, Sealed et Collectionneur<\/strong><\/p>\n<p data-start=\"1478\" data-end=\"1652\">Avec le <strong data-start=\"1486\" data-end=\"1554\">Draft Booster Display Zendikar Rising (ZNR) de Magic : The Gathering<\/strong>, vous pouvez vivre des aventures passionnantes sur Zendikar et d\u00e9couvrir des cartes puissantes pour vos decks.<\/p>\n","protected":false},"excerpt":{"rendered":"<p>Explorez le monde \u00e0 la fois dangereux et fascinant de Zendikar avec le Draft Booster Display de Zendikar Rising. Ce<\/p>\n","protected":false},"featured_media":25395,"comment_status":"open","ping_status":"closed","template":"","meta":{"_acf_changed":false},"product_brand":[5158,5070],"product_cat":[9969,9967],"product_tag":[],"class_list":{"0":"post-321487","1":"product","2":"type-product","3":"status-publish","4":"has-post-thumbnail","6":"product_brand-magic-the-gathering","7":"product_brand-wizards-of-the-coast","8":"product_cat-booster-displays-fr","9":"product_cat-magic-the-gathering-fr","11":"first","12":"instock","13":"taxable","14":"shipping-taxable","15":"purchasable","16":"product-type-variable"},"acf":[],"yoast_head":"<!-- This site is optimized with the Yoast SEO plugin v27.4 - https:\/\/yoast.com\/product\/yoast-seo-wordpress\/ -->\n<title>Ach\u00e8te Magic - Zendikar Rising (ZNR) - Draft Booster Display<\/title>\n<meta name=\"description\" content=\"Ach\u00e8te Magic - Zendikar Rising (ZNR) - Draft Booster Display en ligne maintenant \u00e0 petit prix! Ton #1 shop pour cartes TCG &amp; Pok\u00e9mon en Suisse \u2713 Livraison gratuite d\u00e8s CHF 29\" \/>\n<meta name=\"robots\" content=\"index, follow, max-snippet:-1, max-image-preview:large, max-video-preview:-1\" \/>\n<link rel=\"canonical\" href=\"https:\/\/theuncommonshop.ch\/fr\/product\/magic-zendikar-rising-znr-draft-booster-display-2\/\" \/>\n<meta property=\"og:locale\" content=\"fr_FR\" \/>\n<meta property=\"og:type\" content=\"article\" \/>\n<meta property=\"og:title\" content=\"Ach\u00e8te Magic - Zendikar Rising (ZNR) - Draft Booster Display\" \/>\n<meta property=\"og:description\" content=\"Ach\u00e8te Magic - Zendikar Rising (ZNR) - Draft Booster Display en ligne maintenant \u00e0 petit prix! Ton #1 shop pour cartes TCG &amp; Pok\u00e9mon en Suisse \u2713 Livraison gratuite d\u00e8s CHF 29\" \/>\n<meta property=\"og:url\" content=\"https:\/\/theuncommonshop.ch\/fr\/product\/magic-zendikar-rising-znr-draft-booster-display-2\/\" \/>\n<meta property=\"og:site_name\" content=\"The Uncommon Shop\" \/>\n<meta property=\"article:modified_time\" content=\"2026-03-29T15:43:29+00:00\" \/>\n<meta property=\"og:image\" content=\"https:\/\/theuncommonshop.ch\/wp-content\/uploads\/2025\/05\/1553928385.jpg\" \/>\n\t<meta property=\"og:image:width\" content=\"900\" \/>\n\t<meta property=\"og:image:height\" content=\"799\" \/>\n\t<meta property=\"og:image:type\" content=\"image\/jpeg\" \/>\n<meta name=\"twitter:card\" content=\"summary_large_image\" \/>\n<meta name=\"twitter:label1\" content=\"Disponibilit\u00e9\" \/>\n\t<meta name=\"twitter:data1\" content=\"En stock\" \/>\n<script type=\"application\/ld+json\" class=\"yoast-schema-graph\">{\"@context\":\"https:\\\/\\\/schema.org\",\"@graph\":[{\"@type\":\"WebPage\",\"@id\":\"https:\\\/\\\/theuncommonshop.ch\\\/fr\\\/product\\\/magic-zendikar-rising-znr-draft-booster-display-2\\\/\",\"url\":\"https:\\\/\\\/theuncommonshop.ch\\\/fr\\\/product\\\/magic-zendikar-rising-znr-draft-booster-display-2\\\/\",\"name\":\"Ach\u00e8te Magic - Zendikar Rising (ZNR) - Draft Booster Display\",\"isPartOf\":{\"@id\":\"https:\\\/\\\/theuncommonshop.ch\\\/fr\\\/#website\"},\"primaryImageOfPage\":{\"@id\":\"https:\\\/\\\/theuncommonshop.ch\\\/fr\\\/product\\\/magic-zendikar-rising-znr-draft-booster-display-2\\\/#primaryimage\"},\"image\":{\"@id\":\"https:\\\/\\\/theuncommonshop.ch\\\/fr\\\/product\\\/magic-zendikar-rising-znr-draft-booster-display-2\\\/#primaryimage\"},\"thumbnailUrl\":\"https:\\\/\\\/theuncommonshop.ch\\\/wp-content\\\/uploads\\\/2025\\\/05\\\/1553928385.jpg\",\"datePublished\":\"2025-06-12T13:02:17+00:00\",\"dateModified\":\"2026-03-29T15:43:29+00:00\",\"description\":\"Ach\u00e8te Magic - Zendikar Rising (ZNR) - Draft Booster Display en ligne maintenant \u00e0 petit prix! Ton #1 shop pour cartes TCG & Pok\u00e9mon en Suisse \u2713 Livraison gratuite d\u00e8s CHF 29\",\"breadcrumb\":{\"@id\":\"https:\\\/\\\/theuncommonshop.ch\\\/fr\\\/product\\\/magic-zendikar-rising-znr-draft-booster-display-2\\\/#breadcrumb\"},\"inLanguage\":\"fr-FR\",\"potentialAction\":[{\"@type\":\"ReadAction\",\"target\":[\"https:\\\/\\\/theuncommonshop.ch\\\/fr\\\/product\\\/magic-zendikar-rising-znr-draft-booster-display-2\\\/\"]}]},{\"@type\":\"ImageObject\",\"inLanguage\":\"fr-FR\",\"@id\":\"https:\\\/\\\/theuncommonshop.ch\\\/fr\\\/product\\\/magic-zendikar-rising-znr-draft-booster-display-2\\\/#primaryimage\",\"url\":\"https:\\\/\\\/theuncommonshop.ch\\\/wp-content\\\/uploads\\\/2025\\\/05\\\/1553928385.jpg\",\"contentUrl\":\"https:\\\/\\\/theuncommonshop.ch\\\/wp-content\\\/uploads\\\/2025\\\/05\\\/1553928385.jpg\",\"width\":900,\"height\":799},{\"@type\":\"BreadcrumbList\",\"@id\":\"https:\\\/\\\/theuncommonshop.ch\\\/fr\\\/product\\\/magic-zendikar-rising-znr-draft-booster-display-2\\\/#breadcrumb\",\"itemListElement\":[{\"@type\":\"ListItem\",\"position\":1,\"name\":\"Accueil\",\"item\":\"https:\\\/\\\/theuncommonshop.ch\\\/fr\\\/accueil\\\/\"},{\"@type\":\"ListItem\",\"position\":2,\"name\":\"Boutique\",\"item\":\"https:\\\/\\\/theuncommonshop.ch\\\/fr\\\/boutique\\\/\"},{\"@type\":\"ListItem\",\"position\":3,\"name\":\"Magic the Gathering\",\"item\":\"https:\\\/\\\/theuncommonshop.ch\\\/fr\\\/categorie-produit\\\/magic-the-gathering-fr\\\/\"},{\"@type\":\"ListItem\",\"position\":4,\"name\":\"Booster Displays\",\"item\":\"https:\\\/\\\/theuncommonshop.ch\\\/fr\\\/categorie-produit\\\/magic-the-gathering-fr\\\/booster-displays-fr\\\/\"},{\"@type\":\"ListItem\",\"position\":5,\"name\":\"Magic &#8211; Zendikar Rising (ZNR) &#8211; Draft Booster Display\"}]},{\"@type\":\"WebSite\",\"@id\":\"https:\\\/\\\/theuncommonshop.ch\\\/fr\\\/#website\",\"url\":\"https:\\\/\\\/theuncommonshop.ch\\\/fr\\\/\",\"name\":\"The Uncommon Shop\",\"description\":\"Magic, Pok\u00e9mon and Yu-gi-oh - The Uncommon Shop\",\"potentialAction\":[{\"@type\":\"SearchAction\",\"target\":{\"@type\":\"EntryPoint\",\"urlTemplate\":\"https:\\\/\\\/theuncommonshop.ch\\\/fr\\\/?s={search_term_string}\"},\"query-input\":{\"@type\":\"PropertyValueSpecification\",\"valueRequired\":true,\"valueName\":\"search_term_string\"}}],\"inLanguage\":\"fr-FR\"}]}<\/script>\n<meta property=\"og:availability\" content=\"instock\" \/>\n<meta property=\"product:availability\" content=\"instock\" \/>\n<meta property=\"product:condition\" content=\"new\" \/>\n<!-- \/ Yoast SEO plugin. -->","yoast_head_json":{"title":"Ach\u00e8te Magic - Zendikar Rising (ZNR) - Draft Booster Display","description":"Ach\u00e8te Magic - Zendikar Rising (ZNR) - Draft Booster Display en ligne maintenant \u00e0 petit prix! Ton #1 shop pour cartes TCG & Pok\u00e9mon en Suisse \u2713 Livraison gratuite d\u00e8s CHF 29","robots":{"index":"index","follow":"follow","max-snippet":"max-snippet:-1","max-image-preview":"max-image-preview:large","max-video-preview":"max-video-preview:-1"},"canonical":"https:\/\/theuncommonshop.ch\/fr\/product\/magic-zendikar-rising-znr-draft-booster-display-2\/","og_locale":"fr_FR","og_type":"article","og_title":"Ach\u00e8te Magic - Zendikar Rising (ZNR) - Draft Booster Display","og_description":"Ach\u00e8te Magic - Zendikar Rising (ZNR) - Draft Booster Display en ligne maintenant \u00e0 petit prix! Ton #1 shop pour cartes TCG & Pok\u00e9mon en Suisse \u2713 Livraison gratuite d\u00e8s CHF 29","og_url":"https:\/\/theuncommonshop.ch\/fr\/product\/magic-zendikar-rising-znr-draft-booster-display-2\/","og_site_name":"The Uncommon Shop","article_modified_time":"2026-03-29T15:43:29+00:00","og_image":[{"width":900,"height":799,"url":"https:\/\/theuncommonshop.ch\/wp-content\/uploads\/2025\/05\/1553928385.jpg","type":"image\/jpeg"}],"twitter_card":"summary_large_image","twitter_misc":{"Disponibilit\u00e9":"En stock"},"schema":{"@context":"https:\/\/schema.org","@graph":[{"@type":"WebPage","@id":"https:\/\/theuncommonshop.ch\/fr\/product\/magic-zendikar-rising-znr-draft-booster-display-2\/","url":"https:\/\/theuncommonshop.ch\/fr\/product\/magic-zendikar-rising-znr-draft-booster-display-2\/","name":"Ach\u00e8te Magic - Zendikar Rising (ZNR) - Draft Booster Display","isPartOf":{"@id":"https:\/\/theuncommonshop.ch\/fr\/#website"},"primaryImageOfPage":{"@id":"https:\/\/theuncommonshop.ch\/fr\/product\/magic-zendikar-rising-znr-draft-booster-display-2\/#primaryimage"},"image":{"@id":"https:\/\/theuncommonshop.ch\/fr\/product\/magic-zendikar-rising-znr-draft-booster-display-2\/#primaryimage"},"thumbnailUrl":"https:\/\/theuncommonshop.ch\/wp-content\/uploads\/2025\/05\/1553928385.jpg","datePublished":"2025-06-12T13:02:17+00:00","dateModified":"2026-03-29T15:43:29+00:00","description":"Ach\u00e8te Magic - Zendikar Rising (ZNR) - Draft Booster Display en ligne maintenant \u00e0 petit prix! Ton #1 shop pour cartes TCG & Pok\u00e9mon en Suisse \u2713 Livraison gratuite d\u00e8s CHF 29","breadcrumb":{"@id":"https:\/\/theuncommonshop.ch\/fr\/product\/magic-zendikar-rising-znr-draft-booster-display-2\/#breadcrumb"},"inLanguage":"fr-FR","potentialAction":[{"@type":"ReadAction","target":["https:\/\/theuncommonshop.ch\/fr\/product\/magic-zendikar-rising-znr-draft-booster-display-2\/"]}]},{"@type":"ImageObject","inLanguage":"fr-FR","@id":"https:\/\/theuncommonshop.ch\/fr\/product\/magic-zendikar-rising-znr-draft-booster-display-2\/#primaryimage","url":"https:\/\/theuncommonshop.ch\/wp-content\/uploads\/2025\/05\/1553928385.jpg","contentUrl":"https:\/\/theuncommonshop.ch\/wp-content\/uploads\/2025\/05\/1553928385.jpg","width":900,"height":799},{"@type":"BreadcrumbList","@id":"https:\/\/theuncommonshop.ch\/fr\/product\/magic-zendikar-rising-znr-draft-booster-display-2\/#breadcrumb","itemListElement":[{"@type":"ListItem","position":1,"name":"Accueil","item":"https:\/\/theuncommonshop.ch\/fr\/accueil\/"},{"@type":"ListItem","position":2,"name":"Boutique","item":"https:\/\/theuncommonshop.ch\/fr\/boutique\/"},{"@type":"ListItem","position":3,"name":"Magic the Gathering","item":"https:\/\/theuncommonshop.ch\/fr\/categorie-produit\/magic-the-gathering-fr\/"},{"@type":"ListItem","position":4,"name":"Booster Displays","item":"https:\/\/theuncommonshop.ch\/fr\/categorie-produit\/magic-the-gathering-fr\/booster-displays-fr\/"},{"@type":"ListItem","position":5,"name":"Magic &#8211; Zendikar Rising (ZNR) &#8211; Draft Booster Display"}]},{"@type":"WebSite","@id":"https:\/\/theuncommonshop.ch\/fr\/#website","url":"https:\/\/theuncommonshop.ch\/fr\/","name":"The Uncommon Shop","description":"Magic, Pok\u00e9mon and Yu-gi-oh - The Uncommon Shop","potentialAction":[{"@type":"SearchAction","target":{"@type":"EntryPoint","urlTemplate":"https:\/\/theuncommonshop.ch\/fr\/?s={search_term_string}"},"query-input":{"@type":"PropertyValueSpecification","valueRequired":true,"valueName":"search_term_string"}}],"inLanguage":"fr-FR"}]},"og_availability":"instock","product_availability":"instock","product_condition":"new"},"_links":{"self":[{"href":"https:\/\/theuncommonshop.ch\/fr\/wp-json\/wp\/v2\/product\/321487","targetHints":{"allow":["GET"]}}],"collection":[{"href":"https:\/\/theuncommonshop.ch\/fr\/wp-json\/wp\/v2\/product"}],"about":[{"href":"https:\/\/theuncommonshop.ch\/fr\/wp-json\/wp\/v2\/types\/product"}],"replies":[{"embeddable":true,"href":"https:\/\/theuncommonshop.ch\/fr\/wp-json\/wp\/v2\/comments?post=321487"}],"version-history":[{"count":0,"href":"https:\/\/theuncommonshop.ch\/fr\/wp-json\/wp\/v2\/product\/321487\/revisions"}],"wp:featuredmedia":[{"embeddable":true,"href":"https:\/\/theuncommonshop.ch\/fr\/wp-json\/wp\/v2\/media\/25395"}],"wp:attachment":[{"href":"https:\/\/theuncommonshop.ch\/fr\/wp-json\/wp\/v2\/media?parent=321487"}],"wp:term":[{"taxonomy":"product_brand","embeddable":true,"href":"https:\/\/theuncommonshop.ch\/fr\/wp-json\/wp\/v2\/product_brand?post=321487"},{"taxonomy":"product_cat","embeddable":true,"href":"https:\/\/theuncommonshop.ch\/fr\/wp-json\/wp\/v2\/product_cat?post=321487"},{"taxonomy":"product_tag","embeddable":true,"href":"https:\/\/theuncommonshop.ch\/fr\/wp-json\/wp\/v2\/product_tag?post=321487"}],"curies":[{"name":"wp","href":"https:\/\/api.w.org\/{rel}","templated":true}]}}