{"id":321416,"date":"2025-06-12T12:58:56","date_gmt":"2025-06-12T12:58:56","guid":{"rendered":"http:\/\/theuncommonshop.ch\/produkt\/321416\/"},"modified":"2026-03-29T16:09:35","modified_gmt":"2026-03-29T14:09:35","slug":"magic-murders-at-karlov-manor-mkm-collector-booster-display-2","status":"publish","type":"product","link":"https:\/\/theuncommonshop.ch\/fr\/product\/magic-murders-at-karlov-manor-mkm-collector-booster-display-2\/","title":{"rendered":"Magic &#8211; Murders at Karlov Manor (MKM) &#8211; Collector Booster Display"},"content":{"rendered":"<ul>\n<li>CHASSEZ LES CARTES MAUVAISES DE RAVNICA &#8211; Traquez les cartes les plus notoires de la ville tout en rassemblant des preuves, en vous d\u00e9guisant et en identifiant les suspects pour r\u00e9soudre une affaire mortelle au c\u0153ur de Ravnica.<\/li>\n<\/ul>\n<ul>\n<li>LES MEILLEURS BOOSTERS POUR LES COLLECTEURS &#8211; Les Boosters pour collectionneurs sont un raccourci vers les cartes les plus cool dans un set, avec des boosters remplis de cartes rares, de cartes \u00e0 foil brillant, de cartes avec des illustrations alternatives sp\u00e9ciales et de cartes avec des bords alternatifs.<\/li>\n<li>IMPRESSIONS EXCLUSIVES DE CARTES SPECIALES &#8211; <span class=\"a-list-item\">Seuls les Boosters Collector contiennent au moins 2 cartes \u00e0 bord \u00e9largi, et il peut y avoir une carte avec une nouvelle impression de carte Foil<\/span>.<\/li>\n<li>PLUS DE CARTES RARES &#8211; Chaque booster collector contient plus de cartes difficiles \u00e0 trouver que tous les autres boosters Mord in Karlov Manor, dont 5 cartes de raret\u00e9 rare ou sup\u00e9rieure dans chaque booster.<\/li>\n<li>JOUEZ \u00c0 UN JEU QUI MELIE LES ILLUSTRATIONS, L&#8217;HISTOIRE ET LA STRAT\u00c9GIE &#8211; Magic : The Gathering est un jeu de cartes \u00e0 collectionner qui m\u00eale une strat\u00e9gie profonde \u00e0 des illustrations et des m\u00e9canismes qui explorent les th\u00e8mes d&#8217;un monde et d&#8217;une histoire sp\u00e9cifiques &#8211; que vous souhaitiez jouer une partie occasionnelle avec des amis, collectionner des cartes sympas ou participer \u00e0 des comp\u00e9titions, Magic vous accueille dans The Gathering.<\/li>\n<li>CONTENU : 12 Meurtre au manoir de KarlovBooster collector avec 15 cartes MTG dans chaque booster<\/li>\n<\/ul>\n","protected":false},"excerpt":{"rendered":"<p>CHASSEZ LES CARTES MAUVAISES DE RAVNICA &#8211; Traquez les cartes les plus notoires de la ville tout en rassemblant des<\/p>\n","protected":false},"featured_media":25282,"comment_status":"open","ping_status":"closed","template":"","meta":{"_acf_changed":false},"product_brand":[5158,5070],"product_cat":[9969,9967,10191,9991],"product_tag":[],"class_list":{"0":"post-321416","1":"product","2":"type-product","3":"status-publish","4":"has-post-thumbnail","6":"product_brand-magic-the-gathering","7":"product_brand-wizards-of-the-coast","8":"product_cat-booster-displays-fr","9":"product_cat-magic-the-gathering-fr","10":"product_cat-meurtres-au-manoir-karlov","11":"product_cat-produits-par-lots-mtg","13":"first","14":"instock","15":"taxable","16":"shipping-taxable","17":"purchasable","18":"product-type-variable"},"acf":[],"yoast_head":"<!-- This site is optimized with the Yoast SEO plugin v27.4 - https:\/\/yoast.com\/product\/yoast-seo-wordpress\/ -->\n<title>Ach\u00e8te Magic - Murders at Karlov Manor (MKM) - Collector Booster Display<\/title>\n<meta name=\"description\" content=\"Ach\u00e8te Magic - Murders at Karlov Manor (MKM) - Collector Booster Display en ligne maintenant \u00e0 petit prix! Ton #1 shop pour cartes TCG &amp; Pok\u00e9mon en Suisse \u2713 Livraison gratuite d\u00e8s CHF 29\" \/>\n<meta name=\"robots\" content=\"index, follow, max-snippet:-1, max-image-preview:large, max-video-preview:-1\" \/>\n<link rel=\"canonical\" href=\"https:\/\/theuncommonshop.ch\/fr\/product\/magic-murders-at-karlov-manor-mkm-collector-booster-display-2\/\" \/>\n<meta property=\"og:locale\" content=\"fr_FR\" \/>\n<meta property=\"og:type\" content=\"article\" \/>\n<meta property=\"og:title\" content=\"Ach\u00e8te Magic - Murders at Karlov Manor (MKM) - Collector Booster Display\" \/>\n<meta property=\"og:description\" content=\"Ach\u00e8te Magic - Murders at Karlov Manor (MKM) - Collector Booster Display en ligne maintenant \u00e0 petit prix! Ton #1 shop pour cartes TCG &amp; Pok\u00e9mon en Suisse \u2713 Livraison gratuite d\u00e8s CHF 29\" \/>\n<meta property=\"og:url\" content=\"https:\/\/theuncommonshop.ch\/fr\/product\/magic-murders-at-karlov-manor-mkm-collector-booster-display-2\/\" \/>\n<meta property=\"og:site_name\" content=\"Largest trading card shop in Switzerland\" \/>\n<meta property=\"article:modified_time\" content=\"2026-03-29T14:09:35+00:00\" \/>\n<meta property=\"og:image\" content=\"https:\/\/theuncommonshop.ch\/wp-content\/uploads\/2025\/05\/4009543530.jpg\" \/>\n\t<meta property=\"og:image:width\" content=\"476\" \/>\n\t<meta property=\"og:image:height\" content=\"524\" \/>\n\t<meta property=\"og:image:type\" content=\"image\/jpeg\" \/>\n<meta name=\"twitter:card\" content=\"summary_large_image\" \/>\n<meta name=\"twitter:label1\" content=\"Disponibilit\u00e9\" \/>\n\t<meta name=\"twitter:data1\" content=\"En stock\" \/>\n<script type=\"application\/ld+json\" class=\"yoast-schema-graph\">{\"@context\":\"https:\\\/\\\/schema.org\",\"@graph\":[{\"@type\":\"WebPage\",\"@id\":\"https:\\\/\\\/theuncommonshop.ch\\\/fr\\\/product\\\/magic-murders-at-karlov-manor-mkm-collector-booster-display-2\\\/\",\"url\":\"https:\\\/\\\/theuncommonshop.ch\\\/fr\\\/product\\\/magic-murders-at-karlov-manor-mkm-collector-booster-display-2\\\/\",\"name\":\"Ach\u00e8te Magic - Murders at Karlov Manor (MKM) - Collector Booster Display\",\"isPartOf\":{\"@id\":\"https:\\\/\\\/theuncommonshop.ch\\\/#website\"},\"primaryImageOfPage\":{\"@id\":\"https:\\\/\\\/theuncommonshop.ch\\\/fr\\\/product\\\/magic-murders-at-karlov-manor-mkm-collector-booster-display-2\\\/#primaryimage\"},\"image\":{\"@id\":\"https:\\\/\\\/theuncommonshop.ch\\\/fr\\\/product\\\/magic-murders-at-karlov-manor-mkm-collector-booster-display-2\\\/#primaryimage\"},\"thumbnailUrl\":\"https:\\\/\\\/theuncommonshop.ch\\\/wp-content\\\/uploads\\\/2025\\\/05\\\/4009543530.jpg\",\"datePublished\":\"2025-06-12T12:58:56+00:00\",\"dateModified\":\"2026-03-29T14:09:35+00:00\",\"description\":\"Ach\u00e8te Magic - Murders at Karlov Manor (MKM) - Collector Booster Display en ligne maintenant \u00e0 petit prix! Ton #1 shop pour cartes TCG & Pok\u00e9mon en Suisse \u2713 Livraison gratuite d\u00e8s CHF 29\",\"breadcrumb\":{\"@id\":\"https:\\\/\\\/theuncommonshop.ch\\\/fr\\\/product\\\/magic-murders-at-karlov-manor-mkm-collector-booster-display-2\\\/#breadcrumb\"},\"inLanguage\":\"fr-FR\",\"potentialAction\":[{\"@type\":\"ReadAction\",\"target\":[\"https:\\\/\\\/theuncommonshop.ch\\\/fr\\\/product\\\/magic-murders-at-karlov-manor-mkm-collector-booster-display-2\\\/\"]}]},{\"@type\":\"ImageObject\",\"inLanguage\":\"fr-FR\",\"@id\":\"https:\\\/\\\/theuncommonshop.ch\\\/fr\\\/product\\\/magic-murders-at-karlov-manor-mkm-collector-booster-display-2\\\/#primaryimage\",\"url\":\"https:\\\/\\\/theuncommonshop.ch\\\/wp-content\\\/uploads\\\/2025\\\/05\\\/4009543530.jpg\",\"contentUrl\":\"https:\\\/\\\/theuncommonshop.ch\\\/wp-content\\\/uploads\\\/2025\\\/05\\\/4009543530.jpg\",\"width\":476,\"height\":524},{\"@type\":\"BreadcrumbList\",\"@id\":\"https:\\\/\\\/theuncommonshop.ch\\\/fr\\\/product\\\/magic-murders-at-karlov-manor-mkm-collector-booster-display-2\\\/#breadcrumb\",\"itemListElement\":[{\"@type\":\"ListItem\",\"position\":1,\"name\":\"Accueil\",\"item\":\"https:\\\/\\\/theuncommonshop.ch\\\/fr\\\/accueil\\\/\"},{\"@type\":\"ListItem\",\"position\":2,\"name\":\"Boutique\",\"item\":\"https:\\\/\\\/theuncommonshop.ch\\\/fr\\\/boutique\\\/\"},{\"@type\":\"ListItem\",\"position\":3,\"name\":\"Magic the Gathering\",\"item\":\"https:\\\/\\\/theuncommonshop.ch\\\/fr\\\/categorie-produit\\\/magic-the-gathering-fr\\\/\"},{\"@type\":\"ListItem\",\"position\":4,\"name\":\"Produits par lots\",\"item\":\"https:\\\/\\\/theuncommonshop.ch\\\/fr\\\/categorie-produit\\\/magic-the-gathering-fr\\\/produits-par-lots-mtg\\\/\"},{\"@type\":\"ListItem\",\"position\":5,\"name\":\"Meurtres au manoir Karlov\",\"item\":\"https:\\\/\\\/theuncommonshop.ch\\\/fr\\\/categorie-produit\\\/magic-the-gathering-fr\\\/produits-par-lots-mtg\\\/meurtres-au-manoir-karlov\\\/\"},{\"@type\":\"ListItem\",\"position\":6,\"name\":\"Magic &#8211; Murders at Karlov Manor (MKM) &#8211; Collector Booster Display\"}]},{\"@type\":\"WebSite\",\"@id\":\"https:\\\/\\\/theuncommonshop.ch\\\/#website\",\"url\":\"https:\\\/\\\/theuncommonshop.ch\\\/\",\"name\":\"Largest trading card shop in Switzerland\",\"description\":\"Magic, Pok\u00e9mon and Yu-gi-oh - The Uncommon Shop\",\"potentialAction\":[{\"@type\":\"SearchAction\",\"target\":{\"@type\":\"EntryPoint\",\"urlTemplate\":\"https:\\\/\\\/theuncommonshop.ch\\\/?s={search_term_string}\"},\"query-input\":{\"@type\":\"PropertyValueSpecification\",\"valueRequired\":true,\"valueName\":\"search_term_string\"}}],\"inLanguage\":\"fr-FR\"}]}<\/script>\n<meta property=\"og:availability\" content=\"instock\" \/>\n<meta property=\"product:availability\" content=\"instock\" \/>\n<meta property=\"product:condition\" content=\"new\" \/>\n<!-- \/ Yoast SEO plugin. -->","yoast_head_json":{"title":"Ach\u00e8te Magic - Murders at Karlov Manor (MKM) - Collector Booster Display","description":"Ach\u00e8te Magic - Murders at Karlov Manor (MKM) - Collector Booster Display en ligne maintenant \u00e0 petit prix! Ton #1 shop pour cartes TCG & Pok\u00e9mon en Suisse \u2713 Livraison gratuite d\u00e8s CHF 29","robots":{"index":"index","follow":"follow","max-snippet":"max-snippet:-1","max-image-preview":"max-image-preview:large","max-video-preview":"max-video-preview:-1"},"canonical":"https:\/\/theuncommonshop.ch\/fr\/product\/magic-murders-at-karlov-manor-mkm-collector-booster-display-2\/","og_locale":"fr_FR","og_type":"article","og_title":"Ach\u00e8te Magic - Murders at Karlov Manor (MKM) - Collector Booster Display","og_description":"Ach\u00e8te Magic - Murders at Karlov Manor (MKM) - Collector Booster Display en ligne maintenant \u00e0 petit prix! Ton #1 shop pour cartes TCG & Pok\u00e9mon en Suisse \u2713 Livraison gratuite d\u00e8s CHF 29","og_url":"https:\/\/theuncommonshop.ch\/fr\/product\/magic-murders-at-karlov-manor-mkm-collector-booster-display-2\/","og_site_name":"Largest trading card shop in Switzerland","article_modified_time":"2026-03-29T14:09:35+00:00","og_image":[{"width":476,"height":524,"url":"https:\/\/theuncommonshop.ch\/wp-content\/uploads\/2025\/05\/4009543530.jpg","type":"image\/jpeg"}],"twitter_card":"summary_large_image","twitter_misc":{"Disponibilit\u00e9":"En stock"},"schema":{"@context":"https:\/\/schema.org","@graph":[{"@type":"WebPage","@id":"https:\/\/theuncommonshop.ch\/fr\/product\/magic-murders-at-karlov-manor-mkm-collector-booster-display-2\/","url":"https:\/\/theuncommonshop.ch\/fr\/product\/magic-murders-at-karlov-manor-mkm-collector-booster-display-2\/","name":"Ach\u00e8te Magic - Murders at Karlov Manor (MKM) - Collector Booster Display","isPartOf":{"@id":"https:\/\/theuncommonshop.ch\/#website"},"primaryImageOfPage":{"@id":"https:\/\/theuncommonshop.ch\/fr\/product\/magic-murders-at-karlov-manor-mkm-collector-booster-display-2\/#primaryimage"},"image":{"@id":"https:\/\/theuncommonshop.ch\/fr\/product\/magic-murders-at-karlov-manor-mkm-collector-booster-display-2\/#primaryimage"},"thumbnailUrl":"https:\/\/theuncommonshop.ch\/wp-content\/uploads\/2025\/05\/4009543530.jpg","datePublished":"2025-06-12T12:58:56+00:00","dateModified":"2026-03-29T14:09:35+00:00","description":"Ach\u00e8te Magic - Murders at Karlov Manor (MKM) - Collector Booster Display en ligne maintenant \u00e0 petit prix! Ton #1 shop pour cartes TCG & Pok\u00e9mon en Suisse \u2713 Livraison gratuite d\u00e8s CHF 29","breadcrumb":{"@id":"https:\/\/theuncommonshop.ch\/fr\/product\/magic-murders-at-karlov-manor-mkm-collector-booster-display-2\/#breadcrumb"},"inLanguage":"fr-FR","potentialAction":[{"@type":"ReadAction","target":["https:\/\/theuncommonshop.ch\/fr\/product\/magic-murders-at-karlov-manor-mkm-collector-booster-display-2\/"]}]},{"@type":"ImageObject","inLanguage":"fr-FR","@id":"https:\/\/theuncommonshop.ch\/fr\/product\/magic-murders-at-karlov-manor-mkm-collector-booster-display-2\/#primaryimage","url":"https:\/\/theuncommonshop.ch\/wp-content\/uploads\/2025\/05\/4009543530.jpg","contentUrl":"https:\/\/theuncommonshop.ch\/wp-content\/uploads\/2025\/05\/4009543530.jpg","width":476,"height":524},{"@type":"BreadcrumbList","@id":"https:\/\/theuncommonshop.ch\/fr\/product\/magic-murders-at-karlov-manor-mkm-collector-booster-display-2\/#breadcrumb","itemListElement":[{"@type":"ListItem","position":1,"name":"Accueil","item":"https:\/\/theuncommonshop.ch\/fr\/accueil\/"},{"@type":"ListItem","position":2,"name":"Boutique","item":"https:\/\/theuncommonshop.ch\/fr\/boutique\/"},{"@type":"ListItem","position":3,"name":"Magic the Gathering","item":"https:\/\/theuncommonshop.ch\/fr\/categorie-produit\/magic-the-gathering-fr\/"},{"@type":"ListItem","position":4,"name":"Produits par lots","item":"https:\/\/theuncommonshop.ch\/fr\/categorie-produit\/magic-the-gathering-fr\/produits-par-lots-mtg\/"},{"@type":"ListItem","position":5,"name":"Meurtres au manoir Karlov","item":"https:\/\/theuncommonshop.ch\/fr\/categorie-produit\/magic-the-gathering-fr\/produits-par-lots-mtg\/meurtres-au-manoir-karlov\/"},{"@type":"ListItem","position":6,"name":"Magic &#8211; Murders at Karlov Manor (MKM) &#8211; Collector Booster Display"}]},{"@type":"WebSite","@id":"https:\/\/theuncommonshop.ch\/#website","url":"https:\/\/theuncommonshop.ch\/","name":"Largest trading card shop in Switzerland","description":"Magic, Pok\u00e9mon and Yu-gi-oh - The Uncommon Shop","potentialAction":[{"@type":"SearchAction","target":{"@type":"EntryPoint","urlTemplate":"https:\/\/theuncommonshop.ch\/?s={search_term_string}"},"query-input":{"@type":"PropertyValueSpecification","valueRequired":true,"valueName":"search_term_string"}}],"inLanguage":"fr-FR"}]},"og_availability":"instock","product_availability":"instock","product_condition":"new"},"_links":{"self":[{"href":"https:\/\/theuncommonshop.ch\/fr\/wp-json\/wp\/v2\/product\/321416","targetHints":{"allow":["GET"]}}],"collection":[{"href":"https:\/\/theuncommonshop.ch\/fr\/wp-json\/wp\/v2\/product"}],"about":[{"href":"https:\/\/theuncommonshop.ch\/fr\/wp-json\/wp\/v2\/types\/product"}],"replies":[{"embeddable":true,"href":"https:\/\/theuncommonshop.ch\/fr\/wp-json\/wp\/v2\/comments?post=321416"}],"version-history":[{"count":1,"href":"https:\/\/theuncommonshop.ch\/fr\/wp-json\/wp\/v2\/product\/321416\/revisions"}],"predecessor-version":[{"id":321420,"href":"https:\/\/theuncommonshop.ch\/fr\/wp-json\/wp\/v2\/product\/321416\/revisions\/321420"}],"wp:featuredmedia":[{"embeddable":true,"href":"https:\/\/theuncommonshop.ch\/fr\/wp-json\/wp\/v2\/media\/25282"}],"wp:attachment":[{"href":"https:\/\/theuncommonshop.ch\/fr\/wp-json\/wp\/v2\/media?parent=321416"}],"wp:term":[{"taxonomy":"product_brand","embeddable":true,"href":"https:\/\/theuncommonshop.ch\/fr\/wp-json\/wp\/v2\/product_brand?post=321416"},{"taxonomy":"product_cat","embeddable":true,"href":"https:\/\/theuncommonshop.ch\/fr\/wp-json\/wp\/v2\/product_cat?post=321416"},{"taxonomy":"product_tag","embeddable":true,"href":"https:\/\/theuncommonshop.ch\/fr\/wp-json\/wp\/v2\/product_tag?post=321416"}],"curies":[{"name":"wp","href":"https:\/\/api.w.org\/{rel}","templated":true}]}}