{"id":321393,"date":"2025-06-12T12:55:30","date_gmt":"2025-06-12T12:55:30","guid":{"rendered":"http:\/\/theuncommonshop.ch\/produkt\/321393\/"},"modified":"2026-03-29T16:45:48","modified_gmt":"2026-03-29T14:45:48","slug":"magic-innistrad-crimson-vow-vow-draft-booster-display-2","status":"publish","type":"product","link":"https:\/\/theuncommonshop.ch\/fr\/product\/magic-innistrad-crimson-vow-vow-draft-booster-display-2\/","title":{"rendered":"Magic &#8211; Innistrad : Crimson Vow (VOW) &#8211; Draft Booster Display"},"content":{"rendered":"<p data-start=\"302\" data-end=\"560\">D\u00e9couvrez le monde sombre de <strong data-start=\"330\" data-end=\"371\"><span class=\"hover:entity-accent entity-underline inline cursor-pointer align-baseline\"><span class=\"whitespace-normal\">Innistrad : Crimson Vow<\/span><\/span><\/strong> avec le <strong data-start=\"380\" data-end=\"411\">Draft Booster Display (VOW)<\/strong>. Ce coffret ram\u00e8ne les joueurs dans le monde d&#8217;horreur d&#8217;Innistrad, o\u00f9 les vampires, les loups-garous et autres cr\u00e9atures de la nuit se battent pour la supr\u00e9matie. <\/p>\n<p data-start=\"562\" data-end=\"836\">Il est centr\u00e9 sur le mariage \u00e9pique d&#8217;<strong data-start=\"608\" data-end=\"627\">Olivia Voldaren<\/strong>, au cours duquel le destin d&#8217;Innistrad pourrait se jouer. Le set apporte de nombreuses nouvelles cartes, des vampires puissants et la <strong data-start=\"752\" data-end=\"776\">m\u00e9canique des jetons de sang<\/strong>, qui ouvre de nouvelles possibilit\u00e9s strat\u00e9giques dans la construction des decks. <\/p>\n<p data-start=\"838\" data-end=\"1046\">Parfaitement adapt\u00e9 aux <strong data-start=\"893\" data-end=\"943\">\u00e9v\u00e9nements de draft, aux tournois scell\u00e9s ou \u00e0 la collection<\/strong>, le Draft <strong data-start=\"842\" data-end=\"867\">Booster Display<\/strong> est un excellent moyen de piocher des cartes fortes dans l&#8217;univers populaire d&#8217;Innistrad.<\/p>\n<h3 data-start=\"1048\" data-end=\"1066\">D\u00e9tails du produit<\/h3>\n<p data-start=\"1068\" data-end=\"1384\">&#8211; <strong data-start=\"1070\" data-end=\"1078\">Set :<\/strong> Innistrad : Crimson Vow<br data-start=\"1101\" data-end=\"1104\">&#8211; <strong data-start=\"1106\" data-end=\"1119\">Code du set :<\/strong> VOW<br data-start=\"1123\" data-end=\"1126\">&#8211; <strong data-start=\"1128\" data-end=\"1166\">1 display contient 36 Draft Booster<\/strong><br data-start=\"1166\" data-end=\"1169\">&#8211; <strong data-start=\"1171\" data-end=\"1217\">15 cartes Magic : The Gathering par Booster<\/strong><br data-start=\"1217\" data-end=\"1220\">&#8211; Chance d&#8217;avoir des <strong data-start=\"1233\" data-end=\"1270\">cartes Rare, Mythic Rare et Foil<\/strong><br data-start=\"1270\" data-end=\"1273\">&#8211; Contient la <strong data-start=\"1287\" data-end=\"1311\">m\u00e9canique des Blood Token<\/strong> et de nombreuses cartes Vampire<br data-start=\"1340\" data-end=\"1343\">&#8211; Id\u00e9al pour les <strong data-start=\"1355\" data-end=\"1384\">Draft, Sealed et Sammler Booster<\/strong>.<\/p>\n<p data-start=\"1386\" data-end=\"1597\">Le <strong data-start=\"1390\" data-end=\"1465\">Booster Display Draft de Magic : The Gathering Innistrad : Crimson Vow (VOW)<\/strong> est un compl\u00e9ment parfait pour les joueurs et les collectionneurs qui souhaitent enrichir leur collection de Magic ou vivre des soir\u00e9es de draft passionnantes.<\/p>\n","protected":false},"excerpt":{"rendered":"<p>D\u00e9couvrez le monde sombre de Innistrad : Crimson Vow avec le Draft Booster Display (VOW). Ce coffret ram\u00e8ne les joueurs<\/p>\n","protected":false},"featured_media":25121,"comment_status":"open","ping_status":"closed","template":"","meta":{"_acf_changed":false},"product_brand":[5158,5070],"product_cat":[9969,10233,9967,9991],"product_tag":[],"class_list":{"0":"post-321393","1":"product","2":"type-product","3":"status-publish","4":"has-post-thumbnail","6":"product_brand-magic-the-gathering","7":"product_brand-wizards-of-the-coast","8":"product_cat-booster-displays-fr","9":"product_cat-innistrad-noce-ecarlate","10":"product_cat-magic-the-gathering-fr","11":"product_cat-produits-par-lots-mtg","13":"first","14":"outofstock","15":"taxable","16":"shipping-taxable","17":"purchasable","18":"product-type-variable"},"acf":[],"yoast_head":"<!-- This site is optimized with the Yoast SEO plugin v27.4 - https:\/\/yoast.com\/product\/yoast-seo-wordpress\/ -->\n<title>Ach\u00e8te Magic - Innistrad : Crimson Vow (VOW) - Draft Booster Display<\/title>\n<meta name=\"description\" content=\"Ach\u00e8te Magic - Innistrad : Crimson Vow (VOW) - Draft Booster Display en ligne maintenant \u00e0 petit prix! Ton #1 shop pour cartes TCG &amp; Pok\u00e9mon en Suisse \u2713 Livraison gratuite d\u00e8s CHF 29\" \/>\n<meta name=\"robots\" content=\"index, follow, max-snippet:-1, max-image-preview:large, max-video-preview:-1\" \/>\n<link rel=\"canonical\" href=\"https:\/\/theuncommonshop.ch\/fr\/product\/magic-innistrad-crimson-vow-vow-draft-booster-display-2\/\" \/>\n<meta property=\"og:locale\" content=\"fr_FR\" \/>\n<meta property=\"og:type\" content=\"article\" \/>\n<meta property=\"og:title\" content=\"Ach\u00e8te Magic - Innistrad : Crimson Vow (VOW) - Draft Booster Display\" \/>\n<meta property=\"og:description\" content=\"Ach\u00e8te Magic - Innistrad : Crimson Vow (VOW) - Draft Booster Display en ligne maintenant \u00e0 petit prix! Ton #1 shop pour cartes TCG &amp; Pok\u00e9mon en Suisse \u2713 Livraison gratuite d\u00e8s CHF 29\" \/>\n<meta property=\"og:url\" content=\"https:\/\/theuncommonshop.ch\/fr\/product\/magic-innistrad-crimson-vow-vow-draft-booster-display-2\/\" \/>\n<meta property=\"og:site_name\" content=\"Largest trading card shop in Switzerland\" \/>\n<meta property=\"article:modified_time\" content=\"2026-03-29T14:45:48+00:00\" \/>\n<meta property=\"og:image\" content=\"https:\/\/theuncommonshop.ch\/wp-content\/uploads\/2025\/05\/2455009719.jpg\" \/>\n\t<meta property=\"og:image:width\" content=\"900\" \/>\n\t<meta property=\"og:image:height\" content=\"797\" \/>\n\t<meta property=\"og:image:type\" content=\"image\/jpeg\" \/>\n<meta name=\"twitter:card\" content=\"summary_large_image\" \/>\n<meta name=\"twitter:label1\" content=\"Disponibilit\u00e9\" \/>\n\t<meta name=\"twitter:data1\" content=\"Rupture de stock\" \/>\n<script type=\"application\/ld+json\" class=\"yoast-schema-graph\">{\"@context\":\"https:\\\/\\\/schema.org\",\"@graph\":[{\"@type\":\"WebPage\",\"@id\":\"https:\\\/\\\/theuncommonshop.ch\\\/fr\\\/product\\\/magic-innistrad-crimson-vow-vow-draft-booster-display-2\\\/\",\"url\":\"https:\\\/\\\/theuncommonshop.ch\\\/fr\\\/product\\\/magic-innistrad-crimson-vow-vow-draft-booster-display-2\\\/\",\"name\":\"Ach\u00e8te Magic - Innistrad : Crimson Vow (VOW) - Draft Booster Display\",\"isPartOf\":{\"@id\":\"https:\\\/\\\/theuncommonshop.ch\\\/#website\"},\"primaryImageOfPage\":{\"@id\":\"https:\\\/\\\/theuncommonshop.ch\\\/fr\\\/product\\\/magic-innistrad-crimson-vow-vow-draft-booster-display-2\\\/#primaryimage\"},\"image\":{\"@id\":\"https:\\\/\\\/theuncommonshop.ch\\\/fr\\\/product\\\/magic-innistrad-crimson-vow-vow-draft-booster-display-2\\\/#primaryimage\"},\"thumbnailUrl\":\"https:\\\/\\\/theuncommonshop.ch\\\/wp-content\\\/uploads\\\/2025\\\/05\\\/2455009719.jpg\",\"datePublished\":\"2025-06-12T12:55:30+00:00\",\"dateModified\":\"2026-03-29T14:45:48+00:00\",\"description\":\"Ach\u00e8te Magic - Innistrad : Crimson Vow (VOW) - Draft Booster Display en ligne maintenant \u00e0 petit prix! Ton #1 shop pour cartes TCG & Pok\u00e9mon en Suisse \u2713 Livraison gratuite d\u00e8s CHF 29\",\"breadcrumb\":{\"@id\":\"https:\\\/\\\/theuncommonshop.ch\\\/fr\\\/product\\\/magic-innistrad-crimson-vow-vow-draft-booster-display-2\\\/#breadcrumb\"},\"inLanguage\":\"fr-FR\",\"potentialAction\":[{\"@type\":\"ReadAction\",\"target\":[\"https:\\\/\\\/theuncommonshop.ch\\\/fr\\\/product\\\/magic-innistrad-crimson-vow-vow-draft-booster-display-2\\\/\"]}]},{\"@type\":\"ImageObject\",\"inLanguage\":\"fr-FR\",\"@id\":\"https:\\\/\\\/theuncommonshop.ch\\\/fr\\\/product\\\/magic-innistrad-crimson-vow-vow-draft-booster-display-2\\\/#primaryimage\",\"url\":\"https:\\\/\\\/theuncommonshop.ch\\\/wp-content\\\/uploads\\\/2025\\\/05\\\/2455009719.jpg\",\"contentUrl\":\"https:\\\/\\\/theuncommonshop.ch\\\/wp-content\\\/uploads\\\/2025\\\/05\\\/2455009719.jpg\",\"width\":900,\"height\":797},{\"@type\":\"BreadcrumbList\",\"@id\":\"https:\\\/\\\/theuncommonshop.ch\\\/fr\\\/product\\\/magic-innistrad-crimson-vow-vow-draft-booster-display-2\\\/#breadcrumb\",\"itemListElement\":[{\"@type\":\"ListItem\",\"position\":1,\"name\":\"Accueil\",\"item\":\"https:\\\/\\\/theuncommonshop.ch\\\/fr\\\/accueil\\\/\"},{\"@type\":\"ListItem\",\"position\":2,\"name\":\"Boutique\",\"item\":\"https:\\\/\\\/theuncommonshop.ch\\\/fr\\\/boutique\\\/\"},{\"@type\":\"ListItem\",\"position\":3,\"name\":\"Magic the Gathering\",\"item\":\"https:\\\/\\\/theuncommonshop.ch\\\/fr\\\/categorie-produit\\\/magic-the-gathering-fr\\\/\"},{\"@type\":\"ListItem\",\"position\":4,\"name\":\"Produits par lots\",\"item\":\"https:\\\/\\\/theuncommonshop.ch\\\/fr\\\/categorie-produit\\\/magic-the-gathering-fr\\\/produits-par-lots-mtg\\\/\"},{\"@type\":\"ListItem\",\"position\":5,\"name\":\"Innistrad : noce \u00e9carlate\",\"item\":\"https:\\\/\\\/theuncommonshop.ch\\\/fr\\\/categorie-produit\\\/magic-the-gathering-fr\\\/produits-par-lots-mtg\\\/innistrad-noce-ecarlate\\\/\"},{\"@type\":\"ListItem\",\"position\":6,\"name\":\"Magic &#8211; Innistrad : Crimson Vow (VOW) &#8211; Draft Booster Display\"}]},{\"@type\":\"WebSite\",\"@id\":\"https:\\\/\\\/theuncommonshop.ch\\\/#website\",\"url\":\"https:\\\/\\\/theuncommonshop.ch\\\/\",\"name\":\"Largest trading card shop in Switzerland\",\"description\":\"Magic, Pok\u00e9mon and Yu-gi-oh - The Uncommon Shop\",\"potentialAction\":[{\"@type\":\"SearchAction\",\"target\":{\"@type\":\"EntryPoint\",\"urlTemplate\":\"https:\\\/\\\/theuncommonshop.ch\\\/?s={search_term_string}\"},\"query-input\":{\"@type\":\"PropertyValueSpecification\",\"valueRequired\":true,\"valueName\":\"search_term_string\"}}],\"inLanguage\":\"fr-FR\"}]}<\/script>\n<meta property=\"og:availability\" content=\"out of stock\" \/>\n<meta property=\"product:availability\" content=\"out of stock\" \/>\n<meta property=\"product:condition\" content=\"new\" \/>\n<!-- \/ Yoast SEO plugin. -->","yoast_head_json":{"title":"Ach\u00e8te Magic - Innistrad : Crimson Vow (VOW) - Draft Booster Display","description":"Ach\u00e8te Magic - Innistrad : Crimson Vow (VOW) - Draft Booster Display en ligne maintenant \u00e0 petit prix! Ton #1 shop pour cartes TCG & Pok\u00e9mon en Suisse \u2713 Livraison gratuite d\u00e8s CHF 29","robots":{"index":"index","follow":"follow","max-snippet":"max-snippet:-1","max-image-preview":"max-image-preview:large","max-video-preview":"max-video-preview:-1"},"canonical":"https:\/\/theuncommonshop.ch\/fr\/product\/magic-innistrad-crimson-vow-vow-draft-booster-display-2\/","og_locale":"fr_FR","og_type":"article","og_title":"Ach\u00e8te Magic - Innistrad : Crimson Vow (VOW) - Draft Booster Display","og_description":"Ach\u00e8te Magic - Innistrad : Crimson Vow (VOW) - Draft Booster Display en ligne maintenant \u00e0 petit prix! Ton #1 shop pour cartes TCG & Pok\u00e9mon en Suisse \u2713 Livraison gratuite d\u00e8s CHF 29","og_url":"https:\/\/theuncommonshop.ch\/fr\/product\/magic-innistrad-crimson-vow-vow-draft-booster-display-2\/","og_site_name":"Largest trading card shop in Switzerland","article_modified_time":"2026-03-29T14:45:48+00:00","og_image":[{"width":900,"height":797,"url":"https:\/\/theuncommonshop.ch\/wp-content\/uploads\/2025\/05\/2455009719.jpg","type":"image\/jpeg"}],"twitter_card":"summary_large_image","twitter_misc":{"Disponibilit\u00e9":"Rupture de stock"},"schema":{"@context":"https:\/\/schema.org","@graph":[{"@type":"WebPage","@id":"https:\/\/theuncommonshop.ch\/fr\/product\/magic-innistrad-crimson-vow-vow-draft-booster-display-2\/","url":"https:\/\/theuncommonshop.ch\/fr\/product\/magic-innistrad-crimson-vow-vow-draft-booster-display-2\/","name":"Ach\u00e8te Magic - Innistrad : Crimson Vow (VOW) - Draft Booster Display","isPartOf":{"@id":"https:\/\/theuncommonshop.ch\/#website"},"primaryImageOfPage":{"@id":"https:\/\/theuncommonshop.ch\/fr\/product\/magic-innistrad-crimson-vow-vow-draft-booster-display-2\/#primaryimage"},"image":{"@id":"https:\/\/theuncommonshop.ch\/fr\/product\/magic-innistrad-crimson-vow-vow-draft-booster-display-2\/#primaryimage"},"thumbnailUrl":"https:\/\/theuncommonshop.ch\/wp-content\/uploads\/2025\/05\/2455009719.jpg","datePublished":"2025-06-12T12:55:30+00:00","dateModified":"2026-03-29T14:45:48+00:00","description":"Ach\u00e8te Magic - Innistrad : Crimson Vow (VOW) - Draft Booster Display en ligne maintenant \u00e0 petit prix! Ton #1 shop pour cartes TCG & Pok\u00e9mon en Suisse \u2713 Livraison gratuite d\u00e8s CHF 29","breadcrumb":{"@id":"https:\/\/theuncommonshop.ch\/fr\/product\/magic-innistrad-crimson-vow-vow-draft-booster-display-2\/#breadcrumb"},"inLanguage":"fr-FR","potentialAction":[{"@type":"ReadAction","target":["https:\/\/theuncommonshop.ch\/fr\/product\/magic-innistrad-crimson-vow-vow-draft-booster-display-2\/"]}]},{"@type":"ImageObject","inLanguage":"fr-FR","@id":"https:\/\/theuncommonshop.ch\/fr\/product\/magic-innistrad-crimson-vow-vow-draft-booster-display-2\/#primaryimage","url":"https:\/\/theuncommonshop.ch\/wp-content\/uploads\/2025\/05\/2455009719.jpg","contentUrl":"https:\/\/theuncommonshop.ch\/wp-content\/uploads\/2025\/05\/2455009719.jpg","width":900,"height":797},{"@type":"BreadcrumbList","@id":"https:\/\/theuncommonshop.ch\/fr\/product\/magic-innistrad-crimson-vow-vow-draft-booster-display-2\/#breadcrumb","itemListElement":[{"@type":"ListItem","position":1,"name":"Accueil","item":"https:\/\/theuncommonshop.ch\/fr\/accueil\/"},{"@type":"ListItem","position":2,"name":"Boutique","item":"https:\/\/theuncommonshop.ch\/fr\/boutique\/"},{"@type":"ListItem","position":3,"name":"Magic the Gathering","item":"https:\/\/theuncommonshop.ch\/fr\/categorie-produit\/magic-the-gathering-fr\/"},{"@type":"ListItem","position":4,"name":"Produits par lots","item":"https:\/\/theuncommonshop.ch\/fr\/categorie-produit\/magic-the-gathering-fr\/produits-par-lots-mtg\/"},{"@type":"ListItem","position":5,"name":"Innistrad : noce \u00e9carlate","item":"https:\/\/theuncommonshop.ch\/fr\/categorie-produit\/magic-the-gathering-fr\/produits-par-lots-mtg\/innistrad-noce-ecarlate\/"},{"@type":"ListItem","position":6,"name":"Magic &#8211; Innistrad : Crimson Vow (VOW) &#8211; Draft Booster Display"}]},{"@type":"WebSite","@id":"https:\/\/theuncommonshop.ch\/#website","url":"https:\/\/theuncommonshop.ch\/","name":"Largest trading card shop in Switzerland","description":"Magic, Pok\u00e9mon and Yu-gi-oh - The Uncommon Shop","potentialAction":[{"@type":"SearchAction","target":{"@type":"EntryPoint","urlTemplate":"https:\/\/theuncommonshop.ch\/?s={search_term_string}"},"query-input":{"@type":"PropertyValueSpecification","valueRequired":true,"valueName":"search_term_string"}}],"inLanguage":"fr-FR"}]},"og_availability":"out of stock","product_availability":"out of stock","product_condition":"new"},"_links":{"self":[{"href":"https:\/\/theuncommonshop.ch\/fr\/wp-json\/wp\/v2\/product\/321393","targetHints":{"allow":["GET"]}}],"collection":[{"href":"https:\/\/theuncommonshop.ch\/fr\/wp-json\/wp\/v2\/product"}],"about":[{"href":"https:\/\/theuncommonshop.ch\/fr\/wp-json\/wp\/v2\/types\/product"}],"replies":[{"embeddable":true,"href":"https:\/\/theuncommonshop.ch\/fr\/wp-json\/wp\/v2\/comments?post=321393"}],"version-history":[{"count":2,"href":"https:\/\/theuncommonshop.ch\/fr\/wp-json\/wp\/v2\/product\/321393\/revisions"}],"predecessor-version":[{"id":357798,"href":"https:\/\/theuncommonshop.ch\/fr\/wp-json\/wp\/v2\/product\/321393\/revisions\/357798"}],"wp:featuredmedia":[{"embeddable":true,"href":"https:\/\/theuncommonshop.ch\/fr\/wp-json\/wp\/v2\/media\/25121"}],"wp:attachment":[{"href":"https:\/\/theuncommonshop.ch\/fr\/wp-json\/wp\/v2\/media?parent=321393"}],"wp:term":[{"taxonomy":"product_brand","embeddable":true,"href":"https:\/\/theuncommonshop.ch\/fr\/wp-json\/wp\/v2\/product_brand?post=321393"},{"taxonomy":"product_cat","embeddable":true,"href":"https:\/\/theuncommonshop.ch\/fr\/wp-json\/wp\/v2\/product_cat?post=321393"},{"taxonomy":"product_tag","embeddable":true,"href":"https:\/\/theuncommonshop.ch\/fr\/wp-json\/wp\/v2\/product_tag?post=321393"}],"curies":[{"name":"wp","href":"https:\/\/api.w.org\/{rel}","templated":true}]}}