{"id":321383,"date":"2025-06-12T12:56:22","date_gmt":"2025-06-12T10:56:22","guid":{"rendered":"http:\/\/theuncommonshop.ch\/produkt\/321383\/"},"modified":"2026-03-29T16:47:16","modified_gmt":"2026-03-29T14:47:16","slug":"magic-innistrad-midnight-hunt-mid-collector-booster-display-2","status":"publish","type":"product","link":"https:\/\/theuncommonshop.ch\/fr\/product\/magic-innistrad-midnight-hunt-mid-collector-booster-display-2\/","title":{"rendered":"Magic &#8211; Innistrad : Midnight Hunt (MID) &#8211; Collector Booster Display"},"content":{"rendered":"<p data-start=\"97\" data-end=\"386\">Faites l&#8217;exp\u00e9rience d&#8217;un sinistre retour \u00e0 Innistrad avec le <strong data-start=\"148\" data-end=\"177\">Collector Booster Display<\/strong> de <strong data-start=\"182\" data-end=\"223\"><span class=\"hover:entity-accent entity-underline inline cursor-pointer align-baseline\"><span class=\"whitespace-normal\">Innistrad : Midnight Hunt<\/span><\/span><\/strong>. Ce produit haut de gamme s&#8217;adresse aux collectionneurs et aux joueurs \u00e0 la recherche de cartes particuli\u00e8rement rares, de versions Foil et de variantes de cartes exclusives. <\/p>\n<p data-start=\"388\" data-end=\"751\">Dans <strong data-start=\"391\" data-end=\"425\">Innistrad : Midnight Hunt (MID)<\/strong>, les habitants du monde luttent d\u00e9sesp\u00e9r\u00e9ment contre l&#8217;obscurit\u00e9 croissante. Les loups-garous, les sorci\u00e8res et autres cr\u00e9atures de la nuit prennent de plus en plus de pouvoir. Avec la nouvelle <strong data-start=\"592\" data-end=\"626\">m\u00e9canique Daybound \/ Nightbound<\/strong>, le cours de la nuit change directement dans le jeu et apporte de nouvelles possibilit\u00e9s strat\u00e9giques, en particulier pour les decks de loups-garous.  <\/p>\n<p data-start=\"753\" data-end=\"957\"><strong data-start=\"753\" data-end=\"774\">Les Boosters Collector<\/strong> offrent de grandes chances d&#8217;obtenir des cartes particuli\u00e8rement rares, comme <strong data-start=\"832\" data-end=\"889\">les cartes Showcase, les cartes Borderless et les versions Foil<\/strong>. Ils font ainsi partie des produits les plus appr\u00e9ci\u00e9s des collectionneurs de Magic. <\/p>\n<h3 data-start=\"959\" data-end=\"977\">D\u00e9tails du produit<\/h3>\n<p data-start=\"979\" data-end=\"1339\">&#8211; <strong data-start=\"981\" data-end=\"989\">Set :<\/strong> Innistrad : Midnight Hunt<br data-start=\"1014\" data-end=\"1017\">&#8211; <strong data-start=\"1019\" data-end=\"1032\">Code du set :<\/strong> <strong data-start=\"1033\" data-end=\"1040\">MID<\/strong><br data-start=\"1040\" data-end=\"1043\">&#8211; <strong data-start=\"1045\" data-end=\"1087\">1 pr\u00e9sentoir contient 12 Boosters Collector<\/strong><br data-start=\"1087\" data-end=\"1090\">&#8211; <strong data-start=\"1092\" data-end=\"1138\">15 cartes Magic : The Gathering par Booster<\/strong><br data-start=\"1138\" data-end=\"1141\">&#8211; Contient de nombreuses <strong data-start=\"1162\" data-end=\"1207\">cartes Foil et des variantes sp\u00e9ciales de cartes<\/strong><br data-start=\"1207\" data-end=\"1210\">&#8211; Chance d&#8217;obtenir des <strong data-start=\"1223\" data-end=\"1273\">cartes Showcase, Extended Art et Borderless<\/strong><br data-start=\"1273\" data-end=\"1276\">&#8211; Parfaitement adapt\u00e9 aux <strong data-start=\"1299\" data-end=\"1339\">collectionneurs et aux pulls de cartes de qualit\u00e9.<\/strong><\/p>\n<p data-start=\"1341\" data-end=\"1549\">Avec le <strong data-start=\"1349\" data-end=\"1430\">Collector Booster Display de Magic : The Gathering Innistrad : Midnight Hunt (MID)<\/strong>, vous avez la chance d&#8217;obtenir des cartes particuli\u00e8rement rares et des variantes spectaculaires du monde obscur d&#8217;Innistrad.<\/p>\n","protected":false},"excerpt":{"rendered":"<p>Faites l&#8217;exp\u00e9rience d&#8217;un sinistre retour \u00e0 Innistrad avec le Collector Booster Display de Innistrad : Midnight Hunt. Ce produit haut<\/p>\n","protected":false},"featured_media":25157,"comment_status":"open","ping_status":"closed","template":"","meta":{"_acf_changed":false},"product_brand":[5158,5070],"product_cat":[9969,10235,9967,9991],"product_tag":[],"class_list":{"0":"post-321383","1":"product","2":"type-product","3":"status-publish","4":"has-post-thumbnail","6":"product_brand-magic-the-gathering","7":"product_brand-wizards-of-the-coast","8":"product_cat-booster-displays-fr","9":"product_cat-innistrad-chasse-de-minuit","10":"product_cat-magic-the-gathering-fr","11":"product_cat-produits-par-lots-mtg","13":"first","14":"instock","15":"taxable","16":"shipping-taxable","17":"purchasable","18":"product-type-variable"},"acf":[],"yoast_head":"<!-- This site is optimized with the Yoast SEO plugin v27.4 - https:\/\/yoast.com\/product\/yoast-seo-wordpress\/ -->\n<title>Ach\u00e8te Magic - Innistrad : Midnight Hunt (MID) - Collector Booster Display<\/title>\n<meta name=\"description\" content=\"Ach\u00e8te Magic - Innistrad : Midnight Hunt (MID) - Collector Booster Display en ligne maintenant \u00e0 petit prix! Ton #1 shop pour cartes TCG &amp; Pok\u00e9mon en Suisse \u2713 Livraison gratuite d\u00e8s CHF 29\" \/>\n<meta name=\"robots\" content=\"index, follow, max-snippet:-1, max-image-preview:large, max-video-preview:-1\" \/>\n<link rel=\"canonical\" href=\"https:\/\/theuncommonshop.ch\/fr\/product\/magic-innistrad-midnight-hunt-mid-collector-booster-display-2\/\" \/>\n<meta property=\"og:locale\" content=\"fr_FR\" \/>\n<meta property=\"og:type\" content=\"article\" \/>\n<meta property=\"og:title\" content=\"Ach\u00e8te Magic - Innistrad : Midnight Hunt (MID) - Collector Booster Display\" \/>\n<meta property=\"og:description\" content=\"Ach\u00e8te Magic - Innistrad : Midnight Hunt (MID) - Collector Booster Display en ligne maintenant \u00e0 petit prix! Ton #1 shop pour cartes TCG &amp; Pok\u00e9mon en Suisse \u2713 Livraison gratuite d\u00e8s CHF 29\" \/>\n<meta property=\"og:url\" content=\"https:\/\/theuncommonshop.ch\/fr\/product\/magic-innistrad-midnight-hunt-mid-collector-booster-display-2\/\" \/>\n<meta property=\"og:site_name\" content=\"Largest trading card shop in Switzerland\" \/>\n<meta property=\"article:modified_time\" content=\"2026-03-29T14:47:16+00:00\" \/>\n<meta property=\"og:image\" content=\"https:\/\/theuncommonshop.ch\/wp-content\/uploads\/2025\/05\/2454930013.jpg\" \/>\n\t<meta property=\"og:image:width\" content=\"900\" \/>\n\t<meta property=\"og:image:height\" content=\"991\" \/>\n\t<meta property=\"og:image:type\" content=\"image\/jpeg\" \/>\n<meta name=\"twitter:card\" content=\"summary_large_image\" \/>\n<meta name=\"twitter:label1\" content=\"Disponibilit\u00e9\" \/>\n\t<meta name=\"twitter:data1\" content=\"En stock\" \/>\n<script type=\"application\/ld+json\" class=\"yoast-schema-graph\">{\"@context\":\"https:\\\/\\\/schema.org\",\"@graph\":[{\"@type\":\"WebPage\",\"@id\":\"https:\\\/\\\/theuncommonshop.ch\\\/fr\\\/product\\\/magic-innistrad-midnight-hunt-mid-collector-booster-display-2\\\/\",\"url\":\"https:\\\/\\\/theuncommonshop.ch\\\/fr\\\/product\\\/magic-innistrad-midnight-hunt-mid-collector-booster-display-2\\\/\",\"name\":\"Ach\u00e8te Magic - Innistrad : Midnight Hunt (MID) - Collector Booster Display\",\"isPartOf\":{\"@id\":\"https:\\\/\\\/theuncommonshop.ch\\\/#website\"},\"primaryImageOfPage\":{\"@id\":\"https:\\\/\\\/theuncommonshop.ch\\\/fr\\\/product\\\/magic-innistrad-midnight-hunt-mid-collector-booster-display-2\\\/#primaryimage\"},\"image\":{\"@id\":\"https:\\\/\\\/theuncommonshop.ch\\\/fr\\\/product\\\/magic-innistrad-midnight-hunt-mid-collector-booster-display-2\\\/#primaryimage\"},\"thumbnailUrl\":\"https:\\\/\\\/theuncommonshop.ch\\\/wp-content\\\/uploads\\\/2025\\\/05\\\/2454930013.jpg\",\"datePublished\":\"2025-06-12T10:56:22+00:00\",\"dateModified\":\"2026-03-29T14:47:16+00:00\",\"description\":\"Ach\u00e8te Magic - Innistrad : Midnight Hunt (MID) - Collector Booster Display en ligne maintenant \u00e0 petit prix! Ton #1 shop pour cartes TCG & Pok\u00e9mon en Suisse \u2713 Livraison gratuite d\u00e8s CHF 29\",\"breadcrumb\":{\"@id\":\"https:\\\/\\\/theuncommonshop.ch\\\/fr\\\/product\\\/magic-innistrad-midnight-hunt-mid-collector-booster-display-2\\\/#breadcrumb\"},\"inLanguage\":\"fr-FR\",\"potentialAction\":[{\"@type\":\"ReadAction\",\"target\":[\"https:\\\/\\\/theuncommonshop.ch\\\/fr\\\/product\\\/magic-innistrad-midnight-hunt-mid-collector-booster-display-2\\\/\"]}]},{\"@type\":\"ImageObject\",\"inLanguage\":\"fr-FR\",\"@id\":\"https:\\\/\\\/theuncommonshop.ch\\\/fr\\\/product\\\/magic-innistrad-midnight-hunt-mid-collector-booster-display-2\\\/#primaryimage\",\"url\":\"https:\\\/\\\/theuncommonshop.ch\\\/wp-content\\\/uploads\\\/2025\\\/05\\\/2454930013.jpg\",\"contentUrl\":\"https:\\\/\\\/theuncommonshop.ch\\\/wp-content\\\/uploads\\\/2025\\\/05\\\/2454930013.jpg\",\"width\":900,\"height\":991},{\"@type\":\"BreadcrumbList\",\"@id\":\"https:\\\/\\\/theuncommonshop.ch\\\/fr\\\/product\\\/magic-innistrad-midnight-hunt-mid-collector-booster-display-2\\\/#breadcrumb\",\"itemListElement\":[{\"@type\":\"ListItem\",\"position\":1,\"name\":\"Accueil\",\"item\":\"https:\\\/\\\/theuncommonshop.ch\\\/fr\\\/accueil\\\/\"},{\"@type\":\"ListItem\",\"position\":2,\"name\":\"Boutique\",\"item\":\"https:\\\/\\\/theuncommonshop.ch\\\/fr\\\/boutique\\\/\"},{\"@type\":\"ListItem\",\"position\":3,\"name\":\"Magic the Gathering\",\"item\":\"https:\\\/\\\/theuncommonshop.ch\\\/fr\\\/categorie-produit\\\/magic-the-gathering-fr\\\/\"},{\"@type\":\"ListItem\",\"position\":4,\"name\":\"Produits par lots\",\"item\":\"https:\\\/\\\/theuncommonshop.ch\\\/fr\\\/categorie-produit\\\/magic-the-gathering-fr\\\/produits-par-lots-mtg\\\/\"},{\"@type\":\"ListItem\",\"position\":5,\"name\":\"Innistrad : chasse de minuit\",\"item\":\"https:\\\/\\\/theuncommonshop.ch\\\/fr\\\/categorie-produit\\\/magic-the-gathering-fr\\\/produits-par-lots-mtg\\\/innistrad-chasse-de-minuit\\\/\"},{\"@type\":\"ListItem\",\"position\":6,\"name\":\"Magic &#8211; Innistrad : Midnight Hunt (MID) &#8211; Collector Booster Display\"}]},{\"@type\":\"WebSite\",\"@id\":\"https:\\\/\\\/theuncommonshop.ch\\\/#website\",\"url\":\"https:\\\/\\\/theuncommonshop.ch\\\/\",\"name\":\"Largest trading card shop in Switzerland\",\"description\":\"Magic, Pok\u00e9mon and Yu-gi-oh - The Uncommon Shop\",\"potentialAction\":[{\"@type\":\"SearchAction\",\"target\":{\"@type\":\"EntryPoint\",\"urlTemplate\":\"https:\\\/\\\/theuncommonshop.ch\\\/?s={search_term_string}\"},\"query-input\":{\"@type\":\"PropertyValueSpecification\",\"valueRequired\":true,\"valueName\":\"search_term_string\"}}],\"inLanguage\":\"fr-FR\"}]}<\/script>\n<meta property=\"og:availability\" content=\"instock\" \/>\n<meta property=\"product:availability\" content=\"instock\" \/>\n<meta property=\"product:condition\" content=\"new\" \/>\n<!-- \/ Yoast SEO plugin. -->","yoast_head_json":{"title":"Ach\u00e8te Magic - Innistrad : Midnight Hunt (MID) - Collector Booster Display","description":"Ach\u00e8te Magic - Innistrad : Midnight Hunt (MID) - Collector Booster Display en ligne maintenant \u00e0 petit prix! Ton #1 shop pour cartes TCG & Pok\u00e9mon en Suisse \u2713 Livraison gratuite d\u00e8s CHF 29","robots":{"index":"index","follow":"follow","max-snippet":"max-snippet:-1","max-image-preview":"max-image-preview:large","max-video-preview":"max-video-preview:-1"},"canonical":"https:\/\/theuncommonshop.ch\/fr\/product\/magic-innistrad-midnight-hunt-mid-collector-booster-display-2\/","og_locale":"fr_FR","og_type":"article","og_title":"Ach\u00e8te Magic - Innistrad : Midnight Hunt (MID) - Collector Booster Display","og_description":"Ach\u00e8te Magic - Innistrad : Midnight Hunt (MID) - Collector Booster Display en ligne maintenant \u00e0 petit prix! Ton #1 shop pour cartes TCG & Pok\u00e9mon en Suisse \u2713 Livraison gratuite d\u00e8s CHF 29","og_url":"https:\/\/theuncommonshop.ch\/fr\/product\/magic-innistrad-midnight-hunt-mid-collector-booster-display-2\/","og_site_name":"Largest trading card shop in Switzerland","article_modified_time":"2026-03-29T14:47:16+00:00","og_image":[{"width":900,"height":991,"url":"https:\/\/theuncommonshop.ch\/wp-content\/uploads\/2025\/05\/2454930013.jpg","type":"image\/jpeg"}],"twitter_card":"summary_large_image","twitter_misc":{"Disponibilit\u00e9":"En stock"},"schema":{"@context":"https:\/\/schema.org","@graph":[{"@type":"WebPage","@id":"https:\/\/theuncommonshop.ch\/fr\/product\/magic-innistrad-midnight-hunt-mid-collector-booster-display-2\/","url":"https:\/\/theuncommonshop.ch\/fr\/product\/magic-innistrad-midnight-hunt-mid-collector-booster-display-2\/","name":"Ach\u00e8te Magic - Innistrad : Midnight Hunt (MID) - Collector Booster Display","isPartOf":{"@id":"https:\/\/theuncommonshop.ch\/#website"},"primaryImageOfPage":{"@id":"https:\/\/theuncommonshop.ch\/fr\/product\/magic-innistrad-midnight-hunt-mid-collector-booster-display-2\/#primaryimage"},"image":{"@id":"https:\/\/theuncommonshop.ch\/fr\/product\/magic-innistrad-midnight-hunt-mid-collector-booster-display-2\/#primaryimage"},"thumbnailUrl":"https:\/\/theuncommonshop.ch\/wp-content\/uploads\/2025\/05\/2454930013.jpg","datePublished":"2025-06-12T10:56:22+00:00","dateModified":"2026-03-29T14:47:16+00:00","description":"Ach\u00e8te Magic - Innistrad : Midnight Hunt (MID) - Collector Booster Display en ligne maintenant \u00e0 petit prix! Ton #1 shop pour cartes TCG & Pok\u00e9mon en Suisse \u2713 Livraison gratuite d\u00e8s CHF 29","breadcrumb":{"@id":"https:\/\/theuncommonshop.ch\/fr\/product\/magic-innistrad-midnight-hunt-mid-collector-booster-display-2\/#breadcrumb"},"inLanguage":"fr-FR","potentialAction":[{"@type":"ReadAction","target":["https:\/\/theuncommonshop.ch\/fr\/product\/magic-innistrad-midnight-hunt-mid-collector-booster-display-2\/"]}]},{"@type":"ImageObject","inLanguage":"fr-FR","@id":"https:\/\/theuncommonshop.ch\/fr\/product\/magic-innistrad-midnight-hunt-mid-collector-booster-display-2\/#primaryimage","url":"https:\/\/theuncommonshop.ch\/wp-content\/uploads\/2025\/05\/2454930013.jpg","contentUrl":"https:\/\/theuncommonshop.ch\/wp-content\/uploads\/2025\/05\/2454930013.jpg","width":900,"height":991},{"@type":"BreadcrumbList","@id":"https:\/\/theuncommonshop.ch\/fr\/product\/magic-innistrad-midnight-hunt-mid-collector-booster-display-2\/#breadcrumb","itemListElement":[{"@type":"ListItem","position":1,"name":"Accueil","item":"https:\/\/theuncommonshop.ch\/fr\/accueil\/"},{"@type":"ListItem","position":2,"name":"Boutique","item":"https:\/\/theuncommonshop.ch\/fr\/boutique\/"},{"@type":"ListItem","position":3,"name":"Magic the Gathering","item":"https:\/\/theuncommonshop.ch\/fr\/categorie-produit\/magic-the-gathering-fr\/"},{"@type":"ListItem","position":4,"name":"Produits par lots","item":"https:\/\/theuncommonshop.ch\/fr\/categorie-produit\/magic-the-gathering-fr\/produits-par-lots-mtg\/"},{"@type":"ListItem","position":5,"name":"Innistrad : chasse de minuit","item":"https:\/\/theuncommonshop.ch\/fr\/categorie-produit\/magic-the-gathering-fr\/produits-par-lots-mtg\/innistrad-chasse-de-minuit\/"},{"@type":"ListItem","position":6,"name":"Magic &#8211; Innistrad : Midnight Hunt (MID) &#8211; Collector Booster Display"}]},{"@type":"WebSite","@id":"https:\/\/theuncommonshop.ch\/#website","url":"https:\/\/theuncommonshop.ch\/","name":"Largest trading card shop in Switzerland","description":"Magic, Pok\u00e9mon and Yu-gi-oh - The Uncommon Shop","potentialAction":[{"@type":"SearchAction","target":{"@type":"EntryPoint","urlTemplate":"https:\/\/theuncommonshop.ch\/?s={search_term_string}"},"query-input":{"@type":"PropertyValueSpecification","valueRequired":true,"valueName":"search_term_string"}}],"inLanguage":"fr-FR"}]},"og_availability":"instock","product_availability":"instock","product_condition":"new"},"_links":{"self":[{"href":"https:\/\/theuncommonshop.ch\/fr\/wp-json\/wp\/v2\/product\/321383","targetHints":{"allow":["GET"]}}],"collection":[{"href":"https:\/\/theuncommonshop.ch\/fr\/wp-json\/wp\/v2\/product"}],"about":[{"href":"https:\/\/theuncommonshop.ch\/fr\/wp-json\/wp\/v2\/types\/product"}],"replies":[{"embeddable":true,"href":"https:\/\/theuncommonshop.ch\/fr\/wp-json\/wp\/v2\/comments?post=321383"}],"version-history":[{"count":2,"href":"https:\/\/theuncommonshop.ch\/fr\/wp-json\/wp\/v2\/product\/321383\/revisions"}],"predecessor-version":[{"id":357793,"href":"https:\/\/theuncommonshop.ch\/fr\/wp-json\/wp\/v2\/product\/321383\/revisions\/357793"}],"wp:featuredmedia":[{"embeddable":true,"href":"https:\/\/theuncommonshop.ch\/fr\/wp-json\/wp\/v2\/media\/25157"}],"wp:attachment":[{"href":"https:\/\/theuncommonshop.ch\/fr\/wp-json\/wp\/v2\/media?parent=321383"}],"wp:term":[{"taxonomy":"product_brand","embeddable":true,"href":"https:\/\/theuncommonshop.ch\/fr\/wp-json\/wp\/v2\/product_brand?post=321383"},{"taxonomy":"product_cat","embeddable":true,"href":"https:\/\/theuncommonshop.ch\/fr\/wp-json\/wp\/v2\/product_cat?post=321383"},{"taxonomy":"product_tag","embeddable":true,"href":"https:\/\/theuncommonshop.ch\/fr\/wp-json\/wp\/v2\/product_tag?post=321383"}],"curies":[{"name":"wp","href":"https:\/\/api.w.org\/{rel}","templated":true}]}}