{"id":321280,"date":"2025-06-12T12:49:29","date_gmt":"2025-06-12T12:49:29","guid":{"rendered":"http:\/\/theuncommonshop.ch\/produkt\/321280\/"},"modified":"2026-03-29T17:01:37","modified_gmt":"2026-03-29T15:01:37","slug":"magic-march-of-the-machine-mom-draft-booster-display-2","status":"publish","type":"product","link":"https:\/\/theuncommonshop.ch\/fr\/product\/magic-march-of-the-machine-mom-draft-booster-display-2\/","title":{"rendered":"Magic : March of the Machine (MOM) &#8211; Draft Booster Display"},"content":{"rendered":"<ul>\n<li>\n<p data-start=\"89\" data-end=\"364\">Vivez l&#8217;apog\u00e9e \u00e9pique de l&#8217;invasion des Phyrexiens avec le <strong data-start=\"152\" data-end=\"177\">Draft Booster Display<\/strong> de <strong data-start=\"182\" data-end=\"223\"><span class=\"hover:entity-accent entity-underline inline cursor-pointer align-baseline\"><span class=\"whitespace-normal\">March of the Machine<\/span><\/span><\/strong>. De nombreux mondes du multivers Magic s&#8217;unissent dans cet ensemble pour faire face \u00e0 l&#8217;immense menace des Phyrexiens. <\/p>\n<p data-start=\"366\" data-end=\"739\"><strong data-start=\"366\" data-end=\"396\">March of the Machine (MOM)<\/strong> introduit un grand nombre de personnages l\u00e9gendaires et de cartes spectaculaires dans le jeu. On notera en particulier le nouveau type de carte <strong data-start=\"523\" data-end=\"533\">Battle<\/strong>, qui introduit une toute nouvelle dimension dans le gameplay de Magic. De plus, le set contient les fameuses <strong data-start=\"643\" data-end=\"665\">Multiverse Legends<\/strong>, des cr\u00e9atures l\u00e9gendaires issues des pr\u00e9c\u00e9dents sets Magic et dot\u00e9es de cadres de cartes sp\u00e9ciaux.  <\/p>\n<p data-start=\"741\" data-end=\"974\">Le <strong data-start=\"745\" data-end=\"770\">Booster Display Draft<\/strong> est id\u00e9al pour les <strong data-start=\"785\" data-end=\"835\">\u00e9v\u00e9nements de draft, les tournois scell\u00e9s ou pour collectionner<\/strong>. Avec un m\u00e9lange \u00e9quilibr\u00e9 de cartes, ce produit est parfait pour les joueurs qui souhaitent d\u00e9couvrir des formats limit\u00e9s passionnants. <\/p>\n<h3 data-start=\"976\" data-end=\"994\">D\u00e9tails du produit<\/h3>\n<p data-start=\"996\" data-end=\"1373\">&#8211; <strong data-start=\"998\" data-end=\"1006\">Set :<\/strong> March of the Machine <br data-start=\"1027\" data-end=\"1030\">&#8211; <strong data-start=\"1032\" data-end=\"1051\">Nom allemand :<\/strong> Marsch der Maschinen <br data-start=\"1071\" data-end=\"1074\">&#8211; <strong data-start=\"1076\" data-end=\"1089\">Code de l&#8217;ensemble :<\/strong> <strong data-start=\"1090\" data-end=\"1097\">MOM<\/strong><br data-start=\"1097\" data-end=\"1100\">&#8211; <strong data-start=\"1102\" data-end=\"1140\">1 display contient 36 Draft Booster<\/strong><br data-start=\"1140\" data-end=\"1143\" data-is-only-node=\"\">&#8211; <strong data-start=\"1145\" data-end=\"1191\">15 cartes Magic : The Gathering par Booster<\/strong><br data-start=\"1191\" data-end=\"1194\">&#8211; Chance d&#8217;obtenir des <strong data-start=\"1207\" data-end=\"1244\">cartes Rare, Mythic Rare et Foil<\/strong><br data-start=\"1244\" data-end=\"1247\">&#8211; Contient le nouveau type de carte <strong data-start=\"1277\" data-end=\"1287\">Battle<\/strong><br data-start=\"1287\" data-end=\"1290\">&#8211; Contient <strong data-start=\"1300\" data-end=\"1329\">des cartes Multiverse Legends<\/strong><br data-start=\"1329\" data-end=\"1332\">&#8211; Id\u00e9al pour les joueurs qui souhaitent jouer en <strong data-start=\"1102\" data-end=\"1140\">Draft Booster<\/strong>.        <strong data-start=\"1344\" data-end=\"1373\">Draft, Sealed et Collectionneur<\/strong><\/p>\n<p data-start=\"1375\" data-end=\"1570\">Avec le <strong data-start=\"1383\" data-end=\"1456\">Draft Booster Display March of the Machine (MOM) de Magic : The Gathering<\/strong>, plongez dans l&#8217;une des plus grandes batailles du multivers Magic et d\u00e9couvrez de puissantes cartes pour vos decks.<\/p>\n<\/li>\n<\/ul>\n","protected":false},"excerpt":{"rendered":"<p>Vivez l&#8217;apog\u00e9e \u00e9pique de l&#8217;invasion des Phyrexiens avec le Draft Booster Display de March of the Machine. De nombreux mondes<\/p>\n","protected":false},"featured_media":24884,"comment_status":"open","ping_status":"closed","template":"","meta":{"_acf_changed":false},"product_brand":[5158,5070],"product_cat":[9969,10207,9967,9991],"product_tag":[],"class_list":{"0":"post-321280","1":"product","2":"type-product","3":"status-publish","4":"has-post-thumbnail","6":"product_brand-magic-the-gathering","7":"product_brand-wizards-of-the-coast","8":"product_cat-booster-displays-fr","9":"product_cat-linvasion-des-machines","10":"product_cat-magic-the-gathering-fr","11":"product_cat-produits-par-lots-mtg","13":"first","14":"instock","15":"taxable","16":"shipping-taxable","17":"purchasable","18":"product-type-variable"},"acf":[],"yoast_head":"<!-- This site is optimized with the Yoast SEO plugin v27.4 - https:\/\/yoast.com\/product\/yoast-seo-wordpress\/ -->\n<title>Ach\u00e8te Magic : March of the Machine (MOM) - Draft Booster Display<\/title>\n<meta name=\"description\" content=\"Ach\u00e8te Magic : March of the Machine (MOM) - Draft Booster Display en ligne maintenant \u00e0 petit prix! Ton #1 shop pour cartes TCG &amp; Pok\u00e9mon en Suisse \u2713 Livraison gratuite d\u00e8s CHF 29\" \/>\n<meta name=\"robots\" content=\"index, follow, max-snippet:-1, max-image-preview:large, max-video-preview:-1\" \/>\n<link rel=\"canonical\" href=\"https:\/\/theuncommonshop.ch\/fr\/product\/magic-march-of-the-machine-mom-draft-booster-display-2\/\" \/>\n<meta property=\"og:locale\" content=\"fr_FR\" \/>\n<meta property=\"og:type\" content=\"article\" \/>\n<meta property=\"og:title\" content=\"Ach\u00e8te Magic : March of the Machine (MOM) - Draft Booster Display\" \/>\n<meta property=\"og:description\" content=\"Ach\u00e8te Magic : March of the Machine (MOM) - Draft Booster Display en ligne maintenant \u00e0 petit prix! Ton #1 shop pour cartes TCG &amp; Pok\u00e9mon en Suisse \u2713 Livraison gratuite d\u00e8s CHF 29\" \/>\n<meta property=\"og:url\" content=\"https:\/\/theuncommonshop.ch\/fr\/product\/magic-march-of-the-machine-mom-draft-booster-display-2\/\" \/>\n<meta property=\"og:site_name\" content=\"Largest trading card shop in Switzerland\" \/>\n<meta property=\"article:modified_time\" content=\"2026-03-29T15:01:37+00:00\" \/>\n<meta property=\"og:image\" content=\"https:\/\/theuncommonshop.ch\/wp-content\/uploads\/2025\/05\/3387493428.jpg\" \/>\n\t<meta property=\"og:image:width\" content=\"900\" \/>\n\t<meta property=\"og:image:height\" content=\"800\" \/>\n\t<meta property=\"og:image:type\" content=\"image\/jpeg\" \/>\n<meta name=\"twitter:card\" content=\"summary_large_image\" \/>\n<meta name=\"twitter:label1\" content=\"Disponibilit\u00e9\" \/>\n\t<meta name=\"twitter:data1\" content=\"En stock\" \/>\n<script type=\"application\/ld+json\" class=\"yoast-schema-graph\">{\"@context\":\"https:\\\/\\\/schema.org\",\"@graph\":[{\"@type\":\"WebPage\",\"@id\":\"https:\\\/\\\/theuncommonshop.ch\\\/fr\\\/product\\\/magic-march-of-the-machine-mom-draft-booster-display-2\\\/\",\"url\":\"https:\\\/\\\/theuncommonshop.ch\\\/fr\\\/product\\\/magic-march-of-the-machine-mom-draft-booster-display-2\\\/\",\"name\":\"Ach\u00e8te Magic : March of the Machine (MOM) - Draft Booster Display\",\"isPartOf\":{\"@id\":\"https:\\\/\\\/theuncommonshop.ch\\\/#website\"},\"primaryImageOfPage\":{\"@id\":\"https:\\\/\\\/theuncommonshop.ch\\\/fr\\\/product\\\/magic-march-of-the-machine-mom-draft-booster-display-2\\\/#primaryimage\"},\"image\":{\"@id\":\"https:\\\/\\\/theuncommonshop.ch\\\/fr\\\/product\\\/magic-march-of-the-machine-mom-draft-booster-display-2\\\/#primaryimage\"},\"thumbnailUrl\":\"https:\\\/\\\/theuncommonshop.ch\\\/wp-content\\\/uploads\\\/2025\\\/05\\\/3387493428.jpg\",\"datePublished\":\"2025-06-12T12:49:29+00:00\",\"dateModified\":\"2026-03-29T15:01:37+00:00\",\"description\":\"Ach\u00e8te Magic : March of the Machine (MOM) - Draft Booster Display en ligne maintenant \u00e0 petit prix! Ton #1 shop pour cartes TCG & Pok\u00e9mon en Suisse \u2713 Livraison gratuite d\u00e8s CHF 29\",\"breadcrumb\":{\"@id\":\"https:\\\/\\\/theuncommonshop.ch\\\/fr\\\/product\\\/magic-march-of-the-machine-mom-draft-booster-display-2\\\/#breadcrumb\"},\"inLanguage\":\"fr-FR\",\"potentialAction\":[{\"@type\":\"ReadAction\",\"target\":[\"https:\\\/\\\/theuncommonshop.ch\\\/fr\\\/product\\\/magic-march-of-the-machine-mom-draft-booster-display-2\\\/\"]}]},{\"@type\":\"ImageObject\",\"inLanguage\":\"fr-FR\",\"@id\":\"https:\\\/\\\/theuncommonshop.ch\\\/fr\\\/product\\\/magic-march-of-the-machine-mom-draft-booster-display-2\\\/#primaryimage\",\"url\":\"https:\\\/\\\/theuncommonshop.ch\\\/wp-content\\\/uploads\\\/2025\\\/05\\\/3387493428.jpg\",\"contentUrl\":\"https:\\\/\\\/theuncommonshop.ch\\\/wp-content\\\/uploads\\\/2025\\\/05\\\/3387493428.jpg\",\"width\":900,\"height\":800},{\"@type\":\"BreadcrumbList\",\"@id\":\"https:\\\/\\\/theuncommonshop.ch\\\/fr\\\/product\\\/magic-march-of-the-machine-mom-draft-booster-display-2\\\/#breadcrumb\",\"itemListElement\":[{\"@type\":\"ListItem\",\"position\":1,\"name\":\"Accueil\",\"item\":\"https:\\\/\\\/theuncommonshop.ch\\\/fr\\\/accueil\\\/\"},{\"@type\":\"ListItem\",\"position\":2,\"name\":\"Boutique\",\"item\":\"https:\\\/\\\/theuncommonshop.ch\\\/fr\\\/boutique\\\/\"},{\"@type\":\"ListItem\",\"position\":3,\"name\":\"Magic the Gathering\",\"item\":\"https:\\\/\\\/theuncommonshop.ch\\\/fr\\\/categorie-produit\\\/magic-the-gathering-fr\\\/\"},{\"@type\":\"ListItem\",\"position\":4,\"name\":\"Produits par lots\",\"item\":\"https:\\\/\\\/theuncommonshop.ch\\\/fr\\\/categorie-produit\\\/magic-the-gathering-fr\\\/produits-par-lots-mtg\\\/\"},{\"@type\":\"ListItem\",\"position\":5,\"name\":\"L'Invasion des Machines\",\"item\":\"https:\\\/\\\/theuncommonshop.ch\\\/fr\\\/categorie-produit\\\/magic-the-gathering-fr\\\/produits-par-lots-mtg\\\/linvasion-des-machines\\\/\"},{\"@type\":\"ListItem\",\"position\":6,\"name\":\"Magic : March of the Machine (MOM) &#8211; Draft Booster Display\"}]},{\"@type\":\"WebSite\",\"@id\":\"https:\\\/\\\/theuncommonshop.ch\\\/#website\",\"url\":\"https:\\\/\\\/theuncommonshop.ch\\\/\",\"name\":\"Largest trading card shop in Switzerland\",\"description\":\"Magic, Pok\u00e9mon and Yu-gi-oh - The Uncommon Shop\",\"potentialAction\":[{\"@type\":\"SearchAction\",\"target\":{\"@type\":\"EntryPoint\",\"urlTemplate\":\"https:\\\/\\\/theuncommonshop.ch\\\/?s={search_term_string}\"},\"query-input\":{\"@type\":\"PropertyValueSpecification\",\"valueRequired\":true,\"valueName\":\"search_term_string\"}}],\"inLanguage\":\"fr-FR\"}]}<\/script>\n<meta property=\"og:availability\" content=\"instock\" \/>\n<meta property=\"product:availability\" content=\"instock\" \/>\n<meta property=\"product:condition\" content=\"new\" \/>\n<!-- \/ Yoast SEO plugin. -->","yoast_head_json":{"title":"Ach\u00e8te Magic : March of the Machine (MOM) - Draft Booster Display","description":"Ach\u00e8te Magic : March of the Machine (MOM) - Draft Booster Display en ligne maintenant \u00e0 petit prix! Ton #1 shop pour cartes TCG & Pok\u00e9mon en Suisse \u2713 Livraison gratuite d\u00e8s CHF 29","robots":{"index":"index","follow":"follow","max-snippet":"max-snippet:-1","max-image-preview":"max-image-preview:large","max-video-preview":"max-video-preview:-1"},"canonical":"https:\/\/theuncommonshop.ch\/fr\/product\/magic-march-of-the-machine-mom-draft-booster-display-2\/","og_locale":"fr_FR","og_type":"article","og_title":"Ach\u00e8te Magic : March of the Machine (MOM) - Draft Booster Display","og_description":"Ach\u00e8te Magic : March of the Machine (MOM) - Draft Booster Display en ligne maintenant \u00e0 petit prix! Ton #1 shop pour cartes TCG & Pok\u00e9mon en Suisse \u2713 Livraison gratuite d\u00e8s CHF 29","og_url":"https:\/\/theuncommonshop.ch\/fr\/product\/magic-march-of-the-machine-mom-draft-booster-display-2\/","og_site_name":"Largest trading card shop in Switzerland","article_modified_time":"2026-03-29T15:01:37+00:00","og_image":[{"width":900,"height":800,"url":"https:\/\/theuncommonshop.ch\/wp-content\/uploads\/2025\/05\/3387493428.jpg","type":"image\/jpeg"}],"twitter_card":"summary_large_image","twitter_misc":{"Disponibilit\u00e9":"En stock"},"schema":{"@context":"https:\/\/schema.org","@graph":[{"@type":"WebPage","@id":"https:\/\/theuncommonshop.ch\/fr\/product\/magic-march-of-the-machine-mom-draft-booster-display-2\/","url":"https:\/\/theuncommonshop.ch\/fr\/product\/magic-march-of-the-machine-mom-draft-booster-display-2\/","name":"Ach\u00e8te Magic : March of the Machine (MOM) - Draft Booster Display","isPartOf":{"@id":"https:\/\/theuncommonshop.ch\/#website"},"primaryImageOfPage":{"@id":"https:\/\/theuncommonshop.ch\/fr\/product\/magic-march-of-the-machine-mom-draft-booster-display-2\/#primaryimage"},"image":{"@id":"https:\/\/theuncommonshop.ch\/fr\/product\/magic-march-of-the-machine-mom-draft-booster-display-2\/#primaryimage"},"thumbnailUrl":"https:\/\/theuncommonshop.ch\/wp-content\/uploads\/2025\/05\/3387493428.jpg","datePublished":"2025-06-12T12:49:29+00:00","dateModified":"2026-03-29T15:01:37+00:00","description":"Ach\u00e8te Magic : March of the Machine (MOM) - Draft Booster Display en ligne maintenant \u00e0 petit prix! Ton #1 shop pour cartes TCG & Pok\u00e9mon en Suisse \u2713 Livraison gratuite d\u00e8s CHF 29","breadcrumb":{"@id":"https:\/\/theuncommonshop.ch\/fr\/product\/magic-march-of-the-machine-mom-draft-booster-display-2\/#breadcrumb"},"inLanguage":"fr-FR","potentialAction":[{"@type":"ReadAction","target":["https:\/\/theuncommonshop.ch\/fr\/product\/magic-march-of-the-machine-mom-draft-booster-display-2\/"]}]},{"@type":"ImageObject","inLanguage":"fr-FR","@id":"https:\/\/theuncommonshop.ch\/fr\/product\/magic-march-of-the-machine-mom-draft-booster-display-2\/#primaryimage","url":"https:\/\/theuncommonshop.ch\/wp-content\/uploads\/2025\/05\/3387493428.jpg","contentUrl":"https:\/\/theuncommonshop.ch\/wp-content\/uploads\/2025\/05\/3387493428.jpg","width":900,"height":800},{"@type":"BreadcrumbList","@id":"https:\/\/theuncommonshop.ch\/fr\/product\/magic-march-of-the-machine-mom-draft-booster-display-2\/#breadcrumb","itemListElement":[{"@type":"ListItem","position":1,"name":"Accueil","item":"https:\/\/theuncommonshop.ch\/fr\/accueil\/"},{"@type":"ListItem","position":2,"name":"Boutique","item":"https:\/\/theuncommonshop.ch\/fr\/boutique\/"},{"@type":"ListItem","position":3,"name":"Magic the Gathering","item":"https:\/\/theuncommonshop.ch\/fr\/categorie-produit\/magic-the-gathering-fr\/"},{"@type":"ListItem","position":4,"name":"Produits par lots","item":"https:\/\/theuncommonshop.ch\/fr\/categorie-produit\/magic-the-gathering-fr\/produits-par-lots-mtg\/"},{"@type":"ListItem","position":5,"name":"L'Invasion des Machines","item":"https:\/\/theuncommonshop.ch\/fr\/categorie-produit\/magic-the-gathering-fr\/produits-par-lots-mtg\/linvasion-des-machines\/"},{"@type":"ListItem","position":6,"name":"Magic : March of the Machine (MOM) &#8211; Draft Booster Display"}]},{"@type":"WebSite","@id":"https:\/\/theuncommonshop.ch\/#website","url":"https:\/\/theuncommonshop.ch\/","name":"Largest trading card shop in Switzerland","description":"Magic, Pok\u00e9mon and Yu-gi-oh - The Uncommon Shop","potentialAction":[{"@type":"SearchAction","target":{"@type":"EntryPoint","urlTemplate":"https:\/\/theuncommonshop.ch\/?s={search_term_string}"},"query-input":{"@type":"PropertyValueSpecification","valueRequired":true,"valueName":"search_term_string"}}],"inLanguage":"fr-FR"}]},"og_availability":"instock","product_availability":"instock","product_condition":"new"},"_links":{"self":[{"href":"https:\/\/theuncommonshop.ch\/fr\/wp-json\/wp\/v2\/product\/321280","targetHints":{"allow":["GET"]}}],"collection":[{"href":"https:\/\/theuncommonshop.ch\/fr\/wp-json\/wp\/v2\/product"}],"about":[{"href":"https:\/\/theuncommonshop.ch\/fr\/wp-json\/wp\/v2\/types\/product"}],"replies":[{"embeddable":true,"href":"https:\/\/theuncommonshop.ch\/fr\/wp-json\/wp\/v2\/comments?post=321280"}],"version-history":[{"count":2,"href":"https:\/\/theuncommonshop.ch\/fr\/wp-json\/wp\/v2\/product\/321280\/revisions"}],"predecessor-version":[{"id":357834,"href":"https:\/\/theuncommonshop.ch\/fr\/wp-json\/wp\/v2\/product\/321280\/revisions\/357834"}],"wp:featuredmedia":[{"embeddable":true,"href":"https:\/\/theuncommonshop.ch\/fr\/wp-json\/wp\/v2\/media\/24884"}],"wp:attachment":[{"href":"https:\/\/theuncommonshop.ch\/fr\/wp-json\/wp\/v2\/media?parent=321280"}],"wp:term":[{"taxonomy":"product_brand","embeddable":true,"href":"https:\/\/theuncommonshop.ch\/fr\/wp-json\/wp\/v2\/product_brand?post=321280"},{"taxonomy":"product_cat","embeddable":true,"href":"https:\/\/theuncommonshop.ch\/fr\/wp-json\/wp\/v2\/product_cat?post=321280"},{"taxonomy":"product_tag","embeddable":true,"href":"https:\/\/theuncommonshop.ch\/fr\/wp-json\/wp\/v2\/product_tag?post=321280"}],"curies":[{"name":"wp","href":"https:\/\/api.w.org\/{rel}","templated":true}]}}