{"id":321272,"date":"2025-06-12T12:47:30","date_gmt":"2025-06-12T12:47:30","guid":{"rendered":"http:\/\/theuncommonshop.ch\/produkt\/321272\/"},"modified":"2026-04-13T23:19:07","modified_gmt":"2026-04-13T21:19:07","slug":"pokemon-sword-shield-champions-path-swsh3-5-elite-trainer-box-2","status":"publish","type":"product","link":"https:\/\/theuncommonshop.ch\/fr\/product\/pokemon-sword-shield-champions-path-swsh3-5-elite-trainer-box-2\/","title":{"rendered":"Pok\u00e9mon &#8211; Sword &amp; Shield &#8211; Champions Path (SWSH3.5) &#8211; Elite Trainer Box"},"content":{"rendered":"<p><strong>Pok\u00e9mon &#8211; Schwert &amp; Schild &#8211; Weg des Champs (SWSH3.5) &#8211; Top Trainer Box<\/strong><\/p>\n<p>Faites le premier pas pour vaincre tous vos rivaux et prouver votre valeur ! Des Dresseurs comme Bede et Marnie vous d\u00e9fieront au cours de votre voyage \u00e0 travers la r\u00e9gion de Galar, et de nouveaux Pok\u00e9mon sauvages renforceront vos strat\u00e9gies pour affronter de puissants Ma\u00eetres d&#8217;Ar\u00e8ne dans des stades remplis de fans en d\u00e9lire. D\u00e9couvrez Venusaur, Lucario et Incineroar en tant que nouveaux Pok\u00e9mon V-Plus Gigantamax comme Drednaw VMAX et Alcremie VMAX ! Montrez vos talents et votre ma\u00eetrise avec l&#8217;extension Pok\u00e9mon TCG : Champion&#8217;s Path !   <\/p>\n<p><strong>La Pok\u00e9mon TCG : Champion&#8217;s Path Elite Trainer Box contient :<\/strong><\/p>\n<ul>\n<li>10 Booster Packs Pok\u00e9mon TCG : Chemin des Champions<\/li>\n<li>1 carte promo plein \u00e9cran avec Charizard V<\/li>\n<li>65 pochettes de cartes avec Charizard Gigantamax<\/li>\n<li>45 cartes d&#8217;\u00e9nergie du jeu de cartes \u00e0 collectionner Pok\u00e9mon<\/li>\n<li>Un guide de jeu pour l&#8217;extension &#8220;Champion&#8217;s Path<\/li>\n<li>Un livre de r\u00e8gles du jeu de cartes \u00e0 collectionner Pok\u00e9mon<\/li>\n<li>6 cubes marqueurs de d\u00e9g\u00e2ts<\/li>\n<li>1 d\u00e9 \u00e0 pile ou face adapt\u00e9 \u00e0 la comp\u00e9tition<\/li>\n<li>2 marqueurs d&#8217;\u00e9tat en acrylique<\/li>\n<li>Une bo\u00eete de collection pour stocker toutes les pi\u00e8ces avec 4 s\u00e9parateurs pour une organisation claire<\/li>\n<li>Une carte de code pour le jeu de cartes \u00e0 collectionner Pok\u00e9mon en ligne<\/li>\n<\/ul>\n","protected":false},"excerpt":{"rendered":"<p>Pok\u00e9mon &#8211; Schwert &amp; Schild &#8211; Weg des Champs (SWSH3.5) &#8211; Top Trainer Box Faites le premier pas pour vaincre<\/p>\n","protected":false},"featured_media":24816,"comment_status":"open","ping_status":"closed","template":"","meta":{"_acf_changed":false},"product_brand":[5114,5072],"product_cat":[9809,10117],"product_tag":[],"class_list":{"0":"post-321272","1":"product","2":"type-product","3":"status-publish","4":"has-post-thumbnail","6":"product_brand-pokemon","7":"product_brand-the-pokemon-company","8":"product_cat-coffret-dresseur-delite","9":"product_cat-swsh35-la-voie-du-maitre","11":"first","12":"instock","13":"taxable","14":"shipping-taxable","15":"purchasable","16":"product-type-variable"},"acf":[],"yoast_head":"<!-- This site is optimized with the Yoast SEO plugin v27.4 - https:\/\/yoast.com\/product\/yoast-seo-wordpress\/ -->\n<title>Ach\u00e8te Pok\u00e9mon - Sword &amp; Shield - Champions Path (SWSH3.5) - Elite Trainer Box<\/title>\n<meta name=\"description\" content=\"Ach\u00e8te Pok\u00e9mon - Sword &amp; Shield - Champions Path (SWSH3.5) - Elite Trainer Box en ligne maintenant \u00e0 petit prix! Ton #1 shop pour cartes TCG &amp; Pok\u00e9mon en Suisse \u2713 Livraison gratuite d\u00e8s CHF 29\" \/>\n<meta name=\"robots\" content=\"index, follow, max-snippet:-1, max-image-preview:large, max-video-preview:-1\" \/>\n<link rel=\"canonical\" href=\"https:\/\/theuncommonshop.ch\/fr\/product\/pokemon-sword-shield-champions-path-swsh3-5-elite-trainer-box-2\/\" \/>\n<meta property=\"og:locale\" content=\"fr_FR\" \/>\n<meta property=\"og:type\" content=\"article\" \/>\n<meta property=\"og:title\" content=\"Ach\u00e8te Pok\u00e9mon - Sword &amp; Shield - Champions Path (SWSH3.5) - Elite Trainer Box\" \/>\n<meta property=\"og:description\" content=\"Ach\u00e8te Pok\u00e9mon - Sword &amp; Shield - Champions Path (SWSH3.5) - Elite Trainer Box en ligne maintenant \u00e0 petit prix! Ton #1 shop pour cartes TCG &amp; Pok\u00e9mon en Suisse \u2713 Livraison gratuite d\u00e8s CHF 29\" \/>\n<meta property=\"og:url\" content=\"https:\/\/theuncommonshop.ch\/fr\/product\/pokemon-sword-shield-champions-path-swsh3-5-elite-trainer-box-2\/\" \/>\n<meta property=\"og:site_name\" content=\"Largest trading card shop in Switzerland\" \/>\n<meta property=\"article:modified_time\" content=\"2026-04-13T21:19:07+00:00\" \/>\n<meta property=\"og:image\" content=\"https:\/\/theuncommonshop.ch\/wp-content\/uploads\/2025\/05\/1556300482.jpg\" \/>\n\t<meta property=\"og:image:width\" content=\"900\" \/>\n\t<meta property=\"og:image:height\" content=\"900\" \/>\n\t<meta property=\"og:image:type\" content=\"image\/jpeg\" \/>\n<meta name=\"twitter:card\" content=\"summary_large_image\" \/>\n<meta name=\"twitter:label1\" content=\"Disponibilit\u00e9\" \/>\n\t<meta name=\"twitter:data1\" content=\"En stock\" \/>\n<script type=\"application\/ld+json\" class=\"yoast-schema-graph\">{\"@context\":\"https:\\\/\\\/schema.org\",\"@graph\":[{\"@type\":\"WebPage\",\"@id\":\"https:\\\/\\\/theuncommonshop.ch\\\/fr\\\/product\\\/pokemon-sword-shield-champions-path-swsh3-5-elite-trainer-box-2\\\/\",\"url\":\"https:\\\/\\\/theuncommonshop.ch\\\/fr\\\/product\\\/pokemon-sword-shield-champions-path-swsh3-5-elite-trainer-box-2\\\/\",\"name\":\"Ach\u00e8te Pok\u00e9mon - Sword &amp; Shield - Champions Path (SWSH3.5) - Elite Trainer Box\",\"isPartOf\":{\"@id\":\"https:\\\/\\\/theuncommonshop.ch\\\/#website\"},\"primaryImageOfPage\":{\"@id\":\"https:\\\/\\\/theuncommonshop.ch\\\/fr\\\/product\\\/pokemon-sword-shield-champions-path-swsh3-5-elite-trainer-box-2\\\/#primaryimage\"},\"image\":{\"@id\":\"https:\\\/\\\/theuncommonshop.ch\\\/fr\\\/product\\\/pokemon-sword-shield-champions-path-swsh3-5-elite-trainer-box-2\\\/#primaryimage\"},\"thumbnailUrl\":\"https:\\\/\\\/theuncommonshop.ch\\\/wp-content\\\/uploads\\\/2025\\\/05\\\/1556300482.jpg\",\"datePublished\":\"2025-06-12T12:47:30+00:00\",\"dateModified\":\"2026-04-13T21:19:07+00:00\",\"description\":\"Ach\u00e8te Pok\u00e9mon - Sword &amp; Shield - Champions Path (SWSH3.5) - Elite Trainer Box en ligne maintenant \u00e0 petit prix! Ton #1 shop pour cartes TCG & Pok\u00e9mon en Suisse \u2713 Livraison gratuite d\u00e8s CHF 29\",\"breadcrumb\":{\"@id\":\"https:\\\/\\\/theuncommonshop.ch\\\/fr\\\/product\\\/pokemon-sword-shield-champions-path-swsh3-5-elite-trainer-box-2\\\/#breadcrumb\"},\"inLanguage\":\"fr-FR\",\"potentialAction\":[{\"@type\":\"ReadAction\",\"target\":[\"https:\\\/\\\/theuncommonshop.ch\\\/fr\\\/product\\\/pokemon-sword-shield-champions-path-swsh3-5-elite-trainer-box-2\\\/\"]}]},{\"@type\":\"ImageObject\",\"inLanguage\":\"fr-FR\",\"@id\":\"https:\\\/\\\/theuncommonshop.ch\\\/fr\\\/product\\\/pokemon-sword-shield-champions-path-swsh3-5-elite-trainer-box-2\\\/#primaryimage\",\"url\":\"https:\\\/\\\/theuncommonshop.ch\\\/wp-content\\\/uploads\\\/2025\\\/05\\\/1556300482.jpg\",\"contentUrl\":\"https:\\\/\\\/theuncommonshop.ch\\\/wp-content\\\/uploads\\\/2025\\\/05\\\/1556300482.jpg\",\"width\":900,\"height\":900},{\"@type\":\"BreadcrumbList\",\"@id\":\"https:\\\/\\\/theuncommonshop.ch\\\/fr\\\/product\\\/pokemon-sword-shield-champions-path-swsh3-5-elite-trainer-box-2\\\/#breadcrumb\",\"itemListElement\":[{\"@type\":\"ListItem\",\"position\":1,\"name\":\"Accueil\",\"item\":\"https:\\\/\\\/theuncommonshop.ch\\\/fr\\\/accueil\\\/\"},{\"@type\":\"ListItem\",\"position\":2,\"name\":\"Boutique\",\"item\":\"https:\\\/\\\/theuncommonshop.ch\\\/fr\\\/boutique\\\/\"},{\"@type\":\"ListItem\",\"position\":3,\"name\":\"Pok\u00e9mon\",\"item\":\"https:\\\/\\\/theuncommonshop.ch\\\/produktkategorie\\\/pokemon\\\/\"},{\"@type\":\"ListItem\",\"position\":4,\"name\":\"Produkte nach Sets\",\"item\":\"https:\\\/\\\/theuncommonshop.ch\\\/produktkategorie\\\/pokemon\\\/produkte-nach-sets\\\/\"},{\"@type\":\"ListItem\",\"position\":5,\"name\":\"Schwert & Schild\",\"item\":\"https:\\\/\\\/theuncommonshop.ch\\\/produktkategorie\\\/pokemon\\\/produkte-nach-sets\\\/schwert-und-schild-aera\\\/\"},{\"@type\":\"ListItem\",\"position\":6,\"name\":\"SWSH3.5 Weg des Champs\",\"item\":\"https:\\\/\\\/theuncommonshop.ch\\\/produktkategorie\\\/pokemon\\\/produkte-nach-sets\\\/schwert-und-schild-aera\\\/swsh3-5-champions-path\\\/\"},{\"@type\":\"ListItem\",\"position\":7,\"name\":\"Pok\u00e9mon &#8211; Sword &amp; Shield &#8211; Champions Path (SWSH3.5) &#8211; Elite Trainer Box\"}]},{\"@type\":\"WebSite\",\"@id\":\"https:\\\/\\\/theuncommonshop.ch\\\/#website\",\"url\":\"https:\\\/\\\/theuncommonshop.ch\\\/\",\"name\":\"Largest trading card shop in Switzerland\",\"description\":\"Magic, Pok\u00e9mon and Yu-gi-oh - The Uncommon Shop\",\"potentialAction\":[{\"@type\":\"SearchAction\",\"target\":{\"@type\":\"EntryPoint\",\"urlTemplate\":\"https:\\\/\\\/theuncommonshop.ch\\\/?s={search_term_string}\"},\"query-input\":{\"@type\":\"PropertyValueSpecification\",\"valueRequired\":true,\"valueName\":\"search_term_string\"}}],\"inLanguage\":\"fr-FR\"}]}<\/script>\n<meta property=\"og:availability\" content=\"instock\" \/>\n<meta property=\"product:availability\" content=\"instock\" \/>\n<meta property=\"product:condition\" content=\"new\" \/>\n<!-- \/ Yoast SEO plugin. -->","yoast_head_json":{"title":"Ach\u00e8te Pok\u00e9mon - Sword &amp; Shield - Champions Path (SWSH3.5) - Elite Trainer Box","description":"Ach\u00e8te Pok\u00e9mon - Sword &amp; Shield - Champions Path (SWSH3.5) - Elite Trainer Box en ligne maintenant \u00e0 petit prix! Ton #1 shop pour cartes TCG & Pok\u00e9mon en Suisse \u2713 Livraison gratuite d\u00e8s CHF 29","robots":{"index":"index","follow":"follow","max-snippet":"max-snippet:-1","max-image-preview":"max-image-preview:large","max-video-preview":"max-video-preview:-1"},"canonical":"https:\/\/theuncommonshop.ch\/fr\/product\/pokemon-sword-shield-champions-path-swsh3-5-elite-trainer-box-2\/","og_locale":"fr_FR","og_type":"article","og_title":"Ach\u00e8te Pok\u00e9mon - Sword &amp; Shield - Champions Path (SWSH3.5) - Elite Trainer Box","og_description":"Ach\u00e8te Pok\u00e9mon - Sword &amp; Shield - Champions Path (SWSH3.5) - Elite Trainer Box en ligne maintenant \u00e0 petit prix! Ton #1 shop pour cartes TCG & Pok\u00e9mon en Suisse \u2713 Livraison gratuite d\u00e8s CHF 29","og_url":"https:\/\/theuncommonshop.ch\/fr\/product\/pokemon-sword-shield-champions-path-swsh3-5-elite-trainer-box-2\/","og_site_name":"Largest trading card shop in Switzerland","article_modified_time":"2026-04-13T21:19:07+00:00","og_image":[{"width":900,"height":900,"url":"https:\/\/theuncommonshop.ch\/wp-content\/uploads\/2025\/05\/1556300482.jpg","type":"image\/jpeg"}],"twitter_card":"summary_large_image","twitter_misc":{"Disponibilit\u00e9":"En stock"},"schema":{"@context":"https:\/\/schema.org","@graph":[{"@type":"WebPage","@id":"https:\/\/theuncommonshop.ch\/fr\/product\/pokemon-sword-shield-champions-path-swsh3-5-elite-trainer-box-2\/","url":"https:\/\/theuncommonshop.ch\/fr\/product\/pokemon-sword-shield-champions-path-swsh3-5-elite-trainer-box-2\/","name":"Ach\u00e8te Pok\u00e9mon - Sword &amp; Shield - Champions Path (SWSH3.5) - Elite Trainer Box","isPartOf":{"@id":"https:\/\/theuncommonshop.ch\/#website"},"primaryImageOfPage":{"@id":"https:\/\/theuncommonshop.ch\/fr\/product\/pokemon-sword-shield-champions-path-swsh3-5-elite-trainer-box-2\/#primaryimage"},"image":{"@id":"https:\/\/theuncommonshop.ch\/fr\/product\/pokemon-sword-shield-champions-path-swsh3-5-elite-trainer-box-2\/#primaryimage"},"thumbnailUrl":"https:\/\/theuncommonshop.ch\/wp-content\/uploads\/2025\/05\/1556300482.jpg","datePublished":"2025-06-12T12:47:30+00:00","dateModified":"2026-04-13T21:19:07+00:00","description":"Ach\u00e8te Pok\u00e9mon - Sword &amp; Shield - Champions Path (SWSH3.5) - Elite Trainer Box en ligne maintenant \u00e0 petit prix! Ton #1 shop pour cartes TCG & Pok\u00e9mon en Suisse \u2713 Livraison gratuite d\u00e8s CHF 29","breadcrumb":{"@id":"https:\/\/theuncommonshop.ch\/fr\/product\/pokemon-sword-shield-champions-path-swsh3-5-elite-trainer-box-2\/#breadcrumb"},"inLanguage":"fr-FR","potentialAction":[{"@type":"ReadAction","target":["https:\/\/theuncommonshop.ch\/fr\/product\/pokemon-sword-shield-champions-path-swsh3-5-elite-trainer-box-2\/"]}]},{"@type":"ImageObject","inLanguage":"fr-FR","@id":"https:\/\/theuncommonshop.ch\/fr\/product\/pokemon-sword-shield-champions-path-swsh3-5-elite-trainer-box-2\/#primaryimage","url":"https:\/\/theuncommonshop.ch\/wp-content\/uploads\/2025\/05\/1556300482.jpg","contentUrl":"https:\/\/theuncommonshop.ch\/wp-content\/uploads\/2025\/05\/1556300482.jpg","width":900,"height":900},{"@type":"BreadcrumbList","@id":"https:\/\/theuncommonshop.ch\/fr\/product\/pokemon-sword-shield-champions-path-swsh3-5-elite-trainer-box-2\/#breadcrumb","itemListElement":[{"@type":"ListItem","position":1,"name":"Accueil","item":"https:\/\/theuncommonshop.ch\/fr\/accueil\/"},{"@type":"ListItem","position":2,"name":"Boutique","item":"https:\/\/theuncommonshop.ch\/fr\/boutique\/"},{"@type":"ListItem","position":3,"name":"Pok\u00e9mon","item":"https:\/\/theuncommonshop.ch\/produktkategorie\/pokemon\/"},{"@type":"ListItem","position":4,"name":"Produkte nach Sets","item":"https:\/\/theuncommonshop.ch\/produktkategorie\/pokemon\/produkte-nach-sets\/"},{"@type":"ListItem","position":5,"name":"Schwert & Schild","item":"https:\/\/theuncommonshop.ch\/produktkategorie\/pokemon\/produkte-nach-sets\/schwert-und-schild-aera\/"},{"@type":"ListItem","position":6,"name":"SWSH3.5 Weg des Champs","item":"https:\/\/theuncommonshop.ch\/produktkategorie\/pokemon\/produkte-nach-sets\/schwert-und-schild-aera\/swsh3-5-champions-path\/"},{"@type":"ListItem","position":7,"name":"Pok\u00e9mon &#8211; Sword &amp; Shield &#8211; Champions Path (SWSH3.5) &#8211; Elite Trainer Box"}]},{"@type":"WebSite","@id":"https:\/\/theuncommonshop.ch\/#website","url":"https:\/\/theuncommonshop.ch\/","name":"Largest trading card shop in Switzerland","description":"Magic, Pok\u00e9mon and Yu-gi-oh - The Uncommon Shop","potentialAction":[{"@type":"SearchAction","target":{"@type":"EntryPoint","urlTemplate":"https:\/\/theuncommonshop.ch\/?s={search_term_string}"},"query-input":{"@type":"PropertyValueSpecification","valueRequired":true,"valueName":"search_term_string"}}],"inLanguage":"fr-FR"}]},"og_availability":"instock","product_availability":"instock","product_condition":"new"},"_links":{"self":[{"href":"https:\/\/theuncommonshop.ch\/fr\/wp-json\/wp\/v2\/product\/321272","targetHints":{"allow":["GET"]}}],"collection":[{"href":"https:\/\/theuncommonshop.ch\/fr\/wp-json\/wp\/v2\/product"}],"about":[{"href":"https:\/\/theuncommonshop.ch\/fr\/wp-json\/wp\/v2\/types\/product"}],"replies":[{"embeddable":true,"href":"https:\/\/theuncommonshop.ch\/fr\/wp-json\/wp\/v2\/comments?post=321272"}],"version-history":[{"count":2,"href":"https:\/\/theuncommonshop.ch\/fr\/wp-json\/wp\/v2\/product\/321272\/revisions"}],"predecessor-version":[{"id":354308,"href":"https:\/\/theuncommonshop.ch\/fr\/wp-json\/wp\/v2\/product\/321272\/revisions\/354308"}],"wp:featuredmedia":[{"embeddable":true,"href":"https:\/\/theuncommonshop.ch\/fr\/wp-json\/wp\/v2\/media\/24816"}],"wp:attachment":[{"href":"https:\/\/theuncommonshop.ch\/fr\/wp-json\/wp\/v2\/media?parent=321272"}],"wp:term":[{"taxonomy":"product_brand","embeddable":true,"href":"https:\/\/theuncommonshop.ch\/fr\/wp-json\/wp\/v2\/product_brand?post=321272"},{"taxonomy":"product_cat","embeddable":true,"href":"https:\/\/theuncommonshop.ch\/fr\/wp-json\/wp\/v2\/product_cat?post=321272"},{"taxonomy":"product_tag","embeddable":true,"href":"https:\/\/theuncommonshop.ch\/fr\/wp-json\/wp\/v2\/product_tag?post=321272"}],"curies":[{"name":"wp","href":"https:\/\/api.w.org\/{rel}","templated":true}]}}