{"id":321265,"date":"2025-06-12T12:49:02","date_gmt":"2025-06-12T12:49:02","guid":{"rendered":"http:\/\/theuncommonshop.ch\/produkt\/321265\/"},"modified":"2026-03-29T17:02:13","modified_gmt":"2026-03-29T15:02:13","slug":"magic-march-of-the-machine-mom-jumpstart-booster-display-2","status":"publish","type":"product","link":"https:\/\/theuncommonshop.ch\/fr\/product\/magic-march-of-the-machine-mom-jumpstart-booster-display-2\/","title":{"rendered":"Magic &#8211; March of the Machine (MOM) &#8211; Jumpstart Booster Display"},"content":{"rendered":"<p data-start=\"80\" data-end=\"407\">Participez \u00e0 une bataille \u00e9pique dans tout le multivers avec le <strong data-start=\"140\" data-end=\"169\">Jumpstart Booster Display<\/strong> de <strong data-start=\"174\" data-end=\"215\"><span class=\"hover:entity-accent entity-underline inline cursor-pointer align-baseline\"><span class=\"whitespace-normal\">March of the Machine<\/span><\/span><\/strong>. Dans ce set, les \u00e9v\u00e9nements li\u00e9s aux Phyrexiens atteignent leur apog\u00e9e et de nombreux mondes du Multivers Magic sont confront\u00e9s au choix entre la r\u00e9sistance ou la destruction. <\/p>\n<p data-start=\"409\" data-end=\"678\">Les <strong data-start=\"413\" data-end=\"434\">Boosters Jumpstart<\/strong> offrent un moyen rapide et facile de jouer \u00e0 Magic. Chaque Booster contient un <strong data-start=\"526\" data-end=\"552\">mini deck th\u00e9matique<\/strong> pr\u00eat \u00e0 jouer. Il suffit d&#8217;ouvrir <strong data-start=\"596\" data-end=\"612\">deux Boosters<\/strong>, de les m\u00e9langer et vous pouvez commencer \u00e0 jouer directement.  <\/p>\n<p data-start=\"680\" data-end=\"882\">Les th\u00e8mes des Boosters sont bas\u00e9s sur diff\u00e9rentes couleurs et strat\u00e9gies de <strong data-start=\"756\" data-end=\"780\">March of the Machine<\/strong> et offrent une exp\u00e9rience de jeu vari\u00e9e pour les d\u00e9butants comme pour les joueurs exp\u00e9riment\u00e9s.<\/p>\n<h3 data-start=\"884\" data-end=\"902\">D\u00e9tails du produit<\/h3>\n<p data-start=\"904\" data-end=\"1287\">&#8211; <strong data-start=\"906\" data-end=\"914\">Set :<\/strong> March of the Machine <br data-start=\"935\" data-end=\"938\">&#8211; <strong data-start=\"940\" data-end=\"959\">Nom allemand :<\/strong> Marsch der Maschinen <br data-start=\"979\" data-end=\"982\">&#8211;  <strong data-start=\"984\" data-end=\"997\">Code de l&#8217;ensemble :<\/strong> <strong data-start=\"998\" data-end=\"1005\">MOM<\/strong><br data-start=\"1005\" data-end=\"1008\">&#8211;  <strong data-start=\"1010\" data-end=\"1052\">1 pr\u00e9sentoir contient 18 Boosters Jumpstart<\/strong><br data-start=\"1052\" data-end=\"1055\" data-is-only-node=\"\">&#8211;  <strong data-start=\"1057\" data-end=\"1103\">20 cartes Magic : The Gathering par Booster<\/strong><br data-start=\"1103\" data-end=\"1106\">&#8211; Chaque Booster contient un  <strong data-start=\"1134\" data-end=\"1165\">deck Jumpstart th\u00e9matique<\/strong><br data-start=\"1165\" data-end=\"1168\">&#8211; Simple  <strong data-start=\"1178\" data-end=\"1222\">Combiner 2 Boosters et jouer directement<\/strong><br data-start=\"1222\" data-end=\"1225\">&#8211; Parfaitement adapt\u00e9 aux  <strong data-start=\"1248\" data-end=\"1287\">D\u00e9butants, jeux occasionnels et Event<\/strong><\/p>\n<p data-start=\"1289\" data-end=\"1490\">Avec le <strong data-start=\"1297\" data-end=\"1374\">Jumpstart Booster Display de Magic : The Gathering March of the Machine (MOM)<\/strong>, vous pouvez vous plonger imm\u00e9diatement dans la bataille d\u00e9cisive du multivers et vivre des parties Jumpstart passionnantes.<\/p>\n","protected":false},"excerpt":{"rendered":"<p>Participez \u00e0 une bataille \u00e9pique dans tout le multivers avec le Jumpstart Booster Display de March of the Machine. Dans<\/p>\n","protected":false},"featured_media":24866,"comment_status":"open","ping_status":"closed","template":"","meta":{"_acf_changed":false},"product_brand":[5158,5070],"product_cat":[9969,10207,9967,9991],"product_tag":[],"class_list":{"0":"post-321265","1":"product","2":"type-product","3":"status-publish","4":"has-post-thumbnail","6":"product_brand-magic-the-gathering","7":"product_brand-wizards-of-the-coast","8":"product_cat-booster-displays-fr","9":"product_cat-linvasion-des-machines","10":"product_cat-magic-the-gathering-fr","11":"product_cat-produits-par-lots-mtg","13":"first","14":"instock","15":"taxable","16":"shipping-taxable","17":"purchasable","18":"product-type-variable"},"acf":[],"yoast_head":"<!-- This site is optimized with the Yoast SEO plugin v27.4 - https:\/\/yoast.com\/product\/yoast-seo-wordpress\/ -->\n<title>Ach\u00e8te Magic - March of the Machine (MOM) - Jumpstart Booster Display<\/title>\n<meta name=\"description\" content=\"Ach\u00e8te Magic - March of the Machine (MOM) - Jumpstart Booster Display en ligne maintenant \u00e0 petit prix! Ton #1 shop pour cartes TCG &amp; Pok\u00e9mon en Suisse \u2713 Livraison gratuite d\u00e8s CHF 29\" \/>\n<meta name=\"robots\" content=\"index, follow, max-snippet:-1, max-image-preview:large, max-video-preview:-1\" \/>\n<link rel=\"canonical\" href=\"https:\/\/theuncommonshop.ch\/fr\/product\/magic-march-of-the-machine-mom-jumpstart-booster-display-2\/\" \/>\n<meta property=\"og:locale\" content=\"fr_FR\" \/>\n<meta property=\"og:type\" content=\"article\" \/>\n<meta property=\"og:title\" content=\"Ach\u00e8te Magic - March of the Machine (MOM) - Jumpstart Booster Display\" \/>\n<meta property=\"og:description\" content=\"Ach\u00e8te Magic - March of the Machine (MOM) - Jumpstart Booster Display en ligne maintenant \u00e0 petit prix! Ton #1 shop pour cartes TCG &amp; Pok\u00e9mon en Suisse \u2713 Livraison gratuite d\u00e8s CHF 29\" \/>\n<meta property=\"og:url\" content=\"https:\/\/theuncommonshop.ch\/fr\/product\/magic-march-of-the-machine-mom-jumpstart-booster-display-2\/\" \/>\n<meta property=\"og:site_name\" content=\"Largest trading card shop in Switzerland\" \/>\n<meta property=\"article:modified_time\" content=\"2026-03-29T15:02:13+00:00\" \/>\n<meta property=\"og:image\" content=\"https:\/\/theuncommonshop.ch\/wp-content\/uploads\/2025\/05\/3387598765.jpg\" \/>\n\t<meta property=\"og:image:width\" content=\"900\" \/>\n\t<meta property=\"og:image:height\" content=\"683\" \/>\n\t<meta property=\"og:image:type\" content=\"image\/jpeg\" \/>\n<meta name=\"twitter:card\" content=\"summary_large_image\" \/>\n<meta name=\"twitter:label1\" content=\"Disponibilit\u00e9\" \/>\n\t<meta name=\"twitter:data1\" content=\"En stock\" \/>\n<script type=\"application\/ld+json\" class=\"yoast-schema-graph\">{\"@context\":\"https:\\\/\\\/schema.org\",\"@graph\":[{\"@type\":\"WebPage\",\"@id\":\"https:\\\/\\\/theuncommonshop.ch\\\/fr\\\/product\\\/magic-march-of-the-machine-mom-jumpstart-booster-display-2\\\/\",\"url\":\"https:\\\/\\\/theuncommonshop.ch\\\/fr\\\/product\\\/magic-march-of-the-machine-mom-jumpstart-booster-display-2\\\/\",\"name\":\"Ach\u00e8te Magic - March of the Machine (MOM) - Jumpstart Booster Display\",\"isPartOf\":{\"@id\":\"https:\\\/\\\/theuncommonshop.ch\\\/#website\"},\"primaryImageOfPage\":{\"@id\":\"https:\\\/\\\/theuncommonshop.ch\\\/fr\\\/product\\\/magic-march-of-the-machine-mom-jumpstart-booster-display-2\\\/#primaryimage\"},\"image\":{\"@id\":\"https:\\\/\\\/theuncommonshop.ch\\\/fr\\\/product\\\/magic-march-of-the-machine-mom-jumpstart-booster-display-2\\\/#primaryimage\"},\"thumbnailUrl\":\"https:\\\/\\\/theuncommonshop.ch\\\/wp-content\\\/uploads\\\/2025\\\/05\\\/3387598765.jpg\",\"datePublished\":\"2025-06-12T12:49:02+00:00\",\"dateModified\":\"2026-03-29T15:02:13+00:00\",\"description\":\"Ach\u00e8te Magic - March of the Machine (MOM) - Jumpstart Booster Display en ligne maintenant \u00e0 petit prix! Ton #1 shop pour cartes TCG & Pok\u00e9mon en Suisse \u2713 Livraison gratuite d\u00e8s CHF 29\",\"breadcrumb\":{\"@id\":\"https:\\\/\\\/theuncommonshop.ch\\\/fr\\\/product\\\/magic-march-of-the-machine-mom-jumpstart-booster-display-2\\\/#breadcrumb\"},\"inLanguage\":\"fr-FR\",\"potentialAction\":[{\"@type\":\"ReadAction\",\"target\":[\"https:\\\/\\\/theuncommonshop.ch\\\/fr\\\/product\\\/magic-march-of-the-machine-mom-jumpstart-booster-display-2\\\/\"]}]},{\"@type\":\"ImageObject\",\"inLanguage\":\"fr-FR\",\"@id\":\"https:\\\/\\\/theuncommonshop.ch\\\/fr\\\/product\\\/magic-march-of-the-machine-mom-jumpstart-booster-display-2\\\/#primaryimage\",\"url\":\"https:\\\/\\\/theuncommonshop.ch\\\/wp-content\\\/uploads\\\/2025\\\/05\\\/3387598765.jpg\",\"contentUrl\":\"https:\\\/\\\/theuncommonshop.ch\\\/wp-content\\\/uploads\\\/2025\\\/05\\\/3387598765.jpg\",\"width\":900,\"height\":683},{\"@type\":\"BreadcrumbList\",\"@id\":\"https:\\\/\\\/theuncommonshop.ch\\\/fr\\\/product\\\/magic-march-of-the-machine-mom-jumpstart-booster-display-2\\\/#breadcrumb\",\"itemListElement\":[{\"@type\":\"ListItem\",\"position\":1,\"name\":\"Accueil\",\"item\":\"https:\\\/\\\/theuncommonshop.ch\\\/fr\\\/accueil\\\/\"},{\"@type\":\"ListItem\",\"position\":2,\"name\":\"Boutique\",\"item\":\"https:\\\/\\\/theuncommonshop.ch\\\/fr\\\/boutique\\\/\"},{\"@type\":\"ListItem\",\"position\":3,\"name\":\"Magic the Gathering\",\"item\":\"https:\\\/\\\/theuncommonshop.ch\\\/fr\\\/categorie-produit\\\/magic-the-gathering-fr\\\/\"},{\"@type\":\"ListItem\",\"position\":4,\"name\":\"Produits par lots\",\"item\":\"https:\\\/\\\/theuncommonshop.ch\\\/fr\\\/categorie-produit\\\/magic-the-gathering-fr\\\/produits-par-lots-mtg\\\/\"},{\"@type\":\"ListItem\",\"position\":5,\"name\":\"L'Invasion des Machines\",\"item\":\"https:\\\/\\\/theuncommonshop.ch\\\/fr\\\/categorie-produit\\\/magic-the-gathering-fr\\\/produits-par-lots-mtg\\\/linvasion-des-machines\\\/\"},{\"@type\":\"ListItem\",\"position\":6,\"name\":\"Magic &#8211; March of the Machine (MOM) &#8211; Jumpstart Booster Display\"}]},{\"@type\":\"WebSite\",\"@id\":\"https:\\\/\\\/theuncommonshop.ch\\\/#website\",\"url\":\"https:\\\/\\\/theuncommonshop.ch\\\/\",\"name\":\"Largest trading card shop in Switzerland\",\"description\":\"Magic, Pok\u00e9mon and Yu-gi-oh - The Uncommon Shop\",\"potentialAction\":[{\"@type\":\"SearchAction\",\"target\":{\"@type\":\"EntryPoint\",\"urlTemplate\":\"https:\\\/\\\/theuncommonshop.ch\\\/?s={search_term_string}\"},\"query-input\":{\"@type\":\"PropertyValueSpecification\",\"valueRequired\":true,\"valueName\":\"search_term_string\"}}],\"inLanguage\":\"fr-FR\"}]}<\/script>\n<meta property=\"og:availability\" content=\"instock\" \/>\n<meta property=\"product:availability\" content=\"instock\" \/>\n<meta property=\"product:condition\" content=\"new\" \/>\n<!-- \/ Yoast SEO plugin. -->","yoast_head_json":{"title":"Ach\u00e8te Magic - March of the Machine (MOM) - Jumpstart Booster Display","description":"Ach\u00e8te Magic - March of the Machine (MOM) - Jumpstart Booster Display en ligne maintenant \u00e0 petit prix! Ton #1 shop pour cartes TCG & Pok\u00e9mon en Suisse \u2713 Livraison gratuite d\u00e8s CHF 29","robots":{"index":"index","follow":"follow","max-snippet":"max-snippet:-1","max-image-preview":"max-image-preview:large","max-video-preview":"max-video-preview:-1"},"canonical":"https:\/\/theuncommonshop.ch\/fr\/product\/magic-march-of-the-machine-mom-jumpstart-booster-display-2\/","og_locale":"fr_FR","og_type":"article","og_title":"Ach\u00e8te Magic - March of the Machine (MOM) - Jumpstart Booster Display","og_description":"Ach\u00e8te Magic - March of the Machine (MOM) - Jumpstart Booster Display en ligne maintenant \u00e0 petit prix! Ton #1 shop pour cartes TCG & Pok\u00e9mon en Suisse \u2713 Livraison gratuite d\u00e8s CHF 29","og_url":"https:\/\/theuncommonshop.ch\/fr\/product\/magic-march-of-the-machine-mom-jumpstart-booster-display-2\/","og_site_name":"Largest trading card shop in Switzerland","article_modified_time":"2026-03-29T15:02:13+00:00","og_image":[{"width":900,"height":683,"url":"https:\/\/theuncommonshop.ch\/wp-content\/uploads\/2025\/05\/3387598765.jpg","type":"image\/jpeg"}],"twitter_card":"summary_large_image","twitter_misc":{"Disponibilit\u00e9":"En stock"},"schema":{"@context":"https:\/\/schema.org","@graph":[{"@type":"WebPage","@id":"https:\/\/theuncommonshop.ch\/fr\/product\/magic-march-of-the-machine-mom-jumpstart-booster-display-2\/","url":"https:\/\/theuncommonshop.ch\/fr\/product\/magic-march-of-the-machine-mom-jumpstart-booster-display-2\/","name":"Ach\u00e8te Magic - March of the Machine (MOM) - Jumpstart Booster Display","isPartOf":{"@id":"https:\/\/theuncommonshop.ch\/#website"},"primaryImageOfPage":{"@id":"https:\/\/theuncommonshop.ch\/fr\/product\/magic-march-of-the-machine-mom-jumpstart-booster-display-2\/#primaryimage"},"image":{"@id":"https:\/\/theuncommonshop.ch\/fr\/product\/magic-march-of-the-machine-mom-jumpstart-booster-display-2\/#primaryimage"},"thumbnailUrl":"https:\/\/theuncommonshop.ch\/wp-content\/uploads\/2025\/05\/3387598765.jpg","datePublished":"2025-06-12T12:49:02+00:00","dateModified":"2026-03-29T15:02:13+00:00","description":"Ach\u00e8te Magic - March of the Machine (MOM) - Jumpstart Booster Display en ligne maintenant \u00e0 petit prix! Ton #1 shop pour cartes TCG & Pok\u00e9mon en Suisse \u2713 Livraison gratuite d\u00e8s CHF 29","breadcrumb":{"@id":"https:\/\/theuncommonshop.ch\/fr\/product\/magic-march-of-the-machine-mom-jumpstart-booster-display-2\/#breadcrumb"},"inLanguage":"fr-FR","potentialAction":[{"@type":"ReadAction","target":["https:\/\/theuncommonshop.ch\/fr\/product\/magic-march-of-the-machine-mom-jumpstart-booster-display-2\/"]}]},{"@type":"ImageObject","inLanguage":"fr-FR","@id":"https:\/\/theuncommonshop.ch\/fr\/product\/magic-march-of-the-machine-mom-jumpstart-booster-display-2\/#primaryimage","url":"https:\/\/theuncommonshop.ch\/wp-content\/uploads\/2025\/05\/3387598765.jpg","contentUrl":"https:\/\/theuncommonshop.ch\/wp-content\/uploads\/2025\/05\/3387598765.jpg","width":900,"height":683},{"@type":"BreadcrumbList","@id":"https:\/\/theuncommonshop.ch\/fr\/product\/magic-march-of-the-machine-mom-jumpstart-booster-display-2\/#breadcrumb","itemListElement":[{"@type":"ListItem","position":1,"name":"Accueil","item":"https:\/\/theuncommonshop.ch\/fr\/accueil\/"},{"@type":"ListItem","position":2,"name":"Boutique","item":"https:\/\/theuncommonshop.ch\/fr\/boutique\/"},{"@type":"ListItem","position":3,"name":"Magic the Gathering","item":"https:\/\/theuncommonshop.ch\/fr\/categorie-produit\/magic-the-gathering-fr\/"},{"@type":"ListItem","position":4,"name":"Produits par lots","item":"https:\/\/theuncommonshop.ch\/fr\/categorie-produit\/magic-the-gathering-fr\/produits-par-lots-mtg\/"},{"@type":"ListItem","position":5,"name":"L'Invasion des Machines","item":"https:\/\/theuncommonshop.ch\/fr\/categorie-produit\/magic-the-gathering-fr\/produits-par-lots-mtg\/linvasion-des-machines\/"},{"@type":"ListItem","position":6,"name":"Magic &#8211; March of the Machine (MOM) &#8211; Jumpstart Booster Display"}]},{"@type":"WebSite","@id":"https:\/\/theuncommonshop.ch\/#website","url":"https:\/\/theuncommonshop.ch\/","name":"Largest trading card shop in Switzerland","description":"Magic, Pok\u00e9mon and Yu-gi-oh - The Uncommon Shop","potentialAction":[{"@type":"SearchAction","target":{"@type":"EntryPoint","urlTemplate":"https:\/\/theuncommonshop.ch\/?s={search_term_string}"},"query-input":{"@type":"PropertyValueSpecification","valueRequired":true,"valueName":"search_term_string"}}],"inLanguage":"fr-FR"}]},"og_availability":"instock","product_availability":"instock","product_condition":"new"},"_links":{"self":[{"href":"https:\/\/theuncommonshop.ch\/fr\/wp-json\/wp\/v2\/product\/321265","targetHints":{"allow":["GET"]}}],"collection":[{"href":"https:\/\/theuncommonshop.ch\/fr\/wp-json\/wp\/v2\/product"}],"about":[{"href":"https:\/\/theuncommonshop.ch\/fr\/wp-json\/wp\/v2\/types\/product"}],"replies":[{"embeddable":true,"href":"https:\/\/theuncommonshop.ch\/fr\/wp-json\/wp\/v2\/comments?post=321265"}],"version-history":[{"count":2,"href":"https:\/\/theuncommonshop.ch\/fr\/wp-json\/wp\/v2\/product\/321265\/revisions"}],"predecessor-version":[{"id":360463,"href":"https:\/\/theuncommonshop.ch\/fr\/wp-json\/wp\/v2\/product\/321265\/revisions\/360463"}],"wp:featuredmedia":[{"embeddable":true,"href":"https:\/\/theuncommonshop.ch\/fr\/wp-json\/wp\/v2\/media\/24866"}],"wp:attachment":[{"href":"https:\/\/theuncommonshop.ch\/fr\/wp-json\/wp\/v2\/media?parent=321265"}],"wp:term":[{"taxonomy":"product_brand","embeddable":true,"href":"https:\/\/theuncommonshop.ch\/fr\/wp-json\/wp\/v2\/product_brand?post=321265"},{"taxonomy":"product_cat","embeddable":true,"href":"https:\/\/theuncommonshop.ch\/fr\/wp-json\/wp\/v2\/product_cat?post=321265"},{"taxonomy":"product_tag","embeddable":true,"href":"https:\/\/theuncommonshop.ch\/fr\/wp-json\/wp\/v2\/product_tag?post=321265"}],"curies":[{"name":"wp","href":"https:\/\/api.w.org\/{rel}","templated":true}]}}