{"id":321256,"date":"2025-06-12T12:47:04","date_gmt":"2025-06-12T12:47:04","guid":{"rendered":"http:\/\/theuncommonshop.ch\/produkt\/321256\/"},"modified":"2026-03-29T17:04:17","modified_gmt":"2026-03-29T15:04:17","slug":"magic-march-of-the-machine-the-aftermath-mat-epilogue-booster-display-2","status":"publish","type":"product","link":"https:\/\/theuncommonshop.ch\/fr\/product\/magic-march-of-the-machine-the-aftermath-mat-epilogue-booster-display-2\/","title":{"rendered":"Magic &#8211; March of the Machine : The Aftermath (MAT) &#8211; Booster Display \u00e9pilogue"},"content":{"rendered":"<p data-start=\"94\" data-end=\"429\">Revivez les cons\u00e9quences de la grande bataille du multivers avec le <strong data-start=\"155\" data-end=\"183\">Booster Display Epilogue<\/strong> de <strong data-start=\"188\" data-end=\"229\"><span class=\"hover:entity-accent entity-underline inline cursor-pointer align-baseline\"><span class=\"whitespace-normal\">March of the Machine : The Aftermath (March of la Machine : L&#8217;Aftermath)<\/span><\/span><\/strong>. Ce mini-set sp\u00e9cial fait directement \u00e9cho aux \u00e9v\u00e9nements de <strong data-start=\"293\" data-end=\"317\">March of the Machine<\/strong> et montre l&#8217;impact de l&#8217;invasion phyrexienne sur les diff\u00e9rents mondes du Multivers. <\/p>\n<p data-start=\"431\" data-end=\"784\"><strong data-start=\"431\" data-end=\"476\">March of the Machine : The Aftermath (MAT)<\/strong> apporte de nouvelles cr\u00e9atures l\u00e9gendaires, des d\u00e9veloppements sc\u00e9naristiques importants et de puissantes cartes qui peuvent influencer les strat\u00e9gies futures dans le jeu. L&#8217;ensemble se concentre particuli\u00e8rement sur des personnages connus du multivers Magic et montre comment leurs histoires \u00e9voluent apr\u00e8s les grands \u00e9v\u00e9nements. <\/p>\n<p data-start=\"786\" data-end=\"1081\">Les <strong data-start=\"790\" data-end=\"810\">Boosters Epilogue<\/strong> sont un type de booster sp\u00e9cial avec un nombre plus restreint de cartes, mais ils contiennent exclusivement <strong data-start=\"913\" data-end=\"945\">des cartes Rare et Mythic Rare<\/strong> ainsi que des variantes sp\u00e9ciales. Ils sont donc particuli\u00e8rement int\u00e9ressants pour les collectionneurs et les joueurs qui recherchent sp\u00e9cifiquement des cartes de qualit\u00e9. <\/p>\n<h3 data-start=\"1083\" data-end=\"1101\">D\u00e9tails du produit<\/h3>\n<p data-start=\"1103\" data-end=\"1497\">&#8211;  <strong data-start=\"1105\" data-end=\"1113\">Set :<\/strong> March of the Machine : The Aftermath<br data-start=\"1149\" data-end=\"1152\">&#8211;  <strong data-start=\"1154\" data-end=\"1173\">Nom fran\u00e7ais :<\/strong> Marsch der Maschinen : Nachhall<br data-start=\"1203\" data-end=\"1206\">&#8211; <strong data-start=\"1208\" data-end=\"1221\">Code de l&#8217;ensemble :<\/strong> <strong data-start=\"1222\" data-end=\"1229\">MAT<\/strong><br data-start=\"1229\" data-end=\"1232\">&#8211; <strong data-start=\"1234\" data-end=\"1275\">1 pr\u00e9sentoir contient 24 Boosters Epilogue<\/strong><br data-start=\"1275\" data-end=\"1278\" data-is-only-node=\"\">&#8211; <strong data-start=\"1280\" data-end=\"1325\">5 cartes Magic : The Gathering par Booster<\/strong><br data-start=\"1325\" data-end=\"1328\">&#8211; Les Boosters ne contiennent <strong data-start=\"1348\" data-end=\"1383\">que des cartes Rare et Mythic Rare<\/strong><br data-start=\"1383\" data-end=\"1386\">&#8211; Forte chance de trouver <strong data-start=\"1404\" data-end=\"1433\">des cartes Foil et Showcase<\/strong><br data-start=\"1433\" data-end=\"1436\">&#8211; Parfait pour les joueurs Rares.       <strong data-start=\"1459\" data-end=\"1497\">Collectionneurs et pulls de cartes sp\u00e9ciaux<\/strong><\/p>\n<p data-start=\"1499\" data-end=\"1730\">Avec le <strong data-start=\"1507\" data-end=\"1598\">Booster Display March of the Machine : The Aftermath (MAT) Epilogue de Magic : The Gathering<\/strong>, d\u00e9couvrez les suites de la plus grande bataille du multivers Magic et assurez-vous de nouvelles cartes passionnantes pour votre collection.<\/p>\n<p>Contenu :<\/p>\n<p><iframe style=\"width: 500px; height: 281px;\" src=\"https:\/\/www.youtube.com\/embed\/BhuQGCOs8W8\" frameborder=\"0\" allowfullscreen=\"allowfullscreen\"><\/iframe><\/p>\n<p>&nbsp;<\/p>\n","protected":false},"excerpt":{"rendered":"<p>Revivez les cons\u00e9quences de la grande bataille du multivers avec le Booster Display Epilogue de March of the Machine :<\/p>\n","protected":false},"featured_media":24801,"comment_status":"open","ping_status":"closed","template":"","meta":{"_acf_changed":false},"product_brand":[5158,5070],"product_cat":[9969,10209,9967,9991],"product_tag":[],"class_list":{"0":"post-321256","1":"product","2":"type-product","3":"status-publish","4":"has-post-thumbnail","6":"product_brand-magic-the-gathering","7":"product_brand-wizards-of-the-coast","8":"product_cat-booster-displays-fr","9":"product_cat-linvasion-des-machines-le-jour-dapres","10":"product_cat-magic-the-gathering-fr","11":"product_cat-produits-par-lots-mtg","13":"first","14":"instock","15":"taxable","16":"shipping-taxable","17":"purchasable","18":"product-type-variable"},"acf":[],"yoast_head":"<!-- This site is optimized with the Yoast SEO plugin v27.4 - https:\/\/yoast.com\/product\/yoast-seo-wordpress\/ -->\n<title>Ach\u00e8te Magic - March of the Machine : The Aftermath (MAT) - Booster Display \u00e9pilogue<\/title>\n<meta name=\"description\" content=\"Ach\u00e8te Magic - March of the Machine : The Aftermath (MAT) - Booster Display \u00e9pilogue en ligne maintenant \u00e0 petit prix! Ton #1 shop pour cartes TCG &amp; Pok\u00e9mon en Suisse \u2713 Livraison gratuite d\u00e8s CHF 29\" \/>\n<meta name=\"robots\" content=\"index, follow, max-snippet:-1, max-image-preview:large, max-video-preview:-1\" \/>\n<link rel=\"canonical\" href=\"https:\/\/theuncommonshop.ch\/fr\/product\/magic-march-of-the-machine-the-aftermath-mat-epilogue-booster-display-2\/\" \/>\n<meta property=\"og:locale\" content=\"fr_FR\" \/>\n<meta property=\"og:type\" content=\"article\" \/>\n<meta property=\"og:title\" content=\"Ach\u00e8te Magic - March of the Machine : The Aftermath (MAT) - Booster Display \u00e9pilogue\" \/>\n<meta property=\"og:description\" content=\"Ach\u00e8te Magic - March of the Machine : The Aftermath (MAT) - Booster Display \u00e9pilogue en ligne maintenant \u00e0 petit prix! Ton #1 shop pour cartes TCG &amp; Pok\u00e9mon en Suisse \u2713 Livraison gratuite d\u00e8s CHF 29\" \/>\n<meta property=\"og:url\" content=\"https:\/\/theuncommonshop.ch\/fr\/product\/magic-march-of-the-machine-the-aftermath-mat-epilogue-booster-display-2\/\" \/>\n<meta property=\"og:site_name\" content=\"The Uncommon Shop\" \/>\n<meta property=\"article:modified_time\" content=\"2026-03-29T15:04:17+00:00\" \/>\n<meta property=\"og:image\" content=\"https:\/\/theuncommonshop.ch\/wp-content\/uploads\/2025\/05\/3568232423.jpg\" \/>\n\t<meta property=\"og:image:width\" content=\"900\" \/>\n\t<meta property=\"og:image:height\" content=\"1066\" \/>\n\t<meta property=\"og:image:type\" content=\"image\/jpeg\" \/>\n<meta name=\"twitter:card\" content=\"summary_large_image\" \/>\n<meta name=\"twitter:label1\" content=\"Disponibilit\u00e9\" \/>\n\t<meta name=\"twitter:data1\" content=\"En stock\" \/>\n<script type=\"application\/ld+json\" class=\"yoast-schema-graph\">{\"@context\":\"https:\\\/\\\/schema.org\",\"@graph\":[{\"@type\":\"WebPage\",\"@id\":\"https:\\\/\\\/theuncommonshop.ch\\\/fr\\\/product\\\/magic-march-of-the-machine-the-aftermath-mat-epilogue-booster-display-2\\\/\",\"url\":\"https:\\\/\\\/theuncommonshop.ch\\\/fr\\\/product\\\/magic-march-of-the-machine-the-aftermath-mat-epilogue-booster-display-2\\\/\",\"name\":\"Ach\u00e8te Magic - March of the Machine : The Aftermath (MAT) - Booster Display \u00e9pilogue\",\"isPartOf\":{\"@id\":\"https:\\\/\\\/theuncommonshop.ch\\\/fr\\\/#website\"},\"primaryImageOfPage\":{\"@id\":\"https:\\\/\\\/theuncommonshop.ch\\\/fr\\\/product\\\/magic-march-of-the-machine-the-aftermath-mat-epilogue-booster-display-2\\\/#primaryimage\"},\"image\":{\"@id\":\"https:\\\/\\\/theuncommonshop.ch\\\/fr\\\/product\\\/magic-march-of-the-machine-the-aftermath-mat-epilogue-booster-display-2\\\/#primaryimage\"},\"thumbnailUrl\":\"https:\\\/\\\/theuncommonshop.ch\\\/wp-content\\\/uploads\\\/2025\\\/05\\\/3568232423.jpg\",\"datePublished\":\"2025-06-12T12:47:04+00:00\",\"dateModified\":\"2026-03-29T15:04:17+00:00\",\"description\":\"Ach\u00e8te Magic - March of the Machine : The Aftermath (MAT) - Booster Display \u00e9pilogue en ligne maintenant \u00e0 petit prix! Ton #1 shop pour cartes TCG & Pok\u00e9mon en Suisse \u2713 Livraison gratuite d\u00e8s CHF 29\",\"breadcrumb\":{\"@id\":\"https:\\\/\\\/theuncommonshop.ch\\\/fr\\\/product\\\/magic-march-of-the-machine-the-aftermath-mat-epilogue-booster-display-2\\\/#breadcrumb\"},\"inLanguage\":\"fr-FR\",\"potentialAction\":[{\"@type\":\"ReadAction\",\"target\":[\"https:\\\/\\\/theuncommonshop.ch\\\/fr\\\/product\\\/magic-march-of-the-machine-the-aftermath-mat-epilogue-booster-display-2\\\/\"]}]},{\"@type\":\"ImageObject\",\"inLanguage\":\"fr-FR\",\"@id\":\"https:\\\/\\\/theuncommonshop.ch\\\/fr\\\/product\\\/magic-march-of-the-machine-the-aftermath-mat-epilogue-booster-display-2\\\/#primaryimage\",\"url\":\"https:\\\/\\\/theuncommonshop.ch\\\/wp-content\\\/uploads\\\/2025\\\/05\\\/3568232423.jpg\",\"contentUrl\":\"https:\\\/\\\/theuncommonshop.ch\\\/wp-content\\\/uploads\\\/2025\\\/05\\\/3568232423.jpg\",\"width\":900,\"height\":1066},{\"@type\":\"BreadcrumbList\",\"@id\":\"https:\\\/\\\/theuncommonshop.ch\\\/fr\\\/product\\\/magic-march-of-the-machine-the-aftermath-mat-epilogue-booster-display-2\\\/#breadcrumb\",\"itemListElement\":[{\"@type\":\"ListItem\",\"position\":1,\"name\":\"Accueil\",\"item\":\"https:\\\/\\\/theuncommonshop.ch\\\/fr\\\/accueil\\\/\"},{\"@type\":\"ListItem\",\"position\":2,\"name\":\"Boutique\",\"item\":\"https:\\\/\\\/theuncommonshop.ch\\\/fr\\\/boutique\\\/\"},{\"@type\":\"ListItem\",\"position\":3,\"name\":\"Magic the Gathering\",\"item\":\"https:\\\/\\\/theuncommonshop.ch\\\/fr\\\/categorie-produit\\\/magic-the-gathering-fr\\\/\"},{\"@type\":\"ListItem\",\"position\":4,\"name\":\"Produits par lots\",\"item\":\"https:\\\/\\\/theuncommonshop.ch\\\/fr\\\/categorie-produit\\\/magic-the-gathering-fr\\\/produits-par-lots-mtg\\\/\"},{\"@type\":\"ListItem\",\"position\":5,\"name\":\"L'Invasion des Machines : le jour d'apr\u00e8s\",\"item\":\"https:\\\/\\\/theuncommonshop.ch\\\/fr\\\/categorie-produit\\\/magic-the-gathering-fr\\\/produits-par-lots-mtg\\\/linvasion-des-machines-le-jour-dapres\\\/\"},{\"@type\":\"ListItem\",\"position\":6,\"name\":\"Magic &#8211; March of the Machine : The Aftermath (MAT) &#8211; Booster Display \u00e9pilogue\"}]},{\"@type\":\"WebSite\",\"@id\":\"https:\\\/\\\/theuncommonshop.ch\\\/fr\\\/#website\",\"url\":\"https:\\\/\\\/theuncommonshop.ch\\\/fr\\\/\",\"name\":\"The Uncommon Shop\",\"description\":\"Magic, Pok\u00e9mon and Yu-gi-oh - The Uncommon Shop\",\"potentialAction\":[{\"@type\":\"SearchAction\",\"target\":{\"@type\":\"EntryPoint\",\"urlTemplate\":\"https:\\\/\\\/theuncommonshop.ch\\\/fr\\\/?s={search_term_string}\"},\"query-input\":{\"@type\":\"PropertyValueSpecification\",\"valueRequired\":true,\"valueName\":\"search_term_string\"}}],\"inLanguage\":\"fr-FR\"}]}<\/script>\n<meta property=\"og:availability\" content=\"instock\" \/>\n<meta property=\"product:availability\" content=\"instock\" \/>\n<meta property=\"product:condition\" content=\"new\" \/>\n<!-- \/ Yoast SEO plugin. -->","yoast_head_json":{"title":"Ach\u00e8te Magic - March of the Machine : The Aftermath (MAT) - Booster Display \u00e9pilogue","description":"Ach\u00e8te Magic - March of the Machine : The Aftermath (MAT) - Booster Display \u00e9pilogue en ligne maintenant \u00e0 petit prix! Ton #1 shop pour cartes TCG & Pok\u00e9mon en Suisse \u2713 Livraison gratuite d\u00e8s CHF 29","robots":{"index":"index","follow":"follow","max-snippet":"max-snippet:-1","max-image-preview":"max-image-preview:large","max-video-preview":"max-video-preview:-1"},"canonical":"https:\/\/theuncommonshop.ch\/fr\/product\/magic-march-of-the-machine-the-aftermath-mat-epilogue-booster-display-2\/","og_locale":"fr_FR","og_type":"article","og_title":"Ach\u00e8te Magic - March of the Machine : The Aftermath (MAT) - Booster Display \u00e9pilogue","og_description":"Ach\u00e8te Magic - March of the Machine : The Aftermath (MAT) - Booster Display \u00e9pilogue en ligne maintenant \u00e0 petit prix! Ton #1 shop pour cartes TCG & Pok\u00e9mon en Suisse \u2713 Livraison gratuite d\u00e8s CHF 29","og_url":"https:\/\/theuncommonshop.ch\/fr\/product\/magic-march-of-the-machine-the-aftermath-mat-epilogue-booster-display-2\/","og_site_name":"The Uncommon Shop","article_modified_time":"2026-03-29T15:04:17+00:00","og_image":[{"width":900,"height":1066,"url":"https:\/\/theuncommonshop.ch\/wp-content\/uploads\/2025\/05\/3568232423.jpg","type":"image\/jpeg"}],"twitter_card":"summary_large_image","twitter_misc":{"Disponibilit\u00e9":"En stock"},"schema":{"@context":"https:\/\/schema.org","@graph":[{"@type":"WebPage","@id":"https:\/\/theuncommonshop.ch\/fr\/product\/magic-march-of-the-machine-the-aftermath-mat-epilogue-booster-display-2\/","url":"https:\/\/theuncommonshop.ch\/fr\/product\/magic-march-of-the-machine-the-aftermath-mat-epilogue-booster-display-2\/","name":"Ach\u00e8te Magic - March of the Machine : The Aftermath (MAT) - Booster Display \u00e9pilogue","isPartOf":{"@id":"https:\/\/theuncommonshop.ch\/fr\/#website"},"primaryImageOfPage":{"@id":"https:\/\/theuncommonshop.ch\/fr\/product\/magic-march-of-the-machine-the-aftermath-mat-epilogue-booster-display-2\/#primaryimage"},"image":{"@id":"https:\/\/theuncommonshop.ch\/fr\/product\/magic-march-of-the-machine-the-aftermath-mat-epilogue-booster-display-2\/#primaryimage"},"thumbnailUrl":"https:\/\/theuncommonshop.ch\/wp-content\/uploads\/2025\/05\/3568232423.jpg","datePublished":"2025-06-12T12:47:04+00:00","dateModified":"2026-03-29T15:04:17+00:00","description":"Ach\u00e8te Magic - March of the Machine : The Aftermath (MAT) - Booster Display \u00e9pilogue en ligne maintenant \u00e0 petit prix! Ton #1 shop pour cartes TCG & Pok\u00e9mon en Suisse \u2713 Livraison gratuite d\u00e8s CHF 29","breadcrumb":{"@id":"https:\/\/theuncommonshop.ch\/fr\/product\/magic-march-of-the-machine-the-aftermath-mat-epilogue-booster-display-2\/#breadcrumb"},"inLanguage":"fr-FR","potentialAction":[{"@type":"ReadAction","target":["https:\/\/theuncommonshop.ch\/fr\/product\/magic-march-of-the-machine-the-aftermath-mat-epilogue-booster-display-2\/"]}]},{"@type":"ImageObject","inLanguage":"fr-FR","@id":"https:\/\/theuncommonshop.ch\/fr\/product\/magic-march-of-the-machine-the-aftermath-mat-epilogue-booster-display-2\/#primaryimage","url":"https:\/\/theuncommonshop.ch\/wp-content\/uploads\/2025\/05\/3568232423.jpg","contentUrl":"https:\/\/theuncommonshop.ch\/wp-content\/uploads\/2025\/05\/3568232423.jpg","width":900,"height":1066},{"@type":"BreadcrumbList","@id":"https:\/\/theuncommonshop.ch\/fr\/product\/magic-march-of-the-machine-the-aftermath-mat-epilogue-booster-display-2\/#breadcrumb","itemListElement":[{"@type":"ListItem","position":1,"name":"Accueil","item":"https:\/\/theuncommonshop.ch\/fr\/accueil\/"},{"@type":"ListItem","position":2,"name":"Boutique","item":"https:\/\/theuncommonshop.ch\/fr\/boutique\/"},{"@type":"ListItem","position":3,"name":"Magic the Gathering","item":"https:\/\/theuncommonshop.ch\/fr\/categorie-produit\/magic-the-gathering-fr\/"},{"@type":"ListItem","position":4,"name":"Produits par lots","item":"https:\/\/theuncommonshop.ch\/fr\/categorie-produit\/magic-the-gathering-fr\/produits-par-lots-mtg\/"},{"@type":"ListItem","position":5,"name":"L'Invasion des Machines : le jour d'apr\u00e8s","item":"https:\/\/theuncommonshop.ch\/fr\/categorie-produit\/magic-the-gathering-fr\/produits-par-lots-mtg\/linvasion-des-machines-le-jour-dapres\/"},{"@type":"ListItem","position":6,"name":"Magic &#8211; March of the Machine : The Aftermath (MAT) &#8211; Booster Display \u00e9pilogue"}]},{"@type":"WebSite","@id":"https:\/\/theuncommonshop.ch\/fr\/#website","url":"https:\/\/theuncommonshop.ch\/fr\/","name":"The Uncommon Shop","description":"Magic, Pok\u00e9mon and Yu-gi-oh - The Uncommon Shop","potentialAction":[{"@type":"SearchAction","target":{"@type":"EntryPoint","urlTemplate":"https:\/\/theuncommonshop.ch\/fr\/?s={search_term_string}"},"query-input":{"@type":"PropertyValueSpecification","valueRequired":true,"valueName":"search_term_string"}}],"inLanguage":"fr-FR"}]},"og_availability":"instock","product_availability":"instock","product_condition":"new"},"_links":{"self":[{"href":"https:\/\/theuncommonshop.ch\/fr\/wp-json\/wp\/v2\/product\/321256","targetHints":{"allow":["GET"]}}],"collection":[{"href":"https:\/\/theuncommonshop.ch\/fr\/wp-json\/wp\/v2\/product"}],"about":[{"href":"https:\/\/theuncommonshop.ch\/fr\/wp-json\/wp\/v2\/types\/product"}],"replies":[{"embeddable":true,"href":"https:\/\/theuncommonshop.ch\/fr\/wp-json\/wp\/v2\/comments?post=321256"}],"version-history":[{"count":0,"href":"https:\/\/theuncommonshop.ch\/fr\/wp-json\/wp\/v2\/product\/321256\/revisions"}],"wp:featuredmedia":[{"embeddable":true,"href":"https:\/\/theuncommonshop.ch\/fr\/wp-json\/wp\/v2\/media\/24801"}],"wp:attachment":[{"href":"https:\/\/theuncommonshop.ch\/fr\/wp-json\/wp\/v2\/media?parent=321256"}],"wp:term":[{"taxonomy":"product_brand","embeddable":true,"href":"https:\/\/theuncommonshop.ch\/fr\/wp-json\/wp\/v2\/product_brand?post=321256"},{"taxonomy":"product_cat","embeddable":true,"href":"https:\/\/theuncommonshop.ch\/fr\/wp-json\/wp\/v2\/product_cat?post=321256"},{"taxonomy":"product_tag","embeddable":true,"href":"https:\/\/theuncommonshop.ch\/fr\/wp-json\/wp\/v2\/product_tag?post=321256"}],"curies":[{"name":"wp","href":"https:\/\/api.w.org\/{rel}","templated":true}]}}