{"id":321249,"date":"2025-06-12T12:48:43","date_gmt":"2025-06-12T12:48:43","guid":{"rendered":"http:\/\/theuncommonshop.ch\/produkt\/321249\/"},"modified":"2026-03-29T16:59:31","modified_gmt":"2026-03-29T14:59:31","slug":"magic-march-of-the-machine-mom-collector-booster-display-2","status":"publish","type":"product","link":"https:\/\/theuncommonshop.ch\/fr\/product\/magic-march-of-the-machine-mom-collector-booster-display-2\/","title":{"rendered":"Magic &#8211; March of the Machine (MOM) &#8211; Collector Booster Display"},"content":{"rendered":"<ul>\n<li>\n<p data-start=\"93\" data-end=\"362\">Revivez l&#8217;apog\u00e9e spectaculaire de l&#8217;invasion des Phyrexiens avec le <strong data-start=\"161\" data-end=\"190\">Collector Booster Display<\/strong> de <strong data-start=\"195\" data-end=\"236\"><span class=\"hover:entity-accent entity-underline inline cursor-pointer align-baseline\"><span class=\"whitespace-normal\">March of the Machine<\/span><\/span><\/strong>. Dans ce set \u00e9pique, de nombreux mondes du multivers Magic s&#8217;unissent pour lutter contre la menace des Phyrexiens. <\/p>\n<p data-start=\"364\" data-end=\"732\"><strong data-start=\"364\" data-end=\"394\">March of the Machine (MOM)<\/strong> introduit un grand nombre de personnages l\u00e9gendaires, de puissantes cr\u00e9atures et de nouvelles m\u00e9caniques dans le jeu. On notera en particulier le nouveau type de carte <strong data-start=\"538\" data-end=\"548\">Battle<\/strong>, qui introduit une toute nouvelle m\u00e9canique de jeu. De plus, le set contient les fameuses <strong data-start=\"636\" data-end=\"658\">Multiverse Legends<\/strong>, des cr\u00e9atures l\u00e9gendaires issues des pr\u00e9c\u00e9dents sets Magic et dot\u00e9es de cadres de cartes sp\u00e9ciaux.  <\/p>\n<p data-start=\"734\" data-end=\"987\">Les <strong data-start=\"738\" data-end=\"759\">Collector Boosters<\/strong> sont sp\u00e9cialement con\u00e7us pour les collectionneurs et contiennent un nombre particuli\u00e8rement \u00e9lev\u00e9 <strong data-start=\"827\" data-end=\"898\">de cartes Foil, de variantes Showcase, Extended-Art et Borderless<\/strong>. Ils offrent ainsi une chance particuli\u00e8rement \u00e9lev\u00e9e de trouver des variantes de cartes rares et recherch\u00e9es. <\/p>\n<h3 data-start=\"989\" data-end=\"1007\">D\u00e9tails du produit<\/h3>\n<p data-start=\"1009\" data-end=\"1451\">&#8211;  <strong data-start=\"1011\" data-end=\"1019\">Set :<\/strong> March of the Machine<br data-start=\"1040\" data-end=\"1043\">&#8211;  <strong data-start=\"1045\" data-end=\"1064\">Nom allemand :<\/strong> Marsch der Maschinen<br data-start=\"1084\" data-end=\"1087\">&#8211;  <strong data-start=\"1089\" data-end=\"1102\">Code de l&#8217;ensemble :<\/strong> <strong data-start=\"1103\" data-end=\"1110\">MOM<\/strong><br data-start=\"1110\" data-end=\"1113\">&#8211;  <strong data-start=\"1115\" data-end=\"1157\">1 pr\u00e9sentoir contient 12 Collector Booster<\/strong> Display<br data-start=\"1157\" data-end=\"1160\" data-is-only-node=\"\">&#8211;  <strong data-start=\"1162\" data-end=\"1208\">15 cartes Magic : The Gathering par Booster<\/strong><br data-start=\"1208\" data-end=\"1211\">&#8211; Comprend de nombreuses  <strong data-start=\"1232\" data-end=\"1277\">Cartes Foil et variantes sp\u00e9ciales de cartes<\/strong><br data-start=\"1277\" data-end=\"1280\">&#8211; chance de gagner  <strong data-start=\"1293\" data-end=\"1343\">Cartes Showcase, Extended Art et Borderless<\/strong><br data-start=\"1343\" data-end=\"1346\">&#8211; Contient  <strong data-start=\"1356\" data-end=\"1385\">Cartes Multiverse Legends<\/strong><br data-start=\"1385\" data-end=\"1388\">&#8211; Parfaitement adapt\u00e9 pour  <strong data-start=\"1411\" data-end=\"1451\">Collectionneurs et pulls de cartes de qualit\u00e9<\/strong><\/p>\n<p data-start=\"1453\" data-end=\"1678\">Avec le <strong data-start=\"1461\" data-end=\"1538\">Collector Booster Display March of the Machine (MOM) de Magic : The Gathering<\/strong>, vous avez la chance d&#8217;obtenir des cartes particuli\u00e8rement rares et des variantes impressionnantes de l&#8217;une des plus grandes batailles du multivers Magic.<\/p>\n<\/li>\n<\/ul>\n","protected":false},"excerpt":{"rendered":"<p>Revivez l&#8217;apog\u00e9e spectaculaire de l&#8217;invasion des Phyrexiens avec le Collector Booster Display de March of the Machine. Dans ce set<\/p>\n","protected":false},"featured_media":24858,"comment_status":"open","ping_status":"closed","template":"","meta":{"_acf_changed":false},"product_brand":[5158,5070],"product_cat":[9969,10207,9967,9991],"product_tag":[],"class_list":{"0":"post-321249","1":"product","2":"type-product","3":"status-publish","4":"has-post-thumbnail","6":"product_brand-magic-the-gathering","7":"product_brand-wizards-of-the-coast","8":"product_cat-booster-displays-fr","9":"product_cat-linvasion-des-machines","10":"product_cat-magic-the-gathering-fr","11":"product_cat-produits-par-lots-mtg","13":"first","14":"instock","15":"taxable","16":"shipping-taxable","17":"purchasable","18":"product-type-variable"},"acf":[],"yoast_head":"<!-- This site is optimized with the Yoast SEO plugin v27.4 - https:\/\/yoast.com\/product\/yoast-seo-wordpress\/ -->\n<title>Ach\u00e8te Magic - March of the Machine (MOM) - Collector Booster Display<\/title>\n<meta name=\"description\" content=\"Ach\u00e8te Magic - March of the Machine (MOM) - Collector Booster Display en ligne maintenant \u00e0 petit prix! Ton #1 shop pour cartes TCG &amp; Pok\u00e9mon en Suisse \u2713 Livraison gratuite d\u00e8s CHF 29\" \/>\n<meta name=\"robots\" content=\"index, follow, max-snippet:-1, max-image-preview:large, max-video-preview:-1\" \/>\n<link rel=\"canonical\" href=\"https:\/\/theuncommonshop.ch\/fr\/product\/magic-march-of-the-machine-mom-collector-booster-display-2\/\" \/>\n<meta property=\"og:locale\" content=\"fr_FR\" \/>\n<meta property=\"og:type\" content=\"article\" \/>\n<meta property=\"og:title\" content=\"Ach\u00e8te Magic - March of the Machine (MOM) - Collector Booster Display\" \/>\n<meta property=\"og:description\" content=\"Ach\u00e8te Magic - March of the Machine (MOM) - Collector Booster Display en ligne maintenant \u00e0 petit prix! Ton #1 shop pour cartes TCG &amp; Pok\u00e9mon en Suisse \u2713 Livraison gratuite d\u00e8s CHF 29\" \/>\n<meta property=\"og:url\" content=\"https:\/\/theuncommonshop.ch\/fr\/product\/magic-march-of-the-machine-mom-collector-booster-display-2\/\" \/>\n<meta property=\"og:site_name\" content=\"The Uncommon Shop\" \/>\n<meta property=\"article:modified_time\" content=\"2026-03-29T14:59:31+00:00\" \/>\n<meta property=\"og:image\" content=\"https:\/\/theuncommonshop.ch\/wp-content\/uploads\/2025\/05\/3487635830.jpg\" \/>\n\t<meta property=\"og:image:width\" content=\"460\" \/>\n\t<meta property=\"og:image:height\" content=\"521\" \/>\n\t<meta property=\"og:image:type\" content=\"image\/jpeg\" \/>\n<meta name=\"twitter:card\" content=\"summary_large_image\" \/>\n<meta name=\"twitter:label1\" content=\"Disponibilit\u00e9\" \/>\n\t<meta name=\"twitter:data1\" content=\"En stock\" \/>\n<script type=\"application\/ld+json\" class=\"yoast-schema-graph\">{\"@context\":\"https:\\\/\\\/schema.org\",\"@graph\":[{\"@type\":\"WebPage\",\"@id\":\"https:\\\/\\\/theuncommonshop.ch\\\/fr\\\/product\\\/magic-march-of-the-machine-mom-collector-booster-display-2\\\/\",\"url\":\"https:\\\/\\\/theuncommonshop.ch\\\/fr\\\/product\\\/magic-march-of-the-machine-mom-collector-booster-display-2\\\/\",\"name\":\"Ach\u00e8te Magic - March of the Machine (MOM) - Collector Booster Display\",\"isPartOf\":{\"@id\":\"https:\\\/\\\/theuncommonshop.ch\\\/fr\\\/#website\"},\"primaryImageOfPage\":{\"@id\":\"https:\\\/\\\/theuncommonshop.ch\\\/fr\\\/product\\\/magic-march-of-the-machine-mom-collector-booster-display-2\\\/#primaryimage\"},\"image\":{\"@id\":\"https:\\\/\\\/theuncommonshop.ch\\\/fr\\\/product\\\/magic-march-of-the-machine-mom-collector-booster-display-2\\\/#primaryimage\"},\"thumbnailUrl\":\"https:\\\/\\\/theuncommonshop.ch\\\/wp-content\\\/uploads\\\/2025\\\/05\\\/3487635830.jpg\",\"datePublished\":\"2025-06-12T12:48:43+00:00\",\"dateModified\":\"2026-03-29T14:59:31+00:00\",\"description\":\"Ach\u00e8te Magic - March of the Machine (MOM) - Collector Booster Display en ligne maintenant \u00e0 petit prix! Ton #1 shop pour cartes TCG & Pok\u00e9mon en Suisse \u2713 Livraison gratuite d\u00e8s CHF 29\",\"breadcrumb\":{\"@id\":\"https:\\\/\\\/theuncommonshop.ch\\\/fr\\\/product\\\/magic-march-of-the-machine-mom-collector-booster-display-2\\\/#breadcrumb\"},\"inLanguage\":\"fr-FR\",\"potentialAction\":[{\"@type\":\"ReadAction\",\"target\":[\"https:\\\/\\\/theuncommonshop.ch\\\/fr\\\/product\\\/magic-march-of-the-machine-mom-collector-booster-display-2\\\/\"]}]},{\"@type\":\"ImageObject\",\"inLanguage\":\"fr-FR\",\"@id\":\"https:\\\/\\\/theuncommonshop.ch\\\/fr\\\/product\\\/magic-march-of-the-machine-mom-collector-booster-display-2\\\/#primaryimage\",\"url\":\"https:\\\/\\\/theuncommonshop.ch\\\/wp-content\\\/uploads\\\/2025\\\/05\\\/3487635830.jpg\",\"contentUrl\":\"https:\\\/\\\/theuncommonshop.ch\\\/wp-content\\\/uploads\\\/2025\\\/05\\\/3487635830.jpg\",\"width\":460,\"height\":521},{\"@type\":\"BreadcrumbList\",\"@id\":\"https:\\\/\\\/theuncommonshop.ch\\\/fr\\\/product\\\/magic-march-of-the-machine-mom-collector-booster-display-2\\\/#breadcrumb\",\"itemListElement\":[{\"@type\":\"ListItem\",\"position\":1,\"name\":\"Accueil\",\"item\":\"https:\\\/\\\/theuncommonshop.ch\\\/fr\\\/accueil\\\/\"},{\"@type\":\"ListItem\",\"position\":2,\"name\":\"Boutique\",\"item\":\"https:\\\/\\\/theuncommonshop.ch\\\/fr\\\/boutique\\\/\"},{\"@type\":\"ListItem\",\"position\":3,\"name\":\"Magic the Gathering\",\"item\":\"https:\\\/\\\/theuncommonshop.ch\\\/fr\\\/categorie-produit\\\/magic-the-gathering-fr\\\/\"},{\"@type\":\"ListItem\",\"position\":4,\"name\":\"Produits par lots\",\"item\":\"https:\\\/\\\/theuncommonshop.ch\\\/fr\\\/categorie-produit\\\/magic-the-gathering-fr\\\/produits-par-lots-mtg\\\/\"},{\"@type\":\"ListItem\",\"position\":5,\"name\":\"L'Invasion des Machines\",\"item\":\"https:\\\/\\\/theuncommonshop.ch\\\/fr\\\/categorie-produit\\\/magic-the-gathering-fr\\\/produits-par-lots-mtg\\\/linvasion-des-machines\\\/\"},{\"@type\":\"ListItem\",\"position\":6,\"name\":\"Magic &#8211; March of the Machine (MOM) &#8211; Collector Booster Display\"}]},{\"@type\":\"WebSite\",\"@id\":\"https:\\\/\\\/theuncommonshop.ch\\\/fr\\\/#website\",\"url\":\"https:\\\/\\\/theuncommonshop.ch\\\/fr\\\/\",\"name\":\"The Uncommon Shop\",\"description\":\"Magic, Pok\u00e9mon and Yu-gi-oh - The Uncommon Shop\",\"potentialAction\":[{\"@type\":\"SearchAction\",\"target\":{\"@type\":\"EntryPoint\",\"urlTemplate\":\"https:\\\/\\\/theuncommonshop.ch\\\/fr\\\/?s={search_term_string}\"},\"query-input\":{\"@type\":\"PropertyValueSpecification\",\"valueRequired\":true,\"valueName\":\"search_term_string\"}}],\"inLanguage\":\"fr-FR\"}]}<\/script>\n<meta property=\"og:availability\" content=\"instock\" \/>\n<meta property=\"product:availability\" content=\"instock\" \/>\n<meta property=\"product:condition\" content=\"new\" \/>\n<!-- \/ Yoast SEO plugin. -->","yoast_head_json":{"title":"Ach\u00e8te Magic - March of the Machine (MOM) - Collector Booster Display","description":"Ach\u00e8te Magic - March of the Machine (MOM) - Collector Booster Display en ligne maintenant \u00e0 petit prix! Ton #1 shop pour cartes TCG & Pok\u00e9mon en Suisse \u2713 Livraison gratuite d\u00e8s CHF 29","robots":{"index":"index","follow":"follow","max-snippet":"max-snippet:-1","max-image-preview":"max-image-preview:large","max-video-preview":"max-video-preview:-1"},"canonical":"https:\/\/theuncommonshop.ch\/fr\/product\/magic-march-of-the-machine-mom-collector-booster-display-2\/","og_locale":"fr_FR","og_type":"article","og_title":"Ach\u00e8te Magic - March of the Machine (MOM) - Collector Booster Display","og_description":"Ach\u00e8te Magic - March of the Machine (MOM) - Collector Booster Display en ligne maintenant \u00e0 petit prix! Ton #1 shop pour cartes TCG & Pok\u00e9mon en Suisse \u2713 Livraison gratuite d\u00e8s CHF 29","og_url":"https:\/\/theuncommonshop.ch\/fr\/product\/magic-march-of-the-machine-mom-collector-booster-display-2\/","og_site_name":"The Uncommon Shop","article_modified_time":"2026-03-29T14:59:31+00:00","og_image":[{"width":460,"height":521,"url":"https:\/\/theuncommonshop.ch\/wp-content\/uploads\/2025\/05\/3487635830.jpg","type":"image\/jpeg"}],"twitter_card":"summary_large_image","twitter_misc":{"Disponibilit\u00e9":"En stock"},"schema":{"@context":"https:\/\/schema.org","@graph":[{"@type":"WebPage","@id":"https:\/\/theuncommonshop.ch\/fr\/product\/magic-march-of-the-machine-mom-collector-booster-display-2\/","url":"https:\/\/theuncommonshop.ch\/fr\/product\/magic-march-of-the-machine-mom-collector-booster-display-2\/","name":"Ach\u00e8te Magic - March of the Machine (MOM) - Collector Booster Display","isPartOf":{"@id":"https:\/\/theuncommonshop.ch\/fr\/#website"},"primaryImageOfPage":{"@id":"https:\/\/theuncommonshop.ch\/fr\/product\/magic-march-of-the-machine-mom-collector-booster-display-2\/#primaryimage"},"image":{"@id":"https:\/\/theuncommonshop.ch\/fr\/product\/magic-march-of-the-machine-mom-collector-booster-display-2\/#primaryimage"},"thumbnailUrl":"https:\/\/theuncommonshop.ch\/wp-content\/uploads\/2025\/05\/3487635830.jpg","datePublished":"2025-06-12T12:48:43+00:00","dateModified":"2026-03-29T14:59:31+00:00","description":"Ach\u00e8te Magic - March of the Machine (MOM) - Collector Booster Display en ligne maintenant \u00e0 petit prix! Ton #1 shop pour cartes TCG & Pok\u00e9mon en Suisse \u2713 Livraison gratuite d\u00e8s CHF 29","breadcrumb":{"@id":"https:\/\/theuncommonshop.ch\/fr\/product\/magic-march-of-the-machine-mom-collector-booster-display-2\/#breadcrumb"},"inLanguage":"fr-FR","potentialAction":[{"@type":"ReadAction","target":["https:\/\/theuncommonshop.ch\/fr\/product\/magic-march-of-the-machine-mom-collector-booster-display-2\/"]}]},{"@type":"ImageObject","inLanguage":"fr-FR","@id":"https:\/\/theuncommonshop.ch\/fr\/product\/magic-march-of-the-machine-mom-collector-booster-display-2\/#primaryimage","url":"https:\/\/theuncommonshop.ch\/wp-content\/uploads\/2025\/05\/3487635830.jpg","contentUrl":"https:\/\/theuncommonshop.ch\/wp-content\/uploads\/2025\/05\/3487635830.jpg","width":460,"height":521},{"@type":"BreadcrumbList","@id":"https:\/\/theuncommonshop.ch\/fr\/product\/magic-march-of-the-machine-mom-collector-booster-display-2\/#breadcrumb","itemListElement":[{"@type":"ListItem","position":1,"name":"Accueil","item":"https:\/\/theuncommonshop.ch\/fr\/accueil\/"},{"@type":"ListItem","position":2,"name":"Boutique","item":"https:\/\/theuncommonshop.ch\/fr\/boutique\/"},{"@type":"ListItem","position":3,"name":"Magic the Gathering","item":"https:\/\/theuncommonshop.ch\/fr\/categorie-produit\/magic-the-gathering-fr\/"},{"@type":"ListItem","position":4,"name":"Produits par lots","item":"https:\/\/theuncommonshop.ch\/fr\/categorie-produit\/magic-the-gathering-fr\/produits-par-lots-mtg\/"},{"@type":"ListItem","position":5,"name":"L'Invasion des Machines","item":"https:\/\/theuncommonshop.ch\/fr\/categorie-produit\/magic-the-gathering-fr\/produits-par-lots-mtg\/linvasion-des-machines\/"},{"@type":"ListItem","position":6,"name":"Magic &#8211; March of the Machine (MOM) &#8211; Collector Booster Display"}]},{"@type":"WebSite","@id":"https:\/\/theuncommonshop.ch\/fr\/#website","url":"https:\/\/theuncommonshop.ch\/fr\/","name":"The Uncommon Shop","description":"Magic, Pok\u00e9mon and Yu-gi-oh - The Uncommon Shop","potentialAction":[{"@type":"SearchAction","target":{"@type":"EntryPoint","urlTemplate":"https:\/\/theuncommonshop.ch\/fr\/?s={search_term_string}"},"query-input":{"@type":"PropertyValueSpecification","valueRequired":true,"valueName":"search_term_string"}}],"inLanguage":"fr-FR"}]},"og_availability":"instock","product_availability":"instock","product_condition":"new"},"_links":{"self":[{"href":"https:\/\/theuncommonshop.ch\/fr\/wp-json\/wp\/v2\/product\/321249","targetHints":{"allow":["GET"]}}],"collection":[{"href":"https:\/\/theuncommonshop.ch\/fr\/wp-json\/wp\/v2\/product"}],"about":[{"href":"https:\/\/theuncommonshop.ch\/fr\/wp-json\/wp\/v2\/types\/product"}],"replies":[{"embeddable":true,"href":"https:\/\/theuncommonshop.ch\/fr\/wp-json\/wp\/v2\/comments?post=321249"}],"version-history":[{"count":0,"href":"https:\/\/theuncommonshop.ch\/fr\/wp-json\/wp\/v2\/product\/321249\/revisions"}],"wp:featuredmedia":[{"embeddable":true,"href":"https:\/\/theuncommonshop.ch\/fr\/wp-json\/wp\/v2\/media\/24858"}],"wp:attachment":[{"href":"https:\/\/theuncommonshop.ch\/fr\/wp-json\/wp\/v2\/media?parent=321249"}],"wp:term":[{"taxonomy":"product_brand","embeddable":true,"href":"https:\/\/theuncommonshop.ch\/fr\/wp-json\/wp\/v2\/product_brand?post=321249"},{"taxonomy":"product_cat","embeddable":true,"href":"https:\/\/theuncommonshop.ch\/fr\/wp-json\/wp\/v2\/product_cat?post=321249"},{"taxonomy":"product_tag","embeddable":true,"href":"https:\/\/theuncommonshop.ch\/fr\/wp-json\/wp\/v2\/product_tag?post=321249"}],"curies":[{"name":"wp","href":"https:\/\/api.w.org\/{rel}","templated":true}]}}