{"id":321223,"date":"2025-06-12T12:36:55","date_gmt":"2025-06-12T12:36:55","guid":{"rendered":"http:\/\/theuncommonshop.ch\/produkt\/321223\/"},"modified":"2026-03-29T09:49:51","modified_gmt":"2026-03-29T07:49:51","slug":"warhammer-underworlds-starterset-de-2","status":"publish","type":"product","link":"https:\/\/theuncommonshop.ch\/fr\/product\/warhammer-underworlds-starterset-de-2\/","title":{"rendered":"Warhammer Underworlds &#8211; Kit de d\u00e9marrage &#8211; FR"},"content":{"rendered":"<div>\n<p>Ce kit de d\u00e9marrage est le moyen id\u00e9al de commencer \u00e0 jouer \u00e0 Warhammer Underworlds. Avec deux arm\u00e9es compl\u00e8tes de guerriers, les r\u00e8gles compl\u00e8tes et tous les d\u00e9s, marqueurs et plans de jeu dont vous avez besoin pour jouer, il n&#8217;y a pas de meilleur choix pour commencer vos aventures dans le jeu de miniatures comp\u00e9titif par excellence. <\/p>\n<p>Les decks sp\u00e9cifiques \u00e0 la faction guerri\u00e8re dans ce kit de d\u00e9marrage ont \u00e9t\u00e9 cr\u00e9\u00e9s pour le format de jeu Rivals &#8211; un format qui utilise des decks pr\u00e9-construits et qui est donc directement jouable \u00e0 partir de la bo\u00eete, ce qui vous permet de cr\u00e9er de nombreux decks vous-m\u00eame si vous \u00eates familier avec les r\u00e8gles, mais vous n&#8217;avez pas besoin de le faire pour commencer.<\/p>\n<p>Les miniatures de ce kit de jeu ne sont pas peintes et doivent \u00eatre assembl\u00e9es. Nous vous recommandons d&#8217;utiliser de la peinture Citadel Colour. <\/p>\n<\/div>\n<div>\n<div>\n<p>Cet ensemble contient<\/p>\n<ul>\n<li>Un livre de r\u00e8gles de 52 pages<\/li>\n<li>Un guide de d\u00e9marrage rapide de 52 pages<\/li>\n<li>L&#8217;\u00e9quipe compl\u00e8te de guerriers des Lointains &#8211; un groupe d&#8217;\u00c9ternels forg\u00e9s par l&#8217;orage compos\u00e9 de trois miniatures embo\u00eetables en plastique bleu pour les rendre facilement reconnaissables m\u00eame sans peinture, ainsi que des cartes de combattants et un deck Rivals complet de cartes sp\u00e9cifiques \u00e0 l&#8217;\u00e9quipe de guerriers pour d\u00e9cha\u00eener leurs nobles strat\u00e9gies au combat.<\/li>\n<li>L&#8217;\u00e9quipe compl\u00e8te des guerriers de la Garde des tombes &#8211; un groupe de guerriers squelettes compos\u00e9 de sept miniatures en plastique couleur os \u00e0 assembler, ainsi que des cartes de combattant et un deck Rivals complet de cartes sp\u00e9cifiques \u00e0 l&#8217;\u00e9quipe de guerriers, qui vous permettront de vous servir de leur puissance au combat.<\/li>\n<li>2 plans de jeu recto-verso et pliables pour composer vos champs de bataille<\/li>\n<li>Des marqueurs Warhammer Underworlds, dont des marqueurs d&#8217;objectif de mission, des marqueurs de blessure, des marqueurs de gloire et bien d&#8217;autres.<\/li>\n<li>8 d\u00e9s &#8211; 5 d\u00e9s d&#8217;attaque et 3 d\u00e9s de d\u00e9fense, assez pour les coups les plus d\u00e9vastateurs et les d\u00e9fenses les plus d\u00e9sesp\u00e9r\u00e9es !<\/li>\n<\/ul>\n<\/div>\n<\/div>\n<div>\n<div>\n<ul>\n<li><\/ul>\n<\/div>\n<\/div>\n","protected":false},"excerpt":{"rendered":"<p>Ce kit de d\u00e9marrage est le moyen id\u00e9al de commencer \u00e0 jouer \u00e0 Warhammer Underworlds. Avec deux arm\u00e9es compl\u00e8tes de<\/p>\n","protected":false},"featured_media":24318,"comment_status":"open","ping_status":"closed","template":"","meta":{"_acf_changed":false},"product_brand":[5078,5154],"product_cat":[9925,9931],"product_tag":[],"class_list":{"0":"post-321223","1":"product","2":"type-product","3":"status-publish","4":"has-post-thumbnail","6":"product_brand-games-workshop","7":"product_brand-warhammer","8":"product_cat-tabletop-fr","9":"product_cat-warhammer-underworlds-fr","11":"first","12":"instock","13":"taxable","14":"shipping-taxable","15":"purchasable","16":"product-type-simple"},"acf":[],"yoast_head":"<!-- This site is optimized with the Yoast SEO plugin v27.5 - https:\/\/yoast.com\/product\/yoast-seo-wordpress\/ -->\n<title>Ach\u00e8te Warhammer Underworlds - Kit de d\u00e9marrage - FR<\/title>\n<meta name=\"description\" content=\"Ach\u00e8te Warhammer Underworlds - Kit de d\u00e9marrage - FR en ligne maintenant \u00e0 petit prix! Ton #1 shop pour cartes TCG &amp; Pok\u00e9mon en Suisse \u2713 Livraison gratuite d\u00e8s CHF 29\" \/>\n<meta name=\"robots\" content=\"index, follow, max-snippet:-1, max-image-preview:large, max-video-preview:-1\" \/>\n<link rel=\"canonical\" href=\"https:\/\/theuncommonshop.ch\/fr\/product\/warhammer-underworlds-starterset-de-2\/\" \/>\n<meta property=\"og:locale\" content=\"fr_FR\" \/>\n<meta property=\"og:type\" content=\"article\" \/>\n<meta property=\"og:title\" content=\"Ach\u00e8te Warhammer Underworlds - Kit de d\u00e9marrage - FR\" \/>\n<meta property=\"og:description\" content=\"Ach\u00e8te Warhammer Underworlds - Kit de d\u00e9marrage - FR en ligne maintenant \u00e0 petit prix! Ton #1 shop pour cartes TCG &amp; Pok\u00e9mon en Suisse \u2713 Livraison gratuite d\u00e8s CHF 29\" \/>\n<meta property=\"og:url\" content=\"https:\/\/theuncommonshop.ch\/fr\/product\/warhammer-underworlds-starterset-de-2\/\" \/>\n<meta property=\"og:site_name\" content=\"The Uncommon Shop\" \/>\n<meta property=\"article:modified_time\" content=\"2026-03-29T07:49:51+00:00\" \/>\n<meta property=\"og:image\" content=\"https:\/\/theuncommonshop.ch\/wp-content\/uploads\/2025\/05\/3949555419.jpg\" \/>\n\t<meta property=\"og:image:width\" content=\"918\" \/>\n\t<meta property=\"og:image:height\" content=\"948\" \/>\n\t<meta property=\"og:image:type\" content=\"image\/jpeg\" \/>\n<meta name=\"twitter:card\" content=\"summary_large_image\" \/>\n<meta name=\"twitter:label1\" content=\"Prix\" \/>\n\t<meta name=\"twitter:data1\" content=\"&#067;&#072;&#070;&nbsp;49.95\" \/>\n\t<meta name=\"twitter:label2\" content=\"Disponibilit\u00e9\" \/>\n\t<meta name=\"twitter:data2\" content=\"En stock\" \/>\n<script type=\"application\/ld+json\" class=\"yoast-schema-graph\">{\"@context\":\"https:\\\/\\\/schema.org\",\"@graph\":[{\"@type\":\"WebPage\",\"@id\":\"https:\\\/\\\/theuncommonshop.ch\\\/fr\\\/product\\\/warhammer-underworlds-starterset-de-2\\\/\",\"url\":\"https:\\\/\\\/theuncommonshop.ch\\\/fr\\\/product\\\/warhammer-underworlds-starterset-de-2\\\/\",\"name\":\"Ach\u00e8te Warhammer Underworlds - Kit de d\u00e9marrage - FR\",\"isPartOf\":{\"@id\":\"https:\\\/\\\/theuncommonshop.ch\\\/fr\\\/#website\"},\"primaryImageOfPage\":{\"@id\":\"https:\\\/\\\/theuncommonshop.ch\\\/fr\\\/product\\\/warhammer-underworlds-starterset-de-2\\\/#primaryimage\"},\"image\":{\"@id\":\"https:\\\/\\\/theuncommonshop.ch\\\/fr\\\/product\\\/warhammer-underworlds-starterset-de-2\\\/#primaryimage\"},\"thumbnailUrl\":\"https:\\\/\\\/theuncommonshop.ch\\\/wp-content\\\/uploads\\\/2025\\\/05\\\/3949555419.jpg\",\"datePublished\":\"2025-06-12T12:36:55+00:00\",\"dateModified\":\"2026-03-29T07:49:51+00:00\",\"description\":\"Ach\u00e8te Warhammer Underworlds - Kit de d\u00e9marrage - FR en ligne maintenant \u00e0 petit prix! Ton #1 shop pour cartes TCG & Pok\u00e9mon en Suisse \u2713 Livraison gratuite d\u00e8s CHF 29\",\"breadcrumb\":{\"@id\":\"https:\\\/\\\/theuncommonshop.ch\\\/fr\\\/product\\\/warhammer-underworlds-starterset-de-2\\\/#breadcrumb\"},\"inLanguage\":\"fr-FR\",\"potentialAction\":[{\"@type\":\"ReadAction\",\"target\":[\"https:\\\/\\\/theuncommonshop.ch\\\/fr\\\/product\\\/warhammer-underworlds-starterset-de-2\\\/\"]}]},{\"@type\":\"ImageObject\",\"inLanguage\":\"fr-FR\",\"@id\":\"https:\\\/\\\/theuncommonshop.ch\\\/fr\\\/product\\\/warhammer-underworlds-starterset-de-2\\\/#primaryimage\",\"url\":\"https:\\\/\\\/theuncommonshop.ch\\\/wp-content\\\/uploads\\\/2025\\\/05\\\/3949555419.jpg\",\"contentUrl\":\"https:\\\/\\\/theuncommonshop.ch\\\/wp-content\\\/uploads\\\/2025\\\/05\\\/3949555419.jpg\",\"width\":918,\"height\":948},{\"@type\":\"BreadcrumbList\",\"@id\":\"https:\\\/\\\/theuncommonshop.ch\\\/fr\\\/product\\\/warhammer-underworlds-starterset-de-2\\\/#breadcrumb\",\"itemListElement\":[{\"@type\":\"ListItem\",\"position\":1,\"name\":\"Accueil\",\"item\":\"https:\\\/\\\/theuncommonshop.ch\\\/fr\\\/accueil\\\/\"},{\"@type\":\"ListItem\",\"position\":2,\"name\":\"Boutique\",\"item\":\"https:\\\/\\\/theuncommonshop.ch\\\/fr\\\/boutique\\\/\"},{\"@type\":\"ListItem\",\"position\":3,\"name\":\"Tabletop\",\"item\":\"https:\\\/\\\/theuncommonshop.ch\\\/fr\\\/categorie-produit\\\/tabletop-fr\\\/\"},{\"@type\":\"ListItem\",\"position\":4,\"name\":\"Warhammer Underworlds\",\"item\":\"https:\\\/\\\/theuncommonshop.ch\\\/fr\\\/categorie-produit\\\/tabletop-fr\\\/warhammer-underworlds-fr\\\/\"},{\"@type\":\"ListItem\",\"position\":5,\"name\":\"Warhammer Underworlds &#8211; Kit de d\u00e9marrage &#8211; FR\"}]},{\"@type\":\"WebSite\",\"@id\":\"https:\\\/\\\/theuncommonshop.ch\\\/fr\\\/#website\",\"url\":\"https:\\\/\\\/theuncommonshop.ch\\\/fr\\\/\",\"name\":\"The Uncommon Shop\",\"description\":\"Magic, Pok\u00e9mon and Yu-gi-oh - The Uncommon Shop\",\"potentialAction\":[{\"@type\":\"SearchAction\",\"target\":{\"@type\":\"EntryPoint\",\"urlTemplate\":\"https:\\\/\\\/theuncommonshop.ch\\\/fr\\\/?s={search_term_string}\"},\"query-input\":{\"@type\":\"PropertyValueSpecification\",\"valueRequired\":true,\"valueName\":\"search_term_string\"}}],\"inLanguage\":\"fr-FR\"}]}<\/script>\n<meta property=\"product:price:amount\" content=\"49.95\" \/>\n<meta property=\"product:price:currency\" content=\"CHF\" \/>\n<meta property=\"og:availability\" content=\"instock\" \/>\n<meta property=\"product:availability\" content=\"instock\" \/>\n<meta property=\"product:retailer_item_id\" content=\"WHUnderStarter\" \/>\n<meta property=\"product:condition\" content=\"new\" \/>\n<!-- \/ Yoast SEO plugin. -->","yoast_head_json":{"title":"Ach\u00e8te Warhammer Underworlds - Kit de d\u00e9marrage - FR","description":"Ach\u00e8te Warhammer Underworlds - Kit de d\u00e9marrage - FR en ligne maintenant \u00e0 petit prix! Ton #1 shop pour cartes TCG & Pok\u00e9mon en Suisse \u2713 Livraison gratuite d\u00e8s CHF 29","robots":{"index":"index","follow":"follow","max-snippet":"max-snippet:-1","max-image-preview":"max-image-preview:large","max-video-preview":"max-video-preview:-1"},"canonical":"https:\/\/theuncommonshop.ch\/fr\/product\/warhammer-underworlds-starterset-de-2\/","og_locale":"fr_FR","og_type":"article","og_title":"Ach\u00e8te Warhammer Underworlds - Kit de d\u00e9marrage - FR","og_description":"Ach\u00e8te Warhammer Underworlds - Kit de d\u00e9marrage - FR en ligne maintenant \u00e0 petit prix! Ton #1 shop pour cartes TCG & Pok\u00e9mon en Suisse \u2713 Livraison gratuite d\u00e8s CHF 29","og_url":"https:\/\/theuncommonshop.ch\/fr\/product\/warhammer-underworlds-starterset-de-2\/","og_site_name":"The Uncommon Shop","article_modified_time":"2026-03-29T07:49:51+00:00","og_image":[{"width":918,"height":948,"url":"https:\/\/theuncommonshop.ch\/wp-content\/uploads\/2025\/05\/3949555419.jpg","type":"image\/jpeg"}],"twitter_card":"summary_large_image","twitter_misc":{"Prix":"&#67;&#72;&#70;&nbsp;49.95","Disponibilit\u00e9":"En stock"},"schema":{"@context":"https:\/\/schema.org","@graph":[{"@type":"WebPage","@id":"https:\/\/theuncommonshop.ch\/fr\/product\/warhammer-underworlds-starterset-de-2\/","url":"https:\/\/theuncommonshop.ch\/fr\/product\/warhammer-underworlds-starterset-de-2\/","name":"Ach\u00e8te Warhammer Underworlds - Kit de d\u00e9marrage - FR","isPartOf":{"@id":"https:\/\/theuncommonshop.ch\/fr\/#website"},"primaryImageOfPage":{"@id":"https:\/\/theuncommonshop.ch\/fr\/product\/warhammer-underworlds-starterset-de-2\/#primaryimage"},"image":{"@id":"https:\/\/theuncommonshop.ch\/fr\/product\/warhammer-underworlds-starterset-de-2\/#primaryimage"},"thumbnailUrl":"https:\/\/theuncommonshop.ch\/wp-content\/uploads\/2025\/05\/3949555419.jpg","datePublished":"2025-06-12T12:36:55+00:00","dateModified":"2026-03-29T07:49:51+00:00","description":"Ach\u00e8te Warhammer Underworlds - Kit de d\u00e9marrage - FR en ligne maintenant \u00e0 petit prix! Ton #1 shop pour cartes TCG & Pok\u00e9mon en Suisse \u2713 Livraison gratuite d\u00e8s CHF 29","breadcrumb":{"@id":"https:\/\/theuncommonshop.ch\/fr\/product\/warhammer-underworlds-starterset-de-2\/#breadcrumb"},"inLanguage":"fr-FR","potentialAction":[{"@type":"ReadAction","target":["https:\/\/theuncommonshop.ch\/fr\/product\/warhammer-underworlds-starterset-de-2\/"]}]},{"@type":"ImageObject","inLanguage":"fr-FR","@id":"https:\/\/theuncommonshop.ch\/fr\/product\/warhammer-underworlds-starterset-de-2\/#primaryimage","url":"https:\/\/theuncommonshop.ch\/wp-content\/uploads\/2025\/05\/3949555419.jpg","contentUrl":"https:\/\/theuncommonshop.ch\/wp-content\/uploads\/2025\/05\/3949555419.jpg","width":918,"height":948},{"@type":"BreadcrumbList","@id":"https:\/\/theuncommonshop.ch\/fr\/product\/warhammer-underworlds-starterset-de-2\/#breadcrumb","itemListElement":[{"@type":"ListItem","position":1,"name":"Accueil","item":"https:\/\/theuncommonshop.ch\/fr\/accueil\/"},{"@type":"ListItem","position":2,"name":"Boutique","item":"https:\/\/theuncommonshop.ch\/fr\/boutique\/"},{"@type":"ListItem","position":3,"name":"Tabletop","item":"https:\/\/theuncommonshop.ch\/fr\/categorie-produit\/tabletop-fr\/"},{"@type":"ListItem","position":4,"name":"Warhammer Underworlds","item":"https:\/\/theuncommonshop.ch\/fr\/categorie-produit\/tabletop-fr\/warhammer-underworlds-fr\/"},{"@type":"ListItem","position":5,"name":"Warhammer Underworlds &#8211; Kit de d\u00e9marrage &#8211; FR"}]},{"@type":"WebSite","@id":"https:\/\/theuncommonshop.ch\/fr\/#website","url":"https:\/\/theuncommonshop.ch\/fr\/","name":"The Uncommon Shop","description":"Magic, Pok\u00e9mon and Yu-gi-oh - The Uncommon Shop","potentialAction":[{"@type":"SearchAction","target":{"@type":"EntryPoint","urlTemplate":"https:\/\/theuncommonshop.ch\/fr\/?s={search_term_string}"},"query-input":{"@type":"PropertyValueSpecification","valueRequired":true,"valueName":"search_term_string"}}],"inLanguage":"fr-FR"}]},"product_price_amount":"49.95","product_price_currency":"CHF","og_availability":"instock","product_availability":"instock","product_retailer_item_id":"WHUnderStarter","product_condition":"new"},"_links":{"self":[{"href":"https:\/\/theuncommonshop.ch\/fr\/wp-json\/wp\/v2\/product\/321223","targetHints":{"allow":["GET"]}}],"collection":[{"href":"https:\/\/theuncommonshop.ch\/fr\/wp-json\/wp\/v2\/product"}],"about":[{"href":"https:\/\/theuncommonshop.ch\/fr\/wp-json\/wp\/v2\/types\/product"}],"replies":[{"embeddable":true,"href":"https:\/\/theuncommonshop.ch\/fr\/wp-json\/wp\/v2\/comments?post=321223"}],"version-history":[{"count":0,"href":"https:\/\/theuncommonshop.ch\/fr\/wp-json\/wp\/v2\/product\/321223\/revisions"}],"wp:featuredmedia":[{"embeddable":true,"href":"https:\/\/theuncommonshop.ch\/fr\/wp-json\/wp\/v2\/media\/24318"}],"wp:attachment":[{"href":"https:\/\/theuncommonshop.ch\/fr\/wp-json\/wp\/v2\/media?parent=321223"}],"wp:term":[{"taxonomy":"product_brand","embeddable":true,"href":"https:\/\/theuncommonshop.ch\/fr\/wp-json\/wp\/v2\/product_brand?post=321223"},{"taxonomy":"product_cat","embeddable":true,"href":"https:\/\/theuncommonshop.ch\/fr\/wp-json\/wp\/v2\/product_cat?post=321223"},{"taxonomy":"product_tag","embeddable":true,"href":"https:\/\/theuncommonshop.ch\/fr\/wp-json\/wp\/v2\/product_tag?post=321223"}],"curies":[{"name":"wp","href":"https:\/\/api.w.org\/{rel}","templated":true}]}}