{"id":321202,"date":"2025-06-12T12:36:07","date_gmt":"2025-06-12T12:36:07","guid":{"rendered":"http:\/\/theuncommonshop.ch\/produkt\/321202\/"},"modified":"2026-03-29T09:50:20","modified_gmt":"2026-03-29T07:50:20","slug":"warhammer-age-of-sigmar-starterset-kriegerbanner-de-2","status":"publish","type":"product","link":"https:\/\/theuncommonshop.ch\/fr\/product\/warhammer-age-of-sigmar-starterset-kriegerbanner-de-2\/","title":{"rendered":"Warhammer : Age of Sigmar &#8211; Starterset Kriegerbanner &#8211; FR"},"content":{"rendered":"<p>Commencez \u00e0 jouer \u00e0 Warhammer : Age of Sigmar avec Starterset Krieger, un kit de d\u00e9marrage qui vous aidera \u00e0 commencer votre voyage dans le meilleur jeu de table fantastique au monde. Avec des mod\u00e8les, des r\u00e8gles, des guides pour d\u00e9butants et bien plus encore, ce superbe kit vous permet de vous lancer dans votre hobby sans effort &#8211; construisez vos mod\u00e8les, apprenez \u00e0 jouer et amusez-vous pendant des heures. <\/p>\n<div>\n<div>\n<p>Contenu :<\/p>\n<ul>\n<li>1x livre de 80 pages de l&#8217;\u00e9dition de la banni\u00e8re du guerrier (SC)<\/li>\n<li>1x livre de r\u00e8gles de base de 56 pages (SC)<\/li>\n<li>6x Eternels forg\u00e9s par l&#8217;orage :<\/li>\n<li>1x chevalier Arcanum<\/li>\n<li>5x Vindictors<\/li>\n<li>12x Sommet des tourbi\u00e8res :<\/li>\n<li>1x Killaboss avec 1x Picsgrot<\/li>\n<li>10xissa \u00e0 la saucisse<\/li>\n<li>4x cartes de parchemin de troupe et 2x cartes de capacit\u00e9 de fid\u00e9lit\u00e9<\/li>\n<\/ul>\n<\/div>\n<\/div>\n","protected":false},"excerpt":{"rendered":"<p>Commencez \u00e0 jouer \u00e0 Warhammer : Age of Sigmar avec Starterset Krieger, un kit de d\u00e9marrage qui vous aidera \u00e0<\/p>\n","protected":false},"featured_media":24291,"comment_status":"open","ping_status":"closed","template":"","meta":{"_acf_changed":false},"product_brand":[5078,5154],"product_cat":[9925,9929],"product_tag":[],"class_list":{"0":"post-321202","1":"product","2":"type-product","3":"status-publish","4":"has-post-thumbnail","6":"product_brand-games-workshop","7":"product_brand-warhammer","8":"product_cat-tabletop-fr","9":"product_cat-warhammer-age-of-sigmar-fr","11":"first","12":"instock","13":"taxable","14":"shipping-taxable","15":"purchasable","16":"product-type-simple"},"acf":[],"yoast_head":"<!-- This site is optimized with the Yoast SEO plugin v27.4 - https:\/\/yoast.com\/product\/yoast-seo-wordpress\/ -->\n<title>Ach\u00e8te Warhammer : Age of Sigmar - Starterset Kriegerbanner - FR<\/title>\n<meta name=\"description\" content=\"Ach\u00e8te Warhammer : Age of Sigmar - Starterset Kriegerbanner - FR en ligne maintenant \u00e0 petit prix! Ton #1 shop pour cartes TCG &amp; Pok\u00e9mon en Suisse \u2713 Livraison gratuite d\u00e8s CHF 29\" \/>\n<meta name=\"robots\" content=\"index, follow, max-snippet:-1, max-image-preview:large, max-video-preview:-1\" \/>\n<link rel=\"canonical\" href=\"https:\/\/theuncommonshop.ch\/fr\/product\/warhammer-age-of-sigmar-starterset-kriegerbanner-de-2\/\" \/>\n<meta property=\"og:locale\" content=\"fr_FR\" \/>\n<meta property=\"og:type\" content=\"article\" \/>\n<meta property=\"og:title\" content=\"Ach\u00e8te Warhammer : Age of Sigmar - Starterset Kriegerbanner - FR\" \/>\n<meta property=\"og:description\" content=\"Ach\u00e8te Warhammer : Age of Sigmar - Starterset Kriegerbanner - FR en ligne maintenant \u00e0 petit prix! Ton #1 shop pour cartes TCG &amp; Pok\u00e9mon en Suisse \u2713 Livraison gratuite d\u00e8s CHF 29\" \/>\n<meta property=\"og:url\" content=\"https:\/\/theuncommonshop.ch\/fr\/product\/warhammer-age-of-sigmar-starterset-kriegerbanner-de-2\/\" \/>\n<meta property=\"og:site_name\" content=\"Largest trading card shop in Switzerland\" \/>\n<meta property=\"article:modified_time\" content=\"2026-03-29T07:50:20+00:00\" \/>\n<meta property=\"og:image\" content=\"https:\/\/theuncommonshop.ch\/wp-content\/uploads\/2025\/05\/3949215829.jpg\" \/>\n\t<meta property=\"og:image:width\" content=\"900\" \/>\n\t<meta property=\"og:image:height\" content=\"900\" \/>\n\t<meta property=\"og:image:type\" content=\"image\/jpeg\" \/>\n<meta name=\"twitter:card\" content=\"summary_large_image\" \/>\n<meta name=\"twitter:label1\" content=\"Prix\" \/>\n\t<meta name=\"twitter:data1\" content=\"&#067;&#072;&#070;&nbsp;38.95\" \/>\n\t<meta name=\"twitter:label2\" content=\"Disponibilit\u00e9\" \/>\n\t<meta name=\"twitter:data2\" content=\"En stock\" \/>\n<script type=\"application\/ld+json\" class=\"yoast-schema-graph\">{\"@context\":\"https:\\\/\\\/schema.org\",\"@graph\":[{\"@type\":\"WebPage\",\"@id\":\"https:\\\/\\\/theuncommonshop.ch\\\/fr\\\/product\\\/warhammer-age-of-sigmar-starterset-kriegerbanner-de-2\\\/\",\"url\":\"https:\\\/\\\/theuncommonshop.ch\\\/fr\\\/product\\\/warhammer-age-of-sigmar-starterset-kriegerbanner-de-2\\\/\",\"name\":\"Ach\u00e8te Warhammer : Age of Sigmar - Starterset Kriegerbanner - FR\",\"isPartOf\":{\"@id\":\"https:\\\/\\\/theuncommonshop.ch\\\/#website\"},\"primaryImageOfPage\":{\"@id\":\"https:\\\/\\\/theuncommonshop.ch\\\/fr\\\/product\\\/warhammer-age-of-sigmar-starterset-kriegerbanner-de-2\\\/#primaryimage\"},\"image\":{\"@id\":\"https:\\\/\\\/theuncommonshop.ch\\\/fr\\\/product\\\/warhammer-age-of-sigmar-starterset-kriegerbanner-de-2\\\/#primaryimage\"},\"thumbnailUrl\":\"https:\\\/\\\/theuncommonshop.ch\\\/wp-content\\\/uploads\\\/2025\\\/05\\\/3949215829.jpg\",\"datePublished\":\"2025-06-12T12:36:07+00:00\",\"dateModified\":\"2026-03-29T07:50:20+00:00\",\"description\":\"Ach\u00e8te Warhammer : Age of Sigmar - Starterset Kriegerbanner - FR en ligne maintenant \u00e0 petit prix! Ton #1 shop pour cartes TCG & Pok\u00e9mon en Suisse \u2713 Livraison gratuite d\u00e8s CHF 29\",\"breadcrumb\":{\"@id\":\"https:\\\/\\\/theuncommonshop.ch\\\/fr\\\/product\\\/warhammer-age-of-sigmar-starterset-kriegerbanner-de-2\\\/#breadcrumb\"},\"inLanguage\":\"fr-FR\",\"potentialAction\":[{\"@type\":\"ReadAction\",\"target\":[\"https:\\\/\\\/theuncommonshop.ch\\\/fr\\\/product\\\/warhammer-age-of-sigmar-starterset-kriegerbanner-de-2\\\/\"]}]},{\"@type\":\"ImageObject\",\"inLanguage\":\"fr-FR\",\"@id\":\"https:\\\/\\\/theuncommonshop.ch\\\/fr\\\/product\\\/warhammer-age-of-sigmar-starterset-kriegerbanner-de-2\\\/#primaryimage\",\"url\":\"https:\\\/\\\/theuncommonshop.ch\\\/wp-content\\\/uploads\\\/2025\\\/05\\\/3949215829.jpg\",\"contentUrl\":\"https:\\\/\\\/theuncommonshop.ch\\\/wp-content\\\/uploads\\\/2025\\\/05\\\/3949215829.jpg\",\"width\":900,\"height\":900},{\"@type\":\"BreadcrumbList\",\"@id\":\"https:\\\/\\\/theuncommonshop.ch\\\/fr\\\/product\\\/warhammer-age-of-sigmar-starterset-kriegerbanner-de-2\\\/#breadcrumb\",\"itemListElement\":[{\"@type\":\"ListItem\",\"position\":1,\"name\":\"Accueil\",\"item\":\"https:\\\/\\\/theuncommonshop.ch\\\/fr\\\/accueil\\\/\"},{\"@type\":\"ListItem\",\"position\":2,\"name\":\"Boutique\",\"item\":\"https:\\\/\\\/theuncommonshop.ch\\\/fr\\\/boutique\\\/\"},{\"@type\":\"ListItem\",\"position\":3,\"name\":\"Tabletop\",\"item\":\"https:\\\/\\\/theuncommonshop.ch\\\/fr\\\/categorie-produit\\\/tabletop-fr\\\/\"},{\"@type\":\"ListItem\",\"position\":4,\"name\":\"Warhammer Age of Sigmar\",\"item\":\"https:\\\/\\\/theuncommonshop.ch\\\/fr\\\/categorie-produit\\\/tabletop-fr\\\/warhammer-age-of-sigmar-fr\\\/\"},{\"@type\":\"ListItem\",\"position\":5,\"name\":\"Warhammer : Age of Sigmar &#8211; Starterset Kriegerbanner &#8211; FR\"}]},{\"@type\":\"WebSite\",\"@id\":\"https:\\\/\\\/theuncommonshop.ch\\\/#website\",\"url\":\"https:\\\/\\\/theuncommonshop.ch\\\/\",\"name\":\"Largest trading card shop in Switzerland\",\"description\":\"Magic, Pok\u00e9mon and Yu-gi-oh - The Uncommon Shop\",\"potentialAction\":[{\"@type\":\"SearchAction\",\"target\":{\"@type\":\"EntryPoint\",\"urlTemplate\":\"https:\\\/\\\/theuncommonshop.ch\\\/?s={search_term_string}\"},\"query-input\":{\"@type\":\"PropertyValueSpecification\",\"valueRequired\":true,\"valueName\":\"search_term_string\"}}],\"inLanguage\":\"fr-FR\"}]}<\/script>\n<meta property=\"product:price:amount\" content=\"38.95\" \/>\n<meta property=\"product:price:currency\" content=\"CHF\" \/>\n<meta property=\"og:availability\" content=\"instock\" \/>\n<meta property=\"product:availability\" content=\"instock\" \/>\n<meta property=\"product:retailer_item_id\" content=\"WHSigmKriegerb\" \/>\n<meta property=\"product:condition\" content=\"new\" \/>\n<!-- \/ Yoast SEO plugin. -->","yoast_head_json":{"title":"Ach\u00e8te Warhammer : Age of Sigmar - Starterset Kriegerbanner - FR","description":"Ach\u00e8te Warhammer : Age of Sigmar - Starterset Kriegerbanner - FR en ligne maintenant \u00e0 petit prix! Ton #1 shop pour cartes TCG & Pok\u00e9mon en Suisse \u2713 Livraison gratuite d\u00e8s CHF 29","robots":{"index":"index","follow":"follow","max-snippet":"max-snippet:-1","max-image-preview":"max-image-preview:large","max-video-preview":"max-video-preview:-1"},"canonical":"https:\/\/theuncommonshop.ch\/fr\/product\/warhammer-age-of-sigmar-starterset-kriegerbanner-de-2\/","og_locale":"fr_FR","og_type":"article","og_title":"Ach\u00e8te Warhammer : Age of Sigmar - Starterset Kriegerbanner - FR","og_description":"Ach\u00e8te Warhammer : Age of Sigmar - Starterset Kriegerbanner - FR en ligne maintenant \u00e0 petit prix! Ton #1 shop pour cartes TCG & Pok\u00e9mon en Suisse \u2713 Livraison gratuite d\u00e8s CHF 29","og_url":"https:\/\/theuncommonshop.ch\/fr\/product\/warhammer-age-of-sigmar-starterset-kriegerbanner-de-2\/","og_site_name":"Largest trading card shop in Switzerland","article_modified_time":"2026-03-29T07:50:20+00:00","og_image":[{"width":900,"height":900,"url":"https:\/\/theuncommonshop.ch\/wp-content\/uploads\/2025\/05\/3949215829.jpg","type":"image\/jpeg"}],"twitter_card":"summary_large_image","twitter_misc":{"Prix":"&#67;&#72;&#70;&nbsp;38.95","Disponibilit\u00e9":"En stock"},"schema":{"@context":"https:\/\/schema.org","@graph":[{"@type":"WebPage","@id":"https:\/\/theuncommonshop.ch\/fr\/product\/warhammer-age-of-sigmar-starterset-kriegerbanner-de-2\/","url":"https:\/\/theuncommonshop.ch\/fr\/product\/warhammer-age-of-sigmar-starterset-kriegerbanner-de-2\/","name":"Ach\u00e8te Warhammer : Age of Sigmar - Starterset Kriegerbanner - FR","isPartOf":{"@id":"https:\/\/theuncommonshop.ch\/#website"},"primaryImageOfPage":{"@id":"https:\/\/theuncommonshop.ch\/fr\/product\/warhammer-age-of-sigmar-starterset-kriegerbanner-de-2\/#primaryimage"},"image":{"@id":"https:\/\/theuncommonshop.ch\/fr\/product\/warhammer-age-of-sigmar-starterset-kriegerbanner-de-2\/#primaryimage"},"thumbnailUrl":"https:\/\/theuncommonshop.ch\/wp-content\/uploads\/2025\/05\/3949215829.jpg","datePublished":"2025-06-12T12:36:07+00:00","dateModified":"2026-03-29T07:50:20+00:00","description":"Ach\u00e8te Warhammer : Age of Sigmar - Starterset Kriegerbanner - FR en ligne maintenant \u00e0 petit prix! Ton #1 shop pour cartes TCG & Pok\u00e9mon en Suisse \u2713 Livraison gratuite d\u00e8s CHF 29","breadcrumb":{"@id":"https:\/\/theuncommonshop.ch\/fr\/product\/warhammer-age-of-sigmar-starterset-kriegerbanner-de-2\/#breadcrumb"},"inLanguage":"fr-FR","potentialAction":[{"@type":"ReadAction","target":["https:\/\/theuncommonshop.ch\/fr\/product\/warhammer-age-of-sigmar-starterset-kriegerbanner-de-2\/"]}]},{"@type":"ImageObject","inLanguage":"fr-FR","@id":"https:\/\/theuncommonshop.ch\/fr\/product\/warhammer-age-of-sigmar-starterset-kriegerbanner-de-2\/#primaryimage","url":"https:\/\/theuncommonshop.ch\/wp-content\/uploads\/2025\/05\/3949215829.jpg","contentUrl":"https:\/\/theuncommonshop.ch\/wp-content\/uploads\/2025\/05\/3949215829.jpg","width":900,"height":900},{"@type":"BreadcrumbList","@id":"https:\/\/theuncommonshop.ch\/fr\/product\/warhammer-age-of-sigmar-starterset-kriegerbanner-de-2\/#breadcrumb","itemListElement":[{"@type":"ListItem","position":1,"name":"Accueil","item":"https:\/\/theuncommonshop.ch\/fr\/accueil\/"},{"@type":"ListItem","position":2,"name":"Boutique","item":"https:\/\/theuncommonshop.ch\/fr\/boutique\/"},{"@type":"ListItem","position":3,"name":"Tabletop","item":"https:\/\/theuncommonshop.ch\/fr\/categorie-produit\/tabletop-fr\/"},{"@type":"ListItem","position":4,"name":"Warhammer Age of Sigmar","item":"https:\/\/theuncommonshop.ch\/fr\/categorie-produit\/tabletop-fr\/warhammer-age-of-sigmar-fr\/"},{"@type":"ListItem","position":5,"name":"Warhammer : Age of Sigmar &#8211; Starterset Kriegerbanner &#8211; FR"}]},{"@type":"WebSite","@id":"https:\/\/theuncommonshop.ch\/#website","url":"https:\/\/theuncommonshop.ch\/","name":"Largest trading card shop in Switzerland","description":"Magic, Pok\u00e9mon and Yu-gi-oh - The Uncommon Shop","potentialAction":[{"@type":"SearchAction","target":{"@type":"EntryPoint","urlTemplate":"https:\/\/theuncommonshop.ch\/?s={search_term_string}"},"query-input":{"@type":"PropertyValueSpecification","valueRequired":true,"valueName":"search_term_string"}}],"inLanguage":"fr-FR"}]},"product_price_amount":"38.95","product_price_currency":"CHF","og_availability":"instock","product_availability":"instock","product_retailer_item_id":"WHSigmKriegerb","product_condition":"new"},"_links":{"self":[{"href":"https:\/\/theuncommonshop.ch\/fr\/wp-json\/wp\/v2\/product\/321202","targetHints":{"allow":["GET"]}}],"collection":[{"href":"https:\/\/theuncommonshop.ch\/fr\/wp-json\/wp\/v2\/product"}],"about":[{"href":"https:\/\/theuncommonshop.ch\/fr\/wp-json\/wp\/v2\/types\/product"}],"replies":[{"embeddable":true,"href":"https:\/\/theuncommonshop.ch\/fr\/wp-json\/wp\/v2\/comments?post=321202"}],"version-history":[{"count":2,"href":"https:\/\/theuncommonshop.ch\/fr\/wp-json\/wp\/v2\/product\/321202\/revisions"}],"predecessor-version":[{"id":357862,"href":"https:\/\/theuncommonshop.ch\/fr\/wp-json\/wp\/v2\/product\/321202\/revisions\/357862"}],"wp:featuredmedia":[{"embeddable":true,"href":"https:\/\/theuncommonshop.ch\/fr\/wp-json\/wp\/v2\/media\/24291"}],"wp:attachment":[{"href":"https:\/\/theuncommonshop.ch\/fr\/wp-json\/wp\/v2\/media?parent=321202"}],"wp:term":[{"taxonomy":"product_brand","embeddable":true,"href":"https:\/\/theuncommonshop.ch\/fr\/wp-json\/wp\/v2\/product_brand?post=321202"},{"taxonomy":"product_cat","embeddable":true,"href":"https:\/\/theuncommonshop.ch\/fr\/wp-json\/wp\/v2\/product_cat?post=321202"},{"taxonomy":"product_tag","embeddable":true,"href":"https:\/\/theuncommonshop.ch\/fr\/wp-json\/wp\/v2\/product_tag?post=321202"}],"curies":[{"name":"wp","href":"https:\/\/api.w.org\/{rel}","templated":true}]}}