{"id":321196,"date":"2025-06-12T12:30:11","date_gmt":"2025-06-12T12:30:11","guid":{"rendered":"http:\/\/theuncommonshop.ch\/produkt\/321196\/"},"modified":"2026-03-29T09:53:34","modified_gmt":"2026-03-29T07:53:34","slug":"magic-the-lost-caverns-of-ixalan-lci-collector-booster-pack-3","status":"publish","type":"product","link":"https:\/\/theuncommonshop.ch\/fr\/product\/magic-the-lost-caverns-of-ixalan-lci-collector-booster-pack-3\/","title":{"rendered":"Magic &#8211; The Lost Caverns of Ixalan (LCI) &#8211; Collector Booster Pack"},"content":{"rendered":"<div><strong>Magic &#8211; The Lost Caverns of Ixalan (LCI) &#8211; Sammler Booster Pack<\/strong><\/div>\n<div><\/div>\n<div>VOYAGEZ AU CENTRE D&#8217;IXALAN &#8211; D\u00e9couvrez de puissantes reliques et des outils pr\u00eats \u00e0 l&#8217;emploi qui vous donneront un avantage sur les dinosaures mortels, les pi\u00e8ges rus\u00e9s et les anciennes divinit\u00e9s du centre de ce monde.<\/div>\n<div>&#8211; LES MEILLEURS BOOSTERS POUR LES COLLECTEURS &#8211; Les Boosters pour collectionneurs sont un raccourci vers les cartes les plus cool dans un set, avec des boosters remplis de cartes rares, de cartes \u00e0 foil brillant, de cartes avec des illustrations alternatives sp\u00e9ciales et de cartes avec des bords alternatifs.<\/div>\n<div>&#8211; IMPRESSIONS DE CARTES SPECIALES &#8211; Uniquement incluses dans les Boosters collector. Chaque paquet contient au moins 1 carte \u00e0 bord \u00e9tendu et peut-\u00eatre m\u00eame une carte Kosmium \u00e0 encre vierge avec une illustration qui irradie le pouvoir du soleil int\u00e9rieur d&#8217;Ixalan. <\/div>\n<div>&#8211; CARTE JURASSIC WORLD DANS CHAQUE BO\u00ceTE &#8211; Dans chaque bo\u00eete, vous trouverez 1 carte de l&#8217;Au-del\u00e0 du multivers Jurassic World Collection avec des personnages et des \u00e9v\u00e9nements embl\u00e9matiques de la franchise Jurassic World.<\/div>\n<div>&#8211; JOUEZ \u00c0 UN JEU QUI MELIE LES ILLUSTRATIONS, L&#8217;HISTOIRE ET LA STRAT\u00c9GIE &#8211; Magic : The Gathering est un jeu de cartes \u00e0 collectionner qui m\u00eale une strat\u00e9gie profonde \u00e0 des illustrations et des m\u00e9canismes qui explorent les th\u00e8mes d&#8217;un monde et d&#8217;une histoire sp\u00e9cifiques &#8211; que vous souhaitiez jouer une partie d\u00e9contract\u00e9e avec des amis, collectionner des cartes cool ou participer \u00e0 des comp\u00e9titions, Magic vous accueille dans The Gathering.<\/div>\n","protected":false},"excerpt":{"rendered":"<p>Magic &#8211; The Lost Caverns of Ixalan (LCI) &#8211; Sammler Booster Pack VOYAGEZ AU CENTRE D&#8217;IXALAN &#8211; D\u00e9couvrez de puissantes<\/p>\n","protected":false},"featured_media":101541,"comment_status":"open","ping_status":"closed","template":"","meta":{"_acf_changed":false},"product_brand":[5158,5070],"product_cat":[9985,10197,9967,9991],"product_tag":[],"class_list":{"0":"post-321196","1":"product","2":"type-product","3":"status-publish","4":"has-post-thumbnail","6":"product_brand-magic-the-gathering","7":"product_brand-wizards-of-the-coast","8":"product_cat-booster-packs-fr","9":"product_cat-les-cavernes-perdues-dixalan","10":"product_cat-magic-the-gathering-fr","11":"product_cat-produits-par-lots-mtg","13":"first","14":"outofstock","15":"taxable","16":"shipping-taxable","17":"purchasable","18":"product-type-variable"},"acf":[],"yoast_head":"<!-- This site is optimized with the Yoast SEO plugin v27.4 - https:\/\/yoast.com\/product\/yoast-seo-wordpress\/ -->\n<title>Ach\u00e8te Magic - The Lost Caverns of Ixalan (LCI) - Collector Booster Pack<\/title>\n<meta name=\"description\" content=\"Ach\u00e8te Magic - The Lost Caverns of Ixalan (LCI) - Collector Booster Pack en ligne maintenant \u00e0 petit prix! Ton #1 shop pour cartes TCG &amp; Pok\u00e9mon en Suisse \u2713 Livraison gratuite d\u00e8s CHF 29\" \/>\n<meta name=\"robots\" content=\"index, follow, max-snippet:-1, max-image-preview:large, max-video-preview:-1\" \/>\n<link rel=\"canonical\" href=\"https:\/\/theuncommonshop.ch\/fr\/product\/magic-the-lost-caverns-of-ixalan-lci-collector-booster-pack-3\/\" \/>\n<meta property=\"og:locale\" content=\"fr_FR\" \/>\n<meta property=\"og:type\" content=\"article\" \/>\n<meta property=\"og:title\" content=\"Ach\u00e8te Magic - The Lost Caverns of Ixalan (LCI) - Collector Booster Pack\" \/>\n<meta property=\"og:description\" content=\"Ach\u00e8te Magic - The Lost Caverns of Ixalan (LCI) - Collector Booster Pack en ligne maintenant \u00e0 petit prix! Ton #1 shop pour cartes TCG &amp; Pok\u00e9mon en Suisse \u2713 Livraison gratuite d\u00e8s CHF 29\" \/>\n<meta property=\"og:url\" content=\"https:\/\/theuncommonshop.ch\/fr\/product\/magic-the-lost-caverns-of-ixalan-lci-collector-booster-pack-3\/\" \/>\n<meta property=\"og:site_name\" content=\"Largest trading card shop in Switzerland\" \/>\n<meta property=\"article:modified_time\" content=\"2026-03-29T07:53:34+00:00\" \/>\n<meta property=\"og:image\" content=\"https:\/\/theuncommonshop.ch\/wp-content\/uploads\/2025\/06\/3883208461.jpg\" \/>\n\t<meta property=\"og:image:width\" content=\"373\" \/>\n\t<meta property=\"og:image:height\" content=\"669\" \/>\n\t<meta property=\"og:image:type\" content=\"image\/jpeg\" \/>\n<meta name=\"twitter:card\" content=\"summary_large_image\" \/>\n<meta name=\"twitter:label1\" content=\"Disponibilit\u00e9\" \/>\n\t<meta name=\"twitter:data1\" content=\"Rupture de stock\" \/>\n<script type=\"application\/ld+json\" class=\"yoast-schema-graph\">{\"@context\":\"https:\\\/\\\/schema.org\",\"@graph\":[{\"@type\":\"WebPage\",\"@id\":\"https:\\\/\\\/theuncommonshop.ch\\\/fr\\\/product\\\/magic-the-lost-caverns-of-ixalan-lci-collector-booster-pack-3\\\/\",\"url\":\"https:\\\/\\\/theuncommonshop.ch\\\/fr\\\/product\\\/magic-the-lost-caverns-of-ixalan-lci-collector-booster-pack-3\\\/\",\"name\":\"Ach\u00e8te Magic - The Lost Caverns of Ixalan (LCI) - Collector Booster Pack\",\"isPartOf\":{\"@id\":\"https:\\\/\\\/theuncommonshop.ch\\\/#website\"},\"primaryImageOfPage\":{\"@id\":\"https:\\\/\\\/theuncommonshop.ch\\\/fr\\\/product\\\/magic-the-lost-caverns-of-ixalan-lci-collector-booster-pack-3\\\/#primaryimage\"},\"image\":{\"@id\":\"https:\\\/\\\/theuncommonshop.ch\\\/fr\\\/product\\\/magic-the-lost-caverns-of-ixalan-lci-collector-booster-pack-3\\\/#primaryimage\"},\"thumbnailUrl\":\"https:\\\/\\\/theuncommonshop.ch\\\/wp-content\\\/uploads\\\/2025\\\/06\\\/3883208461.jpg\",\"datePublished\":\"2025-06-12T12:30:11+00:00\",\"dateModified\":\"2026-03-29T07:53:34+00:00\",\"description\":\"Ach\u00e8te Magic - The Lost Caverns of Ixalan (LCI) - Collector Booster Pack en ligne maintenant \u00e0 petit prix! Ton #1 shop pour cartes TCG & Pok\u00e9mon en Suisse \u2713 Livraison gratuite d\u00e8s CHF 29\",\"breadcrumb\":{\"@id\":\"https:\\\/\\\/theuncommonshop.ch\\\/fr\\\/product\\\/magic-the-lost-caverns-of-ixalan-lci-collector-booster-pack-3\\\/#breadcrumb\"},\"inLanguage\":\"fr-FR\",\"potentialAction\":[{\"@type\":\"ReadAction\",\"target\":[\"https:\\\/\\\/theuncommonshop.ch\\\/fr\\\/product\\\/magic-the-lost-caverns-of-ixalan-lci-collector-booster-pack-3\\\/\"]}]},{\"@type\":\"ImageObject\",\"inLanguage\":\"fr-FR\",\"@id\":\"https:\\\/\\\/theuncommonshop.ch\\\/fr\\\/product\\\/magic-the-lost-caverns-of-ixalan-lci-collector-booster-pack-3\\\/#primaryimage\",\"url\":\"https:\\\/\\\/theuncommonshop.ch\\\/wp-content\\\/uploads\\\/2025\\\/06\\\/3883208461.jpg\",\"contentUrl\":\"https:\\\/\\\/theuncommonshop.ch\\\/wp-content\\\/uploads\\\/2025\\\/06\\\/3883208461.jpg\",\"width\":373,\"height\":669},{\"@type\":\"BreadcrumbList\",\"@id\":\"https:\\\/\\\/theuncommonshop.ch\\\/fr\\\/product\\\/magic-the-lost-caverns-of-ixalan-lci-collector-booster-pack-3\\\/#breadcrumb\",\"itemListElement\":[{\"@type\":\"ListItem\",\"position\":1,\"name\":\"Accueil\",\"item\":\"https:\\\/\\\/theuncommonshop.ch\\\/fr\\\/accueil\\\/\"},{\"@type\":\"ListItem\",\"position\":2,\"name\":\"Boutique\",\"item\":\"https:\\\/\\\/theuncommonshop.ch\\\/fr\\\/boutique\\\/\"},{\"@type\":\"ListItem\",\"position\":3,\"name\":\"Magic the Gathering\",\"item\":\"https:\\\/\\\/theuncommonshop.ch\\\/fr\\\/categorie-produit\\\/magic-the-gathering-fr\\\/\"},{\"@type\":\"ListItem\",\"position\":4,\"name\":\"Produits par lots\",\"item\":\"https:\\\/\\\/theuncommonshop.ch\\\/fr\\\/categorie-produit\\\/magic-the-gathering-fr\\\/produits-par-lots-mtg\\\/\"},{\"@type\":\"ListItem\",\"position\":5,\"name\":\"Les cavernes perdues d'Ixalan\",\"item\":\"https:\\\/\\\/theuncommonshop.ch\\\/fr\\\/categorie-produit\\\/magic-the-gathering-fr\\\/produits-par-lots-mtg\\\/les-cavernes-perdues-dixalan\\\/\"},{\"@type\":\"ListItem\",\"position\":6,\"name\":\"Magic &#8211; The Lost Caverns of Ixalan (LCI) &#8211; Collector Booster Pack\"}]},{\"@type\":\"WebSite\",\"@id\":\"https:\\\/\\\/theuncommonshop.ch\\\/#website\",\"url\":\"https:\\\/\\\/theuncommonshop.ch\\\/\",\"name\":\"Largest trading card shop in Switzerland\",\"description\":\"Magic, Pok\u00e9mon and Yu-gi-oh - The Uncommon Shop\",\"potentialAction\":[{\"@type\":\"SearchAction\",\"target\":{\"@type\":\"EntryPoint\",\"urlTemplate\":\"https:\\\/\\\/theuncommonshop.ch\\\/?s={search_term_string}\"},\"query-input\":{\"@type\":\"PropertyValueSpecification\",\"valueRequired\":true,\"valueName\":\"search_term_string\"}}],\"inLanguage\":\"fr-FR\"}]}<\/script>\n<meta property=\"og:availability\" content=\"out of stock\" \/>\n<meta property=\"product:availability\" content=\"out of stock\" \/>\n<meta property=\"product:condition\" content=\"new\" \/>\n<!-- \/ Yoast SEO plugin. -->","yoast_head_json":{"title":"Ach\u00e8te Magic - The Lost Caverns of Ixalan (LCI) - Collector Booster Pack","description":"Ach\u00e8te Magic - The Lost Caverns of Ixalan (LCI) - Collector Booster Pack en ligne maintenant \u00e0 petit prix! Ton #1 shop pour cartes TCG & Pok\u00e9mon en Suisse \u2713 Livraison gratuite d\u00e8s CHF 29","robots":{"index":"index","follow":"follow","max-snippet":"max-snippet:-1","max-image-preview":"max-image-preview:large","max-video-preview":"max-video-preview:-1"},"canonical":"https:\/\/theuncommonshop.ch\/fr\/product\/magic-the-lost-caverns-of-ixalan-lci-collector-booster-pack-3\/","og_locale":"fr_FR","og_type":"article","og_title":"Ach\u00e8te Magic - The Lost Caverns of Ixalan (LCI) - Collector Booster Pack","og_description":"Ach\u00e8te Magic - The Lost Caverns of Ixalan (LCI) - Collector Booster Pack en ligne maintenant \u00e0 petit prix! Ton #1 shop pour cartes TCG & Pok\u00e9mon en Suisse \u2713 Livraison gratuite d\u00e8s CHF 29","og_url":"https:\/\/theuncommonshop.ch\/fr\/product\/magic-the-lost-caverns-of-ixalan-lci-collector-booster-pack-3\/","og_site_name":"Largest trading card shop in Switzerland","article_modified_time":"2026-03-29T07:53:34+00:00","og_image":[{"width":373,"height":669,"url":"https:\/\/theuncommonshop.ch\/wp-content\/uploads\/2025\/06\/3883208461.jpg","type":"image\/jpeg"}],"twitter_card":"summary_large_image","twitter_misc":{"Disponibilit\u00e9":"Rupture de stock"},"schema":{"@context":"https:\/\/schema.org","@graph":[{"@type":"WebPage","@id":"https:\/\/theuncommonshop.ch\/fr\/product\/magic-the-lost-caverns-of-ixalan-lci-collector-booster-pack-3\/","url":"https:\/\/theuncommonshop.ch\/fr\/product\/magic-the-lost-caverns-of-ixalan-lci-collector-booster-pack-3\/","name":"Ach\u00e8te Magic - The Lost Caverns of Ixalan (LCI) - Collector Booster Pack","isPartOf":{"@id":"https:\/\/theuncommonshop.ch\/#website"},"primaryImageOfPage":{"@id":"https:\/\/theuncommonshop.ch\/fr\/product\/magic-the-lost-caverns-of-ixalan-lci-collector-booster-pack-3\/#primaryimage"},"image":{"@id":"https:\/\/theuncommonshop.ch\/fr\/product\/magic-the-lost-caverns-of-ixalan-lci-collector-booster-pack-3\/#primaryimage"},"thumbnailUrl":"https:\/\/theuncommonshop.ch\/wp-content\/uploads\/2025\/06\/3883208461.jpg","datePublished":"2025-06-12T12:30:11+00:00","dateModified":"2026-03-29T07:53:34+00:00","description":"Ach\u00e8te Magic - The Lost Caverns of Ixalan (LCI) - Collector Booster Pack en ligne maintenant \u00e0 petit prix! Ton #1 shop pour cartes TCG & Pok\u00e9mon en Suisse \u2713 Livraison gratuite d\u00e8s CHF 29","breadcrumb":{"@id":"https:\/\/theuncommonshop.ch\/fr\/product\/magic-the-lost-caverns-of-ixalan-lci-collector-booster-pack-3\/#breadcrumb"},"inLanguage":"fr-FR","potentialAction":[{"@type":"ReadAction","target":["https:\/\/theuncommonshop.ch\/fr\/product\/magic-the-lost-caverns-of-ixalan-lci-collector-booster-pack-3\/"]}]},{"@type":"ImageObject","inLanguage":"fr-FR","@id":"https:\/\/theuncommonshop.ch\/fr\/product\/magic-the-lost-caverns-of-ixalan-lci-collector-booster-pack-3\/#primaryimage","url":"https:\/\/theuncommonshop.ch\/wp-content\/uploads\/2025\/06\/3883208461.jpg","contentUrl":"https:\/\/theuncommonshop.ch\/wp-content\/uploads\/2025\/06\/3883208461.jpg","width":373,"height":669},{"@type":"BreadcrumbList","@id":"https:\/\/theuncommonshop.ch\/fr\/product\/magic-the-lost-caverns-of-ixalan-lci-collector-booster-pack-3\/#breadcrumb","itemListElement":[{"@type":"ListItem","position":1,"name":"Accueil","item":"https:\/\/theuncommonshop.ch\/fr\/accueil\/"},{"@type":"ListItem","position":2,"name":"Boutique","item":"https:\/\/theuncommonshop.ch\/fr\/boutique\/"},{"@type":"ListItem","position":3,"name":"Magic the Gathering","item":"https:\/\/theuncommonshop.ch\/fr\/categorie-produit\/magic-the-gathering-fr\/"},{"@type":"ListItem","position":4,"name":"Produits par lots","item":"https:\/\/theuncommonshop.ch\/fr\/categorie-produit\/magic-the-gathering-fr\/produits-par-lots-mtg\/"},{"@type":"ListItem","position":5,"name":"Les cavernes perdues d'Ixalan","item":"https:\/\/theuncommonshop.ch\/fr\/categorie-produit\/magic-the-gathering-fr\/produits-par-lots-mtg\/les-cavernes-perdues-dixalan\/"},{"@type":"ListItem","position":6,"name":"Magic &#8211; The Lost Caverns of Ixalan (LCI) &#8211; Collector Booster Pack"}]},{"@type":"WebSite","@id":"https:\/\/theuncommonshop.ch\/#website","url":"https:\/\/theuncommonshop.ch\/","name":"Largest trading card shop in Switzerland","description":"Magic, Pok\u00e9mon and Yu-gi-oh - The Uncommon Shop","potentialAction":[{"@type":"SearchAction","target":{"@type":"EntryPoint","urlTemplate":"https:\/\/theuncommonshop.ch\/?s={search_term_string}"},"query-input":{"@type":"PropertyValueSpecification","valueRequired":true,"valueName":"search_term_string"}}],"inLanguage":"fr-FR"}]},"og_availability":"out of stock","product_availability":"out of stock","product_condition":"new"},"_links":{"self":[{"href":"https:\/\/theuncommonshop.ch\/fr\/wp-json\/wp\/v2\/product\/321196","targetHints":{"allow":["GET"]}}],"collection":[{"href":"https:\/\/theuncommonshop.ch\/fr\/wp-json\/wp\/v2\/product"}],"about":[{"href":"https:\/\/theuncommonshop.ch\/fr\/wp-json\/wp\/v2\/types\/product"}],"replies":[{"embeddable":true,"href":"https:\/\/theuncommonshop.ch\/fr\/wp-json\/wp\/v2\/comments?post=321196"}],"version-history":[{"count":1,"href":"https:\/\/theuncommonshop.ch\/fr\/wp-json\/wp\/v2\/product\/321196\/revisions"}],"predecessor-version":[{"id":321201,"href":"https:\/\/theuncommonshop.ch\/fr\/wp-json\/wp\/v2\/product\/321196\/revisions\/321201"}],"wp:featuredmedia":[{"embeddable":true,"href":"https:\/\/theuncommonshop.ch\/fr\/wp-json\/wp\/v2\/media\/101541"}],"wp:attachment":[{"href":"https:\/\/theuncommonshop.ch\/fr\/wp-json\/wp\/v2\/media?parent=321196"}],"wp:term":[{"taxonomy":"product_brand","embeddable":true,"href":"https:\/\/theuncommonshop.ch\/fr\/wp-json\/wp\/v2\/product_brand?post=321196"},{"taxonomy":"product_cat","embeddable":true,"href":"https:\/\/theuncommonshop.ch\/fr\/wp-json\/wp\/v2\/product_cat?post=321196"},{"taxonomy":"product_tag","embeddable":true,"href":"https:\/\/theuncommonshop.ch\/fr\/wp-json\/wp\/v2\/product_tag?post=321196"}],"curies":[{"name":"wp","href":"https:\/\/api.w.org\/{rel}","templated":true}]}}