{"id":321190,"date":"2025-06-12T12:35:30","date_gmt":"2025-06-12T12:35:30","guid":{"rendered":"http:\/\/theuncommonshop.ch\/produkt\/321190\/"},"modified":"2026-03-29T09:50:34","modified_gmt":"2026-03-29T07:50:34","slug":"warhammer-40-000-einsteigerset-de-2","status":"publish","type":"product","link":"https:\/\/theuncommonshop.ch\/fr\/product\/warhammer-40-000-einsteigerset-de-2\/","title":{"rendered":"Warhammer 40.000 &#8211; Kit d&#8217;initiation &#8211; FR"},"content":{"rendered":"<p><em>Il n&#8217;y a pas de paix dans les t\u00e9n\u00e8bres d&#8217;un futur lointain.<\/em><\/p>\n<p>Sur les mondes dispers\u00e9s de l&#8217;Empire Humain, dans une galaxie en proie \u00e0 des temp\u00eates de distorsion et \u00e0 des conflits sans fin, les arm\u00e9es de l&#8217;humanit\u00e9 luttent pour leur survie. L&#8217;Empire est d\u00e9j\u00e0 au bord de l&#8217;an\u00e9antissement et les flottes d&#8217;essaims de Tyranids \u00e9mergent du froid vide qui r\u00e8gne entre les \u00e9toiles. Les Space Marines constituent la derni\u00e8re ligne de d\u00e9fense entre l&#8217;insatiable menace x\u00e9nos et les mondes en d\u00e9tresse de l&#8217;Empire de l&#8217;Empereur.  <\/p>\n<p>Faites vos premiers pas dans le 41e mill\u00e9naire avec le coffret d&#8217;initiation \u00e0 Warhammer 40.000. Cette Hobby Box est une excellente fa\u00e7on de vous familiariser avec ce grand hobby, car vous pouvez assembler et peindre des mod\u00e8les incroyables, puis disputer vos premi\u00e8res parties. Choisissez entre les nobles Space Marines et les essaims de Tyranids, confiez le commandement de l&#8217;autre arm\u00e9e \u00e0 un ami ou \u00e0 un membre de votre famille et amusez-vous pendant des heures en vous affrontant. Si vous voulez essayer Warhammer 40.000, c&#8217;est l&#8217;occasion &#8211; et cette bo\u00eete est aussi un excellent moyen de d\u00e9velopper vos collections existantes.   <\/p>\n<p>Cette bo\u00eete contient<\/p>\n<p>1 manuel de 48 pages \u00e0 couverture souple<em>du kit d&#8217;initiation \u00e0 Warhammer 40.000<\/em> &#8211; avec des instructions de construction, des tutoriels sur les r\u00e8gles et les premi\u00e8res missions, pour que vous appreniez tout ce qui est important sans probl\u00e8mes ni maux de t\u00eate.<\/p>\n<p>16x miniatures en plastique Citadel \u00e0 assembler &#8211; cette bo\u00eete contient deux Box Set de miniatures que vous pouvez assembler, peindre et avec lesquelles vous pouvez jouer &#8211; toutes con\u00e7ues pour \u00eatre assembl\u00e9es sans colle afin que vous puissiez commencer avec le moins d&#8217;effort possible. Toutes les miniatures sont accompagn\u00e9es de leur Base et la bo\u00eete offre en d\u00e9tail : <\/p>\n<p>5x Space Marines<\/p>\n<p>Des soldats g\u00e9n\u00e9tiquement am\u00e9lior\u00e9s, con\u00e7us pour la guerre. Leurs capacit\u00e9s d\u00e9j\u00e0 mortelles sont encore am\u00e9lior\u00e9es par leur armure de servitude, qui augmente leur force et leur endurance, et des armes brutales pour an\u00e9antir tout ennemi. <\/p>\n<p>&#8211; 5x Infernus Marines : guerriers en armure portant de puissantes armes \u00e0 feu pour tenir \u00e0 distance les essaims ennemis.<\/p>\n<p>11x Tyranids<\/p>\n<p>Des cr\u00e9atures totalement \u00e9tranges venues d&#8217;une galaxie lointaine et dirig\u00e9es par un essaim de conscience. Leur seule ambition est de d\u00e9vorer toute vie pour l&#8217;absorber et transformer sa biomasse en de nouvelles cr\u00e9atures toujours plus abjectes. <\/p>\n<p>&#8211; 10x Termagants : Des hordes grouillantes de cr\u00e9atures tyranides simples dont les armes tirent des munitions vivantes.<\/p>\n<p>&#8211; 1x essaim d&#8217;absorbeurs : petites cr\u00e9atures dont le r\u00f4le est d&#8217;achever les ennemis affaiblis en leur rongeant les os.<\/p>\n<p>1x plan de jeu recto-verso de 30 pouces par 22,4 pouces &#8211; un plan de jeu en papier pliable avec diff\u00e9rents champs de bataille de chaque c\u00f4t\u00e9.<\/p>\n<p>1x t\u00e9l\u00e9m\u00e8tre et 6 cubes \u00e0 six faces &#8211; vous aurez besoin de ces accessoires de base dans tous les jeux Warhammer 40.000 pour vous d\u00e9placer, tirer, vous battre au corps \u00e0 corps et plus encore.<\/p>\n<p>22x marqueurs en carton et marqueurs de terrain &#8211; ces marqueurs repr\u00e9sentent des murs et des objectifs de mission, ainsi que des marqueurs d&#8217;activation pour vous aider \u00e0 garder une trace de vos mouvements.<\/p>\n<p>1x Pince coupante lat\u00e9rale de d\u00e9marrage Citadel &#8211; L&#8217;outil parfait pour d\u00e9tacher vos nouveaux mod\u00e8les de leur cadre en fonte.<\/p>\n<p>1x Pinceau de d\u00e9marrage Citadel Colour &#8211; Un superbe pinceau polyvalent qui vous aidera \u00e0 pr\u00e9parer vos mod\u00e8les pour le combat.<\/p>\n<p>5x pots de peinture (12 ml) de Citadel Colour &#8211; les couleurs id\u00e9ales pour peindre vos mod\u00e8les aux couleurs des Ultramarines et de l&#8217;escadre Leviathan, pr\u00eats \u00e0 combattre :<\/p>\n<p>&#8211; 1x Abaddon Black<\/p>\n<p>&#8211; 1x Wraithbone<\/p>\n<p>&#8211; 1x Balthasar Or<\/p>\n<p>&#8211; 1x Naggaroth Night<\/p>\n<p>&#8211; 1x Macragge Blue<\/p>\n<p>Ces miniatures ne sont pas peintes et doivent \u00eatre assembl\u00e9es &#8211; nous vous recommandons d&#8217;utiliser de la peinture Citadel Colour.<span><\/span><\/p>\n","protected":false},"excerpt":{"rendered":"<p>Il n&#8217;y a pas de paix dans les t\u00e9n\u00e8bres d&#8217;un futur lointain. Sur les mondes dispers\u00e9s de l&#8217;Empire Humain, dans<\/p>\n","protected":false},"featured_media":24269,"comment_status":"open","ping_status":"closed","template":"","meta":{"_acf_changed":false},"product_brand":[5078,5154],"product_cat":[9925,9927],"product_tag":[],"class_list":{"0":"post-321190","1":"product","2":"type-product","3":"status-publish","4":"has-post-thumbnail","6":"product_brand-games-workshop","7":"product_brand-warhammer","8":"product_cat-tabletop-fr","9":"product_cat-warhammer-40k-fr","11":"first","12":"outofstock","13":"taxable","14":"shipping-taxable","15":"purchasable","16":"product-type-variable"},"acf":[],"yoast_head":"<!-- This site is optimized with the Yoast SEO plugin v27.4 - https:\/\/yoast.com\/product\/yoast-seo-wordpress\/ -->\n<title>Ach\u00e8te Warhammer 40.000 - Kit d&#039;initiation - FR<\/title>\n<meta name=\"description\" content=\"Ach\u00e8te Warhammer 40.000 - Kit d&#039;initiation - FR en ligne maintenant \u00e0 petit prix! Ton #1 shop pour cartes TCG &amp; Pok\u00e9mon en Suisse \u2713 Livraison gratuite d\u00e8s CHF 29\" \/>\n<meta name=\"robots\" content=\"index, follow, max-snippet:-1, max-image-preview:large, max-video-preview:-1\" \/>\n<link rel=\"canonical\" href=\"https:\/\/theuncommonshop.ch\/fr\/product\/warhammer-40-000-einsteigerset-de-2\/\" \/>\n<meta property=\"og:locale\" content=\"fr_FR\" \/>\n<meta property=\"og:type\" content=\"article\" \/>\n<meta property=\"og:title\" content=\"Ach\u00e8te Warhammer 40.000 - Kit d&#039;initiation - FR\" \/>\n<meta property=\"og:description\" content=\"Ach\u00e8te Warhammer 40.000 - Kit d&#039;initiation - FR en ligne maintenant \u00e0 petit prix! Ton #1 shop pour cartes TCG &amp; Pok\u00e9mon en Suisse \u2713 Livraison gratuite d\u00e8s CHF 29\" \/>\n<meta property=\"og:url\" content=\"https:\/\/theuncommonshop.ch\/fr\/product\/warhammer-40-000-einsteigerset-de-2\/\" \/>\n<meta property=\"og:site_name\" content=\"Largest trading card shop in Switzerland\" \/>\n<meta property=\"article:modified_time\" content=\"2026-03-29T07:50:34+00:00\" \/>\n<meta property=\"og:image\" content=\"https:\/\/theuncommonshop.ch\/wp-content\/uploads\/2025\/05\/3946999298.jpg\" \/>\n\t<meta property=\"og:image:width\" content=\"920\" \/>\n\t<meta property=\"og:image:height\" content=\"950\" \/>\n\t<meta property=\"og:image:type\" content=\"image\/jpeg\" \/>\n<meta name=\"twitter:card\" content=\"summary_large_image\" \/>\n<meta name=\"twitter:label1\" content=\"Disponibilit\u00e9\" \/>\n\t<meta name=\"twitter:data1\" content=\"Rupture de stock\" \/>\n<script type=\"application\/ld+json\" class=\"yoast-schema-graph\">{\"@context\":\"https:\\\/\\\/schema.org\",\"@graph\":[{\"@type\":\"WebPage\",\"@id\":\"https:\\\/\\\/theuncommonshop.ch\\\/fr\\\/product\\\/warhammer-40-000-einsteigerset-de-2\\\/\",\"url\":\"https:\\\/\\\/theuncommonshop.ch\\\/fr\\\/product\\\/warhammer-40-000-einsteigerset-de-2\\\/\",\"name\":\"Ach\u00e8te Warhammer 40.000 - Kit d'initiation - FR\",\"isPartOf\":{\"@id\":\"https:\\\/\\\/theuncommonshop.ch\\\/#website\"},\"primaryImageOfPage\":{\"@id\":\"https:\\\/\\\/theuncommonshop.ch\\\/fr\\\/product\\\/warhammer-40-000-einsteigerset-de-2\\\/#primaryimage\"},\"image\":{\"@id\":\"https:\\\/\\\/theuncommonshop.ch\\\/fr\\\/product\\\/warhammer-40-000-einsteigerset-de-2\\\/#primaryimage\"},\"thumbnailUrl\":\"https:\\\/\\\/theuncommonshop.ch\\\/wp-content\\\/uploads\\\/2025\\\/05\\\/3946999298.jpg\",\"datePublished\":\"2025-06-12T12:35:30+00:00\",\"dateModified\":\"2026-03-29T07:50:34+00:00\",\"description\":\"Ach\u00e8te Warhammer 40.000 - Kit d'initiation - FR en ligne maintenant \u00e0 petit prix! Ton #1 shop pour cartes TCG & Pok\u00e9mon en Suisse \u2713 Livraison gratuite d\u00e8s CHF 29\",\"breadcrumb\":{\"@id\":\"https:\\\/\\\/theuncommonshop.ch\\\/fr\\\/product\\\/warhammer-40-000-einsteigerset-de-2\\\/#breadcrumb\"},\"inLanguage\":\"fr-FR\",\"potentialAction\":[{\"@type\":\"ReadAction\",\"target\":[\"https:\\\/\\\/theuncommonshop.ch\\\/fr\\\/product\\\/warhammer-40-000-einsteigerset-de-2\\\/\"]}]},{\"@type\":\"ImageObject\",\"inLanguage\":\"fr-FR\",\"@id\":\"https:\\\/\\\/theuncommonshop.ch\\\/fr\\\/product\\\/warhammer-40-000-einsteigerset-de-2\\\/#primaryimage\",\"url\":\"https:\\\/\\\/theuncommonshop.ch\\\/wp-content\\\/uploads\\\/2025\\\/05\\\/3946999298.jpg\",\"contentUrl\":\"https:\\\/\\\/theuncommonshop.ch\\\/wp-content\\\/uploads\\\/2025\\\/05\\\/3946999298.jpg\",\"width\":920,\"height\":950},{\"@type\":\"BreadcrumbList\",\"@id\":\"https:\\\/\\\/theuncommonshop.ch\\\/fr\\\/product\\\/warhammer-40-000-einsteigerset-de-2\\\/#breadcrumb\",\"itemListElement\":[{\"@type\":\"ListItem\",\"position\":1,\"name\":\"Accueil\",\"item\":\"https:\\\/\\\/theuncommonshop.ch\\\/fr\\\/accueil\\\/\"},{\"@type\":\"ListItem\",\"position\":2,\"name\":\"Boutique\",\"item\":\"https:\\\/\\\/theuncommonshop.ch\\\/fr\\\/boutique\\\/\"},{\"@type\":\"ListItem\",\"position\":3,\"name\":\"Tabletop\",\"item\":\"https:\\\/\\\/theuncommonshop.ch\\\/fr\\\/categorie-produit\\\/tabletop-fr\\\/\"},{\"@type\":\"ListItem\",\"position\":4,\"name\":\"Warhammer 40k\",\"item\":\"https:\\\/\\\/theuncommonshop.ch\\\/fr\\\/categorie-produit\\\/tabletop-fr\\\/warhammer-40k-fr\\\/\"},{\"@type\":\"ListItem\",\"position\":5,\"name\":\"Warhammer 40.000 &#8211; Kit d&#8217;initiation &#8211; FR\"}]},{\"@type\":\"WebSite\",\"@id\":\"https:\\\/\\\/theuncommonshop.ch\\\/#website\",\"url\":\"https:\\\/\\\/theuncommonshop.ch\\\/\",\"name\":\"Largest trading card shop in Switzerland\",\"description\":\"Magic, Pok\u00e9mon and Yu-gi-oh - The Uncommon Shop\",\"potentialAction\":[{\"@type\":\"SearchAction\",\"target\":{\"@type\":\"EntryPoint\",\"urlTemplate\":\"https:\\\/\\\/theuncommonshop.ch\\\/?s={search_term_string}\"},\"query-input\":{\"@type\":\"PropertyValueSpecification\",\"valueRequired\":true,\"valueName\":\"search_term_string\"}}],\"inLanguage\":\"fr-FR\"}]}<\/script>\n<meta property=\"og:availability\" content=\"out of stock\" \/>\n<meta property=\"product:availability\" content=\"out of stock\" \/>\n<meta property=\"product:retailer_item_id\" content=\"WHEinsteigersetDE\" \/>\n<meta property=\"product:condition\" content=\"new\" \/>\n<!-- \/ Yoast SEO plugin. -->","yoast_head_json":{"title":"Ach\u00e8te Warhammer 40.000 - Kit d'initiation - FR","description":"Ach\u00e8te Warhammer 40.000 - Kit d'initiation - FR en ligne maintenant \u00e0 petit prix! Ton #1 shop pour cartes TCG & Pok\u00e9mon en Suisse \u2713 Livraison gratuite d\u00e8s CHF 29","robots":{"index":"index","follow":"follow","max-snippet":"max-snippet:-1","max-image-preview":"max-image-preview:large","max-video-preview":"max-video-preview:-1"},"canonical":"https:\/\/theuncommonshop.ch\/fr\/product\/warhammer-40-000-einsteigerset-de-2\/","og_locale":"fr_FR","og_type":"article","og_title":"Ach\u00e8te Warhammer 40.000 - Kit d'initiation - FR","og_description":"Ach\u00e8te Warhammer 40.000 - Kit d'initiation - FR en ligne maintenant \u00e0 petit prix! Ton #1 shop pour cartes TCG & Pok\u00e9mon en Suisse \u2713 Livraison gratuite d\u00e8s CHF 29","og_url":"https:\/\/theuncommonshop.ch\/fr\/product\/warhammer-40-000-einsteigerset-de-2\/","og_site_name":"Largest trading card shop in Switzerland","article_modified_time":"2026-03-29T07:50:34+00:00","og_image":[{"width":920,"height":950,"url":"https:\/\/theuncommonshop.ch\/wp-content\/uploads\/2025\/05\/3946999298.jpg","type":"image\/jpeg"}],"twitter_card":"summary_large_image","twitter_misc":{"Disponibilit\u00e9":"Rupture de stock"},"schema":{"@context":"https:\/\/schema.org","@graph":[{"@type":"WebPage","@id":"https:\/\/theuncommonshop.ch\/fr\/product\/warhammer-40-000-einsteigerset-de-2\/","url":"https:\/\/theuncommonshop.ch\/fr\/product\/warhammer-40-000-einsteigerset-de-2\/","name":"Ach\u00e8te Warhammer 40.000 - Kit d'initiation - FR","isPartOf":{"@id":"https:\/\/theuncommonshop.ch\/#website"},"primaryImageOfPage":{"@id":"https:\/\/theuncommonshop.ch\/fr\/product\/warhammer-40-000-einsteigerset-de-2\/#primaryimage"},"image":{"@id":"https:\/\/theuncommonshop.ch\/fr\/product\/warhammer-40-000-einsteigerset-de-2\/#primaryimage"},"thumbnailUrl":"https:\/\/theuncommonshop.ch\/wp-content\/uploads\/2025\/05\/3946999298.jpg","datePublished":"2025-06-12T12:35:30+00:00","dateModified":"2026-03-29T07:50:34+00:00","description":"Ach\u00e8te Warhammer 40.000 - Kit d'initiation - FR en ligne maintenant \u00e0 petit prix! Ton #1 shop pour cartes TCG & Pok\u00e9mon en Suisse \u2713 Livraison gratuite d\u00e8s CHF 29","breadcrumb":{"@id":"https:\/\/theuncommonshop.ch\/fr\/product\/warhammer-40-000-einsteigerset-de-2\/#breadcrumb"},"inLanguage":"fr-FR","potentialAction":[{"@type":"ReadAction","target":["https:\/\/theuncommonshop.ch\/fr\/product\/warhammer-40-000-einsteigerset-de-2\/"]}]},{"@type":"ImageObject","inLanguage":"fr-FR","@id":"https:\/\/theuncommonshop.ch\/fr\/product\/warhammer-40-000-einsteigerset-de-2\/#primaryimage","url":"https:\/\/theuncommonshop.ch\/wp-content\/uploads\/2025\/05\/3946999298.jpg","contentUrl":"https:\/\/theuncommonshop.ch\/wp-content\/uploads\/2025\/05\/3946999298.jpg","width":920,"height":950},{"@type":"BreadcrumbList","@id":"https:\/\/theuncommonshop.ch\/fr\/product\/warhammer-40-000-einsteigerset-de-2\/#breadcrumb","itemListElement":[{"@type":"ListItem","position":1,"name":"Accueil","item":"https:\/\/theuncommonshop.ch\/fr\/accueil\/"},{"@type":"ListItem","position":2,"name":"Boutique","item":"https:\/\/theuncommonshop.ch\/fr\/boutique\/"},{"@type":"ListItem","position":3,"name":"Tabletop","item":"https:\/\/theuncommonshop.ch\/fr\/categorie-produit\/tabletop-fr\/"},{"@type":"ListItem","position":4,"name":"Warhammer 40k","item":"https:\/\/theuncommonshop.ch\/fr\/categorie-produit\/tabletop-fr\/warhammer-40k-fr\/"},{"@type":"ListItem","position":5,"name":"Warhammer 40.000 &#8211; Kit d&#8217;initiation &#8211; FR"}]},{"@type":"WebSite","@id":"https:\/\/theuncommonshop.ch\/#website","url":"https:\/\/theuncommonshop.ch\/","name":"Largest trading card shop in Switzerland","description":"Magic, Pok\u00e9mon and Yu-gi-oh - The Uncommon Shop","potentialAction":[{"@type":"SearchAction","target":{"@type":"EntryPoint","urlTemplate":"https:\/\/theuncommonshop.ch\/?s={search_term_string}"},"query-input":{"@type":"PropertyValueSpecification","valueRequired":true,"valueName":"search_term_string"}}],"inLanguage":"fr-FR"}]},"og_availability":"out of stock","product_availability":"out of stock","product_retailer_item_id":"WHEinsteigersetDE","product_condition":"new"},"_links":{"self":[{"href":"https:\/\/theuncommonshop.ch\/fr\/wp-json\/wp\/v2\/product\/321190","targetHints":{"allow":["GET"]}}],"collection":[{"href":"https:\/\/theuncommonshop.ch\/fr\/wp-json\/wp\/v2\/product"}],"about":[{"href":"https:\/\/theuncommonshop.ch\/fr\/wp-json\/wp\/v2\/types\/product"}],"replies":[{"embeddable":true,"href":"https:\/\/theuncommonshop.ch\/fr\/wp-json\/wp\/v2\/comments?post=321190"}],"version-history":[{"count":2,"href":"https:\/\/theuncommonshop.ch\/fr\/wp-json\/wp\/v2\/product\/321190\/revisions"}],"predecessor-version":[{"id":357864,"href":"https:\/\/theuncommonshop.ch\/fr\/wp-json\/wp\/v2\/product\/321190\/revisions\/357864"}],"wp:featuredmedia":[{"embeddable":true,"href":"https:\/\/theuncommonshop.ch\/fr\/wp-json\/wp\/v2\/media\/24269"}],"wp:attachment":[{"href":"https:\/\/theuncommonshop.ch\/fr\/wp-json\/wp\/v2\/media?parent=321190"}],"wp:term":[{"taxonomy":"product_brand","embeddable":true,"href":"https:\/\/theuncommonshop.ch\/fr\/wp-json\/wp\/v2\/product_brand?post=321190"},{"taxonomy":"product_cat","embeddable":true,"href":"https:\/\/theuncommonshop.ch\/fr\/wp-json\/wp\/v2\/product_cat?post=321190"},{"taxonomy":"product_tag","embeddable":true,"href":"https:\/\/theuncommonshop.ch\/fr\/wp-json\/wp\/v2\/product_tag?post=321190"}],"curies":[{"name":"wp","href":"https:\/\/api.w.org\/{rel}","templated":true}]}}