{"id":320912,"date":"2025-06-12T11:46:53","date_gmt":"2025-06-12T11:46:53","guid":{"rendered":"http:\/\/theuncommonshop.ch\/produkt\/320912\/"},"modified":"2026-03-29T15:42:41","modified_gmt":"2026-03-29T13:42:41","slug":"yu-gi-oh-saga-of-blue-eyes-white-dragon-structure-deck-unlimited-2","status":"publish","type":"product","link":"https:\/\/theuncommonshop.ch\/fr\/product\/yu-gi-oh-saga-of-blue-eyes-white-dragon-structure-deck-unlimited-2\/","title":{"rendered":"Yu-Gi-Oh ! &#8211; Saga of Blue-Eyes White Dragon &#8211; Structure Deck (Unlimited)"},"content":{"rendered":"<p>Rien n&#8217;est plus l\u00e9gendaire dans l&#8217;univers Yu-Gi-Oh ! TRADING CARD GAME que le dragon aux yeux bleus w. Dragon. Depuis le d\u00e9but des temps, l&#8217;Homme aux yeux bleus \u00e9tait le monstre le plus puissant, avec lequel peu d&#8217;autres monstres pouvaient rivaliser.  <\/p>\n<div>\n<p>Maintenant, la l\u00e9gende revient pour d\u00e9truire tous les ennemis avec de nouveaux pouvoirs ! Le Ring est libre pour le Structure Deck Saga of Blue-Eyes White Dragon, avec le w. bleu aux yeux bleus. Dragon comme acteur principal. <\/p>\n<p>Et ce n&#8217;est pas fini ! Le rideau se l\u00e8ve sur le Dragon argent\u00e9 aux yeux bleus du ciel, un nouveau monstre synchro puissant qui aura un impact \u00e9norme sur le cours du jeu. Jamais auparavant un Structure Deck bas\u00e9 sur une carte aussi puissante n&#8217;avait \u00e9t\u00e9 publi\u00e9. Ce deck n&#8217;est vraiment pas pour les \u00e2mes sensibles !   <\/p>\n<p>Les duellistes peuvent \u00e9galement profiter de synergies avec les cartes de Judgment of the Light, Lord of the Tachyon Galaxy et Cosmo Blazer !<\/p>\n<p>Le Yu-Gi-Oh ! Structure Deck : Saga Blue-Eyes White Dragon contient : <\/p>\n<ul>\n<li>41 cartes :\n<ul>\n<li>37 cartes Common<\/li>\n<li>2 cartes Ultra Rares<\/li>\n<\/ul>\n<\/li>\n<\/ul>\n<\/div>\n","protected":false},"excerpt":{"rendered":"<p>Rien n&#8217;est plus l\u00e9gendaire dans l&#8217;univers Yu-Gi-Oh ! TRADING CARD GAME que le dragon aux yeux bleus w. Dragon. Depuis<\/p>\n","protected":false},"featured_media":22154,"comment_status":"open","ping_status":"closed","template":"","meta":{"_acf_changed":false},"product_brand":[5074,5112],"product_cat":[9837,9779],"product_tag":[],"class_list":{"0":"post-320912","1":"product","2":"type-product","3":"status-publish","4":"has-post-thumbnail","6":"product_brand-konami","7":"product_brand-yu-gi-oh","8":"product_cat-decks-yugioh","9":"product_cat-yu-gi-oh-fr","11":"first","12":"instock","13":"sale","14":"taxable","15":"shipping-taxable","16":"purchasable","17":"product-type-variable"},"acf":[],"yoast_head":"<!-- This site is optimized with the Yoast SEO plugin v27.4 - https:\/\/yoast.com\/product\/yoast-seo-wordpress\/ -->\n<title>Ach\u00e8te Yu-Gi-Oh ! - Saga of Blue-Eyes White Dragon - Structure Deck (Unlimited)<\/title>\n<meta name=\"description\" content=\"Ach\u00e8te Yu-Gi-Oh ! - Saga of Blue-Eyes White Dragon - Structure Deck (Unlimited) en ligne maintenant \u00e0 petit prix! Ton #1 shop pour cartes TCG &amp; Pok\u00e9mon en Suisse \u2713 Livraison gratuite d\u00e8s CHF 29\" \/>\n<meta name=\"robots\" content=\"index, follow, max-snippet:-1, max-image-preview:large, max-video-preview:-1\" \/>\n<link rel=\"canonical\" href=\"https:\/\/theuncommonshop.ch\/fr\/product\/yu-gi-oh-saga-of-blue-eyes-white-dragon-structure-deck-unlimited-2\/\" \/>\n<meta property=\"og:locale\" content=\"fr_FR\" \/>\n<meta property=\"og:type\" content=\"article\" \/>\n<meta property=\"og:title\" content=\"Ach\u00e8te Yu-Gi-Oh ! - Saga of Blue-Eyes White Dragon - Structure Deck (Unlimited)\" \/>\n<meta property=\"og:description\" content=\"Ach\u00e8te Yu-Gi-Oh ! - Saga of Blue-Eyes White Dragon - Structure Deck (Unlimited) en ligne maintenant \u00e0 petit prix! Ton #1 shop pour cartes TCG &amp; Pok\u00e9mon en Suisse \u2713 Livraison gratuite d\u00e8s CHF 29\" \/>\n<meta property=\"og:url\" content=\"https:\/\/theuncommonshop.ch\/fr\/product\/yu-gi-oh-saga-of-blue-eyes-white-dragon-structure-deck-unlimited-2\/\" \/>\n<meta property=\"og:site_name\" content=\"Largest trading card shop in Switzerland\" \/>\n<meta property=\"article:modified_time\" content=\"2026-03-29T13:42:41+00:00\" \/>\n<meta property=\"og:image\" content=\"https:\/\/theuncommonshop.ch\/wp-content\/uploads\/2025\/05\/3218321529.jpg\" \/>\n\t<meta property=\"og:image:width\" content=\"900\" \/>\n\t<meta property=\"og:image:height\" content=\"900\" \/>\n\t<meta property=\"og:image:type\" content=\"image\/jpeg\" \/>\n<meta name=\"twitter:card\" content=\"summary_large_image\" \/>\n<meta name=\"twitter:label1\" content=\"Disponibilit\u00e9\" \/>\n\t<meta name=\"twitter:data1\" content=\"En stock\" \/>\n<script type=\"application\/ld+json\" class=\"yoast-schema-graph\">{\"@context\":\"https:\\\/\\\/schema.org\",\"@graph\":[{\"@type\":\"WebPage\",\"@id\":\"https:\\\/\\\/theuncommonshop.ch\\\/fr\\\/product\\\/yu-gi-oh-saga-of-blue-eyes-white-dragon-structure-deck-unlimited-2\\\/\",\"url\":\"https:\\\/\\\/theuncommonshop.ch\\\/fr\\\/product\\\/yu-gi-oh-saga-of-blue-eyes-white-dragon-structure-deck-unlimited-2\\\/\",\"name\":\"Ach\u00e8te Yu-Gi-Oh ! - Saga of Blue-Eyes White Dragon - Structure Deck (Unlimited)\",\"isPartOf\":{\"@id\":\"https:\\\/\\\/theuncommonshop.ch\\\/#website\"},\"primaryImageOfPage\":{\"@id\":\"https:\\\/\\\/theuncommonshop.ch\\\/fr\\\/product\\\/yu-gi-oh-saga-of-blue-eyes-white-dragon-structure-deck-unlimited-2\\\/#primaryimage\"},\"image\":{\"@id\":\"https:\\\/\\\/theuncommonshop.ch\\\/fr\\\/product\\\/yu-gi-oh-saga-of-blue-eyes-white-dragon-structure-deck-unlimited-2\\\/#primaryimage\"},\"thumbnailUrl\":\"https:\\\/\\\/theuncommonshop.ch\\\/wp-content\\\/uploads\\\/2025\\\/05\\\/3218321529.jpg\",\"datePublished\":\"2025-06-12T11:46:53+00:00\",\"dateModified\":\"2026-03-29T13:42:41+00:00\",\"description\":\"Ach\u00e8te Yu-Gi-Oh ! - Saga of Blue-Eyes White Dragon - Structure Deck (Unlimited) en ligne maintenant \u00e0 petit prix! Ton #1 shop pour cartes TCG & Pok\u00e9mon en Suisse \u2713 Livraison gratuite d\u00e8s CHF 29\",\"breadcrumb\":{\"@id\":\"https:\\\/\\\/theuncommonshop.ch\\\/fr\\\/product\\\/yu-gi-oh-saga-of-blue-eyes-white-dragon-structure-deck-unlimited-2\\\/#breadcrumb\"},\"inLanguage\":\"fr-FR\",\"potentialAction\":[{\"@type\":\"ReadAction\",\"target\":[\"https:\\\/\\\/theuncommonshop.ch\\\/fr\\\/product\\\/yu-gi-oh-saga-of-blue-eyes-white-dragon-structure-deck-unlimited-2\\\/\"]}]},{\"@type\":\"ImageObject\",\"inLanguage\":\"fr-FR\",\"@id\":\"https:\\\/\\\/theuncommonshop.ch\\\/fr\\\/product\\\/yu-gi-oh-saga-of-blue-eyes-white-dragon-structure-deck-unlimited-2\\\/#primaryimage\",\"url\":\"https:\\\/\\\/theuncommonshop.ch\\\/wp-content\\\/uploads\\\/2025\\\/05\\\/3218321529.jpg\",\"contentUrl\":\"https:\\\/\\\/theuncommonshop.ch\\\/wp-content\\\/uploads\\\/2025\\\/05\\\/3218321529.jpg\",\"width\":900,\"height\":900},{\"@type\":\"BreadcrumbList\",\"@id\":\"https:\\\/\\\/theuncommonshop.ch\\\/fr\\\/product\\\/yu-gi-oh-saga-of-blue-eyes-white-dragon-structure-deck-unlimited-2\\\/#breadcrumb\",\"itemListElement\":[{\"@type\":\"ListItem\",\"position\":1,\"name\":\"Accueil\",\"item\":\"https:\\\/\\\/theuncommonshop.ch\\\/fr\\\/accueil\\\/\"},{\"@type\":\"ListItem\",\"position\":2,\"name\":\"Boutique\",\"item\":\"https:\\\/\\\/theuncommonshop.ch\\\/fr\\\/boutique\\\/\"},{\"@type\":\"ListItem\",\"position\":3,\"name\":\"Yu-Gi-Oh!\",\"item\":\"https:\\\/\\\/theuncommonshop.ch\\\/fr\\\/categorie-produit\\\/yu-gi-oh-fr\\\/\"},{\"@type\":\"ListItem\",\"position\":4,\"name\":\"Decks\",\"item\":\"https:\\\/\\\/theuncommonshop.ch\\\/fr\\\/categorie-produit\\\/yu-gi-oh-fr\\\/decks-yugioh\\\/\"},{\"@type\":\"ListItem\",\"position\":5,\"name\":\"Yu-Gi-Oh ! &#8211; Saga of Blue-Eyes White Dragon &#8211; Structure Deck (Unlimited)\"}]},{\"@type\":\"WebSite\",\"@id\":\"https:\\\/\\\/theuncommonshop.ch\\\/#website\",\"url\":\"https:\\\/\\\/theuncommonshop.ch\\\/\",\"name\":\"Largest trading card shop in Switzerland\",\"description\":\"Magic, Pok\u00e9mon and Yu-gi-oh - The Uncommon Shop\",\"potentialAction\":[{\"@type\":\"SearchAction\",\"target\":{\"@type\":\"EntryPoint\",\"urlTemplate\":\"https:\\\/\\\/theuncommonshop.ch\\\/?s={search_term_string}\"},\"query-input\":{\"@type\":\"PropertyValueSpecification\",\"valueRequired\":true,\"valueName\":\"search_term_string\"}}],\"inLanguage\":\"fr-FR\"}]}<\/script>\n<meta property=\"og:availability\" content=\"instock\" \/>\n<meta property=\"product:availability\" content=\"instock\" \/>\n<meta property=\"product:retailer_item_id\" content=\"YGO.VII.C.BlueEyeDeckUnl.DE\" \/>\n<meta property=\"product:condition\" content=\"new\" \/>\n<!-- \/ Yoast SEO plugin. -->","yoast_head_json":{"title":"Ach\u00e8te Yu-Gi-Oh ! - Saga of Blue-Eyes White Dragon - Structure Deck (Unlimited)","description":"Ach\u00e8te Yu-Gi-Oh ! - Saga of Blue-Eyes White Dragon - Structure Deck (Unlimited) en ligne maintenant \u00e0 petit prix! Ton #1 shop pour cartes TCG & Pok\u00e9mon en Suisse \u2713 Livraison gratuite d\u00e8s CHF 29","robots":{"index":"index","follow":"follow","max-snippet":"max-snippet:-1","max-image-preview":"max-image-preview:large","max-video-preview":"max-video-preview:-1"},"canonical":"https:\/\/theuncommonshop.ch\/fr\/product\/yu-gi-oh-saga-of-blue-eyes-white-dragon-structure-deck-unlimited-2\/","og_locale":"fr_FR","og_type":"article","og_title":"Ach\u00e8te Yu-Gi-Oh ! - Saga of Blue-Eyes White Dragon - Structure Deck (Unlimited)","og_description":"Ach\u00e8te Yu-Gi-Oh ! - Saga of Blue-Eyes White Dragon - Structure Deck (Unlimited) en ligne maintenant \u00e0 petit prix! Ton #1 shop pour cartes TCG & Pok\u00e9mon en Suisse \u2713 Livraison gratuite d\u00e8s CHF 29","og_url":"https:\/\/theuncommonshop.ch\/fr\/product\/yu-gi-oh-saga-of-blue-eyes-white-dragon-structure-deck-unlimited-2\/","og_site_name":"Largest trading card shop in Switzerland","article_modified_time":"2026-03-29T13:42:41+00:00","og_image":[{"width":900,"height":900,"url":"https:\/\/theuncommonshop.ch\/wp-content\/uploads\/2025\/05\/3218321529.jpg","type":"image\/jpeg"}],"twitter_card":"summary_large_image","twitter_misc":{"Disponibilit\u00e9":"En stock"},"schema":{"@context":"https:\/\/schema.org","@graph":[{"@type":"WebPage","@id":"https:\/\/theuncommonshop.ch\/fr\/product\/yu-gi-oh-saga-of-blue-eyes-white-dragon-structure-deck-unlimited-2\/","url":"https:\/\/theuncommonshop.ch\/fr\/product\/yu-gi-oh-saga-of-blue-eyes-white-dragon-structure-deck-unlimited-2\/","name":"Ach\u00e8te Yu-Gi-Oh ! - Saga of Blue-Eyes White Dragon - Structure Deck (Unlimited)","isPartOf":{"@id":"https:\/\/theuncommonshop.ch\/#website"},"primaryImageOfPage":{"@id":"https:\/\/theuncommonshop.ch\/fr\/product\/yu-gi-oh-saga-of-blue-eyes-white-dragon-structure-deck-unlimited-2\/#primaryimage"},"image":{"@id":"https:\/\/theuncommonshop.ch\/fr\/product\/yu-gi-oh-saga-of-blue-eyes-white-dragon-structure-deck-unlimited-2\/#primaryimage"},"thumbnailUrl":"https:\/\/theuncommonshop.ch\/wp-content\/uploads\/2025\/05\/3218321529.jpg","datePublished":"2025-06-12T11:46:53+00:00","dateModified":"2026-03-29T13:42:41+00:00","description":"Ach\u00e8te Yu-Gi-Oh ! - Saga of Blue-Eyes White Dragon - Structure Deck (Unlimited) en ligne maintenant \u00e0 petit prix! Ton #1 shop pour cartes TCG & Pok\u00e9mon en Suisse \u2713 Livraison gratuite d\u00e8s CHF 29","breadcrumb":{"@id":"https:\/\/theuncommonshop.ch\/fr\/product\/yu-gi-oh-saga-of-blue-eyes-white-dragon-structure-deck-unlimited-2\/#breadcrumb"},"inLanguage":"fr-FR","potentialAction":[{"@type":"ReadAction","target":["https:\/\/theuncommonshop.ch\/fr\/product\/yu-gi-oh-saga-of-blue-eyes-white-dragon-structure-deck-unlimited-2\/"]}]},{"@type":"ImageObject","inLanguage":"fr-FR","@id":"https:\/\/theuncommonshop.ch\/fr\/product\/yu-gi-oh-saga-of-blue-eyes-white-dragon-structure-deck-unlimited-2\/#primaryimage","url":"https:\/\/theuncommonshop.ch\/wp-content\/uploads\/2025\/05\/3218321529.jpg","contentUrl":"https:\/\/theuncommonshop.ch\/wp-content\/uploads\/2025\/05\/3218321529.jpg","width":900,"height":900},{"@type":"BreadcrumbList","@id":"https:\/\/theuncommonshop.ch\/fr\/product\/yu-gi-oh-saga-of-blue-eyes-white-dragon-structure-deck-unlimited-2\/#breadcrumb","itemListElement":[{"@type":"ListItem","position":1,"name":"Accueil","item":"https:\/\/theuncommonshop.ch\/fr\/accueil\/"},{"@type":"ListItem","position":2,"name":"Boutique","item":"https:\/\/theuncommonshop.ch\/fr\/boutique\/"},{"@type":"ListItem","position":3,"name":"Yu-Gi-Oh!","item":"https:\/\/theuncommonshop.ch\/fr\/categorie-produit\/yu-gi-oh-fr\/"},{"@type":"ListItem","position":4,"name":"Decks","item":"https:\/\/theuncommonshop.ch\/fr\/categorie-produit\/yu-gi-oh-fr\/decks-yugioh\/"},{"@type":"ListItem","position":5,"name":"Yu-Gi-Oh ! &#8211; Saga of Blue-Eyes White Dragon &#8211; Structure Deck (Unlimited)"}]},{"@type":"WebSite","@id":"https:\/\/theuncommonshop.ch\/#website","url":"https:\/\/theuncommonshop.ch\/","name":"Largest trading card shop in Switzerland","description":"Magic, Pok\u00e9mon and Yu-gi-oh - The Uncommon Shop","potentialAction":[{"@type":"SearchAction","target":{"@type":"EntryPoint","urlTemplate":"https:\/\/theuncommonshop.ch\/?s={search_term_string}"},"query-input":{"@type":"PropertyValueSpecification","valueRequired":true,"valueName":"search_term_string"}}],"inLanguage":"fr-FR"}]},"og_availability":"instock","product_availability":"instock","product_retailer_item_id":"YGO.VII.C.BlueEyeDeckUnl.DE","product_condition":"new"},"_links":{"self":[{"href":"https:\/\/theuncommonshop.ch\/fr\/wp-json\/wp\/v2\/product\/320912","targetHints":{"allow":["GET"]}}],"collection":[{"href":"https:\/\/theuncommonshop.ch\/fr\/wp-json\/wp\/v2\/product"}],"about":[{"href":"https:\/\/theuncommonshop.ch\/fr\/wp-json\/wp\/v2\/types\/product"}],"replies":[{"embeddable":true,"href":"https:\/\/theuncommonshop.ch\/fr\/wp-json\/wp\/v2\/comments?post=320912"}],"version-history":[{"count":2,"href":"https:\/\/theuncommonshop.ch\/fr\/wp-json\/wp\/v2\/product\/320912\/revisions"}],"predecessor-version":[{"id":358034,"href":"https:\/\/theuncommonshop.ch\/fr\/wp-json\/wp\/v2\/product\/320912\/revisions\/358034"}],"wp:featuredmedia":[{"embeddable":true,"href":"https:\/\/theuncommonshop.ch\/fr\/wp-json\/wp\/v2\/media\/22154"}],"wp:attachment":[{"href":"https:\/\/theuncommonshop.ch\/fr\/wp-json\/wp\/v2\/media?parent=320912"}],"wp:term":[{"taxonomy":"product_brand","embeddable":true,"href":"https:\/\/theuncommonshop.ch\/fr\/wp-json\/wp\/v2\/product_brand?post=320912"},{"taxonomy":"product_cat","embeddable":true,"href":"https:\/\/theuncommonshop.ch\/fr\/wp-json\/wp\/v2\/product_cat?post=320912"},{"taxonomy":"product_tag","embeddable":true,"href":"https:\/\/theuncommonshop.ch\/fr\/wp-json\/wp\/v2\/product_tag?post=320912"}],"curies":[{"name":"wp","href":"https:\/\/api.w.org\/{rel}","templated":true}]}}