{"id":320788,"date":"2025-06-12T11:12:38","date_gmt":"2025-06-12T11:12:38","guid":{"rendered":"http:\/\/theuncommonshop.ch\/produkt\/320788\/"},"modified":"2026-03-31T16:43:13","modified_gmt":"2026-03-31T14:43:13","slug":"flesh-and-blood-outsiders-blitz-decks-3","status":"publish","type":"product","link":"https:\/\/theuncommonshop.ch\/fr\/product\/flesh-and-blood-outsiders-blitz-decks-3\/","title":{"rendered":"Flesh and Blood &#8211; Outsiders &#8211; Blitz Decks"},"content":{"rendered":"<div>\n<p>Outsiders est un Booster Set \u00e0 part enti\u00e8re qui entra\u00eene les fans dans les fosses, un vaste r\u00e9seau de grottes et de canaux souterrains, foyer de toutes les fourberies et de toutes les tricheries.<\/p>\n<p>Chaque h\u00e9ros a ses propres forces, strat\u00e9gies et pr\u00e9f\u00e9rences de cartes pour explorer la profondeur que les fosses ont \u00e0 offrir !<\/p>\n<p>Outsiders introduit de nouvelles <strong>cartes hybrides<\/strong> qui peuvent \u00eatre jou\u00e9es par deux classes diff\u00e9rentes ! Les cartes hybrides am\u00e9liorent l&#8217;exp\u00e9rience de drafting et vous laissent toutes les options. Les trois cartes hybrides les plus embl\u00e9matiques d&#8217;Outsiders apparaissent sous la forme de notes de recherche Marvel, qui contiennent peut-\u00eatre les r\u00e9ponses aux origines des &#8220;3 maladies mortelles&#8221; qui affligent les habitants des Pits.  <\/p>\n<p>Les Blitz Decks d&#8217;Outsiders sont <strong>pr\u00eats \u00e0 jouer<\/strong> et sont con\u00e7us comme un produit id\u00e9al pour jouer \u00e0 la table de la cuisine. Chaque Blitz Deck est un bel ajout \u00e0 la collection des nouveaux joueurs comme des joueurs exp\u00e9riment\u00e9s. <\/p>\n<p>Ce qu&#8217;un Blitz Deck Outsiders a \u00e0 offrir :<\/p>\n<ul>\n<li>40 cartes, plus le h\u00e9ros, les armes et les cartes d&#8217;\u00e9quipement par deck<\/li>\n<\/ul>\n<\/div>\n<div><\/div>\n","protected":false},"excerpt":{"rendered":"<p>Outsiders est un Booster Set \u00e0 part enti\u00e8re qui entra\u00eene les fans dans les fosses, un vaste r\u00e9seau de grottes<\/p>\n","protected":false},"featured_media":20775,"comment_status":"open","ping_status":"closed","template":"","meta":{"_acf_changed":false},"product_brand":[5076],"product_cat":[9997],"product_tag":[],"class_list":{"0":"post-320788","1":"product","2":"type-product","3":"status-publish","4":"has-post-thumbnail","6":"product_brand-legend-story-studios","7":"product_cat-decks-fab","9":"first","10":"instock","11":"taxable","12":"shipping-taxable","13":"purchasable","14":"product-type-variable"},"acf":[],"yoast_head":"<!-- This site is optimized with the Yoast SEO plugin v27.4 - https:\/\/yoast.com\/product\/yoast-seo-wordpress\/ -->\n<title>Ach\u00e8te Flesh and Blood - Outsiders - Blitz Decks<\/title>\n<meta name=\"description\" content=\"Ach\u00e8te Flesh and Blood - Outsiders - Blitz Decks en ligne maintenant \u00e0 petit prix! Ton #1 shop pour cartes TCG &amp; Pok\u00e9mon en Suisse \u2713 Livraison gratuite d\u00e8s CHF 29\" \/>\n<meta name=\"robots\" content=\"index, follow, max-snippet:-1, max-image-preview:large, max-video-preview:-1\" \/>\n<link rel=\"canonical\" href=\"https:\/\/theuncommonshop.ch\/fr\/product\/flesh-and-blood-outsiders-blitz-decks-3\/\" \/>\n<meta property=\"og:locale\" content=\"fr_FR\" \/>\n<meta property=\"og:type\" content=\"article\" \/>\n<meta property=\"og:title\" content=\"Ach\u00e8te Flesh and Blood - Outsiders - Blitz Decks\" \/>\n<meta property=\"og:description\" content=\"Ach\u00e8te Flesh and Blood - Outsiders - Blitz Decks en ligne maintenant \u00e0 petit prix! Ton #1 shop pour cartes TCG &amp; Pok\u00e9mon en Suisse \u2713 Livraison gratuite d\u00e8s CHF 29\" \/>\n<meta property=\"og:url\" content=\"https:\/\/theuncommonshop.ch\/fr\/product\/flesh-and-blood-outsiders-blitz-decks-3\/\" \/>\n<meta property=\"og:site_name\" content=\"Largest trading card shop in Switzerland\" \/>\n<meta property=\"article:modified_time\" content=\"2026-03-31T14:43:13+00:00\" \/>\n<meta property=\"og:image\" content=\"https:\/\/theuncommonshop.ch\/wp-content\/uploads\/2025\/05\/3642937214.jpg\" \/>\n\t<meta property=\"og:image:width\" content=\"440\" \/>\n\t<meta property=\"og:image:height\" content=\"448\" \/>\n\t<meta property=\"og:image:type\" content=\"image\/jpeg\" \/>\n<meta name=\"twitter:card\" content=\"summary_large_image\" \/>\n<meta name=\"twitter:label1\" content=\"Disponibilit\u00e9\" \/>\n\t<meta name=\"twitter:data1\" content=\"En stock\" \/>\n<script type=\"application\/ld+json\" class=\"yoast-schema-graph\">{\"@context\":\"https:\\\/\\\/schema.org\",\"@graph\":[{\"@type\":\"WebPage\",\"@id\":\"https:\\\/\\\/theuncommonshop.ch\\\/fr\\\/product\\\/flesh-and-blood-outsiders-blitz-decks-3\\\/\",\"url\":\"https:\\\/\\\/theuncommonshop.ch\\\/fr\\\/product\\\/flesh-and-blood-outsiders-blitz-decks-3\\\/\",\"name\":\"Ach\u00e8te Flesh and Blood - Outsiders - Blitz Decks\",\"isPartOf\":{\"@id\":\"https:\\\/\\\/theuncommonshop.ch\\\/#website\"},\"primaryImageOfPage\":{\"@id\":\"https:\\\/\\\/theuncommonshop.ch\\\/fr\\\/product\\\/flesh-and-blood-outsiders-blitz-decks-3\\\/#primaryimage\"},\"image\":{\"@id\":\"https:\\\/\\\/theuncommonshop.ch\\\/fr\\\/product\\\/flesh-and-blood-outsiders-blitz-decks-3\\\/#primaryimage\"},\"thumbnailUrl\":\"https:\\\/\\\/theuncommonshop.ch\\\/wp-content\\\/uploads\\\/2025\\\/05\\\/3642937214.jpg\",\"datePublished\":\"2025-06-12T11:12:38+00:00\",\"dateModified\":\"2026-03-31T14:43:13+00:00\",\"description\":\"Ach\u00e8te Flesh and Blood - Outsiders - Blitz Decks en ligne maintenant \u00e0 petit prix! Ton #1 shop pour cartes TCG & Pok\u00e9mon en Suisse \u2713 Livraison gratuite d\u00e8s CHF 29\",\"breadcrumb\":{\"@id\":\"https:\\\/\\\/theuncommonshop.ch\\\/fr\\\/product\\\/flesh-and-blood-outsiders-blitz-decks-3\\\/#breadcrumb\"},\"inLanguage\":\"fr-FR\",\"potentialAction\":[{\"@type\":\"ReadAction\",\"target\":[\"https:\\\/\\\/theuncommonshop.ch\\\/fr\\\/product\\\/flesh-and-blood-outsiders-blitz-decks-3\\\/\"]}]},{\"@type\":\"ImageObject\",\"inLanguage\":\"fr-FR\",\"@id\":\"https:\\\/\\\/theuncommonshop.ch\\\/fr\\\/product\\\/flesh-and-blood-outsiders-blitz-decks-3\\\/#primaryimage\",\"url\":\"https:\\\/\\\/theuncommonshop.ch\\\/wp-content\\\/uploads\\\/2025\\\/05\\\/3642937214.jpg\",\"contentUrl\":\"https:\\\/\\\/theuncommonshop.ch\\\/wp-content\\\/uploads\\\/2025\\\/05\\\/3642937214.jpg\",\"width\":440,\"height\":448},{\"@type\":\"BreadcrumbList\",\"@id\":\"https:\\\/\\\/theuncommonshop.ch\\\/fr\\\/product\\\/flesh-and-blood-outsiders-blitz-decks-3\\\/#breadcrumb\",\"itemListElement\":[{\"@type\":\"ListItem\",\"position\":1,\"name\":\"Accueil\",\"item\":\"https:\\\/\\\/theuncommonshop.ch\\\/fr\\\/accueil\\\/\"},{\"@type\":\"ListItem\",\"position\":2,\"name\":\"Boutique\",\"item\":\"https:\\\/\\\/theuncommonshop.ch\\\/fr\\\/boutique\\\/\"},{\"@type\":\"ListItem\",\"position\":3,\"name\":\"Weitere Sammelkarten\",\"item\":\"https:\\\/\\\/theuncommonshop.ch\\\/produktkategorie\\\/weitere-sammelkarten\\\/\"},{\"@type\":\"ListItem\",\"position\":4,\"name\":\"Flesh & Blood\",\"item\":\"https:\\\/\\\/theuncommonshop.ch\\\/produktkategorie\\\/weitere-sammelkarten\\\/flesh-blood\\\/\"},{\"@type\":\"ListItem\",\"position\":5,\"name\":\"Decks\",\"item\":\"https:\\\/\\\/theuncommonshop.ch\\\/produktkategorie\\\/weitere-sammelkarten\\\/flesh-blood\\\/fab-decks\\\/\"},{\"@type\":\"ListItem\",\"position\":6,\"name\":\"Flesh and Blood &#8211; Outsiders &#8211; Blitz Decks\"}]},{\"@type\":\"WebSite\",\"@id\":\"https:\\\/\\\/theuncommonshop.ch\\\/#website\",\"url\":\"https:\\\/\\\/theuncommonshop.ch\\\/\",\"name\":\"Largest trading card shop in Switzerland\",\"description\":\"Magic, Pok\u00e9mon and Yu-gi-oh - The Uncommon Shop\",\"potentialAction\":[{\"@type\":\"SearchAction\",\"target\":{\"@type\":\"EntryPoint\",\"urlTemplate\":\"https:\\\/\\\/theuncommonshop.ch\\\/?s={search_term_string}\"},\"query-input\":{\"@type\":\"PropertyValueSpecification\",\"valueRequired\":true,\"valueName\":\"search_term_string\"}}],\"inLanguage\":\"fr-FR\"}]}<\/script>\n<meta property=\"og:availability\" content=\"instock\" \/>\n<meta property=\"product:availability\" content=\"instock\" \/>\n<meta property=\"product:retailer_item_id\" content=\"FaB.I.E.OutDeck.DE\" \/>\n<meta property=\"product:condition\" content=\"new\" \/>\n<!-- \/ Yoast SEO plugin. -->","yoast_head_json":{"title":"Ach\u00e8te Flesh and Blood - Outsiders - Blitz Decks","description":"Ach\u00e8te Flesh and Blood - Outsiders - Blitz Decks en ligne maintenant \u00e0 petit prix! Ton #1 shop pour cartes TCG & Pok\u00e9mon en Suisse \u2713 Livraison gratuite d\u00e8s CHF 29","robots":{"index":"index","follow":"follow","max-snippet":"max-snippet:-1","max-image-preview":"max-image-preview:large","max-video-preview":"max-video-preview:-1"},"canonical":"https:\/\/theuncommonshop.ch\/fr\/product\/flesh-and-blood-outsiders-blitz-decks-3\/","og_locale":"fr_FR","og_type":"article","og_title":"Ach\u00e8te Flesh and Blood - Outsiders - Blitz Decks","og_description":"Ach\u00e8te Flesh and Blood - Outsiders - Blitz Decks en ligne maintenant \u00e0 petit prix! Ton #1 shop pour cartes TCG & Pok\u00e9mon en Suisse \u2713 Livraison gratuite d\u00e8s CHF 29","og_url":"https:\/\/theuncommonshop.ch\/fr\/product\/flesh-and-blood-outsiders-blitz-decks-3\/","og_site_name":"Largest trading card shop in Switzerland","article_modified_time":"2026-03-31T14:43:13+00:00","og_image":[{"width":440,"height":448,"url":"https:\/\/theuncommonshop.ch\/wp-content\/uploads\/2025\/05\/3642937214.jpg","type":"image\/jpeg"}],"twitter_card":"summary_large_image","twitter_misc":{"Disponibilit\u00e9":"En stock"},"schema":{"@context":"https:\/\/schema.org","@graph":[{"@type":"WebPage","@id":"https:\/\/theuncommonshop.ch\/fr\/product\/flesh-and-blood-outsiders-blitz-decks-3\/","url":"https:\/\/theuncommonshop.ch\/fr\/product\/flesh-and-blood-outsiders-blitz-decks-3\/","name":"Ach\u00e8te Flesh and Blood - Outsiders - Blitz Decks","isPartOf":{"@id":"https:\/\/theuncommonshop.ch\/#website"},"primaryImageOfPage":{"@id":"https:\/\/theuncommonshop.ch\/fr\/product\/flesh-and-blood-outsiders-blitz-decks-3\/#primaryimage"},"image":{"@id":"https:\/\/theuncommonshop.ch\/fr\/product\/flesh-and-blood-outsiders-blitz-decks-3\/#primaryimage"},"thumbnailUrl":"https:\/\/theuncommonshop.ch\/wp-content\/uploads\/2025\/05\/3642937214.jpg","datePublished":"2025-06-12T11:12:38+00:00","dateModified":"2026-03-31T14:43:13+00:00","description":"Ach\u00e8te Flesh and Blood - Outsiders - Blitz Decks en ligne maintenant \u00e0 petit prix! Ton #1 shop pour cartes TCG & Pok\u00e9mon en Suisse \u2713 Livraison gratuite d\u00e8s CHF 29","breadcrumb":{"@id":"https:\/\/theuncommonshop.ch\/fr\/product\/flesh-and-blood-outsiders-blitz-decks-3\/#breadcrumb"},"inLanguage":"fr-FR","potentialAction":[{"@type":"ReadAction","target":["https:\/\/theuncommonshop.ch\/fr\/product\/flesh-and-blood-outsiders-blitz-decks-3\/"]}]},{"@type":"ImageObject","inLanguage":"fr-FR","@id":"https:\/\/theuncommonshop.ch\/fr\/product\/flesh-and-blood-outsiders-blitz-decks-3\/#primaryimage","url":"https:\/\/theuncommonshop.ch\/wp-content\/uploads\/2025\/05\/3642937214.jpg","contentUrl":"https:\/\/theuncommonshop.ch\/wp-content\/uploads\/2025\/05\/3642937214.jpg","width":440,"height":448},{"@type":"BreadcrumbList","@id":"https:\/\/theuncommonshop.ch\/fr\/product\/flesh-and-blood-outsiders-blitz-decks-3\/#breadcrumb","itemListElement":[{"@type":"ListItem","position":1,"name":"Accueil","item":"https:\/\/theuncommonshop.ch\/fr\/accueil\/"},{"@type":"ListItem","position":2,"name":"Boutique","item":"https:\/\/theuncommonshop.ch\/fr\/boutique\/"},{"@type":"ListItem","position":3,"name":"Weitere Sammelkarten","item":"https:\/\/theuncommonshop.ch\/produktkategorie\/weitere-sammelkarten\/"},{"@type":"ListItem","position":4,"name":"Flesh & Blood","item":"https:\/\/theuncommonshop.ch\/produktkategorie\/weitere-sammelkarten\/flesh-blood\/"},{"@type":"ListItem","position":5,"name":"Decks","item":"https:\/\/theuncommonshop.ch\/produktkategorie\/weitere-sammelkarten\/flesh-blood\/fab-decks\/"},{"@type":"ListItem","position":6,"name":"Flesh and Blood &#8211; Outsiders &#8211; Blitz Decks"}]},{"@type":"WebSite","@id":"https:\/\/theuncommonshop.ch\/#website","url":"https:\/\/theuncommonshop.ch\/","name":"Largest trading card shop in Switzerland","description":"Magic, Pok\u00e9mon and Yu-gi-oh - The Uncommon Shop","potentialAction":[{"@type":"SearchAction","target":{"@type":"EntryPoint","urlTemplate":"https:\/\/theuncommonshop.ch\/?s={search_term_string}"},"query-input":{"@type":"PropertyValueSpecification","valueRequired":true,"valueName":"search_term_string"}}],"inLanguage":"fr-FR"}]},"og_availability":"instock","product_availability":"instock","product_retailer_item_id":"FaB.I.E.OutDeck.DE","product_condition":"new"},"_links":{"self":[{"href":"https:\/\/theuncommonshop.ch\/fr\/wp-json\/wp\/v2\/product\/320788","targetHints":{"allow":["GET"]}}],"collection":[{"href":"https:\/\/theuncommonshop.ch\/fr\/wp-json\/wp\/v2\/product"}],"about":[{"href":"https:\/\/theuncommonshop.ch\/fr\/wp-json\/wp\/v2\/types\/product"}],"replies":[{"embeddable":true,"href":"https:\/\/theuncommonshop.ch\/fr\/wp-json\/wp\/v2\/comments?post=320788"}],"version-history":[{"count":1,"href":"https:\/\/theuncommonshop.ch\/fr\/wp-json\/wp\/v2\/product\/320788\/revisions"}],"predecessor-version":[{"id":320804,"href":"https:\/\/theuncommonshop.ch\/fr\/wp-json\/wp\/v2\/product\/320788\/revisions\/320804"}],"wp:featuredmedia":[{"embeddable":true,"href":"https:\/\/theuncommonshop.ch\/fr\/wp-json\/wp\/v2\/media\/20775"}],"wp:attachment":[{"href":"https:\/\/theuncommonshop.ch\/fr\/wp-json\/wp\/v2\/media?parent=320788"}],"wp:term":[{"taxonomy":"product_brand","embeddable":true,"href":"https:\/\/theuncommonshop.ch\/fr\/wp-json\/wp\/v2\/product_brand?post=320788"},{"taxonomy":"product_cat","embeddable":true,"href":"https:\/\/theuncommonshop.ch\/fr\/wp-json\/wp\/v2\/product_cat?post=320788"},{"taxonomy":"product_tag","embeddable":true,"href":"https:\/\/theuncommonshop.ch\/fr\/wp-json\/wp\/v2\/product_tag?post=320788"}],"curies":[{"name":"wp","href":"https:\/\/api.w.org\/{rel}","templated":true}]}}