{"id":320759,"date":"2025-06-12T11:24:25","date_gmt":"2025-06-12T11:24:25","guid":{"rendered":"http:\/\/theuncommonshop.ch\/produkt\/320759\/"},"modified":"2026-03-30T13:08:10","modified_gmt":"2026-03-30T11:08:10","slug":"magic-commander-masters-cmm-commander-deck-3","status":"publish","type":"product","link":"https:\/\/theuncommonshop.ch\/fr\/product\/magic-commander-masters-cmm-commander-deck-3\/","title":{"rendered":"Magic &#8211; Commander Masters (CMM) &#8211; Commander Deck"},"content":{"rendered":"<ul>\n<li>PUISSANT DIRECTEMENT DE LA BOITE &#8211; Faites passer vos parties de Commander au niveau sup\u00e9rieur avec un deck puissant et pr\u00eat \u00e0 jouer.<\/li>\n<li>JOUEZ AVEC LES PLUS GRANDS HITS DE COMMANDER &#8211; faites sensation avec un deck rempli de r\u00e9\u00e9ditions de certaines des plus grandes cartes que le format le plus populaire de Magic ait jamais connu.<\/li>\n<li>INTRODUCTION DE 10 CARTES COMMANDANT &#8211; Chaque deck Commander contient \u00e9galement 10 cartes Magic : The Gathering in\u00e9dites.<\/li>\n<li>CARTES R\u00c9CIPIQUES AVEC UNE IMPRESSION SP\u00c9CIALE &#8211; chaque deck contient un pack d&#8217;essai Booster Collector contenant 2 cartes avec une impression sp\u00e9ciale (1 rare et 1 rare ou fabuleusement rare) du Commander Masters Set.<\/li>\n<li>TOUT CE DONT VOUS AVEZ BESOIN POUR JOUER ET PLUS &#8211; chaque deck contient \u00e9galement un pack d&#8217;essai Booster Collector de 2 cartes, 1 carte de commandant Display en tant que carte Etched-Foil, 10 cartes de pions double face, 1 carte d&#8217;aide, 1 compteur de points de vie et 1 bo\u00eete de deck.<\/li>\n<\/ul>\n","protected":false},"excerpt":{"rendered":"<p>PUISSANT DIRECTEMENT DE LA BOITE &#8211; Faites passer vos parties de Commander au niveau sup\u00e9rieur avec un deck puissant et<\/p>\n","protected":false},"featured_media":21225,"comment_status":"open","ping_status":"closed","template":"","meta":{"_acf_changed":false},"product_brand":[5158,5070],"product_cat":[10203,9987,9967,9991],"product_tag":[],"class_list":{"0":"post-320759","1":"product","2":"type-product","3":"status-publish","4":"has-post-thumbnail","6":"product_brand-magic-the-gathering","7":"product_brand-wizards-of-the-coast","8":"product_cat-commander-masters","9":"product_cat-decks-mtg-fr","10":"product_cat-magic-the-gathering-fr","11":"product_cat-produits-par-lots-mtg","13":"first","14":"outofstock","15":"taxable","16":"shipping-taxable","17":"purchasable","18":"product-type-variable"},"acf":[],"yoast_head":"<!-- This site is optimized with the Yoast SEO plugin v27.4 - https:\/\/yoast.com\/product\/yoast-seo-wordpress\/ -->\n<title>Ach\u00e8te Magic - Commander Masters (CMM) - Commander Deck<\/title>\n<meta name=\"description\" content=\"Ach\u00e8te Magic - Commander Masters (CMM) - Commander Deck en ligne maintenant \u00e0 petit prix! Ton #1 shop pour cartes TCG &amp; Pok\u00e9mon en Suisse \u2713 Livraison gratuite d\u00e8s CHF 29\" \/>\n<meta name=\"robots\" content=\"index, follow, max-snippet:-1, max-image-preview:large, max-video-preview:-1\" \/>\n<link rel=\"canonical\" href=\"https:\/\/theuncommonshop.ch\/fr\/product\/magic-commander-masters-cmm-commander-deck-3\/\" \/>\n<meta property=\"og:locale\" content=\"fr_FR\" \/>\n<meta property=\"og:type\" content=\"article\" \/>\n<meta property=\"og:title\" content=\"Ach\u00e8te Magic - Commander Masters (CMM) - Commander Deck\" \/>\n<meta property=\"og:description\" content=\"Ach\u00e8te Magic - Commander Masters (CMM) - Commander Deck en ligne maintenant \u00e0 petit prix! Ton #1 shop pour cartes TCG &amp; Pok\u00e9mon en Suisse \u2713 Livraison gratuite d\u00e8s CHF 29\" \/>\n<meta property=\"og:url\" content=\"https:\/\/theuncommonshop.ch\/fr\/product\/magic-commander-masters-cmm-commander-deck-3\/\" \/>\n<meta property=\"og:site_name\" content=\"Largest trading card shop in Switzerland\" \/>\n<meta property=\"article:modified_time\" content=\"2026-03-30T11:08:10+00:00\" \/>\n<meta property=\"og:image\" content=\"https:\/\/theuncommonshop.ch\/wp-content\/uploads\/2025\/05\/3767360326.jpg\" \/>\n\t<meta property=\"og:image:width\" content=\"480\" \/>\n\t<meta property=\"og:image:height\" content=\"427\" \/>\n\t<meta property=\"og:image:type\" content=\"image\/jpeg\" \/>\n<meta name=\"twitter:card\" content=\"summary_large_image\" \/>\n<meta name=\"twitter:label1\" content=\"Disponibilit\u00e9\" \/>\n\t<meta name=\"twitter:data1\" content=\"Rupture de stock\" \/>\n<script type=\"application\/ld+json\" class=\"yoast-schema-graph\">{\"@context\":\"https:\\\/\\\/schema.org\",\"@graph\":[{\"@type\":\"WebPage\",\"@id\":\"https:\\\/\\\/theuncommonshop.ch\\\/fr\\\/product\\\/magic-commander-masters-cmm-commander-deck-3\\\/\",\"url\":\"https:\\\/\\\/theuncommonshop.ch\\\/fr\\\/product\\\/magic-commander-masters-cmm-commander-deck-3\\\/\",\"name\":\"Ach\u00e8te Magic - Commander Masters (CMM) - Commander Deck\",\"isPartOf\":{\"@id\":\"https:\\\/\\\/theuncommonshop.ch\\\/#website\"},\"primaryImageOfPage\":{\"@id\":\"https:\\\/\\\/theuncommonshop.ch\\\/fr\\\/product\\\/magic-commander-masters-cmm-commander-deck-3\\\/#primaryimage\"},\"image\":{\"@id\":\"https:\\\/\\\/theuncommonshop.ch\\\/fr\\\/product\\\/magic-commander-masters-cmm-commander-deck-3\\\/#primaryimage\"},\"thumbnailUrl\":\"https:\\\/\\\/theuncommonshop.ch\\\/wp-content\\\/uploads\\\/2025\\\/05\\\/3767360326.jpg\",\"datePublished\":\"2025-06-12T11:24:25+00:00\",\"dateModified\":\"2026-03-30T11:08:10+00:00\",\"description\":\"Ach\u00e8te Magic - Commander Masters (CMM) - Commander Deck en ligne maintenant \u00e0 petit prix! Ton #1 shop pour cartes TCG & Pok\u00e9mon en Suisse \u2713 Livraison gratuite d\u00e8s CHF 29\",\"breadcrumb\":{\"@id\":\"https:\\\/\\\/theuncommonshop.ch\\\/fr\\\/product\\\/magic-commander-masters-cmm-commander-deck-3\\\/#breadcrumb\"},\"inLanguage\":\"fr-FR\",\"potentialAction\":[{\"@type\":\"ReadAction\",\"target\":[\"https:\\\/\\\/theuncommonshop.ch\\\/fr\\\/product\\\/magic-commander-masters-cmm-commander-deck-3\\\/\"]}]},{\"@type\":\"ImageObject\",\"inLanguage\":\"fr-FR\",\"@id\":\"https:\\\/\\\/theuncommonshop.ch\\\/fr\\\/product\\\/magic-commander-masters-cmm-commander-deck-3\\\/#primaryimage\",\"url\":\"https:\\\/\\\/theuncommonshop.ch\\\/wp-content\\\/uploads\\\/2025\\\/05\\\/3767360326.jpg\",\"contentUrl\":\"https:\\\/\\\/theuncommonshop.ch\\\/wp-content\\\/uploads\\\/2025\\\/05\\\/3767360326.jpg\",\"width\":480,\"height\":427},{\"@type\":\"BreadcrumbList\",\"@id\":\"https:\\\/\\\/theuncommonshop.ch\\\/fr\\\/product\\\/magic-commander-masters-cmm-commander-deck-3\\\/#breadcrumb\",\"itemListElement\":[{\"@type\":\"ListItem\",\"position\":1,\"name\":\"Accueil\",\"item\":\"https:\\\/\\\/theuncommonshop.ch\\\/fr\\\/accueil\\\/\"},{\"@type\":\"ListItem\",\"position\":2,\"name\":\"Boutique\",\"item\":\"https:\\\/\\\/theuncommonshop.ch\\\/fr\\\/boutique\\\/\"},{\"@type\":\"ListItem\",\"position\":3,\"name\":\"Magic the Gathering\",\"item\":\"https:\\\/\\\/theuncommonshop.ch\\\/produktkategorie\\\/magic-the-gathering\\\/\"},{\"@type\":\"ListItem\",\"position\":4,\"name\":\"Produkte nach Sets\",\"item\":\"https:\\\/\\\/theuncommonshop.ch\\\/produktkategorie\\\/magic-the-gathering\\\/produkte-nach-sets-mtg\\\/\"},{\"@type\":\"ListItem\",\"position\":5,\"name\":\"Commander Masters\",\"item\":\"https:\\\/\\\/theuncommonshop.ch\\\/produktkategorie\\\/magic-the-gathering\\\/produkte-nach-sets-mtg\\\/mtg-commander-masters-set\\\/\"},{\"@type\":\"ListItem\",\"position\":6,\"name\":\"Magic &#8211; Commander Masters (CMM) &#8211; Commander Deck\"}]},{\"@type\":\"WebSite\",\"@id\":\"https:\\\/\\\/theuncommonshop.ch\\\/#website\",\"url\":\"https:\\\/\\\/theuncommonshop.ch\\\/\",\"name\":\"Largest trading card shop in Switzerland\",\"description\":\"Magic, Pok\u00e9mon and Yu-gi-oh - The Uncommon Shop\",\"potentialAction\":[{\"@type\":\"SearchAction\",\"target\":{\"@type\":\"EntryPoint\",\"urlTemplate\":\"https:\\\/\\\/theuncommonshop.ch\\\/?s={search_term_string}\"},\"query-input\":{\"@type\":\"PropertyValueSpecification\",\"valueRequired\":true,\"valueName\":\"search_term_string\"}}],\"inLanguage\":\"fr-FR\"}]}<\/script>\n<meta property=\"og:availability\" content=\"out of stock\" \/>\n<meta property=\"product:availability\" content=\"out of stock\" \/>\n<meta property=\"product:retailer_item_id\" content=\"MTG.XII.E.ComMastDeck.DE\" \/>\n<meta property=\"product:condition\" content=\"new\" \/>\n<!-- \/ Yoast SEO plugin. -->","yoast_head_json":{"title":"Ach\u00e8te Magic - Commander Masters (CMM) - Commander Deck","description":"Ach\u00e8te Magic - Commander Masters (CMM) - Commander Deck en ligne maintenant \u00e0 petit prix! Ton #1 shop pour cartes TCG & Pok\u00e9mon en Suisse \u2713 Livraison gratuite d\u00e8s CHF 29","robots":{"index":"index","follow":"follow","max-snippet":"max-snippet:-1","max-image-preview":"max-image-preview:large","max-video-preview":"max-video-preview:-1"},"canonical":"https:\/\/theuncommonshop.ch\/fr\/product\/magic-commander-masters-cmm-commander-deck-3\/","og_locale":"fr_FR","og_type":"article","og_title":"Ach\u00e8te Magic - Commander Masters (CMM) - Commander Deck","og_description":"Ach\u00e8te Magic - Commander Masters (CMM) - Commander Deck en ligne maintenant \u00e0 petit prix! Ton #1 shop pour cartes TCG & Pok\u00e9mon en Suisse \u2713 Livraison gratuite d\u00e8s CHF 29","og_url":"https:\/\/theuncommonshop.ch\/fr\/product\/magic-commander-masters-cmm-commander-deck-3\/","og_site_name":"Largest trading card shop in Switzerland","article_modified_time":"2026-03-30T11:08:10+00:00","og_image":[{"width":480,"height":427,"url":"https:\/\/theuncommonshop.ch\/wp-content\/uploads\/2025\/05\/3767360326.jpg","type":"image\/jpeg"}],"twitter_card":"summary_large_image","twitter_misc":{"Disponibilit\u00e9":"Rupture de stock"},"schema":{"@context":"https:\/\/schema.org","@graph":[{"@type":"WebPage","@id":"https:\/\/theuncommonshop.ch\/fr\/product\/magic-commander-masters-cmm-commander-deck-3\/","url":"https:\/\/theuncommonshop.ch\/fr\/product\/magic-commander-masters-cmm-commander-deck-3\/","name":"Ach\u00e8te Magic - Commander Masters (CMM) - Commander Deck","isPartOf":{"@id":"https:\/\/theuncommonshop.ch\/#website"},"primaryImageOfPage":{"@id":"https:\/\/theuncommonshop.ch\/fr\/product\/magic-commander-masters-cmm-commander-deck-3\/#primaryimage"},"image":{"@id":"https:\/\/theuncommonshop.ch\/fr\/product\/magic-commander-masters-cmm-commander-deck-3\/#primaryimage"},"thumbnailUrl":"https:\/\/theuncommonshop.ch\/wp-content\/uploads\/2025\/05\/3767360326.jpg","datePublished":"2025-06-12T11:24:25+00:00","dateModified":"2026-03-30T11:08:10+00:00","description":"Ach\u00e8te Magic - Commander Masters (CMM) - Commander Deck en ligne maintenant \u00e0 petit prix! Ton #1 shop pour cartes TCG & Pok\u00e9mon en Suisse \u2713 Livraison gratuite d\u00e8s CHF 29","breadcrumb":{"@id":"https:\/\/theuncommonshop.ch\/fr\/product\/magic-commander-masters-cmm-commander-deck-3\/#breadcrumb"},"inLanguage":"fr-FR","potentialAction":[{"@type":"ReadAction","target":["https:\/\/theuncommonshop.ch\/fr\/product\/magic-commander-masters-cmm-commander-deck-3\/"]}]},{"@type":"ImageObject","inLanguage":"fr-FR","@id":"https:\/\/theuncommonshop.ch\/fr\/product\/magic-commander-masters-cmm-commander-deck-3\/#primaryimage","url":"https:\/\/theuncommonshop.ch\/wp-content\/uploads\/2025\/05\/3767360326.jpg","contentUrl":"https:\/\/theuncommonshop.ch\/wp-content\/uploads\/2025\/05\/3767360326.jpg","width":480,"height":427},{"@type":"BreadcrumbList","@id":"https:\/\/theuncommonshop.ch\/fr\/product\/magic-commander-masters-cmm-commander-deck-3\/#breadcrumb","itemListElement":[{"@type":"ListItem","position":1,"name":"Accueil","item":"https:\/\/theuncommonshop.ch\/fr\/accueil\/"},{"@type":"ListItem","position":2,"name":"Boutique","item":"https:\/\/theuncommonshop.ch\/fr\/boutique\/"},{"@type":"ListItem","position":3,"name":"Magic the Gathering","item":"https:\/\/theuncommonshop.ch\/produktkategorie\/magic-the-gathering\/"},{"@type":"ListItem","position":4,"name":"Produkte nach Sets","item":"https:\/\/theuncommonshop.ch\/produktkategorie\/magic-the-gathering\/produkte-nach-sets-mtg\/"},{"@type":"ListItem","position":5,"name":"Commander Masters","item":"https:\/\/theuncommonshop.ch\/produktkategorie\/magic-the-gathering\/produkte-nach-sets-mtg\/mtg-commander-masters-set\/"},{"@type":"ListItem","position":6,"name":"Magic &#8211; Commander Masters (CMM) &#8211; Commander Deck"}]},{"@type":"WebSite","@id":"https:\/\/theuncommonshop.ch\/#website","url":"https:\/\/theuncommonshop.ch\/","name":"Largest trading card shop in Switzerland","description":"Magic, Pok\u00e9mon and Yu-gi-oh - The Uncommon Shop","potentialAction":[{"@type":"SearchAction","target":{"@type":"EntryPoint","urlTemplate":"https:\/\/theuncommonshop.ch\/?s={search_term_string}"},"query-input":{"@type":"PropertyValueSpecification","valueRequired":true,"valueName":"search_term_string"}}],"inLanguage":"fr-FR"}]},"og_availability":"out of stock","product_availability":"out of stock","product_retailer_item_id":"MTG.XII.E.ComMastDeck.DE","product_condition":"new"},"_links":{"self":[{"href":"https:\/\/theuncommonshop.ch\/fr\/wp-json\/wp\/v2\/product\/320759","targetHints":{"allow":["GET"]}}],"collection":[{"href":"https:\/\/theuncommonshop.ch\/fr\/wp-json\/wp\/v2\/product"}],"about":[{"href":"https:\/\/theuncommonshop.ch\/fr\/wp-json\/wp\/v2\/types\/product"}],"replies":[{"embeddable":true,"href":"https:\/\/theuncommonshop.ch\/fr\/wp-json\/wp\/v2\/comments?post=320759"}],"version-history":[{"count":1,"href":"https:\/\/theuncommonshop.ch\/fr\/wp-json\/wp\/v2\/product\/320759\/revisions"}],"predecessor-version":[{"id":320773,"href":"https:\/\/theuncommonshop.ch\/fr\/wp-json\/wp\/v2\/product\/320759\/revisions\/320773"}],"wp:featuredmedia":[{"embeddable":true,"href":"https:\/\/theuncommonshop.ch\/fr\/wp-json\/wp\/v2\/media\/21225"}],"wp:attachment":[{"href":"https:\/\/theuncommonshop.ch\/fr\/wp-json\/wp\/v2\/media?parent=320759"}],"wp:term":[{"taxonomy":"product_brand","embeddable":true,"href":"https:\/\/theuncommonshop.ch\/fr\/wp-json\/wp\/v2\/product_brand?post=320759"},{"taxonomy":"product_cat","embeddable":true,"href":"https:\/\/theuncommonshop.ch\/fr\/wp-json\/wp\/v2\/product_cat?post=320759"},{"taxonomy":"product_tag","embeddable":true,"href":"https:\/\/theuncommonshop.ch\/fr\/wp-json\/wp\/v2\/product_tag?post=320759"}],"curies":[{"name":"wp","href":"https:\/\/api.w.org\/{rel}","templated":true}]}}