{"id":320733,"date":"2025-06-12T11:10:36","date_gmt":"2025-06-12T11:10:36","guid":{"rendered":"http:\/\/theuncommonshop.ch\/produkt\/320733\/"},"modified":"2026-03-29T16:18:20","modified_gmt":"2026-03-29T14:18:20","slug":"yu-gi-oh-obelisk-der-peiniger-egyptian-god-deck-unlimited-3","status":"publish","type":"product","link":"https:\/\/theuncommonshop.ch\/fr\/product\/yu-gi-oh-obelisk-der-peiniger-egyptian-god-deck-unlimited-3\/","title":{"rendered":"Yu-Gi-Oh ! &#8211; Obelisk, le Peintre &#8211; Egyptian God Deck (Unlimited)"},"content":{"rendered":"<div>R\u00e9veillez le pouvoir des cartes des dieux \u00e9gyptiens !<\/div>\n<div><\/div>\n<div>Si vous avez toujours voulu construire un deck autour d&#8217;une carte de dieu \u00e9gyptien, mais que vous ne saviez pas par o\u00f9 commencer, les decks de dieux \u00e9gyptiens sont faits pour vous ! Deck des dieux \u00e9gyptiens : Obelisk, der Peiniger offrent des strat\u00e9gies simples pour invoquer Obelisk, der Peiniger et gagner <\/div>\n<div><\/div>\n<div>Obelisk, der Peiniger :<\/div>\n<div>Lib\u00e9rez la v\u00e9ritable puissance d&#8217;Obelisk, le Peineur, en offrant en tribut 2 monstres que vous contr\u00f4lez et en balayant les monstres de votre adversaire du terrain ! Ce deck utilise des monstres qui s&#8217;auto-r\u00e9pliquent pour fournir des hommages et prot\u00e9ger vos Life Points alors que vous vous approchez du tirage de votre B\u00eate divine. La capacit\u00e9 de l&#8217;Ob\u00e9lisque peut d\u00e9truire les monstres de votre adversaire en une seule fois, mais avec la nouvelle carte Magie Poing du destin, vous pouvez annuler l&#8217;effet d&#8217;un monstre et le d\u00e9truire sans payer de tribut. Activez-la pendant votre Main Phase et vous pourrez d\u00e9truire tous les sorts et pi\u00e8ges de votre adversaire !   <\/div>\n<div><\/div>\n<div>Chaque deck Dieu \u00e9gyptien est compos\u00e9 d&#8217;un total de 40 cartes et contient 1 carte Dieu \u00e9gyptien et 5 nouvelles cartes &#8211; 4 nouvelles cartes uniques et 1 exemplaire de Crucifixion de l&#8217;\u00e2me, une toute nouvelle carte Magie rapide incluse dans le deck qui vous permet d&#8217;invoquer votre carte Dieu \u00e9gyptien en tant que tribut en offrant les monstres de votre adversaire en tribut !<\/div>\n<div><\/div>\n<div>Chaque deck est jouable directement \u00e0 partir de la bo\u00eete et est livr\u00e9 avec un guide de duel qui explique la strat\u00e9gie de base et quelques r\u00e8gles que vous devez conna\u00eetre pour tirer le meilleur parti de votre deck.<\/div>\n<div><\/div>\n<div><\/div>\n<div>Chaque deck de dieux \u00e9gyptiens contient 40 cartes :<\/div>\n<ul>\n<li>4 Ultra Rares<\/li>\n<li>4 super-rapides<\/li>\n<li>32 Commons<\/li>\n<li>1 tapis de jeu de luxe\/guide de duel<\/li>\n<\/ul>\n","protected":false},"excerpt":{"rendered":"<p>R\u00e9veillez le pouvoir des cartes des dieux \u00e9gyptiens ! Si vous avez toujours voulu construire un deck autour d&#8217;une carte<\/p>\n","protected":false},"featured_media":20690,"comment_status":"open","ping_status":"closed","template":"","meta":{"_acf_changed":false},"product_brand":[5074,5112],"product_cat":[9837,9779],"product_tag":[],"class_list":{"0":"post-320733","1":"product","2":"type-product","3":"status-publish","4":"has-post-thumbnail","6":"product_brand-konami","7":"product_brand-yu-gi-oh","8":"product_cat-decks-yugioh","9":"product_cat-yu-gi-oh-fr","11":"first","12":"instock","13":"taxable","14":"shipping-taxable","15":"purchasable","16":"product-type-variable"},"acf":[],"yoast_head":"<!-- This site is optimized with the Yoast SEO plugin v27.4 - https:\/\/yoast.com\/product\/yoast-seo-wordpress\/ -->\n<title>Ach\u00e8te Yu-Gi-Oh ! - Obelisk, le Peintre - Egyptian God Deck (Unlimited)<\/title>\n<meta name=\"description\" content=\"Ach\u00e8te Yu-Gi-Oh ! - Obelisk, le Peintre - Egyptian God Deck (Unlimited) en ligne maintenant \u00e0 petit prix! Ton #1 shop pour cartes TCG &amp; Pok\u00e9mon en Suisse \u2713 Livraison gratuite d\u00e8s CHF 29\" \/>\n<meta name=\"robots\" content=\"index, follow, max-snippet:-1, max-image-preview:large, max-video-preview:-1\" \/>\n<link rel=\"canonical\" href=\"https:\/\/theuncommonshop.ch\/fr\/product\/yu-gi-oh-obelisk-der-peiniger-egyptian-god-deck-unlimited-3\/\" \/>\n<meta property=\"og:locale\" content=\"fr_FR\" \/>\n<meta property=\"og:type\" content=\"article\" \/>\n<meta property=\"og:title\" content=\"Ach\u00e8te Yu-Gi-Oh ! - Obelisk, le Peintre - Egyptian God Deck (Unlimited)\" \/>\n<meta property=\"og:description\" content=\"Ach\u00e8te Yu-Gi-Oh ! - Obelisk, le Peintre - Egyptian God Deck (Unlimited) en ligne maintenant \u00e0 petit prix! Ton #1 shop pour cartes TCG &amp; Pok\u00e9mon en Suisse \u2713 Livraison gratuite d\u00e8s CHF 29\" \/>\n<meta property=\"og:url\" content=\"https:\/\/theuncommonshop.ch\/fr\/product\/yu-gi-oh-obelisk-der-peiniger-egyptian-god-deck-unlimited-3\/\" \/>\n<meta property=\"og:site_name\" content=\"Largest trading card shop in Switzerland\" \/>\n<meta property=\"article:modified_time\" content=\"2026-03-29T14:18:20+00:00\" \/>\n<meta property=\"og:image\" content=\"https:\/\/theuncommonshop.ch\/wp-content\/uploads\/2025\/05\/2060247948.jpg\" \/>\n\t<meta property=\"og:image:width\" content=\"257\" \/>\n\t<meta property=\"og:image:height\" content=\"456\" \/>\n\t<meta property=\"og:image:type\" content=\"image\/jpeg\" \/>\n<meta name=\"twitter:card\" content=\"summary_large_image\" \/>\n<meta name=\"twitter:label1\" content=\"Disponibilit\u00e9\" \/>\n\t<meta name=\"twitter:data1\" content=\"En stock\" \/>\n<script type=\"application\/ld+json\" class=\"yoast-schema-graph\">{\"@context\":\"https:\\\/\\\/schema.org\",\"@graph\":[{\"@type\":\"WebPage\",\"@id\":\"https:\\\/\\\/theuncommonshop.ch\\\/fr\\\/product\\\/yu-gi-oh-obelisk-der-peiniger-egyptian-god-deck-unlimited-3\\\/\",\"url\":\"https:\\\/\\\/theuncommonshop.ch\\\/fr\\\/product\\\/yu-gi-oh-obelisk-der-peiniger-egyptian-god-deck-unlimited-3\\\/\",\"name\":\"Ach\u00e8te Yu-Gi-Oh ! - Obelisk, le Peintre - Egyptian God Deck (Unlimited)\",\"isPartOf\":{\"@id\":\"https:\\\/\\\/theuncommonshop.ch\\\/#website\"},\"primaryImageOfPage\":{\"@id\":\"https:\\\/\\\/theuncommonshop.ch\\\/fr\\\/product\\\/yu-gi-oh-obelisk-der-peiniger-egyptian-god-deck-unlimited-3\\\/#primaryimage\"},\"image\":{\"@id\":\"https:\\\/\\\/theuncommonshop.ch\\\/fr\\\/product\\\/yu-gi-oh-obelisk-der-peiniger-egyptian-god-deck-unlimited-3\\\/#primaryimage\"},\"thumbnailUrl\":\"https:\\\/\\\/theuncommonshop.ch\\\/wp-content\\\/uploads\\\/2025\\\/05\\\/2060247948.jpg\",\"datePublished\":\"2025-06-12T11:10:36+00:00\",\"dateModified\":\"2026-03-29T14:18:20+00:00\",\"description\":\"Ach\u00e8te Yu-Gi-Oh ! - Obelisk, le Peintre - Egyptian God Deck (Unlimited) en ligne maintenant \u00e0 petit prix! Ton #1 shop pour cartes TCG & Pok\u00e9mon en Suisse \u2713 Livraison gratuite d\u00e8s CHF 29\",\"breadcrumb\":{\"@id\":\"https:\\\/\\\/theuncommonshop.ch\\\/fr\\\/product\\\/yu-gi-oh-obelisk-der-peiniger-egyptian-god-deck-unlimited-3\\\/#breadcrumb\"},\"inLanguage\":\"fr-FR\",\"potentialAction\":[{\"@type\":\"ReadAction\",\"target\":[\"https:\\\/\\\/theuncommonshop.ch\\\/fr\\\/product\\\/yu-gi-oh-obelisk-der-peiniger-egyptian-god-deck-unlimited-3\\\/\"]}]},{\"@type\":\"ImageObject\",\"inLanguage\":\"fr-FR\",\"@id\":\"https:\\\/\\\/theuncommonshop.ch\\\/fr\\\/product\\\/yu-gi-oh-obelisk-der-peiniger-egyptian-god-deck-unlimited-3\\\/#primaryimage\",\"url\":\"https:\\\/\\\/theuncommonshop.ch\\\/wp-content\\\/uploads\\\/2025\\\/05\\\/2060247948.jpg\",\"contentUrl\":\"https:\\\/\\\/theuncommonshop.ch\\\/wp-content\\\/uploads\\\/2025\\\/05\\\/2060247948.jpg\",\"width\":257,\"height\":456},{\"@type\":\"BreadcrumbList\",\"@id\":\"https:\\\/\\\/theuncommonshop.ch\\\/fr\\\/product\\\/yu-gi-oh-obelisk-der-peiniger-egyptian-god-deck-unlimited-3\\\/#breadcrumb\",\"itemListElement\":[{\"@type\":\"ListItem\",\"position\":1,\"name\":\"Accueil\",\"item\":\"https:\\\/\\\/theuncommonshop.ch\\\/fr\\\/accueil\\\/\"},{\"@type\":\"ListItem\",\"position\":2,\"name\":\"Boutique\",\"item\":\"https:\\\/\\\/theuncommonshop.ch\\\/fr\\\/boutique\\\/\"},{\"@type\":\"ListItem\",\"position\":3,\"name\":\"Yu-Gi-Oh!\",\"item\":\"https:\\\/\\\/theuncommonshop.ch\\\/fr\\\/categorie-produit\\\/yu-gi-oh-fr\\\/\"},{\"@type\":\"ListItem\",\"position\":4,\"name\":\"Decks\",\"item\":\"https:\\\/\\\/theuncommonshop.ch\\\/fr\\\/categorie-produit\\\/yu-gi-oh-fr\\\/decks-yugioh\\\/\"},{\"@type\":\"ListItem\",\"position\":5,\"name\":\"Yu-Gi-Oh ! &#8211; Obelisk, le Peintre &#8211; Egyptian God Deck (Unlimited)\"}]},{\"@type\":\"WebSite\",\"@id\":\"https:\\\/\\\/theuncommonshop.ch\\\/#website\",\"url\":\"https:\\\/\\\/theuncommonshop.ch\\\/\",\"name\":\"Largest trading card shop in Switzerland\",\"description\":\"Magic, Pok\u00e9mon and Yu-gi-oh - The Uncommon Shop\",\"potentialAction\":[{\"@type\":\"SearchAction\",\"target\":{\"@type\":\"EntryPoint\",\"urlTemplate\":\"https:\\\/\\\/theuncommonshop.ch\\\/?s={search_term_string}\"},\"query-input\":{\"@type\":\"PropertyValueSpecification\",\"valueRequired\":true,\"valueName\":\"search_term_string\"}}],\"inLanguage\":\"fr-FR\"}]}<\/script>\n<meta property=\"og:availability\" content=\"instock\" \/>\n<meta property=\"product:availability\" content=\"instock\" \/>\n<meta property=\"product:retailer_item_id\" content=\"YGO.VII.C.ObeliskDeckUnlim.DE\" \/>\n<meta property=\"product:condition\" content=\"new\" \/>\n<!-- \/ Yoast SEO plugin. -->","yoast_head_json":{"title":"Ach\u00e8te Yu-Gi-Oh ! - Obelisk, le Peintre - Egyptian God Deck (Unlimited)","description":"Ach\u00e8te Yu-Gi-Oh ! - Obelisk, le Peintre - Egyptian God Deck (Unlimited) en ligne maintenant \u00e0 petit prix! Ton #1 shop pour cartes TCG & Pok\u00e9mon en Suisse \u2713 Livraison gratuite d\u00e8s CHF 29","robots":{"index":"index","follow":"follow","max-snippet":"max-snippet:-1","max-image-preview":"max-image-preview:large","max-video-preview":"max-video-preview:-1"},"canonical":"https:\/\/theuncommonshop.ch\/fr\/product\/yu-gi-oh-obelisk-der-peiniger-egyptian-god-deck-unlimited-3\/","og_locale":"fr_FR","og_type":"article","og_title":"Ach\u00e8te Yu-Gi-Oh ! - Obelisk, le Peintre - Egyptian God Deck (Unlimited)","og_description":"Ach\u00e8te Yu-Gi-Oh ! - Obelisk, le Peintre - Egyptian God Deck (Unlimited) en ligne maintenant \u00e0 petit prix! Ton #1 shop pour cartes TCG & Pok\u00e9mon en Suisse \u2713 Livraison gratuite d\u00e8s CHF 29","og_url":"https:\/\/theuncommonshop.ch\/fr\/product\/yu-gi-oh-obelisk-der-peiniger-egyptian-god-deck-unlimited-3\/","og_site_name":"Largest trading card shop in Switzerland","article_modified_time":"2026-03-29T14:18:20+00:00","og_image":[{"width":257,"height":456,"url":"https:\/\/theuncommonshop.ch\/wp-content\/uploads\/2025\/05\/2060247948.jpg","type":"image\/jpeg"}],"twitter_card":"summary_large_image","twitter_misc":{"Disponibilit\u00e9":"En stock"},"schema":{"@context":"https:\/\/schema.org","@graph":[{"@type":"WebPage","@id":"https:\/\/theuncommonshop.ch\/fr\/product\/yu-gi-oh-obelisk-der-peiniger-egyptian-god-deck-unlimited-3\/","url":"https:\/\/theuncommonshop.ch\/fr\/product\/yu-gi-oh-obelisk-der-peiniger-egyptian-god-deck-unlimited-3\/","name":"Ach\u00e8te Yu-Gi-Oh ! - Obelisk, le Peintre - Egyptian God Deck (Unlimited)","isPartOf":{"@id":"https:\/\/theuncommonshop.ch\/#website"},"primaryImageOfPage":{"@id":"https:\/\/theuncommonshop.ch\/fr\/product\/yu-gi-oh-obelisk-der-peiniger-egyptian-god-deck-unlimited-3\/#primaryimage"},"image":{"@id":"https:\/\/theuncommonshop.ch\/fr\/product\/yu-gi-oh-obelisk-der-peiniger-egyptian-god-deck-unlimited-3\/#primaryimage"},"thumbnailUrl":"https:\/\/theuncommonshop.ch\/wp-content\/uploads\/2025\/05\/2060247948.jpg","datePublished":"2025-06-12T11:10:36+00:00","dateModified":"2026-03-29T14:18:20+00:00","description":"Ach\u00e8te Yu-Gi-Oh ! - Obelisk, le Peintre - Egyptian God Deck (Unlimited) en ligne maintenant \u00e0 petit prix! Ton #1 shop pour cartes TCG & Pok\u00e9mon en Suisse \u2713 Livraison gratuite d\u00e8s CHF 29","breadcrumb":{"@id":"https:\/\/theuncommonshop.ch\/fr\/product\/yu-gi-oh-obelisk-der-peiniger-egyptian-god-deck-unlimited-3\/#breadcrumb"},"inLanguage":"fr-FR","potentialAction":[{"@type":"ReadAction","target":["https:\/\/theuncommonshop.ch\/fr\/product\/yu-gi-oh-obelisk-der-peiniger-egyptian-god-deck-unlimited-3\/"]}]},{"@type":"ImageObject","inLanguage":"fr-FR","@id":"https:\/\/theuncommonshop.ch\/fr\/product\/yu-gi-oh-obelisk-der-peiniger-egyptian-god-deck-unlimited-3\/#primaryimage","url":"https:\/\/theuncommonshop.ch\/wp-content\/uploads\/2025\/05\/2060247948.jpg","contentUrl":"https:\/\/theuncommonshop.ch\/wp-content\/uploads\/2025\/05\/2060247948.jpg","width":257,"height":456},{"@type":"BreadcrumbList","@id":"https:\/\/theuncommonshop.ch\/fr\/product\/yu-gi-oh-obelisk-der-peiniger-egyptian-god-deck-unlimited-3\/#breadcrumb","itemListElement":[{"@type":"ListItem","position":1,"name":"Accueil","item":"https:\/\/theuncommonshop.ch\/fr\/accueil\/"},{"@type":"ListItem","position":2,"name":"Boutique","item":"https:\/\/theuncommonshop.ch\/fr\/boutique\/"},{"@type":"ListItem","position":3,"name":"Yu-Gi-Oh!","item":"https:\/\/theuncommonshop.ch\/fr\/categorie-produit\/yu-gi-oh-fr\/"},{"@type":"ListItem","position":4,"name":"Decks","item":"https:\/\/theuncommonshop.ch\/fr\/categorie-produit\/yu-gi-oh-fr\/decks-yugioh\/"},{"@type":"ListItem","position":5,"name":"Yu-Gi-Oh ! &#8211; Obelisk, le Peintre &#8211; Egyptian God Deck (Unlimited)"}]},{"@type":"WebSite","@id":"https:\/\/theuncommonshop.ch\/#website","url":"https:\/\/theuncommonshop.ch\/","name":"Largest trading card shop in Switzerland","description":"Magic, Pok\u00e9mon and Yu-gi-oh - The Uncommon Shop","potentialAction":[{"@type":"SearchAction","target":{"@type":"EntryPoint","urlTemplate":"https:\/\/theuncommonshop.ch\/?s={search_term_string}"},"query-input":{"@type":"PropertyValueSpecification","valueRequired":true,"valueName":"search_term_string"}}],"inLanguage":"fr-FR"}]},"og_availability":"instock","product_availability":"instock","product_retailer_item_id":"YGO.VII.C.ObeliskDeckUnlim.DE","product_condition":"new"},"_links":{"self":[{"href":"https:\/\/theuncommonshop.ch\/fr\/wp-json\/wp\/v2\/product\/320733","targetHints":{"allow":["GET"]}}],"collection":[{"href":"https:\/\/theuncommonshop.ch\/fr\/wp-json\/wp\/v2\/product"}],"about":[{"href":"https:\/\/theuncommonshop.ch\/fr\/wp-json\/wp\/v2\/types\/product"}],"replies":[{"embeddable":true,"href":"https:\/\/theuncommonshop.ch\/fr\/wp-json\/wp\/v2\/comments?post=320733"}],"version-history":[{"count":2,"href":"https:\/\/theuncommonshop.ch\/fr\/wp-json\/wp\/v2\/product\/320733\/revisions"}],"predecessor-version":[{"id":358126,"href":"https:\/\/theuncommonshop.ch\/fr\/wp-json\/wp\/v2\/product\/320733\/revisions\/358126"}],"wp:featuredmedia":[{"embeddable":true,"href":"https:\/\/theuncommonshop.ch\/fr\/wp-json\/wp\/v2\/media\/20690"}],"wp:attachment":[{"href":"https:\/\/theuncommonshop.ch\/fr\/wp-json\/wp\/v2\/media?parent=320733"}],"wp:term":[{"taxonomy":"product_brand","embeddable":true,"href":"https:\/\/theuncommonshop.ch\/fr\/wp-json\/wp\/v2\/product_brand?post=320733"},{"taxonomy":"product_cat","embeddable":true,"href":"https:\/\/theuncommonshop.ch\/fr\/wp-json\/wp\/v2\/product_cat?post=320733"},{"taxonomy":"product_tag","embeddable":true,"href":"https:\/\/theuncommonshop.ch\/fr\/wp-json\/wp\/v2\/product_tag?post=320733"}],"curies":[{"name":"wp","href":"https:\/\/api.w.org\/{rel}","templated":true}]}}