{"id":320718,"date":"2025-06-12T11:10:17","date_gmt":"2025-06-12T11:10:17","guid":{"rendered":"http:\/\/theuncommonshop.ch\/produkt\/320718\/"},"modified":"2026-03-29T16:19:26","modified_gmt":"2026-03-29T14:19:26","slug":"yu-gi-oh-slifer-der-himmelsdrache-egyptian-god-deck-unlimited-2","status":"publish","type":"product","link":"https:\/\/theuncommonshop.ch\/fr\/product\/yu-gi-oh-slifer-der-himmelsdrache-egyptian-god-deck-unlimited-2\/","title":{"rendered":"Yu-Gi-Oh ! &#8211; Slifer, le dragon c\u00e9leste &#8211; Egyptian God Deck (Unlimited)"},"content":{"rendered":"<div>R\u00e9veillez le pouvoir des cartes des dieux \u00e9gyptiens !<\/div>\n<div>Si vous avez toujours voulu construire un deck autour d&#8217;une carte de dieu \u00e9gyptien, mais que vous ne saviez pas par o\u00f9 commencer, les decks de dieux \u00e9gyptiens sont faits pour vous ! Deck des dieux \u00e9gyptiens : Slifer le dragon c\u00e9leste proposent des strat\u00e9gies simples pour invoquer Slifer le dragon c\u00e9leste et gagner. <\/div>\n<div>Slifer le dragon c\u00e9leste :<\/div>\n<div>La puissance de Slifer d\u00e9pend du nombre de cartes que vous avez en main. Ce deck utilise donc des effets qui g\u00e9n\u00e8rent des jetons pour vous aider \u00e0 collecter les 3 tributs n\u00e9cessaires en utilisant moins de cartes de votre main. Une fois que vous avez Slifer sur le terrain, vous pouvez le renforcer avec des cartes qui vous permettent de piocher plus de cartes, comme la toute nouvelle attaque Pouvoir du tonnerre ! Bas\u00e9 sur l&#8217;attaque caract\u00e9ristique de Slifer, ce sort peut d\u00e9truire tous les monstres ouverts de votre adversaire \u00e0 tout moment, mais si vous l&#8217;utilisez pendant votre Main Phase, vous pouvez piocher une carte pour chaque monstre d\u00e9truit !   <\/div>\n<div><\/div>\n<div>Chaque deck Dieu \u00e9gyptien est compos\u00e9 d&#8217;un total de 40 cartes et contient 1 carte Dieu \u00e9gyptien et 5 nouvelles cartes &#8211; 4 nouvelles cartes uniques et 1 exemplaire de Croix des \u00e2mes, une toute nouvelle carte de sort de jeu rapide qui vous permet d&#8217;invoquer votre carte Dieu \u00e9gyptien en tant qu&#8217;Invocation tributaire en offrant les monstres de votre adversaire en tribut !<\/div>\n<div><\/div>\n<div>Le deck est jouable directement \u00e0 partir de la bo\u00eete et est livr\u00e9 avec un guide de duel qui explique la strat\u00e9gie de base et quelques r\u00e8gles que vous devez conna\u00eetre pour tirer le meilleur parti de votre deck.<\/div>\n<div><\/div>\n<div>Chaque deck de dieux \u00e9gyptiens contient 40 cartes :<\/div>\n<ul>\n<li>4 Ultra Rares<\/li>\n<li>4 super-rapides<\/li>\n<li>32 Commons<\/li>\n<li>1 tapis de jeu de luxe\/guide de duel<\/li>\n<\/ul>\n","protected":false},"excerpt":{"rendered":"<p>R\u00e9veillez le pouvoir des cartes des dieux \u00e9gyptiens ! Si vous avez toujours voulu construire un deck autour d&#8217;une carte<\/p>\n","protected":false},"featured_media":20677,"comment_status":"open","ping_status":"closed","template":"","meta":{"_acf_changed":false},"product_brand":[5074,5112],"product_cat":[9837,9779],"product_tag":[],"class_list":{"0":"post-320718","1":"product","2":"type-product","3":"status-publish","4":"has-post-thumbnail","6":"product_brand-konami","7":"product_brand-yu-gi-oh","8":"product_cat-decks-yugioh","9":"product_cat-yu-gi-oh-fr","11":"first","12":"instock","13":"sale","14":"taxable","15":"shipping-taxable","16":"purchasable","17":"product-type-variable"},"acf":[],"yoast_head":"<!-- This site is optimized with the Yoast SEO plugin v27.5 - https:\/\/yoast.com\/product\/yoast-seo-wordpress\/ -->\n<title>Ach\u00e8te Yu-Gi-Oh ! - Slifer, le dragon c\u00e9leste - Egyptian God Deck (Unlimited)<\/title>\n<meta name=\"description\" content=\"Ach\u00e8te Yu-Gi-Oh ! - Slifer, le dragon c\u00e9leste - Egyptian God Deck (Unlimited) en ligne maintenant \u00e0 petit prix! Ton #1 shop pour cartes TCG &amp; Pok\u00e9mon en Suisse \u2713 Livraison gratuite d\u00e8s CHF 29\" \/>\n<meta name=\"robots\" content=\"index, follow, max-snippet:-1, max-image-preview:large, max-video-preview:-1\" \/>\n<link rel=\"canonical\" href=\"https:\/\/theuncommonshop.ch\/fr\/product\/yu-gi-oh-slifer-der-himmelsdrache-egyptian-god-deck-unlimited-2\/\" \/>\n<meta property=\"og:locale\" content=\"fr_FR\" \/>\n<meta property=\"og:type\" content=\"article\" \/>\n<meta property=\"og:title\" content=\"Ach\u00e8te Yu-Gi-Oh ! - Slifer, le dragon c\u00e9leste - Egyptian God Deck (Unlimited)\" \/>\n<meta property=\"og:description\" content=\"Ach\u00e8te Yu-Gi-Oh ! - Slifer, le dragon c\u00e9leste - Egyptian God Deck (Unlimited) en ligne maintenant \u00e0 petit prix! Ton #1 shop pour cartes TCG &amp; Pok\u00e9mon en Suisse \u2713 Livraison gratuite d\u00e8s CHF 29\" \/>\n<meta property=\"og:url\" content=\"https:\/\/theuncommonshop.ch\/fr\/product\/yu-gi-oh-slifer-der-himmelsdrache-egyptian-god-deck-unlimited-2\/\" \/>\n<meta property=\"og:site_name\" content=\"The Uncommon Shop\" \/>\n<meta property=\"article:modified_time\" content=\"2026-03-29T14:19:26+00:00\" \/>\n<meta property=\"og:image\" content=\"https:\/\/theuncommonshop.ch\/wp-content\/uploads\/2025\/05\/2060262283.jpg\" \/>\n\t<meta property=\"og:image:width\" content=\"257\" \/>\n\t<meta property=\"og:image:height\" content=\"457\" \/>\n\t<meta property=\"og:image:type\" content=\"image\/jpeg\" \/>\n<meta name=\"twitter:card\" content=\"summary_large_image\" \/>\n<meta name=\"twitter:label1\" content=\"Disponibilit\u00e9\" \/>\n\t<meta name=\"twitter:data1\" content=\"En stock\" \/>\n<script type=\"application\/ld+json\" class=\"yoast-schema-graph\">{\"@context\":\"https:\\\/\\\/schema.org\",\"@graph\":[{\"@type\":\"WebPage\",\"@id\":\"https:\\\/\\\/theuncommonshop.ch\\\/fr\\\/product\\\/yu-gi-oh-slifer-der-himmelsdrache-egyptian-god-deck-unlimited-2\\\/\",\"url\":\"https:\\\/\\\/theuncommonshop.ch\\\/fr\\\/product\\\/yu-gi-oh-slifer-der-himmelsdrache-egyptian-god-deck-unlimited-2\\\/\",\"name\":\"Ach\u00e8te Yu-Gi-Oh ! - Slifer, le dragon c\u00e9leste - Egyptian God Deck (Unlimited)\",\"isPartOf\":{\"@id\":\"https:\\\/\\\/theuncommonshop.ch\\\/fr\\\/#website\"},\"primaryImageOfPage\":{\"@id\":\"https:\\\/\\\/theuncommonshop.ch\\\/fr\\\/product\\\/yu-gi-oh-slifer-der-himmelsdrache-egyptian-god-deck-unlimited-2\\\/#primaryimage\"},\"image\":{\"@id\":\"https:\\\/\\\/theuncommonshop.ch\\\/fr\\\/product\\\/yu-gi-oh-slifer-der-himmelsdrache-egyptian-god-deck-unlimited-2\\\/#primaryimage\"},\"thumbnailUrl\":\"https:\\\/\\\/theuncommonshop.ch\\\/wp-content\\\/uploads\\\/2025\\\/05\\\/2060262283.jpg\",\"datePublished\":\"2025-06-12T11:10:17+00:00\",\"dateModified\":\"2026-03-29T14:19:26+00:00\",\"description\":\"Ach\u00e8te Yu-Gi-Oh ! - Slifer, le dragon c\u00e9leste - Egyptian God Deck (Unlimited) en ligne maintenant \u00e0 petit prix! Ton #1 shop pour cartes TCG & Pok\u00e9mon en Suisse \u2713 Livraison gratuite d\u00e8s CHF 29\",\"breadcrumb\":{\"@id\":\"https:\\\/\\\/theuncommonshop.ch\\\/fr\\\/product\\\/yu-gi-oh-slifer-der-himmelsdrache-egyptian-god-deck-unlimited-2\\\/#breadcrumb\"},\"inLanguage\":\"fr-FR\",\"potentialAction\":[{\"@type\":\"ReadAction\",\"target\":[\"https:\\\/\\\/theuncommonshop.ch\\\/fr\\\/product\\\/yu-gi-oh-slifer-der-himmelsdrache-egyptian-god-deck-unlimited-2\\\/\"]}]},{\"@type\":\"ImageObject\",\"inLanguage\":\"fr-FR\",\"@id\":\"https:\\\/\\\/theuncommonshop.ch\\\/fr\\\/product\\\/yu-gi-oh-slifer-der-himmelsdrache-egyptian-god-deck-unlimited-2\\\/#primaryimage\",\"url\":\"https:\\\/\\\/theuncommonshop.ch\\\/wp-content\\\/uploads\\\/2025\\\/05\\\/2060262283.jpg\",\"contentUrl\":\"https:\\\/\\\/theuncommonshop.ch\\\/wp-content\\\/uploads\\\/2025\\\/05\\\/2060262283.jpg\",\"width\":257,\"height\":457},{\"@type\":\"BreadcrumbList\",\"@id\":\"https:\\\/\\\/theuncommonshop.ch\\\/fr\\\/product\\\/yu-gi-oh-slifer-der-himmelsdrache-egyptian-god-deck-unlimited-2\\\/#breadcrumb\",\"itemListElement\":[{\"@type\":\"ListItem\",\"position\":1,\"name\":\"Accueil\",\"item\":\"https:\\\/\\\/theuncommonshop.ch\\\/fr\\\/accueil\\\/\"},{\"@type\":\"ListItem\",\"position\":2,\"name\":\"Boutique\",\"item\":\"https:\\\/\\\/theuncommonshop.ch\\\/fr\\\/boutique\\\/\"},{\"@type\":\"ListItem\",\"position\":3,\"name\":\"Yu-Gi-Oh!\",\"item\":\"https:\\\/\\\/theuncommonshop.ch\\\/fr\\\/categorie-produit\\\/yu-gi-oh-fr\\\/\"},{\"@type\":\"ListItem\",\"position\":4,\"name\":\"Decks\",\"item\":\"https:\\\/\\\/theuncommonshop.ch\\\/fr\\\/categorie-produit\\\/yu-gi-oh-fr\\\/decks-yugioh\\\/\"},{\"@type\":\"ListItem\",\"position\":5,\"name\":\"Yu-Gi-Oh ! &#8211; Slifer, le dragon c\u00e9leste &#8211; Egyptian God Deck (Unlimited)\"}]},{\"@type\":\"WebSite\",\"@id\":\"https:\\\/\\\/theuncommonshop.ch\\\/fr\\\/#website\",\"url\":\"https:\\\/\\\/theuncommonshop.ch\\\/fr\\\/\",\"name\":\"The Uncommon Shop\",\"description\":\"Magic, Pok\u00e9mon and Yu-gi-oh - The Uncommon Shop\",\"potentialAction\":[{\"@type\":\"SearchAction\",\"target\":{\"@type\":\"EntryPoint\",\"urlTemplate\":\"https:\\\/\\\/theuncommonshop.ch\\\/fr\\\/?s={search_term_string}\"},\"query-input\":{\"@type\":\"PropertyValueSpecification\",\"valueRequired\":true,\"valueName\":\"search_term_string\"}}],\"inLanguage\":\"fr-FR\"}]}<\/script>\n<meta property=\"og:availability\" content=\"instock\" \/>\n<meta property=\"product:availability\" content=\"instock\" \/>\n<meta property=\"product:retailer_item_id\" content=\"YGO.VII.C.SliferDeckUnlim.DE\" \/>\n<meta property=\"product:condition\" content=\"new\" \/>\n<!-- \/ Yoast SEO plugin. -->","yoast_head_json":{"title":"Ach\u00e8te Yu-Gi-Oh ! - Slifer, le dragon c\u00e9leste - Egyptian God Deck (Unlimited)","description":"Ach\u00e8te Yu-Gi-Oh ! - Slifer, le dragon c\u00e9leste - Egyptian God Deck (Unlimited) en ligne maintenant \u00e0 petit prix! Ton #1 shop pour cartes TCG & Pok\u00e9mon en Suisse \u2713 Livraison gratuite d\u00e8s CHF 29","robots":{"index":"index","follow":"follow","max-snippet":"max-snippet:-1","max-image-preview":"max-image-preview:large","max-video-preview":"max-video-preview:-1"},"canonical":"https:\/\/theuncommonshop.ch\/fr\/product\/yu-gi-oh-slifer-der-himmelsdrache-egyptian-god-deck-unlimited-2\/","og_locale":"fr_FR","og_type":"article","og_title":"Ach\u00e8te Yu-Gi-Oh ! - Slifer, le dragon c\u00e9leste - Egyptian God Deck (Unlimited)","og_description":"Ach\u00e8te Yu-Gi-Oh ! - Slifer, le dragon c\u00e9leste - Egyptian God Deck (Unlimited) en ligne maintenant \u00e0 petit prix! Ton #1 shop pour cartes TCG & Pok\u00e9mon en Suisse \u2713 Livraison gratuite d\u00e8s CHF 29","og_url":"https:\/\/theuncommonshop.ch\/fr\/product\/yu-gi-oh-slifer-der-himmelsdrache-egyptian-god-deck-unlimited-2\/","og_site_name":"The Uncommon Shop","article_modified_time":"2026-03-29T14:19:26+00:00","og_image":[{"width":257,"height":457,"url":"https:\/\/theuncommonshop.ch\/wp-content\/uploads\/2025\/05\/2060262283.jpg","type":"image\/jpeg"}],"twitter_card":"summary_large_image","twitter_misc":{"Disponibilit\u00e9":"En stock"},"schema":{"@context":"https:\/\/schema.org","@graph":[{"@type":"WebPage","@id":"https:\/\/theuncommonshop.ch\/fr\/product\/yu-gi-oh-slifer-der-himmelsdrache-egyptian-god-deck-unlimited-2\/","url":"https:\/\/theuncommonshop.ch\/fr\/product\/yu-gi-oh-slifer-der-himmelsdrache-egyptian-god-deck-unlimited-2\/","name":"Ach\u00e8te Yu-Gi-Oh ! - Slifer, le dragon c\u00e9leste - Egyptian God Deck (Unlimited)","isPartOf":{"@id":"https:\/\/theuncommonshop.ch\/fr\/#website"},"primaryImageOfPage":{"@id":"https:\/\/theuncommonshop.ch\/fr\/product\/yu-gi-oh-slifer-der-himmelsdrache-egyptian-god-deck-unlimited-2\/#primaryimage"},"image":{"@id":"https:\/\/theuncommonshop.ch\/fr\/product\/yu-gi-oh-slifer-der-himmelsdrache-egyptian-god-deck-unlimited-2\/#primaryimage"},"thumbnailUrl":"https:\/\/theuncommonshop.ch\/wp-content\/uploads\/2025\/05\/2060262283.jpg","datePublished":"2025-06-12T11:10:17+00:00","dateModified":"2026-03-29T14:19:26+00:00","description":"Ach\u00e8te Yu-Gi-Oh ! - Slifer, le dragon c\u00e9leste - Egyptian God Deck (Unlimited) en ligne maintenant \u00e0 petit prix! Ton #1 shop pour cartes TCG & Pok\u00e9mon en Suisse \u2713 Livraison gratuite d\u00e8s CHF 29","breadcrumb":{"@id":"https:\/\/theuncommonshop.ch\/fr\/product\/yu-gi-oh-slifer-der-himmelsdrache-egyptian-god-deck-unlimited-2\/#breadcrumb"},"inLanguage":"fr-FR","potentialAction":[{"@type":"ReadAction","target":["https:\/\/theuncommonshop.ch\/fr\/product\/yu-gi-oh-slifer-der-himmelsdrache-egyptian-god-deck-unlimited-2\/"]}]},{"@type":"ImageObject","inLanguage":"fr-FR","@id":"https:\/\/theuncommonshop.ch\/fr\/product\/yu-gi-oh-slifer-der-himmelsdrache-egyptian-god-deck-unlimited-2\/#primaryimage","url":"https:\/\/theuncommonshop.ch\/wp-content\/uploads\/2025\/05\/2060262283.jpg","contentUrl":"https:\/\/theuncommonshop.ch\/wp-content\/uploads\/2025\/05\/2060262283.jpg","width":257,"height":457},{"@type":"BreadcrumbList","@id":"https:\/\/theuncommonshop.ch\/fr\/product\/yu-gi-oh-slifer-der-himmelsdrache-egyptian-god-deck-unlimited-2\/#breadcrumb","itemListElement":[{"@type":"ListItem","position":1,"name":"Accueil","item":"https:\/\/theuncommonshop.ch\/fr\/accueil\/"},{"@type":"ListItem","position":2,"name":"Boutique","item":"https:\/\/theuncommonshop.ch\/fr\/boutique\/"},{"@type":"ListItem","position":3,"name":"Yu-Gi-Oh!","item":"https:\/\/theuncommonshop.ch\/fr\/categorie-produit\/yu-gi-oh-fr\/"},{"@type":"ListItem","position":4,"name":"Decks","item":"https:\/\/theuncommonshop.ch\/fr\/categorie-produit\/yu-gi-oh-fr\/decks-yugioh\/"},{"@type":"ListItem","position":5,"name":"Yu-Gi-Oh ! &#8211; Slifer, le dragon c\u00e9leste &#8211; Egyptian God Deck (Unlimited)"}]},{"@type":"WebSite","@id":"https:\/\/theuncommonshop.ch\/fr\/#website","url":"https:\/\/theuncommonshop.ch\/fr\/","name":"The Uncommon Shop","description":"Magic, Pok\u00e9mon and Yu-gi-oh - The Uncommon Shop","potentialAction":[{"@type":"SearchAction","target":{"@type":"EntryPoint","urlTemplate":"https:\/\/theuncommonshop.ch\/fr\/?s={search_term_string}"},"query-input":{"@type":"PropertyValueSpecification","valueRequired":true,"valueName":"search_term_string"}}],"inLanguage":"fr-FR"}]},"og_availability":"instock","product_availability":"instock","product_retailer_item_id":"YGO.VII.C.SliferDeckUnlim.DE","product_condition":"new"},"_links":{"self":[{"href":"https:\/\/theuncommonshop.ch\/fr\/wp-json\/wp\/v2\/product\/320718","targetHints":{"allow":["GET"]}}],"collection":[{"href":"https:\/\/theuncommonshop.ch\/fr\/wp-json\/wp\/v2\/product"}],"about":[{"href":"https:\/\/theuncommonshop.ch\/fr\/wp-json\/wp\/v2\/types\/product"}],"replies":[{"embeddable":true,"href":"https:\/\/theuncommonshop.ch\/fr\/wp-json\/wp\/v2\/comments?post=320718"}],"version-history":[{"count":0,"href":"https:\/\/theuncommonshop.ch\/fr\/wp-json\/wp\/v2\/product\/320718\/revisions"}],"wp:featuredmedia":[{"embeddable":true,"href":"https:\/\/theuncommonshop.ch\/fr\/wp-json\/wp\/v2\/media\/20677"}],"wp:attachment":[{"href":"https:\/\/theuncommonshop.ch\/fr\/wp-json\/wp\/v2\/media?parent=320718"}],"wp:term":[{"taxonomy":"product_brand","embeddable":true,"href":"https:\/\/theuncommonshop.ch\/fr\/wp-json\/wp\/v2\/product_brand?post=320718"},{"taxonomy":"product_cat","embeddable":true,"href":"https:\/\/theuncommonshop.ch\/fr\/wp-json\/wp\/v2\/product_cat?post=320718"},{"taxonomy":"product_tag","embeddable":true,"href":"https:\/\/theuncommonshop.ch\/fr\/wp-json\/wp\/v2\/product_tag?post=320718"}],"curies":[{"name":"wp","href":"https:\/\/api.w.org\/{rel}","templated":true}]}}