{"id":320526,"date":"2025-06-12T10:45:02","date_gmt":"2025-06-12T10:45:02","guid":{"rendered":"http:\/\/theuncommonshop.ch\/produkt\/320526\/"},"modified":"2026-03-30T14:54:40","modified_gmt":"2026-03-30T12:54:40","slug":"pokemon-sword-shield-lost-origin-swsh11-build-battle-stadium-2","status":"publish","type":"product","link":"https:\/\/theuncommonshop.ch\/fr\/product\/pokemon-sword-shield-lost-origin-swsh11-build-battle-stadium-2\/","title":{"rendered":"Pok\u00e9mon &#8211; Sword &amp; Shield &#8211; Lost Origin (SWSH11) &#8211; Build &amp; Battle Stadium"},"content":{"rendered":"<p><strong>Pok\u00e9mon \u00c9p\u00e9e &amp; Bouclier : Origine Perdue Build &amp; Battle Stadium<\/strong><\/p>\n<p>Cr\u00e9ez deux decks \u00e0 partir de composants puissants gr\u00e2ce \u00e0 ce Build &amp; Battle Stadion Set pour deux joueurs !<\/p>\n<p>Chaque Build &amp; Battle Stadion de l&#8217;extension du Jeu de Cartes \u00e0 Collectionner Pok\u00e9mon Schwert &amp; Schild &#8211; Verlorener Ursprung contient deux Build &amp; Battle Box, une pour vous et une pour un ami.<\/p>\n<p>Chaque Build &amp; Battle Box comprend quatre boosterpacks et un deck de 40 cartes avec une carte holographique exclusive. Vous pouvez jouer \u00e0 ces decks tels quels ou les am\u00e9liorer avec les cartes des boosterpacks ! <\/p>\n<p>Pr\u00e9parez-vous \u00e0 affronter vos adversaires avec le Build &amp; Battle Stadion de l&#8217;extension du jeu de cartes \u00e0 collectionner Pok\u00e9mon, Schwert &amp; Schild &#8211; Verlorener Ursprung !<\/p>\n<p>Le Build &amp; Battle Stadion contient tout ce dont deux joueurs ont besoin pour se pr\u00e9parer et se battre.<\/p>\n<p>Dans cette bo\u00eete, vous trouverez<\/p>\n<ul>\n<li>2 Build &amp; Battle Box individuelles, chacune contenant un deck de 40 cartes pr\u00eat \u00e0 jouer<\/li>\n<li>Chaque deck contient 1 des 4 cartes holographiques uniques<\/li>\n<li>12 boosters du jeu de cartes \u00e0 collectionner Pok\u00e9mon : Schwert &amp; Schild &#8211; Verlorener Ursprung (Origine perdue)<\/li>\n<li>121 cartes d&#8217;\u00e9nergie du jeu de cartes \u00e0 collectionner Pok\u00e9mon<\/li>\n<li>6 cubes de marqueurs de dommages<\/li>\n<li>1 d\u00e9 \u00e0 pile ou face autoris\u00e9 dans les comp\u00e9titions<\/li>\n<li>2 \u00e9tiquettes plastiques pour les \u00e9tats sp\u00e9ciaux<\/li>\n<li>1 bo\u00eete de rangement pour stocker tous les articles<\/li>\n<\/ul>\n","protected":false},"excerpt":{"rendered":"<p>Pok\u00e9mon \u00c9p\u00e9e &amp; Bouclier : Origine Perdue Build &amp; Battle Stadium Cr\u00e9ez deux decks \u00e0 partir de composants puissants gr\u00e2ce<\/p>\n","protected":false},"featured_media":19783,"comment_status":"open","ping_status":"closed","template":"","meta":{"_acf_changed":false},"product_brand":[5114,5072],"product_cat":[9827,10139],"product_tag":[],"class_list":{"0":"post-320526","1":"product","2":"type-product","3":"status-publish","4":"has-post-thumbnail","6":"product_brand-pokemon","7":"product_brand-the-pokemon-company","8":"product_cat-debutant","9":"product_cat-swsh11-origine-perdue","11":"first","12":"outofstock","13":"taxable","14":"shipping-taxable","15":"purchasable","16":"product-type-variable"},"acf":[],"yoast_head":"<!-- This site is optimized with the Yoast SEO plugin v27.4 - https:\/\/yoast.com\/product\/yoast-seo-wordpress\/ -->\n<title>Ach\u00e8te Pok\u00e9mon - Sword &amp; Shield - Lost Origin (SWSH11) - Build &amp; Battle Stadium<\/title>\n<meta name=\"description\" content=\"Ach\u00e8te Pok\u00e9mon - Sword &amp; Shield - Lost Origin (SWSH11) - Build &amp; Battle Stadium en ligne maintenant \u00e0 petit prix! Ton #1 shop pour cartes TCG &amp; Pok\u00e9mon en Suisse \u2713 Livraison gratuite d\u00e8s CHF 29\" \/>\n<meta name=\"robots\" content=\"index, follow, max-snippet:-1, max-image-preview:large, max-video-preview:-1\" \/>\n<link rel=\"canonical\" href=\"https:\/\/theuncommonshop.ch\/fr\/product\/pokemon-sword-shield-lost-origin-swsh11-build-battle-stadium-2\/\" \/>\n<meta property=\"og:locale\" content=\"fr_FR\" \/>\n<meta property=\"og:type\" content=\"article\" \/>\n<meta property=\"og:title\" content=\"Ach\u00e8te Pok\u00e9mon - Sword &amp; Shield - Lost Origin (SWSH11) - Build &amp; Battle Stadium\" \/>\n<meta property=\"og:description\" content=\"Ach\u00e8te Pok\u00e9mon - Sword &amp; Shield - Lost Origin (SWSH11) - Build &amp; Battle Stadium en ligne maintenant \u00e0 petit prix! Ton #1 shop pour cartes TCG &amp; Pok\u00e9mon en Suisse \u2713 Livraison gratuite d\u00e8s CHF 29\" \/>\n<meta property=\"og:url\" content=\"https:\/\/theuncommonshop.ch\/fr\/product\/pokemon-sword-shield-lost-origin-swsh11-build-battle-stadium-2\/\" \/>\n<meta property=\"og:site_name\" content=\"Largest trading card shop in Switzerland\" \/>\n<meta property=\"article:modified_time\" content=\"2026-03-30T12:54:40+00:00\" \/>\n<meta property=\"og:image\" content=\"https:\/\/theuncommonshop.ch\/wp-content\/uploads\/2025\/05\/3136107307.jpg\" \/>\n\t<meta property=\"og:image:width\" content=\"1597\" \/>\n\t<meta property=\"og:image:height\" content=\"1200\" \/>\n\t<meta property=\"og:image:type\" content=\"image\/jpeg\" \/>\n<meta name=\"twitter:card\" content=\"summary_large_image\" \/>\n<meta name=\"twitter:label1\" content=\"Disponibilit\u00e9\" \/>\n\t<meta name=\"twitter:data1\" content=\"Rupture de stock\" \/>\n<script type=\"application\/ld+json\" class=\"yoast-schema-graph\">{\"@context\":\"https:\\\/\\\/schema.org\",\"@graph\":[{\"@type\":\"WebPage\",\"@id\":\"https:\\\/\\\/theuncommonshop.ch\\\/fr\\\/product\\\/pokemon-sword-shield-lost-origin-swsh11-build-battle-stadium-2\\\/\",\"url\":\"https:\\\/\\\/theuncommonshop.ch\\\/fr\\\/product\\\/pokemon-sword-shield-lost-origin-swsh11-build-battle-stadium-2\\\/\",\"name\":\"Ach\u00e8te Pok\u00e9mon - Sword &amp; Shield - Lost Origin (SWSH11) - Build &amp; Battle Stadium\",\"isPartOf\":{\"@id\":\"https:\\\/\\\/theuncommonshop.ch\\\/#website\"},\"primaryImageOfPage\":{\"@id\":\"https:\\\/\\\/theuncommonshop.ch\\\/fr\\\/product\\\/pokemon-sword-shield-lost-origin-swsh11-build-battle-stadium-2\\\/#primaryimage\"},\"image\":{\"@id\":\"https:\\\/\\\/theuncommonshop.ch\\\/fr\\\/product\\\/pokemon-sword-shield-lost-origin-swsh11-build-battle-stadium-2\\\/#primaryimage\"},\"thumbnailUrl\":\"https:\\\/\\\/theuncommonshop.ch\\\/wp-content\\\/uploads\\\/2025\\\/05\\\/3136107307.jpg\",\"datePublished\":\"2025-06-12T10:45:02+00:00\",\"dateModified\":\"2026-03-30T12:54:40+00:00\",\"description\":\"Ach\u00e8te Pok\u00e9mon - Sword &amp; Shield - Lost Origin (SWSH11) - Build &amp; Battle Stadium en ligne maintenant \u00e0 petit prix! Ton #1 shop pour cartes TCG & Pok\u00e9mon en Suisse \u2713 Livraison gratuite d\u00e8s CHF 29\",\"breadcrumb\":{\"@id\":\"https:\\\/\\\/theuncommonshop.ch\\\/fr\\\/product\\\/pokemon-sword-shield-lost-origin-swsh11-build-battle-stadium-2\\\/#breadcrumb\"},\"inLanguage\":\"fr-FR\",\"potentialAction\":[{\"@type\":\"ReadAction\",\"target\":[\"https:\\\/\\\/theuncommonshop.ch\\\/fr\\\/product\\\/pokemon-sword-shield-lost-origin-swsh11-build-battle-stadium-2\\\/\"]}]},{\"@type\":\"ImageObject\",\"inLanguage\":\"fr-FR\",\"@id\":\"https:\\\/\\\/theuncommonshop.ch\\\/fr\\\/product\\\/pokemon-sword-shield-lost-origin-swsh11-build-battle-stadium-2\\\/#primaryimage\",\"url\":\"https:\\\/\\\/theuncommonshop.ch\\\/wp-content\\\/uploads\\\/2025\\\/05\\\/3136107307.jpg\",\"contentUrl\":\"https:\\\/\\\/theuncommonshop.ch\\\/wp-content\\\/uploads\\\/2025\\\/05\\\/3136107307.jpg\",\"width\":1597,\"height\":1200},{\"@type\":\"BreadcrumbList\",\"@id\":\"https:\\\/\\\/theuncommonshop.ch\\\/fr\\\/product\\\/pokemon-sword-shield-lost-origin-swsh11-build-battle-stadium-2\\\/#breadcrumb\",\"itemListElement\":[{\"@type\":\"ListItem\",\"position\":1,\"name\":\"Accueil\",\"item\":\"https:\\\/\\\/theuncommonshop.ch\\\/fr\\\/accueil\\\/\"},{\"@type\":\"ListItem\",\"position\":2,\"name\":\"Boutique\",\"item\":\"https:\\\/\\\/theuncommonshop.ch\\\/fr\\\/boutique\\\/\"},{\"@type\":\"ListItem\",\"position\":3,\"name\":\"Pok\u00e9mon\",\"item\":\"https:\\\/\\\/theuncommonshop.ch\\\/produktkategorie\\\/pokemon\\\/\"},{\"@type\":\"ListItem\",\"position\":4,\"name\":\"Produkte nach Sets\",\"item\":\"https:\\\/\\\/theuncommonshop.ch\\\/produktkategorie\\\/pokemon\\\/produkte-nach-sets\\\/\"},{\"@type\":\"ListItem\",\"position\":5,\"name\":\"Schwert & Schild\",\"item\":\"https:\\\/\\\/theuncommonshop.ch\\\/produktkategorie\\\/pokemon\\\/produkte-nach-sets\\\/schwert-und-schild-aera\\\/\"},{\"@type\":\"ListItem\",\"position\":6,\"name\":\"SWSH11 Verlorener Ursprung\",\"item\":\"https:\\\/\\\/theuncommonshop.ch\\\/produktkategorie\\\/pokemon\\\/produkte-nach-sets\\\/schwert-und-schild-aera\\\/swsh11-lost-origins\\\/\"},{\"@type\":\"ListItem\",\"position\":7,\"name\":\"Pok\u00e9mon &#8211; Sword &amp; Shield &#8211; Lost Origin (SWSH11) &#8211; Build &amp; Battle Stadium\"}]},{\"@type\":\"WebSite\",\"@id\":\"https:\\\/\\\/theuncommonshop.ch\\\/#website\",\"url\":\"https:\\\/\\\/theuncommonshop.ch\\\/\",\"name\":\"Largest trading card shop in Switzerland\",\"description\":\"Magic, Pok\u00e9mon and Yu-gi-oh - The Uncommon Shop\",\"potentialAction\":[{\"@type\":\"SearchAction\",\"target\":{\"@type\":\"EntryPoint\",\"urlTemplate\":\"https:\\\/\\\/theuncommonshop.ch\\\/?s={search_term_string}\"},\"query-input\":{\"@type\":\"PropertyValueSpecification\",\"valueRequired\":true,\"valueName\":\"search_term_string\"}}],\"inLanguage\":\"fr-FR\"}]}<\/script>\n<meta property=\"og:availability\" content=\"out of stock\" \/>\n<meta property=\"product:availability\" content=\"out of stock\" \/>\n<meta property=\"product:condition\" content=\"new\" \/>\n<!-- \/ Yoast SEO plugin. -->","yoast_head_json":{"title":"Ach\u00e8te Pok\u00e9mon - Sword &amp; Shield - Lost Origin (SWSH11) - Build &amp; Battle Stadium","description":"Ach\u00e8te Pok\u00e9mon - Sword &amp; Shield - Lost Origin (SWSH11) - Build &amp; Battle Stadium en ligne maintenant \u00e0 petit prix! Ton #1 shop pour cartes TCG & Pok\u00e9mon en Suisse \u2713 Livraison gratuite d\u00e8s CHF 29","robots":{"index":"index","follow":"follow","max-snippet":"max-snippet:-1","max-image-preview":"max-image-preview:large","max-video-preview":"max-video-preview:-1"},"canonical":"https:\/\/theuncommonshop.ch\/fr\/product\/pokemon-sword-shield-lost-origin-swsh11-build-battle-stadium-2\/","og_locale":"fr_FR","og_type":"article","og_title":"Ach\u00e8te Pok\u00e9mon - Sword &amp; Shield - Lost Origin (SWSH11) - Build &amp; Battle Stadium","og_description":"Ach\u00e8te Pok\u00e9mon - Sword &amp; Shield - Lost Origin (SWSH11) - Build &amp; Battle Stadium en ligne maintenant \u00e0 petit prix! Ton #1 shop pour cartes TCG & Pok\u00e9mon en Suisse \u2713 Livraison gratuite d\u00e8s CHF 29","og_url":"https:\/\/theuncommonshop.ch\/fr\/product\/pokemon-sword-shield-lost-origin-swsh11-build-battle-stadium-2\/","og_site_name":"Largest trading card shop in Switzerland","article_modified_time":"2026-03-30T12:54:40+00:00","og_image":[{"width":1597,"height":1200,"url":"https:\/\/theuncommonshop.ch\/wp-content\/uploads\/2025\/05\/3136107307.jpg","type":"image\/jpeg"}],"twitter_card":"summary_large_image","twitter_misc":{"Disponibilit\u00e9":"Rupture de stock"},"schema":{"@context":"https:\/\/schema.org","@graph":[{"@type":"WebPage","@id":"https:\/\/theuncommonshop.ch\/fr\/product\/pokemon-sword-shield-lost-origin-swsh11-build-battle-stadium-2\/","url":"https:\/\/theuncommonshop.ch\/fr\/product\/pokemon-sword-shield-lost-origin-swsh11-build-battle-stadium-2\/","name":"Ach\u00e8te Pok\u00e9mon - Sword &amp; Shield - Lost Origin (SWSH11) - Build &amp; Battle Stadium","isPartOf":{"@id":"https:\/\/theuncommonshop.ch\/#website"},"primaryImageOfPage":{"@id":"https:\/\/theuncommonshop.ch\/fr\/product\/pokemon-sword-shield-lost-origin-swsh11-build-battle-stadium-2\/#primaryimage"},"image":{"@id":"https:\/\/theuncommonshop.ch\/fr\/product\/pokemon-sword-shield-lost-origin-swsh11-build-battle-stadium-2\/#primaryimage"},"thumbnailUrl":"https:\/\/theuncommonshop.ch\/wp-content\/uploads\/2025\/05\/3136107307.jpg","datePublished":"2025-06-12T10:45:02+00:00","dateModified":"2026-03-30T12:54:40+00:00","description":"Ach\u00e8te Pok\u00e9mon - Sword &amp; Shield - Lost Origin (SWSH11) - Build &amp; Battle Stadium en ligne maintenant \u00e0 petit prix! Ton #1 shop pour cartes TCG & Pok\u00e9mon en Suisse \u2713 Livraison gratuite d\u00e8s CHF 29","breadcrumb":{"@id":"https:\/\/theuncommonshop.ch\/fr\/product\/pokemon-sword-shield-lost-origin-swsh11-build-battle-stadium-2\/#breadcrumb"},"inLanguage":"fr-FR","potentialAction":[{"@type":"ReadAction","target":["https:\/\/theuncommonshop.ch\/fr\/product\/pokemon-sword-shield-lost-origin-swsh11-build-battle-stadium-2\/"]}]},{"@type":"ImageObject","inLanguage":"fr-FR","@id":"https:\/\/theuncommonshop.ch\/fr\/product\/pokemon-sword-shield-lost-origin-swsh11-build-battle-stadium-2\/#primaryimage","url":"https:\/\/theuncommonshop.ch\/wp-content\/uploads\/2025\/05\/3136107307.jpg","contentUrl":"https:\/\/theuncommonshop.ch\/wp-content\/uploads\/2025\/05\/3136107307.jpg","width":1597,"height":1200},{"@type":"BreadcrumbList","@id":"https:\/\/theuncommonshop.ch\/fr\/product\/pokemon-sword-shield-lost-origin-swsh11-build-battle-stadium-2\/#breadcrumb","itemListElement":[{"@type":"ListItem","position":1,"name":"Accueil","item":"https:\/\/theuncommonshop.ch\/fr\/accueil\/"},{"@type":"ListItem","position":2,"name":"Boutique","item":"https:\/\/theuncommonshop.ch\/fr\/boutique\/"},{"@type":"ListItem","position":3,"name":"Pok\u00e9mon","item":"https:\/\/theuncommonshop.ch\/produktkategorie\/pokemon\/"},{"@type":"ListItem","position":4,"name":"Produkte nach Sets","item":"https:\/\/theuncommonshop.ch\/produktkategorie\/pokemon\/produkte-nach-sets\/"},{"@type":"ListItem","position":5,"name":"Schwert & Schild","item":"https:\/\/theuncommonshop.ch\/produktkategorie\/pokemon\/produkte-nach-sets\/schwert-und-schild-aera\/"},{"@type":"ListItem","position":6,"name":"SWSH11 Verlorener Ursprung","item":"https:\/\/theuncommonshop.ch\/produktkategorie\/pokemon\/produkte-nach-sets\/schwert-und-schild-aera\/swsh11-lost-origins\/"},{"@type":"ListItem","position":7,"name":"Pok\u00e9mon &#8211; Sword &amp; Shield &#8211; Lost Origin (SWSH11) &#8211; Build &amp; Battle Stadium"}]},{"@type":"WebSite","@id":"https:\/\/theuncommonshop.ch\/#website","url":"https:\/\/theuncommonshop.ch\/","name":"Largest trading card shop in Switzerland","description":"Magic, Pok\u00e9mon and Yu-gi-oh - The Uncommon Shop","potentialAction":[{"@type":"SearchAction","target":{"@type":"EntryPoint","urlTemplate":"https:\/\/theuncommonshop.ch\/?s={search_term_string}"},"query-input":{"@type":"PropertyValueSpecification","valueRequired":true,"valueName":"search_term_string"}}],"inLanguage":"fr-FR"}]},"og_availability":"out of stock","product_availability":"out of stock","product_condition":"new"},"_links":{"self":[{"href":"https:\/\/theuncommonshop.ch\/fr\/wp-json\/wp\/v2\/product\/320526","targetHints":{"allow":["GET"]}}],"collection":[{"href":"https:\/\/theuncommonshop.ch\/fr\/wp-json\/wp\/v2\/product"}],"about":[{"href":"https:\/\/theuncommonshop.ch\/fr\/wp-json\/wp\/v2\/types\/product"}],"replies":[{"embeddable":true,"href":"https:\/\/theuncommonshop.ch\/fr\/wp-json\/wp\/v2\/comments?post=320526"}],"version-history":[{"count":2,"href":"https:\/\/theuncommonshop.ch\/fr\/wp-json\/wp\/v2\/product\/320526\/revisions"}],"predecessor-version":[{"id":358183,"href":"https:\/\/theuncommonshop.ch\/fr\/wp-json\/wp\/v2\/product\/320526\/revisions\/358183"}],"wp:featuredmedia":[{"embeddable":true,"href":"https:\/\/theuncommonshop.ch\/fr\/wp-json\/wp\/v2\/media\/19783"}],"wp:attachment":[{"href":"https:\/\/theuncommonshop.ch\/fr\/wp-json\/wp\/v2\/media?parent=320526"}],"wp:term":[{"taxonomy":"product_brand","embeddable":true,"href":"https:\/\/theuncommonshop.ch\/fr\/wp-json\/wp\/v2\/product_brand?post=320526"},{"taxonomy":"product_cat","embeddable":true,"href":"https:\/\/theuncommonshop.ch\/fr\/wp-json\/wp\/v2\/product_cat?post=320526"},{"taxonomy":"product_tag","embeddable":true,"href":"https:\/\/theuncommonshop.ch\/fr\/wp-json\/wp\/v2\/product_tag?post=320526"}],"curies":[{"name":"wp","href":"https:\/\/api.w.org\/{rel}","templated":true}]}}