{"id":320244,"date":"2025-06-12T10:02:37","date_gmt":"2025-06-12T10:02:37","guid":{"rendered":"http:\/\/theuncommonshop.ch\/produkt\/320244\/"},"modified":"2026-03-29T13:11:40","modified_gmt":"2026-03-29T11:11:40","slug":"pokemon-schwert-und-schild-mortipot-v-kollektion-de-2","status":"publish","type":"product","link":"https:\/\/theuncommonshop.ch\/fr\/product\/pokemon-schwert-und-schild-mortipot-v-kollektion-de-2\/","title":{"rendered":"Pokemon &#8211; Ep\u00e9e et bouclier &#8211; Collection Mortipot-V"},"content":{"rendered":"<p><strong><span style=\"font-size: 18px;\"><span style=\"background-color: rgb(227, 108, 9);\"><\/span><\/span><\/strong><u><strong><span style=\"font-size: 18px;\"><span style=\"background-color: rgb(227, 108, 9);\"><\/span><\/span><\/strong><\/u><\/p>\n<p><span style=\"font-size: 18px;\"><span style=\"background-color: rgb(227, 108, 9);\"><span style=\"font-size: 18px;\"><\/p>\n<p>Parfois, un match du jeu de cartes \u00e0 collectionner Pok\u00e9mon n\u00e9cessite quelque chose de fort &#8211; et Mortipot-V est en effet un breuvage puissant ! La collection <em>Mortipot-V<\/em> du jeu de cartes \u00e0 collectionner Pok\u00e9mon ajoute le Pok\u00e9mon de th\u00e9 noir raffin\u00e9 \u00e0 votre collection sous la forme d&#8217;une carte holographique chic et d&#8217;une carte surdimensionn\u00e9e qui s&#8217;expose fantastiquement. Vous recevrez \u00e9galement quatre boosters du Jeu de Cartes \u00e0 Collectionner Pok\u00e9mon pour enrichir encore plus votre deck.  <\/p>\n<p>La collection <em>Mortipot-V<\/em> du jeu de cartes \u00e0 collectionner Pok\u00e9mon comprend :<\/p>\n<ul>\n<li>1 carte holographique avec Mortipot-V<\/li>\n<li>1 carte surdimensionn\u00e9e avec Mortipot-V<\/li>\n<li>4 boosters du jeu de cartes \u00e0 collectionner Pok\u00e9mon<\/li>\n<li>1 carte de code pour le jeu de cartes \u00e0 collectionner Pok\u00e9mon en ligne<\/li>\n<\/ul>\n<p><em><\/em><\/p>\n<p><\/span><\/span><\/span><\/p>\n","protected":false},"excerpt":{"rendered":"<p>Parfois, un match du jeu de cartes \u00e0 collectionner Pok\u00e9mon n\u00e9cessite quelque chose de fort &#8211; et Mortipot-V est en<\/p>\n","protected":false},"featured_media":18340,"comment_status":"open","ping_status":"closed","template":"","meta":{"_acf_changed":false},"product_brand":[5114,5072],"product_cat":[9811,9777],"product_tag":[],"class_list":{"0":"post-320244","1":"product","2":"type-product","3":"status-publish","4":"has-post-thumbnail","6":"product_brand-pokemon","7":"product_brand-the-pokemon-company","8":"product_cat-coffrets-et-collections-pokemon","9":"product_cat-pokemon-fr","11":"first","12":"instock","13":"taxable","14":"shipping-taxable","15":"purchasable","16":"product-type-variable"},"acf":[],"yoast_head":"<!-- This site is optimized with the Yoast SEO plugin v27.4 - https:\/\/yoast.com\/product\/yoast-seo-wordpress\/ -->\n<title>Ach\u00e8te Pokemon - Ep\u00e9e et bouclier - Collection Mortipot-V<\/title>\n<meta name=\"description\" content=\"Ach\u00e8te Pokemon - Ep\u00e9e et bouclier - Collection Mortipot-V en ligne maintenant \u00e0 petit prix! Ton #1 shop pour cartes TCG &amp; Pok\u00e9mon en Suisse \u2713 Livraison gratuite d\u00e8s CHF 29\" \/>\n<meta name=\"robots\" content=\"index, follow, max-snippet:-1, max-image-preview:large, max-video-preview:-1\" \/>\n<link rel=\"canonical\" href=\"https:\/\/theuncommonshop.ch\/fr\/product\/pokemon-schwert-und-schild-mortipot-v-kollektion-de-2\/\" \/>\n<meta property=\"og:locale\" content=\"fr_FR\" \/>\n<meta property=\"og:type\" content=\"article\" \/>\n<meta property=\"og:title\" content=\"Ach\u00e8te Pokemon - Ep\u00e9e et bouclier - Collection Mortipot-V\" \/>\n<meta property=\"og:description\" content=\"Ach\u00e8te Pokemon - Ep\u00e9e et bouclier - Collection Mortipot-V en ligne maintenant \u00e0 petit prix! Ton #1 shop pour cartes TCG &amp; Pok\u00e9mon en Suisse \u2713 Livraison gratuite d\u00e8s CHF 29\" \/>\n<meta property=\"og:url\" content=\"https:\/\/theuncommonshop.ch\/fr\/product\/pokemon-schwert-und-schild-mortipot-v-kollektion-de-2\/\" \/>\n<meta property=\"og:site_name\" content=\"The Uncommon Shop\" \/>\n<meta property=\"article:modified_time\" content=\"2026-03-29T11:11:40+00:00\" \/>\n<meta property=\"og:image\" content=\"https:\/\/theuncommonshop.ch\/wp-content\/uploads\/2025\/05\/1306807244.jpg\" \/>\n\t<meta property=\"og:image:width\" content=\"852\" \/>\n\t<meta property=\"og:image:height\" content=\"800\" \/>\n\t<meta property=\"og:image:type\" content=\"image\/jpeg\" \/>\n<meta name=\"twitter:card\" content=\"summary_large_image\" \/>\n<meta name=\"twitter:label1\" content=\"Disponibilit\u00e9\" \/>\n\t<meta name=\"twitter:data1\" content=\"En stock\" \/>\n<script type=\"application\/ld+json\" class=\"yoast-schema-graph\">{\"@context\":\"https:\\\/\\\/schema.org\",\"@graph\":[{\"@type\":\"WebPage\",\"@id\":\"https:\\\/\\\/theuncommonshop.ch\\\/fr\\\/product\\\/pokemon-schwert-und-schild-mortipot-v-kollektion-de-2\\\/\",\"url\":\"https:\\\/\\\/theuncommonshop.ch\\\/fr\\\/product\\\/pokemon-schwert-und-schild-mortipot-v-kollektion-de-2\\\/\",\"name\":\"Ach\u00e8te Pokemon - Ep\u00e9e et bouclier - Collection Mortipot-V\",\"isPartOf\":{\"@id\":\"https:\\\/\\\/theuncommonshop.ch\\\/fr\\\/#website\"},\"primaryImageOfPage\":{\"@id\":\"https:\\\/\\\/theuncommonshop.ch\\\/fr\\\/product\\\/pokemon-schwert-und-schild-mortipot-v-kollektion-de-2\\\/#primaryimage\"},\"image\":{\"@id\":\"https:\\\/\\\/theuncommonshop.ch\\\/fr\\\/product\\\/pokemon-schwert-und-schild-mortipot-v-kollektion-de-2\\\/#primaryimage\"},\"thumbnailUrl\":\"https:\\\/\\\/theuncommonshop.ch\\\/wp-content\\\/uploads\\\/2025\\\/05\\\/1306807244.jpg\",\"datePublished\":\"2025-06-12T10:02:37+00:00\",\"dateModified\":\"2026-03-29T11:11:40+00:00\",\"description\":\"Ach\u00e8te Pokemon - Ep\u00e9e et bouclier - Collection Mortipot-V en ligne maintenant \u00e0 petit prix! Ton #1 shop pour cartes TCG & Pok\u00e9mon en Suisse \u2713 Livraison gratuite d\u00e8s CHF 29\",\"breadcrumb\":{\"@id\":\"https:\\\/\\\/theuncommonshop.ch\\\/fr\\\/product\\\/pokemon-schwert-und-schild-mortipot-v-kollektion-de-2\\\/#breadcrumb\"},\"inLanguage\":\"fr-FR\",\"potentialAction\":[{\"@type\":\"ReadAction\",\"target\":[\"https:\\\/\\\/theuncommonshop.ch\\\/fr\\\/product\\\/pokemon-schwert-und-schild-mortipot-v-kollektion-de-2\\\/\"]}]},{\"@type\":\"ImageObject\",\"inLanguage\":\"fr-FR\",\"@id\":\"https:\\\/\\\/theuncommonshop.ch\\\/fr\\\/product\\\/pokemon-schwert-und-schild-mortipot-v-kollektion-de-2\\\/#primaryimage\",\"url\":\"https:\\\/\\\/theuncommonshop.ch\\\/wp-content\\\/uploads\\\/2025\\\/05\\\/1306807244.jpg\",\"contentUrl\":\"https:\\\/\\\/theuncommonshop.ch\\\/wp-content\\\/uploads\\\/2025\\\/05\\\/1306807244.jpg\",\"width\":852,\"height\":800},{\"@type\":\"BreadcrumbList\",\"@id\":\"https:\\\/\\\/theuncommonshop.ch\\\/fr\\\/product\\\/pokemon-schwert-und-schild-mortipot-v-kollektion-de-2\\\/#breadcrumb\",\"itemListElement\":[{\"@type\":\"ListItem\",\"position\":1,\"name\":\"Accueil\",\"item\":\"https:\\\/\\\/theuncommonshop.ch\\\/fr\\\/accueil\\\/\"},{\"@type\":\"ListItem\",\"position\":2,\"name\":\"Boutique\",\"item\":\"https:\\\/\\\/theuncommonshop.ch\\\/fr\\\/boutique\\\/\"},{\"@type\":\"ListItem\",\"position\":3,\"name\":\"Pok\u00e9mon\",\"item\":\"https:\\\/\\\/theuncommonshop.ch\\\/fr\\\/categorie-produit\\\/pokemon-fr\\\/\"},{\"@type\":\"ListItem\",\"position\":4,\"name\":\"Coffrets & collections\",\"item\":\"https:\\\/\\\/theuncommonshop.ch\\\/fr\\\/categorie-produit\\\/pokemon-fr\\\/coffrets-et-collections-pokemon\\\/\"},{\"@type\":\"ListItem\",\"position\":5,\"name\":\"Pokemon &#8211; Ep\u00e9e et bouclier &#8211; Collection Mortipot-V\"}]},{\"@type\":\"WebSite\",\"@id\":\"https:\\\/\\\/theuncommonshop.ch\\\/fr\\\/#website\",\"url\":\"https:\\\/\\\/theuncommonshop.ch\\\/fr\\\/\",\"name\":\"The Uncommon Shop\",\"description\":\"Magic, Pok\u00e9mon and Yu-gi-oh - The Uncommon Shop\",\"potentialAction\":[{\"@type\":\"SearchAction\",\"target\":{\"@type\":\"EntryPoint\",\"urlTemplate\":\"https:\\\/\\\/theuncommonshop.ch\\\/fr\\\/?s={search_term_string}\"},\"query-input\":{\"@type\":\"PropertyValueSpecification\",\"valueRequired\":true,\"valueName\":\"search_term_string\"}}],\"inLanguage\":\"fr-FR\"}]}<\/script>\n<meta property=\"og:availability\" content=\"instock\" \/>\n<meta property=\"product:availability\" content=\"instock\" \/>\n<meta property=\"product:retailer_item_id\" content=\"PO.XXVIII.G.MortiVKoll.DE\" \/>\n<meta property=\"product:condition\" content=\"new\" \/>\n<!-- \/ Yoast SEO plugin. -->","yoast_head_json":{"title":"Ach\u00e8te Pokemon - Ep\u00e9e et bouclier - Collection Mortipot-V","description":"Ach\u00e8te Pokemon - Ep\u00e9e et bouclier - Collection Mortipot-V en ligne maintenant \u00e0 petit prix! Ton #1 shop pour cartes TCG & Pok\u00e9mon en Suisse \u2713 Livraison gratuite d\u00e8s CHF 29","robots":{"index":"index","follow":"follow","max-snippet":"max-snippet:-1","max-image-preview":"max-image-preview:large","max-video-preview":"max-video-preview:-1"},"canonical":"https:\/\/theuncommonshop.ch\/fr\/product\/pokemon-schwert-und-schild-mortipot-v-kollektion-de-2\/","og_locale":"fr_FR","og_type":"article","og_title":"Ach\u00e8te Pokemon - Ep\u00e9e et bouclier - Collection Mortipot-V","og_description":"Ach\u00e8te Pokemon - Ep\u00e9e et bouclier - Collection Mortipot-V en ligne maintenant \u00e0 petit prix! Ton #1 shop pour cartes TCG & Pok\u00e9mon en Suisse \u2713 Livraison gratuite d\u00e8s CHF 29","og_url":"https:\/\/theuncommonshop.ch\/fr\/product\/pokemon-schwert-und-schild-mortipot-v-kollektion-de-2\/","og_site_name":"The Uncommon Shop","article_modified_time":"2026-03-29T11:11:40+00:00","og_image":[{"width":852,"height":800,"url":"https:\/\/theuncommonshop.ch\/wp-content\/uploads\/2025\/05\/1306807244.jpg","type":"image\/jpeg"}],"twitter_card":"summary_large_image","twitter_misc":{"Disponibilit\u00e9":"En stock"},"schema":{"@context":"https:\/\/schema.org","@graph":[{"@type":"WebPage","@id":"https:\/\/theuncommonshop.ch\/fr\/product\/pokemon-schwert-und-schild-mortipot-v-kollektion-de-2\/","url":"https:\/\/theuncommonshop.ch\/fr\/product\/pokemon-schwert-und-schild-mortipot-v-kollektion-de-2\/","name":"Ach\u00e8te Pokemon - Ep\u00e9e et bouclier - Collection Mortipot-V","isPartOf":{"@id":"https:\/\/theuncommonshop.ch\/fr\/#website"},"primaryImageOfPage":{"@id":"https:\/\/theuncommonshop.ch\/fr\/product\/pokemon-schwert-und-schild-mortipot-v-kollektion-de-2\/#primaryimage"},"image":{"@id":"https:\/\/theuncommonshop.ch\/fr\/product\/pokemon-schwert-und-schild-mortipot-v-kollektion-de-2\/#primaryimage"},"thumbnailUrl":"https:\/\/theuncommonshop.ch\/wp-content\/uploads\/2025\/05\/1306807244.jpg","datePublished":"2025-06-12T10:02:37+00:00","dateModified":"2026-03-29T11:11:40+00:00","description":"Ach\u00e8te Pokemon - Ep\u00e9e et bouclier - Collection Mortipot-V en ligne maintenant \u00e0 petit prix! Ton #1 shop pour cartes TCG & Pok\u00e9mon en Suisse \u2713 Livraison gratuite d\u00e8s CHF 29","breadcrumb":{"@id":"https:\/\/theuncommonshop.ch\/fr\/product\/pokemon-schwert-und-schild-mortipot-v-kollektion-de-2\/#breadcrumb"},"inLanguage":"fr-FR","potentialAction":[{"@type":"ReadAction","target":["https:\/\/theuncommonshop.ch\/fr\/product\/pokemon-schwert-und-schild-mortipot-v-kollektion-de-2\/"]}]},{"@type":"ImageObject","inLanguage":"fr-FR","@id":"https:\/\/theuncommonshop.ch\/fr\/product\/pokemon-schwert-und-schild-mortipot-v-kollektion-de-2\/#primaryimage","url":"https:\/\/theuncommonshop.ch\/wp-content\/uploads\/2025\/05\/1306807244.jpg","contentUrl":"https:\/\/theuncommonshop.ch\/wp-content\/uploads\/2025\/05\/1306807244.jpg","width":852,"height":800},{"@type":"BreadcrumbList","@id":"https:\/\/theuncommonshop.ch\/fr\/product\/pokemon-schwert-und-schild-mortipot-v-kollektion-de-2\/#breadcrumb","itemListElement":[{"@type":"ListItem","position":1,"name":"Accueil","item":"https:\/\/theuncommonshop.ch\/fr\/accueil\/"},{"@type":"ListItem","position":2,"name":"Boutique","item":"https:\/\/theuncommonshop.ch\/fr\/boutique\/"},{"@type":"ListItem","position":3,"name":"Pok\u00e9mon","item":"https:\/\/theuncommonshop.ch\/fr\/categorie-produit\/pokemon-fr\/"},{"@type":"ListItem","position":4,"name":"Coffrets & collections","item":"https:\/\/theuncommonshop.ch\/fr\/categorie-produit\/pokemon-fr\/coffrets-et-collections-pokemon\/"},{"@type":"ListItem","position":5,"name":"Pokemon &#8211; Ep\u00e9e et bouclier &#8211; Collection Mortipot-V"}]},{"@type":"WebSite","@id":"https:\/\/theuncommonshop.ch\/fr\/#website","url":"https:\/\/theuncommonshop.ch\/fr\/","name":"The Uncommon Shop","description":"Magic, Pok\u00e9mon and Yu-gi-oh - The Uncommon Shop","potentialAction":[{"@type":"SearchAction","target":{"@type":"EntryPoint","urlTemplate":"https:\/\/theuncommonshop.ch\/fr\/?s={search_term_string}"},"query-input":{"@type":"PropertyValueSpecification","valueRequired":true,"valueName":"search_term_string"}}],"inLanguage":"fr-FR"}]},"og_availability":"instock","product_availability":"instock","product_retailer_item_id":"PO.XXVIII.G.MortiVKoll.DE","product_condition":"new"},"_links":{"self":[{"href":"https:\/\/theuncommonshop.ch\/fr\/wp-json\/wp\/v2\/product\/320244","targetHints":{"allow":["GET"]}}],"collection":[{"href":"https:\/\/theuncommonshop.ch\/fr\/wp-json\/wp\/v2\/product"}],"about":[{"href":"https:\/\/theuncommonshop.ch\/fr\/wp-json\/wp\/v2\/types\/product"}],"replies":[{"embeddable":true,"href":"https:\/\/theuncommonshop.ch\/fr\/wp-json\/wp\/v2\/comments?post=320244"}],"version-history":[{"count":0,"href":"https:\/\/theuncommonshop.ch\/fr\/wp-json\/wp\/v2\/product\/320244\/revisions"}],"wp:featuredmedia":[{"embeddable":true,"href":"https:\/\/theuncommonshop.ch\/fr\/wp-json\/wp\/v2\/media\/18340"}],"wp:attachment":[{"href":"https:\/\/theuncommonshop.ch\/fr\/wp-json\/wp\/v2\/media?parent=320244"}],"wp:term":[{"taxonomy":"product_brand","embeddable":true,"href":"https:\/\/theuncommonshop.ch\/fr\/wp-json\/wp\/v2\/product_brand?post=320244"},{"taxonomy":"product_cat","embeddable":true,"href":"https:\/\/theuncommonshop.ch\/fr\/wp-json\/wp\/v2\/product_cat?post=320244"},{"taxonomy":"product_tag","embeddable":true,"href":"https:\/\/theuncommonshop.ch\/fr\/wp-json\/wp\/v2\/product_tag?post=320244"}],"curies":[{"name":"wp","href":"https:\/\/api.w.org\/{rel}","templated":true}]}}