{"id":320095,"date":"2025-06-12T12:32:51","date_gmt":"2025-06-12T12:32:51","guid":{"rendered":"http:\/\/theuncommonshop.ch\/produkt\/320095\/"},"modified":"2026-03-30T12:59:30","modified_gmt":"2026-03-30T10:59:30","slug":"magic-doctor-who-who-commander-deck-2","status":"publish","type":"product","link":"https:\/\/theuncommonshop.ch\/fr\/product\/magic-doctor-who-who-commander-deck-2\/","title":{"rendered":"Magic &#8211; Doctor Who (WHO) &#8211; Commander Deck"},"content":{"rendered":"<div>\n<div>Ce deck Magic : The Gathering c\u00e9l\u00e8bre des moments, des personnages et des lieux fantastiques de la c\u00e9l\u00e8bre s\u00e9rie Doctor Who de la BBC. Pr\u00eat \u00e0 jouer d\u00e8s la sortie de la bo\u00eete, vous pouvez vous lancer directement dans une partie multijoueur qui mettra \u00e0 l&#8217;\u00e9preuve votre cr\u00e9ativit\u00e9 et votre sens de la strat\u00e9gie. <\/div>\n<div><\/div>\n<div>Le Commander Deck de Doctor Who se compose de 4 decks, chacun contenant :<\/div>\n<ul>\n<li>1 deck pr\u00eat \u00e0 jouer de 100 cartes Magic (2 cartes avec Rainbow Foil pour les cr\u00e9atures l\u00e9gendaires, 98 cartes sans Foiling)<\/li>\n<li>10 cartes Planechase<\/li>\n<li>1 cube planaire \u00e0 six faces<\/li>\n<li>un paquet d&#8217;\u00e9chantillons Booster \u00e0 collectionner de 2 cartes (contient 2 cartes de traitement sp\u00e9cial Rainbow Foil ou Non Foil, dont 1 Common ou Uncommon et 1 carte de raret\u00e9 Rare ou sup\u00e9rieure)<\/li>\n<li>1 Foil-Etched Commander (une copie en carton \u00e9pais de la carte Commander avec du Foil-Etched sur les bords et dans le graphique de la carte)<\/li>\n<li>10 pions double face<\/li>\n<li>1 bo\u00eete de deck (peut contenir 100 cartes sleev\u00e9es)<\/li>\n<li>1 roue de la vie<\/li>\n<li>1 encart strat\u00e9gique<\/li>\n<li>1 carte de r\u00e9f\u00e9rence<\/li>\n<\/ul>\n<\/div>\n","protected":false},"excerpt":{"rendered":"<p>Ce deck Magic : The Gathering c\u00e9l\u00e8bre des moments, des personnages et des lieux fantastiques de la c\u00e9l\u00e8bre s\u00e9rie Doctor<\/p>\n","protected":false},"featured_media":24140,"comment_status":"open","ping_status":"closed","template":"","meta":{"_acf_changed":false},"product_brand":[5158,5070],"product_cat":[9987,10199,9967,9991,9989],"product_tag":[],"class_list":{"0":"post-320095","1":"product","2":"type-product","3":"status-publish","4":"has-post-thumbnail","6":"product_brand-magic-the-gathering","7":"product_brand-wizards-of-the-coast","8":"product_cat-decks-mtg-fr","9":"product_cat-doctor-who","10":"product_cat-magic-the-gathering-fr","11":"product_cat-produits-par-lots-mtg","12":"product_cat-super-sale-mtg-fr","14":"first","15":"instock","16":"taxable","17":"shipping-taxable","18":"purchasable","19":"product-type-variable"},"acf":[],"yoast_head":"<!-- This site is optimized with the Yoast SEO plugin v27.4 - https:\/\/yoast.com\/product\/yoast-seo-wordpress\/ -->\n<title>Ach\u00e8te Magic - Doctor Who (WHO) - Commander Deck<\/title>\n<meta name=\"description\" content=\"Ach\u00e8te Magic - Doctor Who (WHO) - Commander Deck en ligne maintenant \u00e0 petit prix! Ton #1 shop pour cartes TCG &amp; Pok\u00e9mon en Suisse \u2713 Livraison gratuite d\u00e8s CHF 29\" \/>\n<meta name=\"robots\" content=\"index, follow, max-snippet:-1, max-image-preview:large, max-video-preview:-1\" \/>\n<link rel=\"canonical\" href=\"https:\/\/theuncommonshop.ch\/fr\/product\/magic-doctor-who-who-commander-deck-2\/\" \/>\n<meta property=\"og:locale\" content=\"fr_FR\" \/>\n<meta property=\"og:type\" content=\"article\" \/>\n<meta property=\"og:title\" content=\"Ach\u00e8te Magic - Doctor Who (WHO) - Commander Deck\" \/>\n<meta property=\"og:description\" content=\"Ach\u00e8te Magic - Doctor Who (WHO) - Commander Deck en ligne maintenant \u00e0 petit prix! Ton #1 shop pour cartes TCG &amp; Pok\u00e9mon en Suisse \u2713 Livraison gratuite d\u00e8s CHF 29\" \/>\n<meta property=\"og:url\" content=\"https:\/\/theuncommonshop.ch\/fr\/product\/magic-doctor-who-who-commander-deck-2\/\" \/>\n<meta property=\"og:site_name\" content=\"Largest trading card shop in Switzerland\" \/>\n<meta property=\"article:modified_time\" content=\"2026-03-30T10:59:30+00:00\" \/>\n<meta property=\"og:image\" content=\"https:\/\/theuncommonshop.ch\/wp-content\/uploads\/2025\/05\/3642349495.jpg\" \/>\n\t<meta property=\"og:image:width\" content=\"456\" \/>\n\t<meta property=\"og:image:height\" content=\"373\" \/>\n\t<meta property=\"og:image:type\" content=\"image\/jpeg\" \/>\n<meta name=\"twitter:card\" content=\"summary_large_image\" \/>\n<meta name=\"twitter:label1\" content=\"Disponibilit\u00e9\" \/>\n\t<meta name=\"twitter:data1\" content=\"En stock\" \/>\n<script type=\"application\/ld+json\" class=\"yoast-schema-graph\">{\"@context\":\"https:\\\/\\\/schema.org\",\"@graph\":[{\"@type\":\"WebPage\",\"@id\":\"https:\\\/\\\/theuncommonshop.ch\\\/fr\\\/product\\\/magic-doctor-who-who-commander-deck-2\\\/\",\"url\":\"https:\\\/\\\/theuncommonshop.ch\\\/fr\\\/product\\\/magic-doctor-who-who-commander-deck-2\\\/\",\"name\":\"Ach\u00e8te Magic - Doctor Who (WHO) - Commander Deck\",\"isPartOf\":{\"@id\":\"https:\\\/\\\/theuncommonshop.ch\\\/#website\"},\"primaryImageOfPage\":{\"@id\":\"https:\\\/\\\/theuncommonshop.ch\\\/fr\\\/product\\\/magic-doctor-who-who-commander-deck-2\\\/#primaryimage\"},\"image\":{\"@id\":\"https:\\\/\\\/theuncommonshop.ch\\\/fr\\\/product\\\/magic-doctor-who-who-commander-deck-2\\\/#primaryimage\"},\"thumbnailUrl\":\"https:\\\/\\\/theuncommonshop.ch\\\/wp-content\\\/uploads\\\/2025\\\/05\\\/3642349495.jpg\",\"datePublished\":\"2025-06-12T12:32:51+00:00\",\"dateModified\":\"2026-03-30T10:59:30+00:00\",\"description\":\"Ach\u00e8te Magic - Doctor Who (WHO) - Commander Deck en ligne maintenant \u00e0 petit prix! Ton #1 shop pour cartes TCG & Pok\u00e9mon en Suisse \u2713 Livraison gratuite d\u00e8s CHF 29\",\"breadcrumb\":{\"@id\":\"https:\\\/\\\/theuncommonshop.ch\\\/fr\\\/product\\\/magic-doctor-who-who-commander-deck-2\\\/#breadcrumb\"},\"inLanguage\":\"fr-FR\",\"potentialAction\":[{\"@type\":\"ReadAction\",\"target\":[\"https:\\\/\\\/theuncommonshop.ch\\\/fr\\\/product\\\/magic-doctor-who-who-commander-deck-2\\\/\"]}]},{\"@type\":\"ImageObject\",\"inLanguage\":\"fr-FR\",\"@id\":\"https:\\\/\\\/theuncommonshop.ch\\\/fr\\\/product\\\/magic-doctor-who-who-commander-deck-2\\\/#primaryimage\",\"url\":\"https:\\\/\\\/theuncommonshop.ch\\\/wp-content\\\/uploads\\\/2025\\\/05\\\/3642349495.jpg\",\"contentUrl\":\"https:\\\/\\\/theuncommonshop.ch\\\/wp-content\\\/uploads\\\/2025\\\/05\\\/3642349495.jpg\",\"width\":456,\"height\":373},{\"@type\":\"BreadcrumbList\",\"@id\":\"https:\\\/\\\/theuncommonshop.ch\\\/fr\\\/product\\\/magic-doctor-who-who-commander-deck-2\\\/#breadcrumb\",\"itemListElement\":[{\"@type\":\"ListItem\",\"position\":1,\"name\":\"Accueil\",\"item\":\"https:\\\/\\\/theuncommonshop.ch\\\/fr\\\/accueil\\\/\"},{\"@type\":\"ListItem\",\"position\":2,\"name\":\"Boutique\",\"item\":\"https:\\\/\\\/theuncommonshop.ch\\\/fr\\\/boutique\\\/\"},{\"@type\":\"ListItem\",\"position\":3,\"name\":\"Magic the Gathering\",\"item\":\"https:\\\/\\\/theuncommonshop.ch\\\/produktkategorie\\\/magic-the-gathering\\\/\"},{\"@type\":\"ListItem\",\"position\":4,\"name\":\"Produkte nach Sets\",\"item\":\"https:\\\/\\\/theuncommonshop.ch\\\/produktkategorie\\\/magic-the-gathering\\\/produkte-nach-sets-mtg\\\/\"},{\"@type\":\"ListItem\",\"position\":5,\"name\":\"Doctor Who\",\"item\":\"https:\\\/\\\/theuncommonshop.ch\\\/produktkategorie\\\/magic-the-gathering\\\/produkte-nach-sets-mtg\\\/mtg-doctor-who-set\\\/\"},{\"@type\":\"ListItem\",\"position\":6,\"name\":\"Magic &#8211; Doctor Who (WHO) &#8211; Commander Deck\"}]},{\"@type\":\"WebSite\",\"@id\":\"https:\\\/\\\/theuncommonshop.ch\\\/#website\",\"url\":\"https:\\\/\\\/theuncommonshop.ch\\\/\",\"name\":\"Largest trading card shop in Switzerland\",\"description\":\"Magic, Pok\u00e9mon and Yu-gi-oh - The Uncommon Shop\",\"potentialAction\":[{\"@type\":\"SearchAction\",\"target\":{\"@type\":\"EntryPoint\",\"urlTemplate\":\"https:\\\/\\\/theuncommonshop.ch\\\/?s={search_term_string}\"},\"query-input\":{\"@type\":\"PropertyValueSpecification\",\"valueRequired\":true,\"valueName\":\"search_term_string\"}}],\"inLanguage\":\"fr-FR\"}]}<\/script>\n<meta property=\"og:availability\" content=\"instock\" \/>\n<meta property=\"product:availability\" content=\"instock\" \/>\n<meta property=\"product:condition\" content=\"new\" \/>\n<!-- \/ Yoast SEO plugin. -->","yoast_head_json":{"title":"Ach\u00e8te Magic - Doctor Who (WHO) - Commander Deck","description":"Ach\u00e8te Magic - Doctor Who (WHO) - Commander Deck en ligne maintenant \u00e0 petit prix! Ton #1 shop pour cartes TCG & Pok\u00e9mon en Suisse \u2713 Livraison gratuite d\u00e8s CHF 29","robots":{"index":"index","follow":"follow","max-snippet":"max-snippet:-1","max-image-preview":"max-image-preview:large","max-video-preview":"max-video-preview:-1"},"canonical":"https:\/\/theuncommonshop.ch\/fr\/product\/magic-doctor-who-who-commander-deck-2\/","og_locale":"fr_FR","og_type":"article","og_title":"Ach\u00e8te Magic - Doctor Who (WHO) - Commander Deck","og_description":"Ach\u00e8te Magic - Doctor Who (WHO) - Commander Deck en ligne maintenant \u00e0 petit prix! Ton #1 shop pour cartes TCG & Pok\u00e9mon en Suisse \u2713 Livraison gratuite d\u00e8s CHF 29","og_url":"https:\/\/theuncommonshop.ch\/fr\/product\/magic-doctor-who-who-commander-deck-2\/","og_site_name":"Largest trading card shop in Switzerland","article_modified_time":"2026-03-30T10:59:30+00:00","og_image":[{"width":456,"height":373,"url":"https:\/\/theuncommonshop.ch\/wp-content\/uploads\/2025\/05\/3642349495.jpg","type":"image\/jpeg"}],"twitter_card":"summary_large_image","twitter_misc":{"Disponibilit\u00e9":"En stock"},"schema":{"@context":"https:\/\/schema.org","@graph":[{"@type":"WebPage","@id":"https:\/\/theuncommonshop.ch\/fr\/product\/magic-doctor-who-who-commander-deck-2\/","url":"https:\/\/theuncommonshop.ch\/fr\/product\/magic-doctor-who-who-commander-deck-2\/","name":"Ach\u00e8te Magic - Doctor Who (WHO) - Commander Deck","isPartOf":{"@id":"https:\/\/theuncommonshop.ch\/#website"},"primaryImageOfPage":{"@id":"https:\/\/theuncommonshop.ch\/fr\/product\/magic-doctor-who-who-commander-deck-2\/#primaryimage"},"image":{"@id":"https:\/\/theuncommonshop.ch\/fr\/product\/magic-doctor-who-who-commander-deck-2\/#primaryimage"},"thumbnailUrl":"https:\/\/theuncommonshop.ch\/wp-content\/uploads\/2025\/05\/3642349495.jpg","datePublished":"2025-06-12T12:32:51+00:00","dateModified":"2026-03-30T10:59:30+00:00","description":"Ach\u00e8te Magic - Doctor Who (WHO) - Commander Deck en ligne maintenant \u00e0 petit prix! Ton #1 shop pour cartes TCG & Pok\u00e9mon en Suisse \u2713 Livraison gratuite d\u00e8s CHF 29","breadcrumb":{"@id":"https:\/\/theuncommonshop.ch\/fr\/product\/magic-doctor-who-who-commander-deck-2\/#breadcrumb"},"inLanguage":"fr-FR","potentialAction":[{"@type":"ReadAction","target":["https:\/\/theuncommonshop.ch\/fr\/product\/magic-doctor-who-who-commander-deck-2\/"]}]},{"@type":"ImageObject","inLanguage":"fr-FR","@id":"https:\/\/theuncommonshop.ch\/fr\/product\/magic-doctor-who-who-commander-deck-2\/#primaryimage","url":"https:\/\/theuncommonshop.ch\/wp-content\/uploads\/2025\/05\/3642349495.jpg","contentUrl":"https:\/\/theuncommonshop.ch\/wp-content\/uploads\/2025\/05\/3642349495.jpg","width":456,"height":373},{"@type":"BreadcrumbList","@id":"https:\/\/theuncommonshop.ch\/fr\/product\/magic-doctor-who-who-commander-deck-2\/#breadcrumb","itemListElement":[{"@type":"ListItem","position":1,"name":"Accueil","item":"https:\/\/theuncommonshop.ch\/fr\/accueil\/"},{"@type":"ListItem","position":2,"name":"Boutique","item":"https:\/\/theuncommonshop.ch\/fr\/boutique\/"},{"@type":"ListItem","position":3,"name":"Magic the Gathering","item":"https:\/\/theuncommonshop.ch\/produktkategorie\/magic-the-gathering\/"},{"@type":"ListItem","position":4,"name":"Produkte nach Sets","item":"https:\/\/theuncommonshop.ch\/produktkategorie\/magic-the-gathering\/produkte-nach-sets-mtg\/"},{"@type":"ListItem","position":5,"name":"Doctor Who","item":"https:\/\/theuncommonshop.ch\/produktkategorie\/magic-the-gathering\/produkte-nach-sets-mtg\/mtg-doctor-who-set\/"},{"@type":"ListItem","position":6,"name":"Magic &#8211; Doctor Who (WHO) &#8211; Commander Deck"}]},{"@type":"WebSite","@id":"https:\/\/theuncommonshop.ch\/#website","url":"https:\/\/theuncommonshop.ch\/","name":"Largest trading card shop in Switzerland","description":"Magic, Pok\u00e9mon and Yu-gi-oh - The Uncommon Shop","potentialAction":[{"@type":"SearchAction","target":{"@type":"EntryPoint","urlTemplate":"https:\/\/theuncommonshop.ch\/?s={search_term_string}"},"query-input":{"@type":"PropertyValueSpecification","valueRequired":true,"valueName":"search_term_string"}}],"inLanguage":"fr-FR"}]},"og_availability":"instock","product_availability":"instock","product_condition":"new"},"_links":{"self":[{"href":"https:\/\/theuncommonshop.ch\/fr\/wp-json\/wp\/v2\/product\/320095","targetHints":{"allow":["GET"]}}],"collection":[{"href":"https:\/\/theuncommonshop.ch\/fr\/wp-json\/wp\/v2\/product"}],"about":[{"href":"https:\/\/theuncommonshop.ch\/fr\/wp-json\/wp\/v2\/types\/product"}],"replies":[{"embeddable":true,"href":"https:\/\/theuncommonshop.ch\/fr\/wp-json\/wp\/v2\/comments?post=320095"}],"version-history":[{"count":1,"href":"https:\/\/theuncommonshop.ch\/fr\/wp-json\/wp\/v2\/product\/320095\/revisions"}],"predecessor-version":[{"id":320110,"href":"https:\/\/theuncommonshop.ch\/fr\/wp-json\/wp\/v2\/product\/320095\/revisions\/320110"}],"wp:featuredmedia":[{"embeddable":true,"href":"https:\/\/theuncommonshop.ch\/fr\/wp-json\/wp\/v2\/media\/24140"}],"wp:attachment":[{"href":"https:\/\/theuncommonshop.ch\/fr\/wp-json\/wp\/v2\/media?parent=320095"}],"wp:term":[{"taxonomy":"product_brand","embeddable":true,"href":"https:\/\/theuncommonshop.ch\/fr\/wp-json\/wp\/v2\/product_brand?post=320095"},{"taxonomy":"product_cat","embeddable":true,"href":"https:\/\/theuncommonshop.ch\/fr\/wp-json\/wp\/v2\/product_cat?post=320095"},{"taxonomy":"product_tag","embeddable":true,"href":"https:\/\/theuncommonshop.ch\/fr\/wp-json\/wp\/v2\/product_tag?post=320095"}],"curies":[{"name":"wp","href":"https:\/\/api.w.org\/{rel}","templated":true}]}}