{"id":319926,"date":"2025-06-12T12:08:25","date_gmt":"2025-06-12T12:08:25","guid":{"rendered":"http:\/\/theuncommonshop.ch\/produkt\/319926\/"},"modified":"2026-04-01T15:08:04","modified_gmt":"2026-04-01T13:08:04","slug":"magic-the-brothers-war-bro-bundle-3","status":"publish","type":"product","link":"https:\/\/theuncommonshop.ch\/fr\/product\/magic-the-brothers-war-bro-bundle-3\/","title":{"rendered":"Magic &#8211; The Brothers War (BRO) &#8211; Bundle"},"content":{"rendered":"<p><iframe src=\"https:\/\/www.youtube.com\/embed\/MdAI4haDE-Q\" width=\"500\" height=\"281\" frameborder=\"0\" allowfullscreen=\"allowfullscreen\"><\/iframe><\/p>\n<p>Le Booster de la Guerre des Fr\u00e8res contient 8 Boosters de Set de la Guerre des Fr\u00e8res &#8211; les meilleurs Boosters si vous voulez ouvrir des paquets juste pour le plaisir &#8211; plus des accessoires exclusifs : 40 Terres Standard (20 Foil et 20 non-Foil), 1 Carte Promo Foil traditionnelle avec une illustration alternative exclusive au Bundle, 1 Compteur de Vie Spindown surdimensionn\u00e9, 1 Bo\u00eete de rangement des cartes et 2 Cartes de R\u00e9f\u00e9rence des R\u00e8gles.<\/p>\n<p>Contenu :<\/p>\n<p>&#8211; 8 Boosters de set Krieg der Br\u00fcder<br \/>\n&#8211; 1 carte promo Foil avec illustration alternative<br \/>\n&#8211; 40 cartes de pays standard (20 Foil + 20 non-Foil)<br \/>\n&#8211; Compteur de points de vie Spindown (rouge ou vert) et bo\u00eete de rangement des cartes<br \/>\n&#8211; Retournez dans le pass\u00e9 et prenez le contr\u00f4le de puissants artefacts et de robots g\u00e9ants.<\/p>\n","protected":false},"excerpt":{"rendered":"<p>Le Booster de la Guerre des Fr\u00e8res contient 8 Boosters de Set de la Guerre des Fr\u00e8res &#8211; les meilleurs<\/p>\n","protected":false},"featured_media":23006,"comment_status":"open","ping_status":"closed","template":"","meta":{"_acf_changed":false},"product_brand":[5158,5070],"product_cat":[9971,10217,9967,9991,9989],"product_tag":[],"class_list":{"0":"post-319926","1":"product","2":"type-product","3":"status-publish","4":"has-post-thumbnail","6":"product_brand-magic-the-gathering","7":"product_brand-wizards-of-the-coast","8":"product_cat-bundles-fr","9":"product_cat-la-guerre-des-freres","10":"product_cat-magic-the-gathering-fr","11":"product_cat-produits-par-lots-mtg","12":"product_cat-super-sale-mtg-fr","14":"first","15":"instock","16":"sale","17":"taxable","18":"shipping-taxable","19":"purchasable","20":"product-type-variable"},"acf":[],"yoast_head":"<!-- This site is optimized with the Yoast SEO plugin v27.4 - https:\/\/yoast.com\/product\/yoast-seo-wordpress\/ -->\n<title>Ach\u00e8te Magic - The Brothers War (BRO) - Bundle<\/title>\n<meta name=\"description\" content=\"Ach\u00e8te Magic - The Brothers War (BRO) - Bundle en ligne maintenant \u00e0 petit prix! Ton #1 shop pour cartes TCG &amp; Pok\u00e9mon en Suisse \u2713 Livraison gratuite d\u00e8s CHF 29\" \/>\n<meta name=\"robots\" content=\"index, follow, max-snippet:-1, max-image-preview:large, max-video-preview:-1\" \/>\n<link rel=\"canonical\" href=\"https:\/\/theuncommonshop.ch\/fr\/product\/magic-the-brothers-war-bro-bundle-3\/\" \/>\n<meta property=\"og:locale\" content=\"fr_FR\" \/>\n<meta property=\"og:type\" content=\"article\" \/>\n<meta property=\"og:title\" content=\"Ach\u00e8te Magic - The Brothers War (BRO) - Bundle\" \/>\n<meta property=\"og:description\" content=\"Ach\u00e8te Magic - The Brothers War (BRO) - Bundle en ligne maintenant \u00e0 petit prix! Ton #1 shop pour cartes TCG &amp; Pok\u00e9mon en Suisse \u2713 Livraison gratuite d\u00e8s CHF 29\" \/>\n<meta property=\"og:url\" content=\"https:\/\/theuncommonshop.ch\/fr\/product\/magic-the-brothers-war-bro-bundle-3\/\" \/>\n<meta property=\"og:site_name\" content=\"Largest trading card shop in Switzerland\" \/>\n<meta property=\"article:modified_time\" content=\"2026-04-01T13:08:04+00:00\" \/>\n<meta property=\"og:image\" content=\"https:\/\/theuncommonshop.ch\/wp-content\/uploads\/2025\/05\/3216862177.jpg\" \/>\n\t<meta property=\"og:image:width\" content=\"900\" \/>\n\t<meta property=\"og:image:height\" content=\"679\" \/>\n\t<meta property=\"og:image:type\" content=\"image\/jpeg\" \/>\n<meta name=\"twitter:card\" content=\"summary_large_image\" \/>\n<meta name=\"twitter:label1\" content=\"Disponibilit\u00e9\" \/>\n\t<meta name=\"twitter:data1\" content=\"En stock\" \/>\n<script type=\"application\/ld+json\" class=\"yoast-schema-graph\">{\"@context\":\"https:\\\/\\\/schema.org\",\"@graph\":[{\"@type\":\"WebPage\",\"@id\":\"https:\\\/\\\/theuncommonshop.ch\\\/fr\\\/product\\\/magic-the-brothers-war-bro-bundle-3\\\/\",\"url\":\"https:\\\/\\\/theuncommonshop.ch\\\/fr\\\/product\\\/magic-the-brothers-war-bro-bundle-3\\\/\",\"name\":\"Ach\u00e8te Magic - The Brothers War (BRO) - Bundle\",\"isPartOf\":{\"@id\":\"https:\\\/\\\/theuncommonshop.ch\\\/#website\"},\"primaryImageOfPage\":{\"@id\":\"https:\\\/\\\/theuncommonshop.ch\\\/fr\\\/product\\\/magic-the-brothers-war-bro-bundle-3\\\/#primaryimage\"},\"image\":{\"@id\":\"https:\\\/\\\/theuncommonshop.ch\\\/fr\\\/product\\\/magic-the-brothers-war-bro-bundle-3\\\/#primaryimage\"},\"thumbnailUrl\":\"https:\\\/\\\/theuncommonshop.ch\\\/wp-content\\\/uploads\\\/2025\\\/05\\\/3216862177.jpg\",\"datePublished\":\"2025-06-12T12:08:25+00:00\",\"dateModified\":\"2026-04-01T13:08:04+00:00\",\"description\":\"Ach\u00e8te Magic - The Brothers War (BRO) - Bundle en ligne maintenant \u00e0 petit prix! Ton #1 shop pour cartes TCG & Pok\u00e9mon en Suisse \u2713 Livraison gratuite d\u00e8s CHF 29\",\"breadcrumb\":{\"@id\":\"https:\\\/\\\/theuncommonshop.ch\\\/fr\\\/product\\\/magic-the-brothers-war-bro-bundle-3\\\/#breadcrumb\"},\"inLanguage\":\"fr-FR\",\"potentialAction\":[{\"@type\":\"ReadAction\",\"target\":[\"https:\\\/\\\/theuncommonshop.ch\\\/fr\\\/product\\\/magic-the-brothers-war-bro-bundle-3\\\/\"]}]},{\"@type\":\"ImageObject\",\"inLanguage\":\"fr-FR\",\"@id\":\"https:\\\/\\\/theuncommonshop.ch\\\/fr\\\/product\\\/magic-the-brothers-war-bro-bundle-3\\\/#primaryimage\",\"url\":\"https:\\\/\\\/theuncommonshop.ch\\\/wp-content\\\/uploads\\\/2025\\\/05\\\/3216862177.jpg\",\"contentUrl\":\"https:\\\/\\\/theuncommonshop.ch\\\/wp-content\\\/uploads\\\/2025\\\/05\\\/3216862177.jpg\",\"width\":900,\"height\":679},{\"@type\":\"BreadcrumbList\",\"@id\":\"https:\\\/\\\/theuncommonshop.ch\\\/fr\\\/product\\\/magic-the-brothers-war-bro-bundle-3\\\/#breadcrumb\",\"itemListElement\":[{\"@type\":\"ListItem\",\"position\":1,\"name\":\"Accueil\",\"item\":\"https:\\\/\\\/theuncommonshop.ch\\\/fr\\\/accueil\\\/\"},{\"@type\":\"ListItem\",\"position\":2,\"name\":\"Boutique\",\"item\":\"https:\\\/\\\/theuncommonshop.ch\\\/fr\\\/boutique\\\/\"},{\"@type\":\"ListItem\",\"position\":3,\"name\":\"Magic the Gathering\",\"item\":\"https:\\\/\\\/theuncommonshop.ch\\\/produktkategorie\\\/magic-the-gathering\\\/\"},{\"@type\":\"ListItem\",\"position\":4,\"name\":\"Produkte nach Sets\",\"item\":\"https:\\\/\\\/theuncommonshop.ch\\\/produktkategorie\\\/magic-the-gathering\\\/produkte-nach-sets-mtg\\\/\"},{\"@type\":\"ListItem\",\"position\":5,\"name\":\"Krieg der Br\u00fcder\",\"item\":\"https:\\\/\\\/theuncommonshop.ch\\\/produktkategorie\\\/magic-the-gathering\\\/produkte-nach-sets-mtg\\\/mtg-brothers-war-set\\\/\"},{\"@type\":\"ListItem\",\"position\":6,\"name\":\"Magic &#8211; The Brothers War (BRO) &#8211; Bundle\"}]},{\"@type\":\"WebSite\",\"@id\":\"https:\\\/\\\/theuncommonshop.ch\\\/#website\",\"url\":\"https:\\\/\\\/theuncommonshop.ch\\\/\",\"name\":\"Largest trading card shop in Switzerland\",\"description\":\"Magic, Pok\u00e9mon and Yu-gi-oh - The Uncommon Shop\",\"potentialAction\":[{\"@type\":\"SearchAction\",\"target\":{\"@type\":\"EntryPoint\",\"urlTemplate\":\"https:\\\/\\\/theuncommonshop.ch\\\/?s={search_term_string}\"},\"query-input\":{\"@type\":\"PropertyValueSpecification\",\"valueRequired\":true,\"valueName\":\"search_term_string\"}}],\"inLanguage\":\"fr-FR\"}]}<\/script>\n<meta property=\"og:availability\" content=\"instock\" \/>\n<meta property=\"product:availability\" content=\"instock\" \/>\n<meta property=\"product:condition\" content=\"new\" \/>\n<!-- \/ Yoast SEO plugin. -->","yoast_head_json":{"title":"Ach\u00e8te Magic - The Brothers War (BRO) - Bundle","description":"Ach\u00e8te Magic - The Brothers War (BRO) - Bundle en ligne maintenant \u00e0 petit prix! Ton #1 shop pour cartes TCG & Pok\u00e9mon en Suisse \u2713 Livraison gratuite d\u00e8s CHF 29","robots":{"index":"index","follow":"follow","max-snippet":"max-snippet:-1","max-image-preview":"max-image-preview:large","max-video-preview":"max-video-preview:-1"},"canonical":"https:\/\/theuncommonshop.ch\/fr\/product\/magic-the-brothers-war-bro-bundle-3\/","og_locale":"fr_FR","og_type":"article","og_title":"Ach\u00e8te Magic - The Brothers War (BRO) - Bundle","og_description":"Ach\u00e8te Magic - The Brothers War (BRO) - Bundle en ligne maintenant \u00e0 petit prix! Ton #1 shop pour cartes TCG & Pok\u00e9mon en Suisse \u2713 Livraison gratuite d\u00e8s CHF 29","og_url":"https:\/\/theuncommonshop.ch\/fr\/product\/magic-the-brothers-war-bro-bundle-3\/","og_site_name":"Largest trading card shop in Switzerland","article_modified_time":"2026-04-01T13:08:04+00:00","og_image":[{"width":900,"height":679,"url":"https:\/\/theuncommonshop.ch\/wp-content\/uploads\/2025\/05\/3216862177.jpg","type":"image\/jpeg"}],"twitter_card":"summary_large_image","twitter_misc":{"Disponibilit\u00e9":"En stock"},"schema":{"@context":"https:\/\/schema.org","@graph":[{"@type":"WebPage","@id":"https:\/\/theuncommonshop.ch\/fr\/product\/magic-the-brothers-war-bro-bundle-3\/","url":"https:\/\/theuncommonshop.ch\/fr\/product\/magic-the-brothers-war-bro-bundle-3\/","name":"Ach\u00e8te Magic - The Brothers War (BRO) - Bundle","isPartOf":{"@id":"https:\/\/theuncommonshop.ch\/#website"},"primaryImageOfPage":{"@id":"https:\/\/theuncommonshop.ch\/fr\/product\/magic-the-brothers-war-bro-bundle-3\/#primaryimage"},"image":{"@id":"https:\/\/theuncommonshop.ch\/fr\/product\/magic-the-brothers-war-bro-bundle-3\/#primaryimage"},"thumbnailUrl":"https:\/\/theuncommonshop.ch\/wp-content\/uploads\/2025\/05\/3216862177.jpg","datePublished":"2025-06-12T12:08:25+00:00","dateModified":"2026-04-01T13:08:04+00:00","description":"Ach\u00e8te Magic - The Brothers War (BRO) - Bundle en ligne maintenant \u00e0 petit prix! Ton #1 shop pour cartes TCG & Pok\u00e9mon en Suisse \u2713 Livraison gratuite d\u00e8s CHF 29","breadcrumb":{"@id":"https:\/\/theuncommonshop.ch\/fr\/product\/magic-the-brothers-war-bro-bundle-3\/#breadcrumb"},"inLanguage":"fr-FR","potentialAction":[{"@type":"ReadAction","target":["https:\/\/theuncommonshop.ch\/fr\/product\/magic-the-brothers-war-bro-bundle-3\/"]}]},{"@type":"ImageObject","inLanguage":"fr-FR","@id":"https:\/\/theuncommonshop.ch\/fr\/product\/magic-the-brothers-war-bro-bundle-3\/#primaryimage","url":"https:\/\/theuncommonshop.ch\/wp-content\/uploads\/2025\/05\/3216862177.jpg","contentUrl":"https:\/\/theuncommonshop.ch\/wp-content\/uploads\/2025\/05\/3216862177.jpg","width":900,"height":679},{"@type":"BreadcrumbList","@id":"https:\/\/theuncommonshop.ch\/fr\/product\/magic-the-brothers-war-bro-bundle-3\/#breadcrumb","itemListElement":[{"@type":"ListItem","position":1,"name":"Accueil","item":"https:\/\/theuncommonshop.ch\/fr\/accueil\/"},{"@type":"ListItem","position":2,"name":"Boutique","item":"https:\/\/theuncommonshop.ch\/fr\/boutique\/"},{"@type":"ListItem","position":3,"name":"Magic the Gathering","item":"https:\/\/theuncommonshop.ch\/produktkategorie\/magic-the-gathering\/"},{"@type":"ListItem","position":4,"name":"Produkte nach Sets","item":"https:\/\/theuncommonshop.ch\/produktkategorie\/magic-the-gathering\/produkte-nach-sets-mtg\/"},{"@type":"ListItem","position":5,"name":"Krieg der Br\u00fcder","item":"https:\/\/theuncommonshop.ch\/produktkategorie\/magic-the-gathering\/produkte-nach-sets-mtg\/mtg-brothers-war-set\/"},{"@type":"ListItem","position":6,"name":"Magic &#8211; The Brothers War (BRO) &#8211; Bundle"}]},{"@type":"WebSite","@id":"https:\/\/theuncommonshop.ch\/#website","url":"https:\/\/theuncommonshop.ch\/","name":"Largest trading card shop in Switzerland","description":"Magic, Pok\u00e9mon and Yu-gi-oh - The Uncommon Shop","potentialAction":[{"@type":"SearchAction","target":{"@type":"EntryPoint","urlTemplate":"https:\/\/theuncommonshop.ch\/?s={search_term_string}"},"query-input":{"@type":"PropertyValueSpecification","valueRequired":true,"valueName":"search_term_string"}}],"inLanguage":"fr-FR"}]},"og_availability":"instock","product_availability":"instock","product_condition":"new"},"_links":{"self":[{"href":"https:\/\/theuncommonshop.ch\/fr\/wp-json\/wp\/v2\/product\/319926","targetHints":{"allow":["GET"]}}],"collection":[{"href":"https:\/\/theuncommonshop.ch\/fr\/wp-json\/wp\/v2\/product"}],"about":[{"href":"https:\/\/theuncommonshop.ch\/fr\/wp-json\/wp\/v2\/types\/product"}],"replies":[{"embeddable":true,"href":"https:\/\/theuncommonshop.ch\/fr\/wp-json\/wp\/v2\/comments?post=319926"}],"version-history":[{"count":1,"href":"https:\/\/theuncommonshop.ch\/fr\/wp-json\/wp\/v2\/product\/319926\/revisions"}],"predecessor-version":[{"id":319933,"href":"https:\/\/theuncommonshop.ch\/fr\/wp-json\/wp\/v2\/product\/319926\/revisions\/319933"}],"wp:featuredmedia":[{"embeddable":true,"href":"https:\/\/theuncommonshop.ch\/fr\/wp-json\/wp\/v2\/media\/23006"}],"wp:attachment":[{"href":"https:\/\/theuncommonshop.ch\/fr\/wp-json\/wp\/v2\/media?parent=319926"}],"wp:term":[{"taxonomy":"product_brand","embeddable":true,"href":"https:\/\/theuncommonshop.ch\/fr\/wp-json\/wp\/v2\/product_brand?post=319926"},{"taxonomy":"product_cat","embeddable":true,"href":"https:\/\/theuncommonshop.ch\/fr\/wp-json\/wp\/v2\/product_cat?post=319926"},{"taxonomy":"product_tag","embeddable":true,"href":"https:\/\/theuncommonshop.ch\/fr\/wp-json\/wp\/v2\/product_tag?post=319926"}],"curies":[{"name":"wp","href":"https:\/\/api.w.org\/{rel}","templated":true}]}}