{"id":319885,"date":"2025-06-12T12:07:00","date_gmt":"2025-06-12T12:07:00","guid":{"rendered":"http:\/\/theuncommonshop.ch\/produkt\/319885\/"},"modified":"2026-03-29T18:51:47","modified_gmt":"2026-03-29T16:51:47","slug":"magic-march-of-the-machine-mom-bundle-2","status":"publish","type":"product","link":"https:\/\/theuncommonshop.ch\/fr\/product\/magic-march-of-the-machine-mom-bundle-2\/","title":{"rendered":"Magic &#8211; March of the Machine (MOM) &#8211; Bundle"},"content":{"rendered":"<ul>\n<li>\n<p data-start=\"61\" data-end=\"295\">Plongez dans la bataille \u00e9pique du multivers avec le <strong data-start=\"121\" data-end=\"131\">Bundle<\/strong> de <strong data-start=\"136\" data-end=\"177\"><span class=\"hover:entity-accent entity-underline inline cursor-pointer align-baseline\"><span class=\"whitespace-normal\">March of the Machine<\/span><\/span><\/strong>. Dans cet ensemble spectaculaire, de nombreux mondes s&#8217;unissent pour lutter contre l&#8217;immense menace des Phyrexiens. <\/p>\n<p data-start=\"297\" data-end=\"602\"><strong data-start=\"297\" data-end=\"327\">March of the Machine (MOM)<\/strong> marque l&#8217;un des plus grands conflits de l&#8217;histoire de Magic. Le set apporte de nouvelles m\u00e9caniques de jeu comme <strong data-start=\"434\" data-end=\"444\">Battle<\/strong>, un tout nouveau type de carte, ainsi que les tr\u00e8s populaires <strong data-start=\"496\" data-end=\"518\">Multiverse Legends<\/strong>, des cr\u00e9atures l\u00e9gendaires de toute l&#8217;histoire de Magic avec des cadres de cartes sp\u00e9ciaux. <\/p>\n<p data-start=\"604\" data-end=\"750\">Parfaitement adapt\u00e9 aux joueurs et aux collectionneurs, ce <strong data-start=\"608\" data-end=\"618\">Bundle<\/strong> contient plusieurs Boosters ainsi que des accessoires pratiques pour votre collection Magic.<\/p>\n<h3 data-start=\"752\" data-end=\"770\">D\u00e9tails du produit<\/h3>\n<p data-start=\"772\" data-end=\"1117\">&#8211; <strong data-start=\"774\" data-end=\"782\">Set :<\/strong> March of the Machine <br data-start=\"803\" data-end=\"806\">&#8211; <strong data-start=\"808\" data-end=\"827\">Nom allemand :<\/strong> Marsch der Maschinen <br data-start=\"847\" data-end=\"850\">&#8211;  <strong data-start=\"852\" data-end=\"865\">Code de l&#8217;ensemble :<\/strong> <strong data-start=\"866\" data-end=\"873\">MOM<\/strong><br data-start=\"873\" data-end=\"876\">&#8211;  <strong data-start=\"878\" data-end=\"920\">8 Set Booster de March of the Machine<\/strong><br data-start=\"920\" data-end=\"923\" data-is-only-node=\"\">&#8211;  <strong data-start=\"925\" data-end=\"971\">1 carte promotionnelle Foil avec artwork alternatif<\/strong><br data-start=\"971\" data-end=\"974\">&#8211;  <strong data-start=\"976\" data-end=\"1021\">40 pays standard (20 Foil \/ 20 Non Foil)<\/strong><br data-start=\"1021\" data-end=\"1024\">&#8211;  <strong data-start=\"1026\" data-end=\"1059\">1 compteur de points de vie Spindown<\/strong><br data-start=\"1059\" data-end=\"1062\">&#8211;  <strong data-start=\"1064\" data-end=\"1092\">1 bo\u00eete de rangement pour cartes<\/strong><br data-start=\"1092\" data-end=\"1095\">&#8211;  <strong data-start=\"1097\" data-end=\"1117\">2 cartes de r\u00e9f\u00e9rence<\/strong><\/p>\n<p data-start=\"1119\" data-end=\"1313\">Avec le <strong data-start=\"1127\" data-end=\"1185\">Bundle Magic : The Gathering March of the Machine (MOM)<\/strong>, vous recevrez des Boosters, des cartes \u00e0 collectionner et des accessoires pratiques &#8211; id\u00e9al pour commencer une collection ou comme cadeau pour les fans de Magic.<\/p>\n<\/li>\n<\/ul>\n","protected":false},"excerpt":{"rendered":"<p>Plongez dans la bataille \u00e9pique du multivers avec le Bundle de March of the Machine. Dans cet ensemble spectaculaire, de<\/p>\n","protected":false},"featured_media":22947,"comment_status":"open","ping_status":"closed","template":"","meta":{"_acf_changed":false},"product_brand":[5158,5070],"product_cat":[9971,10207,9967,9991],"product_tag":[],"class_list":{"0":"post-319885","1":"product","2":"type-product","3":"status-publish","4":"has-post-thumbnail","6":"product_brand-magic-the-gathering","7":"product_brand-wizards-of-the-coast","8":"product_cat-bundles-fr","9":"product_cat-linvasion-des-machines","10":"product_cat-magic-the-gathering-fr","11":"product_cat-produits-par-lots-mtg","13":"first","14":"outofstock","15":"taxable","16":"shipping-taxable","17":"purchasable","18":"product-type-variable"},"acf":[],"yoast_head":"<!-- This site is optimized with the Yoast SEO plugin v27.4 - https:\/\/yoast.com\/product\/yoast-seo-wordpress\/ -->\n<title>Ach\u00e8te Magic - March of the Machine (MOM) - Bundle<\/title>\n<meta name=\"description\" content=\"Ach\u00e8te Magic - March of the Machine (MOM) - Bundle en ligne maintenant \u00e0 petit prix! Ton #1 shop pour cartes TCG &amp; Pok\u00e9mon en Suisse \u2713 Livraison gratuite d\u00e8s CHF 29\" \/>\n<meta name=\"robots\" content=\"index, follow, max-snippet:-1, max-image-preview:large, max-video-preview:-1\" \/>\n<link rel=\"canonical\" href=\"https:\/\/theuncommonshop.ch\/fr\/product\/magic-march-of-the-machine-mom-bundle-2\/\" \/>\n<meta property=\"og:locale\" content=\"fr_FR\" \/>\n<meta property=\"og:type\" content=\"article\" \/>\n<meta property=\"og:title\" content=\"Ach\u00e8te Magic - March of the Machine (MOM) - Bundle\" \/>\n<meta property=\"og:description\" content=\"Ach\u00e8te Magic - March of the Machine (MOM) - Bundle en ligne maintenant \u00e0 petit prix! Ton #1 shop pour cartes TCG &amp; Pok\u00e9mon en Suisse \u2713 Livraison gratuite d\u00e8s CHF 29\" \/>\n<meta property=\"og:url\" content=\"https:\/\/theuncommonshop.ch\/fr\/product\/magic-march-of-the-machine-mom-bundle-2\/\" \/>\n<meta property=\"og:site_name\" content=\"Largest trading card shop in Switzerland\" \/>\n<meta property=\"article:modified_time\" content=\"2026-03-29T16:51:47+00:00\" \/>\n<meta property=\"og:image\" content=\"https:\/\/theuncommonshop.ch\/wp-content\/uploads\/2025\/05\/3487608890.jpg\" \/>\n\t<meta property=\"og:image:width\" content=\"857\" \/>\n\t<meta property=\"og:image:height\" content=\"644\" \/>\n\t<meta property=\"og:image:type\" content=\"image\/jpeg\" \/>\n<meta name=\"twitter:card\" content=\"summary_large_image\" \/>\n<meta name=\"twitter:label1\" content=\"Disponibilit\u00e9\" \/>\n\t<meta name=\"twitter:data1\" content=\"Rupture de stock\" \/>\n<script type=\"application\/ld+json\" class=\"yoast-schema-graph\">{\"@context\":\"https:\\\/\\\/schema.org\",\"@graph\":[{\"@type\":\"WebPage\",\"@id\":\"https:\\\/\\\/theuncommonshop.ch\\\/fr\\\/product\\\/magic-march-of-the-machine-mom-bundle-2\\\/\",\"url\":\"https:\\\/\\\/theuncommonshop.ch\\\/fr\\\/product\\\/magic-march-of-the-machine-mom-bundle-2\\\/\",\"name\":\"Ach\u00e8te Magic - March of the Machine (MOM) - Bundle\",\"isPartOf\":{\"@id\":\"https:\\\/\\\/theuncommonshop.ch\\\/#website\"},\"primaryImageOfPage\":{\"@id\":\"https:\\\/\\\/theuncommonshop.ch\\\/fr\\\/product\\\/magic-march-of-the-machine-mom-bundle-2\\\/#primaryimage\"},\"image\":{\"@id\":\"https:\\\/\\\/theuncommonshop.ch\\\/fr\\\/product\\\/magic-march-of-the-machine-mom-bundle-2\\\/#primaryimage\"},\"thumbnailUrl\":\"https:\\\/\\\/theuncommonshop.ch\\\/wp-content\\\/uploads\\\/2025\\\/05\\\/3487608890.jpg\",\"datePublished\":\"2025-06-12T12:07:00+00:00\",\"dateModified\":\"2026-03-29T16:51:47+00:00\",\"description\":\"Ach\u00e8te Magic - March of the Machine (MOM) - Bundle en ligne maintenant \u00e0 petit prix! Ton #1 shop pour cartes TCG & Pok\u00e9mon en Suisse \u2713 Livraison gratuite d\u00e8s CHF 29\",\"breadcrumb\":{\"@id\":\"https:\\\/\\\/theuncommonshop.ch\\\/fr\\\/product\\\/magic-march-of-the-machine-mom-bundle-2\\\/#breadcrumb\"},\"inLanguage\":\"fr-FR\",\"potentialAction\":[{\"@type\":\"ReadAction\",\"target\":[\"https:\\\/\\\/theuncommonshop.ch\\\/fr\\\/product\\\/magic-march-of-the-machine-mom-bundle-2\\\/\"]}]},{\"@type\":\"ImageObject\",\"inLanguage\":\"fr-FR\",\"@id\":\"https:\\\/\\\/theuncommonshop.ch\\\/fr\\\/product\\\/magic-march-of-the-machine-mom-bundle-2\\\/#primaryimage\",\"url\":\"https:\\\/\\\/theuncommonshop.ch\\\/wp-content\\\/uploads\\\/2025\\\/05\\\/3487608890.jpg\",\"contentUrl\":\"https:\\\/\\\/theuncommonshop.ch\\\/wp-content\\\/uploads\\\/2025\\\/05\\\/3487608890.jpg\",\"width\":857,\"height\":644},{\"@type\":\"BreadcrumbList\",\"@id\":\"https:\\\/\\\/theuncommonshop.ch\\\/fr\\\/product\\\/magic-march-of-the-machine-mom-bundle-2\\\/#breadcrumb\",\"itemListElement\":[{\"@type\":\"ListItem\",\"position\":1,\"name\":\"Accueil\",\"item\":\"https:\\\/\\\/theuncommonshop.ch\\\/fr\\\/accueil\\\/\"},{\"@type\":\"ListItem\",\"position\":2,\"name\":\"Boutique\",\"item\":\"https:\\\/\\\/theuncommonshop.ch\\\/fr\\\/boutique\\\/\"},{\"@type\":\"ListItem\",\"position\":3,\"name\":\"Magic the Gathering\",\"item\":\"https:\\\/\\\/theuncommonshop.ch\\\/fr\\\/categorie-produit\\\/magic-the-gathering-fr\\\/\"},{\"@type\":\"ListItem\",\"position\":4,\"name\":\"Produits par lots\",\"item\":\"https:\\\/\\\/theuncommonshop.ch\\\/fr\\\/categorie-produit\\\/magic-the-gathering-fr\\\/produits-par-lots-mtg\\\/\"},{\"@type\":\"ListItem\",\"position\":5,\"name\":\"L'Invasion des Machines\",\"item\":\"https:\\\/\\\/theuncommonshop.ch\\\/fr\\\/categorie-produit\\\/magic-the-gathering-fr\\\/produits-par-lots-mtg\\\/linvasion-des-machines\\\/\"},{\"@type\":\"ListItem\",\"position\":6,\"name\":\"Magic &#8211; March of the Machine (MOM) &#8211; Bundle\"}]},{\"@type\":\"WebSite\",\"@id\":\"https:\\\/\\\/theuncommonshop.ch\\\/#website\",\"url\":\"https:\\\/\\\/theuncommonshop.ch\\\/\",\"name\":\"Largest trading card shop in Switzerland\",\"description\":\"Magic, Pok\u00e9mon and Yu-gi-oh - The Uncommon Shop\",\"potentialAction\":[{\"@type\":\"SearchAction\",\"target\":{\"@type\":\"EntryPoint\",\"urlTemplate\":\"https:\\\/\\\/theuncommonshop.ch\\\/?s={search_term_string}\"},\"query-input\":{\"@type\":\"PropertyValueSpecification\",\"valueRequired\":true,\"valueName\":\"search_term_string\"}}],\"inLanguage\":\"fr-FR\"}]}<\/script>\n<meta property=\"og:availability\" content=\"out of stock\" \/>\n<meta property=\"product:availability\" content=\"out of stock\" \/>\n<meta property=\"product:condition\" content=\"new\" \/>\n<!-- \/ Yoast SEO plugin. -->","yoast_head_json":{"title":"Ach\u00e8te Magic - March of the Machine (MOM) - Bundle","description":"Ach\u00e8te Magic - March of the Machine (MOM) - Bundle en ligne maintenant \u00e0 petit prix! Ton #1 shop pour cartes TCG & Pok\u00e9mon en Suisse \u2713 Livraison gratuite d\u00e8s CHF 29","robots":{"index":"index","follow":"follow","max-snippet":"max-snippet:-1","max-image-preview":"max-image-preview:large","max-video-preview":"max-video-preview:-1"},"canonical":"https:\/\/theuncommonshop.ch\/fr\/product\/magic-march-of-the-machine-mom-bundle-2\/","og_locale":"fr_FR","og_type":"article","og_title":"Ach\u00e8te Magic - March of the Machine (MOM) - Bundle","og_description":"Ach\u00e8te Magic - March of the Machine (MOM) - Bundle en ligne maintenant \u00e0 petit prix! Ton #1 shop pour cartes TCG & Pok\u00e9mon en Suisse \u2713 Livraison gratuite d\u00e8s CHF 29","og_url":"https:\/\/theuncommonshop.ch\/fr\/product\/magic-march-of-the-machine-mom-bundle-2\/","og_site_name":"Largest trading card shop in Switzerland","article_modified_time":"2026-03-29T16:51:47+00:00","og_image":[{"width":857,"height":644,"url":"https:\/\/theuncommonshop.ch\/wp-content\/uploads\/2025\/05\/3487608890.jpg","type":"image\/jpeg"}],"twitter_card":"summary_large_image","twitter_misc":{"Disponibilit\u00e9":"Rupture de stock"},"schema":{"@context":"https:\/\/schema.org","@graph":[{"@type":"WebPage","@id":"https:\/\/theuncommonshop.ch\/fr\/product\/magic-march-of-the-machine-mom-bundle-2\/","url":"https:\/\/theuncommonshop.ch\/fr\/product\/magic-march-of-the-machine-mom-bundle-2\/","name":"Ach\u00e8te Magic - March of the Machine (MOM) - Bundle","isPartOf":{"@id":"https:\/\/theuncommonshop.ch\/#website"},"primaryImageOfPage":{"@id":"https:\/\/theuncommonshop.ch\/fr\/product\/magic-march-of-the-machine-mom-bundle-2\/#primaryimage"},"image":{"@id":"https:\/\/theuncommonshop.ch\/fr\/product\/magic-march-of-the-machine-mom-bundle-2\/#primaryimage"},"thumbnailUrl":"https:\/\/theuncommonshop.ch\/wp-content\/uploads\/2025\/05\/3487608890.jpg","datePublished":"2025-06-12T12:07:00+00:00","dateModified":"2026-03-29T16:51:47+00:00","description":"Ach\u00e8te Magic - March of the Machine (MOM) - Bundle en ligne maintenant \u00e0 petit prix! Ton #1 shop pour cartes TCG & Pok\u00e9mon en Suisse \u2713 Livraison gratuite d\u00e8s CHF 29","breadcrumb":{"@id":"https:\/\/theuncommonshop.ch\/fr\/product\/magic-march-of-the-machine-mom-bundle-2\/#breadcrumb"},"inLanguage":"fr-FR","potentialAction":[{"@type":"ReadAction","target":["https:\/\/theuncommonshop.ch\/fr\/product\/magic-march-of-the-machine-mom-bundle-2\/"]}]},{"@type":"ImageObject","inLanguage":"fr-FR","@id":"https:\/\/theuncommonshop.ch\/fr\/product\/magic-march-of-the-machine-mom-bundle-2\/#primaryimage","url":"https:\/\/theuncommonshop.ch\/wp-content\/uploads\/2025\/05\/3487608890.jpg","contentUrl":"https:\/\/theuncommonshop.ch\/wp-content\/uploads\/2025\/05\/3487608890.jpg","width":857,"height":644},{"@type":"BreadcrumbList","@id":"https:\/\/theuncommonshop.ch\/fr\/product\/magic-march-of-the-machine-mom-bundle-2\/#breadcrumb","itemListElement":[{"@type":"ListItem","position":1,"name":"Accueil","item":"https:\/\/theuncommonshop.ch\/fr\/accueil\/"},{"@type":"ListItem","position":2,"name":"Boutique","item":"https:\/\/theuncommonshop.ch\/fr\/boutique\/"},{"@type":"ListItem","position":3,"name":"Magic the Gathering","item":"https:\/\/theuncommonshop.ch\/fr\/categorie-produit\/magic-the-gathering-fr\/"},{"@type":"ListItem","position":4,"name":"Produits par lots","item":"https:\/\/theuncommonshop.ch\/fr\/categorie-produit\/magic-the-gathering-fr\/produits-par-lots-mtg\/"},{"@type":"ListItem","position":5,"name":"L'Invasion des Machines","item":"https:\/\/theuncommonshop.ch\/fr\/categorie-produit\/magic-the-gathering-fr\/produits-par-lots-mtg\/linvasion-des-machines\/"},{"@type":"ListItem","position":6,"name":"Magic &#8211; March of the Machine (MOM) &#8211; Bundle"}]},{"@type":"WebSite","@id":"https:\/\/theuncommonshop.ch\/#website","url":"https:\/\/theuncommonshop.ch\/","name":"Largest trading card shop in Switzerland","description":"Magic, Pok\u00e9mon and Yu-gi-oh - The Uncommon Shop","potentialAction":[{"@type":"SearchAction","target":{"@type":"EntryPoint","urlTemplate":"https:\/\/theuncommonshop.ch\/?s={search_term_string}"},"query-input":{"@type":"PropertyValueSpecification","valueRequired":true,"valueName":"search_term_string"}}],"inLanguage":"fr-FR"}]},"og_availability":"out of stock","product_availability":"out of stock","product_condition":"new"},"_links":{"self":[{"href":"https:\/\/theuncommonshop.ch\/fr\/wp-json\/wp\/v2\/product\/319885","targetHints":{"allow":["GET"]}}],"collection":[{"href":"https:\/\/theuncommonshop.ch\/fr\/wp-json\/wp\/v2\/product"}],"about":[{"href":"https:\/\/theuncommonshop.ch\/fr\/wp-json\/wp\/v2\/types\/product"}],"replies":[{"embeddable":true,"href":"https:\/\/theuncommonshop.ch\/fr\/wp-json\/wp\/v2\/comments?post=319885"}],"version-history":[{"count":2,"href":"https:\/\/theuncommonshop.ch\/fr\/wp-json\/wp\/v2\/product\/319885\/revisions"}],"predecessor-version":[{"id":361016,"href":"https:\/\/theuncommonshop.ch\/fr\/wp-json\/wp\/v2\/product\/319885\/revisions\/361016"}],"wp:featuredmedia":[{"embeddable":true,"href":"https:\/\/theuncommonshop.ch\/fr\/wp-json\/wp\/v2\/media\/22947"}],"wp:attachment":[{"href":"https:\/\/theuncommonshop.ch\/fr\/wp-json\/wp\/v2\/media?parent=319885"}],"wp:term":[{"taxonomy":"product_brand","embeddable":true,"href":"https:\/\/theuncommonshop.ch\/fr\/wp-json\/wp\/v2\/product_brand?post=319885"},{"taxonomy":"product_cat","embeddable":true,"href":"https:\/\/theuncommonshop.ch\/fr\/wp-json\/wp\/v2\/product_cat?post=319885"},{"taxonomy":"product_tag","embeddable":true,"href":"https:\/\/theuncommonshop.ch\/fr\/wp-json\/wp\/v2\/product_tag?post=319885"}],"curies":[{"name":"wp","href":"https:\/\/api.w.org\/{rel}","templated":true}]}}