{"id":319820,"date":"2025-06-12T09:22:14","date_gmt":"2025-06-12T09:22:14","guid":{"rendered":"http:\/\/theuncommonshop.ch\/produkt\/319820\/"},"modified":"2026-03-29T15:20:07","modified_gmt":"2026-03-29T13:20:07","slug":"yu-gi-oh-starter-deck-yuya-2016-de-3","status":"publish","type":"product","link":"https:\/\/theuncommonshop.ch\/fr\/product\/yu-gi-oh-starter-deck-yuya-2016-de-3\/","title":{"rendered":"Yu-Gi-Oh ! &#8211; Yuya 2016 &#8211; Starter Deck"},"content":{"rendered":"<p>&nbsp;<\/p>\n<p>Le Starter Deck 2016 Yuya contient :<\/p>\n<p>&#8211; un deck de 40 cartes pr\u00e9-construit (dont 9 nouvelles cartes K\u00fcnstlerkumpel\/Performapal !)<br \/>\n&#8211; 3 cartes jetons sp\u00e9ciales<br \/>\n&#8211; 1 guide de duel &amp; 1 livre de r\u00e8gles<br \/>\n&#8211; un support de jeu<\/p>\n<p>Baptis\u00e9 Yuya et bas\u00e9 sur la s\u00e9rie Yu-Gi-Oh ! Arc-V Manga et Anime, le premier Stater Deck de Yugioh 2016 a \u00e9t\u00e9 sp\u00e9cialement con\u00e7u pour les d\u00e9butants, mais aussi pour les duellistes confirm\u00e9s. Les cartes du nouveau deck de d\u00e9marrage s&#8217;inspirent du deck de Yuya et reproduisent le style de jeu du personnage principal de la s\u00e9rie. Il sera donc particuli\u00e8rement appr\u00e9ci\u00e9 des fans de Yuya ! Mais le deck contient \u00e9galement des \u00e9l\u00e9ments int\u00e9ressants pour les duellistes exp\u00e9riment\u00e9s : 10 nouvelles cartes seront incluses dans le deck, qui n&#8217;existaient pas auparavant. Dans la m\u00e9ta actuelle, le deck pourrait avoir un certain impact, car les nouvelles cartes s&#8217;adressent \u00e0 de nombreux decks actuels (th\u00e8me : PePe !). Les d\u00e9butants peuvent facilement apprendre les r\u00e8gles de Yugioh avec ce deck sp\u00e9cialement con\u00e7u et ainsi se plonger dans le monde d&#8217;un des meilleurs et des plus populaires jeux de cartes \u00e0 collectionner de tous les temps.      <\/p>\n<p>De plus, le Starter Deck Yuya est un moyen id\u00e9al pour obtenir les cartes standard les plus populaires qui ne doivent pas manquer dans une collection : La foudre, le livre de la lune ou la renaissance du pendule ne sont que quelques-unes des cartes que vous pouvez attendre avec impatience ! D\u00e8s que la liste compl\u00e8te des cartes sera disponible, nous la publierons ici!Yu-Gi-Oh ! Starter Deck : 2016 Yuya !<\/p>\n<p>&nbsp;<\/p>\n","protected":false},"excerpt":{"rendered":"<p>&nbsp; Le Starter Deck 2016 Yuya contient : &#8211; un deck de 40 cartes pr\u00e9-construit (dont 9 nouvelles cartes K\u00fcnstlerkumpel\/Performapal<\/p>\n","protected":false},"featured_media":17876,"comment_status":"open","ping_status":"closed","template":"","meta":{"_acf_changed":false},"product_brand":[5074,5112],"product_cat":[9837,9779],"product_tag":[],"class_list":{"0":"post-319820","1":"product","2":"type-product","3":"status-publish","4":"has-post-thumbnail","6":"product_brand-konami","7":"product_brand-yu-gi-oh","8":"product_cat-decks-yugioh","9":"product_cat-yu-gi-oh-fr","11":"first","12":"instock","13":"taxable","14":"shipping-taxable","15":"purchasable","16":"product-type-simple"},"acf":[],"yoast_head":"<!-- This site is optimized with the Yoast SEO plugin v27.4 - https:\/\/yoast.com\/product\/yoast-seo-wordpress\/ -->\n<title>Ach\u00e8te Yu-Gi-Oh ! - Yuya 2016 - Starter Deck<\/title>\n<meta name=\"description\" content=\"Ach\u00e8te Yu-Gi-Oh ! - Yuya 2016 - Starter Deck en ligne maintenant \u00e0 petit prix! Ton #1 shop pour cartes TCG &amp; Pok\u00e9mon en Suisse \u2713 Livraison gratuite d\u00e8s CHF 29\" \/>\n<meta name=\"robots\" content=\"index, follow, max-snippet:-1, max-image-preview:large, max-video-preview:-1\" \/>\n<link rel=\"canonical\" href=\"https:\/\/theuncommonshop.ch\/fr\/product\/yu-gi-oh-starter-deck-yuya-2016-de-3\/\" \/>\n<meta property=\"og:locale\" content=\"fr_FR\" \/>\n<meta property=\"og:type\" content=\"article\" \/>\n<meta property=\"og:title\" content=\"Ach\u00e8te Yu-Gi-Oh ! - Yuya 2016 - Starter Deck\" \/>\n<meta property=\"og:description\" content=\"Ach\u00e8te Yu-Gi-Oh ! - Yuya 2016 - Starter Deck en ligne maintenant \u00e0 petit prix! Ton #1 shop pour cartes TCG &amp; Pok\u00e9mon en Suisse \u2713 Livraison gratuite d\u00e8s CHF 29\" \/>\n<meta property=\"og:url\" content=\"https:\/\/theuncommonshop.ch\/fr\/product\/yu-gi-oh-starter-deck-yuya-2016-de-3\/\" \/>\n<meta property=\"og:site_name\" content=\"The Uncommon Shop\" \/>\n<meta property=\"article:modified_time\" content=\"2026-03-29T13:20:07+00:00\" \/>\n<meta property=\"og:image\" content=\"https:\/\/theuncommonshop.ch\/wp-content\/uploads\/2025\/05\/1189748876.jpg\" \/>\n\t<meta property=\"og:image:width\" content=\"540\" \/>\n\t<meta property=\"og:image:height\" content=\"690\" \/>\n\t<meta property=\"og:image:type\" content=\"image\/jpeg\" \/>\n<meta name=\"twitter:card\" content=\"summary_large_image\" \/>\n<meta name=\"twitter:label1\" content=\"Prix\" \/>\n\t<meta name=\"twitter:data1\" content=\"&#067;&#072;&#070;&nbsp;14.95\" \/>\n\t<meta name=\"twitter:label2\" content=\"Disponibilit\u00e9\" \/>\n\t<meta name=\"twitter:data2\" content=\"En stock\" \/>\n<script type=\"application\/ld+json\" class=\"yoast-schema-graph\">{\"@context\":\"https:\\\/\\\/schema.org\",\"@graph\":[{\"@type\":\"WebPage\",\"@id\":\"https:\\\/\\\/theuncommonshop.ch\\\/fr\\\/product\\\/yu-gi-oh-starter-deck-yuya-2016-de-3\\\/\",\"url\":\"https:\\\/\\\/theuncommonshop.ch\\\/fr\\\/product\\\/yu-gi-oh-starter-deck-yuya-2016-de-3\\\/\",\"name\":\"Ach\u00e8te Yu-Gi-Oh ! - Yuya 2016 - Starter Deck\",\"isPartOf\":{\"@id\":\"https:\\\/\\\/theuncommonshop.ch\\\/fr\\\/#website\"},\"primaryImageOfPage\":{\"@id\":\"https:\\\/\\\/theuncommonshop.ch\\\/fr\\\/product\\\/yu-gi-oh-starter-deck-yuya-2016-de-3\\\/#primaryimage\"},\"image\":{\"@id\":\"https:\\\/\\\/theuncommonshop.ch\\\/fr\\\/product\\\/yu-gi-oh-starter-deck-yuya-2016-de-3\\\/#primaryimage\"},\"thumbnailUrl\":\"https:\\\/\\\/theuncommonshop.ch\\\/wp-content\\\/uploads\\\/2025\\\/05\\\/1189748876.jpg\",\"datePublished\":\"2025-06-12T09:22:14+00:00\",\"dateModified\":\"2026-03-29T13:20:07+00:00\",\"description\":\"Ach\u00e8te Yu-Gi-Oh ! - Yuya 2016 - Starter Deck en ligne maintenant \u00e0 petit prix! Ton #1 shop pour cartes TCG & Pok\u00e9mon en Suisse \u2713 Livraison gratuite d\u00e8s CHF 29\",\"breadcrumb\":{\"@id\":\"https:\\\/\\\/theuncommonshop.ch\\\/fr\\\/product\\\/yu-gi-oh-starter-deck-yuya-2016-de-3\\\/#breadcrumb\"},\"inLanguage\":\"fr-FR\",\"potentialAction\":[{\"@type\":\"ReadAction\",\"target\":[\"https:\\\/\\\/theuncommonshop.ch\\\/fr\\\/product\\\/yu-gi-oh-starter-deck-yuya-2016-de-3\\\/\"]}]},{\"@type\":\"ImageObject\",\"inLanguage\":\"fr-FR\",\"@id\":\"https:\\\/\\\/theuncommonshop.ch\\\/fr\\\/product\\\/yu-gi-oh-starter-deck-yuya-2016-de-3\\\/#primaryimage\",\"url\":\"https:\\\/\\\/theuncommonshop.ch\\\/wp-content\\\/uploads\\\/2025\\\/05\\\/1189748876.jpg\",\"contentUrl\":\"https:\\\/\\\/theuncommonshop.ch\\\/wp-content\\\/uploads\\\/2025\\\/05\\\/1189748876.jpg\",\"width\":540,\"height\":690},{\"@type\":\"BreadcrumbList\",\"@id\":\"https:\\\/\\\/theuncommonshop.ch\\\/fr\\\/product\\\/yu-gi-oh-starter-deck-yuya-2016-de-3\\\/#breadcrumb\",\"itemListElement\":[{\"@type\":\"ListItem\",\"position\":1,\"name\":\"Accueil\",\"item\":\"https:\\\/\\\/theuncommonshop.ch\\\/fr\\\/accueil\\\/\"},{\"@type\":\"ListItem\",\"position\":2,\"name\":\"Boutique\",\"item\":\"https:\\\/\\\/theuncommonshop.ch\\\/fr\\\/boutique\\\/\"},{\"@type\":\"ListItem\",\"position\":3,\"name\":\"Yu-Gi-Oh!\",\"item\":\"https:\\\/\\\/theuncommonshop.ch\\\/fr\\\/categorie-produit\\\/yu-gi-oh-fr\\\/\"},{\"@type\":\"ListItem\",\"position\":4,\"name\":\"Decks\",\"item\":\"https:\\\/\\\/theuncommonshop.ch\\\/fr\\\/categorie-produit\\\/yu-gi-oh-fr\\\/decks-yugioh\\\/\"},{\"@type\":\"ListItem\",\"position\":5,\"name\":\"Yu-Gi-Oh ! &#8211; Yuya 2016 &#8211; Starter Deck\"}]},{\"@type\":\"WebSite\",\"@id\":\"https:\\\/\\\/theuncommonshop.ch\\\/fr\\\/#website\",\"url\":\"https:\\\/\\\/theuncommonshop.ch\\\/fr\\\/\",\"name\":\"The Uncommon Shop\",\"description\":\"Magic, Pok\u00e9mon and Yu-gi-oh - The Uncommon Shop\",\"potentialAction\":[{\"@type\":\"SearchAction\",\"target\":{\"@type\":\"EntryPoint\",\"urlTemplate\":\"https:\\\/\\\/theuncommonshop.ch\\\/fr\\\/?s={search_term_string}\"},\"query-input\":{\"@type\":\"PropertyValueSpecification\",\"valueRequired\":true,\"valueName\":\"search_term_string\"}}],\"inLanguage\":\"fr-FR\"}]}<\/script>\n<meta property=\"product:price:amount\" content=\"14.95\" \/>\n<meta property=\"product:price:currency\" content=\"CHF\" \/>\n<meta property=\"og:availability\" content=\"instock\" \/>\n<meta property=\"product:availability\" content=\"instock\" \/>\n<meta property=\"product:retailer_item_id\" content=\"YGO.VII.E.STDYuyaDeck.DE\" \/>\n<meta property=\"product:condition\" content=\"new\" \/>\n<!-- \/ Yoast SEO plugin. -->","yoast_head_json":{"title":"Ach\u00e8te Yu-Gi-Oh ! - Yuya 2016 - Starter Deck","description":"Ach\u00e8te Yu-Gi-Oh ! - Yuya 2016 - Starter Deck en ligne maintenant \u00e0 petit prix! Ton #1 shop pour cartes TCG & Pok\u00e9mon en Suisse \u2713 Livraison gratuite d\u00e8s CHF 29","robots":{"index":"index","follow":"follow","max-snippet":"max-snippet:-1","max-image-preview":"max-image-preview:large","max-video-preview":"max-video-preview:-1"},"canonical":"https:\/\/theuncommonshop.ch\/fr\/product\/yu-gi-oh-starter-deck-yuya-2016-de-3\/","og_locale":"fr_FR","og_type":"article","og_title":"Ach\u00e8te Yu-Gi-Oh ! - Yuya 2016 - Starter Deck","og_description":"Ach\u00e8te Yu-Gi-Oh ! - Yuya 2016 - Starter Deck en ligne maintenant \u00e0 petit prix! Ton #1 shop pour cartes TCG & Pok\u00e9mon en Suisse \u2713 Livraison gratuite d\u00e8s CHF 29","og_url":"https:\/\/theuncommonshop.ch\/fr\/product\/yu-gi-oh-starter-deck-yuya-2016-de-3\/","og_site_name":"The Uncommon Shop","article_modified_time":"2026-03-29T13:20:07+00:00","og_image":[{"width":540,"height":690,"url":"https:\/\/theuncommonshop.ch\/wp-content\/uploads\/2025\/05\/1189748876.jpg","type":"image\/jpeg"}],"twitter_card":"summary_large_image","twitter_misc":{"Prix":"&#67;&#72;&#70;&nbsp;14.95","Disponibilit\u00e9":"En stock"},"schema":{"@context":"https:\/\/schema.org","@graph":[{"@type":"WebPage","@id":"https:\/\/theuncommonshop.ch\/fr\/product\/yu-gi-oh-starter-deck-yuya-2016-de-3\/","url":"https:\/\/theuncommonshop.ch\/fr\/product\/yu-gi-oh-starter-deck-yuya-2016-de-3\/","name":"Ach\u00e8te Yu-Gi-Oh ! - Yuya 2016 - Starter Deck","isPartOf":{"@id":"https:\/\/theuncommonshop.ch\/fr\/#website"},"primaryImageOfPage":{"@id":"https:\/\/theuncommonshop.ch\/fr\/product\/yu-gi-oh-starter-deck-yuya-2016-de-3\/#primaryimage"},"image":{"@id":"https:\/\/theuncommonshop.ch\/fr\/product\/yu-gi-oh-starter-deck-yuya-2016-de-3\/#primaryimage"},"thumbnailUrl":"https:\/\/theuncommonshop.ch\/wp-content\/uploads\/2025\/05\/1189748876.jpg","datePublished":"2025-06-12T09:22:14+00:00","dateModified":"2026-03-29T13:20:07+00:00","description":"Ach\u00e8te Yu-Gi-Oh ! - Yuya 2016 - Starter Deck en ligne maintenant \u00e0 petit prix! Ton #1 shop pour cartes TCG & Pok\u00e9mon en Suisse \u2713 Livraison gratuite d\u00e8s CHF 29","breadcrumb":{"@id":"https:\/\/theuncommonshop.ch\/fr\/product\/yu-gi-oh-starter-deck-yuya-2016-de-3\/#breadcrumb"},"inLanguage":"fr-FR","potentialAction":[{"@type":"ReadAction","target":["https:\/\/theuncommonshop.ch\/fr\/product\/yu-gi-oh-starter-deck-yuya-2016-de-3\/"]}]},{"@type":"ImageObject","inLanguage":"fr-FR","@id":"https:\/\/theuncommonshop.ch\/fr\/product\/yu-gi-oh-starter-deck-yuya-2016-de-3\/#primaryimage","url":"https:\/\/theuncommonshop.ch\/wp-content\/uploads\/2025\/05\/1189748876.jpg","contentUrl":"https:\/\/theuncommonshop.ch\/wp-content\/uploads\/2025\/05\/1189748876.jpg","width":540,"height":690},{"@type":"BreadcrumbList","@id":"https:\/\/theuncommonshop.ch\/fr\/product\/yu-gi-oh-starter-deck-yuya-2016-de-3\/#breadcrumb","itemListElement":[{"@type":"ListItem","position":1,"name":"Accueil","item":"https:\/\/theuncommonshop.ch\/fr\/accueil\/"},{"@type":"ListItem","position":2,"name":"Boutique","item":"https:\/\/theuncommonshop.ch\/fr\/boutique\/"},{"@type":"ListItem","position":3,"name":"Yu-Gi-Oh!","item":"https:\/\/theuncommonshop.ch\/fr\/categorie-produit\/yu-gi-oh-fr\/"},{"@type":"ListItem","position":4,"name":"Decks","item":"https:\/\/theuncommonshop.ch\/fr\/categorie-produit\/yu-gi-oh-fr\/decks-yugioh\/"},{"@type":"ListItem","position":5,"name":"Yu-Gi-Oh ! &#8211; Yuya 2016 &#8211; Starter Deck"}]},{"@type":"WebSite","@id":"https:\/\/theuncommonshop.ch\/fr\/#website","url":"https:\/\/theuncommonshop.ch\/fr\/","name":"The Uncommon Shop","description":"Magic, Pok\u00e9mon and Yu-gi-oh - The Uncommon Shop","potentialAction":[{"@type":"SearchAction","target":{"@type":"EntryPoint","urlTemplate":"https:\/\/theuncommonshop.ch\/fr\/?s={search_term_string}"},"query-input":{"@type":"PropertyValueSpecification","valueRequired":true,"valueName":"search_term_string"}}],"inLanguage":"fr-FR"}]},"product_price_amount":"14.95","product_price_currency":"CHF","og_availability":"instock","product_availability":"instock","product_retailer_item_id":"YGO.VII.E.STDYuyaDeck.DE","product_condition":"new"},"_links":{"self":[{"href":"https:\/\/theuncommonshop.ch\/fr\/wp-json\/wp\/v2\/product\/319820","targetHints":{"allow":["GET"]}}],"collection":[{"href":"https:\/\/theuncommonshop.ch\/fr\/wp-json\/wp\/v2\/product"}],"about":[{"href":"https:\/\/theuncommonshop.ch\/fr\/wp-json\/wp\/v2\/types\/product"}],"replies":[{"embeddable":true,"href":"https:\/\/theuncommonshop.ch\/fr\/wp-json\/wp\/v2\/comments?post=319820"}],"version-history":[{"count":0,"href":"https:\/\/theuncommonshop.ch\/fr\/wp-json\/wp\/v2\/product\/319820\/revisions"}],"wp:featuredmedia":[{"embeddable":true,"href":"https:\/\/theuncommonshop.ch\/fr\/wp-json\/wp\/v2\/media\/17876"}],"wp:attachment":[{"href":"https:\/\/theuncommonshop.ch\/fr\/wp-json\/wp\/v2\/media?parent=319820"}],"wp:term":[{"taxonomy":"product_brand","embeddable":true,"href":"https:\/\/theuncommonshop.ch\/fr\/wp-json\/wp\/v2\/product_brand?post=319820"},{"taxonomy":"product_cat","embeddable":true,"href":"https:\/\/theuncommonshop.ch\/fr\/wp-json\/wp\/v2\/product_cat?post=319820"},{"taxonomy":"product_tag","embeddable":true,"href":"https:\/\/theuncommonshop.ch\/fr\/wp-json\/wp\/v2\/product_tag?post=319820"}],"curies":[{"name":"wp","href":"https:\/\/api.w.org\/{rel}","templated":true}]}}