{"id":319655,"date":"2025-06-12T14:47:07","date_gmt":"2025-06-12T14:47:07","guid":{"rendered":"http:\/\/theuncommonshop.ch\/produkt\/319655\/"},"modified":"2026-03-28T20:10:49","modified_gmt":"2026-03-28T19:10:49","slug":"magic-duskmourn-house-of-horror-dsk-play-booster-pack-2","status":"publish","type":"product","link":"https:\/\/theuncommonshop.ch\/fr\/product\/magic-duskmourn-house-of-horror-dsk-play-booster-pack-2\/","title":{"rendered":"Magic &#8211; Duskmourn House of Horror (DSK) &#8211; Play Booster Pack"},"content":{"rendered":"<ul>\n<li>UN COMBAT DE SURVIE DANS UNE MAISON PLEINE D&#8217;ANCIENS &#8211; Osez entrer dans Duskmourn, une maison hant\u00e9e qui englobe tout un monde et donne vie aux plus grandes peurs de vos adversaires.<\/li>\n<li>LE PLAISIR D&#8217;OUVRIR. SPA\u1e9e EN JEU &#8211; Les Boosters de jeu sont parfaits pour le format limit\u00e9, car l&#8217;excitation monte d\u00e8s l&#8217;ouverture ; assurez-vous d&#8217;avoir des cartes d&#8217;artwork, des cartes avec des illustrations alternatives, des cadres sp\u00e9ciaux et en plus des cartes rares et\/ou l\u00e9gendaires. <\/li>\n<\/ul>\n<div style=\"display: inline !important;\">\n<ul>\n<li>LES MEILLEURS BOOSTERS POUR JOUER AVEC DES AMIS &#8211; Les boosters de jeu sont sp\u00e9cialement \u00e9quilibr\u00e9s pour le format de jeu limit\u00e9 ; attrapez 6 boosters pour construire un deck et affronter vos amis dans des parties scell\u00e9es, ou attrapez 3 boosters et passez-les l&#8217;un apr\u00e8s l&#8217;autre pour construire des decks dans un boosterdraft.<\/li>\n<\/ul>\n<ul>\n<li>LES BOOSTERS PEUVENT CONTENIR PLUSIEURS CARTES RARES &#8211; Chaque Booster de jeu contient 1 \u00e0 4 cartes de raret\u00e9 rare ou sup\u00e9rieure, et il est possible de recevoir une carte fabuleusement rare sans bordure de l&#8217;histoire de Magic.<\/li>\n<\/ul>\n<ul>\n<li>CARTE FOIL BRILLANTE DANS CHAQUE BOOSTER &#8211; Chaque Booster contient \u00e9galement au moins 1 carte Foil traditionnelle brillante de n&#8217;importe quelle raret\u00e9 ; dans 20 % des Boosters, vous trouverez \u00e9galement une carte de pays Foil traditionnelle.<\/li>\n<\/ul>\n<ul>\n<li>PEUT CONTENIR DES CARTES D&#8217;ARTWORK &#8211; Dans les Boosters de jeu uniquement, vous trouverez dans certains paquets des cartes d&#8217;artwork avec des illustrations du set Duskmourn Haus des Schreckens, et si vous \u00eates chanceux, avec la signature Foil de l&#8217;artiste.<\/li>\n<\/ul>\n<\/div>\n","protected":false},"excerpt":{"rendered":"<p>UN COMBAT DE SURVIE DANS UNE MAISON PLEINE D&#8217;ANCIENS &#8211; Osez entrer dans Duskmourn, une maison hant\u00e9e qui englobe tout<\/p>\n","protected":false},"featured_media":29198,"comment_status":"open","ping_status":"closed","template":"","meta":{"_acf_changed":false},"product_brand":[5158,5070],"product_cat":[9985,10181,9967,9991],"product_tag":[],"class_list":{"0":"post-319655","1":"product","2":"type-product","3":"status-publish","4":"has-post-thumbnail","6":"product_brand-magic-the-gathering","7":"product_brand-wizards-of-the-coast","8":"product_cat-booster-packs-fr","9":"product_cat-duskmourn-la-maison-de-lhorreur","10":"product_cat-magic-the-gathering-fr","11":"product_cat-produits-par-lots-mtg","13":"first","14":"instock","15":"taxable","16":"shipping-taxable","17":"purchasable","18":"product-type-variable"},"acf":[],"yoast_head":"<!-- This site is optimized with the Yoast SEO plugin v27.4 - https:\/\/yoast.com\/product\/yoast-seo-wordpress\/ -->\n<title>Ach\u00e8te Magic - Duskmourn House of Horror (DSK) - Play Booster Pack<\/title>\n<meta name=\"description\" content=\"Ach\u00e8te Magic - Duskmourn House of Horror (DSK) - Play Booster Pack en ligne maintenant \u00e0 petit prix! Ton #1 shop pour cartes TCG &amp; Pok\u00e9mon en Suisse \u2713 Livraison gratuite d\u00e8s CHF 29\" \/>\n<meta name=\"robots\" content=\"index, follow, max-snippet:-1, max-image-preview:large, max-video-preview:-1\" \/>\n<link rel=\"canonical\" href=\"https:\/\/theuncommonshop.ch\/fr\/product\/magic-duskmourn-house-of-horror-dsk-play-booster-pack-2\/\" \/>\n<meta property=\"og:locale\" content=\"fr_FR\" \/>\n<meta property=\"og:type\" content=\"article\" \/>\n<meta property=\"og:title\" content=\"Ach\u00e8te Magic - Duskmourn House of Horror (DSK) - Play Booster Pack\" \/>\n<meta property=\"og:description\" content=\"Ach\u00e8te Magic - Duskmourn House of Horror (DSK) - Play Booster Pack en ligne maintenant \u00e0 petit prix! Ton #1 shop pour cartes TCG &amp; Pok\u00e9mon en Suisse \u2713 Livraison gratuite d\u00e8s CHF 29\" \/>\n<meta property=\"og:url\" content=\"https:\/\/theuncommonshop.ch\/fr\/product\/magic-duskmourn-house-of-horror-dsk-play-booster-pack-2\/\" \/>\n<meta property=\"og:site_name\" content=\"Largest trading card shop in Switzerland\" \/>\n<meta property=\"article:modified_time\" content=\"2026-03-28T19:10:49+00:00\" \/>\n<meta property=\"og:image\" content=\"https:\/\/theuncommonshop.ch\/wp-content\/uploads\/2025\/05\/4414982603.jpg\" \/>\n\t<meta property=\"og:image:width\" content=\"900\" \/>\n\t<meta property=\"og:image:height\" content=\"1637\" \/>\n\t<meta property=\"og:image:type\" content=\"image\/jpeg\" \/>\n<meta name=\"twitter:card\" content=\"summary_large_image\" \/>\n<meta name=\"twitter:label1\" content=\"Disponibilit\u00e9\" \/>\n\t<meta name=\"twitter:data1\" content=\"En stock\" \/>\n<script type=\"application\/ld+json\" class=\"yoast-schema-graph\">{\"@context\":\"https:\\\/\\\/schema.org\",\"@graph\":[{\"@type\":\"WebPage\",\"@id\":\"https:\\\/\\\/theuncommonshop.ch\\\/fr\\\/product\\\/magic-duskmourn-house-of-horror-dsk-play-booster-pack-2\\\/\",\"url\":\"https:\\\/\\\/theuncommonshop.ch\\\/fr\\\/product\\\/magic-duskmourn-house-of-horror-dsk-play-booster-pack-2\\\/\",\"name\":\"Ach\u00e8te Magic - Duskmourn House of Horror (DSK) - Play Booster Pack\",\"isPartOf\":{\"@id\":\"https:\\\/\\\/theuncommonshop.ch\\\/#website\"},\"primaryImageOfPage\":{\"@id\":\"https:\\\/\\\/theuncommonshop.ch\\\/fr\\\/product\\\/magic-duskmourn-house-of-horror-dsk-play-booster-pack-2\\\/#primaryimage\"},\"image\":{\"@id\":\"https:\\\/\\\/theuncommonshop.ch\\\/fr\\\/product\\\/magic-duskmourn-house-of-horror-dsk-play-booster-pack-2\\\/#primaryimage\"},\"thumbnailUrl\":\"https:\\\/\\\/theuncommonshop.ch\\\/wp-content\\\/uploads\\\/2025\\\/05\\\/4414982603.jpg\",\"datePublished\":\"2025-06-12T14:47:07+00:00\",\"dateModified\":\"2026-03-28T19:10:49+00:00\",\"description\":\"Ach\u00e8te Magic - Duskmourn House of Horror (DSK) - Play Booster Pack en ligne maintenant \u00e0 petit prix! Ton #1 shop pour cartes TCG & Pok\u00e9mon en Suisse \u2713 Livraison gratuite d\u00e8s CHF 29\",\"breadcrumb\":{\"@id\":\"https:\\\/\\\/theuncommonshop.ch\\\/fr\\\/product\\\/magic-duskmourn-house-of-horror-dsk-play-booster-pack-2\\\/#breadcrumb\"},\"inLanguage\":\"fr-FR\",\"potentialAction\":[{\"@type\":\"ReadAction\",\"target\":[\"https:\\\/\\\/theuncommonshop.ch\\\/fr\\\/product\\\/magic-duskmourn-house-of-horror-dsk-play-booster-pack-2\\\/\"]}]},{\"@type\":\"ImageObject\",\"inLanguage\":\"fr-FR\",\"@id\":\"https:\\\/\\\/theuncommonshop.ch\\\/fr\\\/product\\\/magic-duskmourn-house-of-horror-dsk-play-booster-pack-2\\\/#primaryimage\",\"url\":\"https:\\\/\\\/theuncommonshop.ch\\\/wp-content\\\/uploads\\\/2025\\\/05\\\/4414982603.jpg\",\"contentUrl\":\"https:\\\/\\\/theuncommonshop.ch\\\/wp-content\\\/uploads\\\/2025\\\/05\\\/4414982603.jpg\",\"width\":900,\"height\":1637,\"caption\":\"MIGRATION_FIX_2026 [ECWID_RESTORED : 2026-03-29 12:47:03]\"},{\"@type\":\"BreadcrumbList\",\"@id\":\"https:\\\/\\\/theuncommonshop.ch\\\/fr\\\/product\\\/magic-duskmourn-house-of-horror-dsk-play-booster-pack-2\\\/#breadcrumb\",\"itemListElement\":[{\"@type\":\"ListItem\",\"position\":1,\"name\":\"Accueil\",\"item\":\"https:\\\/\\\/theuncommonshop.ch\\\/fr\\\/accueil\\\/\"},{\"@type\":\"ListItem\",\"position\":2,\"name\":\"Boutique\",\"item\":\"https:\\\/\\\/theuncommonshop.ch\\\/fr\\\/boutique\\\/\"},{\"@type\":\"ListItem\",\"position\":3,\"name\":\"Magic the Gathering\",\"item\":\"https:\\\/\\\/theuncommonshop.ch\\\/fr\\\/categorie-produit\\\/magic-the-gathering-fr\\\/\"},{\"@type\":\"ListItem\",\"position\":4,\"name\":\"Produits par lots\",\"item\":\"https:\\\/\\\/theuncommonshop.ch\\\/fr\\\/categorie-produit\\\/magic-the-gathering-fr\\\/produits-par-lots-mtg\\\/\"},{\"@type\":\"ListItem\",\"position\":5,\"name\":\"Duskmourn : la Maison de l'horreur\",\"item\":\"https:\\\/\\\/theuncommonshop.ch\\\/fr\\\/categorie-produit\\\/magic-the-gathering-fr\\\/produits-par-lots-mtg\\\/duskmourn-la-maison-de-lhorreur\\\/\"},{\"@type\":\"ListItem\",\"position\":6,\"name\":\"Magic &#8211; Duskmourn House of Horror (DSK) &#8211; Play Booster Pack\"}]},{\"@type\":\"WebSite\",\"@id\":\"https:\\\/\\\/theuncommonshop.ch\\\/#website\",\"url\":\"https:\\\/\\\/theuncommonshop.ch\\\/\",\"name\":\"Largest trading card shop in Switzerland\",\"description\":\"Magic, Pok\u00e9mon and Yu-gi-oh - The Uncommon Shop\",\"potentialAction\":[{\"@type\":\"SearchAction\",\"target\":{\"@type\":\"EntryPoint\",\"urlTemplate\":\"https:\\\/\\\/theuncommonshop.ch\\\/?s={search_term_string}\"},\"query-input\":{\"@type\":\"PropertyValueSpecification\",\"valueRequired\":true,\"valueName\":\"search_term_string\"}}],\"inLanguage\":\"fr-FR\"}]}<\/script>\n<meta property=\"og:availability\" content=\"instock\" \/>\n<meta property=\"product:availability\" content=\"instock\" \/>\n<meta property=\"product:condition\" content=\"new\" \/>\n<!-- \/ Yoast SEO plugin. -->","yoast_head_json":{"title":"Ach\u00e8te Magic - Duskmourn House of Horror (DSK) - Play Booster Pack","description":"Ach\u00e8te Magic - Duskmourn House of Horror (DSK) - Play Booster Pack en ligne maintenant \u00e0 petit prix! Ton #1 shop pour cartes TCG & Pok\u00e9mon en Suisse \u2713 Livraison gratuite d\u00e8s CHF 29","robots":{"index":"index","follow":"follow","max-snippet":"max-snippet:-1","max-image-preview":"max-image-preview:large","max-video-preview":"max-video-preview:-1"},"canonical":"https:\/\/theuncommonshop.ch\/fr\/product\/magic-duskmourn-house-of-horror-dsk-play-booster-pack-2\/","og_locale":"fr_FR","og_type":"article","og_title":"Ach\u00e8te Magic - Duskmourn House of Horror (DSK) - Play Booster Pack","og_description":"Ach\u00e8te Magic - Duskmourn House of Horror (DSK) - Play Booster Pack en ligne maintenant \u00e0 petit prix! Ton #1 shop pour cartes TCG & Pok\u00e9mon en Suisse \u2713 Livraison gratuite d\u00e8s CHF 29","og_url":"https:\/\/theuncommonshop.ch\/fr\/product\/magic-duskmourn-house-of-horror-dsk-play-booster-pack-2\/","og_site_name":"Largest trading card shop in Switzerland","article_modified_time":"2026-03-28T19:10:49+00:00","og_image":[{"width":900,"height":1637,"url":"https:\/\/theuncommonshop.ch\/wp-content\/uploads\/2025\/05\/4414982603.jpg","type":"image\/jpeg"}],"twitter_card":"summary_large_image","twitter_misc":{"Disponibilit\u00e9":"En stock"},"schema":{"@context":"https:\/\/schema.org","@graph":[{"@type":"WebPage","@id":"https:\/\/theuncommonshop.ch\/fr\/product\/magic-duskmourn-house-of-horror-dsk-play-booster-pack-2\/","url":"https:\/\/theuncommonshop.ch\/fr\/product\/magic-duskmourn-house-of-horror-dsk-play-booster-pack-2\/","name":"Ach\u00e8te Magic - Duskmourn House of Horror (DSK) - Play Booster Pack","isPartOf":{"@id":"https:\/\/theuncommonshop.ch\/#website"},"primaryImageOfPage":{"@id":"https:\/\/theuncommonshop.ch\/fr\/product\/magic-duskmourn-house-of-horror-dsk-play-booster-pack-2\/#primaryimage"},"image":{"@id":"https:\/\/theuncommonshop.ch\/fr\/product\/magic-duskmourn-house-of-horror-dsk-play-booster-pack-2\/#primaryimage"},"thumbnailUrl":"https:\/\/theuncommonshop.ch\/wp-content\/uploads\/2025\/05\/4414982603.jpg","datePublished":"2025-06-12T14:47:07+00:00","dateModified":"2026-03-28T19:10:49+00:00","description":"Ach\u00e8te Magic - Duskmourn House of Horror (DSK) - Play Booster Pack en ligne maintenant \u00e0 petit prix! Ton #1 shop pour cartes TCG & Pok\u00e9mon en Suisse \u2713 Livraison gratuite d\u00e8s CHF 29","breadcrumb":{"@id":"https:\/\/theuncommonshop.ch\/fr\/product\/magic-duskmourn-house-of-horror-dsk-play-booster-pack-2\/#breadcrumb"},"inLanguage":"fr-FR","potentialAction":[{"@type":"ReadAction","target":["https:\/\/theuncommonshop.ch\/fr\/product\/magic-duskmourn-house-of-horror-dsk-play-booster-pack-2\/"]}]},{"@type":"ImageObject","inLanguage":"fr-FR","@id":"https:\/\/theuncommonshop.ch\/fr\/product\/magic-duskmourn-house-of-horror-dsk-play-booster-pack-2\/#primaryimage","url":"https:\/\/theuncommonshop.ch\/wp-content\/uploads\/2025\/05\/4414982603.jpg","contentUrl":"https:\/\/theuncommonshop.ch\/wp-content\/uploads\/2025\/05\/4414982603.jpg","width":900,"height":1637,"caption":"MIGRATION_FIX_2026 [ECWID_RESTORED : 2026-03-29 12:47:03]"},{"@type":"BreadcrumbList","@id":"https:\/\/theuncommonshop.ch\/fr\/product\/magic-duskmourn-house-of-horror-dsk-play-booster-pack-2\/#breadcrumb","itemListElement":[{"@type":"ListItem","position":1,"name":"Accueil","item":"https:\/\/theuncommonshop.ch\/fr\/accueil\/"},{"@type":"ListItem","position":2,"name":"Boutique","item":"https:\/\/theuncommonshop.ch\/fr\/boutique\/"},{"@type":"ListItem","position":3,"name":"Magic the Gathering","item":"https:\/\/theuncommonshop.ch\/fr\/categorie-produit\/magic-the-gathering-fr\/"},{"@type":"ListItem","position":4,"name":"Produits par lots","item":"https:\/\/theuncommonshop.ch\/fr\/categorie-produit\/magic-the-gathering-fr\/produits-par-lots-mtg\/"},{"@type":"ListItem","position":5,"name":"Duskmourn : la Maison de l'horreur","item":"https:\/\/theuncommonshop.ch\/fr\/categorie-produit\/magic-the-gathering-fr\/produits-par-lots-mtg\/duskmourn-la-maison-de-lhorreur\/"},{"@type":"ListItem","position":6,"name":"Magic &#8211; Duskmourn House of Horror (DSK) &#8211; Play Booster Pack"}]},{"@type":"WebSite","@id":"https:\/\/theuncommonshop.ch\/#website","url":"https:\/\/theuncommonshop.ch\/","name":"Largest trading card shop in Switzerland","description":"Magic, Pok\u00e9mon and Yu-gi-oh - The Uncommon Shop","potentialAction":[{"@type":"SearchAction","target":{"@type":"EntryPoint","urlTemplate":"https:\/\/theuncommonshop.ch\/?s={search_term_string}"},"query-input":{"@type":"PropertyValueSpecification","valueRequired":true,"valueName":"search_term_string"}}],"inLanguage":"fr-FR"}]},"og_availability":"instock","product_availability":"instock","product_condition":"new"},"_links":{"self":[{"href":"https:\/\/theuncommonshop.ch\/fr\/wp-json\/wp\/v2\/product\/319655","targetHints":{"allow":["GET"]}}],"collection":[{"href":"https:\/\/theuncommonshop.ch\/fr\/wp-json\/wp\/v2\/product"}],"about":[{"href":"https:\/\/theuncommonshop.ch\/fr\/wp-json\/wp\/v2\/types\/product"}],"replies":[{"embeddable":true,"href":"https:\/\/theuncommonshop.ch\/fr\/wp-json\/wp\/v2\/comments?post=319655"}],"version-history":[{"count":1,"href":"https:\/\/theuncommonshop.ch\/fr\/wp-json\/wp\/v2\/product\/319655\/revisions"}],"predecessor-version":[{"id":319661,"href":"https:\/\/theuncommonshop.ch\/fr\/wp-json\/wp\/v2\/product\/319655\/revisions\/319661"}],"wp:featuredmedia":[{"embeddable":true,"href":"https:\/\/theuncommonshop.ch\/fr\/wp-json\/wp\/v2\/media\/29198"}],"wp:attachment":[{"href":"https:\/\/theuncommonshop.ch\/fr\/wp-json\/wp\/v2\/media?parent=319655"}],"wp:term":[{"taxonomy":"product_brand","embeddable":true,"href":"https:\/\/theuncommonshop.ch\/fr\/wp-json\/wp\/v2\/product_brand?post=319655"},{"taxonomy":"product_cat","embeddable":true,"href":"https:\/\/theuncommonshop.ch\/fr\/wp-json\/wp\/v2\/product_cat?post=319655"},{"taxonomy":"product_tag","embeddable":true,"href":"https:\/\/theuncommonshop.ch\/fr\/wp-json\/wp\/v2\/product_tag?post=319655"}],"curies":[{"name":"wp","href":"https:\/\/api.w.org\/{rel}","templated":true}]}}