{"id":319640,"date":"2025-06-12T14:46:40","date_gmt":"2025-06-12T14:46:40","guid":{"rendered":"http:\/\/theuncommonshop.ch\/produkt\/319640\/"},"modified":"2026-03-29T18:42:36","modified_gmt":"2026-03-29T16:42:36","slug":"magic-duskmourn-house-of-horror-dsk-bundle-2","status":"publish","type":"product","link":"https:\/\/theuncommonshop.ch\/fr\/product\/magic-duskmourn-house-of-horror-dsk-bundle-2\/","title":{"rendered":"Magic &#8211; Duskmourn House of Horror (DSK) &#8211; Bundle"},"content":{"rendered":"<ul>\n<li>CARTES ET ACCESSOIRES HORS DE GARDE &#8211; Explorez le set et cr\u00e9ez des decks qui vous donneront la chair de poule gr\u00e2ce \u00e0 un bundle de cartes et d&#8217;accessoires de jeu exclusifs.<\/li>\n<li>UN COMBAT DE SURVIE DANS UNE MAISON PLEINE D&#8217;ANCIENS &#8211; Osez entrer dans Duskmourn, une maison hant\u00e9e qui englobe tout un monde et donne vie aux plus grandes peurs de vos adversaires.<\/li>\n<li>Cr\u00e9ez un deck qui fait peur \u00e0 vos amis &#8211; Les Boosters sont parfaits pour le format limit\u00e9 et sont tr\u00e8s amusants \u00e0 ouvrir, car ils contiennent chacun 9 boosters de jeu ; chaque booster peut contenir plusieurs cartes rares et au moins 1 carte Foil brillante.<\/li>\n<li>CARTE DE PAYS AVEC GRANDE ILLUSTRATION ET CARTE SPECIALE AVEC ILLUSTRATION ALTERNATIVE &#8211; Chaque Bundle contient \u00e9galement 1 carte promotionnelle sous forme de carte foil traditionnelle avec une illustration alternative exclusive au Bundle, et 10 des 30 cartes de pays incluses ont des illustrations effrayantes en grand format.<\/li>\n<li>ACCESSOIRES EXCLUSIFS DU BUNDLE &#8211; Chaque bundle contient des accessoires exclusifs, dont un d\u00e9 sp\u00e9cial pour suivre le niveau des points de vie et une solide bo\u00eete Duskmourn : La Maison de la Terreur pour tout ranger.<\/li>\n<li>CONTENU DU BUNDLE &#8211; 9 boosters de jeu MTG Duskmourn : La Maison des Secrets, 1 carte Foil traditionnelle avec une illustration alternative, 30 cartes de pays (15 Foil et 15 non-Foil), 1 compteur de points de vie Spindown, 1 bo\u00eete de rangement de cartes et 2 cartes de r\u00e9f\u00e9rence de r\u00e8gles.<\/li>\n<\/ul>\n","protected":false},"excerpt":{"rendered":"<p>CARTES ET ACCESSOIRES HORS DE GARDE &#8211; Explorez le set et cr\u00e9ez des decks qui vous donneront la chair de<\/p>\n","protected":false},"featured_media":29211,"comment_status":"open","ping_status":"closed","template":"","meta":{"_acf_changed":false},"product_brand":[5158,5070],"product_cat":[9971,10181,9967,9991],"product_tag":[],"class_list":{"0":"post-319640","1":"product","2":"type-product","3":"status-publish","4":"has-post-thumbnail","6":"product_brand-magic-the-gathering","7":"product_brand-wizards-of-the-coast","8":"product_cat-bundles-fr","9":"product_cat-duskmourn-la-maison-de-lhorreur","10":"product_cat-magic-the-gathering-fr","11":"product_cat-produits-par-lots-mtg","13":"first","14":"outofstock","15":"taxable","16":"shipping-taxable","17":"purchasable","18":"product-type-variable"},"acf":[],"yoast_head":"<!-- This site is optimized with the Yoast SEO plugin v27.4 - https:\/\/yoast.com\/product\/yoast-seo-wordpress\/ -->\n<title>Ach\u00e8te Magic - Duskmourn House of Horror (DSK) - Bundle<\/title>\n<meta name=\"description\" content=\"Ach\u00e8te Magic - Duskmourn House of Horror (DSK) - Bundle en ligne maintenant \u00e0 petit prix! Ton #1 shop pour cartes TCG &amp; Pok\u00e9mon en Suisse \u2713 Livraison gratuite d\u00e8s CHF 29\" \/>\n<meta name=\"robots\" content=\"index, follow, max-snippet:-1, max-image-preview:large, max-video-preview:-1\" \/>\n<link rel=\"canonical\" href=\"https:\/\/theuncommonshop.ch\/fr\/product\/magic-duskmourn-house-of-horror-dsk-bundle-2\/\" \/>\n<meta property=\"og:locale\" content=\"fr_FR\" \/>\n<meta property=\"og:type\" content=\"article\" \/>\n<meta property=\"og:title\" content=\"Ach\u00e8te Magic - Duskmourn House of Horror (DSK) - Bundle\" \/>\n<meta property=\"og:description\" content=\"Ach\u00e8te Magic - Duskmourn House of Horror (DSK) - Bundle en ligne maintenant \u00e0 petit prix! Ton #1 shop pour cartes TCG &amp; Pok\u00e9mon en Suisse \u2713 Livraison gratuite d\u00e8s CHF 29\" \/>\n<meta property=\"og:url\" content=\"https:\/\/theuncommonshop.ch\/fr\/product\/magic-duskmourn-house-of-horror-dsk-bundle-2\/\" \/>\n<meta property=\"og:site_name\" content=\"Largest trading card shop in Switzerland\" \/>\n<meta property=\"article:modified_time\" content=\"2026-03-29T16:42:36+00:00\" \/>\n<meta property=\"og:image\" content=\"https:\/\/theuncommonshop.ch\/wp-content\/uploads\/2025\/05\/4415122737.jpg\" \/>\n\t<meta property=\"og:image:width\" content=\"900\" \/>\n\t<meta property=\"og:image:height\" content=\"680\" \/>\n\t<meta property=\"og:image:type\" content=\"image\/jpeg\" \/>\n<meta name=\"twitter:card\" content=\"summary_large_image\" \/>\n<meta name=\"twitter:label1\" content=\"Disponibilit\u00e9\" \/>\n\t<meta name=\"twitter:data1\" content=\"Rupture de stock\" \/>\n<script type=\"application\/ld+json\" class=\"yoast-schema-graph\">{\"@context\":\"https:\\\/\\\/schema.org\",\"@graph\":[{\"@type\":\"WebPage\",\"@id\":\"https:\\\/\\\/theuncommonshop.ch\\\/fr\\\/product\\\/magic-duskmourn-house-of-horror-dsk-bundle-2\\\/\",\"url\":\"https:\\\/\\\/theuncommonshop.ch\\\/fr\\\/product\\\/magic-duskmourn-house-of-horror-dsk-bundle-2\\\/\",\"name\":\"Ach\u00e8te Magic - Duskmourn House of Horror (DSK) - Bundle\",\"isPartOf\":{\"@id\":\"https:\\\/\\\/theuncommonshop.ch\\\/#website\"},\"primaryImageOfPage\":{\"@id\":\"https:\\\/\\\/theuncommonshop.ch\\\/fr\\\/product\\\/magic-duskmourn-house-of-horror-dsk-bundle-2\\\/#primaryimage\"},\"image\":{\"@id\":\"https:\\\/\\\/theuncommonshop.ch\\\/fr\\\/product\\\/magic-duskmourn-house-of-horror-dsk-bundle-2\\\/#primaryimage\"},\"thumbnailUrl\":\"https:\\\/\\\/theuncommonshop.ch\\\/wp-content\\\/uploads\\\/2025\\\/05\\\/4415122737.jpg\",\"datePublished\":\"2025-06-12T14:46:40+00:00\",\"dateModified\":\"2026-03-29T16:42:36+00:00\",\"description\":\"Ach\u00e8te Magic - Duskmourn House of Horror (DSK) - Bundle en ligne maintenant \u00e0 petit prix! Ton #1 shop pour cartes TCG & Pok\u00e9mon en Suisse \u2713 Livraison gratuite d\u00e8s CHF 29\",\"breadcrumb\":{\"@id\":\"https:\\\/\\\/theuncommonshop.ch\\\/fr\\\/product\\\/magic-duskmourn-house-of-horror-dsk-bundle-2\\\/#breadcrumb\"},\"inLanguage\":\"fr-FR\",\"potentialAction\":[{\"@type\":\"ReadAction\",\"target\":[\"https:\\\/\\\/theuncommonshop.ch\\\/fr\\\/product\\\/magic-duskmourn-house-of-horror-dsk-bundle-2\\\/\"]}]},{\"@type\":\"ImageObject\",\"inLanguage\":\"fr-FR\",\"@id\":\"https:\\\/\\\/theuncommonshop.ch\\\/fr\\\/product\\\/magic-duskmourn-house-of-horror-dsk-bundle-2\\\/#primaryimage\",\"url\":\"https:\\\/\\\/theuncommonshop.ch\\\/wp-content\\\/uploads\\\/2025\\\/05\\\/4415122737.jpg\",\"contentUrl\":\"https:\\\/\\\/theuncommonshop.ch\\\/wp-content\\\/uploads\\\/2025\\\/05\\\/4415122737.jpg\",\"width\":900,\"height\":680,\"caption\":\"MIGRATION_FIX_2026 [ECWID_RESTORED : 2026-03-29 12:47:03]\"},{\"@type\":\"BreadcrumbList\",\"@id\":\"https:\\\/\\\/theuncommonshop.ch\\\/fr\\\/product\\\/magic-duskmourn-house-of-horror-dsk-bundle-2\\\/#breadcrumb\",\"itemListElement\":[{\"@type\":\"ListItem\",\"position\":1,\"name\":\"Accueil\",\"item\":\"https:\\\/\\\/theuncommonshop.ch\\\/fr\\\/accueil\\\/\"},{\"@type\":\"ListItem\",\"position\":2,\"name\":\"Boutique\",\"item\":\"https:\\\/\\\/theuncommonshop.ch\\\/fr\\\/boutique\\\/\"},{\"@type\":\"ListItem\",\"position\":3,\"name\":\"Magic the Gathering\",\"item\":\"https:\\\/\\\/theuncommonshop.ch\\\/fr\\\/categorie-produit\\\/magic-the-gathering-fr\\\/\"},{\"@type\":\"ListItem\",\"position\":4,\"name\":\"Produits par lots\",\"item\":\"https:\\\/\\\/theuncommonshop.ch\\\/fr\\\/categorie-produit\\\/magic-the-gathering-fr\\\/produits-par-lots-mtg\\\/\"},{\"@type\":\"ListItem\",\"position\":5,\"name\":\"Duskmourn : la Maison de l'horreur\",\"item\":\"https:\\\/\\\/theuncommonshop.ch\\\/fr\\\/categorie-produit\\\/magic-the-gathering-fr\\\/produits-par-lots-mtg\\\/duskmourn-la-maison-de-lhorreur\\\/\"},{\"@type\":\"ListItem\",\"position\":6,\"name\":\"Magic &#8211; Duskmourn House of Horror (DSK) &#8211; Bundle\"}]},{\"@type\":\"WebSite\",\"@id\":\"https:\\\/\\\/theuncommonshop.ch\\\/#website\",\"url\":\"https:\\\/\\\/theuncommonshop.ch\\\/\",\"name\":\"Largest trading card shop in Switzerland\",\"description\":\"Magic, Pok\u00e9mon and Yu-gi-oh - The Uncommon Shop\",\"potentialAction\":[{\"@type\":\"SearchAction\",\"target\":{\"@type\":\"EntryPoint\",\"urlTemplate\":\"https:\\\/\\\/theuncommonshop.ch\\\/?s={search_term_string}\"},\"query-input\":{\"@type\":\"PropertyValueSpecification\",\"valueRequired\":true,\"valueName\":\"search_term_string\"}}],\"inLanguage\":\"fr-FR\"}]}<\/script>\n<meta property=\"og:availability\" content=\"out of stock\" \/>\n<meta property=\"product:availability\" content=\"out of stock\" \/>\n<meta property=\"product:condition\" content=\"new\" \/>\n<!-- \/ Yoast SEO plugin. -->","yoast_head_json":{"title":"Ach\u00e8te Magic - Duskmourn House of Horror (DSK) - Bundle","description":"Ach\u00e8te Magic - Duskmourn House of Horror (DSK) - Bundle en ligne maintenant \u00e0 petit prix! Ton #1 shop pour cartes TCG & Pok\u00e9mon en Suisse \u2713 Livraison gratuite d\u00e8s CHF 29","robots":{"index":"index","follow":"follow","max-snippet":"max-snippet:-1","max-image-preview":"max-image-preview:large","max-video-preview":"max-video-preview:-1"},"canonical":"https:\/\/theuncommonshop.ch\/fr\/product\/magic-duskmourn-house-of-horror-dsk-bundle-2\/","og_locale":"fr_FR","og_type":"article","og_title":"Ach\u00e8te Magic - Duskmourn House of Horror (DSK) - Bundle","og_description":"Ach\u00e8te Magic - Duskmourn House of Horror (DSK) - Bundle en ligne maintenant \u00e0 petit prix! Ton #1 shop pour cartes TCG & Pok\u00e9mon en Suisse \u2713 Livraison gratuite d\u00e8s CHF 29","og_url":"https:\/\/theuncommonshop.ch\/fr\/product\/magic-duskmourn-house-of-horror-dsk-bundle-2\/","og_site_name":"Largest trading card shop in Switzerland","article_modified_time":"2026-03-29T16:42:36+00:00","og_image":[{"width":900,"height":680,"url":"https:\/\/theuncommonshop.ch\/wp-content\/uploads\/2025\/05\/4415122737.jpg","type":"image\/jpeg"}],"twitter_card":"summary_large_image","twitter_misc":{"Disponibilit\u00e9":"Rupture de stock"},"schema":{"@context":"https:\/\/schema.org","@graph":[{"@type":"WebPage","@id":"https:\/\/theuncommonshop.ch\/fr\/product\/magic-duskmourn-house-of-horror-dsk-bundle-2\/","url":"https:\/\/theuncommonshop.ch\/fr\/product\/magic-duskmourn-house-of-horror-dsk-bundle-2\/","name":"Ach\u00e8te Magic - Duskmourn House of Horror (DSK) - Bundle","isPartOf":{"@id":"https:\/\/theuncommonshop.ch\/#website"},"primaryImageOfPage":{"@id":"https:\/\/theuncommonshop.ch\/fr\/product\/magic-duskmourn-house-of-horror-dsk-bundle-2\/#primaryimage"},"image":{"@id":"https:\/\/theuncommonshop.ch\/fr\/product\/magic-duskmourn-house-of-horror-dsk-bundle-2\/#primaryimage"},"thumbnailUrl":"https:\/\/theuncommonshop.ch\/wp-content\/uploads\/2025\/05\/4415122737.jpg","datePublished":"2025-06-12T14:46:40+00:00","dateModified":"2026-03-29T16:42:36+00:00","description":"Ach\u00e8te Magic - Duskmourn House of Horror (DSK) - Bundle en ligne maintenant \u00e0 petit prix! Ton #1 shop pour cartes TCG & Pok\u00e9mon en Suisse \u2713 Livraison gratuite d\u00e8s CHF 29","breadcrumb":{"@id":"https:\/\/theuncommonshop.ch\/fr\/product\/magic-duskmourn-house-of-horror-dsk-bundle-2\/#breadcrumb"},"inLanguage":"fr-FR","potentialAction":[{"@type":"ReadAction","target":["https:\/\/theuncommonshop.ch\/fr\/product\/magic-duskmourn-house-of-horror-dsk-bundle-2\/"]}]},{"@type":"ImageObject","inLanguage":"fr-FR","@id":"https:\/\/theuncommonshop.ch\/fr\/product\/magic-duskmourn-house-of-horror-dsk-bundle-2\/#primaryimage","url":"https:\/\/theuncommonshop.ch\/wp-content\/uploads\/2025\/05\/4415122737.jpg","contentUrl":"https:\/\/theuncommonshop.ch\/wp-content\/uploads\/2025\/05\/4415122737.jpg","width":900,"height":680,"caption":"MIGRATION_FIX_2026 [ECWID_RESTORED : 2026-03-29 12:47:03]"},{"@type":"BreadcrumbList","@id":"https:\/\/theuncommonshop.ch\/fr\/product\/magic-duskmourn-house-of-horror-dsk-bundle-2\/#breadcrumb","itemListElement":[{"@type":"ListItem","position":1,"name":"Accueil","item":"https:\/\/theuncommonshop.ch\/fr\/accueil\/"},{"@type":"ListItem","position":2,"name":"Boutique","item":"https:\/\/theuncommonshop.ch\/fr\/boutique\/"},{"@type":"ListItem","position":3,"name":"Magic the Gathering","item":"https:\/\/theuncommonshop.ch\/fr\/categorie-produit\/magic-the-gathering-fr\/"},{"@type":"ListItem","position":4,"name":"Produits par lots","item":"https:\/\/theuncommonshop.ch\/fr\/categorie-produit\/magic-the-gathering-fr\/produits-par-lots-mtg\/"},{"@type":"ListItem","position":5,"name":"Duskmourn : la Maison de l'horreur","item":"https:\/\/theuncommonshop.ch\/fr\/categorie-produit\/magic-the-gathering-fr\/produits-par-lots-mtg\/duskmourn-la-maison-de-lhorreur\/"},{"@type":"ListItem","position":6,"name":"Magic &#8211; Duskmourn House of Horror (DSK) &#8211; Bundle"}]},{"@type":"WebSite","@id":"https:\/\/theuncommonshop.ch\/#website","url":"https:\/\/theuncommonshop.ch\/","name":"Largest trading card shop in Switzerland","description":"Magic, Pok\u00e9mon and Yu-gi-oh - The Uncommon Shop","potentialAction":[{"@type":"SearchAction","target":{"@type":"EntryPoint","urlTemplate":"https:\/\/theuncommonshop.ch\/?s={search_term_string}"},"query-input":{"@type":"PropertyValueSpecification","valueRequired":true,"valueName":"search_term_string"}}],"inLanguage":"fr-FR"}]},"og_availability":"out of stock","product_availability":"out of stock","product_condition":"new"},"_links":{"self":[{"href":"https:\/\/theuncommonshop.ch\/fr\/wp-json\/wp\/v2\/product\/319640","targetHints":{"allow":["GET"]}}],"collection":[{"href":"https:\/\/theuncommonshop.ch\/fr\/wp-json\/wp\/v2\/product"}],"about":[{"href":"https:\/\/theuncommonshop.ch\/fr\/wp-json\/wp\/v2\/types\/product"}],"replies":[{"embeddable":true,"href":"https:\/\/theuncommonshop.ch\/fr\/wp-json\/wp\/v2\/comments?post=319640"}],"version-history":[{"count":1,"href":"https:\/\/theuncommonshop.ch\/fr\/wp-json\/wp\/v2\/product\/319640\/revisions"}],"predecessor-version":[{"id":319647,"href":"https:\/\/theuncommonshop.ch\/fr\/wp-json\/wp\/v2\/product\/319640\/revisions\/319647"}],"wp:featuredmedia":[{"embeddable":true,"href":"https:\/\/theuncommonshop.ch\/fr\/wp-json\/wp\/v2\/media\/29211"}],"wp:attachment":[{"href":"https:\/\/theuncommonshop.ch\/fr\/wp-json\/wp\/v2\/media?parent=319640"}],"wp:term":[{"taxonomy":"product_brand","embeddable":true,"href":"https:\/\/theuncommonshop.ch\/fr\/wp-json\/wp\/v2\/product_brand?post=319640"},{"taxonomy":"product_cat","embeddable":true,"href":"https:\/\/theuncommonshop.ch\/fr\/wp-json\/wp\/v2\/product_cat?post=319640"},{"taxonomy":"product_tag","embeddable":true,"href":"https:\/\/theuncommonshop.ch\/fr\/wp-json\/wp\/v2\/product_tag?post=319640"}],"curies":[{"name":"wp","href":"https:\/\/api.w.org\/{rel}","templated":true}]}}