{"id":319534,"date":"2025-06-12T11:51:44","date_gmt":"2025-06-12T11:51:44","guid":{"rendered":"http:\/\/theuncommonshop.ch\/produkt\/319534\/"},"modified":"2026-03-29T15:58:11","modified_gmt":"2026-03-29T13:58:11","slug":"yu-gi-oh-speed-duel-starter-deck-ultimate-predators-de-2","status":"publish","type":"product","link":"https:\/\/theuncommonshop.ch\/fr\/product\/yu-gi-oh-speed-duel-starter-deck-ultimate-predators-de-2\/","title":{"rendered":"Yu-Gi-Oh ! &#8211; Speed Duel &#8211; Ultimate Predators &#8211; Starter Deck :"},"content":{"rendered":"<p><main><\/p>\n<div>\n<div>\n<div>\n<p>Chaque Speed Duel Starter Decks : Ultimate Predators contient :<\/p>\n<ul>\n<li>1 deck Rex Raptor \u00e0 30 cartes<\/li>\n<li>1 pont Weevil Underwood de 30 cartes<\/li>\n<li>4 cartes de comp\u00e9tences (2 pour Rex, 2 pour Weevil)<\/li>\n<li>2 cartes Ultra Rares Variant<\/li>\n<\/ul>\n<p>Yu-Gi-Oh ! Speed Duel : Starter Deck Ultimate Predators : <\/p>\n<p>Rex Raptor et Weevil Underwood, deux des plus c\u00e9l\u00e8bres rivaux de Yu-Gi-Oh !, sont d\u00e9sormais pr\u00e9sents dans le Speed Duel !<\/p>\n<p>Yu-Gi-Oh ! Le jeu de cartes \u00e0 collectionner Speed Duel Starter Decks : Ultimate Predators contient 2 Speed Duel Decks pr\u00eats \u00e0 l&#8217;emploi, dont 2 cartes de la variante sp\u00e9cialement s\u00e9lectionn\u00e9e et particuli\u00e8rement rare, dans le but d&#8217;am\u00e9liorer chaque strat\u00e9gie. Chaque personnage de Yu-Gi-Oh ! Trading Card Gam Duel Starter Decks : Ultimate Predators est livr\u00e9 avec 30 cartes et 2 comp\u00e9tences in\u00e9dites. Les joueurs peuvent personnaliser leurs decks en fonction de la comp\u00e9tence qu&#8217;ils souhaitent utiliser pour leur personnage. Ils peuvent ainsi adapter leur strat\u00e9gie imm\u00e9diatement !    <\/p>\n<p>Yu-Gi-Oh ! Le jeu de cartes \u00e0 \u00e9changer Speed Duel Starter Decks : Ultimate Predators comprend 2 comp\u00e9tences pour Rex et 2 comp\u00e9tences pour Weevil, ainsi qu&#8217;un exemple de liste de decks \u00e0 combiner avec chaque comp\u00e9tence. Rex est pr\u00eat \u00e0 d\u00e9clencher une folie meurtri\u00e8re pr\u00e9historique ! Son royaume des dinosaures vous donne acc\u00e8s \u00e0 un puissant sort de terrain qui vous permet de r\u00e9duire la concurrence en poussi\u00e8re, tandis que Cauchemar-Son ! lib\u00e8re le v\u00e9ritable potentiel de son dragon de nuit serpent pour an\u00e9antir les d\u00e9fenses de votre adversaire. Weevil et ses insectes sont plus rus\u00e9s que jamais ! Parasite cach\u00e9 fera vaciller votre adversaire s&#8217;il n&#8217;est pas pr\u00e9par\u00e9, tandis qu&#8217;Hyper M\u00e9tamorphose acc\u00e9l\u00e8re l&#8217;invocation de sa Parfaite grosse mite ultime.    <\/p>\n<\/div>\n<\/div>\n<\/div>\n<p><\/main><\/p>\n","protected":false},"excerpt":{"rendered":"<p>Chaque Speed Duel Starter Decks : Ultimate Predators contient : 1 deck Rex Raptor \u00e0 30 cartes 1 pont Weevil<\/p>\n","protected":false},"featured_media":22346,"comment_status":"open","ping_status":"closed","template":"","meta":{"_acf_changed":false},"product_brand":[5074,5112],"product_cat":[9837,9779],"product_tag":[],"class_list":{"0":"post-319534","1":"product","2":"type-product","3":"status-publish","4":"has-post-thumbnail","6":"product_brand-konami","7":"product_brand-yu-gi-oh","8":"product_cat-decks-yugioh","9":"product_cat-yu-gi-oh-fr","11":"first","12":"outofstock","13":"taxable","14":"shipping-taxable","15":"purchasable","16":"product-type-variable"},"acf":[],"yoast_head":"<!-- This site is optimized with the Yoast SEO plugin v27.4 - https:\/\/yoast.com\/product\/yoast-seo-wordpress\/ -->\n<title>Ach\u00e8te Yu-Gi-Oh ! - Speed Duel - Ultimate Predators - Starter Deck :<\/title>\n<meta name=\"description\" content=\"Ach\u00e8te Yu-Gi-Oh ! - Speed Duel - Ultimate Predators - Starter Deck : en ligne maintenant \u00e0 petit prix! Ton #1 shop pour cartes TCG &amp; Pok\u00e9mon en Suisse \u2713 Livraison gratuite d\u00e8s CHF 29\" \/>\n<meta name=\"robots\" content=\"index, follow, max-snippet:-1, max-image-preview:large, max-video-preview:-1\" \/>\n<link rel=\"canonical\" href=\"https:\/\/theuncommonshop.ch\/fr\/product\/yu-gi-oh-speed-duel-starter-deck-ultimate-predators-de-2\/\" \/>\n<meta property=\"og:locale\" content=\"fr_FR\" \/>\n<meta property=\"og:type\" content=\"article\" \/>\n<meta property=\"og:title\" content=\"Ach\u00e8te Yu-Gi-Oh ! - Speed Duel - Ultimate Predators - Starter Deck :\" \/>\n<meta property=\"og:description\" content=\"Ach\u00e8te Yu-Gi-Oh ! - Speed Duel - Ultimate Predators - Starter Deck : en ligne maintenant \u00e0 petit prix! Ton #1 shop pour cartes TCG &amp; Pok\u00e9mon en Suisse \u2713 Livraison gratuite d\u00e8s CHF 29\" \/>\n<meta property=\"og:url\" content=\"https:\/\/theuncommonshop.ch\/fr\/product\/yu-gi-oh-speed-duel-starter-deck-ultimate-predators-de-2\/\" \/>\n<meta property=\"og:site_name\" content=\"The Uncommon Shop\" \/>\n<meta property=\"article:modified_time\" content=\"2026-03-29T13:58:11+00:00\" \/>\n<meta property=\"og:image\" content=\"https:\/\/theuncommonshop.ch\/wp-content\/uploads\/2025\/05\/1182377158.jpg\" \/>\n\t<meta property=\"og:image:width\" content=\"540\" \/>\n\t<meta property=\"og:image:height\" content=\"540\" \/>\n\t<meta property=\"og:image:type\" content=\"image\/jpeg\" \/>\n<meta name=\"twitter:card\" content=\"summary_large_image\" \/>\n<meta name=\"twitter:label1\" content=\"Disponibilit\u00e9\" \/>\n\t<meta name=\"twitter:data1\" content=\"Rupture de stock\" \/>\n<script type=\"application\/ld+json\" class=\"yoast-schema-graph\">{\"@context\":\"https:\\\/\\\/schema.org\",\"@graph\":[{\"@type\":\"WebPage\",\"@id\":\"https:\\\/\\\/theuncommonshop.ch\\\/fr\\\/product\\\/yu-gi-oh-speed-duel-starter-deck-ultimate-predators-de-2\\\/\",\"url\":\"https:\\\/\\\/theuncommonshop.ch\\\/fr\\\/product\\\/yu-gi-oh-speed-duel-starter-deck-ultimate-predators-de-2\\\/\",\"name\":\"Ach\u00e8te Yu-Gi-Oh ! - Speed Duel - Ultimate Predators - Starter Deck :\",\"isPartOf\":{\"@id\":\"https:\\\/\\\/theuncommonshop.ch\\\/fr\\\/#website\"},\"primaryImageOfPage\":{\"@id\":\"https:\\\/\\\/theuncommonshop.ch\\\/fr\\\/product\\\/yu-gi-oh-speed-duel-starter-deck-ultimate-predators-de-2\\\/#primaryimage\"},\"image\":{\"@id\":\"https:\\\/\\\/theuncommonshop.ch\\\/fr\\\/product\\\/yu-gi-oh-speed-duel-starter-deck-ultimate-predators-de-2\\\/#primaryimage\"},\"thumbnailUrl\":\"https:\\\/\\\/theuncommonshop.ch\\\/wp-content\\\/uploads\\\/2025\\\/05\\\/1182377158.jpg\",\"datePublished\":\"2025-06-12T11:51:44+00:00\",\"dateModified\":\"2026-03-29T13:58:11+00:00\",\"description\":\"Ach\u00e8te Yu-Gi-Oh ! - Speed Duel - Ultimate Predators - Starter Deck : en ligne maintenant \u00e0 petit prix! Ton #1 shop pour cartes TCG & Pok\u00e9mon en Suisse \u2713 Livraison gratuite d\u00e8s CHF 29\",\"breadcrumb\":{\"@id\":\"https:\\\/\\\/theuncommonshop.ch\\\/fr\\\/product\\\/yu-gi-oh-speed-duel-starter-deck-ultimate-predators-de-2\\\/#breadcrumb\"},\"inLanguage\":\"fr-FR\",\"potentialAction\":[{\"@type\":\"ReadAction\",\"target\":[\"https:\\\/\\\/theuncommonshop.ch\\\/fr\\\/product\\\/yu-gi-oh-speed-duel-starter-deck-ultimate-predators-de-2\\\/\"]}]},{\"@type\":\"ImageObject\",\"inLanguage\":\"fr-FR\",\"@id\":\"https:\\\/\\\/theuncommonshop.ch\\\/fr\\\/product\\\/yu-gi-oh-speed-duel-starter-deck-ultimate-predators-de-2\\\/#primaryimage\",\"url\":\"https:\\\/\\\/theuncommonshop.ch\\\/wp-content\\\/uploads\\\/2025\\\/05\\\/1182377158.jpg\",\"contentUrl\":\"https:\\\/\\\/theuncommonshop.ch\\\/wp-content\\\/uploads\\\/2025\\\/05\\\/1182377158.jpg\",\"width\":540,\"height\":540},{\"@type\":\"BreadcrumbList\",\"@id\":\"https:\\\/\\\/theuncommonshop.ch\\\/fr\\\/product\\\/yu-gi-oh-speed-duel-starter-deck-ultimate-predators-de-2\\\/#breadcrumb\",\"itemListElement\":[{\"@type\":\"ListItem\",\"position\":1,\"name\":\"Accueil\",\"item\":\"https:\\\/\\\/theuncommonshop.ch\\\/fr\\\/accueil\\\/\"},{\"@type\":\"ListItem\",\"position\":2,\"name\":\"Boutique\",\"item\":\"https:\\\/\\\/theuncommonshop.ch\\\/fr\\\/boutique\\\/\"},{\"@type\":\"ListItem\",\"position\":3,\"name\":\"Yu-Gi-Oh!\",\"item\":\"https:\\\/\\\/theuncommonshop.ch\\\/fr\\\/categorie-produit\\\/yu-gi-oh-fr\\\/\"},{\"@type\":\"ListItem\",\"position\":4,\"name\":\"Decks\",\"item\":\"https:\\\/\\\/theuncommonshop.ch\\\/fr\\\/categorie-produit\\\/yu-gi-oh-fr\\\/decks-yugioh\\\/\"},{\"@type\":\"ListItem\",\"position\":5,\"name\":\"Yu-Gi-Oh ! &#8211; Speed Duel &#8211; Ultimate Predators &#8211; Starter Deck :\"}]},{\"@type\":\"WebSite\",\"@id\":\"https:\\\/\\\/theuncommonshop.ch\\\/fr\\\/#website\",\"url\":\"https:\\\/\\\/theuncommonshop.ch\\\/fr\\\/\",\"name\":\"The Uncommon Shop\",\"description\":\"Magic, Pok\u00e9mon and Yu-gi-oh - The Uncommon Shop\",\"potentialAction\":[{\"@type\":\"SearchAction\",\"target\":{\"@type\":\"EntryPoint\",\"urlTemplate\":\"https:\\\/\\\/theuncommonshop.ch\\\/fr\\\/?s={search_term_string}\"},\"query-input\":{\"@type\":\"PropertyValueSpecification\",\"valueRequired\":true,\"valueName\":\"search_term_string\"}}],\"inLanguage\":\"fr-FR\"}]}<\/script>\n<meta property=\"og:availability\" content=\"out of stock\" \/>\n<meta property=\"product:availability\" content=\"out of stock\" \/>\n<meta property=\"product:retailer_item_id\" content=\"YGO.VII.C.STPredator.DE\" \/>\n<meta property=\"product:condition\" content=\"new\" \/>\n<!-- \/ Yoast SEO plugin. -->","yoast_head_json":{"title":"Ach\u00e8te Yu-Gi-Oh ! - Speed Duel - Ultimate Predators - Starter Deck :","description":"Ach\u00e8te Yu-Gi-Oh ! - Speed Duel - Ultimate Predators - Starter Deck : en ligne maintenant \u00e0 petit prix! Ton #1 shop pour cartes TCG & Pok\u00e9mon en Suisse \u2713 Livraison gratuite d\u00e8s CHF 29","robots":{"index":"index","follow":"follow","max-snippet":"max-snippet:-1","max-image-preview":"max-image-preview:large","max-video-preview":"max-video-preview:-1"},"canonical":"https:\/\/theuncommonshop.ch\/fr\/product\/yu-gi-oh-speed-duel-starter-deck-ultimate-predators-de-2\/","og_locale":"fr_FR","og_type":"article","og_title":"Ach\u00e8te Yu-Gi-Oh ! - Speed Duel - Ultimate Predators - Starter Deck :","og_description":"Ach\u00e8te Yu-Gi-Oh ! - Speed Duel - Ultimate Predators - Starter Deck : en ligne maintenant \u00e0 petit prix! Ton #1 shop pour cartes TCG & Pok\u00e9mon en Suisse \u2713 Livraison gratuite d\u00e8s CHF 29","og_url":"https:\/\/theuncommonshop.ch\/fr\/product\/yu-gi-oh-speed-duel-starter-deck-ultimate-predators-de-2\/","og_site_name":"The Uncommon Shop","article_modified_time":"2026-03-29T13:58:11+00:00","og_image":[{"width":540,"height":540,"url":"https:\/\/theuncommonshop.ch\/wp-content\/uploads\/2025\/05\/1182377158.jpg","type":"image\/jpeg"}],"twitter_card":"summary_large_image","twitter_misc":{"Disponibilit\u00e9":"Rupture de stock"},"schema":{"@context":"https:\/\/schema.org","@graph":[{"@type":"WebPage","@id":"https:\/\/theuncommonshop.ch\/fr\/product\/yu-gi-oh-speed-duel-starter-deck-ultimate-predators-de-2\/","url":"https:\/\/theuncommonshop.ch\/fr\/product\/yu-gi-oh-speed-duel-starter-deck-ultimate-predators-de-2\/","name":"Ach\u00e8te Yu-Gi-Oh ! - Speed Duel - Ultimate Predators - Starter Deck :","isPartOf":{"@id":"https:\/\/theuncommonshop.ch\/fr\/#website"},"primaryImageOfPage":{"@id":"https:\/\/theuncommonshop.ch\/fr\/product\/yu-gi-oh-speed-duel-starter-deck-ultimate-predators-de-2\/#primaryimage"},"image":{"@id":"https:\/\/theuncommonshop.ch\/fr\/product\/yu-gi-oh-speed-duel-starter-deck-ultimate-predators-de-2\/#primaryimage"},"thumbnailUrl":"https:\/\/theuncommonshop.ch\/wp-content\/uploads\/2025\/05\/1182377158.jpg","datePublished":"2025-06-12T11:51:44+00:00","dateModified":"2026-03-29T13:58:11+00:00","description":"Ach\u00e8te Yu-Gi-Oh ! - Speed Duel - Ultimate Predators - Starter Deck : en ligne maintenant \u00e0 petit prix! Ton #1 shop pour cartes TCG & Pok\u00e9mon en Suisse \u2713 Livraison gratuite d\u00e8s CHF 29","breadcrumb":{"@id":"https:\/\/theuncommonshop.ch\/fr\/product\/yu-gi-oh-speed-duel-starter-deck-ultimate-predators-de-2\/#breadcrumb"},"inLanguage":"fr-FR","potentialAction":[{"@type":"ReadAction","target":["https:\/\/theuncommonshop.ch\/fr\/product\/yu-gi-oh-speed-duel-starter-deck-ultimate-predators-de-2\/"]}]},{"@type":"ImageObject","inLanguage":"fr-FR","@id":"https:\/\/theuncommonshop.ch\/fr\/product\/yu-gi-oh-speed-duel-starter-deck-ultimate-predators-de-2\/#primaryimage","url":"https:\/\/theuncommonshop.ch\/wp-content\/uploads\/2025\/05\/1182377158.jpg","contentUrl":"https:\/\/theuncommonshop.ch\/wp-content\/uploads\/2025\/05\/1182377158.jpg","width":540,"height":540},{"@type":"BreadcrumbList","@id":"https:\/\/theuncommonshop.ch\/fr\/product\/yu-gi-oh-speed-duel-starter-deck-ultimate-predators-de-2\/#breadcrumb","itemListElement":[{"@type":"ListItem","position":1,"name":"Accueil","item":"https:\/\/theuncommonshop.ch\/fr\/accueil\/"},{"@type":"ListItem","position":2,"name":"Boutique","item":"https:\/\/theuncommonshop.ch\/fr\/boutique\/"},{"@type":"ListItem","position":3,"name":"Yu-Gi-Oh!","item":"https:\/\/theuncommonshop.ch\/fr\/categorie-produit\/yu-gi-oh-fr\/"},{"@type":"ListItem","position":4,"name":"Decks","item":"https:\/\/theuncommonshop.ch\/fr\/categorie-produit\/yu-gi-oh-fr\/decks-yugioh\/"},{"@type":"ListItem","position":5,"name":"Yu-Gi-Oh ! &#8211; Speed Duel &#8211; Ultimate Predators &#8211; Starter Deck :"}]},{"@type":"WebSite","@id":"https:\/\/theuncommonshop.ch\/fr\/#website","url":"https:\/\/theuncommonshop.ch\/fr\/","name":"The Uncommon Shop","description":"Magic, Pok\u00e9mon and Yu-gi-oh - The Uncommon Shop","potentialAction":[{"@type":"SearchAction","target":{"@type":"EntryPoint","urlTemplate":"https:\/\/theuncommonshop.ch\/fr\/?s={search_term_string}"},"query-input":{"@type":"PropertyValueSpecification","valueRequired":true,"valueName":"search_term_string"}}],"inLanguage":"fr-FR"}]},"og_availability":"out of stock","product_availability":"out of stock","product_retailer_item_id":"YGO.VII.C.STPredator.DE","product_condition":"new"},"_links":{"self":[{"href":"https:\/\/theuncommonshop.ch\/fr\/wp-json\/wp\/v2\/product\/319534","targetHints":{"allow":["GET"]}}],"collection":[{"href":"https:\/\/theuncommonshop.ch\/fr\/wp-json\/wp\/v2\/product"}],"about":[{"href":"https:\/\/theuncommonshop.ch\/fr\/wp-json\/wp\/v2\/types\/product"}],"replies":[{"embeddable":true,"href":"https:\/\/theuncommonshop.ch\/fr\/wp-json\/wp\/v2\/comments?post=319534"}],"version-history":[{"count":0,"href":"https:\/\/theuncommonshop.ch\/fr\/wp-json\/wp\/v2\/product\/319534\/revisions"}],"wp:featuredmedia":[{"embeddable":true,"href":"https:\/\/theuncommonshop.ch\/fr\/wp-json\/wp\/v2\/media\/22346"}],"wp:attachment":[{"href":"https:\/\/theuncommonshop.ch\/fr\/wp-json\/wp\/v2\/media?parent=319534"}],"wp:term":[{"taxonomy":"product_brand","embeddable":true,"href":"https:\/\/theuncommonshop.ch\/fr\/wp-json\/wp\/v2\/product_brand?post=319534"},{"taxonomy":"product_cat","embeddable":true,"href":"https:\/\/theuncommonshop.ch\/fr\/wp-json\/wp\/v2\/product_cat?post=319534"},{"taxonomy":"product_tag","embeddable":true,"href":"https:\/\/theuncommonshop.ch\/fr\/wp-json\/wp\/v2\/product_tag?post=319534"}],"curies":[{"name":"wp","href":"https:\/\/api.w.org\/{rel}","templated":true}]}}