{"id":319469,"date":"2025-06-12T11:45:19","date_gmt":"2025-06-12T11:45:19","guid":{"rendered":"http:\/\/theuncommonshop.ch\/produkt\/319469\/"},"modified":"2026-03-29T13:43:41","modified_gmt":"2026-03-29T11:43:41","slug":"pokemon-sword-shield-swsh-deoxys-vmax-vstar-battle-box-2","status":"publish","type":"product","link":"https:\/\/theuncommonshop.ch\/fr\/product\/pokemon-sword-shield-swsh-deoxys-vmax-vstar-battle-box-2\/","title":{"rendered":"Pok\u00e9mon &#8211; Sword &amp; Shield (SWSH) &#8211; Deoxys VMAX &amp; VSTAR Battle Box"},"content":{"rendered":"<div>\n<div class=\"elementor-element elementor-element-8f126bf wd-single-title text-left elementor-widget elementor-widget-wd_single_product_title\" data-id=\"8f126bf\" data-element_type=\"widget\" data-e-type=\"widget\" data-widget_type=\"wd_single_product_title.default\">\n<div class=\"elementor-widget-container\"><strong>Pok\u00e9mon &#8211; Sword &amp; Shield (SWSH) &#8211; Deoxys VMAX &amp; VSTAR Battle Box<\/strong><\/div>\n<\/div>\n<div class=\"elementor-element elementor-element-461bb0d e-con-full e-flex e-con e-child\" data-id=\"461bb0d\" data-element_type=\"container\" data-e-type=\"container\">\n<div class=\"elementor-element elementor-element-45aff18 wd-single-price text-left elementor-widget elementor-widget-wd_single_product_price\" data-id=\"45aff18\" data-element_type=\"widget\" data-e-type=\"widget\" data-widget_type=\"wd_single_product_price.default\">\n<div class=\"elementor-widget-container\">\n<p data-path-to-node=\"1\"><strong>Contenu :<\/strong><\/p>\n<ul data-path-to-node=\"2\">\n<li>1 carte promotionnelle holographique avec le V de Deoxys<\/li>\n<li>1 carte promotionnelle holographique en relief avec Deoxys-VMAX<\/li>\n<li>1 carte promotionnelle holographique en relief avec Deoxys-VSTAR<\/li>\n<li>1 carte holographique surdimensionn\u00e9e en relief avec Deoxys-VSTAR<\/li>\n<li>4 Booster Packs Pok\u00e9mon TCG<\/li>\n<li>1 guide strat\u00e9gique pour l&#8217;am\u00e9nagement du pont<\/li>\n<li>1 marque en plastique VSTAR (marque en acrylique)<\/li>\n<li>1 carte de code pour le jeu de cartes \u00e0 collectionner Pok\u00e9mon Live<\/li>\n<\/ul>\n<\/div>\n<\/div>\n<\/div>\n<\/div>\n<div>\n<div class=\"elementor-element elementor-element-461bb0d e-con-full e-flex e-con e-child\" data-id=\"461bb0d\" data-element_type=\"container\" data-e-type=\"container\">\n<div class=\"elementor-element elementor-element-45aff18 wd-single-price text-left elementor-widget elementor-widget-wd_single_product_price\" data-id=\"45aff18\" data-element_type=\"widget\" data-e-type=\"widget\" data-widget_type=\"wd_single_product_price.default\">\n<div class=\"elementor-widget-container\"><\/div>\n<\/div>\n<\/div>\n<\/div>\n","protected":false},"excerpt":{"rendered":"<p>Pok\u00e9mon &#8211; Sword &amp; Shield (SWSH) &#8211; Deoxys VMAX &amp; VSTAR Battle Box Contenu : 1 carte promotionnelle holographique avec<\/p>\n","protected":false},"featured_media":22093,"comment_status":"open","ping_status":"closed","template":"","meta":{"_acf_changed":false},"product_brand":[5072],"product_cat":[9811,9777],"product_tag":[],"class_list":{"0":"post-319469","1":"product","2":"type-product","3":"status-publish","4":"has-post-thumbnail","6":"product_brand-the-pokemon-company","7":"product_cat-coffrets-et-collections-pokemon","8":"product_cat-pokemon-fr","10":"first","11":"outofstock","12":"taxable","13":"shipping-taxable","14":"purchasable","15":"product-type-variable"},"acf":[],"yoast_head":"<!-- This site is optimized with the Yoast SEO plugin v27.4 - https:\/\/yoast.com\/product\/yoast-seo-wordpress\/ -->\n<title>Ach\u00e8te Pok\u00e9mon - Sword &amp; Shield (SWSH) - Deoxys VMAX &amp; VSTAR Battle Box<\/title>\n<meta name=\"description\" content=\"Ach\u00e8te Pok\u00e9mon - Sword &amp; Shield (SWSH) - Deoxys VMAX &amp; VSTAR Battle Box en ligne maintenant \u00e0 petit prix! Ton #1 shop pour cartes TCG &amp; Pok\u00e9mon en Suisse \u2713 Livraison gratuite d\u00e8s CHF 29\" \/>\n<meta name=\"robots\" content=\"index, follow, max-snippet:-1, max-image-preview:large, max-video-preview:-1\" \/>\n<link rel=\"canonical\" href=\"https:\/\/theuncommonshop.ch\/fr\/product\/pokemon-sword-shield-swsh-deoxys-vmax-vstar-battle-box-2\/\" \/>\n<meta property=\"og:locale\" content=\"fr_FR\" \/>\n<meta property=\"og:type\" content=\"article\" \/>\n<meta property=\"og:title\" content=\"Ach\u00e8te Pok\u00e9mon - Sword &amp; Shield (SWSH) - Deoxys VMAX &amp; VSTAR Battle Box\" \/>\n<meta property=\"og:description\" content=\"Ach\u00e8te Pok\u00e9mon - Sword &amp; Shield (SWSH) - Deoxys VMAX &amp; VSTAR Battle Box en ligne maintenant \u00e0 petit prix! Ton #1 shop pour cartes TCG &amp; Pok\u00e9mon en Suisse \u2713 Livraison gratuite d\u00e8s CHF 29\" \/>\n<meta property=\"og:url\" content=\"https:\/\/theuncommonshop.ch\/fr\/product\/pokemon-sword-shield-swsh-deoxys-vmax-vstar-battle-box-2\/\" \/>\n<meta property=\"og:site_name\" content=\"Largest trading card shop in Switzerland\" \/>\n<meta property=\"article:modified_time\" content=\"2026-03-29T11:43:41+00:00\" \/>\n<meta property=\"og:image\" content=\"https:\/\/theuncommonshop.ch\/wp-content\/uploads\/2025\/05\/4186409768.jpg\" \/>\n\t<meta property=\"og:image:width\" content=\"2560\" \/>\n\t<meta property=\"og:image:height\" content=\"1920\" \/>\n\t<meta property=\"og:image:type\" content=\"image\/jpeg\" \/>\n<meta name=\"twitter:card\" content=\"summary_large_image\" \/>\n<meta name=\"twitter:label1\" content=\"Disponibilit\u00e9\" \/>\n\t<meta name=\"twitter:data1\" content=\"Rupture de stock\" \/>\n<script type=\"application\/ld+json\" class=\"yoast-schema-graph\">{\"@context\":\"https:\\\/\\\/schema.org\",\"@graph\":[{\"@type\":\"WebPage\",\"@id\":\"https:\\\/\\\/theuncommonshop.ch\\\/fr\\\/product\\\/pokemon-sword-shield-swsh-deoxys-vmax-vstar-battle-box-2\\\/\",\"url\":\"https:\\\/\\\/theuncommonshop.ch\\\/fr\\\/product\\\/pokemon-sword-shield-swsh-deoxys-vmax-vstar-battle-box-2\\\/\",\"name\":\"Ach\u00e8te Pok\u00e9mon - Sword &amp; Shield (SWSH) - Deoxys VMAX &amp; VSTAR Battle Box\",\"isPartOf\":{\"@id\":\"https:\\\/\\\/theuncommonshop.ch\\\/#website\"},\"primaryImageOfPage\":{\"@id\":\"https:\\\/\\\/theuncommonshop.ch\\\/fr\\\/product\\\/pokemon-sword-shield-swsh-deoxys-vmax-vstar-battle-box-2\\\/#primaryimage\"},\"image\":{\"@id\":\"https:\\\/\\\/theuncommonshop.ch\\\/fr\\\/product\\\/pokemon-sword-shield-swsh-deoxys-vmax-vstar-battle-box-2\\\/#primaryimage\"},\"thumbnailUrl\":\"https:\\\/\\\/theuncommonshop.ch\\\/wp-content\\\/uploads\\\/2025\\\/05\\\/4186409768.jpg\",\"datePublished\":\"2025-06-12T11:45:19+00:00\",\"dateModified\":\"2026-03-29T11:43:41+00:00\",\"description\":\"Ach\u00e8te Pok\u00e9mon - Sword &amp; Shield (SWSH) - Deoxys VMAX &amp; VSTAR Battle Box en ligne maintenant \u00e0 petit prix! Ton #1 shop pour cartes TCG & Pok\u00e9mon en Suisse \u2713 Livraison gratuite d\u00e8s CHF 29\",\"breadcrumb\":{\"@id\":\"https:\\\/\\\/theuncommonshop.ch\\\/fr\\\/product\\\/pokemon-sword-shield-swsh-deoxys-vmax-vstar-battle-box-2\\\/#breadcrumb\"},\"inLanguage\":\"fr-FR\",\"potentialAction\":[{\"@type\":\"ReadAction\",\"target\":[\"https:\\\/\\\/theuncommonshop.ch\\\/fr\\\/product\\\/pokemon-sword-shield-swsh-deoxys-vmax-vstar-battle-box-2\\\/\"]}]},{\"@type\":\"ImageObject\",\"inLanguage\":\"fr-FR\",\"@id\":\"https:\\\/\\\/theuncommonshop.ch\\\/fr\\\/product\\\/pokemon-sword-shield-swsh-deoxys-vmax-vstar-battle-box-2\\\/#primaryimage\",\"url\":\"https:\\\/\\\/theuncommonshop.ch\\\/wp-content\\\/uploads\\\/2025\\\/05\\\/4186409768.jpg\",\"contentUrl\":\"https:\\\/\\\/theuncommonshop.ch\\\/wp-content\\\/uploads\\\/2025\\\/05\\\/4186409768.jpg\",\"width\":2560,\"height\":1920},{\"@type\":\"BreadcrumbList\",\"@id\":\"https:\\\/\\\/theuncommonshop.ch\\\/fr\\\/product\\\/pokemon-sword-shield-swsh-deoxys-vmax-vstar-battle-box-2\\\/#breadcrumb\",\"itemListElement\":[{\"@type\":\"ListItem\",\"position\":1,\"name\":\"Accueil\",\"item\":\"https:\\\/\\\/theuncommonshop.ch\\\/fr\\\/accueil\\\/\"},{\"@type\":\"ListItem\",\"position\":2,\"name\":\"Boutique\",\"item\":\"https:\\\/\\\/theuncommonshop.ch\\\/fr\\\/boutique\\\/\"},{\"@type\":\"ListItem\",\"position\":3,\"name\":\"Pok\u00e9mon\",\"item\":\"https:\\\/\\\/theuncommonshop.ch\\\/fr\\\/categorie-produit\\\/pokemon-fr\\\/\"},{\"@type\":\"ListItem\",\"position\":4,\"name\":\"Coffrets & collections\",\"item\":\"https:\\\/\\\/theuncommonshop.ch\\\/fr\\\/categorie-produit\\\/pokemon-fr\\\/coffrets-et-collections-pokemon\\\/\"},{\"@type\":\"ListItem\",\"position\":5,\"name\":\"Pok\u00e9mon &#8211; Sword &amp; Shield (SWSH) &#8211; Deoxys VMAX &amp; VSTAR Battle Box\"}]},{\"@type\":\"WebSite\",\"@id\":\"https:\\\/\\\/theuncommonshop.ch\\\/#website\",\"url\":\"https:\\\/\\\/theuncommonshop.ch\\\/\",\"name\":\"Largest trading card shop in Switzerland\",\"description\":\"Magic, Pok\u00e9mon and Yu-gi-oh - The Uncommon Shop\",\"potentialAction\":[{\"@type\":\"SearchAction\",\"target\":{\"@type\":\"EntryPoint\",\"urlTemplate\":\"https:\\\/\\\/theuncommonshop.ch\\\/?s={search_term_string}\"},\"query-input\":{\"@type\":\"PropertyValueSpecification\",\"valueRequired\":true,\"valueName\":\"search_term_string\"}}],\"inLanguage\":\"fr-FR\"}]}<\/script>\n<meta property=\"og:availability\" content=\"out of stock\" \/>\n<meta property=\"product:availability\" content=\"out of stock\" \/>\n<meta property=\"product:condition\" content=\"new\" \/>\n<!-- \/ Yoast SEO plugin. -->","yoast_head_json":{"title":"Ach\u00e8te Pok\u00e9mon - Sword &amp; Shield (SWSH) - Deoxys VMAX &amp; VSTAR Battle Box","description":"Ach\u00e8te Pok\u00e9mon - Sword &amp; Shield (SWSH) - Deoxys VMAX &amp; VSTAR Battle Box en ligne maintenant \u00e0 petit prix! Ton #1 shop pour cartes TCG & Pok\u00e9mon en Suisse \u2713 Livraison gratuite d\u00e8s CHF 29","robots":{"index":"index","follow":"follow","max-snippet":"max-snippet:-1","max-image-preview":"max-image-preview:large","max-video-preview":"max-video-preview:-1"},"canonical":"https:\/\/theuncommonshop.ch\/fr\/product\/pokemon-sword-shield-swsh-deoxys-vmax-vstar-battle-box-2\/","og_locale":"fr_FR","og_type":"article","og_title":"Ach\u00e8te Pok\u00e9mon - Sword &amp; Shield (SWSH) - Deoxys VMAX &amp; VSTAR Battle Box","og_description":"Ach\u00e8te Pok\u00e9mon - Sword &amp; Shield (SWSH) - Deoxys VMAX &amp; VSTAR Battle Box en ligne maintenant \u00e0 petit prix! Ton #1 shop pour cartes TCG & Pok\u00e9mon en Suisse \u2713 Livraison gratuite d\u00e8s CHF 29","og_url":"https:\/\/theuncommonshop.ch\/fr\/product\/pokemon-sword-shield-swsh-deoxys-vmax-vstar-battle-box-2\/","og_site_name":"Largest trading card shop in Switzerland","article_modified_time":"2026-03-29T11:43:41+00:00","og_image":[{"width":2560,"height":1920,"url":"https:\/\/theuncommonshop.ch\/wp-content\/uploads\/2025\/05\/4186409768.jpg","type":"image\/jpeg"}],"twitter_card":"summary_large_image","twitter_misc":{"Disponibilit\u00e9":"Rupture de stock"},"schema":{"@context":"https:\/\/schema.org","@graph":[{"@type":"WebPage","@id":"https:\/\/theuncommonshop.ch\/fr\/product\/pokemon-sword-shield-swsh-deoxys-vmax-vstar-battle-box-2\/","url":"https:\/\/theuncommonshop.ch\/fr\/product\/pokemon-sword-shield-swsh-deoxys-vmax-vstar-battle-box-2\/","name":"Ach\u00e8te Pok\u00e9mon - Sword &amp; Shield (SWSH) - Deoxys VMAX &amp; VSTAR Battle Box","isPartOf":{"@id":"https:\/\/theuncommonshop.ch\/#website"},"primaryImageOfPage":{"@id":"https:\/\/theuncommonshop.ch\/fr\/product\/pokemon-sword-shield-swsh-deoxys-vmax-vstar-battle-box-2\/#primaryimage"},"image":{"@id":"https:\/\/theuncommonshop.ch\/fr\/product\/pokemon-sword-shield-swsh-deoxys-vmax-vstar-battle-box-2\/#primaryimage"},"thumbnailUrl":"https:\/\/theuncommonshop.ch\/wp-content\/uploads\/2025\/05\/4186409768.jpg","datePublished":"2025-06-12T11:45:19+00:00","dateModified":"2026-03-29T11:43:41+00:00","description":"Ach\u00e8te Pok\u00e9mon - Sword &amp; Shield (SWSH) - Deoxys VMAX &amp; VSTAR Battle Box en ligne maintenant \u00e0 petit prix! Ton #1 shop pour cartes TCG & Pok\u00e9mon en Suisse \u2713 Livraison gratuite d\u00e8s CHF 29","breadcrumb":{"@id":"https:\/\/theuncommonshop.ch\/fr\/product\/pokemon-sword-shield-swsh-deoxys-vmax-vstar-battle-box-2\/#breadcrumb"},"inLanguage":"fr-FR","potentialAction":[{"@type":"ReadAction","target":["https:\/\/theuncommonshop.ch\/fr\/product\/pokemon-sword-shield-swsh-deoxys-vmax-vstar-battle-box-2\/"]}]},{"@type":"ImageObject","inLanguage":"fr-FR","@id":"https:\/\/theuncommonshop.ch\/fr\/product\/pokemon-sword-shield-swsh-deoxys-vmax-vstar-battle-box-2\/#primaryimage","url":"https:\/\/theuncommonshop.ch\/wp-content\/uploads\/2025\/05\/4186409768.jpg","contentUrl":"https:\/\/theuncommonshop.ch\/wp-content\/uploads\/2025\/05\/4186409768.jpg","width":2560,"height":1920},{"@type":"BreadcrumbList","@id":"https:\/\/theuncommonshop.ch\/fr\/product\/pokemon-sword-shield-swsh-deoxys-vmax-vstar-battle-box-2\/#breadcrumb","itemListElement":[{"@type":"ListItem","position":1,"name":"Accueil","item":"https:\/\/theuncommonshop.ch\/fr\/accueil\/"},{"@type":"ListItem","position":2,"name":"Boutique","item":"https:\/\/theuncommonshop.ch\/fr\/boutique\/"},{"@type":"ListItem","position":3,"name":"Pok\u00e9mon","item":"https:\/\/theuncommonshop.ch\/fr\/categorie-produit\/pokemon-fr\/"},{"@type":"ListItem","position":4,"name":"Coffrets & collections","item":"https:\/\/theuncommonshop.ch\/fr\/categorie-produit\/pokemon-fr\/coffrets-et-collections-pokemon\/"},{"@type":"ListItem","position":5,"name":"Pok\u00e9mon &#8211; Sword &amp; Shield (SWSH) &#8211; Deoxys VMAX &amp; VSTAR Battle Box"}]},{"@type":"WebSite","@id":"https:\/\/theuncommonshop.ch\/#website","url":"https:\/\/theuncommonshop.ch\/","name":"Largest trading card shop in Switzerland","description":"Magic, Pok\u00e9mon and Yu-gi-oh - The Uncommon Shop","potentialAction":[{"@type":"SearchAction","target":{"@type":"EntryPoint","urlTemplate":"https:\/\/theuncommonshop.ch\/?s={search_term_string}"},"query-input":{"@type":"PropertyValueSpecification","valueRequired":true,"valueName":"search_term_string"}}],"inLanguage":"fr-FR"}]},"og_availability":"out of stock","product_availability":"out of stock","product_condition":"new"},"_links":{"self":[{"href":"https:\/\/theuncommonshop.ch\/fr\/wp-json\/wp\/v2\/product\/319469","targetHints":{"allow":["GET"]}}],"collection":[{"href":"https:\/\/theuncommonshop.ch\/fr\/wp-json\/wp\/v2\/product"}],"about":[{"href":"https:\/\/theuncommonshop.ch\/fr\/wp-json\/wp\/v2\/types\/product"}],"replies":[{"embeddable":true,"href":"https:\/\/theuncommonshop.ch\/fr\/wp-json\/wp\/v2\/comments?post=319469"}],"version-history":[{"count":2,"href":"https:\/\/theuncommonshop.ch\/fr\/wp-json\/wp\/v2\/product\/319469\/revisions"}],"predecessor-version":[{"id":358047,"href":"https:\/\/theuncommonshop.ch\/fr\/wp-json\/wp\/v2\/product\/319469\/revisions\/358047"}],"wp:featuredmedia":[{"embeddable":true,"href":"https:\/\/theuncommonshop.ch\/fr\/wp-json\/wp\/v2\/media\/22093"}],"wp:attachment":[{"href":"https:\/\/theuncommonshop.ch\/fr\/wp-json\/wp\/v2\/media?parent=319469"}],"wp:term":[{"taxonomy":"product_brand","embeddable":true,"href":"https:\/\/theuncommonshop.ch\/fr\/wp-json\/wp\/v2\/product_brand?post=319469"},{"taxonomy":"product_cat","embeddable":true,"href":"https:\/\/theuncommonshop.ch\/fr\/wp-json\/wp\/v2\/product_cat?post=319469"},{"taxonomy":"product_tag","embeddable":true,"href":"https:\/\/theuncommonshop.ch\/fr\/wp-json\/wp\/v2\/product_tag?post=319469"}],"curies":[{"name":"wp","href":"https:\/\/api.w.org\/{rel}","templated":true}]}}