{"id":319446,"date":"2025-06-12T11:44:20","date_gmt":"2025-06-12T09:44:20","guid":{"rendered":"http:\/\/theuncommonshop.ch\/produkt\/319446\/"},"modified":"2026-03-29T13:45:44","modified_gmt":"2026-03-29T11:45:44","slug":"pokemon-vstar-premium-kollektion-ur-dialga-ur-palkia-2","status":"publish","type":"product","link":"https:\/\/theuncommonshop.ch\/fr\/product\/pokemon-vstar-premium-kollektion-ur-dialga-ur-palkia-2\/","title":{"rendered":"Pok\u00e9mon &#8211; VSTAR Premium Collection &#8211; Ur-Dialga\/Ur-Palkia"},"content":{"rendered":"<p><iframe width=\"500\" height=\"281\" src=\"https:\/\/www.youtube.com\/embed\/phK4o_G0d28\" frameborder=\"0\" allowfullscreen=\"\"><\/iframe><\/p>\n<div><strong>Pok\u00e9mon TCG : Forme Originale Dialga VSTAR \/ Forme Originale Palkia VSTAR Premium Collection<\/strong><\/div>\n<div><em>D\u00e9couvrez les formes d&#8217;origine de deux Pok\u00e9mon l\u00e9gendaires VSTAR !<\/em><\/div>\n<div> <\/div>\n<div>La forme d&#8217;origine Dialga VSTAR dispose d&#8217;un pouvoir colossal pour plier le temps \u00e0 sa volont\u00e9, tandis que la forme d&#8217;origine Palkia VSTAR flotte dans le ciel et tord la structure de l&#8217;espace ! Chaque Pok\u00e9mon l\u00e9gendaire ancien, qui appara\u00eet ici \u00e0 la fois en version jouable et en version surdimensionn\u00e9e, poss\u00e8de un pouvoir VSTAR qui peut potentiellement changer la donne. Pour compl\u00e9ter cette collection de luxe, le Pok\u00e9mon star appara\u00eet \u00e9galement sous la forme d&#8217;un Pok\u00e9mon V, d&#8217;un badge en m\u00e9tal et d&#8217;une pi\u00e8ce scintillante !  <\/div>\n<div><strong>Chaque Pok\u00e9mon TCG : Origin Forme Pok\u00e9mon VSTAR Premium Collection comprend :<\/strong><\/div>\n<ul>\n<li>1 carte de diapositives d\u00e9coup\u00e9es avec Origin Forme Dialga VSTAR ou Origin Forme Palkia VSTAR<\/li>\n<li>1 carte Etched Foil avec Origin Forme Dialga V ou Origin Forme Palkia V<\/li>\n<li>1 carte sur film plastique de grande taille avec le motif Origin Forme Dialga VSTAR ou Origin Forme Palkia VSTAR<\/li>\n<li>1 \u00e9pingle avec le motif Origin Forme Dialga ou Origin Forme Palkia<\/li>\n<li>1 pi\u00e8ce de m\u00e9tal repr\u00e9sentant Origin Forme Dialga ou Origin Forme Palkia<\/li>\n<li>6 Booster Packs Pok\u00e9mon TCG<\/li>\n<li>1 marqueur VSTAR en acrylique<\/li>\n<li>Une carte de code pour Pok\u00e9mon TCG Live<\/li>\n<\/ul>\n","protected":false},"excerpt":{"rendered":"<p>Pok\u00e9mon TCG : Forme Originale Dialga VSTAR \/ Forme Originale Palkia VSTAR Premium Collection D\u00e9couvrez les formes d&#8217;origine de deux<\/p>\n","protected":false},"featured_media":22050,"comment_status":"open","ping_status":"closed","template":"","meta":{"_acf_changed":false},"product_brand":[5114,5072],"product_cat":[9811,9777],"product_tag":[],"class_list":{"0":"post-319446","1":"product","2":"type-product","3":"status-publish","4":"has-post-thumbnail","6":"product_brand-pokemon","7":"product_brand-the-pokemon-company","8":"product_cat-coffrets-et-collections-pokemon","9":"product_cat-pokemon-fr","11":"first","12":"instock","13":"taxable","14":"shipping-taxable","15":"purchasable","16":"product-type-variable"},"acf":[],"yoast_head":"<!-- This site is optimized with the Yoast SEO plugin v27.4 - https:\/\/yoast.com\/product\/yoast-seo-wordpress\/ -->\n<title>Ach\u00e8te Pok\u00e9mon - VSTAR Premium Collection - Ur-Dialga\/Ur-Palkia<\/title>\n<meta name=\"description\" content=\"Ach\u00e8te Pok\u00e9mon - VSTAR Premium Collection - Ur-Dialga\/Ur-Palkia en ligne maintenant \u00e0 petit prix! Ton #1 shop pour cartes TCG &amp; Pok\u00e9mon en Suisse \u2713 Livraison gratuite d\u00e8s CHF 29\" \/>\n<meta name=\"robots\" content=\"index, follow, max-snippet:-1, max-image-preview:large, max-video-preview:-1\" \/>\n<link rel=\"canonical\" href=\"https:\/\/theuncommonshop.ch\/fr\/product\/pokemon-vstar-premium-kollektion-ur-dialga-ur-palkia-2\/\" \/>\n<meta property=\"og:locale\" content=\"fr_FR\" \/>\n<meta property=\"og:type\" content=\"article\" \/>\n<meta property=\"og:title\" content=\"Ach\u00e8te Pok\u00e9mon - VSTAR Premium Collection - Ur-Dialga\/Ur-Palkia\" \/>\n<meta property=\"og:description\" content=\"Ach\u00e8te Pok\u00e9mon - VSTAR Premium Collection - Ur-Dialga\/Ur-Palkia en ligne maintenant \u00e0 petit prix! Ton #1 shop pour cartes TCG &amp; Pok\u00e9mon en Suisse \u2713 Livraison gratuite d\u00e8s CHF 29\" \/>\n<meta property=\"og:url\" content=\"https:\/\/theuncommonshop.ch\/fr\/product\/pokemon-vstar-premium-kollektion-ur-dialga-ur-palkia-2\/\" \/>\n<meta property=\"og:site_name\" content=\"Largest trading card shop in Switzerland\" \/>\n<meta property=\"article:modified_time\" content=\"2026-03-29T11:45:44+00:00\" \/>\n<meta property=\"og:image\" content=\"https:\/\/theuncommonshop.ch\/wp-content\/uploads\/2025\/05\/3816335524.jpg\" \/>\n\t<meta property=\"og:image:width\" content=\"1200\" \/>\n\t<meta property=\"og:image:height\" content=\"1200\" \/>\n\t<meta property=\"og:image:type\" content=\"image\/jpeg\" \/>\n<meta name=\"twitter:card\" content=\"summary_large_image\" \/>\n<meta name=\"twitter:label1\" content=\"Disponibilit\u00e9\" \/>\n\t<meta name=\"twitter:data1\" content=\"En stock\" \/>\n<script type=\"application\/ld+json\" class=\"yoast-schema-graph\">{\"@context\":\"https:\\\/\\\/schema.org\",\"@graph\":[{\"@type\":\"WebPage\",\"@id\":\"https:\\\/\\\/theuncommonshop.ch\\\/fr\\\/product\\\/pokemon-vstar-premium-kollektion-ur-dialga-ur-palkia-2\\\/\",\"url\":\"https:\\\/\\\/theuncommonshop.ch\\\/fr\\\/product\\\/pokemon-vstar-premium-kollektion-ur-dialga-ur-palkia-2\\\/\",\"name\":\"Ach\u00e8te Pok\u00e9mon - VSTAR Premium Collection - Ur-Dialga\\\/Ur-Palkia\",\"isPartOf\":{\"@id\":\"https:\\\/\\\/theuncommonshop.ch\\\/#website\"},\"primaryImageOfPage\":{\"@id\":\"https:\\\/\\\/theuncommonshop.ch\\\/fr\\\/product\\\/pokemon-vstar-premium-kollektion-ur-dialga-ur-palkia-2\\\/#primaryimage\"},\"image\":{\"@id\":\"https:\\\/\\\/theuncommonshop.ch\\\/fr\\\/product\\\/pokemon-vstar-premium-kollektion-ur-dialga-ur-palkia-2\\\/#primaryimage\"},\"thumbnailUrl\":\"https:\\\/\\\/theuncommonshop.ch\\\/wp-content\\\/uploads\\\/2025\\\/05\\\/3816335524.jpg\",\"datePublished\":\"2025-06-12T09:44:20+00:00\",\"dateModified\":\"2026-03-29T11:45:44+00:00\",\"description\":\"Ach\u00e8te Pok\u00e9mon - VSTAR Premium Collection - Ur-Dialga\\\/Ur-Palkia en ligne maintenant \u00e0 petit prix! Ton #1 shop pour cartes TCG & Pok\u00e9mon en Suisse \u2713 Livraison gratuite d\u00e8s CHF 29\",\"breadcrumb\":{\"@id\":\"https:\\\/\\\/theuncommonshop.ch\\\/fr\\\/product\\\/pokemon-vstar-premium-kollektion-ur-dialga-ur-palkia-2\\\/#breadcrumb\"},\"inLanguage\":\"fr-FR\",\"potentialAction\":[{\"@type\":\"ReadAction\",\"target\":[\"https:\\\/\\\/theuncommonshop.ch\\\/fr\\\/product\\\/pokemon-vstar-premium-kollektion-ur-dialga-ur-palkia-2\\\/\"]}]},{\"@type\":\"ImageObject\",\"inLanguage\":\"fr-FR\",\"@id\":\"https:\\\/\\\/theuncommonshop.ch\\\/fr\\\/product\\\/pokemon-vstar-premium-kollektion-ur-dialga-ur-palkia-2\\\/#primaryimage\",\"url\":\"https:\\\/\\\/theuncommonshop.ch\\\/wp-content\\\/uploads\\\/2025\\\/05\\\/3816335524.jpg\",\"contentUrl\":\"https:\\\/\\\/theuncommonshop.ch\\\/wp-content\\\/uploads\\\/2025\\\/05\\\/3816335524.jpg\",\"width\":1200,\"height\":1200},{\"@type\":\"BreadcrumbList\",\"@id\":\"https:\\\/\\\/theuncommonshop.ch\\\/fr\\\/product\\\/pokemon-vstar-premium-kollektion-ur-dialga-ur-palkia-2\\\/#breadcrumb\",\"itemListElement\":[{\"@type\":\"ListItem\",\"position\":1,\"name\":\"Accueil\",\"item\":\"https:\\\/\\\/theuncommonshop.ch\\\/fr\\\/accueil\\\/\"},{\"@type\":\"ListItem\",\"position\":2,\"name\":\"Boutique\",\"item\":\"https:\\\/\\\/theuncommonshop.ch\\\/fr\\\/boutique\\\/\"},{\"@type\":\"ListItem\",\"position\":3,\"name\":\"Pok\u00e9mon\",\"item\":\"https:\\\/\\\/theuncommonshop.ch\\\/produktkategorie\\\/pokemon\\\/\"},{\"@type\":\"ListItem\",\"position\":4,\"name\":\"Boxen &amp; Kollektionen\",\"item\":\"https:\\\/\\\/theuncommonshop.ch\\\/produktkategorie\\\/pokemon\\\/boxen-kollektionen-pokemon\\\/\"},{\"@type\":\"ListItem\",\"position\":5,\"name\":\"Pok\u00e9mon &#8211; VSTAR Premium Collection &#8211; Ur-Dialga\\\/Ur-Palkia\"}]},{\"@type\":\"WebSite\",\"@id\":\"https:\\\/\\\/theuncommonshop.ch\\\/#website\",\"url\":\"https:\\\/\\\/theuncommonshop.ch\\\/\",\"name\":\"Largest trading card shop in Switzerland\",\"description\":\"Magic, Pok\u00e9mon and Yu-gi-oh - The Uncommon Shop\",\"potentialAction\":[{\"@type\":\"SearchAction\",\"target\":{\"@type\":\"EntryPoint\",\"urlTemplate\":\"https:\\\/\\\/theuncommonshop.ch\\\/?s={search_term_string}\"},\"query-input\":{\"@type\":\"PropertyValueSpecification\",\"valueRequired\":true,\"valueName\":\"search_term_string\"}}],\"inLanguage\":\"fr-FR\"}]}<\/script>\n<meta property=\"og:availability\" content=\"instock\" \/>\n<meta property=\"product:availability\" content=\"instock\" \/>\n<meta property=\"product:retailer_item_id\" content=\"PO.XXXI.E.DialPalkVstOPre.DE\" \/>\n<meta property=\"product:condition\" content=\"new\" \/>\n<!-- \/ Yoast SEO plugin. -->","yoast_head_json":{"title":"Ach\u00e8te Pok\u00e9mon - VSTAR Premium Collection - Ur-Dialga\/Ur-Palkia","description":"Ach\u00e8te Pok\u00e9mon - VSTAR Premium Collection - Ur-Dialga\/Ur-Palkia en ligne maintenant \u00e0 petit prix! Ton #1 shop pour cartes TCG & Pok\u00e9mon en Suisse \u2713 Livraison gratuite d\u00e8s CHF 29","robots":{"index":"index","follow":"follow","max-snippet":"max-snippet:-1","max-image-preview":"max-image-preview:large","max-video-preview":"max-video-preview:-1"},"canonical":"https:\/\/theuncommonshop.ch\/fr\/product\/pokemon-vstar-premium-kollektion-ur-dialga-ur-palkia-2\/","og_locale":"fr_FR","og_type":"article","og_title":"Ach\u00e8te Pok\u00e9mon - VSTAR Premium Collection - Ur-Dialga\/Ur-Palkia","og_description":"Ach\u00e8te Pok\u00e9mon - VSTAR Premium Collection - Ur-Dialga\/Ur-Palkia en ligne maintenant \u00e0 petit prix! Ton #1 shop pour cartes TCG & Pok\u00e9mon en Suisse \u2713 Livraison gratuite d\u00e8s CHF 29","og_url":"https:\/\/theuncommonshop.ch\/fr\/product\/pokemon-vstar-premium-kollektion-ur-dialga-ur-palkia-2\/","og_site_name":"Largest trading card shop in Switzerland","article_modified_time":"2026-03-29T11:45:44+00:00","og_image":[{"width":1200,"height":1200,"url":"https:\/\/theuncommonshop.ch\/wp-content\/uploads\/2025\/05\/3816335524.jpg","type":"image\/jpeg"}],"twitter_card":"summary_large_image","twitter_misc":{"Disponibilit\u00e9":"En stock"},"schema":{"@context":"https:\/\/schema.org","@graph":[{"@type":"WebPage","@id":"https:\/\/theuncommonshop.ch\/fr\/product\/pokemon-vstar-premium-kollektion-ur-dialga-ur-palkia-2\/","url":"https:\/\/theuncommonshop.ch\/fr\/product\/pokemon-vstar-premium-kollektion-ur-dialga-ur-palkia-2\/","name":"Ach\u00e8te Pok\u00e9mon - VSTAR Premium Collection - Ur-Dialga\/Ur-Palkia","isPartOf":{"@id":"https:\/\/theuncommonshop.ch\/#website"},"primaryImageOfPage":{"@id":"https:\/\/theuncommonshop.ch\/fr\/product\/pokemon-vstar-premium-kollektion-ur-dialga-ur-palkia-2\/#primaryimage"},"image":{"@id":"https:\/\/theuncommonshop.ch\/fr\/product\/pokemon-vstar-premium-kollektion-ur-dialga-ur-palkia-2\/#primaryimage"},"thumbnailUrl":"https:\/\/theuncommonshop.ch\/wp-content\/uploads\/2025\/05\/3816335524.jpg","datePublished":"2025-06-12T09:44:20+00:00","dateModified":"2026-03-29T11:45:44+00:00","description":"Ach\u00e8te Pok\u00e9mon - VSTAR Premium Collection - Ur-Dialga\/Ur-Palkia en ligne maintenant \u00e0 petit prix! Ton #1 shop pour cartes TCG & Pok\u00e9mon en Suisse \u2713 Livraison gratuite d\u00e8s CHF 29","breadcrumb":{"@id":"https:\/\/theuncommonshop.ch\/fr\/product\/pokemon-vstar-premium-kollektion-ur-dialga-ur-palkia-2\/#breadcrumb"},"inLanguage":"fr-FR","potentialAction":[{"@type":"ReadAction","target":["https:\/\/theuncommonshop.ch\/fr\/product\/pokemon-vstar-premium-kollektion-ur-dialga-ur-palkia-2\/"]}]},{"@type":"ImageObject","inLanguage":"fr-FR","@id":"https:\/\/theuncommonshop.ch\/fr\/product\/pokemon-vstar-premium-kollektion-ur-dialga-ur-palkia-2\/#primaryimage","url":"https:\/\/theuncommonshop.ch\/wp-content\/uploads\/2025\/05\/3816335524.jpg","contentUrl":"https:\/\/theuncommonshop.ch\/wp-content\/uploads\/2025\/05\/3816335524.jpg","width":1200,"height":1200},{"@type":"BreadcrumbList","@id":"https:\/\/theuncommonshop.ch\/fr\/product\/pokemon-vstar-premium-kollektion-ur-dialga-ur-palkia-2\/#breadcrumb","itemListElement":[{"@type":"ListItem","position":1,"name":"Accueil","item":"https:\/\/theuncommonshop.ch\/fr\/accueil\/"},{"@type":"ListItem","position":2,"name":"Boutique","item":"https:\/\/theuncommonshop.ch\/fr\/boutique\/"},{"@type":"ListItem","position":3,"name":"Pok\u00e9mon","item":"https:\/\/theuncommonshop.ch\/produktkategorie\/pokemon\/"},{"@type":"ListItem","position":4,"name":"Boxen &amp; Kollektionen","item":"https:\/\/theuncommonshop.ch\/produktkategorie\/pokemon\/boxen-kollektionen-pokemon\/"},{"@type":"ListItem","position":5,"name":"Pok\u00e9mon &#8211; VSTAR Premium Collection &#8211; Ur-Dialga\/Ur-Palkia"}]},{"@type":"WebSite","@id":"https:\/\/theuncommonshop.ch\/#website","url":"https:\/\/theuncommonshop.ch\/","name":"Largest trading card shop in Switzerland","description":"Magic, Pok\u00e9mon and Yu-gi-oh - The Uncommon Shop","potentialAction":[{"@type":"SearchAction","target":{"@type":"EntryPoint","urlTemplate":"https:\/\/theuncommonshop.ch\/?s={search_term_string}"},"query-input":{"@type":"PropertyValueSpecification","valueRequired":true,"valueName":"search_term_string"}}],"inLanguage":"fr-FR"}]},"og_availability":"instock","product_availability":"instock","product_retailer_item_id":"PO.XXXI.E.DialPalkVstOPre.DE","product_condition":"new"},"_links":{"self":[{"href":"https:\/\/theuncommonshop.ch\/fr\/wp-json\/wp\/v2\/product\/319446","targetHints":{"allow":["GET"]}}],"collection":[{"href":"https:\/\/theuncommonshop.ch\/fr\/wp-json\/wp\/v2\/product"}],"about":[{"href":"https:\/\/theuncommonshop.ch\/fr\/wp-json\/wp\/v2\/types\/product"}],"replies":[{"embeddable":true,"href":"https:\/\/theuncommonshop.ch\/fr\/wp-json\/wp\/v2\/comments?post=319446"}],"version-history":[{"count":2,"href":"https:\/\/theuncommonshop.ch\/fr\/wp-json\/wp\/v2\/product\/319446\/revisions"}],"predecessor-version":[{"id":358048,"href":"https:\/\/theuncommonshop.ch\/fr\/wp-json\/wp\/v2\/product\/319446\/revisions\/358048"}],"wp:featuredmedia":[{"embeddable":true,"href":"https:\/\/theuncommonshop.ch\/fr\/wp-json\/wp\/v2\/media\/22050"}],"wp:attachment":[{"href":"https:\/\/theuncommonshop.ch\/fr\/wp-json\/wp\/v2\/media?parent=319446"}],"wp:term":[{"taxonomy":"product_brand","embeddable":true,"href":"https:\/\/theuncommonshop.ch\/fr\/wp-json\/wp\/v2\/product_brand?post=319446"},{"taxonomy":"product_cat","embeddable":true,"href":"https:\/\/theuncommonshop.ch\/fr\/wp-json\/wp\/v2\/product_cat?post=319446"},{"taxonomy":"product_tag","embeddable":true,"href":"https:\/\/theuncommonshop.ch\/fr\/wp-json\/wp\/v2\/product_tag?post=319446"}],"curies":[{"name":"wp","href":"https:\/\/api.w.org\/{rel}","templated":true}]}}