{"id":319138,"date":"2025-06-12T14:19:51","date_gmt":"2025-06-12T14:19:51","guid":{"rendered":"http:\/\/theuncommonshop.ch\/produkt\/319138\/"},"modified":"2026-03-28T21:49:25","modified_gmt":"2026-03-28T20:49:25","slug":"warhammer-40-000-codex-chaos-space-marines-de-2","status":"publish","type":"product","link":"https:\/\/theuncommonshop.ch\/fr\/product\/warhammer-40-000-codex-chaos-space-marines-de-2\/","title":{"rendered":"Warhammer 40.000 &#8211; Codex : Chaos Space Marines &#8211; FR"},"content":{"rendered":"<ul>\n<li>Une bande infernale pour utiliser les Astartes H\u00e9r\u00e9tiques dans Warhammer 40.000<\/li>\n<li>160 pages d&#8217;images macabres, de r\u00e8gles, de documents de fond saisissants et de photos \u00e9piques pour vous inspirer.<\/li>\n<li>Contient des r\u00e8gles de patrouille de combat et de croisade, 48 fiches techniques, huit contingents et plus encore.<\/li>\n<\/ul>\n<p><\/p>\n<p>Les Chaos Space Marines sont des transhumains g\u00e9n\u00e9tiquement am\u00e9lior\u00e9s qui n&#8217;aspirent qu&#8217;\u00e0 conqu\u00e9rir, tuer et corrompre. V\u00eatus d&#8217;armures de servants baroques et bard\u00e9s de troph\u00e9es macabres et d&#8217;une iconographie infernale, les Chaos Space Marines combattent aux c\u00f4t\u00e9s de chars de combat grondants, de machines d\u00e9moniaques monstrueuses et de hordes grouillantes de serviteurs cultistes. Certains sont poss\u00e9d\u00e9s par des alli\u00e9s d\u00e9moniaques, d&#8217;autres portent des artefacts souill\u00e9s par le Chaos ou ont recours \u00e0 la sorcellerie. Quelle que soit leur apparence, ils m\u00e8nent leur Longue Guerre avec une brutalit\u00e9 impitoyable, assassinant tous ceux qui se trouvent sur le chemin de leur guerre de vengeance, de conqu\u00eate et de violence apocalyptique qui ne cesse de s&#8217;intensifier.   <\/p>\n<p>Le <i>Codex : Chaos Space Marines<\/i> est un ouvrage essentiel pour construire, peindre et utiliser une collection d&#8217;Astartes H\u00e9r\u00e9tiques dans vos parties de Warhammer 40.000. Dans ce livre, vous trouverez un tr\u00e9sor infernal de documents et d&#8217;images inspirants, ainsi que les r\u00e8gles pour mener votre propre guerre galactique avec des campagnes de croisade narratives ou des parties de patrouille de combat \u00e0 l&#8217;\u00e9chelle de l&#8217;escarmouche, et de nombreuses r\u00e8gles pour un jeu \u00e9quilibr\u00e9. Ce grimoire est \u00e9galement rempli de photos qui donnent vie \u00e0 l&#8217;horreur d&#8217;affronter cet ennemi terrifiant, ainsi que d&#8217;exemples plus d\u00e9taill\u00e9s de miniatures individuelles.  <\/p>\n<p><strong>Dans ce livre cartonn\u00e9 de 160 pages, vous trouverez :<\/strong><\/p>\n<p>&#8211; Des informations de base sur les nombreuses arm\u00e9es des Chaos Space Marines, y compris certains des chefs de guerre les plus notoires de la Black Legion.<\/p>\n<p>&#8211; Des images macabres qui r\u00e9v\u00e8lent la v\u00e9ritable horreur de ces soldats infernaux en guerre, y compris leurs alli\u00e9s d\u00e9moniaques et des cultistes fous.<\/p>\n<p>&#8211; 48 fiches techniques d\u00e9taillant chaque unit\u00e9, y compris son \u00e9quipement, son profil et ses capacit\u00e9s uniques, des brutes cauchemardesques du Chaos aux princes d\u00e9mons immortels.<\/p>\n<p>&#8211; Pas moins de huit contingents th\u00e9matiques, chacun avec ses propres r\u00e8gles de contingent, am\u00e9liorations et options de combat.<\/p>\n<p>&#8211; Des r\u00e8gles de croisade pour guider vos troupes de guerriers dans des campagnes sauvages o\u00f9 ils recherchent les faveurs des dieux des t\u00e9n\u00e8bres.<\/p>\n<p>&#8211; R\u00e8gles de patrouille de combat pour utiliser l&#8217;Alliance d\u00e9moniaque de Zarkan dans des escarmouches rapides<\/p>\n<p>&#8211; Une galerie &#8216;Eavy Metal&#8217; de miniatures Citadel \u00e0 couper le souffle, issues de la gamme peu recommandable des Chaos Space Marines.<\/p>\n<p>Ce livre contient \u00e9galement un code \u00e0 usage unique pour d\u00e9bloquer le contenu du <i>Codex : Chaos Space Marines<\/i> dans Warhammer 40,000 : The App.<\/p>\n","protected":false},"excerpt":{"rendered":"<p>Une bande infernale pour utiliser les Astartes H\u00e9r\u00e9tiques dans Warhammer 40.000 160 pages d&#8217;images macabres, de r\u00e8gles, de documents de<\/p>\n","protected":false},"featured_media":28719,"comment_status":"open","ping_status":"closed","template":"","meta":{"_acf_changed":false},"product_brand":[5078,5154],"product_cat":[9925,9927],"product_tag":[],"class_list":{"0":"post-319138","1":"product","2":"type-product","3":"status-publish","4":"has-post-thumbnail","6":"product_brand-games-workshop","7":"product_brand-warhammer","8":"product_cat-tabletop-fr","9":"product_cat-warhammer-40k-fr","11":"first","12":"instock","13":"taxable","14":"shipping-taxable","15":"purchasable","16":"product-type-simple"},"acf":[],"yoast_head":"<!-- This site is optimized with the Yoast SEO plugin v27.5 - https:\/\/yoast.com\/product\/yoast-seo-wordpress\/ -->\n<title>Ach\u00e8te Warhammer 40.000 - Codex : Chaos Space Marines - FR<\/title>\n<meta name=\"description\" content=\"Ach\u00e8te Warhammer 40.000 - Codex : Chaos Space Marines - FR en ligne maintenant \u00e0 petit prix! Ton #1 shop pour cartes TCG &amp; Pok\u00e9mon en Suisse \u2713 Livraison gratuite d\u00e8s CHF 29\" \/>\n<meta name=\"robots\" content=\"index, follow, max-snippet:-1, max-image-preview:large, max-video-preview:-1\" \/>\n<link rel=\"canonical\" href=\"https:\/\/theuncommonshop.ch\/fr\/product\/warhammer-40-000-codex-chaos-space-marines-de-2\/\" \/>\n<meta property=\"og:locale\" content=\"fr_FR\" \/>\n<meta property=\"og:type\" content=\"article\" \/>\n<meta property=\"og:title\" content=\"Ach\u00e8te Warhammer 40.000 - Codex : Chaos Space Marines - FR\" \/>\n<meta property=\"og:description\" content=\"Ach\u00e8te Warhammer 40.000 - Codex : Chaos Space Marines - FR en ligne maintenant \u00e0 petit prix! Ton #1 shop pour cartes TCG &amp; Pok\u00e9mon en Suisse \u2713 Livraison gratuite d\u00e8s CHF 29\" \/>\n<meta property=\"og:url\" content=\"https:\/\/theuncommonshop.ch\/fr\/product\/warhammer-40-000-codex-chaos-space-marines-de-2\/\" \/>\n<meta property=\"og:site_name\" content=\"The Uncommon Shop\" \/>\n<meta property=\"article:modified_time\" content=\"2026-03-28T20:49:25+00:00\" \/>\n<meta property=\"og:image\" content=\"https:\/\/theuncommonshop.ch\/wp-content\/uploads\/2025\/05\/4346254137.jpg\" \/>\n\t<meta property=\"og:image:width\" content=\"918\" \/>\n\t<meta property=\"og:image:height\" content=\"948\" \/>\n\t<meta property=\"og:image:type\" content=\"image\/jpeg\" \/>\n<meta name=\"twitter:card\" content=\"summary_large_image\" \/>\n<meta name=\"twitter:label1\" content=\"Prix\" \/>\n\t<meta name=\"twitter:data1\" content=\"&#067;&#072;&#070;&nbsp;42.95\" \/>\n\t<meta name=\"twitter:label2\" content=\"Disponibilit\u00e9\" \/>\n\t<meta name=\"twitter:data2\" content=\"En stock\" \/>\n<script type=\"application\/ld+json\" class=\"yoast-schema-graph\">{\"@context\":\"https:\\\/\\\/schema.org\",\"@graph\":[{\"@type\":\"WebPage\",\"@id\":\"https:\\\/\\\/theuncommonshop.ch\\\/fr\\\/product\\\/warhammer-40-000-codex-chaos-space-marines-de-2\\\/\",\"url\":\"https:\\\/\\\/theuncommonshop.ch\\\/fr\\\/product\\\/warhammer-40-000-codex-chaos-space-marines-de-2\\\/\",\"name\":\"Ach\u00e8te Warhammer 40.000 - Codex : Chaos Space Marines - FR\",\"isPartOf\":{\"@id\":\"https:\\\/\\\/theuncommonshop.ch\\\/fr\\\/#website\"},\"primaryImageOfPage\":{\"@id\":\"https:\\\/\\\/theuncommonshop.ch\\\/fr\\\/product\\\/warhammer-40-000-codex-chaos-space-marines-de-2\\\/#primaryimage\"},\"image\":{\"@id\":\"https:\\\/\\\/theuncommonshop.ch\\\/fr\\\/product\\\/warhammer-40-000-codex-chaos-space-marines-de-2\\\/#primaryimage\"},\"thumbnailUrl\":\"https:\\\/\\\/theuncommonshop.ch\\\/wp-content\\\/uploads\\\/2025\\\/05\\\/4346254137.jpg\",\"datePublished\":\"2025-06-12T14:19:51+00:00\",\"dateModified\":\"2026-03-28T20:49:25+00:00\",\"description\":\"Ach\u00e8te Warhammer 40.000 - Codex : Chaos Space Marines - FR en ligne maintenant \u00e0 petit prix! Ton #1 shop pour cartes TCG & Pok\u00e9mon en Suisse \u2713 Livraison gratuite d\u00e8s CHF 29\",\"breadcrumb\":{\"@id\":\"https:\\\/\\\/theuncommonshop.ch\\\/fr\\\/product\\\/warhammer-40-000-codex-chaos-space-marines-de-2\\\/#breadcrumb\"},\"inLanguage\":\"fr-FR\",\"potentialAction\":[{\"@type\":\"ReadAction\",\"target\":[\"https:\\\/\\\/theuncommonshop.ch\\\/fr\\\/product\\\/warhammer-40-000-codex-chaos-space-marines-de-2\\\/\"]}]},{\"@type\":\"ImageObject\",\"inLanguage\":\"fr-FR\",\"@id\":\"https:\\\/\\\/theuncommonshop.ch\\\/fr\\\/product\\\/warhammer-40-000-codex-chaos-space-marines-de-2\\\/#primaryimage\",\"url\":\"https:\\\/\\\/theuncommonshop.ch\\\/wp-content\\\/uploads\\\/2025\\\/05\\\/4346254137.jpg\",\"contentUrl\":\"https:\\\/\\\/theuncommonshop.ch\\\/wp-content\\\/uploads\\\/2025\\\/05\\\/4346254137.jpg\",\"width\":918,\"height\":948,\"caption\":\"[MISSING_ORIG: 4346254137] [ECWID_RESTORED: 2026-03-29 12:24:35]\"},{\"@type\":\"BreadcrumbList\",\"@id\":\"https:\\\/\\\/theuncommonshop.ch\\\/fr\\\/product\\\/warhammer-40-000-codex-chaos-space-marines-de-2\\\/#breadcrumb\",\"itemListElement\":[{\"@type\":\"ListItem\",\"position\":1,\"name\":\"Accueil\",\"item\":\"https:\\\/\\\/theuncommonshop.ch\\\/fr\\\/accueil\\\/\"},{\"@type\":\"ListItem\",\"position\":2,\"name\":\"Boutique\",\"item\":\"https:\\\/\\\/theuncommonshop.ch\\\/fr\\\/boutique\\\/\"},{\"@type\":\"ListItem\",\"position\":3,\"name\":\"Tabletop\",\"item\":\"https:\\\/\\\/theuncommonshop.ch\\\/fr\\\/categorie-produit\\\/tabletop-fr\\\/\"},{\"@type\":\"ListItem\",\"position\":4,\"name\":\"Warhammer 40k\",\"item\":\"https:\\\/\\\/theuncommonshop.ch\\\/fr\\\/categorie-produit\\\/tabletop-fr\\\/warhammer-40k-fr\\\/\"},{\"@type\":\"ListItem\",\"position\":5,\"name\":\"Warhammer 40.000 &#8211; Codex : Chaos Space Marines &#8211; FR\"}]},{\"@type\":\"WebSite\",\"@id\":\"https:\\\/\\\/theuncommonshop.ch\\\/fr\\\/#website\",\"url\":\"https:\\\/\\\/theuncommonshop.ch\\\/fr\\\/\",\"name\":\"The Uncommon Shop\",\"description\":\"Magic, Pok\u00e9mon and Yu-gi-oh - The Uncommon Shop\",\"potentialAction\":[{\"@type\":\"SearchAction\",\"target\":{\"@type\":\"EntryPoint\",\"urlTemplate\":\"https:\\\/\\\/theuncommonshop.ch\\\/fr\\\/?s={search_term_string}\"},\"query-input\":{\"@type\":\"PropertyValueSpecification\",\"valueRequired\":true,\"valueName\":\"search_term_string\"}}],\"inLanguage\":\"fr-FR\"}]}<\/script>\n<meta property=\"product:price:amount\" content=\"42.95\" \/>\n<meta property=\"product:price:currency\" content=\"CHF\" \/>\n<meta property=\"og:availability\" content=\"instock\" \/>\n<meta property=\"product:availability\" content=\"instock\" \/>\n<meta property=\"product:retailer_item_id\" content=\"WH40KCodChaSpaMar\" \/>\n<meta property=\"product:condition\" content=\"new\" \/>\n<!-- \/ Yoast SEO plugin. -->","yoast_head_json":{"title":"Ach\u00e8te Warhammer 40.000 - Codex : Chaos Space Marines - FR","description":"Ach\u00e8te Warhammer 40.000 - Codex : Chaos Space Marines - FR en ligne maintenant \u00e0 petit prix! Ton #1 shop pour cartes TCG & Pok\u00e9mon en Suisse \u2713 Livraison gratuite d\u00e8s CHF 29","robots":{"index":"index","follow":"follow","max-snippet":"max-snippet:-1","max-image-preview":"max-image-preview:large","max-video-preview":"max-video-preview:-1"},"canonical":"https:\/\/theuncommonshop.ch\/fr\/product\/warhammer-40-000-codex-chaos-space-marines-de-2\/","og_locale":"fr_FR","og_type":"article","og_title":"Ach\u00e8te Warhammer 40.000 - Codex : Chaos Space Marines - FR","og_description":"Ach\u00e8te Warhammer 40.000 - Codex : Chaos Space Marines - FR en ligne maintenant \u00e0 petit prix! Ton #1 shop pour cartes TCG & Pok\u00e9mon en Suisse \u2713 Livraison gratuite d\u00e8s CHF 29","og_url":"https:\/\/theuncommonshop.ch\/fr\/product\/warhammer-40-000-codex-chaos-space-marines-de-2\/","og_site_name":"The Uncommon Shop","article_modified_time":"2026-03-28T20:49:25+00:00","og_image":[{"width":918,"height":948,"url":"https:\/\/theuncommonshop.ch\/wp-content\/uploads\/2025\/05\/4346254137.jpg","type":"image\/jpeg"}],"twitter_card":"summary_large_image","twitter_misc":{"Prix":"&#67;&#72;&#70;&nbsp;42.95","Disponibilit\u00e9":"En stock"},"schema":{"@context":"https:\/\/schema.org","@graph":[{"@type":"WebPage","@id":"https:\/\/theuncommonshop.ch\/fr\/product\/warhammer-40-000-codex-chaos-space-marines-de-2\/","url":"https:\/\/theuncommonshop.ch\/fr\/product\/warhammer-40-000-codex-chaos-space-marines-de-2\/","name":"Ach\u00e8te Warhammer 40.000 - Codex : Chaos Space Marines - FR","isPartOf":{"@id":"https:\/\/theuncommonshop.ch\/fr\/#website"},"primaryImageOfPage":{"@id":"https:\/\/theuncommonshop.ch\/fr\/product\/warhammer-40-000-codex-chaos-space-marines-de-2\/#primaryimage"},"image":{"@id":"https:\/\/theuncommonshop.ch\/fr\/product\/warhammer-40-000-codex-chaos-space-marines-de-2\/#primaryimage"},"thumbnailUrl":"https:\/\/theuncommonshop.ch\/wp-content\/uploads\/2025\/05\/4346254137.jpg","datePublished":"2025-06-12T14:19:51+00:00","dateModified":"2026-03-28T20:49:25+00:00","description":"Ach\u00e8te Warhammer 40.000 - Codex : Chaos Space Marines - FR en ligne maintenant \u00e0 petit prix! Ton #1 shop pour cartes TCG & Pok\u00e9mon en Suisse \u2713 Livraison gratuite d\u00e8s CHF 29","breadcrumb":{"@id":"https:\/\/theuncommonshop.ch\/fr\/product\/warhammer-40-000-codex-chaos-space-marines-de-2\/#breadcrumb"},"inLanguage":"fr-FR","potentialAction":[{"@type":"ReadAction","target":["https:\/\/theuncommonshop.ch\/fr\/product\/warhammer-40-000-codex-chaos-space-marines-de-2\/"]}]},{"@type":"ImageObject","inLanguage":"fr-FR","@id":"https:\/\/theuncommonshop.ch\/fr\/product\/warhammer-40-000-codex-chaos-space-marines-de-2\/#primaryimage","url":"https:\/\/theuncommonshop.ch\/wp-content\/uploads\/2025\/05\/4346254137.jpg","contentUrl":"https:\/\/theuncommonshop.ch\/wp-content\/uploads\/2025\/05\/4346254137.jpg","width":918,"height":948,"caption":"[MISSING_ORIG: 4346254137] [ECWID_RESTORED: 2026-03-29 12:24:35]"},{"@type":"BreadcrumbList","@id":"https:\/\/theuncommonshop.ch\/fr\/product\/warhammer-40-000-codex-chaos-space-marines-de-2\/#breadcrumb","itemListElement":[{"@type":"ListItem","position":1,"name":"Accueil","item":"https:\/\/theuncommonshop.ch\/fr\/accueil\/"},{"@type":"ListItem","position":2,"name":"Boutique","item":"https:\/\/theuncommonshop.ch\/fr\/boutique\/"},{"@type":"ListItem","position":3,"name":"Tabletop","item":"https:\/\/theuncommonshop.ch\/fr\/categorie-produit\/tabletop-fr\/"},{"@type":"ListItem","position":4,"name":"Warhammer 40k","item":"https:\/\/theuncommonshop.ch\/fr\/categorie-produit\/tabletop-fr\/warhammer-40k-fr\/"},{"@type":"ListItem","position":5,"name":"Warhammer 40.000 &#8211; Codex : Chaos Space Marines &#8211; FR"}]},{"@type":"WebSite","@id":"https:\/\/theuncommonshop.ch\/fr\/#website","url":"https:\/\/theuncommonshop.ch\/fr\/","name":"The Uncommon Shop","description":"Magic, Pok\u00e9mon and Yu-gi-oh - The Uncommon Shop","potentialAction":[{"@type":"SearchAction","target":{"@type":"EntryPoint","urlTemplate":"https:\/\/theuncommonshop.ch\/fr\/?s={search_term_string}"},"query-input":{"@type":"PropertyValueSpecification","valueRequired":true,"valueName":"search_term_string"}}],"inLanguage":"fr-FR"}]},"product_price_amount":"42.95","product_price_currency":"CHF","og_availability":"instock","product_availability":"instock","product_retailer_item_id":"WH40KCodChaSpaMar","product_condition":"new"},"_links":{"self":[{"href":"https:\/\/theuncommonshop.ch\/fr\/wp-json\/wp\/v2\/product\/319138","targetHints":{"allow":["GET"]}}],"collection":[{"href":"https:\/\/theuncommonshop.ch\/fr\/wp-json\/wp\/v2\/product"}],"about":[{"href":"https:\/\/theuncommonshop.ch\/fr\/wp-json\/wp\/v2\/types\/product"}],"replies":[{"embeddable":true,"href":"https:\/\/theuncommonshop.ch\/fr\/wp-json\/wp\/v2\/comments?post=319138"}],"version-history":[{"count":0,"href":"https:\/\/theuncommonshop.ch\/fr\/wp-json\/wp\/v2\/product\/319138\/revisions"}],"wp:featuredmedia":[{"embeddable":true,"href":"https:\/\/theuncommonshop.ch\/fr\/wp-json\/wp\/v2\/media\/28719"}],"wp:attachment":[{"href":"https:\/\/theuncommonshop.ch\/fr\/wp-json\/wp\/v2\/media?parent=319138"}],"wp:term":[{"taxonomy":"product_brand","embeddable":true,"href":"https:\/\/theuncommonshop.ch\/fr\/wp-json\/wp\/v2\/product_brand?post=319138"},{"taxonomy":"product_cat","embeddable":true,"href":"https:\/\/theuncommonshop.ch\/fr\/wp-json\/wp\/v2\/product_cat?post=319138"},{"taxonomy":"product_tag","embeddable":true,"href":"https:\/\/theuncommonshop.ch\/fr\/wp-json\/wp\/v2\/product_tag?post=319138"}],"curies":[{"name":"wp","href":"https:\/\/api.w.org\/{rel}","templated":true}]}}