{"id":318990,"date":"2025-06-12T13:59:49","date_gmt":"2025-06-12T13:59:49","guid":{"rendered":"http:\/\/theuncommonshop.ch\/produkt\/318990\/"},"modified":"2026-03-30T12:48:18","modified_gmt":"2026-03-30T10:48:18","slug":"pokemon-schwert-und-schild-v-battle-deck-gardevoir-v-2","status":"publish","type":"product","link":"https:\/\/theuncommonshop.ch\/fr\/product\/pokemon-schwert-und-schild-v-battle-deck-gardevoir-v-2\/","title":{"rendered":"Pok\u00e9mon &#8211; Ep\u00e9e et Bouclier &#8211; Battle Deck V &#8211; Gardevoir V"},"content":{"rendered":"<div>Commandez un nouveau deck de combat &#8211; avec Victini V ou Gardevoir V !<\/div>\n<div>Pr\u00e9parez-vous \u00e0 d\u00e9clencher un puissant incendie avec Victini V ou \u00e0 d\u00e9cha\u00eener les forces de l&#8217;esprit avec Gardevoir V &#8211; ils sont pr\u00eats \u00e0 se pr\u00e9cipiter sur le champ de bataille dans deux nouveaux Battle Decks Pokemon TCG : V ! Chacun des 60 decks de cartes est dirig\u00e9 par un valeureux Pok\u00e9mon V et contient tout ce dont vous avez besoin pour jouer imm\u00e9diatement. Que la bataille commence !  <\/div>\n<div>Chaque Battle Deck Pokemon V comprend :<\/div>\n<div>&#8211; 1 deck de 60 cartes pr\u00eat \u00e0 jouer<\/div>\n<div>&#8211; 3 cartes de r\u00e9f\u00e9rence<\/div>\n<div>&#8211; 1 livret de r\u00e8gles<\/div>\n<div>&#8211; Tapis de jeu pour joueur unique<\/div>\n<div>&#8211; Compteur de dommages<\/div>\n<div>&#8211; 1 grande pi\u00e8ce de monnaie m\u00e9tallique<\/div>\n<div>&#8211; 1 bo\u00eete de pont<\/div>\n<div>&#8211; 1 guide rapide pour d\u00e9bloquer les strat\u00e9gies qu&#8217;il contient<\/div>\n<div>&#8211; 1 carte de code pour jouer ce deck en ligne<\/div>\n","protected":false},"excerpt":{"rendered":"<p>Commandez un nouveau deck de combat &#8211; avec Victini V ou Gardevoir V ! Pr\u00e9parez-vous \u00e0 d\u00e9clencher un puissant incendie<\/p>\n","protected":false},"featured_media":27866,"comment_status":"open","ping_status":"closed","template":"","meta":{"_acf_changed":false},"product_brand":[5114,5072],"product_cat":[9817],"product_tag":[],"class_list":{"0":"post-318990","1":"product","2":"type-product","3":"status-publish","4":"has-post-thumbnail","6":"product_brand-pokemon","7":"product_brand-the-pokemon-company","8":"product_cat-decks-fr","10":"first","11":"instock","12":"sale","13":"taxable","14":"shipping-taxable","15":"purchasable","16":"product-type-variable"},"acf":[],"yoast_head":"<!-- This site is optimized with the Yoast SEO plugin v27.4 - https:\/\/yoast.com\/product\/yoast-seo-wordpress\/ -->\n<title>Ach\u00e8te Pok\u00e9mon - Ep\u00e9e et Bouclier - Battle Deck V - Gardevoir V<\/title>\n<meta name=\"description\" content=\"Ach\u00e8te Pok\u00e9mon - Ep\u00e9e et Bouclier - Battle Deck V - Gardevoir V en ligne maintenant \u00e0 petit prix! Ton #1 shop pour cartes TCG &amp; Pok\u00e9mon en Suisse \u2713 Livraison gratuite d\u00e8s CHF 29\" \/>\n<meta name=\"robots\" content=\"index, follow, max-snippet:-1, max-image-preview:large, max-video-preview:-1\" \/>\n<link rel=\"canonical\" href=\"https:\/\/theuncommonshop.ch\/fr\/product\/pokemon-schwert-und-schild-v-battle-deck-gardevoir-v-2\/\" \/>\n<meta property=\"og:locale\" content=\"fr_FR\" \/>\n<meta property=\"og:type\" content=\"article\" \/>\n<meta property=\"og:title\" content=\"Ach\u00e8te Pok\u00e9mon - Ep\u00e9e et Bouclier - Battle Deck V - Gardevoir V\" \/>\n<meta property=\"og:description\" content=\"Ach\u00e8te Pok\u00e9mon - Ep\u00e9e et Bouclier - Battle Deck V - Gardevoir V en ligne maintenant \u00e0 petit prix! Ton #1 shop pour cartes TCG &amp; Pok\u00e9mon en Suisse \u2713 Livraison gratuite d\u00e8s CHF 29\" \/>\n<meta property=\"og:url\" content=\"https:\/\/theuncommonshop.ch\/fr\/product\/pokemon-schwert-und-schild-v-battle-deck-gardevoir-v-2\/\" \/>\n<meta property=\"og:site_name\" content=\"Largest trading card shop in Switzerland\" \/>\n<meta property=\"article:modified_time\" content=\"2026-03-30T10:48:18+00:00\" \/>\n<meta property=\"og:image\" content=\"https:\/\/theuncommonshop.ch\/wp-content\/uploads\/2025\/05\/4244787034.jpg\" \/>\n\t<meta property=\"og:image:width\" content=\"405\" \/>\n\t<meta property=\"og:image:height\" content=\"800\" \/>\n\t<meta property=\"og:image:type\" content=\"image\/jpeg\" \/>\n<meta name=\"twitter:card\" content=\"summary_large_image\" \/>\n<meta name=\"twitter:label1\" content=\"Disponibilit\u00e9\" \/>\n\t<meta name=\"twitter:data1\" content=\"En stock\" \/>\n<script type=\"application\/ld+json\" class=\"yoast-schema-graph\">{\"@context\":\"https:\\\/\\\/schema.org\",\"@graph\":[{\"@type\":\"WebPage\",\"@id\":\"https:\\\/\\\/theuncommonshop.ch\\\/fr\\\/product\\\/pokemon-schwert-und-schild-v-battle-deck-gardevoir-v-2\\\/\",\"url\":\"https:\\\/\\\/theuncommonshop.ch\\\/fr\\\/product\\\/pokemon-schwert-und-schild-v-battle-deck-gardevoir-v-2\\\/\",\"name\":\"Ach\u00e8te Pok\u00e9mon - Ep\u00e9e et Bouclier - Battle Deck V - Gardevoir V\",\"isPartOf\":{\"@id\":\"https:\\\/\\\/theuncommonshop.ch\\\/#website\"},\"primaryImageOfPage\":{\"@id\":\"https:\\\/\\\/theuncommonshop.ch\\\/fr\\\/product\\\/pokemon-schwert-und-schild-v-battle-deck-gardevoir-v-2\\\/#primaryimage\"},\"image\":{\"@id\":\"https:\\\/\\\/theuncommonshop.ch\\\/fr\\\/product\\\/pokemon-schwert-und-schild-v-battle-deck-gardevoir-v-2\\\/#primaryimage\"},\"thumbnailUrl\":\"https:\\\/\\\/theuncommonshop.ch\\\/wp-content\\\/uploads\\\/2025\\\/05\\\/4244787034.jpg\",\"datePublished\":\"2025-06-12T13:59:49+00:00\",\"dateModified\":\"2026-03-30T10:48:18+00:00\",\"description\":\"Ach\u00e8te Pok\u00e9mon - Ep\u00e9e et Bouclier - Battle Deck V - Gardevoir V en ligne maintenant \u00e0 petit prix! Ton #1 shop pour cartes TCG & Pok\u00e9mon en Suisse \u2713 Livraison gratuite d\u00e8s CHF 29\",\"breadcrumb\":{\"@id\":\"https:\\\/\\\/theuncommonshop.ch\\\/fr\\\/product\\\/pokemon-schwert-und-schild-v-battle-deck-gardevoir-v-2\\\/#breadcrumb\"},\"inLanguage\":\"fr-FR\",\"potentialAction\":[{\"@type\":\"ReadAction\",\"target\":[\"https:\\\/\\\/theuncommonshop.ch\\\/fr\\\/product\\\/pokemon-schwert-und-schild-v-battle-deck-gardevoir-v-2\\\/\"]}]},{\"@type\":\"ImageObject\",\"inLanguage\":\"fr-FR\",\"@id\":\"https:\\\/\\\/theuncommonshop.ch\\\/fr\\\/product\\\/pokemon-schwert-und-schild-v-battle-deck-gardevoir-v-2\\\/#primaryimage\",\"url\":\"https:\\\/\\\/theuncommonshop.ch\\\/wp-content\\\/uploads\\\/2025\\\/05\\\/4244787034.jpg\",\"contentUrl\":\"https:\\\/\\\/theuncommonshop.ch\\\/wp-content\\\/uploads\\\/2025\\\/05\\\/4244787034.jpg\",\"width\":405,\"height\":800},{\"@type\":\"BreadcrumbList\",\"@id\":\"https:\\\/\\\/theuncommonshop.ch\\\/fr\\\/product\\\/pokemon-schwert-und-schild-v-battle-deck-gardevoir-v-2\\\/#breadcrumb\",\"itemListElement\":[{\"@type\":\"ListItem\",\"position\":1,\"name\":\"Accueil\",\"item\":\"https:\\\/\\\/theuncommonshop.ch\\\/fr\\\/accueil\\\/\"},{\"@type\":\"ListItem\",\"position\":2,\"name\":\"Boutique\",\"item\":\"https:\\\/\\\/theuncommonshop.ch\\\/fr\\\/boutique\\\/\"},{\"@type\":\"ListItem\",\"position\":3,\"name\":\"Pok\u00e9mon\",\"item\":\"https:\\\/\\\/theuncommonshop.ch\\\/produktkategorie\\\/pokemon\\\/\"},{\"@type\":\"ListItem\",\"position\":4,\"name\":\"Decks\",\"item\":\"https:\\\/\\\/theuncommonshop.ch\\\/produktkategorie\\\/pokemon\\\/decks\\\/\"},{\"@type\":\"ListItem\",\"position\":5,\"name\":\"Pok\u00e9mon &#8211; Ep\u00e9e et Bouclier &#8211; Battle Deck V &#8211; Gardevoir V\"}]},{\"@type\":\"WebSite\",\"@id\":\"https:\\\/\\\/theuncommonshop.ch\\\/#website\",\"url\":\"https:\\\/\\\/theuncommonshop.ch\\\/\",\"name\":\"Largest trading card shop in Switzerland\",\"description\":\"Magic, Pok\u00e9mon and Yu-gi-oh - The Uncommon Shop\",\"potentialAction\":[{\"@type\":\"SearchAction\",\"target\":{\"@type\":\"EntryPoint\",\"urlTemplate\":\"https:\\\/\\\/theuncommonshop.ch\\\/?s={search_term_string}\"},\"query-input\":{\"@type\":\"PropertyValueSpecification\",\"valueRequired\":true,\"valueName\":\"search_term_string\"}}],\"inLanguage\":\"fr-FR\"}]}<\/script>\n<meta property=\"og:availability\" content=\"instock\" \/>\n<meta property=\"product:availability\" content=\"instock\" \/>\n<meta property=\"product:retailer_item_id\" content=\"PO.XXIV.B.GardevVBatDeck.DE\" \/>\n<meta property=\"product:condition\" content=\"new\" \/>\n<!-- \/ Yoast SEO plugin. -->","yoast_head_json":{"title":"Ach\u00e8te Pok\u00e9mon - Ep\u00e9e et Bouclier - Battle Deck V - Gardevoir V","description":"Ach\u00e8te Pok\u00e9mon - Ep\u00e9e et Bouclier - Battle Deck V - Gardevoir V en ligne maintenant \u00e0 petit prix! Ton #1 shop pour cartes TCG & Pok\u00e9mon en Suisse \u2713 Livraison gratuite d\u00e8s CHF 29","robots":{"index":"index","follow":"follow","max-snippet":"max-snippet:-1","max-image-preview":"max-image-preview:large","max-video-preview":"max-video-preview:-1"},"canonical":"https:\/\/theuncommonshop.ch\/fr\/product\/pokemon-schwert-und-schild-v-battle-deck-gardevoir-v-2\/","og_locale":"fr_FR","og_type":"article","og_title":"Ach\u00e8te Pok\u00e9mon - Ep\u00e9e et Bouclier - Battle Deck V - Gardevoir V","og_description":"Ach\u00e8te Pok\u00e9mon - Ep\u00e9e et Bouclier - Battle Deck V - Gardevoir V en ligne maintenant \u00e0 petit prix! Ton #1 shop pour cartes TCG & Pok\u00e9mon en Suisse \u2713 Livraison gratuite d\u00e8s CHF 29","og_url":"https:\/\/theuncommonshop.ch\/fr\/product\/pokemon-schwert-und-schild-v-battle-deck-gardevoir-v-2\/","og_site_name":"Largest trading card shop in Switzerland","article_modified_time":"2026-03-30T10:48:18+00:00","og_image":[{"width":405,"height":800,"url":"https:\/\/theuncommonshop.ch\/wp-content\/uploads\/2025\/05\/4244787034.jpg","type":"image\/jpeg"}],"twitter_card":"summary_large_image","twitter_misc":{"Disponibilit\u00e9":"En stock"},"schema":{"@context":"https:\/\/schema.org","@graph":[{"@type":"WebPage","@id":"https:\/\/theuncommonshop.ch\/fr\/product\/pokemon-schwert-und-schild-v-battle-deck-gardevoir-v-2\/","url":"https:\/\/theuncommonshop.ch\/fr\/product\/pokemon-schwert-und-schild-v-battle-deck-gardevoir-v-2\/","name":"Ach\u00e8te Pok\u00e9mon - Ep\u00e9e et Bouclier - Battle Deck V - Gardevoir V","isPartOf":{"@id":"https:\/\/theuncommonshop.ch\/#website"},"primaryImageOfPage":{"@id":"https:\/\/theuncommonshop.ch\/fr\/product\/pokemon-schwert-und-schild-v-battle-deck-gardevoir-v-2\/#primaryimage"},"image":{"@id":"https:\/\/theuncommonshop.ch\/fr\/product\/pokemon-schwert-und-schild-v-battle-deck-gardevoir-v-2\/#primaryimage"},"thumbnailUrl":"https:\/\/theuncommonshop.ch\/wp-content\/uploads\/2025\/05\/4244787034.jpg","datePublished":"2025-06-12T13:59:49+00:00","dateModified":"2026-03-30T10:48:18+00:00","description":"Ach\u00e8te Pok\u00e9mon - Ep\u00e9e et Bouclier - Battle Deck V - Gardevoir V en ligne maintenant \u00e0 petit prix! Ton #1 shop pour cartes TCG & Pok\u00e9mon en Suisse \u2713 Livraison gratuite d\u00e8s CHF 29","breadcrumb":{"@id":"https:\/\/theuncommonshop.ch\/fr\/product\/pokemon-schwert-und-schild-v-battle-deck-gardevoir-v-2\/#breadcrumb"},"inLanguage":"fr-FR","potentialAction":[{"@type":"ReadAction","target":["https:\/\/theuncommonshop.ch\/fr\/product\/pokemon-schwert-und-schild-v-battle-deck-gardevoir-v-2\/"]}]},{"@type":"ImageObject","inLanguage":"fr-FR","@id":"https:\/\/theuncommonshop.ch\/fr\/product\/pokemon-schwert-und-schild-v-battle-deck-gardevoir-v-2\/#primaryimage","url":"https:\/\/theuncommonshop.ch\/wp-content\/uploads\/2025\/05\/4244787034.jpg","contentUrl":"https:\/\/theuncommonshop.ch\/wp-content\/uploads\/2025\/05\/4244787034.jpg","width":405,"height":800},{"@type":"BreadcrumbList","@id":"https:\/\/theuncommonshop.ch\/fr\/product\/pokemon-schwert-und-schild-v-battle-deck-gardevoir-v-2\/#breadcrumb","itemListElement":[{"@type":"ListItem","position":1,"name":"Accueil","item":"https:\/\/theuncommonshop.ch\/fr\/accueil\/"},{"@type":"ListItem","position":2,"name":"Boutique","item":"https:\/\/theuncommonshop.ch\/fr\/boutique\/"},{"@type":"ListItem","position":3,"name":"Pok\u00e9mon","item":"https:\/\/theuncommonshop.ch\/produktkategorie\/pokemon\/"},{"@type":"ListItem","position":4,"name":"Decks","item":"https:\/\/theuncommonshop.ch\/produktkategorie\/pokemon\/decks\/"},{"@type":"ListItem","position":5,"name":"Pok\u00e9mon &#8211; Ep\u00e9e et Bouclier &#8211; Battle Deck V &#8211; Gardevoir V"}]},{"@type":"WebSite","@id":"https:\/\/theuncommonshop.ch\/#website","url":"https:\/\/theuncommonshop.ch\/","name":"Largest trading card shop in Switzerland","description":"Magic, Pok\u00e9mon and Yu-gi-oh - The Uncommon Shop","potentialAction":[{"@type":"SearchAction","target":{"@type":"EntryPoint","urlTemplate":"https:\/\/theuncommonshop.ch\/?s={search_term_string}"},"query-input":{"@type":"PropertyValueSpecification","valueRequired":true,"valueName":"search_term_string"}}],"inLanguage":"fr-FR"}]},"og_availability":"instock","product_availability":"instock","product_retailer_item_id":"PO.XXIV.B.GardevVBatDeck.DE","product_condition":"new"},"_links":{"self":[{"href":"https:\/\/theuncommonshop.ch\/fr\/wp-json\/wp\/v2\/product\/318990","targetHints":{"allow":["GET"]}}],"collection":[{"href":"https:\/\/theuncommonshop.ch\/fr\/wp-json\/wp\/v2\/product"}],"about":[{"href":"https:\/\/theuncommonshop.ch\/fr\/wp-json\/wp\/v2\/types\/product"}],"replies":[{"embeddable":true,"href":"https:\/\/theuncommonshop.ch\/fr\/wp-json\/wp\/v2\/comments?post=318990"}],"version-history":[{"count":2,"href":"https:\/\/theuncommonshop.ch\/fr\/wp-json\/wp\/v2\/product\/318990\/revisions"}],"predecessor-version":[{"id":357635,"href":"https:\/\/theuncommonshop.ch\/fr\/wp-json\/wp\/v2\/product\/318990\/revisions\/357635"}],"wp:featuredmedia":[{"embeddable":true,"href":"https:\/\/theuncommonshop.ch\/fr\/wp-json\/wp\/v2\/media\/27866"}],"wp:attachment":[{"href":"https:\/\/theuncommonshop.ch\/fr\/wp-json\/wp\/v2\/media?parent=318990"}],"wp:term":[{"taxonomy":"product_brand","embeddable":true,"href":"https:\/\/theuncommonshop.ch\/fr\/wp-json\/wp\/v2\/product_brand?post=318990"},{"taxonomy":"product_cat","embeddable":true,"href":"https:\/\/theuncommonshop.ch\/fr\/wp-json\/wp\/v2\/product_cat?post=318990"},{"taxonomy":"product_tag","embeddable":true,"href":"https:\/\/theuncommonshop.ch\/fr\/wp-json\/wp\/v2\/product_tag?post=318990"}],"curies":[{"name":"wp","href":"https:\/\/api.w.org\/{rel}","templated":true}]}}