{"id":318850,"date":"2025-06-12T13:48:16","date_gmt":"2025-06-12T13:48:16","guid":{"rendered":"http:\/\/theuncommonshop.ch\/produkt\/318850\/"},"modified":"2026-03-28T22:05:46","modified_gmt":"2026-03-28T21:05:46","slug":"magic-dungeons-dragons-adventures-in-the-forgotten-realms-afr-set-booster-pack-2","status":"publish","type":"product","link":"https:\/\/theuncommonshop.ch\/fr\/product\/magic-dungeons-dragons-adventures-in-the-forgotten-realms-afr-set-booster-pack-2\/","title":{"rendered":"Magic &#8211; Dungeons &amp; Dragons : Adventures in the Forgotten Realms (AFR) &#8211; Set Booster Pack"},"content":{"rendered":"<p>Le Hauptset de la rotation standard 2021-2022 a \u00e9t\u00e9 remplac\u00e9 par Dungeons &amp; Dragons: : Adventures in the Forgotten Realms, un set crossover Dungeons &amp; Dragons pour Magic : The Gathering. Il a \u00e9t\u00e9 publi\u00e9 le 23 juillet 2021 en tant que 88e extension de Magic. Les graphismes des cartes racontent une histoire et le texte de description mentionne plusieurs personnages populaires de D&amp;D.  <\/p>\n<p>Au d\u00e9part, les pays de base de ce set contiennent des textes de saveur. Ceux-ci sont \u00e9crits dans le style d&#8217;une description de Dungeon Master. Le &#8220;cadre de livre de r\u00e8gles traditionnel&#8221; pour les cartes de pr\u00e9sentation s&#8217;inspire de l&#8217;apparence et de la sensation des images du Monster Manual original de Dungeons &amp; Dragons. Plusieurs nouvelles m\u00e9caniques ont \u00e9t\u00e9 introduites dans Dungeons &amp; Dragons : Adventures in the Forgotten Realms introduites :   <\/p>\n<ul>\n<li>Lancer de d\u00e9 : Le lancer de d\u00e9 est la premi\u00e8re fois que des d\u00e9s sont lanc\u00e9s dans la magie entour\u00e9e de noir, et le d20 conventionnel de D&amp;D est utilis\u00e9 pour ajouter du hasard et de l&#8217;excitation \u00e0 l&#8217;ensemble.<\/li>\n<li>Venture into the Dungeon : L&#8217;action de mot-cl\u00e9 Osez entrer dans le donjon est utilis\u00e9e en conjonction avec le nouveau type de carte &#8220;Donjon&#8221;. Chaque fois que le joueur lance un sort ou utilise une capacit\u00e9 avec l&#8217;action mot-cl\u00e9 &#8220;Oser&#8221;, il doit explorer un nouveau niveau du Dungeon (et un effet qui se d\u00e9clenche)&#8221;. <\/li>\n<li>Pack Tactics : Tactique de meute est un m\u00e9canisme qui d\u00e9clenche un effet lorsque les cr\u00e9atures attaquent avec une force combin\u00e9e de 6 ou plus et qui n&#8217;appara\u00eet que sur les cartes rouges et vertes. Ce m\u00e9canisme est similaire \u00e0 la m\u00e9canique de fanfaronnade introduite dans Kaldheim et fonctionne en synergie avec les strat\u00e9gies aggro. <\/li>\n<\/ul>\n<p>Un Booster de set Aventures dans les Forgotten Realms contient 12 cartes jouables :<\/p>\n<ul>\n<li>Au moins 1 Rare ou Mythic, mais jusqu&#8217;\u00e0 4 (environ 27% des aventures dans les Forgotten Realms Set Booster contiennent 2 Rares ou Mythic, 3% en contiennent 3 et moins de 1% en contiennent 4).<\/li>\n<li>1 carte Foil garantie<\/li>\n<li>1 Art Card<\/li>\n<li>1 Pays de base<\/li>\n<li>1 \u00e0 8 Commons<\/li>\n<li>1 \u00e0 8 Uncommons<\/li>\n<li>25% de chances de recevoir une carte de The List<\/li>\n<\/ul>\n","protected":false},"excerpt":{"rendered":"<p>Le Hauptset de la rotation standard 2021-2022 a \u00e9t\u00e9 remplac\u00e9 par Dungeons &amp; Dragons: : Adventures in the Forgotten Realms,<\/p>\n","protected":false},"featured_media":27334,"comment_status":"open","ping_status":"closed","template":"","meta":{"_acf_changed":false},"product_brand":[5158,5070],"product_cat":[9985,10237,9967,9991],"product_tag":[],"class_list":{"0":"post-318850","1":"product","2":"type-product","3":"status-publish","4":"has-post-thumbnail","6":"product_brand-magic-the-gathering","7":"product_brand-wizards-of-the-coast","8":"product_cat-booster-packs-fr","9":"product_cat-dungeons-et-dragons-aventures-dans-les-royaumes-oublies","10":"product_cat-magic-the-gathering-fr","11":"product_cat-produits-par-lots-mtg","13":"first","14":"outofstock","15":"taxable","16":"shipping-taxable","17":"purchasable","18":"product-type-variable"},"acf":[],"yoast_head":"<!-- This site is optimized with the Yoast SEO plugin v27.4 - https:\/\/yoast.com\/product\/yoast-seo-wordpress\/ -->\n<title>Ach\u00e8te Magic - Dungeons &amp; Dragons : Adventures in the Forgotten Realms (AFR) - Set Booster Pack<\/title>\n<meta name=\"description\" content=\"Ach\u00e8te Magic - Dungeons &amp; Dragons : Adventures in the Forgotten Realms (AFR) - Set Booster Pack en ligne maintenant \u00e0 petit prix! Ton #1 shop pour cartes TCG &amp; Pok\u00e9mon en Suisse \u2713 Livraison gratuite d\u00e8s CHF 29\" \/>\n<meta name=\"robots\" content=\"index, follow, max-snippet:-1, max-image-preview:large, max-video-preview:-1\" \/>\n<link rel=\"canonical\" href=\"https:\/\/theuncommonshop.ch\/fr\/product\/magic-dungeons-dragons-adventures-in-the-forgotten-realms-afr-set-booster-pack-2\/\" \/>\n<meta property=\"og:locale\" content=\"fr_FR\" \/>\n<meta property=\"og:type\" content=\"article\" \/>\n<meta property=\"og:title\" content=\"Ach\u00e8te Magic - Dungeons &amp; Dragons : Adventures in the Forgotten Realms (AFR) - Set Booster Pack\" \/>\n<meta property=\"og:description\" content=\"Ach\u00e8te Magic - Dungeons &amp; Dragons : Adventures in the Forgotten Realms (AFR) - Set Booster Pack en ligne maintenant \u00e0 petit prix! Ton #1 shop pour cartes TCG &amp; Pok\u00e9mon en Suisse \u2713 Livraison gratuite d\u00e8s CHF 29\" \/>\n<meta property=\"og:url\" content=\"https:\/\/theuncommonshop.ch\/fr\/product\/magic-dungeons-dragons-adventures-in-the-forgotten-realms-afr-set-booster-pack-2\/\" \/>\n<meta property=\"og:site_name\" content=\"Largest trading card shop in Switzerland\" \/>\n<meta property=\"article:modified_time\" content=\"2026-03-28T21:05:46+00:00\" \/>\n<meta property=\"og:image\" content=\"https:\/\/theuncommonshop.ch\/wp-content\/uploads\/2025\/05\/2272399864.jpg\" \/>\n\t<meta property=\"og:image:width\" content=\"900\" \/>\n\t<meta property=\"og:image:height\" content=\"1599\" \/>\n\t<meta property=\"og:image:type\" content=\"image\/jpeg\" \/>\n<meta name=\"twitter:card\" content=\"summary_large_image\" \/>\n<meta name=\"twitter:label1\" content=\"Disponibilit\u00e9\" \/>\n\t<meta name=\"twitter:data1\" content=\"Rupture de stock\" \/>\n<script type=\"application\/ld+json\" class=\"yoast-schema-graph\">{\"@context\":\"https:\\\/\\\/schema.org\",\"@graph\":[{\"@type\":\"WebPage\",\"@id\":\"https:\\\/\\\/theuncommonshop.ch\\\/fr\\\/product\\\/magic-dungeons-dragons-adventures-in-the-forgotten-realms-afr-set-booster-pack-2\\\/\",\"url\":\"https:\\\/\\\/theuncommonshop.ch\\\/fr\\\/product\\\/magic-dungeons-dragons-adventures-in-the-forgotten-realms-afr-set-booster-pack-2\\\/\",\"name\":\"Ach\u00e8te Magic - Dungeons &amp; Dragons : Adventures in the Forgotten Realms (AFR) - Set Booster Pack\",\"isPartOf\":{\"@id\":\"https:\\\/\\\/theuncommonshop.ch\\\/#website\"},\"primaryImageOfPage\":{\"@id\":\"https:\\\/\\\/theuncommonshop.ch\\\/fr\\\/product\\\/magic-dungeons-dragons-adventures-in-the-forgotten-realms-afr-set-booster-pack-2\\\/#primaryimage\"},\"image\":{\"@id\":\"https:\\\/\\\/theuncommonshop.ch\\\/fr\\\/product\\\/magic-dungeons-dragons-adventures-in-the-forgotten-realms-afr-set-booster-pack-2\\\/#primaryimage\"},\"thumbnailUrl\":\"https:\\\/\\\/theuncommonshop.ch\\\/wp-content\\\/uploads\\\/2025\\\/05\\\/2272399864.jpg\",\"datePublished\":\"2025-06-12T13:48:16+00:00\",\"dateModified\":\"2026-03-28T21:05:46+00:00\",\"description\":\"Ach\u00e8te Magic - Dungeons &amp; Dragons : Adventures in the Forgotten Realms (AFR) - Set Booster Pack en ligne maintenant \u00e0 petit prix! Ton #1 shop pour cartes TCG & Pok\u00e9mon en Suisse \u2713 Livraison gratuite d\u00e8s CHF 29\",\"breadcrumb\":{\"@id\":\"https:\\\/\\\/theuncommonshop.ch\\\/fr\\\/product\\\/magic-dungeons-dragons-adventures-in-the-forgotten-realms-afr-set-booster-pack-2\\\/#breadcrumb\"},\"inLanguage\":\"fr-FR\",\"potentialAction\":[{\"@type\":\"ReadAction\",\"target\":[\"https:\\\/\\\/theuncommonshop.ch\\\/fr\\\/product\\\/magic-dungeons-dragons-adventures-in-the-forgotten-realms-afr-set-booster-pack-2\\\/\"]}]},{\"@type\":\"ImageObject\",\"inLanguage\":\"fr-FR\",\"@id\":\"https:\\\/\\\/theuncommonshop.ch\\\/fr\\\/product\\\/magic-dungeons-dragons-adventures-in-the-forgotten-realms-afr-set-booster-pack-2\\\/#primaryimage\",\"url\":\"https:\\\/\\\/theuncommonshop.ch\\\/wp-content\\\/uploads\\\/2025\\\/05\\\/2272399864.jpg\",\"contentUrl\":\"https:\\\/\\\/theuncommonshop.ch\\\/wp-content\\\/uploads\\\/2025\\\/05\\\/2272399864.jpg\",\"width\":900,\"height\":1599},{\"@type\":\"BreadcrumbList\",\"@id\":\"https:\\\/\\\/theuncommonshop.ch\\\/fr\\\/product\\\/magic-dungeons-dragons-adventures-in-the-forgotten-realms-afr-set-booster-pack-2\\\/#breadcrumb\",\"itemListElement\":[{\"@type\":\"ListItem\",\"position\":1,\"name\":\"Accueil\",\"item\":\"https:\\\/\\\/theuncommonshop.ch\\\/fr\\\/accueil\\\/\"},{\"@type\":\"ListItem\",\"position\":2,\"name\":\"Boutique\",\"item\":\"https:\\\/\\\/theuncommonshop.ch\\\/fr\\\/boutique\\\/\"},{\"@type\":\"ListItem\",\"position\":3,\"name\":\"Magic the Gathering\",\"item\":\"https:\\\/\\\/theuncommonshop.ch\\\/fr\\\/categorie-produit\\\/magic-the-gathering-fr\\\/\"},{\"@type\":\"ListItem\",\"position\":4,\"name\":\"Produits par lots\",\"item\":\"https:\\\/\\\/theuncommonshop.ch\\\/fr\\\/categorie-produit\\\/magic-the-gathering-fr\\\/produits-par-lots-mtg\\\/\"},{\"@type\":\"ListItem\",\"position\":5,\"name\":\"Dungeons & Dragons : aventures dans les Royaumes Oubli\u00e9s\",\"item\":\"https:\\\/\\\/theuncommonshop.ch\\\/fr\\\/categorie-produit\\\/magic-the-gathering-fr\\\/produits-par-lots-mtg\\\/dungeons-et-dragons-aventures-dans-les-royaumes-oublies\\\/\"},{\"@type\":\"ListItem\",\"position\":6,\"name\":\"Magic &#8211; Dungeons &amp; Dragons : Adventures in the Forgotten Realms (AFR) &#8211; Set Booster Pack\"}]},{\"@type\":\"WebSite\",\"@id\":\"https:\\\/\\\/theuncommonshop.ch\\\/#website\",\"url\":\"https:\\\/\\\/theuncommonshop.ch\\\/\",\"name\":\"Largest trading card shop in Switzerland\",\"description\":\"Magic, Pok\u00e9mon and Yu-gi-oh - The Uncommon Shop\",\"potentialAction\":[{\"@type\":\"SearchAction\",\"target\":{\"@type\":\"EntryPoint\",\"urlTemplate\":\"https:\\\/\\\/theuncommonshop.ch\\\/?s={search_term_string}\"},\"query-input\":{\"@type\":\"PropertyValueSpecification\",\"valueRequired\":true,\"valueName\":\"search_term_string\"}}],\"inLanguage\":\"fr-FR\"}]}<\/script>\n<meta property=\"og:availability\" content=\"out of stock\" \/>\n<meta property=\"product:availability\" content=\"out of stock\" \/>\n<meta property=\"product:condition\" content=\"new\" \/>\n<!-- \/ Yoast SEO plugin. -->","yoast_head_json":{"title":"Ach\u00e8te Magic - Dungeons &amp; Dragons : Adventures in the Forgotten Realms (AFR) - Set Booster Pack","description":"Ach\u00e8te Magic - Dungeons &amp; Dragons : Adventures in the Forgotten Realms (AFR) - Set Booster Pack en ligne maintenant \u00e0 petit prix! Ton #1 shop pour cartes TCG & Pok\u00e9mon en Suisse \u2713 Livraison gratuite d\u00e8s CHF 29","robots":{"index":"index","follow":"follow","max-snippet":"max-snippet:-1","max-image-preview":"max-image-preview:large","max-video-preview":"max-video-preview:-1"},"canonical":"https:\/\/theuncommonshop.ch\/fr\/product\/magic-dungeons-dragons-adventures-in-the-forgotten-realms-afr-set-booster-pack-2\/","og_locale":"fr_FR","og_type":"article","og_title":"Ach\u00e8te Magic - Dungeons &amp; Dragons : Adventures in the Forgotten Realms (AFR) - Set Booster Pack","og_description":"Ach\u00e8te Magic - Dungeons &amp; Dragons : Adventures in the Forgotten Realms (AFR) - Set Booster Pack en ligne maintenant \u00e0 petit prix! Ton #1 shop pour cartes TCG & Pok\u00e9mon en Suisse \u2713 Livraison gratuite d\u00e8s CHF 29","og_url":"https:\/\/theuncommonshop.ch\/fr\/product\/magic-dungeons-dragons-adventures-in-the-forgotten-realms-afr-set-booster-pack-2\/","og_site_name":"Largest trading card shop in Switzerland","article_modified_time":"2026-03-28T21:05:46+00:00","og_image":[{"width":900,"height":1599,"url":"https:\/\/theuncommonshop.ch\/wp-content\/uploads\/2025\/05\/2272399864.jpg","type":"image\/jpeg"}],"twitter_card":"summary_large_image","twitter_misc":{"Disponibilit\u00e9":"Rupture de stock"},"schema":{"@context":"https:\/\/schema.org","@graph":[{"@type":"WebPage","@id":"https:\/\/theuncommonshop.ch\/fr\/product\/magic-dungeons-dragons-adventures-in-the-forgotten-realms-afr-set-booster-pack-2\/","url":"https:\/\/theuncommonshop.ch\/fr\/product\/magic-dungeons-dragons-adventures-in-the-forgotten-realms-afr-set-booster-pack-2\/","name":"Ach\u00e8te Magic - Dungeons &amp; Dragons : Adventures in the Forgotten Realms (AFR) - Set Booster Pack","isPartOf":{"@id":"https:\/\/theuncommonshop.ch\/#website"},"primaryImageOfPage":{"@id":"https:\/\/theuncommonshop.ch\/fr\/product\/magic-dungeons-dragons-adventures-in-the-forgotten-realms-afr-set-booster-pack-2\/#primaryimage"},"image":{"@id":"https:\/\/theuncommonshop.ch\/fr\/product\/magic-dungeons-dragons-adventures-in-the-forgotten-realms-afr-set-booster-pack-2\/#primaryimage"},"thumbnailUrl":"https:\/\/theuncommonshop.ch\/wp-content\/uploads\/2025\/05\/2272399864.jpg","datePublished":"2025-06-12T13:48:16+00:00","dateModified":"2026-03-28T21:05:46+00:00","description":"Ach\u00e8te Magic - Dungeons &amp; Dragons : Adventures in the Forgotten Realms (AFR) - Set Booster Pack en ligne maintenant \u00e0 petit prix! Ton #1 shop pour cartes TCG & Pok\u00e9mon en Suisse \u2713 Livraison gratuite d\u00e8s CHF 29","breadcrumb":{"@id":"https:\/\/theuncommonshop.ch\/fr\/product\/magic-dungeons-dragons-adventures-in-the-forgotten-realms-afr-set-booster-pack-2\/#breadcrumb"},"inLanguage":"fr-FR","potentialAction":[{"@type":"ReadAction","target":["https:\/\/theuncommonshop.ch\/fr\/product\/magic-dungeons-dragons-adventures-in-the-forgotten-realms-afr-set-booster-pack-2\/"]}]},{"@type":"ImageObject","inLanguage":"fr-FR","@id":"https:\/\/theuncommonshop.ch\/fr\/product\/magic-dungeons-dragons-adventures-in-the-forgotten-realms-afr-set-booster-pack-2\/#primaryimage","url":"https:\/\/theuncommonshop.ch\/wp-content\/uploads\/2025\/05\/2272399864.jpg","contentUrl":"https:\/\/theuncommonshop.ch\/wp-content\/uploads\/2025\/05\/2272399864.jpg","width":900,"height":1599},{"@type":"BreadcrumbList","@id":"https:\/\/theuncommonshop.ch\/fr\/product\/magic-dungeons-dragons-adventures-in-the-forgotten-realms-afr-set-booster-pack-2\/#breadcrumb","itemListElement":[{"@type":"ListItem","position":1,"name":"Accueil","item":"https:\/\/theuncommonshop.ch\/fr\/accueil\/"},{"@type":"ListItem","position":2,"name":"Boutique","item":"https:\/\/theuncommonshop.ch\/fr\/boutique\/"},{"@type":"ListItem","position":3,"name":"Magic the Gathering","item":"https:\/\/theuncommonshop.ch\/fr\/categorie-produit\/magic-the-gathering-fr\/"},{"@type":"ListItem","position":4,"name":"Produits par lots","item":"https:\/\/theuncommonshop.ch\/fr\/categorie-produit\/magic-the-gathering-fr\/produits-par-lots-mtg\/"},{"@type":"ListItem","position":5,"name":"Dungeons & Dragons : aventures dans les Royaumes Oubli\u00e9s","item":"https:\/\/theuncommonshop.ch\/fr\/categorie-produit\/magic-the-gathering-fr\/produits-par-lots-mtg\/dungeons-et-dragons-aventures-dans-les-royaumes-oublies\/"},{"@type":"ListItem","position":6,"name":"Magic &#8211; Dungeons &amp; Dragons : Adventures in the Forgotten Realms (AFR) &#8211; Set Booster Pack"}]},{"@type":"WebSite","@id":"https:\/\/theuncommonshop.ch\/#website","url":"https:\/\/theuncommonshop.ch\/","name":"Largest trading card shop in Switzerland","description":"Magic, Pok\u00e9mon and Yu-gi-oh - The Uncommon Shop","potentialAction":[{"@type":"SearchAction","target":{"@type":"EntryPoint","urlTemplate":"https:\/\/theuncommonshop.ch\/?s={search_term_string}"},"query-input":{"@type":"PropertyValueSpecification","valueRequired":true,"valueName":"search_term_string"}}],"inLanguage":"fr-FR"}]},"og_availability":"out of stock","product_availability":"out of stock","product_condition":"new"},"_links":{"self":[{"href":"https:\/\/theuncommonshop.ch\/fr\/wp-json\/wp\/v2\/product\/318850","targetHints":{"allow":["GET"]}}],"collection":[{"href":"https:\/\/theuncommonshop.ch\/fr\/wp-json\/wp\/v2\/product"}],"about":[{"href":"https:\/\/theuncommonshop.ch\/fr\/wp-json\/wp\/v2\/types\/product"}],"replies":[{"embeddable":true,"href":"https:\/\/theuncommonshop.ch\/fr\/wp-json\/wp\/v2\/comments?post=318850"}],"version-history":[{"count":2,"href":"https:\/\/theuncommonshop.ch\/fr\/wp-json\/wp\/v2\/product\/318850\/revisions"}],"predecessor-version":[{"id":357650,"href":"https:\/\/theuncommonshop.ch\/fr\/wp-json\/wp\/v2\/product\/318850\/revisions\/357650"}],"wp:featuredmedia":[{"embeddable":true,"href":"https:\/\/theuncommonshop.ch\/fr\/wp-json\/wp\/v2\/media\/27334"}],"wp:attachment":[{"href":"https:\/\/theuncommonshop.ch\/fr\/wp-json\/wp\/v2\/media?parent=318850"}],"wp:term":[{"taxonomy":"product_brand","embeddable":true,"href":"https:\/\/theuncommonshop.ch\/fr\/wp-json\/wp\/v2\/product_brand?post=318850"},{"taxonomy":"product_cat","embeddable":true,"href":"https:\/\/theuncommonshop.ch\/fr\/wp-json\/wp\/v2\/product_cat?post=318850"},{"taxonomy":"product_tag","embeddable":true,"href":"https:\/\/theuncommonshop.ch\/fr\/wp-json\/wp\/v2\/product_tag?post=318850"}],"curies":[{"name":"wp","href":"https:\/\/api.w.org\/{rel}","templated":true}]}}